{"id":12248,"date":"2018-09-24T14:05:35","date_gmt":"2018-09-24T12:05:35","guid":{"rendered":"https:\/\/www.veltec.eu\/kirby-webshop\/kirby-g4-nl3146\/"},"modified":"2026-02-10T08:26:44","modified_gmt":"2026-02-10T06:26:44","slug":"kirby-g4-basico-nl3146","status":"publish","type":"product","link":"https:\/\/www.veltec.eu\/es\/product\/kirby-g4-basico-nl3146\/","title":{"rendered":"Kirby G4 B\u00e1sico"},"content":{"rendered":"<h1>Kirby G4 B\u00e1sico: Aspiradora fiable y Revisado en taller<\/h1>\n<p data-start=\"181\" data-end=\"645\">\u00bfPor qu\u00e9 elegir el Kirby G4 B\u00e1sico? \u00bfBusca un aspirador potente que dure a\u00f1os, pero que siga siendo asequible? Entonces, el Kirby G4 es justo lo que necesita. Este aspirador Kirby Revisado en taller combina la conocida calidad de Kirby con un precio hasta un 80\u202f% m\u00e1s bajo que el de un modelo nuevo. \u00bfPor qu\u00e9 pagar m\u00e1s si puede obtener el mismo rendimiento por menos?<\/p>\n<p data-start=\"647\" data-end=\"723\"><a href=\"https:\/\/www.veltec.eu\/es\/kirby-revisado-en-taller\/\" target=\"_blank\" rel=\"noopener\">Aqu\u00ed encontrar\u00e1 todas las aspiradoras Kirby nuevas y Revisado en taller.<\/a><\/p>\n<h2>\u00bfQu\u00e9 hace que la Kirby G4 B\u00e1sico sea \u00fanica?<\/h2>\n<p data-start=\"819\" data-end=\"1113\">\u00bfCu\u00e1les son los principales ventajas del Kirby G4 B\u00e1sico? Este modelo, fabricado entre 1993 y 1997, es conocido por su potente motor y sus materiales duraderos. Gracias a su inteligente sistema de filtrado, el Kirby G4 elimina incluso las part\u00edculas de polvo y los al\u00e9rgenos m\u00e1s peque\u00f1os.<\/p>\n<p data-start=\"1115\" data-end=\"1334\">\u00bfSe puede utilizar esta aspiradora en varios tipos de suelos? \u00a1Por supuesto! Desde alfombras y suelos de madera hasta muebles y tapices, este aspirador Kirby Revisado en taller siempre ofrece un resultado impecable.<\/p>\n<h2>El proceso de revisi\u00f3n del Kirby G4 B\u00e1sico\u00a0 \u00a0 \u00a0 <img decoding=\"async\" class=\"alignright wp-image-85976 \" src=\"https:\/\/www.veltec.eu\/wp-content\/uploads\/2018\/09\/Kirby-refurbished-1-180x180.png\" alt=\"Kirby G4 B\u00e1sico\" width=\"224\" height=\"224\" srcset=\"https:\/\/www.veltec.eu\/wp-content\/uploads\/2018\/09\/Kirby-refurbished-1-180x180.png 180w, https:\/\/www.veltec.eu\/wp-content\/uploads\/2018\/09\/Kirby-refurbished-1-300x300.png 300w, https:\/\/www.veltec.eu\/wp-content\/uploads\/2018\/09\/Kirby-refurbished-1-80x80.png 80w, https:\/\/www.veltec.eu\/wp-content\/uploads\/2018\/09\/Kirby-refurbished-1-36x36.png 36w, https:\/\/www.veltec.eu\/wp-content\/uploads\/2018\/09\/Kirby-refurbished-1-120x120.png 120w, https:\/\/www.veltec.eu\/wp-content\/uploads\/2018\/09\/Kirby-refurbished-1-450x450.png 450w, https:\/\/www.veltec.eu\/wp-content\/uploads\/2018\/09\/Kirby-refurbished-1-600x600.png 600w, https:\/\/www.veltec.eu\/wp-content\/uploads\/2018\/09\/Kirby-refurbished-1-100x100.png 100w, https:\/\/www.veltec.eu\/wp-content\/uploads\/2018\/09\/Kirby-refurbished-1.png 626w\" sizes=\"(max-width: 224px) 100vw, 224px\" \/><\/h2>\n<p data-start=\"1392\" data-end=\"1697\">\u00bfPor qu\u00e9 comprar online un Kirby G4 Revisado en taller? Todos nuestros modelos se importan directamente desde Inglaterra, a menudo son modelos de demostraci\u00f3n de distribuidores autorizados. En nuestro taller, cada aspirador se somete a una inspecci\u00f3n exhaustiva.<\/p>\n<h3>\u00bfQu\u00e9 pasos se siguen?<\/h3>\n<ul data-start=\"1729\" data-end=\"1973\">\n<li data-start=\"1729\" data-end=\"1792\">Inspecci\u00f3n: cada pieza se somete a pruebas exhaustivas.<\/li>\n<li data-start=\"1793\" data-end=\"1892\">Reparaci\u00f3n y sustituci\u00f3n: las piezas desgastadas se sustituyen por piezas originales Kirby.<\/li>\n<li data-start=\"1893\" data-end=\"1973\">Pulido y limpieza: la carcasa y los accesorios se renuevan por completo.<\/li>\n<\/ul>\n<p data-start=\"1975\" data-end=\"2136\">Este proceso garantiza que recibir\u00e1 un Kirby G4 B\u00e1sico con garant\u00eda que funciona perfectamente desde el punto de vista t\u00e9cnico y tiene un aspecto casi nuevo.<\/p>\n<h2>\u00bfPor qu\u00e9 comprar la Kirby G4 B\u00e1sico en nuestra tienda online?<\/h2>\n<p data-start=\"2213\" data-end=\"2264\">Cuatro buenas razones para hacer tu pedido ahora:<\/p>\n<ul data-start=\"2265\" data-end=\"2634\">\n<li data-start=\"2265\" data-end=\"2335\">El mejor precio: hasta un 80\u202f% m\u00e1s barato que un modelo nuevo.<\/li>\n<li data-start=\"2336\" data-end=\"2408\">Larga vida \u00fatil: Kirby es conocida por su robustez y fiabilidad.<\/li>\n<li data-start=\"2409\" data-end=\"2510\">Excelente rendimiento: potente motor y avanzado sistema de filtrado para una limpieza \u00f3ptima.<\/li>\n<li data-start=\"2511\" data-end=\"2634\">Sostenible y respetuoso con el medio ambiente: al elegir un modelo Revisado en taller, contribuye al reciclaje.<\/li>\n<\/ul>\n<p data-start=\"2636\" data-end=\"2869\">\u00bfEs el Kirby G4 B\u00e1sico adecuado para cualquier hogar? \u00a1S\u00ed! Con su gran potencia de succi\u00f3n y su amplio paquete de accesorios, este aspirador es ideal para familias, propietarios de mascotas e incluso profesionales de la limpieza.<\/p>\n<p data-start=\"2636\" data-end=\"2869\">Encuentre aqu\u00ed m\u00e1s informaci\u00f3n sobre <a href=\"https:\/\/www.servicio-de-aspiradoras-kirby.es\/aspiradora-kirby-comprar\/\" target=\"_blank\" rel=\"noopener\">Todo lo que necesita saber sobre la compra de una aspiradora Kirby<\/a>.<\/p>\n<h2>Kirby G4 B\u00e1sico con garant\u00eda<\/h2>\n<p data-start=\"3000\" data-end=\"3060\">Con la compra, recibir\u00e1 12 meses de garant\u00eda completa.<\/p>\n<p data-start=\"3062\" data-end=\"3090\">Adem\u00e1s, recibir\u00e1 de serie:<\/p>\n<ul data-start=\"3091\" data-end=\"3223\">\n<li data-start=\"3091\" data-end=\"3150\">Una caja de almacenamiento de 16 piezas con accesorios.<\/li>\n<li data-start=\"3151\" data-end=\"3223\">Una boquilla ancha con cepillo y una bolsa exterior Kirby patentada.<\/li>\n<\/ul>\n<p>\u00bfDesea m\u00e1s opciones? Puede pedir f\u00e1cilmente accesorios y piezas adicionales en l\u00ednea en nuestra <a href=\"https:\/\/www.veltec.eu\/es\/tienda-kirby\/\" target=\"_blank\" rel=\"noopener\">Tienda Kirby.<\/a><\/p>\n<p>La caja de almacenamiento de 16 piezas;<\/p>\n<div id=\"attachment_5503\" style=\"width: 582px\" class=\"wp-caption alignnone\"><img decoding=\"async\" aria-describedby=\"caption-attachment-5503\" class=\"wp-image-5503 size-full\" src=\"https:\/\/www.veltec.eu\/wp-content\/uploads\/2018\/10\/kit_2.jpg\" alt=\"Kirby G4\" width=\"572\" height=\"406\" srcset=\"https:\/\/www.veltec.eu\/wp-content\/uploads\/2018\/10\/kit_2.jpg 572w, https:\/\/www.veltec.eu\/wp-content\/uploads\/2018\/10\/kit_2-300x213.jpg 300w, https:\/\/www.veltec.eu\/wp-content\/uploads\/2018\/10\/kit_2-260x185.jpg 260w\" sizes=\"(max-width: 572px) 100vw, 572px\" \/><p id=\"caption-attachment-5503\" class=\"wp-caption-text\">Kirby G4 B\u00e1sico<\/p><\/div>\n<p>\u00bfDesea comprar una aspiradora potente, duradera y asequible? No espere m\u00e1s y elija el Kirby G4 B\u00e1sico. Con su alto rendimiento, larga vida \u00fatil y precio competitivo, es la soluci\u00f3n ideal para un hogar limpio y saludable. Haga su pedido hoy mismo y reciba su Kirby G4 en su domicilio en un plazo de 5 a 10 d\u00edas laborables.<\/p>\n<p>*La aspiradora Kirby se suministra con un enchufe europeo; para utilizarla en el Reino Unido, necesitar\u00e1 un adaptador o un enchufe nuevo.<\/p>\n<p><a href=\"https:\/\/www.veltec.eu\/es\/comprar-kirby-g4\/\" target=\"_blank\" rel=\"noopener\">Haga clic aqu\u00ed para obtener m\u00e1s informaci\u00f3n sobre la Kirby G4.<\/a><\/p>\n","protected":false},"excerpt":{"rendered":"<p>El Kirby G4 B\u00e1sico es una aspiradora Revisado en taller, potente y duradera, ideal para alfombras, suelos de madera y muebles. Perfecta para familias, mascotas y profesionales de la limpieza.<\/p>\n[trustindex data-widget-id=48bbd87242952812953642309d4]\n<h3><span style=\"color: #008000;\"><br \/>\nEn stock<\/span><\/h3>\n[av_font_icon icon='ue812' font='entypo-fontello' style='' caption='' size='25px' position='left' color='#43ad66' link='' linktarget='' title_attr='' sonar_effect_effect='' sonar_effect_color='' sonar_effect_duration='1' sonar_effect_scale='' sonar_effect_opac='0.5' animation='' id='' custom_class='' template_class='' av_uid='' sc_version='1.0' admin_preview_bg=''][\/av_font_icon]\n<p><span style=\"color: #008000;\">El plazo de entrega oscila entre 5 y 10 d\u00edas laborables.<\/span><\/p>\n<p>&nbsp;<\/p>\n","protected":false},"featured_media":85961,"comment_status":"open","ping_status":"closed","template":"","meta":[],"product_brand":[],"product_cat":[40],"product_tag":[],"class_list":{"0":"post-12248","1":"product","2":"type-product","3":"status-publish","4":"has-post-thumbnail","6":"product_cat-kirby-stofzuigers-gereconditioneerd","7":"product_shipping_class-gr","9":"first","10":"instock","11":"sale","12":"taxable","13":"shipping-taxable","14":"purchasable","15":"product-type-simple"},"yoast_head":"<!-- This site is optimized with the Yoast SEO Premium plugin v27.1 (Yoast SEO v27.3) - https:\/\/yoast.com\/product\/yoast-seo-premium-wordpress\/ -->\n<title>Kirby G4 B\u00e1sico \u2013 Aspiradora Revisado en taller potente<\/title>\n<meta name=\"description\" content=\"El Kirby G4 B\u00e1sico Revisado en taller ofrece alto rendimiento, larga duraci\u00f3n y hasta un 80\u202f% m\u00e1s barato que un modelo nuevo. Garant\u00eda 12 meses incluida.\" \/>\n<meta name=\"robots\" content=\"index, follow, max-snippet:-1, max-image-preview:large, max-video-preview:-1\" \/>\n<link rel=\"canonical\" href=\"https:\/\/www.veltec.eu\/es\/product\/kirby-g4-basico-nl3146\/\" \/>\n<meta property=\"og:locale\" content=\"es_ES\" \/>\n<meta property=\"og:type\" content=\"article\" \/>\n<meta property=\"og:title\" content=\"Kirby G4 B\u00e1sico\" \/>\n<meta property=\"og:description\" content=\"El Kirby G4 B\u00e1sico es una aspiradora Revisado en taller, potente y duradera, ideal para alfombras, suelos de madera y muebles. Perfecta para familias, mascotas y profesionales de la limpieza.    En stock   El plazo de entrega oscila entre 5 y 10 d\u00edas laborables.  &nbsp;\" \/>\n<meta property=\"og:url\" content=\"https:\/\/www.veltec.eu\/es\/product\/kirby-g4-basico-nl3146\/\" \/>\n<meta property=\"og:site_name\" content=\"Veltec Kirby specialist\" \/>\n<meta property=\"article:publisher\" content=\"https:\/\/www.facebook.com\/Veltec-Kirby-Specialist-236746293374877\/\" \/>\n<meta property=\"article:modified_time\" content=\"2026-02-10T06:26:44+00:00\" \/>\n<meta property=\"og:image\" content=\"https:\/\/www.veltec.eu\/wp-content\/uploads\/2018\/09\/kirby-g4-2-1-1-1.png\" \/>\n\t<meta property=\"og:image:width\" content=\"600\" \/>\n\t<meta property=\"og:image:height\" content=\"600\" \/>\n\t<meta property=\"og:image:type\" content=\"image\/png\" \/>\n<meta name=\"twitter:card\" content=\"summary_large_image\" \/>\n<meta name=\"twitter:label1\" content=\"Tiempo de lectura\" \/>\n\t<meta name=\"twitter:data1\" content=\"4 minutos\" \/>\n<script type=\"application\/ld+json\" class=\"yoast-schema-graph\">{\"@context\":\"https:\\\/\\\/schema.org\",\"@graph\":[{\"@type\":\"WebPage\",\"@id\":\"https:\\\/\\\/www.veltec.eu\\\/es\\\/product\\\/kirby-g4-basico-nl3146\\\/\",\"url\":\"https:\\\/\\\/www.veltec.eu\\\/es\\\/product\\\/kirby-g4-basico-nl3146\\\/\",\"name\":\"Kirby G4 B\u00e1sico \u2013 Aspiradora Revisado en taller potente\",\"isPartOf\":{\"@id\":\"https:\\\/\\\/www.veltec.eu\\\/en\\\/#website\"},\"primaryImageOfPage\":{\"@id\":\"https:\\\/\\\/www.veltec.eu\\\/es\\\/product\\\/kirby-g4-basico-nl3146\\\/#primaryimage\"},\"image\":{\"@id\":\"https:\\\/\\\/www.veltec.eu\\\/es\\\/product\\\/kirby-g4-basico-nl3146\\\/#primaryimage\"},\"thumbnailUrl\":\"https:\\\/\\\/www.veltec.eu\\\/wp-content\\\/uploads\\\/2018\\\/09\\\/kirby-g4-2-1-1-1.png\",\"datePublished\":\"2018-09-24T12:05:35+00:00\",\"dateModified\":\"2026-02-10T06:26:44+00:00\",\"description\":\"El Kirby G4 B\u00e1sico Revisado en taller ofrece alto rendimiento, larga duraci\u00f3n y hasta un 80\u202f% m\u00e1s barato que un modelo nuevo. Garant\u00eda 12 meses incluida.\",\"breadcrumb\":{\"@id\":\"https:\\\/\\\/www.veltec.eu\\\/es\\\/product\\\/kirby-g4-basico-nl3146\\\/#breadcrumb\"},\"inLanguage\":\"es\",\"potentialAction\":[{\"@type\":\"ReadAction\",\"target\":[\"https:\\\/\\\/www.veltec.eu\\\/es\\\/product\\\/kirby-g4-basico-nl3146\\\/\"]}]},{\"@type\":\"ImageObject\",\"inLanguage\":\"es\",\"@id\":\"https:\\\/\\\/www.veltec.eu\\\/es\\\/product\\\/kirby-g4-basico-nl3146\\\/#primaryimage\",\"url\":\"https:\\\/\\\/www.veltec.eu\\\/wp-content\\\/uploads\\\/2018\\\/09\\\/kirby-g4-2-1-1-1.png\",\"contentUrl\":\"https:\\\/\\\/www.veltec.eu\\\/wp-content\\\/uploads\\\/2018\\\/09\\\/kirby-g4-2-1-1-1.png\",\"width\":600,\"height\":600},{\"@type\":\"BreadcrumbList\",\"@id\":\"https:\\\/\\\/www.veltec.eu\\\/es\\\/product\\\/kirby-g4-basico-nl3146\\\/#breadcrumb\",\"itemListElement\":[{\"@type\":\"ListItem\",\"position\":1,\"name\":\"Home\",\"item\":\"https:\\\/\\\/www.veltec.eu\\\/es\\\/\"},{\"@type\":\"ListItem\",\"position\":2,\"name\":\"Produits\",\"item\":\"https:\\\/\\\/www.veltec.eu\\\/fr\\\/shop\\\/\"},{\"@type\":\"ListItem\",\"position\":3,\"name\":\"Kirby G4 B\u00e1sico\"}]},{\"@type\":\"WebSite\",\"@id\":\"https:\\\/\\\/www.veltec.eu\\\/en\\\/#website\",\"url\":\"https:\\\/\\\/www.veltec.eu\\\/en\\\/\",\"name\":\"Veltec Kirby specialist\",\"description\":\"Kirby stofzuiger producten\",\"publisher\":{\"@id\":\"https:\\\/\\\/www.veltec.eu\\\/en\\\/#organization\"},\"potentialAction\":[{\"@type\":\"SearchAction\",\"target\":{\"@type\":\"EntryPoint\",\"urlTemplate\":\"https:\\\/\\\/www.veltec.eu\\\/en\\\/?s={search_term_string}\"},\"query-input\":{\"@type\":\"PropertyValueSpecification\",\"valueRequired\":true,\"valueName\":\"search_term_string\"}}],\"inLanguage\":\"es\"},{\"@type\":\"Organization\",\"@id\":\"https:\\\/\\\/www.veltec.eu\\\/en\\\/#organization\",\"name\":\"Veltec Kirby Specialist\",\"url\":\"https:\\\/\\\/www.veltec.eu\\\/en\\\/\",\"logo\":{\"@type\":\"ImageObject\",\"inLanguage\":\"es\",\"@id\":\"https:\\\/\\\/www.veltec.eu\\\/en\\\/#\\\/schema\\\/logo\\\/image\\\/\",\"url\":\"https:\\\/\\\/www.veltec.eu\\\/wp-content\\\/uploads\\\/2021\\\/12\\\/Veltec-log-groot-e1537260889125.png\",\"contentUrl\":\"https:\\\/\\\/www.veltec.eu\\\/wp-content\\\/uploads\\\/2021\\\/12\\\/Veltec-log-groot-e1537260889125.png\",\"width\":200,\"height\":60,\"caption\":\"Veltec Kirby Specialist\"},\"image\":{\"@id\":\"https:\\\/\\\/www.veltec.eu\\\/en\\\/#\\\/schema\\\/logo\\\/image\\\/\"},\"sameAs\":[\"https:\\\/\\\/www.facebook.com\\\/Veltec-Kirby-Specialist-236746293374877\\\/\",\"https:\\\/\\\/www.youtube.com\\\/user\\\/VeltecService\"]}]}<\/script>\n<!-- \/ Yoast SEO Premium plugin. -->","yoast_head_json":{"title":"Kirby G4 B\u00e1sico \u2013 Aspiradora Revisado en taller potente","description":"El Kirby G4 B\u00e1sico Revisado en taller ofrece alto rendimiento, larga duraci\u00f3n y hasta un 80\u202f% m\u00e1s barato que un modelo nuevo. Garant\u00eda 12 meses incluida.","robots":{"index":"index","follow":"follow","max-snippet":"max-snippet:-1","max-image-preview":"max-image-preview:large","max-video-preview":"max-video-preview:-1"},"canonical":"https:\/\/www.veltec.eu\/es\/product\/kirby-g4-basico-nl3146\/","og_locale":"es_ES","og_type":"article","og_title":"Kirby G4 B\u00e1sico","og_description":"El Kirby G4 B\u00e1sico es una aspiradora Revisado en taller, potente y duradera, ideal para alfombras, suelos de madera y muebles. Perfecta para familias, mascotas y profesionales de la limpieza.    En stock   El plazo de entrega oscila entre 5 y 10 d\u00edas laborables.  &nbsp;","og_url":"https:\/\/www.veltec.eu\/es\/product\/kirby-g4-basico-nl3146\/","og_site_name":"Veltec Kirby specialist","article_publisher":"https:\/\/www.facebook.com\/Veltec-Kirby-Specialist-236746293374877\/","article_modified_time":"2026-02-10T06:26:44+00:00","og_image":[{"width":600,"height":600,"url":"https:\/\/www.veltec.eu\/wp-content\/uploads\/2018\/09\/kirby-g4-2-1-1-1.png","type":"image\/png"}],"twitter_card":"summary_large_image","twitter_misc":{"Tiempo de lectura":"4 minutos"},"schema":{"@context":"https:\/\/schema.org","@graph":[{"@type":"WebPage","@id":"https:\/\/www.veltec.eu\/es\/product\/kirby-g4-basico-nl3146\/","url":"https:\/\/www.veltec.eu\/es\/product\/kirby-g4-basico-nl3146\/","name":"Kirby G4 B\u00e1sico \u2013 Aspiradora Revisado en taller potente","isPartOf":{"@id":"https:\/\/www.veltec.eu\/en\/#website"},"primaryImageOfPage":{"@id":"https:\/\/www.veltec.eu\/es\/product\/kirby-g4-basico-nl3146\/#primaryimage"},"image":{"@id":"https:\/\/www.veltec.eu\/es\/product\/kirby-g4-basico-nl3146\/#primaryimage"},"thumbnailUrl":"https:\/\/www.veltec.eu\/wp-content\/uploads\/2018\/09\/kirby-g4-2-1-1-1.png","datePublished":"2018-09-24T12:05:35+00:00","dateModified":"2026-02-10T06:26:44+00:00","description":"El Kirby G4 B\u00e1sico Revisado en taller ofrece alto rendimiento, larga duraci\u00f3n y hasta un 80\u202f% m\u00e1s barato que un modelo nuevo. Garant\u00eda 12 meses incluida.","breadcrumb":{"@id":"https:\/\/www.veltec.eu\/es\/product\/kirby-g4-basico-nl3146\/#breadcrumb"},"inLanguage":"es","potentialAction":[{"@type":"ReadAction","target":["https:\/\/www.veltec.eu\/es\/product\/kirby-g4-basico-nl3146\/"]}]},{"@type":"ImageObject","inLanguage":"es","@id":"https:\/\/www.veltec.eu\/es\/product\/kirby-g4-basico-nl3146\/#primaryimage","url":"https:\/\/www.veltec.eu\/wp-content\/uploads\/2018\/09\/kirby-g4-2-1-1-1.png","contentUrl":"https:\/\/www.veltec.eu\/wp-content\/uploads\/2018\/09\/kirby-g4-2-1-1-1.png","width":600,"height":600},{"@type":"BreadcrumbList","@id":"https:\/\/www.veltec.eu\/es\/product\/kirby-g4-basico-nl3146\/#breadcrumb","itemListElement":[{"@type":"ListItem","position":1,"name":"Home","item":"https:\/\/www.veltec.eu\/es\/"},{"@type":"ListItem","position":2,"name":"Produits","item":"https:\/\/www.veltec.eu\/fr\/shop\/"},{"@type":"ListItem","position":3,"name":"Kirby G4 B\u00e1sico"}]},{"@type":"WebSite","@id":"https:\/\/www.veltec.eu\/en\/#website","url":"https:\/\/www.veltec.eu\/en\/","name":"Veltec Kirby specialist","description":"Kirby stofzuiger producten","publisher":{"@id":"https:\/\/www.veltec.eu\/en\/#organization"},"potentialAction":[{"@type":"SearchAction","target":{"@type":"EntryPoint","urlTemplate":"https:\/\/www.veltec.eu\/en\/?s={search_term_string}"},"query-input":{"@type":"PropertyValueSpecification","valueRequired":true,"valueName":"search_term_string"}}],"inLanguage":"es"},{"@type":"Organization","@id":"https:\/\/www.veltec.eu\/en\/#organization","name":"Veltec Kirby Specialist","url":"https:\/\/www.veltec.eu\/en\/","logo":{"@type":"ImageObject","inLanguage":"es","@id":"https:\/\/www.veltec.eu\/en\/#\/schema\/logo\/image\/","url":"https:\/\/www.veltec.eu\/wp-content\/uploads\/2021\/12\/Veltec-log-groot-e1537260889125.png","contentUrl":"https:\/\/www.veltec.eu\/wp-content\/uploads\/2021\/12\/Veltec-log-groot-e1537260889125.png","width":200,"height":60,"caption":"Veltec Kirby Specialist"},"image":{"@id":"https:\/\/www.veltec.eu\/en\/#\/schema\/logo\/image\/"},"sameAs":["https:\/\/www.facebook.com\/Veltec-Kirby-Specialist-236746293374877\/","https:\/\/www.youtube.com\/user\/VeltecService"]}]}},"_links":{"self":[{"href":"https:\/\/www.veltec.eu\/es\/wp-json\/wp\/v2\/product\/12248","targetHints":{"allow":["GET"]}}],"collection":[{"href":"https:\/\/www.veltec.eu\/es\/wp-json\/wp\/v2\/product"}],"about":[{"href":"https:\/\/www.veltec.eu\/es\/wp-json\/wp\/v2\/types\/product"}],"replies":[{"embeddable":true,"href":"https:\/\/www.veltec.eu\/es\/wp-json\/wp\/v2\/comments?post=12248"}],"wp:featuredmedia":[{"embeddable":true,"href":"https:\/\/www.veltec.eu\/es\/wp-json\/wp\/v2\/media\/85961"}],"wp:attachment":[{"href":"https:\/\/www.veltec.eu\/es\/wp-json\/wp\/v2\/media?parent=12248"}],"wp:term":[{"taxonomy":"product_brand","embeddable":true,"href":"https:\/\/www.veltec.eu\/es\/wp-json\/wp\/v2\/product_brand?post=12248"},{"taxonomy":"product_cat","embeddable":true,"href":"https:\/\/www.veltec.eu\/es\/wp-json\/wp\/v2\/product_cat?post=12248"},{"taxonomy":"product_tag","embeddable":true,"href":"https:\/\/www.veltec.eu\/es\/wp-json\/wp\/v2\/product_tag?post=12248"}],"curies":[{"name":"wp","href":"https:\/\/api.w.org\/{rel}","templated":true}]}}