{"id":12181,"date":"2018-10-15T16:28:57","date_gmt":"2018-10-15T14:28:57","guid":{"rendered":"https:\/\/www.veltec.eu\/kirby-webshop\/kirby-g5-nl3147\/"},"modified":"2026-02-10T08:10:03","modified_gmt":"2026-02-10T06:10:03","slug":"kirby-g5-basico-nl3147","status":"publish","type":"product","link":"https:\/\/www.veltec.eu\/es\/product\/kirby-g5-basico-nl3147\/","title":{"rendered":"Kirby G5 B\u00e1sico"},"content":{"rendered":"<h1 data-start=\"197\" data-end=\"239\">Kirby G5 B\u00e1sico \u2013 Revisado en taller<\/h1>\n<p data-start=\"241\" data-end=\"631\">El Kirby G5 B\u00e1sico ofrece una soluci\u00f3n potente, duradera y asequible para los hogares que buscan una aspiradora profesional. As\u00ed, experimentar\u00e1 un sistema de limpieza que se ve y funciona como nuevo, mientras ahorra significativamente en el precio de compra. Adem\u00e1s, cada Kirby G5 B\u00e1sico es cuidadosamente revisado en nuestro propio taller, lo que garantiza una seguridad adicional.<\/p>\n<h2 data-start=\"638\" data-end=\"680\">\u00bfQu\u00e9 hace \u00fanico al Kirby G5?<\/h2>\n<p data-start=\"682\" data-end=\"1022\">Dado que este modelo se produjo entre 1997 y 1999, es conocido por su extraordinaria durabilidad. Adem\u00e1s, su robusta carcasa met\u00e1lica ofrece una estabilidad que todav\u00eda rara vez se encuentra en otros modelos. Por lo tanto, elige un sistema que combina rendimiento duradero con un atractivo ahorro de hasta un 80% respecto a un modelo nuevo.<\/p>\n<p data-start=\"1024\" data-end=\"1126\">A continuaci\u00f3n, encontrar\u00e1 informaci\u00f3n sobre <a href=\"https:\/\/www.veltec.eu\/es\/kirby-revisado-en-taller\/\" target=\"_blank\" rel=\"noopener\">todas las aspiradoras Kirby Revisadas en taller<\/a>.<\/p>\n<h2 data-start=\"1133\" data-end=\"1180\">Principales ventajas del Kirby G5<\/h2>\n<ul data-start=\"1182\" data-end=\"1426\">\n<li data-start=\"1182\" data-end=\"1264\">Potente succi\u00f3n: Ideal para una limpieza profunda de alfombras y moquetas.<\/li>\n<li data-start=\"1265\" data-end=\"1354\">Dise\u00f1o multifuncional: Adecuado tanto para suelos duros como superficies blandas.<\/li>\n<li data-start=\"1355\" data-end=\"1426\">Calidad duradera: El Kirby G5 est\u00e1 dise\u00f1ado para durar d\u00e9cadas.<\/li>\n<\/ul>\n<p data-start=\"1428\" data-end=\"1554\">Encuentra m\u00e1s informaci\u00f3n sobre <a href=\"https:\/\/www.servicio-de-aspiradoras-kirby.es\/aspiradora-kirby\/\" target=\"_blank\" rel=\"noopener\">todo lo que necesitas saber sobre la potencia y durabilidad de las aspiradoras Kirby.<\/a><\/p>\n<h2 data-start=\"1561\" data-end=\"1613\">\u00bfC\u00f3mo se revisa en taller el Kirby G5?\u00a0 \u00a0 <img decoding=\"async\" class=\"alignright wp-image-85976 \" src=\"https:\/\/www.veltec.eu\/wp-content\/uploads\/2018\/09\/Kirby-refurbished-1-180x180.png\" alt=\"Kirby G5 B\u00e1sico\" width=\"217\" height=\"217\" srcset=\"https:\/\/www.veltec.eu\/wp-content\/uploads\/2018\/09\/Kirby-refurbished-1-180x180.png 180w, https:\/\/www.veltec.eu\/wp-content\/uploads\/2018\/09\/Kirby-refurbished-1-300x300.png 300w, https:\/\/www.veltec.eu\/wp-content\/uploads\/2018\/09\/Kirby-refurbished-1-80x80.png 80w, https:\/\/www.veltec.eu\/wp-content\/uploads\/2018\/09\/Kirby-refurbished-1-36x36.png 36w, https:\/\/www.veltec.eu\/wp-content\/uploads\/2018\/09\/Kirby-refurbished-1-120x120.png 120w, https:\/\/www.veltec.eu\/wp-content\/uploads\/2018\/09\/Kirby-refurbished-1-450x450.png 450w, https:\/\/www.veltec.eu\/wp-content\/uploads\/2018\/09\/Kirby-refurbished-1-600x600.png 600w, https:\/\/www.veltec.eu\/wp-content\/uploads\/2018\/09\/Kirby-refurbished-1-100x100.png 100w, https:\/\/www.veltec.eu\/wp-content\/uploads\/2018\/09\/Kirby-refurbished-1.png 626w\" sizes=\"(max-width: 217px) 100vw, 217px\" \/><\/h2>\n<p data-start=\"1615\" data-end=\"1927\">Todos nuestros modelos Kirby provienen de distribuidores oficiales en Inglaterra y, por lo general, se han utilizado solo para demostraciones. Posteriormente, cada Kirby G5 se desmonta y se inspecciona completamente en nuestro propio taller. Esto garantiza que cada m\u00e1quina rinda como un modelo nuevo.<\/p>\n<p data-start=\"1929\" data-end=\"1977\">Nuestro proceso de revisi\u00f3n en taller incluye:<\/p>\n<ul data-start=\"1978\" data-end=\"2227\">\n<li data-start=\"1978\" data-end=\"2066\">Inspecci\u00f3n minuciosa: Cada componente se revisa en busca de desgaste o defectos.<\/li>\n<li data-start=\"2067\" data-end=\"2151\">Sustituci\u00f3n de piezas desgastadas: Solo se utilizan piezas originales Kirby.<\/li>\n<li data-start=\"2152\" data-end=\"2227\">Limpieza y pulido: La m\u00e1quina se limpia a fondo y se ve como nueva.<\/li>\n<\/ul>\n<p data-start=\"2229\" data-end=\"2382\">Gracias a esta revisi\u00f3n en taller, el Kirby G5 B\u00e1sico ofrece el mismo rendimiento que una m\u00e1quina nueva, pero a un precio considerablemente m\u00e1s bajo.<\/p>\n<h2 data-start=\"2389\" data-end=\"2428\">\u00bfQu\u00e9 incluye el Kirby G5 ?<\/h2>\n<p data-start=\"2430\" data-end=\"2574\">Al elegir un Kirby G5 B\u00e1sico, recibir\u00e1 12 meses de garant\u00eda completa de forma est\u00e1ndar.<br data-start=\"2521\" data-end=\"2524\" \/>Al adquirir el Kirby G5, se incluyen:<\/p>\n<ul data-start=\"2576\" data-end=\"2759\">\n<li data-start=\"2576\" data-end=\"2644\">Una caja de almacenamiento completa de 16 piezas con accesorios.<\/li>\n<li data-start=\"2645\" data-end=\"2704\">Una boquilla ancha para limpieza profunda de alfombras.<\/li>\n<li data-start=\"2705\" data-end=\"2759\">La patentada bolsa exterior Kirby con mango largo.<\/li>\n<\/ul>\n<p>Adem\u00e1s, el sistema se puede ampliar f\u00e1cilmente con accesorios adicionales, lo que permite que el Kirby G5 B\u00e1sico se adapte completamente a las necesidades de su hogar.<\/p>\n<p>La caja de almacenamiento de 16 piezas;<\/p>\n<div id=\"attachment_5503\" style=\"width: 582px\" class=\"wp-caption alignnone\"><img decoding=\"async\" aria-describedby=\"caption-attachment-5503\" class=\"wp-image-5503 size-full\" src=\"https:\/\/www.veltec.eu\/wp-content\/uploads\/2018\/10\/kit_2.jpg\" alt=\"Kirby G5\" width=\"572\" height=\"406\" srcset=\"https:\/\/www.veltec.eu\/wp-content\/uploads\/2018\/10\/kit_2.jpg 572w, https:\/\/www.veltec.eu\/wp-content\/uploads\/2018\/10\/kit_2-300x213.jpg 300w, https:\/\/www.veltec.eu\/wp-content\/uploads\/2018\/10\/kit_2-260x185.jpg 260w\" sizes=\"(max-width: 572px) 100vw, 572px\" \/><p id=\"caption-attachment-5503\" class=\"wp-caption-text\">Kirby G5 B\u00e1sico<\/p><\/div>\n<p data-start=\"2983\" data-end=\"3225\">Si busca una aspiradora potente, confiable a largo plazo y asequible, el Kirby G5 B\u00e1sico es exactamente lo que necesita. Haga su pedido hoy y descubra por qu\u00e9 este modelo sigue siendo uno de los sistemas Kirby m\u00e1s apreciados durante a\u00f1os.<\/p>\n<p data-start=\"2983\" data-end=\"3225\">*La aspiradora Kirby se suministra con un enchufe europeo; para utilizarla en el Reino Unido, necesitar\u00e1 un adaptador o un enchufe nuevo.<\/p>\n<p data-start=\"3227\" data-end=\"3349\">Las m\u00e1quinas Kirby se entregan en su hogar. <a href=\"https:\/\/www.veltec.eu\/es\/comprar-kirby-g5\/\" target=\"_blank\" rel=\"noopener\">Haga clic aqu\u00ed para m\u00e1s informaci\u00f3n sobre c\u00f3mo comprar el Kirby G5.<\/a><\/p>\n","protected":false},"excerpt":{"rendered":"<p>El Kirby G5 B\u00e1sico es una aspiradora potente y duradera, revisada en taller y equipada con accesorios completos. Ofrece rendimiento profesional a un precio accesible.<\/p>\n[trustindex data-widget-id=48bbd87242952812953642309d4]\n<h3><span style=\"color: #008000;\"><br \/>\nEn stock<\/span><\/h3>\n[av_font_icon icon='ue812' font='entypo-fontello' style='' caption='' size='25px' position='left' color='#43ad66' link='' linktarget='' title_attr='' sonar_effect_effect='' sonar_effect_color='' sonar_effect_duration='1' sonar_effect_scale='' sonar_effect_opac='0.5' animation='' id='' custom_class='' template_class='' av_uid='' sc_version='1.0' admin_preview_bg=''][\/av_font_icon]\n<p><span style=\"color: #008000;\">El plazo de entrega oscila entre 5 y 10 d\u00edas laborables.<\/span><\/p>\n<p>&nbsp;<\/p>\n","protected":false},"featured_media":85984,"comment_status":"open","ping_status":"closed","template":"","meta":[],"product_brand":[],"product_cat":[412],"product_tag":[],"class_list":{"0":"post-12181","1":"product","2":"type-product","3":"status-publish","4":"has-post-thumbnail","6":"product_cat-kirby-re-acondicionadas","7":"product_shipping_class-groot-sp","9":"first","10":"instock","11":"sale","12":"taxable","13":"shipping-taxable","14":"purchasable","15":"product-type-simple"},"yoast_head":"<!-- This site is optimized with the Yoast SEO Premium plugin v27.1 (Yoast SEO v27.3) - https:\/\/yoast.com\/product\/yoast-seo-premium-wordpress\/ -->\n<title>Kirby G5 B\u00e1sico \u2013 Revisado en taller y potente aspiradora<\/title>\n<meta name=\"description\" content=\"Descubre el Kirby G5 B\u00e1sico: aspiradora revisada en taller, potente, duradera y con accesorios, garantizando limpieza profesional a bajo precio.\" \/>\n<meta name=\"robots\" content=\"index, follow, max-snippet:-1, max-image-preview:large, max-video-preview:-1\" \/>\n<link rel=\"canonical\" href=\"https:\/\/www.veltec.eu\/nl\/product\/kirby-g5-basis-nl3147\/\" \/>\n<meta property=\"og:locale\" content=\"es_ES\" \/>\n<meta property=\"og:type\" content=\"article\" \/>\n<meta property=\"og:title\" content=\"Kirby G5 B\u00e1sico\" \/>\n<meta property=\"og:description\" content=\"El Kirby G5 B\u00e1sico es una aspiradora potente y duradera, revisada en taller y equipada con accesorios completos. Ofrece rendimiento profesional a un precio accesible.    En stock   El plazo de entrega oscila entre 5 y 10 d\u00edas laborables.  &nbsp;\" \/>\n<meta property=\"og:url\" content=\"https:\/\/www.veltec.eu\/nl\/product\/kirby-g5-basis-nl3147\/\" \/>\n<meta property=\"og:site_name\" content=\"Veltec Kirby specialist\" \/>\n<meta property=\"article:publisher\" content=\"https:\/\/www.facebook.com\/Veltec-Kirby-Specialist-236746293374877\/\" \/>\n<meta property=\"article:modified_time\" content=\"2026-02-10T06:10:03+00:00\" \/>\n<meta property=\"og:image\" content=\"https:\/\/www.veltec.eu\/wp-content\/uploads\/2018\/10\/kirby-g5-2-1-1-1.png\" \/>\n\t<meta property=\"og:image:width\" content=\"600\" \/>\n\t<meta property=\"og:image:height\" content=\"600\" \/>\n\t<meta property=\"og:image:type\" content=\"image\/png\" \/>\n<meta name=\"twitter:card\" content=\"summary_large_image\" \/>\n<meta name=\"twitter:label1\" content=\"Tiempo de lectura\" \/>\n\t<meta name=\"twitter:data1\" content=\"3 minutos\" \/>\n<script type=\"application\/ld+json\" class=\"yoast-schema-graph\">{\"@context\":\"https:\\\/\\\/schema.org\",\"@graph\":[{\"@type\":\"WebPage\",\"@id\":\"https:\\\/\\\/www.veltec.eu\\\/nl\\\/product\\\/kirby-g5-basis-nl3147\\\/\",\"url\":\"https:\\\/\\\/www.veltec.eu\\\/nl\\\/product\\\/kirby-g5-basis-nl3147\\\/\",\"name\":\"Kirby G5 B\u00e1sico \u2013 Revisado en taller y potente aspiradora\",\"isPartOf\":{\"@id\":\"https:\\\/\\\/www.veltec.eu\\\/en\\\/#website\"},\"primaryImageOfPage\":{\"@id\":\"https:\\\/\\\/www.veltec.eu\\\/nl\\\/product\\\/kirby-g5-basis-nl3147\\\/#primaryimage\"},\"image\":{\"@id\":\"https:\\\/\\\/www.veltec.eu\\\/nl\\\/product\\\/kirby-g5-basis-nl3147\\\/#primaryimage\"},\"thumbnailUrl\":\"https:\\\/\\\/www.veltec.eu\\\/wp-content\\\/uploads\\\/2018\\\/10\\\/kirby-g5-2-1-1-1.png\",\"datePublished\":\"2018-10-15T14:28:57+00:00\",\"dateModified\":\"2026-02-10T06:10:03+00:00\",\"description\":\"Descubre el Kirby G5 B\u00e1sico: aspiradora revisada en taller, potente, duradera y con accesorios, garantizando limpieza profesional a bajo precio.\",\"breadcrumb\":{\"@id\":\"https:\\\/\\\/www.veltec.eu\\\/nl\\\/product\\\/kirby-g5-basis-nl3147\\\/#breadcrumb\"},\"inLanguage\":\"es\",\"potentialAction\":[{\"@type\":\"ReadAction\",\"target\":[\"https:\\\/\\\/www.veltec.eu\\\/nl\\\/product\\\/kirby-g5-basis-nl3147\\\/\"]}]},{\"@type\":\"ImageObject\",\"inLanguage\":\"es\",\"@id\":\"https:\\\/\\\/www.veltec.eu\\\/nl\\\/product\\\/kirby-g5-basis-nl3147\\\/#primaryimage\",\"url\":\"https:\\\/\\\/www.veltec.eu\\\/wp-content\\\/uploads\\\/2018\\\/10\\\/kirby-g5-2-1-1-1.png\",\"contentUrl\":\"https:\\\/\\\/www.veltec.eu\\\/wp-content\\\/uploads\\\/2018\\\/10\\\/kirby-g5-2-1-1-1.png\",\"width\":600,\"height\":600},{\"@type\":\"BreadcrumbList\",\"@id\":\"https:\\\/\\\/www.veltec.eu\\\/nl\\\/product\\\/kirby-g5-basis-nl3147\\\/#breadcrumb\",\"itemListElement\":[{\"@type\":\"ListItem\",\"position\":1,\"name\":\"Home\",\"item\":\"https:\\\/\\\/www.veltec.eu\\\/es\\\/\"},{\"@type\":\"ListItem\",\"position\":2,\"name\":\"Produits\",\"item\":\"https:\\\/\\\/www.veltec.eu\\\/fr\\\/shop\\\/\"},{\"@type\":\"ListItem\",\"position\":3,\"name\":\"Kirby G5 B\u00e1sico\"}]},{\"@type\":\"WebSite\",\"@id\":\"https:\\\/\\\/www.veltec.eu\\\/en\\\/#website\",\"url\":\"https:\\\/\\\/www.veltec.eu\\\/en\\\/\",\"name\":\"Veltec Kirby specialist\",\"description\":\"Kirby stofzuiger producten\",\"publisher\":{\"@id\":\"https:\\\/\\\/www.veltec.eu\\\/en\\\/#organization\"},\"potentialAction\":[{\"@type\":\"SearchAction\",\"target\":{\"@type\":\"EntryPoint\",\"urlTemplate\":\"https:\\\/\\\/www.veltec.eu\\\/en\\\/?s={search_term_string}\"},\"query-input\":{\"@type\":\"PropertyValueSpecification\",\"valueRequired\":true,\"valueName\":\"search_term_string\"}}],\"inLanguage\":\"es\"},{\"@type\":\"Organization\",\"@id\":\"https:\\\/\\\/www.veltec.eu\\\/en\\\/#organization\",\"name\":\"Veltec Kirby Specialist\",\"url\":\"https:\\\/\\\/www.veltec.eu\\\/en\\\/\",\"logo\":{\"@type\":\"ImageObject\",\"inLanguage\":\"es\",\"@id\":\"https:\\\/\\\/www.veltec.eu\\\/en\\\/#\\\/schema\\\/logo\\\/image\\\/\",\"url\":\"https:\\\/\\\/www.veltec.eu\\\/wp-content\\\/uploads\\\/2021\\\/12\\\/Veltec-log-groot-e1537260889125.png\",\"contentUrl\":\"https:\\\/\\\/www.veltec.eu\\\/wp-content\\\/uploads\\\/2021\\\/12\\\/Veltec-log-groot-e1537260889125.png\",\"width\":200,\"height\":60,\"caption\":\"Veltec Kirby Specialist\"},\"image\":{\"@id\":\"https:\\\/\\\/www.veltec.eu\\\/en\\\/#\\\/schema\\\/logo\\\/image\\\/\"},\"sameAs\":[\"https:\\\/\\\/www.facebook.com\\\/Veltec-Kirby-Specialist-236746293374877\\\/\",\"https:\\\/\\\/www.youtube.com\\\/user\\\/VeltecService\"]}]}<\/script>\n<!-- \/ Yoast SEO Premium plugin. -->","yoast_head_json":{"title":"Kirby G5 B\u00e1sico \u2013 Revisado en taller y potente aspiradora","description":"Descubre el Kirby G5 B\u00e1sico: aspiradora revisada en taller, potente, duradera y con accesorios, garantizando limpieza profesional a bajo precio.","robots":{"index":"index","follow":"follow","max-snippet":"max-snippet:-1","max-image-preview":"max-image-preview:large","max-video-preview":"max-video-preview:-1"},"canonical":"https:\/\/www.veltec.eu\/nl\/product\/kirby-g5-basis-nl3147\/","og_locale":"es_ES","og_type":"article","og_title":"Kirby G5 B\u00e1sico","og_description":"El Kirby G5 B\u00e1sico es una aspiradora potente y duradera, revisada en taller y equipada con accesorios completos. Ofrece rendimiento profesional a un precio accesible.    En stock   El plazo de entrega oscila entre 5 y 10 d\u00edas laborables.  &nbsp;","og_url":"https:\/\/www.veltec.eu\/nl\/product\/kirby-g5-basis-nl3147\/","og_site_name":"Veltec Kirby specialist","article_publisher":"https:\/\/www.facebook.com\/Veltec-Kirby-Specialist-236746293374877\/","article_modified_time":"2026-02-10T06:10:03+00:00","og_image":[{"width":600,"height":600,"url":"https:\/\/www.veltec.eu\/wp-content\/uploads\/2018\/10\/kirby-g5-2-1-1-1.png","type":"image\/png"}],"twitter_card":"summary_large_image","twitter_misc":{"Tiempo de lectura":"3 minutos"},"schema":{"@context":"https:\/\/schema.org","@graph":[{"@type":"WebPage","@id":"https:\/\/www.veltec.eu\/nl\/product\/kirby-g5-basis-nl3147\/","url":"https:\/\/www.veltec.eu\/nl\/product\/kirby-g5-basis-nl3147\/","name":"Kirby G5 B\u00e1sico \u2013 Revisado en taller y potente aspiradora","isPartOf":{"@id":"https:\/\/www.veltec.eu\/en\/#website"},"primaryImageOfPage":{"@id":"https:\/\/www.veltec.eu\/nl\/product\/kirby-g5-basis-nl3147\/#primaryimage"},"image":{"@id":"https:\/\/www.veltec.eu\/nl\/product\/kirby-g5-basis-nl3147\/#primaryimage"},"thumbnailUrl":"https:\/\/www.veltec.eu\/wp-content\/uploads\/2018\/10\/kirby-g5-2-1-1-1.png","datePublished":"2018-10-15T14:28:57+00:00","dateModified":"2026-02-10T06:10:03+00:00","description":"Descubre el Kirby G5 B\u00e1sico: aspiradora revisada en taller, potente, duradera y con accesorios, garantizando limpieza profesional a bajo precio.","breadcrumb":{"@id":"https:\/\/www.veltec.eu\/nl\/product\/kirby-g5-basis-nl3147\/#breadcrumb"},"inLanguage":"es","potentialAction":[{"@type":"ReadAction","target":["https:\/\/www.veltec.eu\/nl\/product\/kirby-g5-basis-nl3147\/"]}]},{"@type":"ImageObject","inLanguage":"es","@id":"https:\/\/www.veltec.eu\/nl\/product\/kirby-g5-basis-nl3147\/#primaryimage","url":"https:\/\/www.veltec.eu\/wp-content\/uploads\/2018\/10\/kirby-g5-2-1-1-1.png","contentUrl":"https:\/\/www.veltec.eu\/wp-content\/uploads\/2018\/10\/kirby-g5-2-1-1-1.png","width":600,"height":600},{"@type":"BreadcrumbList","@id":"https:\/\/www.veltec.eu\/nl\/product\/kirby-g5-basis-nl3147\/#breadcrumb","itemListElement":[{"@type":"ListItem","position":1,"name":"Home","item":"https:\/\/www.veltec.eu\/es\/"},{"@type":"ListItem","position":2,"name":"Produits","item":"https:\/\/www.veltec.eu\/fr\/shop\/"},{"@type":"ListItem","position":3,"name":"Kirby G5 B\u00e1sico"}]},{"@type":"WebSite","@id":"https:\/\/www.veltec.eu\/en\/#website","url":"https:\/\/www.veltec.eu\/en\/","name":"Veltec Kirby specialist","description":"Kirby stofzuiger producten","publisher":{"@id":"https:\/\/www.veltec.eu\/en\/#organization"},"potentialAction":[{"@type":"SearchAction","target":{"@type":"EntryPoint","urlTemplate":"https:\/\/www.veltec.eu\/en\/?s={search_term_string}"},"query-input":{"@type":"PropertyValueSpecification","valueRequired":true,"valueName":"search_term_string"}}],"inLanguage":"es"},{"@type":"Organization","@id":"https:\/\/www.veltec.eu\/en\/#organization","name":"Veltec Kirby Specialist","url":"https:\/\/www.veltec.eu\/en\/","logo":{"@type":"ImageObject","inLanguage":"es","@id":"https:\/\/www.veltec.eu\/en\/#\/schema\/logo\/image\/","url":"https:\/\/www.veltec.eu\/wp-content\/uploads\/2021\/12\/Veltec-log-groot-e1537260889125.png","contentUrl":"https:\/\/www.veltec.eu\/wp-content\/uploads\/2021\/12\/Veltec-log-groot-e1537260889125.png","width":200,"height":60,"caption":"Veltec Kirby Specialist"},"image":{"@id":"https:\/\/www.veltec.eu\/en\/#\/schema\/logo\/image\/"},"sameAs":["https:\/\/www.facebook.com\/Veltec-Kirby-Specialist-236746293374877\/","https:\/\/www.youtube.com\/user\/VeltecService"]}]}},"_links":{"self":[{"href":"https:\/\/www.veltec.eu\/es\/wp-json\/wp\/v2\/product\/12181","targetHints":{"allow":["GET"]}}],"collection":[{"href":"https:\/\/www.veltec.eu\/es\/wp-json\/wp\/v2\/product"}],"about":[{"href":"https:\/\/www.veltec.eu\/es\/wp-json\/wp\/v2\/types\/product"}],"replies":[{"embeddable":true,"href":"https:\/\/www.veltec.eu\/es\/wp-json\/wp\/v2\/comments?post=12181"}],"wp:featuredmedia":[{"embeddable":true,"href":"https:\/\/www.veltec.eu\/es\/wp-json\/wp\/v2\/media\/85984"}],"wp:attachment":[{"href":"https:\/\/www.veltec.eu\/es\/wp-json\/wp\/v2\/media?parent=12181"}],"wp:term":[{"taxonomy":"product_brand","embeddable":true,"href":"https:\/\/www.veltec.eu\/es\/wp-json\/wp\/v2\/product_brand?post=12181"},{"taxonomy":"product_cat","embeddable":true,"href":"https:\/\/www.veltec.eu\/es\/wp-json\/wp\/v2\/product_cat?post=12181"},{"taxonomy":"product_tag","embeddable":true,"href":"https:\/\/www.veltec.eu\/es\/wp-json\/wp\/v2\/product_tag?post=12181"}],"curies":[{"name":"wp","href":"https:\/\/api.w.org\/{rel}","templated":true}]}}