{"id":12176,"date":"2018-10-15T17:04:32","date_gmt":"2018-10-15T15:04:32","guid":{"rendered":"https:\/\/www.veltec.eu\/kirby-webshop\/kirby-sentria-i\/"},"modified":"2026-05-06T11:08:02","modified_gmt":"2026-05-06T09:08:02","slug":"kirby-sentria-1-basico-nl11101","status":"publish","type":"product","link":"https:\/\/www.veltec.eu\/es\/product\/kirby-sentria-1-basico-nl11101\/","title":{"rendered":"Kirby Sentria 1 B\u00e1sico"},"content":{"rendered":"<h1 data-start=\"338\" data-end=\"407\">Kirby Sentria 1 B\u00e1sico \u2013 Potente, Duradero y Revisado en taller<\/h1>\n<p data-start=\"409\" data-end=\"744\">Si buscas una aspiradora premium, confiable y econ\u00f3mica, el Kirby Sentria 1 B\u00e1sico ofrece un equilibrio perfecto entre potencia, durabilidad y precio. Este modelo, casi id\u00e9ntico a uno nuevo en apariencia y funcionamiento, permite ahorrar hasta un 80% en comparaci\u00f3n con una aspiradora nueva, manteniendo un rendimiento excepcional.<\/p>\n<h2 data-start=\"751\" data-end=\"798\">Por Qu\u00e9 Elegir el Kirby Sentria 1 B\u00e1sico<\/h2>\n<p data-start=\"799\" data-end=\"1222\">Fabricado entre 2006 y 2012, el Kirby Sentria 1\u00a0destaca por su construcci\u00f3n robusta y su fuerza de succi\u00f3n incomparable. Adem\u00e1s, su introducci\u00f3n marc\u00f3 un cambio en ergonom\u00eda y comodidad: el asa fue redise\u00f1ada y la l\u00e1mpara tradicional reemplazada por iluminaci\u00f3n LED moderna. El cambio de base met\u00e1lica a base de pl\u00e1stico tambi\u00e9n redujo significativamente el peso del equipo, facilitando su manejo y transporte.<\/p>\n<p data-start=\"1159\" data-end=\"1243\"><a href=\"https:\/\/www.veltec.eu\/es\/aspiradoras-y-bolsas\/kirby-revisado-en-taller\/\" target=\"_blank\" rel=\"noopener\">Aqu\u00ed encontrar\u00e1 informaci\u00f3n sobre todos los aspiradores Kirby Revisado en taller<\/a><\/p>\n<h2 data-start=\"1250\" data-end=\"1320\">Qu\u00e9 Significa Revisado en taller para el Kirby Sentria 1<\/h2>\n<p><img decoding=\"async\" class=\"alignright wp-image-85976 \" src=\"https:\/\/www.veltec.eu\/wp-content\/uploads\/2018\/09\/Kirby-refurbished-1-180x180.png\" alt=\"Kirby Sentria 1 B\u00e1sico\" width=\"213\" height=\"213\" srcset=\"https:\/\/www.veltec.eu\/wp-content\/uploads\/2018\/09\/Kirby-refurbished-1-180x180.png 180w, https:\/\/www.veltec.eu\/wp-content\/uploads\/2018\/09\/Kirby-refurbished-1-300x300.png 300w, https:\/\/www.veltec.eu\/wp-content\/uploads\/2018\/09\/Kirby-refurbished-1-80x80.png 80w, https:\/\/www.veltec.eu\/wp-content\/uploads\/2018\/09\/Kirby-refurbished-1-36x36.png 36w, https:\/\/www.veltec.eu\/wp-content\/uploads\/2018\/09\/Kirby-refurbished-1-120x120.png 120w, https:\/\/www.veltec.eu\/wp-content\/uploads\/2018\/09\/Kirby-refurbished-1-450x450.png 450w, https:\/\/www.veltec.eu\/wp-content\/uploads\/2018\/09\/Kirby-refurbished-1-600x600.png 600w, https:\/\/www.veltec.eu\/wp-content\/uploads\/2018\/09\/Kirby-refurbished-1-100x100.png 100w, https:\/\/www.veltec.eu\/wp-content\/uploads\/2018\/09\/Kirby-refurbished-1.png 626w\" sizes=\"(max-width: 213px) 100vw, 213px\" \/><\/p>\n<h3 data-start=\"1390\" data-end=\"1430\">Renovaci\u00f3n Completa y Sostenible<\/h3>\n<p data-start=\"1431\" data-end=\"1678\">El Kirby Sentria 1\u00a0se somete a un proceso de revisi\u00f3n completo en nuestro taller, asegurando calidad y durabilidad. Todas las piezas desgastadas del motor se sustituyen por componentes originales, garantizando funcionamiento como nuevo.<\/p>\n<h3 data-start=\"1680\" data-end=\"1717\">Motor Totalmente Reconstruido<\/h3>\n<p data-start=\"1718\" data-end=\"1972\">Gracias a la reconstrucci\u00f3n completa del motor el\u00e9ctrico, la aspiradora recupera su potencia original. Esta revisi\u00f3n permite ofrecer con confianza dos a\u00f1os de garant\u00eda, asegurando que tu inversi\u00f3n sea segura, duradera y confiable durante muchos a\u00f1os.<\/p>\n<h2 data-start=\"1979\" data-end=\"2046\">Kirby Sentria 1 B\u00e1sico \u2013 Potencia, Versatilidad y Eficiencia<\/h2>\n<p data-start=\"2047\" data-end=\"2311\">El Kirby Sentria 1\u00a0ofrece un rendimiento excepcional en alfombras, moquetas, suelos duros y zonas dif\u00edciles de alcanzar. Adem\u00e1s, su completo set de accesorios permite realizar cualquier tarea de limpieza de manera r\u00e1pida, eficiente y sin complicaciones.<\/p>\n<p data-start=\"2300\" data-end=\"2405\">M\u00e1s informaci\u00f3n: <a href=\"https:\/\/www.servicio-de-aspiradoras-kirby.es\/aspiradora-kirby\/\" target=\"_blank\" rel=\"noopener\">Todo lo que necesitas saber sobre la potencia y durabilidad de los aspiradores Kirby<\/a><\/p>\n<h2 data-start=\"2425\" data-end=\"2485\">Set Completo de Accesorios del Kirby Sentria 1 B\u00e1sico<\/h2>\n<p data-start=\"2486\" data-end=\"2507\">El paquete incluye:<\/p>\n<ul data-start=\"2509\" data-end=\"2723\">\n<li data-start=\"2509\" data-end=\"2564\">Boquilla ancha para alfombras, moquetas y colchones<\/li>\n<li data-start=\"2565\" data-end=\"2615\">Bolsa exterior Kirby patentada con mango largo<\/li>\n<li data-start=\"2616\" data-end=\"2660\">Manguera de aspiradora Kirby de 2 metros<\/li>\n<li data-start=\"2661\" data-end=\"2723\">Caja de 16 accesorios para muebles, techos, cortinas y m\u00e1s<\/li>\n<\/ul>\n<p data-start=\"2725\" data-end=\"2856\">Todos los componentes est\u00e1n fabricados con materiales de alta calidad, asegurando a\u00f1os de uso confiable y un rendimiento constante.<\/p>\n<p data-start=\"2839\" data-end=\"2886\">La caja de accesorios de 16 piezas incluye:<\/p>\n<div id=\"attachment_5503\" style=\"width: 582px\" class=\"wp-caption alignnone\"><img decoding=\"async\" aria-describedby=\"caption-attachment-5503\" class=\"wp-image-5503 size-full\" src=\"https:\/\/www.veltec.eu\/wp-content\/uploads\/2018\/10\/kit_2.jpg\" alt=\"Kirby Sentria 1\" width=\"572\" height=\"406\" srcset=\"https:\/\/www.veltec.eu\/wp-content\/uploads\/2018\/10\/kit_2.jpg 572w, https:\/\/www.veltec.eu\/wp-content\/uploads\/2018\/10\/kit_2-300x213.jpg 300w, https:\/\/www.veltec.eu\/wp-content\/uploads\/2018\/10\/kit_2-260x185.jpg 260w\" sizes=\"(max-width: 572px) 100vw, 572px\" \/><p id=\"caption-attachment-5503\" class=\"wp-caption-text\">Kirby Sentria 1 B\u00e1sico<\/p><\/div>\n<h2 data-start=\"2863\" data-end=\"2906\">Ordena Hoy tu Kirby Sentria 1 B\u00e1sico<\/h2>\n<p data-start=\"2907\" data-end=\"3031\">El Kirby Sentria 1 incluye 12 meses de garant\u00eda completa, ofreciendo soporte confiable desde el primer d\u00eda.<\/p>\n<p data-start=\"3033\" data-end=\"3179\">Para m\u00e1s informaci\u00f3n, puedes consultar f\u00e1cilmente todos los detalles sobre los aspiradores Kirby y las opciones para <a href=\"https:\/\/www.veltec.eu\/es\/comprar-kirby-sentria\/\" target=\"_blank\" rel=\"noopener\">comprar un Kirby Sentria.<\/a><\/p>\n<p data-start=\"3181\" data-end=\"3527\">Tu Kirby Sentria 1\u00a0ser\u00e1 entregado en tu domicilio en 5\u201310 d\u00edas laborables, permiti\u00e9ndote disfrutar de inmediato de la mejor experiencia de limpieza. Haz tu pedido hoy mismo y descubre por qu\u00e9 el Kirby Sentria 1, Revisado en taller, es la opci\u00f3n preferida por hogares que buscan calidad superior sin costos excesivos.<\/p>\n","protected":false},"excerpt":{"rendered":"<p>El Kirby Sentria 1 B\u00e1sico es una aspiradora potente y duradera, completamente revisada en taller, ideal para alfombras, suelos duros y limpieza profunda. Incluye set completo de accesorios para m\u00e1ximo rendimiento.<\/p>\n[trustindex data-widget-id=48bbd87242952812953642309d4]\n<h3><span style=\"color: #008000;\"><br \/>\nEn stock<\/span><\/h3>\n[av_font_icon icon='ue812' font='entypo-fontello' style='' caption='' size='25px' position='left' color='#43ad66' link='' linktarget='' title_attr='' sonar_effect_effect='' sonar_effect_color='' sonar_effect_duration='1' sonar_effect_scale='' sonar_effect_opac='0.5' animation='' id='' custom_class='' template_class='' av_uid='' sc_version='1.0' admin_preview_bg=''][\/av_font_icon]\n<p><span style=\"color: #008000;\">El plazo de entrega oscila entre 5 y 10 d\u00edas laborables.<\/span><\/p>\n<p>&nbsp;<\/p>\n","protected":false},"featured_media":86025,"comment_status":"open","ping_status":"closed","template":"","meta":{"_acf_changed":false},"product_brand":[],"product_cat":[412],"product_tag":[],"class_list":{"0":"post-12176","1":"product","2":"type-product","3":"status-publish","4":"has-post-thumbnail","6":"product_cat-kirby-revisado-en-taller","7":"product_shipping_class-groot-sp","9":"first","10":"instock","11":"sale","12":"taxable","13":"shipping-taxable","14":"purchasable","15":"product-type-simple"},"acf":[],"yoast_head":"<!-- This site is optimized with the Yoast SEO Premium plugin v27.1 (Yoast SEO v27.5) - https:\/\/yoast.com\/product\/yoast-seo-premium-wordpress\/ -->\n<title>Kirby Sentria 1 B\u00e1sico \u2013 Potente y Revisado en taller<\/title>\n<meta name=\"description\" content=\"Descubre el Kirby Sentria 1 B\u00e1sico: aspiradora potente, duradera y revisada en taller, perfecta para alfombras, suelos duros y limpieza completa.\" \/>\n<meta name=\"robots\" content=\"index, follow, max-snippet:-1, max-image-preview:large, max-video-preview:-1\" \/>\n<link rel=\"canonical\" href=\"https:\/\/www.veltec.eu\/es\/product\/kirby-sentria-1-basico-nl11101\/\" \/>\n<meta property=\"og:locale\" content=\"es_ES\" \/>\n<meta property=\"og:type\" content=\"article\" \/>\n<meta property=\"og:title\" content=\"Kirby Sentria 1 B\u00e1sico\" \/>\n<meta property=\"og:description\" content=\"El Kirby Sentria 1 B\u00e1sico es una aspiradora potente y duradera, completamente revisada en taller, ideal para alfombras, suelos duros y limpieza profunda. Incluye set completo de accesorios para m\u00e1ximo rendimiento.    En stock   El plazo de entrega oscila entre 5 y 10 d\u00edas laborables.  &nbsp;\" \/>\n<meta property=\"og:url\" content=\"https:\/\/www.veltec.eu\/es\/product\/kirby-sentria-1-basico-nl11101\/\" \/>\n<meta property=\"og:site_name\" content=\"Veltec Kirby specialist\" \/>\n<meta property=\"article:publisher\" content=\"https:\/\/www.facebook.com\/Veltec-Kirby-Specialist-236746293374877\/\" \/>\n<meta property=\"article:modified_time\" content=\"2026-05-06T09:08:02+00:00\" \/>\n<meta property=\"og:image\" content=\"https:\/\/www.veltec.eu\/wp-content\/uploads\/2018\/10\/Kirby-sentria1.png\" \/>\n\t<meta property=\"og:image:width\" content=\"600\" \/>\n\t<meta property=\"og:image:height\" content=\"600\" \/>\n\t<meta property=\"og:image:type\" content=\"image\/png\" \/>\n<meta name=\"twitter:card\" content=\"summary_large_image\" \/>\n<meta name=\"twitter:label1\" content=\"Tiempo de lectura\" \/>\n\t<meta name=\"twitter:data1\" content=\"3 minutos\" \/>\n<script type=\"application\/ld+json\" class=\"yoast-schema-graph\">{\"@context\":\"https:\\\/\\\/schema.org\",\"@graph\":[{\"@type\":\"WebPage\",\"@id\":\"https:\\\/\\\/www.veltec.eu\\\/es\\\/product\\\/kirby-sentria-1-basico-nl11101\\\/\",\"url\":\"https:\\\/\\\/www.veltec.eu\\\/es\\\/product\\\/kirby-sentria-1-basico-nl11101\\\/\",\"name\":\"Kirby Sentria 1 B\u00e1sico \u2013 Potente y Revisado en taller\",\"isPartOf\":{\"@id\":\"https:\\\/\\\/www.veltec.eu\\\/en\\\/#website\"},\"primaryImageOfPage\":{\"@id\":\"https:\\\/\\\/www.veltec.eu\\\/es\\\/product\\\/kirby-sentria-1-basico-nl11101\\\/#primaryimage\"},\"image\":{\"@id\":\"https:\\\/\\\/www.veltec.eu\\\/es\\\/product\\\/kirby-sentria-1-basico-nl11101\\\/#primaryimage\"},\"thumbnailUrl\":\"https:\\\/\\\/www.veltec.eu\\\/wp-content\\\/uploads\\\/2018\\\/10\\\/Kirby-sentria1.png\",\"datePublished\":\"2018-10-15T15:04:32+00:00\",\"dateModified\":\"2026-05-06T09:08:02+00:00\",\"description\":\"Descubre el Kirby Sentria 1 B\u00e1sico: aspiradora potente, duradera y revisada en taller, perfecta para alfombras, suelos duros y limpieza completa.\",\"breadcrumb\":{\"@id\":\"https:\\\/\\\/www.veltec.eu\\\/es\\\/product\\\/kirby-sentria-1-basico-nl11101\\\/#breadcrumb\"},\"inLanguage\":\"es\",\"potentialAction\":[{\"@type\":\"ReadAction\",\"target\":[\"https:\\\/\\\/www.veltec.eu\\\/es\\\/product\\\/kirby-sentria-1-basico-nl11101\\\/\"]}]},{\"@type\":\"ImageObject\",\"inLanguage\":\"es\",\"@id\":\"https:\\\/\\\/www.veltec.eu\\\/es\\\/product\\\/kirby-sentria-1-basico-nl11101\\\/#primaryimage\",\"url\":\"https:\\\/\\\/www.veltec.eu\\\/wp-content\\\/uploads\\\/2018\\\/10\\\/Kirby-sentria1.png\",\"contentUrl\":\"https:\\\/\\\/www.veltec.eu\\\/wp-content\\\/uploads\\\/2018\\\/10\\\/Kirby-sentria1.png\",\"width\":600,\"height\":600},{\"@type\":\"BreadcrumbList\",\"@id\":\"https:\\\/\\\/www.veltec.eu\\\/es\\\/product\\\/kirby-sentria-1-basico-nl11101\\\/#breadcrumb\",\"itemListElement\":[{\"@type\":\"ListItem\",\"position\":1,\"name\":\"Home\",\"item\":\"https:\\\/\\\/www.veltec.eu\\\/es\\\/pagina-de-inicio\\\/\"},{\"@type\":\"ListItem\",\"position\":2,\"name\":\"Tienda Kirby\",\"item\":\"https:\\\/\\\/www.veltec.eu\\\/es\\\/tienda-kirby\\\/\"},{\"@type\":\"ListItem\",\"position\":3,\"name\":\"Kirby Sentria 1 B\u00e1sico\"}]},{\"@type\":\"WebSite\",\"@id\":\"https:\\\/\\\/www.veltec.eu\\\/en\\\/#website\",\"url\":\"https:\\\/\\\/www.veltec.eu\\\/en\\\/\",\"name\":\"Veltec Kirby specialist\",\"description\":\"Kirby stofzuiger producten\",\"publisher\":{\"@id\":\"https:\\\/\\\/www.veltec.eu\\\/en\\\/#organization\"},\"potentialAction\":[{\"@type\":\"SearchAction\",\"target\":{\"@type\":\"EntryPoint\",\"urlTemplate\":\"https:\\\/\\\/www.veltec.eu\\\/en\\\/?s={search_term_string}\"},\"query-input\":{\"@type\":\"PropertyValueSpecification\",\"valueRequired\":true,\"valueName\":\"search_term_string\"}}],\"inLanguage\":\"es\"},{\"@type\":\"Organization\",\"@id\":\"https:\\\/\\\/www.veltec.eu\\\/en\\\/#organization\",\"name\":\"Veltec Kirby Specialist\",\"url\":\"https:\\\/\\\/www.veltec.eu\\\/en\\\/\",\"logo\":{\"@type\":\"ImageObject\",\"inLanguage\":\"es\",\"@id\":\"https:\\\/\\\/www.veltec.eu\\\/en\\\/#\\\/schema\\\/logo\\\/image\\\/\",\"url\":\"https:\\\/\\\/www.veltec.eu\\\/wp-content\\\/uploads\\\/2021\\\/12\\\/Veltec-log-groot-e1537260889125.png\",\"contentUrl\":\"https:\\\/\\\/www.veltec.eu\\\/wp-content\\\/uploads\\\/2021\\\/12\\\/Veltec-log-groot-e1537260889125.png\",\"width\":200,\"height\":60,\"caption\":\"Veltec Kirby Specialist\"},\"image\":{\"@id\":\"https:\\\/\\\/www.veltec.eu\\\/en\\\/#\\\/schema\\\/logo\\\/image\\\/\"},\"sameAs\":[\"https:\\\/\\\/www.facebook.com\\\/Veltec-Kirby-Specialist-236746293374877\\\/\",\"https:\\\/\\\/www.youtube.com\\\/user\\\/VeltecService\"]}]}<\/script>\n<!-- \/ Yoast SEO Premium plugin. -->","yoast_head_json":{"title":"Kirby Sentria 1 B\u00e1sico \u2013 Potente y Revisado en taller","description":"Descubre el Kirby Sentria 1 B\u00e1sico: aspiradora potente, duradera y revisada en taller, perfecta para alfombras, suelos duros y limpieza completa.","robots":{"index":"index","follow":"follow","max-snippet":"max-snippet:-1","max-image-preview":"max-image-preview:large","max-video-preview":"max-video-preview:-1"},"canonical":"https:\/\/www.veltec.eu\/es\/product\/kirby-sentria-1-basico-nl11101\/","og_locale":"es_ES","og_type":"article","og_title":"Kirby Sentria 1 B\u00e1sico","og_description":"El Kirby Sentria 1 B\u00e1sico es una aspiradora potente y duradera, completamente revisada en taller, ideal para alfombras, suelos duros y limpieza profunda. Incluye set completo de accesorios para m\u00e1ximo rendimiento.    En stock   El plazo de entrega oscila entre 5 y 10 d\u00edas laborables.  &nbsp;","og_url":"https:\/\/www.veltec.eu\/es\/product\/kirby-sentria-1-basico-nl11101\/","og_site_name":"Veltec Kirby specialist","article_publisher":"https:\/\/www.facebook.com\/Veltec-Kirby-Specialist-236746293374877\/","article_modified_time":"2026-05-06T09:08:02+00:00","og_image":[{"width":600,"height":600,"url":"https:\/\/www.veltec.eu\/wp-content\/uploads\/2018\/10\/Kirby-sentria1.png","type":"image\/png"}],"twitter_card":"summary_large_image","twitter_misc":{"Tiempo de lectura":"3 minutos"},"schema":{"@context":"https:\/\/schema.org","@graph":[{"@type":"WebPage","@id":"https:\/\/www.veltec.eu\/es\/product\/kirby-sentria-1-basico-nl11101\/","url":"https:\/\/www.veltec.eu\/es\/product\/kirby-sentria-1-basico-nl11101\/","name":"Kirby Sentria 1 B\u00e1sico \u2013 Potente y Revisado en taller","isPartOf":{"@id":"https:\/\/www.veltec.eu\/en\/#website"},"primaryImageOfPage":{"@id":"https:\/\/www.veltec.eu\/es\/product\/kirby-sentria-1-basico-nl11101\/#primaryimage"},"image":{"@id":"https:\/\/www.veltec.eu\/es\/product\/kirby-sentria-1-basico-nl11101\/#primaryimage"},"thumbnailUrl":"https:\/\/www.veltec.eu\/wp-content\/uploads\/2018\/10\/Kirby-sentria1.png","datePublished":"2018-10-15T15:04:32+00:00","dateModified":"2026-05-06T09:08:02+00:00","description":"Descubre el Kirby Sentria 1 B\u00e1sico: aspiradora potente, duradera y revisada en taller, perfecta para alfombras, suelos duros y limpieza completa.","breadcrumb":{"@id":"https:\/\/www.veltec.eu\/es\/product\/kirby-sentria-1-basico-nl11101\/#breadcrumb"},"inLanguage":"es","potentialAction":[{"@type":"ReadAction","target":["https:\/\/www.veltec.eu\/es\/product\/kirby-sentria-1-basico-nl11101\/"]}]},{"@type":"ImageObject","inLanguage":"es","@id":"https:\/\/www.veltec.eu\/es\/product\/kirby-sentria-1-basico-nl11101\/#primaryimage","url":"https:\/\/www.veltec.eu\/wp-content\/uploads\/2018\/10\/Kirby-sentria1.png","contentUrl":"https:\/\/www.veltec.eu\/wp-content\/uploads\/2018\/10\/Kirby-sentria1.png","width":600,"height":600},{"@type":"BreadcrumbList","@id":"https:\/\/www.veltec.eu\/es\/product\/kirby-sentria-1-basico-nl11101\/#breadcrumb","itemListElement":[{"@type":"ListItem","position":1,"name":"Home","item":"https:\/\/www.veltec.eu\/es\/pagina-de-inicio\/"},{"@type":"ListItem","position":2,"name":"Tienda Kirby","item":"https:\/\/www.veltec.eu\/es\/tienda-kirby\/"},{"@type":"ListItem","position":3,"name":"Kirby Sentria 1 B\u00e1sico"}]},{"@type":"WebSite","@id":"https:\/\/www.veltec.eu\/en\/#website","url":"https:\/\/www.veltec.eu\/en\/","name":"Veltec Kirby specialist","description":"Kirby stofzuiger producten","publisher":{"@id":"https:\/\/www.veltec.eu\/en\/#organization"},"potentialAction":[{"@type":"SearchAction","target":{"@type":"EntryPoint","urlTemplate":"https:\/\/www.veltec.eu\/en\/?s={search_term_string}"},"query-input":{"@type":"PropertyValueSpecification","valueRequired":true,"valueName":"search_term_string"}}],"inLanguage":"es"},{"@type":"Organization","@id":"https:\/\/www.veltec.eu\/en\/#organization","name":"Veltec Kirby Specialist","url":"https:\/\/www.veltec.eu\/en\/","logo":{"@type":"ImageObject","inLanguage":"es","@id":"https:\/\/www.veltec.eu\/en\/#\/schema\/logo\/image\/","url":"https:\/\/www.veltec.eu\/wp-content\/uploads\/2021\/12\/Veltec-log-groot-e1537260889125.png","contentUrl":"https:\/\/www.veltec.eu\/wp-content\/uploads\/2021\/12\/Veltec-log-groot-e1537260889125.png","width":200,"height":60,"caption":"Veltec Kirby Specialist"},"image":{"@id":"https:\/\/www.veltec.eu\/en\/#\/schema\/logo\/image\/"},"sameAs":["https:\/\/www.facebook.com\/Veltec-Kirby-Specialist-236746293374877\/","https:\/\/www.youtube.com\/user\/VeltecService"]}]}},"_links":{"self":[{"href":"https:\/\/www.veltec.eu\/es\/wp-json\/wp\/v2\/product\/12176","targetHints":{"allow":["GET"]}}],"collection":[{"href":"https:\/\/www.veltec.eu\/es\/wp-json\/wp\/v2\/product"}],"about":[{"href":"https:\/\/www.veltec.eu\/es\/wp-json\/wp\/v2\/types\/product"}],"replies":[{"embeddable":true,"href":"https:\/\/www.veltec.eu\/es\/wp-json\/wp\/v2\/comments?post=12176"}],"wp:featuredmedia":[{"embeddable":true,"href":"https:\/\/www.veltec.eu\/es\/wp-json\/wp\/v2\/media\/86025"}],"wp:attachment":[{"href":"https:\/\/www.veltec.eu\/es\/wp-json\/wp\/v2\/media?parent=12176"}],"wp:term":[{"taxonomy":"product_brand","embeddable":true,"href":"https:\/\/www.veltec.eu\/es\/wp-json\/wp\/v2\/product_brand?post=12176"},{"taxonomy":"product_cat","embeddable":true,"href":"https:\/\/www.veltec.eu\/es\/wp-json\/wp\/v2\/product_cat?post=12176"},{"taxonomy":"product_tag","embeddable":true,"href":"https:\/\/www.veltec.eu\/es\/wp-json\/wp\/v2\/product_tag?post=12176"}],"curies":[{"name":"wp","href":"https:\/\/api.w.org\/{rel}","templated":true}]}}