{"id":12154,"date":"2018-10-16T12:29:18","date_gmt":"2018-10-16T10:29:18","guid":{"rendered":"https:\/\/www.veltec.eu\/kirby-webshop\/kirby-manguera-de-llenado-para-bolsa-de-polvo-g6-hasta-sentria-nl3138\/"},"modified":"2025-01-21T11:55:22","modified_gmt":"2025-01-21T09:55:22","slug":"kirby-manguera-de-llenado-para-bolsa-de-polvo-g6-hasta-sentria-nl3138","status":"publish","type":"product","link":"https:\/\/www.veltec.eu\/es\/product\/kirby-manguera-de-llenado-para-bolsa-de-polvo-g6-hasta-sentria-nl3138\/","title":{"rendered":"Kirby Manguera de Llenado para Bolsa de Polvo G6 hasta Avalir"},"content":{"rendered":"<h1>Kirby Manguera de Llenado para Bolsa de Polvo G6 hasta Avalir<\/h1>\n<p>Kirby Manguera de Llenado para Bolsa de Polvo G6 hasta Avalir para reemplazar la manguera existente completa con 2 bridas para sujeci\u00f3n.<\/p>\n<p><strong>Esta manguera de llenado Kirby es adecuada exclusivamente para las aspiradoras Kirby que se indican a continuaci\u00f3n;<\/strong><\/p>\n<ul>\n<li>Avalir<\/li>\n<li>Sentria II (G10D)<\/li>\n<li>Sentria (G10)<\/li>\n<li>Ultimate G Diamond Ed.(G7D or DE)<\/li>\n<li>Ultimate G (G7 or UG)<\/li>\n<li>Generation 6 (G6)<\/li>\n<\/ul>\n<h2>Kirby Manguera de Llenado para Bolsa de Polvo G6 hasta Avalir &#8211; Para un rendimiento \u00f3ptimo de su aspiradora Kirby<\/h2>\n<p>\u00bfEst\u00e1 buscando un recambio esencial para su aspiradora Kirby? La manguera de llenado Kirby G6 a Avalir es una pieza indispensable para el funcionamiento eficaz de su aspiradora Kirby. Esta manguera de llenado transporta la suciedad aspirada directamente a la bolsa de la aspiradora y garantiza un funcionamiento \u00f3ptimo de su aparato. En esta descripci\u00f3n del producto podr\u00e1 leer por qu\u00e9 este producto es esencial para su aspiradora y c\u00f3mo contribuye a mantener limpio su hogar.<\/p>\n<p><a href=\"https:\/\/www.veltec.eu\/es\/bolsa-exterior-kirby\/\">Aqu\u00ed encontrar\u00e1 todo lo relacionado con la bolsa exterior Kirby y sus accesorios<\/a><\/p>\n<h3>\u00bfQu\u00e9 es la Kirby Manguera de Llenado para Bolsa de Polvo G6 hasta Avalir?<\/h3>\n<p>La manguera de llenado Kirby est\u00e1 especialmente dise\u00f1ada para los modelos G6 a Avalir y es una pieza crucial situada en el interior de la bolsa exterior. Garantiza que toda la suciedad y el polvo aspirados sean guiados de forma segura hasta la bolsa de la aspiradora. Sin esta manguera de llenado, la suciedad no puede moverse correctamente, lo que puede afectar al rendimiento de su aspiradora. Con las dos ranuras en T incluidas, puede fijar firmemente la manguera de llenado para que siempre permanezca en su sitio.<\/p>\n<h3>Ventajas importantes de la manguera de llenado Kirby<\/h3>\n<ul>\n<li>Recogida \u00f3ptima del polvo: gracias a la manguera de llenado, toda la suciedad es guiada eficazmente hasta la bolsa de polvo, sin atascos ni fugas.<\/li>\n<li>F\u00e1cil instalaci\u00f3n: La manguera de llenado viene con dos costillas en T, que le permiten fijarla de forma f\u00e1cil y segura.<\/li>\n<li>Material duradero: Fabricado con materiales de alta calidad para garantizar un uso duradero.<\/li>\n<li>Apto para m\u00faltiples modelos: Compatible con aspiradoras Kirby desde el modelo G6 hasta Avalir, por lo que puede estar seguro de que se adapta perfectamente.<\/li>\n<\/ul>\n<h3>\u00bfC\u00f3mo se coloca la manguera de llenado Kirby?<\/h3>\n<p>La instalaci\u00f3n de la manguera de llenado es sencilla y s\u00f3lo requiere unos pocos pasos:<\/p>\n<ul>\n<li>Abra la bolsa exterior de su aspiradora Kirby.<\/li>\n<li>Fije la manguera de llenado con las tiras en T suministradas en el interior de la bolsa exterior.<\/li>\n<li>Aseg\u00farese de que la manguera est\u00e1 firmemente sujeta y se conecta correctamente a la bolsa de polvo.<\/li>\n<li>Cierre la bolsa exterior y compruebe el funcionamiento de su aspiradora.<\/li>\n<\/ul>\n<p>Con esta sencilla gu\u00eda de instalaci\u00f3n, tendr\u00e1 la seguridad de que su aspiradora funciona correctamente.<\/p>\n<h3>\u00bfPor qu\u00e9 elegir piezas originales Kirby?<\/h3>\n<p>El uso de piezas originales Kirby, como esta manguera de llenado, garantiza que su aspiradora seguir\u00e1 funcionando como debe. Las imitaciones baratas pueden reducir el rendimiento e incluso da\u00f1ar su aspiradora.<\/p>\n<hr \/>\n<p><strong>Conclusi\u00f3n:<\/strong> La manguera de llenado Kirby es un componente esencial que garantiza el funcionamiento eficaz de su aspiradora Kirby. De f\u00e1cil instalaci\u00f3n y compatible con m\u00faltiples modelos, es un valioso complemento para su arsenal de limpieza. P\u00eddalo hoy mismo y compruebe la diferencia.<\/p>\n","protected":false},"excerpt":{"rendered":"<p>La manguera de llenado para la sustituci\u00f3n de la manguera existente, completa con 2 cintas de cable de fijaci\u00f3n.<\/p>\n[trustindex data-widget-id=48bbd87242952812953642309d4]\n<h3><span style=\"color: #008000;\"><br \/>\nEn stock<\/span><\/h3>\n[av_font_icon icon='ue812' font='entypo-fontello' style='' caption='' size='25px' position='left' color='#43ad66' link='' linktarget='' title_attr='' sonar_effect_effect='' sonar_effect_color='' sonar_effect_duration='1' sonar_effect_scale='' sonar_effect_opac='0.5' animation='' id='' custom_class='' template_class='' av_uid='' sc_version='1.0' admin_preview_bg=''][\/av_font_icon]\n<p><span style=\"color: #008000;\">Pedido antes de las 23:59, enviado ma\u00f1ana<\/span><\/p>\n<p>&nbsp;<\/p>\n","protected":false},"featured_media":5893,"comment_status":"open","ping_status":"closed","template":"","meta":[],"product_brand":[],"product_cat":[370],"product_tag":[],"class_list":{"0":"post-12154","1":"product","2":"type-product","3":"status-publish","4":"has-post-thumbnail","6":"product_cat-bolsa-exterior-kirby-para-el-polvo-accesorios","7":"product_shipping_class-klein-es","9":"first","10":"instock","11":"sale","12":"taxable","13":"shipping-taxable","14":"purchasable","15":"product-type-simple"},"yoast_head":"<!-- This site is optimized with the Yoast SEO Premium plugin v27.1 (Yoast SEO v27.3) - https:\/\/yoast.com\/product\/yoast-seo-premium-wordpress\/ -->\n<title>Kirby Manguera de Llenado para Bolsa de Polvo G6 hasta Avalir - Veltec Kirby specialist<\/title>\n<meta name=\"description\" content=\"Kirby Manguera de Llenado para Bolsa de Polvo G6 hasta Avalir - Veltec es el proveedor de las aspiradoras Kirby desde hace m\u00e1s de 25 a\u00f1os.\" \/>\n<meta name=\"robots\" content=\"index, follow, max-snippet:-1, max-image-preview:large, max-video-preview:-1\" \/>\n<link rel=\"canonical\" href=\"https:\/\/www.veltec.eu\/es\/product\/kirby-manguera-de-llenado-para-bolsa-de-polvo-g6-hasta-sentria-nl3138\/\" \/>\n<meta property=\"og:locale\" content=\"es_ES\" \/>\n<meta property=\"og:type\" content=\"article\" \/>\n<meta property=\"og:title\" content=\"Kirby Manguera de Llenado para Bolsa de Polvo G6 hasta Avalir\" \/>\n<meta property=\"og:description\" content=\"La manguera de llenado para la sustituci\u00f3n de la manguera existente, completa con 2 cintas de cable de fijaci\u00f3n.    En stock   Pedido antes de las 23:59, enviado ma\u00f1ana  &nbsp;\" \/>\n<meta property=\"og:url\" content=\"https:\/\/www.veltec.eu\/es\/product\/kirby-manguera-de-llenado-para-bolsa-de-polvo-g6-hasta-sentria-nl3138\/\" \/>\n<meta property=\"og:site_name\" content=\"Veltec Kirby specialist\" \/>\n<meta property=\"article:publisher\" content=\"https:\/\/www.facebook.com\/Veltec-Kirby-Specialist-236746293374877\/\" \/>\n<meta property=\"article:modified_time\" content=\"2025-01-21T09:55:22+00:00\" \/>\n<meta property=\"og:image\" content=\"https:\/\/www.veltec.eu\/wp-content\/uploads\/2018\/10\/kirby_vulslang_g6_tm_sentria.jpg\" \/>\n\t<meta property=\"og:image:width\" content=\"300\" \/>\n\t<meta property=\"og:image:height\" content=\"300\" \/>\n\t<meta property=\"og:image:type\" content=\"image\/jpeg\" \/>\n<meta name=\"twitter:card\" content=\"summary_large_image\" \/>\n<meta name=\"twitter:label1\" content=\"Tiempo de lectura\" \/>\n\t<meta name=\"twitter:data1\" content=\"3 minutos\" \/>\n<script type=\"application\/ld+json\" class=\"yoast-schema-graph\">{\"@context\":\"https:\\\/\\\/schema.org\",\"@graph\":[{\"@type\":\"WebPage\",\"@id\":\"https:\\\/\\\/www.veltec.eu\\\/es\\\/product\\\/kirby-manguera-de-llenado-para-bolsa-de-polvo-g6-hasta-sentria-nl3138\\\/\",\"url\":\"https:\\\/\\\/www.veltec.eu\\\/es\\\/product\\\/kirby-manguera-de-llenado-para-bolsa-de-polvo-g6-hasta-sentria-nl3138\\\/\",\"name\":\"Kirby Manguera de Llenado para Bolsa de Polvo G6 hasta Avalir - Veltec Kirby specialist\",\"isPartOf\":{\"@id\":\"https:\\\/\\\/www.veltec.eu\\\/en\\\/#website\"},\"primaryImageOfPage\":{\"@id\":\"https:\\\/\\\/www.veltec.eu\\\/es\\\/product\\\/kirby-manguera-de-llenado-para-bolsa-de-polvo-g6-hasta-sentria-nl3138\\\/#primaryimage\"},\"image\":{\"@id\":\"https:\\\/\\\/www.veltec.eu\\\/es\\\/product\\\/kirby-manguera-de-llenado-para-bolsa-de-polvo-g6-hasta-sentria-nl3138\\\/#primaryimage\"},\"thumbnailUrl\":\"https:\\\/\\\/www.veltec.eu\\\/wp-content\\\/uploads\\\/2018\\\/10\\\/kirby_vulslang_g6_tm_sentria.jpg\",\"datePublished\":\"2018-10-16T10:29:18+00:00\",\"dateModified\":\"2025-01-21T09:55:22+00:00\",\"description\":\"Kirby Manguera de Llenado para Bolsa de Polvo G6 hasta Avalir - Veltec es el proveedor de las aspiradoras Kirby desde hace m\u00e1s de 25 a\u00f1os.\",\"breadcrumb\":{\"@id\":\"https:\\\/\\\/www.veltec.eu\\\/es\\\/product\\\/kirby-manguera-de-llenado-para-bolsa-de-polvo-g6-hasta-sentria-nl3138\\\/#breadcrumb\"},\"inLanguage\":\"es\",\"potentialAction\":[{\"@type\":\"ReadAction\",\"target\":[\"https:\\\/\\\/www.veltec.eu\\\/es\\\/product\\\/kirby-manguera-de-llenado-para-bolsa-de-polvo-g6-hasta-sentria-nl3138\\\/\"]}]},{\"@type\":\"ImageObject\",\"inLanguage\":\"es\",\"@id\":\"https:\\\/\\\/www.veltec.eu\\\/es\\\/product\\\/kirby-manguera-de-llenado-para-bolsa-de-polvo-g6-hasta-sentria-nl3138\\\/#primaryimage\",\"url\":\"https:\\\/\\\/www.veltec.eu\\\/wp-content\\\/uploads\\\/2018\\\/10\\\/kirby_vulslang_g6_tm_sentria.jpg\",\"contentUrl\":\"https:\\\/\\\/www.veltec.eu\\\/wp-content\\\/uploads\\\/2018\\\/10\\\/kirby_vulslang_g6_tm_sentria.jpg\",\"width\":300,\"height\":300,\"caption\":\"Kirby Manguera de Llenado para Bolsa de Polvo G6 hasta Avalir\"},{\"@type\":\"BreadcrumbList\",\"@id\":\"https:\\\/\\\/www.veltec.eu\\\/es\\\/product\\\/kirby-manguera-de-llenado-para-bolsa-de-polvo-g6-hasta-sentria-nl3138\\\/#breadcrumb\",\"itemListElement\":[{\"@type\":\"ListItem\",\"position\":1,\"name\":\"Home\",\"item\":\"https:\\\/\\\/www.veltec.eu\\\/es\\\/\"},{\"@type\":\"ListItem\",\"position\":2,\"name\":\"Produits\",\"item\":\"https:\\\/\\\/www.veltec.eu\\\/fr\\\/shop\\\/\"},{\"@type\":\"ListItem\",\"position\":3,\"name\":\"Kirby Manguera de Llenado para Bolsa de Polvo G6 hasta Avalir\"}]},{\"@type\":\"WebSite\",\"@id\":\"https:\\\/\\\/www.veltec.eu\\\/en\\\/#website\",\"url\":\"https:\\\/\\\/www.veltec.eu\\\/en\\\/\",\"name\":\"Veltec Kirby specialist\",\"description\":\"Kirby stofzuiger producten\",\"publisher\":{\"@id\":\"https:\\\/\\\/www.veltec.eu\\\/en\\\/#organization\"},\"potentialAction\":[{\"@type\":\"SearchAction\",\"target\":{\"@type\":\"EntryPoint\",\"urlTemplate\":\"https:\\\/\\\/www.veltec.eu\\\/en\\\/?s={search_term_string}\"},\"query-input\":{\"@type\":\"PropertyValueSpecification\",\"valueRequired\":true,\"valueName\":\"search_term_string\"}}],\"inLanguage\":\"es\"},{\"@type\":\"Organization\",\"@id\":\"https:\\\/\\\/www.veltec.eu\\\/en\\\/#organization\",\"name\":\"Veltec Kirby Specialist\",\"url\":\"https:\\\/\\\/www.veltec.eu\\\/en\\\/\",\"logo\":{\"@type\":\"ImageObject\",\"inLanguage\":\"es\",\"@id\":\"https:\\\/\\\/www.veltec.eu\\\/en\\\/#\\\/schema\\\/logo\\\/image\\\/\",\"url\":\"https:\\\/\\\/www.veltec.eu\\\/wp-content\\\/uploads\\\/2021\\\/12\\\/Veltec-log-groot-e1537260889125.png\",\"contentUrl\":\"https:\\\/\\\/www.veltec.eu\\\/wp-content\\\/uploads\\\/2021\\\/12\\\/Veltec-log-groot-e1537260889125.png\",\"width\":200,\"height\":60,\"caption\":\"Veltec Kirby Specialist\"},\"image\":{\"@id\":\"https:\\\/\\\/www.veltec.eu\\\/en\\\/#\\\/schema\\\/logo\\\/image\\\/\"},\"sameAs\":[\"https:\\\/\\\/www.facebook.com\\\/Veltec-Kirby-Specialist-236746293374877\\\/\",\"https:\\\/\\\/www.youtube.com\\\/user\\\/VeltecService\"]}]}<\/script>\n<!-- \/ Yoast SEO Premium plugin. -->","yoast_head_json":{"title":"Kirby Manguera de Llenado para Bolsa de Polvo G6 hasta Avalir - Veltec Kirby specialist","description":"Kirby Manguera de Llenado para Bolsa de Polvo G6 hasta Avalir - Veltec es el proveedor de las aspiradoras Kirby desde hace m\u00e1s de 25 a\u00f1os.","robots":{"index":"index","follow":"follow","max-snippet":"max-snippet:-1","max-image-preview":"max-image-preview:large","max-video-preview":"max-video-preview:-1"},"canonical":"https:\/\/www.veltec.eu\/es\/product\/kirby-manguera-de-llenado-para-bolsa-de-polvo-g6-hasta-sentria-nl3138\/","og_locale":"es_ES","og_type":"article","og_title":"Kirby Manguera de Llenado para Bolsa de Polvo G6 hasta Avalir","og_description":"La manguera de llenado para la sustituci\u00f3n de la manguera existente, completa con 2 cintas de cable de fijaci\u00f3n.    En stock   Pedido antes de las 23:59, enviado ma\u00f1ana  &nbsp;","og_url":"https:\/\/www.veltec.eu\/es\/product\/kirby-manguera-de-llenado-para-bolsa-de-polvo-g6-hasta-sentria-nl3138\/","og_site_name":"Veltec Kirby specialist","article_publisher":"https:\/\/www.facebook.com\/Veltec-Kirby-Specialist-236746293374877\/","article_modified_time":"2025-01-21T09:55:22+00:00","og_image":[{"width":300,"height":300,"url":"https:\/\/www.veltec.eu\/wp-content\/uploads\/2018\/10\/kirby_vulslang_g6_tm_sentria.jpg","type":"image\/jpeg"}],"twitter_card":"summary_large_image","twitter_misc":{"Tiempo de lectura":"3 minutos"},"schema":{"@context":"https:\/\/schema.org","@graph":[{"@type":"WebPage","@id":"https:\/\/www.veltec.eu\/es\/product\/kirby-manguera-de-llenado-para-bolsa-de-polvo-g6-hasta-sentria-nl3138\/","url":"https:\/\/www.veltec.eu\/es\/product\/kirby-manguera-de-llenado-para-bolsa-de-polvo-g6-hasta-sentria-nl3138\/","name":"Kirby Manguera de Llenado para Bolsa de Polvo G6 hasta Avalir - Veltec Kirby specialist","isPartOf":{"@id":"https:\/\/www.veltec.eu\/en\/#website"},"primaryImageOfPage":{"@id":"https:\/\/www.veltec.eu\/es\/product\/kirby-manguera-de-llenado-para-bolsa-de-polvo-g6-hasta-sentria-nl3138\/#primaryimage"},"image":{"@id":"https:\/\/www.veltec.eu\/es\/product\/kirby-manguera-de-llenado-para-bolsa-de-polvo-g6-hasta-sentria-nl3138\/#primaryimage"},"thumbnailUrl":"https:\/\/www.veltec.eu\/wp-content\/uploads\/2018\/10\/kirby_vulslang_g6_tm_sentria.jpg","datePublished":"2018-10-16T10:29:18+00:00","dateModified":"2025-01-21T09:55:22+00:00","description":"Kirby Manguera de Llenado para Bolsa de Polvo G6 hasta Avalir - Veltec es el proveedor de las aspiradoras Kirby desde hace m\u00e1s de 25 a\u00f1os.","breadcrumb":{"@id":"https:\/\/www.veltec.eu\/es\/product\/kirby-manguera-de-llenado-para-bolsa-de-polvo-g6-hasta-sentria-nl3138\/#breadcrumb"},"inLanguage":"es","potentialAction":[{"@type":"ReadAction","target":["https:\/\/www.veltec.eu\/es\/product\/kirby-manguera-de-llenado-para-bolsa-de-polvo-g6-hasta-sentria-nl3138\/"]}]},{"@type":"ImageObject","inLanguage":"es","@id":"https:\/\/www.veltec.eu\/es\/product\/kirby-manguera-de-llenado-para-bolsa-de-polvo-g6-hasta-sentria-nl3138\/#primaryimage","url":"https:\/\/www.veltec.eu\/wp-content\/uploads\/2018\/10\/kirby_vulslang_g6_tm_sentria.jpg","contentUrl":"https:\/\/www.veltec.eu\/wp-content\/uploads\/2018\/10\/kirby_vulslang_g6_tm_sentria.jpg","width":300,"height":300,"caption":"Kirby Manguera de Llenado para Bolsa de Polvo G6 hasta Avalir"},{"@type":"BreadcrumbList","@id":"https:\/\/www.veltec.eu\/es\/product\/kirby-manguera-de-llenado-para-bolsa-de-polvo-g6-hasta-sentria-nl3138\/#breadcrumb","itemListElement":[{"@type":"ListItem","position":1,"name":"Home","item":"https:\/\/www.veltec.eu\/es\/"},{"@type":"ListItem","position":2,"name":"Produits","item":"https:\/\/www.veltec.eu\/fr\/shop\/"},{"@type":"ListItem","position":3,"name":"Kirby Manguera de Llenado para Bolsa de Polvo G6 hasta Avalir"}]},{"@type":"WebSite","@id":"https:\/\/www.veltec.eu\/en\/#website","url":"https:\/\/www.veltec.eu\/en\/","name":"Veltec Kirby specialist","description":"Kirby stofzuiger producten","publisher":{"@id":"https:\/\/www.veltec.eu\/en\/#organization"},"potentialAction":[{"@type":"SearchAction","target":{"@type":"EntryPoint","urlTemplate":"https:\/\/www.veltec.eu\/en\/?s={search_term_string}"},"query-input":{"@type":"PropertyValueSpecification","valueRequired":true,"valueName":"search_term_string"}}],"inLanguage":"es"},{"@type":"Organization","@id":"https:\/\/www.veltec.eu\/en\/#organization","name":"Veltec Kirby Specialist","url":"https:\/\/www.veltec.eu\/en\/","logo":{"@type":"ImageObject","inLanguage":"es","@id":"https:\/\/www.veltec.eu\/en\/#\/schema\/logo\/image\/","url":"https:\/\/www.veltec.eu\/wp-content\/uploads\/2021\/12\/Veltec-log-groot-e1537260889125.png","contentUrl":"https:\/\/www.veltec.eu\/wp-content\/uploads\/2021\/12\/Veltec-log-groot-e1537260889125.png","width":200,"height":60,"caption":"Veltec Kirby Specialist"},"image":{"@id":"https:\/\/www.veltec.eu\/en\/#\/schema\/logo\/image\/"},"sameAs":["https:\/\/www.facebook.com\/Veltec-Kirby-Specialist-236746293374877\/","https:\/\/www.youtube.com\/user\/VeltecService"]}]}},"_links":{"self":[{"href":"https:\/\/www.veltec.eu\/es\/wp-json\/wp\/v2\/product\/12154","targetHints":{"allow":["GET"]}}],"collection":[{"href":"https:\/\/www.veltec.eu\/es\/wp-json\/wp\/v2\/product"}],"about":[{"href":"https:\/\/www.veltec.eu\/es\/wp-json\/wp\/v2\/types\/product"}],"replies":[{"embeddable":true,"href":"https:\/\/www.veltec.eu\/es\/wp-json\/wp\/v2\/comments?post=12154"}],"wp:featuredmedia":[{"embeddable":true,"href":"https:\/\/www.veltec.eu\/es\/wp-json\/wp\/v2\/media\/5893"}],"wp:attachment":[{"href":"https:\/\/www.veltec.eu\/es\/wp-json\/wp\/v2\/media?parent=12154"}],"wp:term":[{"taxonomy":"product_brand","embeddable":true,"href":"https:\/\/www.veltec.eu\/es\/wp-json\/wp\/v2\/product_brand?post=12154"},{"taxonomy":"product_cat","embeddable":true,"href":"https:\/\/www.veltec.eu\/es\/wp-json\/wp\/v2\/product_cat?post=12154"},{"taxonomy":"product_tag","embeddable":true,"href":"https:\/\/www.veltec.eu\/es\/wp-json\/wp\/v2\/product_tag?post=12154"}],"curies":[{"name":"wp","href":"https:\/\/api.w.org\/{rel}","templated":true}]}}