{"id":12149,"date":"2018-10-16T12:38:06","date_gmt":"2018-10-16T10:38:06","guid":{"rendered":"https:\/\/www.veltec.eu\/kirby-webshop\/kirby-manguera-de-llenado-para-bolsa-de-polvo-g3-hasta-g5-nl3137\/"},"modified":"2025-01-20T17:21:15","modified_gmt":"2025-01-20T15:21:15","slug":"kirby-manguera-de-llenado-para-bolsa-de-polvo-g3-hasta-g5-nl3137","status":"publish","type":"product","link":"https:\/\/www.veltec.eu\/es\/product\/kirby-manguera-de-llenado-para-bolsa-de-polvo-g3-hasta-g5-nl3137\/","title":{"rendered":"Kirby Manguera de Llenado para Bolsa de Polvo G3 hasta G5"},"content":{"rendered":"<h1>Kirby Manguera de Llenado para Bolsa de Polvo G3 hasta G5<\/h1>\n<p>La Kirby Manguera de Llenado para Bolsa de Polvo G3 hasta G5 para la sustituci\u00f3n de la manguera existente completa con 2 bridas para la fijaci\u00f3n.<\/p>\n<p><strong>Esta manguera de llenado Kirby s\u00f3lo es adecuado para la aspiradora Kirby a continuaci\u00f3n;<\/strong><\/p>\n<ul>\n<li>Generation 5 (G5)<\/li>\n<li>Generation 4 (G4<\/li>\n<li>Generation 3 (G)<\/li>\n<\/ul>\n<h2>Kirby Manguera de Llenado para Bolsa de Polvo G3 hasta G5<\/h2>\n<p>La manguera de llenado Kirby es una pieza esencial de su aspiradora Kirby. Esta manguera de llenado desempe\u00f1a un papel crucial en el transporte eficaz de la suciedad aspirada a la bolsa de la aspiradora. De este modo, su aspiradora Kirby funcionar\u00e1 de forma \u00f3ptima y usted mantendr\u00e1 la higiene en su hogar. En esta descripci\u00f3n del producto, le explicamos exactamente para qu\u00e9 sirve esta manguera de llenado, por qu\u00e9 la necesita y c\u00f3mo instalarla f\u00e1cilmente.<\/p>\n<p><a href=\"https:\/\/www.veltec.eu\/es\/bolsa-exterior-kirby\/\">Aqu\u00ed encontrar\u00e1 todo lo necesario para la bolsa exterior Kirby y sus accesorios<\/a><\/p>\n<h3>\u00bfQu\u00e9 es la Kirby Manguera de Llenado para Bolsa de Polvo G3 hasta G5?<\/h3>\n<p>La manguera de llenado Kirby es una manguera especialmente dise\u00f1ada que se encuentra en el interior de la bolsa exterior de su aspiradora Kirby. Esta pieza garantiza que toda la suciedad aspirada sea conducida eficazmente a la bolsa de la aspiradora. Gracias a su construcci\u00f3n de alta calidad y a su ajuste perfecto, esta manguera de llenado es adecuada para los modelos Kirby G3 a G5.<\/p>\n<p>Se suministra con dos pr\u00e1cticas abrazaderas en T, con las que puede fijar la manguera de llenado firmemente y sin problemas. De este modo, la manguera no se desplaza durante el uso y se garantiza una conexi\u00f3n segura y estable a la bolsa de la aspiradora.<\/p>\n<h3>\u00bfPor qu\u00e9 necesita una nueva manguera de llenado?<\/h3>\n<p>Con el tiempo, la manguera de llenado puede mostrar desgaste, por ejemplo debido a un uso intensivo o a la acumulaci\u00f3n de suciedad. Esto puede reducir la potencia de succi\u00f3n e incluso provocar fugas. La sustituci\u00f3n de una manguera de llenado desgastada garantizar\u00e1 que su aspiradora vuelva a funcionar de forma \u00f3ptima. Adem\u00e1s, una manguera de llenado nueva evita que se escapen part\u00edculas de polvo, manteniendo su hogar m\u00e1s limpio y saludable.<\/p>\n<ul>\n<li>Ventajas de una nueva manguera de llenado Kirby<\/li>\n<li>Restaura la potencia de succi\u00f3n original de su aspiradora.<\/li>\n<li>Evita fugas y que se escape la suciedad.<\/li>\n<li>Adecuada para un uso prolongado gracias a sus materiales duraderos.<\/li>\n<li>Especialmente dise\u00f1ada para los modelos Kirby G3 a G5.<\/li>\n<\/ul>\n<h3>\u00bfC\u00f3mo se instala el tubo de llenado Kirby?<\/h3>\n<p>La instalaci\u00f3n de la manguera de llenado Kirby es sencilla y no requiere conocimientos t\u00e9cnicos. Con las bridas en T suministradas puede fijar r\u00e1pidamente la manguera a la bolsa exterior de la aspiradora. Siga los pasos que se indican a continuaci\u00f3n:<\/p>\n<ul>\n<li>Abra la bolsa exterior de su aspiradora Kirby.<\/li>\n<li>Retire con cuidado la manguera de llenado antigua.<\/li>\n<li>Inserte el nuevo tubo de llenado y suj\u00e9telo firmemente con las ranuras en T.<\/li>\n<li>Aseg\u00farese de que la manguera de llenado se conecta correctamente a la bolsa de la aspiradora.<\/li>\n<\/ul>\n<h3>Pida hoy mismo su Kirby Manguera de Llenado para Bolsa de Polvo.<\/h3>\n<p>Con la manguera de llenado Kirby tendr\u00e1 en casa un producto de alta calidad que har\u00e1 que su aspiradora vuelva a funcionar como nueva. No espere m\u00e1s y pida hoy mismo este accesorio esencial. Gracias a su f\u00e1cil instalaci\u00f3n y ajuste perfecto, pronto volver\u00e1 a disfrutar de un ambiente limpio y fresco.<\/p>\n","protected":false},"excerpt":{"rendered":"<p>La manguera de llenado para la sustituci\u00f3n de la manguera existente, completa con 2 cintas de cable de fijaci\u00f3n.<\/p>\n[trustindex data-widget-id=48bbd87242952812953642309d4]\n<h3><span style=\"color: #008000;\"><br \/>\nEn stock<\/span><\/h3>\n[av_font_icon icon='ue812' font='entypo-fontello' style='' caption='' size='25px' position='left' color='#43ad66' link='' linktarget='' title_attr='' sonar_effect_effect='' sonar_effect_color='' sonar_effect_duration='1' sonar_effect_scale='' sonar_effect_opac='0.5' animation='' id='' custom_class='' template_class='' av_uid='' sc_version='1.0' admin_preview_bg=''][\/av_font_icon]\n<p><span style=\"color: #008000;\">Pedido antes de las 23:59, enviado ma\u00f1ana<\/span><\/p>\n<p>&nbsp;<\/p>\n","protected":false},"featured_media":5908,"comment_status":"open","ping_status":"closed","template":"","meta":[],"product_brand":[],"product_cat":[370],"product_tag":[],"class_list":{"0":"post-12149","1":"product","2":"type-product","3":"status-publish","4":"has-post-thumbnail","6":"product_cat-bolsa-exterior-kirby-para-el-polvo-accesorios","7":"product_shipping_class-klein-es","9":"first","10":"instock","11":"sale","12":"taxable","13":"shipping-taxable","14":"purchasable","15":"product-type-simple"},"yoast_head":"<!-- This site is optimized with the Yoast SEO Premium plugin v27.1 (Yoast SEO v27.3) - https:\/\/yoast.com\/product\/yoast-seo-premium-wordpress\/ -->\n<title>Kirby Manguera de Llenado para Bolsa de Polvo G3 hasta G5 - Veltec Kirby specialist<\/title>\n<meta name=\"description\" content=\"Kirby Manguera de Llenado para Bolsa de Polvo G3 hasta G5 - Veltec es el proveedor de las aspiradoras Kirby desde hace m\u00e1s de 25 a\u00f1os.\" \/>\n<meta name=\"robots\" content=\"index, follow, max-snippet:-1, max-image-preview:large, max-video-preview:-1\" \/>\n<link rel=\"canonical\" href=\"https:\/\/www.veltec.eu\/nl\/product\/kirby-vulslang-stofzak-g3-tm-g5-nl3137\/\" \/>\n<meta property=\"og:locale\" content=\"es_ES\" \/>\n<meta property=\"og:type\" content=\"article\" \/>\n<meta property=\"og:title\" content=\"Kirby Manguera de Llenado para Bolsa de Polvo G3 hasta G5\" \/>\n<meta property=\"og:description\" content=\"La manguera de llenado para la sustituci\u00f3n de la manguera existente, completa con 2 cintas de cable de fijaci\u00f3n.    En stock   Pedido antes de las 23:59, enviado ma\u00f1ana  &nbsp;\" \/>\n<meta property=\"og:url\" content=\"https:\/\/www.veltec.eu\/nl\/product\/kirby-vulslang-stofzak-g3-tm-g5-nl3137\/\" \/>\n<meta property=\"og:site_name\" content=\"Veltec Kirby specialist\" \/>\n<meta property=\"article:publisher\" content=\"https:\/\/www.facebook.com\/Veltec-Kirby-Specialist-236746293374877\/\" \/>\n<meta property=\"article:modified_time\" content=\"2025-01-20T15:21:15+00:00\" \/>\n<meta property=\"og:image\" content=\"https:\/\/www.veltec.eu\/wp-content\/uploads\/2018\/10\/kirby_vulslang_stofzak_g3_tm_g5-1.jpg\" \/>\n\t<meta property=\"og:image:width\" content=\"300\" \/>\n\t<meta property=\"og:image:height\" content=\"300\" \/>\n\t<meta property=\"og:image:type\" content=\"image\/jpeg\" \/>\n<meta name=\"twitter:card\" content=\"summary_large_image\" \/>\n<meta name=\"twitter:label1\" content=\"Tiempo de lectura\" \/>\n\t<meta name=\"twitter:data1\" content=\"3 minutos\" \/>\n<script type=\"application\/ld+json\" class=\"yoast-schema-graph\">{\"@context\":\"https:\\\/\\\/schema.org\",\"@graph\":[{\"@type\":\"WebPage\",\"@id\":\"https:\\\/\\\/www.veltec.eu\\\/nl\\\/product\\\/kirby-vulslang-stofzak-g3-tm-g5-nl3137\\\/\",\"url\":\"https:\\\/\\\/www.veltec.eu\\\/nl\\\/product\\\/kirby-vulslang-stofzak-g3-tm-g5-nl3137\\\/\",\"name\":\"Kirby Manguera de Llenado para Bolsa de Polvo G3 hasta G5 - Veltec Kirby specialist\",\"isPartOf\":{\"@id\":\"https:\\\/\\\/www.veltec.eu\\\/en\\\/#website\"},\"primaryImageOfPage\":{\"@id\":\"https:\\\/\\\/www.veltec.eu\\\/nl\\\/product\\\/kirby-vulslang-stofzak-g3-tm-g5-nl3137\\\/#primaryimage\"},\"image\":{\"@id\":\"https:\\\/\\\/www.veltec.eu\\\/nl\\\/product\\\/kirby-vulslang-stofzak-g3-tm-g5-nl3137\\\/#primaryimage\"},\"thumbnailUrl\":\"https:\\\/\\\/www.veltec.eu\\\/wp-content\\\/uploads\\\/2018\\\/10\\\/kirby_vulslang_stofzak_g3_tm_g5-1.jpg\",\"datePublished\":\"2018-10-16T10:38:06+00:00\",\"dateModified\":\"2025-01-20T15:21:15+00:00\",\"description\":\"Kirby Manguera de Llenado para Bolsa de Polvo G3 hasta G5 - Veltec es el proveedor de las aspiradoras Kirby desde hace m\u00e1s de 25 a\u00f1os.\",\"breadcrumb\":{\"@id\":\"https:\\\/\\\/www.veltec.eu\\\/nl\\\/product\\\/kirby-vulslang-stofzak-g3-tm-g5-nl3137\\\/#breadcrumb\"},\"inLanguage\":\"es\",\"potentialAction\":[{\"@type\":\"ReadAction\",\"target\":[\"https:\\\/\\\/www.veltec.eu\\\/nl\\\/product\\\/kirby-vulslang-stofzak-g3-tm-g5-nl3137\\\/\"]}]},{\"@type\":\"ImageObject\",\"inLanguage\":\"es\",\"@id\":\"https:\\\/\\\/www.veltec.eu\\\/nl\\\/product\\\/kirby-vulslang-stofzak-g3-tm-g5-nl3137\\\/#primaryimage\",\"url\":\"https:\\\/\\\/www.veltec.eu\\\/wp-content\\\/uploads\\\/2018\\\/10\\\/kirby_vulslang_stofzak_g3_tm_g5-1.jpg\",\"contentUrl\":\"https:\\\/\\\/www.veltec.eu\\\/wp-content\\\/uploads\\\/2018\\\/10\\\/kirby_vulslang_stofzak_g3_tm_g5-1.jpg\",\"width\":300,\"height\":300,\"caption\":\"Kirby Manguera de Llenado para Bolsa de Polvo G3 hasta G5\"},{\"@type\":\"BreadcrumbList\",\"@id\":\"https:\\\/\\\/www.veltec.eu\\\/nl\\\/product\\\/kirby-vulslang-stofzak-g3-tm-g5-nl3137\\\/#breadcrumb\",\"itemListElement\":[{\"@type\":\"ListItem\",\"position\":1,\"name\":\"Home\",\"item\":\"https:\\\/\\\/www.veltec.eu\\\/es\\\/\"},{\"@type\":\"ListItem\",\"position\":2,\"name\":\"Produits\",\"item\":\"https:\\\/\\\/www.veltec.eu\\\/fr\\\/shop\\\/\"},{\"@type\":\"ListItem\",\"position\":3,\"name\":\"Kirby Manguera de Llenado para Bolsa de Polvo G3 hasta G5\"}]},{\"@type\":\"WebSite\",\"@id\":\"https:\\\/\\\/www.veltec.eu\\\/en\\\/#website\",\"url\":\"https:\\\/\\\/www.veltec.eu\\\/en\\\/\",\"name\":\"Veltec Kirby specialist\",\"description\":\"Kirby stofzuiger producten\",\"publisher\":{\"@id\":\"https:\\\/\\\/www.veltec.eu\\\/en\\\/#organization\"},\"potentialAction\":[{\"@type\":\"SearchAction\",\"target\":{\"@type\":\"EntryPoint\",\"urlTemplate\":\"https:\\\/\\\/www.veltec.eu\\\/en\\\/?s={search_term_string}\"},\"query-input\":{\"@type\":\"PropertyValueSpecification\",\"valueRequired\":true,\"valueName\":\"search_term_string\"}}],\"inLanguage\":\"es\"},{\"@type\":\"Organization\",\"@id\":\"https:\\\/\\\/www.veltec.eu\\\/en\\\/#organization\",\"name\":\"Veltec Kirby Specialist\",\"url\":\"https:\\\/\\\/www.veltec.eu\\\/en\\\/\",\"logo\":{\"@type\":\"ImageObject\",\"inLanguage\":\"es\",\"@id\":\"https:\\\/\\\/www.veltec.eu\\\/en\\\/#\\\/schema\\\/logo\\\/image\\\/\",\"url\":\"https:\\\/\\\/www.veltec.eu\\\/wp-content\\\/uploads\\\/2021\\\/12\\\/Veltec-log-groot-e1537260889125.png\",\"contentUrl\":\"https:\\\/\\\/www.veltec.eu\\\/wp-content\\\/uploads\\\/2021\\\/12\\\/Veltec-log-groot-e1537260889125.png\",\"width\":200,\"height\":60,\"caption\":\"Veltec Kirby Specialist\"},\"image\":{\"@id\":\"https:\\\/\\\/www.veltec.eu\\\/en\\\/#\\\/schema\\\/logo\\\/image\\\/\"},\"sameAs\":[\"https:\\\/\\\/www.facebook.com\\\/Veltec-Kirby-Specialist-236746293374877\\\/\",\"https:\\\/\\\/www.youtube.com\\\/user\\\/VeltecService\"]}]}<\/script>\n<!-- \/ Yoast SEO Premium plugin. -->","yoast_head_json":{"title":"Kirby Manguera de Llenado para Bolsa de Polvo G3 hasta G5 - Veltec Kirby specialist","description":"Kirby Manguera de Llenado para Bolsa de Polvo G3 hasta G5 - Veltec es el proveedor de las aspiradoras Kirby desde hace m\u00e1s de 25 a\u00f1os.","robots":{"index":"index","follow":"follow","max-snippet":"max-snippet:-1","max-image-preview":"max-image-preview:large","max-video-preview":"max-video-preview:-1"},"canonical":"https:\/\/www.veltec.eu\/nl\/product\/kirby-vulslang-stofzak-g3-tm-g5-nl3137\/","og_locale":"es_ES","og_type":"article","og_title":"Kirby Manguera de Llenado para Bolsa de Polvo G3 hasta G5","og_description":"La manguera de llenado para la sustituci\u00f3n de la manguera existente, completa con 2 cintas de cable de fijaci\u00f3n.    En stock   Pedido antes de las 23:59, enviado ma\u00f1ana  &nbsp;","og_url":"https:\/\/www.veltec.eu\/nl\/product\/kirby-vulslang-stofzak-g3-tm-g5-nl3137\/","og_site_name":"Veltec Kirby specialist","article_publisher":"https:\/\/www.facebook.com\/Veltec-Kirby-Specialist-236746293374877\/","article_modified_time":"2025-01-20T15:21:15+00:00","og_image":[{"width":300,"height":300,"url":"https:\/\/www.veltec.eu\/wp-content\/uploads\/2018\/10\/kirby_vulslang_stofzak_g3_tm_g5-1.jpg","type":"image\/jpeg"}],"twitter_card":"summary_large_image","twitter_misc":{"Tiempo de lectura":"3 minutos"},"schema":{"@context":"https:\/\/schema.org","@graph":[{"@type":"WebPage","@id":"https:\/\/www.veltec.eu\/nl\/product\/kirby-vulslang-stofzak-g3-tm-g5-nl3137\/","url":"https:\/\/www.veltec.eu\/nl\/product\/kirby-vulslang-stofzak-g3-tm-g5-nl3137\/","name":"Kirby Manguera de Llenado para Bolsa de Polvo G3 hasta G5 - Veltec Kirby specialist","isPartOf":{"@id":"https:\/\/www.veltec.eu\/en\/#website"},"primaryImageOfPage":{"@id":"https:\/\/www.veltec.eu\/nl\/product\/kirby-vulslang-stofzak-g3-tm-g5-nl3137\/#primaryimage"},"image":{"@id":"https:\/\/www.veltec.eu\/nl\/product\/kirby-vulslang-stofzak-g3-tm-g5-nl3137\/#primaryimage"},"thumbnailUrl":"https:\/\/www.veltec.eu\/wp-content\/uploads\/2018\/10\/kirby_vulslang_stofzak_g3_tm_g5-1.jpg","datePublished":"2018-10-16T10:38:06+00:00","dateModified":"2025-01-20T15:21:15+00:00","description":"Kirby Manguera de Llenado para Bolsa de Polvo G3 hasta G5 - Veltec es el proveedor de las aspiradoras Kirby desde hace m\u00e1s de 25 a\u00f1os.","breadcrumb":{"@id":"https:\/\/www.veltec.eu\/nl\/product\/kirby-vulslang-stofzak-g3-tm-g5-nl3137\/#breadcrumb"},"inLanguage":"es","potentialAction":[{"@type":"ReadAction","target":["https:\/\/www.veltec.eu\/nl\/product\/kirby-vulslang-stofzak-g3-tm-g5-nl3137\/"]}]},{"@type":"ImageObject","inLanguage":"es","@id":"https:\/\/www.veltec.eu\/nl\/product\/kirby-vulslang-stofzak-g3-tm-g5-nl3137\/#primaryimage","url":"https:\/\/www.veltec.eu\/wp-content\/uploads\/2018\/10\/kirby_vulslang_stofzak_g3_tm_g5-1.jpg","contentUrl":"https:\/\/www.veltec.eu\/wp-content\/uploads\/2018\/10\/kirby_vulslang_stofzak_g3_tm_g5-1.jpg","width":300,"height":300,"caption":"Kirby Manguera de Llenado para Bolsa de Polvo G3 hasta G5"},{"@type":"BreadcrumbList","@id":"https:\/\/www.veltec.eu\/nl\/product\/kirby-vulslang-stofzak-g3-tm-g5-nl3137\/#breadcrumb","itemListElement":[{"@type":"ListItem","position":1,"name":"Home","item":"https:\/\/www.veltec.eu\/es\/"},{"@type":"ListItem","position":2,"name":"Produits","item":"https:\/\/www.veltec.eu\/fr\/shop\/"},{"@type":"ListItem","position":3,"name":"Kirby Manguera de Llenado para Bolsa de Polvo G3 hasta G5"}]},{"@type":"WebSite","@id":"https:\/\/www.veltec.eu\/en\/#website","url":"https:\/\/www.veltec.eu\/en\/","name":"Veltec Kirby specialist","description":"Kirby stofzuiger producten","publisher":{"@id":"https:\/\/www.veltec.eu\/en\/#organization"},"potentialAction":[{"@type":"SearchAction","target":{"@type":"EntryPoint","urlTemplate":"https:\/\/www.veltec.eu\/en\/?s={search_term_string}"},"query-input":{"@type":"PropertyValueSpecification","valueRequired":true,"valueName":"search_term_string"}}],"inLanguage":"es"},{"@type":"Organization","@id":"https:\/\/www.veltec.eu\/en\/#organization","name":"Veltec Kirby Specialist","url":"https:\/\/www.veltec.eu\/en\/","logo":{"@type":"ImageObject","inLanguage":"es","@id":"https:\/\/www.veltec.eu\/en\/#\/schema\/logo\/image\/","url":"https:\/\/www.veltec.eu\/wp-content\/uploads\/2021\/12\/Veltec-log-groot-e1537260889125.png","contentUrl":"https:\/\/www.veltec.eu\/wp-content\/uploads\/2021\/12\/Veltec-log-groot-e1537260889125.png","width":200,"height":60,"caption":"Veltec Kirby Specialist"},"image":{"@id":"https:\/\/www.veltec.eu\/en\/#\/schema\/logo\/image\/"},"sameAs":["https:\/\/www.facebook.com\/Veltec-Kirby-Specialist-236746293374877\/","https:\/\/www.youtube.com\/user\/VeltecService"]}]}},"_links":{"self":[{"href":"https:\/\/www.veltec.eu\/es\/wp-json\/wp\/v2\/product\/12149","targetHints":{"allow":["GET"]}}],"collection":[{"href":"https:\/\/www.veltec.eu\/es\/wp-json\/wp\/v2\/product"}],"about":[{"href":"https:\/\/www.veltec.eu\/es\/wp-json\/wp\/v2\/types\/product"}],"replies":[{"embeddable":true,"href":"https:\/\/www.veltec.eu\/es\/wp-json\/wp\/v2\/comments?post=12149"}],"wp:featuredmedia":[{"embeddable":true,"href":"https:\/\/www.veltec.eu\/es\/wp-json\/wp\/v2\/media\/5908"}],"wp:attachment":[{"href":"https:\/\/www.veltec.eu\/es\/wp-json\/wp\/v2\/media?parent=12149"}],"wp:term":[{"taxonomy":"product_brand","embeddable":true,"href":"https:\/\/www.veltec.eu\/es\/wp-json\/wp\/v2\/product_brand?post=12149"},{"taxonomy":"product_cat","embeddable":true,"href":"https:\/\/www.veltec.eu\/es\/wp-json\/wp\/v2\/product_cat?post=12149"},{"taxonomy":"product_tag","embeddable":true,"href":"https:\/\/www.veltec.eu\/es\/wp-json\/wp\/v2\/product_tag?post=12149"}],"curies":[{"name":"wp","href":"https:\/\/api.w.org\/{rel}","templated":true}]}}