{"id":12139,"date":"2018-10-16T12:54:41","date_gmt":"2018-10-16T10:54:41","guid":{"rendered":"https:\/\/www.veltec.eu\/kirby-webshop\/conexion-de-manguera-de-llenado-kirby-f-style-nl3008\/"},"modified":"2025-01-02T16:54:26","modified_gmt":"2025-01-02T14:54:26","slug":"conexion-de-manguera-de-llenado-kirby-f-style-nl3008","status":"publish","type":"product","link":"https:\/\/www.veltec.eu\/es\/product\/conexion-de-manguera-de-llenado-kirby-f-style-nl3008\/","title":{"rendered":"Conexi\u00f3n de Manguera de Llenado Kirby F style"},"content":{"rendered":"<h1>Conexi\u00f3n de Manguera de Llenado Kirby F style<\/h1>\n<p>Conexi\u00f3n de Manguera de Llenado Kirby F style (pieza de conexi\u00f3n para bolsa de aspiradora en la manguera de llenado).<\/p>\n<p><strong>Esta conexi\u00f3n es adecuada para todas las aspiradoras Kirby;<\/strong><\/p>\n<ul>\n<li>Avalir Platinum<\/li>\n<li>Avalir 2<\/li>\n<li>Avalir 1<\/li>\n<li>Sentria 2 (G10D)<\/li>\n<li>Sentria 1 (G10)<\/li>\n<li>Ultimate G Diamond Ed.(G7D or DE)<\/li>\n<li>Ultimate G (G7 or UG)<\/li>\n<li>Generation 6 (G6)<\/li>\n<li>Generation 5 (G5)<\/li>\n<li>Generation 4 (G4)<\/li>\n<li>Generation 3 (G3)<\/li>\n<\/ul>\n<h2>Conexi\u00f3n de Manguera de Llenado Kirby F style: La soluci\u00f3n perfecta para las bolsas de su aspiradora<\/h2>\n<p>Como orgulloso propietario de una aspiradora Kirby, sabe que el mantenimiento y los accesorios adecuados son esenciales para garantizar un rendimiento \u00f3ptimo. La manguera de conexi\u00f3n estilo F ofrece una soluci\u00f3n eficaz y vers\u00e1til para conectar las bolsas de su aspiradora. A continuaci\u00f3n podr\u00e1 leer por qu\u00e9 esta pieza es un complemento indispensable para su sistema Kirby.<\/p>\n<p><a href=\"https:\/\/www.veltec.eu\/es\/bolsa-exterior-kirby\/\">Aqu\u00ed encontrar\u00e1 todo para la bolsa exterior Kirby y accesorios<\/a><\/p>\n<h3>\u00bfQu\u00e9 es el conector de manguera de llenado estilo F?<\/h3>\n<p>La conexi\u00f3n de manguera de llenado estilo F es la boquilla actualizada especialmente dise\u00f1ada para su uso con las bolsas aspiradoras estilo F. Gracias a esta conexi\u00f3n, cambiar las bolsas aspiradoras es m\u00e1s f\u00e1cil que nunca. La boquilla garantiza una conexi\u00f3n s\u00f3lida y herm\u00e9tica, asegurando una potencia de succi\u00f3n \u00f3ptima y sin p\u00e9rdida de part\u00edculas de polvo.<\/p>\n<div id=\"attachment_72593\" style=\"width: 190px\" class=\"wp-caption alignnone\"><img decoding=\"async\" aria-describedby=\"caption-attachment-72593\" class=\"wp-image-72593 size-square\" title=\"Kirby Conexi\u00f3n de manguera de llenado universal tipo F\" src=\"https:\/\/www.veltec.eu\/wp-content\/uploads\/2018\/10\/universalcollar1-1-180x180.jpg\" alt=\"Kirby Conexi\u00f3n de manguera de llenado universal tipo F\" width=\"180\" height=\"180\" srcset=\"https:\/\/www.veltec.eu\/wp-content\/uploads\/2018\/10\/universalcollar1-1-180x180.jpg 180w, https:\/\/www.veltec.eu\/wp-content\/uploads\/2018\/10\/universalcollar1-1-300x300.jpg 300w, https:\/\/www.veltec.eu\/wp-content\/uploads\/2018\/10\/universalcollar1-1-80x80.jpg 80w, https:\/\/www.veltec.eu\/wp-content\/uploads\/2018\/10\/universalcollar1-1-36x36.jpg 36w, https:\/\/www.veltec.eu\/wp-content\/uploads\/2018\/10\/universalcollar1-1-120x120.jpg 120w, https:\/\/www.veltec.eu\/wp-content\/uploads\/2018\/10\/universalcollar1-1-450x450.jpg 450w, https:\/\/www.veltec.eu\/wp-content\/uploads\/2018\/10\/universalcollar1-1-100x100.jpg 100w, https:\/\/www.veltec.eu\/wp-content\/uploads\/2018\/10\/universalcollar1-1-60x60.jpg 60w, https:\/\/www.veltec.eu\/wp-content\/uploads\/2018\/10\/universalcollar1-1-90x90.jpg 90w, https:\/\/www.veltec.eu\/wp-content\/uploads\/2018\/10\/universalcollar1-1.jpg 500w\" sizes=\"(max-width: 180px) 100vw, 180px\" \/><p id=\"caption-attachment-72593\" class=\"wp-caption-text\">Kirby Conexi\u00f3n de manguera de llenado universal tipo F<\/p><\/div>\n<hr \/>\n<h3>Adecuado tanto para las viejas como para las nuevas bolsas de aspiradora Kirby<\/h3>\n<p>Una pregunta habitual entre los usuarios de Kirby es: \u00ab\u00bfTengo la conexi\u00f3n adecuada para mi bolsa aspiradora?\u00bb. La buena noticia es que todas las bolsas para aspiradora Kirby son ahora compatibles tanto con las antiguas como con las nuevas tomas tipo F. Esto significa que, independientemente de la versi\u00f3n de aspiradora Kirby que tenga, esta manguera de llenado siempre encaja a la perfecci\u00f3n.<\/p>\n<p>Con este dise\u00f1o universal, se beneficiar\u00e1 de la m\u00e1xima flexibilidad, por lo que no tendr\u00e1 que preocuparse por la compatibilidad espec\u00edfica.<\/p>\n<h3>Ventajas de la manguera de llenado Kirby Connection estilo F<\/h3>\n<p>1. Mejor sellado: La conexi\u00f3n estilo F ofrece una conexi\u00f3n herm\u00e9tica mejorada. Esto mantiene la potencia de succi\u00f3n \u00f3ptima, incluso durante un uso intensivo.<br \/>\n2. F\u00e1cil de usar: Gracias a su pr\u00e1ctico dise\u00f1o, podr\u00e1 cambiar las bolsas de la aspiradora r\u00e1pidamente y sin esfuerzo.<br \/>\n3. Material duradero: La boquilla est\u00e1 fabricada con material de alta calidad, lo que garantiza una larga vida \u00fatil.<br \/>\n4. De uso universal: Apta tanto para modelos Kirby antiguos como nuevos, sin necesidad de adaptadores adicionales.<\/p>\n<hr \/>\n<h3>\u00bfC\u00f3mo se sustituye la manguera de conexi\u00f3n Kirby?<\/h3>\n<p>Sustituir la manguera de llenado de conexi\u00f3n estilo F es f\u00e1cil y s\u00f3lo lleva unos minutos:<\/p>\n<ol>\n<li>Retire la conexi\u00f3n antigua: Afloje la manguera de llenado actual gir\u00e1ndola suavemente y tirando de ella para soltarla.<\/li>\n<li>Inserte la nueva conexi\u00f3n estilo F: Presione la boquilla firmemente en su lugar hasta que oiga un clic.<\/li>\n<li>Coloque la bolsa aspiradora: Deslice la bolsa aspiradora sobre el conector y aseg\u00farese de que est\u00e1 bien colocada.<\/li>\n<\/ol>\n<p>Con estos sencillos pasos, estar\u00e1 listo para volver a disfrutar de su aspiradora Kirby sin polvo.<\/p>\n<h3>Conclusi\u00f3n<\/h3>\n<p>La manguera de llenado de conexi\u00f3n estilo F es una valiosa mejora para su sistema de aspiradora Kirby. Con su dise\u00f1o f\u00e1cil de usar, su compatibilidad con las bolsas viejas y nuevas de la aspiradora y sus materiales duraderos, este conector proporciona el equilibrio perfecto entre funcionalidad y comodidad.<\/p>\n<p>Invierta en calidad y aseg\u00farese de que su Kirby rinde siempre al m\u00e1ximo. Pida hoy mismo la manguera de conexi\u00f3n estilo F y compruebe usted mismo la diferencia.<\/p>\n","protected":false},"excerpt":{"rendered":"<p>Conexi\u00f3n para la bolsa de polvo con la manguera de llenado.<\/p>\n[trustindex data-widget-id=48bbd87242952812953642309d4]\n<h3><span style=\"color: #008000;\"><br \/>\nEn stock<\/span><\/h3>\n[av_font_icon icon='ue812' font='entypo-fontello' style='' caption='' size='25px' position='left' color='#43ad66' link='' linktarget='' title_attr='' sonar_effect_effect='' sonar_effect_color='' sonar_effect_duration='1' sonar_effect_scale='' sonar_effect_opac='0.5' animation='' id='' custom_class='' template_class='' av_uid='' sc_version='1.0' admin_preview_bg=''][\/av_font_icon]\n<p><span style=\"color: #008000;\">Pedido antes de las 23:59, enviado ma\u00f1ana<\/span><\/p>\n<p>&nbsp;<\/p>\n","protected":false},"featured_media":5934,"comment_status":"open","ping_status":"closed","template":"","meta":[],"product_brand":[],"product_cat":[370],"product_tag":[],"class_list":{"0":"post-12139","1":"product","2":"type-product","3":"status-publish","4":"has-post-thumbnail","6":"product_cat-bolsa-exterior-kirby-para-el-polvo-accesorios","7":"product_shipping_class-klein-es","9":"first","10":"instock","11":"taxable","12":"shipping-taxable","13":"purchasable","14":"product-type-simple"},"yoast_head":"<!-- This site is optimized with the Yoast SEO Premium plugin v27.1 (Yoast SEO v27.4) - https:\/\/yoast.com\/product\/yoast-seo-premium-wordpress\/ -->\n<title>Conexi\u00f3n de Manguera de Llenado Kirby F style - Veltec Kirby specialist<\/title>\n<meta name=\"description\" content=\"Conexi\u00f3n de Manguera de Llenado Kirby F style Veltec es el proveedor de las aspiradoras Kirby desde hace m\u00e1s de 20 a\u00f1os.\" \/>\n<meta name=\"robots\" content=\"index, follow, max-snippet:-1, max-image-preview:large, max-video-preview:-1\" \/>\n<link rel=\"canonical\" href=\"https:\/\/www.veltec.eu\/nl\/product\/kirby-aansluiting-vulslang-f-style-nl3008\/\" \/>\n<meta property=\"og:locale\" content=\"es_ES\" \/>\n<meta property=\"og:type\" content=\"article\" \/>\n<meta property=\"og:title\" content=\"Conexi\u00f3n de Manguera de Llenado Kirby F style\" \/>\n<meta property=\"og:description\" content=\"Conexi\u00f3n para la bolsa de polvo con la manguera de llenado.    En stock   Pedido antes de las 23:59, enviado ma\u00f1ana  &nbsp;\" \/>\n<meta property=\"og:url\" content=\"https:\/\/www.veltec.eu\/nl\/product\/kirby-aansluiting-vulslang-f-style-nl3008\/\" \/>\n<meta property=\"og:site_name\" content=\"Veltec Kirby specialist\" \/>\n<meta property=\"article:publisher\" content=\"https:\/\/www.facebook.com\/Veltec-Kirby-Specialist-236746293374877\/\" \/>\n<meta property=\"article:modified_time\" content=\"2025-01-02T14:54:26+00:00\" \/>\n<meta property=\"og:image\" content=\"https:\/\/www.veltec.eu\/wp-content\/uploads\/2018\/10\/kirby_aansluiting_vulslang_f-style.jpg\" \/>\n\t<meta property=\"og:image:width\" content=\"300\" \/>\n\t<meta property=\"og:image:height\" content=\"300\" \/>\n\t<meta property=\"og:image:type\" content=\"image\/jpeg\" \/>\n<meta name=\"twitter:card\" content=\"summary_large_image\" \/>\n<meta name=\"twitter:label1\" content=\"Tiempo de lectura\" \/>\n\t<meta name=\"twitter:data1\" content=\"4 minutos\" \/>\n<script type=\"application\/ld+json\" class=\"yoast-schema-graph\">{\"@context\":\"https:\\\/\\\/schema.org\",\"@graph\":[{\"@type\":\"WebPage\",\"@id\":\"https:\\\/\\\/www.veltec.eu\\\/nl\\\/product\\\/kirby-aansluiting-vulslang-f-style-nl3008\\\/\",\"url\":\"https:\\\/\\\/www.veltec.eu\\\/nl\\\/product\\\/kirby-aansluiting-vulslang-f-style-nl3008\\\/\",\"name\":\"Conexi\u00f3n de Manguera de Llenado Kirby F style - Veltec Kirby specialist\",\"isPartOf\":{\"@id\":\"https:\\\/\\\/www.veltec.eu\\\/en\\\/#website\"},\"primaryImageOfPage\":{\"@id\":\"https:\\\/\\\/www.veltec.eu\\\/nl\\\/product\\\/kirby-aansluiting-vulslang-f-style-nl3008\\\/#primaryimage\"},\"image\":{\"@id\":\"https:\\\/\\\/www.veltec.eu\\\/nl\\\/product\\\/kirby-aansluiting-vulslang-f-style-nl3008\\\/#primaryimage\"},\"thumbnailUrl\":\"https:\\\/\\\/www.veltec.eu\\\/wp-content\\\/uploads\\\/2018\\\/10\\\/kirby_aansluiting_vulslang_f-style.jpg\",\"datePublished\":\"2018-10-16T10:54:41+00:00\",\"dateModified\":\"2025-01-02T14:54:26+00:00\",\"description\":\"Conexi\u00f3n de Manguera de Llenado Kirby F style Veltec es el proveedor de las aspiradoras Kirby desde hace m\u00e1s de 20 a\u00f1os.\",\"breadcrumb\":{\"@id\":\"https:\\\/\\\/www.veltec.eu\\\/nl\\\/product\\\/kirby-aansluiting-vulslang-f-style-nl3008\\\/#breadcrumb\"},\"inLanguage\":\"es\",\"potentialAction\":[{\"@type\":\"ReadAction\",\"target\":[\"https:\\\/\\\/www.veltec.eu\\\/nl\\\/product\\\/kirby-aansluiting-vulslang-f-style-nl3008\\\/\"]}]},{\"@type\":\"ImageObject\",\"inLanguage\":\"es\",\"@id\":\"https:\\\/\\\/www.veltec.eu\\\/nl\\\/product\\\/kirby-aansluiting-vulslang-f-style-nl3008\\\/#primaryimage\",\"url\":\"https:\\\/\\\/www.veltec.eu\\\/wp-content\\\/uploads\\\/2018\\\/10\\\/kirby_aansluiting_vulslang_f-style.jpg\",\"contentUrl\":\"https:\\\/\\\/www.veltec.eu\\\/wp-content\\\/uploads\\\/2018\\\/10\\\/kirby_aansluiting_vulslang_f-style.jpg\",\"width\":300,\"height\":300,\"caption\":\"Conexi\u00f3n de Manguera de Llenado Kirby F style\"},{\"@type\":\"BreadcrumbList\",\"@id\":\"https:\\\/\\\/www.veltec.eu\\\/nl\\\/product\\\/kirby-aansluiting-vulslang-f-style-nl3008\\\/#breadcrumb\",\"itemListElement\":[{\"@type\":\"ListItem\",\"position\":1,\"name\":\"Home\",\"item\":\"https:\\\/\\\/www.veltec.eu\\\/es\\\/\"},{\"@type\":\"ListItem\",\"position\":2,\"name\":\"Produits\",\"item\":\"https:\\\/\\\/www.veltec.eu\\\/fr\\\/shop\\\/\"},{\"@type\":\"ListItem\",\"position\":3,\"name\":\"Conexi\u00f3n de Manguera de Llenado Kirby F style\"}]},{\"@type\":\"WebSite\",\"@id\":\"https:\\\/\\\/www.veltec.eu\\\/en\\\/#website\",\"url\":\"https:\\\/\\\/www.veltec.eu\\\/en\\\/\",\"name\":\"Veltec Kirby specialist\",\"description\":\"Kirby stofzuiger producten\",\"publisher\":{\"@id\":\"https:\\\/\\\/www.veltec.eu\\\/en\\\/#organization\"},\"potentialAction\":[{\"@type\":\"SearchAction\",\"target\":{\"@type\":\"EntryPoint\",\"urlTemplate\":\"https:\\\/\\\/www.veltec.eu\\\/en\\\/?s={search_term_string}\"},\"query-input\":{\"@type\":\"PropertyValueSpecification\",\"valueRequired\":true,\"valueName\":\"search_term_string\"}}],\"inLanguage\":\"es\"},{\"@type\":\"Organization\",\"@id\":\"https:\\\/\\\/www.veltec.eu\\\/en\\\/#organization\",\"name\":\"Veltec Kirby Specialist\",\"url\":\"https:\\\/\\\/www.veltec.eu\\\/en\\\/\",\"logo\":{\"@type\":\"ImageObject\",\"inLanguage\":\"es\",\"@id\":\"https:\\\/\\\/www.veltec.eu\\\/en\\\/#\\\/schema\\\/logo\\\/image\\\/\",\"url\":\"https:\\\/\\\/www.veltec.eu\\\/wp-content\\\/uploads\\\/2021\\\/12\\\/Veltec-log-groot-e1537260889125.png\",\"contentUrl\":\"https:\\\/\\\/www.veltec.eu\\\/wp-content\\\/uploads\\\/2021\\\/12\\\/Veltec-log-groot-e1537260889125.png\",\"width\":200,\"height\":60,\"caption\":\"Veltec Kirby Specialist\"},\"image\":{\"@id\":\"https:\\\/\\\/www.veltec.eu\\\/en\\\/#\\\/schema\\\/logo\\\/image\\\/\"},\"sameAs\":[\"https:\\\/\\\/www.facebook.com\\\/Veltec-Kirby-Specialist-236746293374877\\\/\",\"https:\\\/\\\/www.youtube.com\\\/user\\\/VeltecService\"]}]}<\/script>\n<!-- \/ Yoast SEO Premium plugin. -->","yoast_head_json":{"title":"Conexi\u00f3n de Manguera de Llenado Kirby F style - Veltec Kirby specialist","description":"Conexi\u00f3n de Manguera de Llenado Kirby F style Veltec es el proveedor de las aspiradoras Kirby desde hace m\u00e1s de 20 a\u00f1os.","robots":{"index":"index","follow":"follow","max-snippet":"max-snippet:-1","max-image-preview":"max-image-preview:large","max-video-preview":"max-video-preview:-1"},"canonical":"https:\/\/www.veltec.eu\/nl\/product\/kirby-aansluiting-vulslang-f-style-nl3008\/","og_locale":"es_ES","og_type":"article","og_title":"Conexi\u00f3n de Manguera de Llenado Kirby F style","og_description":"Conexi\u00f3n para la bolsa de polvo con la manguera de llenado.    En stock   Pedido antes de las 23:59, enviado ma\u00f1ana  &nbsp;","og_url":"https:\/\/www.veltec.eu\/nl\/product\/kirby-aansluiting-vulslang-f-style-nl3008\/","og_site_name":"Veltec Kirby specialist","article_publisher":"https:\/\/www.facebook.com\/Veltec-Kirby-Specialist-236746293374877\/","article_modified_time":"2025-01-02T14:54:26+00:00","og_image":[{"width":300,"height":300,"url":"https:\/\/www.veltec.eu\/wp-content\/uploads\/2018\/10\/kirby_aansluiting_vulslang_f-style.jpg","type":"image\/jpeg"}],"twitter_card":"summary_large_image","twitter_misc":{"Tiempo de lectura":"4 minutos"},"schema":{"@context":"https:\/\/schema.org","@graph":[{"@type":"WebPage","@id":"https:\/\/www.veltec.eu\/nl\/product\/kirby-aansluiting-vulslang-f-style-nl3008\/","url":"https:\/\/www.veltec.eu\/nl\/product\/kirby-aansluiting-vulslang-f-style-nl3008\/","name":"Conexi\u00f3n de Manguera de Llenado Kirby F style - Veltec Kirby specialist","isPartOf":{"@id":"https:\/\/www.veltec.eu\/en\/#website"},"primaryImageOfPage":{"@id":"https:\/\/www.veltec.eu\/nl\/product\/kirby-aansluiting-vulslang-f-style-nl3008\/#primaryimage"},"image":{"@id":"https:\/\/www.veltec.eu\/nl\/product\/kirby-aansluiting-vulslang-f-style-nl3008\/#primaryimage"},"thumbnailUrl":"https:\/\/www.veltec.eu\/wp-content\/uploads\/2018\/10\/kirby_aansluiting_vulslang_f-style.jpg","datePublished":"2018-10-16T10:54:41+00:00","dateModified":"2025-01-02T14:54:26+00:00","description":"Conexi\u00f3n de Manguera de Llenado Kirby F style Veltec es el proveedor de las aspiradoras Kirby desde hace m\u00e1s de 20 a\u00f1os.","breadcrumb":{"@id":"https:\/\/www.veltec.eu\/nl\/product\/kirby-aansluiting-vulslang-f-style-nl3008\/#breadcrumb"},"inLanguage":"es","potentialAction":[{"@type":"ReadAction","target":["https:\/\/www.veltec.eu\/nl\/product\/kirby-aansluiting-vulslang-f-style-nl3008\/"]}]},{"@type":"ImageObject","inLanguage":"es","@id":"https:\/\/www.veltec.eu\/nl\/product\/kirby-aansluiting-vulslang-f-style-nl3008\/#primaryimage","url":"https:\/\/www.veltec.eu\/wp-content\/uploads\/2018\/10\/kirby_aansluiting_vulslang_f-style.jpg","contentUrl":"https:\/\/www.veltec.eu\/wp-content\/uploads\/2018\/10\/kirby_aansluiting_vulslang_f-style.jpg","width":300,"height":300,"caption":"Conexi\u00f3n de Manguera de Llenado Kirby F style"},{"@type":"BreadcrumbList","@id":"https:\/\/www.veltec.eu\/nl\/product\/kirby-aansluiting-vulslang-f-style-nl3008\/#breadcrumb","itemListElement":[{"@type":"ListItem","position":1,"name":"Home","item":"https:\/\/www.veltec.eu\/es\/"},{"@type":"ListItem","position":2,"name":"Produits","item":"https:\/\/www.veltec.eu\/fr\/shop\/"},{"@type":"ListItem","position":3,"name":"Conexi\u00f3n de Manguera de Llenado Kirby F style"}]},{"@type":"WebSite","@id":"https:\/\/www.veltec.eu\/en\/#website","url":"https:\/\/www.veltec.eu\/en\/","name":"Veltec Kirby specialist","description":"Kirby stofzuiger producten","publisher":{"@id":"https:\/\/www.veltec.eu\/en\/#organization"},"potentialAction":[{"@type":"SearchAction","target":{"@type":"EntryPoint","urlTemplate":"https:\/\/www.veltec.eu\/en\/?s={search_term_string}"},"query-input":{"@type":"PropertyValueSpecification","valueRequired":true,"valueName":"search_term_string"}}],"inLanguage":"es"},{"@type":"Organization","@id":"https:\/\/www.veltec.eu\/en\/#organization","name":"Veltec Kirby Specialist","url":"https:\/\/www.veltec.eu\/en\/","logo":{"@type":"ImageObject","inLanguage":"es","@id":"https:\/\/www.veltec.eu\/en\/#\/schema\/logo\/image\/","url":"https:\/\/www.veltec.eu\/wp-content\/uploads\/2021\/12\/Veltec-log-groot-e1537260889125.png","contentUrl":"https:\/\/www.veltec.eu\/wp-content\/uploads\/2021\/12\/Veltec-log-groot-e1537260889125.png","width":200,"height":60,"caption":"Veltec Kirby Specialist"},"image":{"@id":"https:\/\/www.veltec.eu\/en\/#\/schema\/logo\/image\/"},"sameAs":["https:\/\/www.facebook.com\/Veltec-Kirby-Specialist-236746293374877\/","https:\/\/www.youtube.com\/user\/VeltecService"]}]}},"_links":{"self":[{"href":"https:\/\/www.veltec.eu\/es\/wp-json\/wp\/v2\/product\/12139","targetHints":{"allow":["GET"]}}],"collection":[{"href":"https:\/\/www.veltec.eu\/es\/wp-json\/wp\/v2\/product"}],"about":[{"href":"https:\/\/www.veltec.eu\/es\/wp-json\/wp\/v2\/types\/product"}],"replies":[{"embeddable":true,"href":"https:\/\/www.veltec.eu\/es\/wp-json\/wp\/v2\/comments?post=12139"}],"wp:featuredmedia":[{"embeddable":true,"href":"https:\/\/www.veltec.eu\/es\/wp-json\/wp\/v2\/media\/5934"}],"wp:attachment":[{"href":"https:\/\/www.veltec.eu\/es\/wp-json\/wp\/v2\/media?parent=12139"}],"wp:term":[{"taxonomy":"product_brand","embeddable":true,"href":"https:\/\/www.veltec.eu\/es\/wp-json\/wp\/v2\/product_brand?post=12139"},{"taxonomy":"product_cat","embeddable":true,"href":"https:\/\/www.veltec.eu\/es\/wp-json\/wp\/v2\/product_cat?post=12139"},{"taxonomy":"product_tag","embeddable":true,"href":"https:\/\/www.veltec.eu\/es\/wp-json\/wp\/v2\/product_tag?post=12139"}],"curies":[{"name":"wp","href":"https:\/\/api.w.org\/{rel}","templated":true}]}}