{"id":12134,"date":"2018-10-16T13:04:04","date_gmt":"2018-10-16T11:04:04","guid":{"rendered":"https:\/\/www.veltec.eu\/kirby-webshop\/mini-emptor-kirby-nl3164\/"},"modified":"2025-01-02T15:32:30","modified_gmt":"2025-01-02T13:32:30","slug":"mini-emptor-kirby-nl3164","status":"publish","type":"product","link":"https:\/\/www.veltec.eu\/es\/product\/mini-emptor-kirby-nl3164\/","title":{"rendered":"Mini-Emptor Kirby"},"content":{"rendered":"<h1>Kirby Mini-Emptor<\/h1>\n<p>Kirby Mini-Emptor para la bolsa exterior es universal y se adapta a cualquier tipo de aspiradora Kirby.<br \/>\nTanto el antiguo como el nuevo modelo de manguera de llenado Kirby se adaptan a este Mini-Emptor.<\/p>\n<p><strong>Sirve para todas las aspiradoras Kirby;<\/strong><\/p>\n<ul>\n<li>Avalir Platinum<\/li>\n<li>Avalir 2<\/li>\n<li>Avalir 1<\/li>\n<li>Sentria 2 (G10D)<\/li>\n<li>Sentria 1 (G10)<\/li>\n<li>Ultimate G Diamond Ed.(G7D or DE)<\/li>\n<li>Ultimate G (G7 or UG)<\/li>\n<li>Generation 6 (G6)<\/li>\n<li>Generation 5 (G5)<\/li>\n<li>Generation 4 (G4)<\/li>\n<li>Generation 3 (G3)<\/li>\n<\/ul>\n<h2>Descubra la versatilidad del Mini-Emptor Kirby<\/h2>\n<p>Se trata de un accesorio esencial para su aspiradora Kirby. Este pr\u00e1ctico pie para bolsa exterior est\u00e1 dise\u00f1ado para que su aspiradora no s\u00f3lo sea m\u00e1s eficaz, sino tambi\u00e9n m\u00e1s duradera. Gracias a su dise\u00f1o universal, el Mini-Emptor se adapta sin esfuerzo a cualquier bolsa exterior Kirby, independientemente del modelo. \u00bfQuiere que su aspiradora funcione de forma \u00f3ptima al tiempo que la protege de posibles da\u00f1os? Entonces el Mini-Emptor es la elecci\u00f3n perfecta.<\/p>\n<p><a href=\"https:\/\/www.veltec.eu\/es\/?page_id=59202\">Aqu\u00ed encontrar\u00e1 todas las piezas para la bolsa exterior Kirby y accesorios.<\/a><\/p>\n<h3>Compatibilidad universal para todas las bolsas exteriores Kirby<\/h3>\n<p>Una de las mayores ventajas del Mini-Emptor es su compatibilidad universal. Tanto si utiliza un Kirby antiguo como un modelo m\u00e1s nuevo, este pie se adapta perfectamente a cualquier bolsa exterior Kirby. Esto significa que no tendr\u00e1 que perder tiempo buscando accesorios espec\u00edficos para su modelo. El f\u00e1cil montaje le garantiza que estar\u00e1 listo para empezar en cuesti\u00f3n de minutos. Esto hace que el Mini-Emptor sea imprescindible para cualquier usuario de Kirby.<\/p>\n<div id=\"attachment_72581\" style=\"width: 310px\" class=\"wp-caption alignnone\"><img decoding=\"async\" aria-describedby=\"caption-attachment-72581\" class=\"wp-image-72581 size-medium\" title=\"Kirby Mini-Emptor modelo antiguo y nuevo\" src=\"https:\/\/www.veltec.eu\/wp-content\/uploads\/2018\/10\/Kirby-mini-Emptor-300x148.jpg\" alt=\"Kirby Mini-Emptor modelo antiguo y nuevo\" width=\"300\" height=\"148\" srcset=\"https:\/\/www.veltec.eu\/wp-content\/uploads\/2018\/10\/Kirby-mini-Emptor-300x148.jpg 300w, https:\/\/www.veltec.eu\/wp-content\/uploads\/2018\/10\/Kirby-mini-Emptor-705x348.jpg 705w, https:\/\/www.veltec.eu\/wp-content\/uploads\/2018\/10\/Kirby-mini-Emptor-450x222.jpg 450w, https:\/\/www.veltec.eu\/wp-content\/uploads\/2018\/10\/Kirby-mini-Emptor-600x296.jpg 600w, https:\/\/www.veltec.eu\/wp-content\/uploads\/2018\/10\/Kirby-mini-Emptor-122x60.jpg 122w, https:\/\/www.veltec.eu\/wp-content\/uploads\/2018\/10\/Kirby-mini-Emptor-183x90.jpg 183w, https:\/\/www.veltec.eu\/wp-content\/uploads\/2018\/10\/Kirby-mini-Emptor.jpg 720w\" sizes=\"(max-width: 300px) 100vw, 300px\" \/><p id=\"caption-attachment-72581\" class=\"wp-caption-text\">Kirby Mini-Emptor modelo antiguo y nuevo<\/p><\/div>\n<h3>Dise\u00f1o innovador para una m\u00e1xima protecci\u00f3n<\/h3>\n<p>El Mini-Emptor no es s\u00f3lo un pedestal; es un compartimento de dise\u00f1o innovador que atrapa las part\u00edculas de suciedad m\u00e1s pesadas antes de que entren en la aspiradora. Esto evita posibles da\u00f1os en el rotor, lo que no s\u00f3lo alarga la vida de su aspiradora, sino que tambi\u00e9n reduce los costes de mantenimiento. Tanto si se trata de arena, gravilla u otros residuos pesados, el Mini-Emptor ofrece la soluci\u00f3n perfecta.<\/p>\n<h3>Eficaz y duradera<\/h3>\n<p>Gracias al compartimento incorporado, la suciedad pesada se recoge y se mantiene separada. Esto permite que su aspiradora Kirby se concentre en aspirar el polvo y la suciedad m\u00e1s ligeros, garantizando un funcionamiento m\u00e1s eficiente. Adem\u00e1s, este dise\u00f1o protege no s\u00f3lo el rotor, sino tambi\u00e9n el motor, haciendo que su aspiradora dure m\u00e1s.<\/p>\n<h3>F\u00e1cil de usar y mantener<\/h3>\n<p>El Mini-Emptor no s\u00f3lo es f\u00e1cil de instalar, sino tambi\u00e9n de limpiar. El compartimento puede vaciarse con facilidad, por lo que siempre tendr\u00e1 garantizado un rendimiento \u00f3ptimo. Su material duradero puede soportar un uso intensivo, lo que significa que disfrutar\u00e1 de esta inversi\u00f3n durante a\u00f1os. Adem\u00e1s, no requiere accesorios ni productos de mantenimiento adicionales.<\/p>\n<h3>\u00bfPor qu\u00e9 elegir el Mini-Emptor de Kirby?<\/h3>\n<p>Con el Mini-Emptor, usted elige una combinaci\u00f3n de funcionalidad, durabilidad y facilidad de uso. El dise\u00f1o universal, la protecci\u00f3n contra part\u00edculas de suciedad pesadas y la facilidad de mantenimiento hacen que este accesorio sea indispensable para cualquier usuario de Kirby. Proteja su aspiradora, prolongue su vida \u00fatil y disfrute de un rendimiento \u00f3ptimo con el Mini-Emptor.<\/p>\n<p>Elija el Mini-Emptor hoy mismo y compruebe usted mismo la diferencia.<\/p>\n","protected":false},"excerpt":{"rendered":"<p>Mini-Emptor Kirby para la bolsa de envase.<br \/>\nTanto el viejo como el nuevo modelo de la manguera de llenado Kirby se adapta a este Mini-Emptor Kirby.<\/p>\n[trustindex data-widget-id=48bbd87242952812953642309d4]\n<h3><span style=\"color: #008000;\"><br \/>\nEn stock<\/span><\/h3>\n[av_font_icon icon='ue812' font='entypo-fontello' style='' caption='' size='25px' position='left' color='#43ad66' link='' linktarget='' title_attr='' sonar_effect_effect='' sonar_effect_color='' sonar_effect_duration='1' sonar_effect_scale='' sonar_effect_opac='0.5' animation='' id='' custom_class='' template_class='' av_uid='' sc_version='1.0' admin_preview_bg=''][\/av_font_icon]\n<p><span style=\"color: #008000;\">Pedido antes de las 23:59, enviado ma\u00f1ana<\/span><\/p>\n<p>&nbsp;<\/p>\n","protected":false},"featured_media":5946,"comment_status":"open","ping_status":"closed","template":"","meta":{"_acf_changed":false},"product_brand":[],"product_cat":[370],"product_tag":[],"class_list":{"0":"post-12134","1":"product","2":"type-product","3":"status-publish","4":"has-post-thumbnail","6":"product_cat-bolsa-exterior-kirby-y-accesorios","7":"product_shipping_class-klein-es","9":"first","10":"instock","11":"taxable","12":"shipping-taxable","13":"purchasable","14":"product-type-simple"},"acf":[],"yoast_head":"<!-- This site is optimized with the Yoast SEO Premium plugin v27.1 (Yoast SEO v27.4) - https:\/\/yoast.com\/product\/yoast-seo-premium-wordpress\/ -->\n<title>Mini-Emptor Kirby - Veltec Kirby specialist<\/title>\n<meta name=\"description\" content=\"Mini-Emptor Kirby - Veltec es el proveedor de las aspiradoras Kirby desde hace m\u00e1s de 25 a\u00f1os. Y es su especialista en servicio Kirby\" \/>\n<meta name=\"robots\" content=\"index, follow, max-snippet:-1, max-image-preview:large, max-video-preview:-1\" \/>\n<link rel=\"canonical\" href=\"https:\/\/www.veltec.eu\/es\/product\/mini-emptor-kirby-nl3164\/\" \/>\n<meta property=\"og:locale\" content=\"es_ES\" \/>\n<meta property=\"og:type\" content=\"article\" \/>\n<meta property=\"og:title\" content=\"Mini-Emptor Kirby\" \/>\n<meta property=\"og:description\" content=\"Mini-Emptor Kirby para la bolsa de envase. Tanto el viejo como el nuevo modelo de la manguera de llenado Kirby se adapta a este Mini-Emptor Kirby.    En stock   Pedido antes de las 23:59, enviado ma\u00f1ana  &nbsp;\" \/>\n<meta property=\"og:url\" content=\"https:\/\/www.veltec.eu\/es\/product\/mini-emptor-kirby-nl3164\/\" \/>\n<meta property=\"og:site_name\" content=\"Veltec Kirby specialist\" \/>\n<meta property=\"article:publisher\" content=\"https:\/\/www.facebook.com\/Veltec-Kirby-Specialist-236746293374877\/\" \/>\n<meta property=\"article:modified_time\" content=\"2025-01-02T13:32:30+00:00\" \/>\n<meta property=\"og:image\" content=\"https:\/\/www.veltec.eu\/wp-content\/uploads\/2018\/10\/kirby-sentria-mini-emtor-k188906.jpg\" \/>\n\t<meta property=\"og:image:width\" content=\"300\" \/>\n\t<meta property=\"og:image:height\" content=\"300\" \/>\n\t<meta property=\"og:image:type\" content=\"image\/jpeg\" \/>\n<meta name=\"twitter:card\" content=\"summary_large_image\" \/>\n<meta name=\"twitter:label1\" content=\"Tiempo de lectura\" \/>\n\t<meta name=\"twitter:data1\" content=\"3 minutos\" \/>\n<script type=\"application\/ld+json\" class=\"yoast-schema-graph\">{\"@context\":\"https:\\\/\\\/schema.org\",\"@graph\":[{\"@type\":\"WebPage\",\"@id\":\"https:\\\/\\\/www.veltec.eu\\\/es\\\/product\\\/mini-emptor-kirby-nl3164\\\/\",\"url\":\"https:\\\/\\\/www.veltec.eu\\\/es\\\/product\\\/mini-emptor-kirby-nl3164\\\/\",\"name\":\"Mini-Emptor Kirby - Veltec Kirby specialist\",\"isPartOf\":{\"@id\":\"https:\\\/\\\/www.veltec.eu\\\/en\\\/#website\"},\"primaryImageOfPage\":{\"@id\":\"https:\\\/\\\/www.veltec.eu\\\/es\\\/product\\\/mini-emptor-kirby-nl3164\\\/#primaryimage\"},\"image\":{\"@id\":\"https:\\\/\\\/www.veltec.eu\\\/es\\\/product\\\/mini-emptor-kirby-nl3164\\\/#primaryimage\"},\"thumbnailUrl\":\"https:\\\/\\\/www.veltec.eu\\\/wp-content\\\/uploads\\\/2018\\\/10\\\/kirby-sentria-mini-emtor-k188906.jpg\",\"datePublished\":\"2018-10-16T11:04:04+00:00\",\"dateModified\":\"2025-01-02T13:32:30+00:00\",\"description\":\"Mini-Emptor Kirby - Veltec es el proveedor de las aspiradoras Kirby desde hace m\u00e1s de 25 a\u00f1os. Y es su especialista en servicio Kirby\",\"breadcrumb\":{\"@id\":\"https:\\\/\\\/www.veltec.eu\\\/es\\\/product\\\/mini-emptor-kirby-nl3164\\\/#breadcrumb\"},\"inLanguage\":\"es\",\"potentialAction\":[{\"@type\":\"ReadAction\",\"target\":[\"https:\\\/\\\/www.veltec.eu\\\/es\\\/product\\\/mini-emptor-kirby-nl3164\\\/\"]}]},{\"@type\":\"ImageObject\",\"inLanguage\":\"es\",\"@id\":\"https:\\\/\\\/www.veltec.eu\\\/es\\\/product\\\/mini-emptor-kirby-nl3164\\\/#primaryimage\",\"url\":\"https:\\\/\\\/www.veltec.eu\\\/wp-content\\\/uploads\\\/2018\\\/10\\\/kirby-sentria-mini-emtor-k188906.jpg\",\"contentUrl\":\"https:\\\/\\\/www.veltec.eu\\\/wp-content\\\/uploads\\\/2018\\\/10\\\/kirby-sentria-mini-emtor-k188906.jpg\",\"width\":300,\"height\":300,\"caption\":\"Kirby sentria mini emtor\"},{\"@type\":\"BreadcrumbList\",\"@id\":\"https:\\\/\\\/www.veltec.eu\\\/es\\\/product\\\/mini-emptor-kirby-nl3164\\\/#breadcrumb\",\"itemListElement\":[{\"@type\":\"ListItem\",\"position\":1,\"name\":\"Home\",\"item\":\"https:\\\/\\\/www.veltec.eu\\\/es\\\/pagina-de-inicio\\\/\"},{\"@type\":\"ListItem\",\"position\":2,\"name\":\"Tienda Kirby\",\"item\":\"https:\\\/\\\/www.veltec.eu\\\/es\\\/tienda-kirby\\\/\"},{\"@type\":\"ListItem\",\"position\":3,\"name\":\"Mini-Emptor Kirby\"}]},{\"@type\":\"WebSite\",\"@id\":\"https:\\\/\\\/www.veltec.eu\\\/en\\\/#website\",\"url\":\"https:\\\/\\\/www.veltec.eu\\\/en\\\/\",\"name\":\"Veltec Kirby specialist\",\"description\":\"Kirby stofzuiger producten\",\"publisher\":{\"@id\":\"https:\\\/\\\/www.veltec.eu\\\/en\\\/#organization\"},\"potentialAction\":[{\"@type\":\"SearchAction\",\"target\":{\"@type\":\"EntryPoint\",\"urlTemplate\":\"https:\\\/\\\/www.veltec.eu\\\/en\\\/?s={search_term_string}\"},\"query-input\":{\"@type\":\"PropertyValueSpecification\",\"valueRequired\":true,\"valueName\":\"search_term_string\"}}],\"inLanguage\":\"es\"},{\"@type\":\"Organization\",\"@id\":\"https:\\\/\\\/www.veltec.eu\\\/en\\\/#organization\",\"name\":\"Veltec Kirby Specialist\",\"url\":\"https:\\\/\\\/www.veltec.eu\\\/en\\\/\",\"logo\":{\"@type\":\"ImageObject\",\"inLanguage\":\"es\",\"@id\":\"https:\\\/\\\/www.veltec.eu\\\/en\\\/#\\\/schema\\\/logo\\\/image\\\/\",\"url\":\"https:\\\/\\\/www.veltec.eu\\\/wp-content\\\/uploads\\\/2021\\\/12\\\/Veltec-log-groot-e1537260889125.png\",\"contentUrl\":\"https:\\\/\\\/www.veltec.eu\\\/wp-content\\\/uploads\\\/2021\\\/12\\\/Veltec-log-groot-e1537260889125.png\",\"width\":200,\"height\":60,\"caption\":\"Veltec Kirby Specialist\"},\"image\":{\"@id\":\"https:\\\/\\\/www.veltec.eu\\\/en\\\/#\\\/schema\\\/logo\\\/image\\\/\"},\"sameAs\":[\"https:\\\/\\\/www.facebook.com\\\/Veltec-Kirby-Specialist-236746293374877\\\/\",\"https:\\\/\\\/www.youtube.com\\\/user\\\/VeltecService\"]}]}<\/script>\n<!-- \/ Yoast SEO Premium plugin. -->","yoast_head_json":{"title":"Mini-Emptor Kirby - Veltec Kirby specialist","description":"Mini-Emptor Kirby - Veltec es el proveedor de las aspiradoras Kirby desde hace m\u00e1s de 25 a\u00f1os. Y es su especialista en servicio Kirby","robots":{"index":"index","follow":"follow","max-snippet":"max-snippet:-1","max-image-preview":"max-image-preview:large","max-video-preview":"max-video-preview:-1"},"canonical":"https:\/\/www.veltec.eu\/es\/product\/mini-emptor-kirby-nl3164\/","og_locale":"es_ES","og_type":"article","og_title":"Mini-Emptor Kirby","og_description":"Mini-Emptor Kirby para la bolsa de envase. Tanto el viejo como el nuevo modelo de la manguera de llenado Kirby se adapta a este Mini-Emptor Kirby.    En stock   Pedido antes de las 23:59, enviado ma\u00f1ana  &nbsp;","og_url":"https:\/\/www.veltec.eu\/es\/product\/mini-emptor-kirby-nl3164\/","og_site_name":"Veltec Kirby specialist","article_publisher":"https:\/\/www.facebook.com\/Veltec-Kirby-Specialist-236746293374877\/","article_modified_time":"2025-01-02T13:32:30+00:00","og_image":[{"width":300,"height":300,"url":"https:\/\/www.veltec.eu\/wp-content\/uploads\/2018\/10\/kirby-sentria-mini-emtor-k188906.jpg","type":"image\/jpeg"}],"twitter_card":"summary_large_image","twitter_misc":{"Tiempo de lectura":"3 minutos"},"schema":{"@context":"https:\/\/schema.org","@graph":[{"@type":"WebPage","@id":"https:\/\/www.veltec.eu\/es\/product\/mini-emptor-kirby-nl3164\/","url":"https:\/\/www.veltec.eu\/es\/product\/mini-emptor-kirby-nl3164\/","name":"Mini-Emptor Kirby - Veltec Kirby specialist","isPartOf":{"@id":"https:\/\/www.veltec.eu\/en\/#website"},"primaryImageOfPage":{"@id":"https:\/\/www.veltec.eu\/es\/product\/mini-emptor-kirby-nl3164\/#primaryimage"},"image":{"@id":"https:\/\/www.veltec.eu\/es\/product\/mini-emptor-kirby-nl3164\/#primaryimage"},"thumbnailUrl":"https:\/\/www.veltec.eu\/wp-content\/uploads\/2018\/10\/kirby-sentria-mini-emtor-k188906.jpg","datePublished":"2018-10-16T11:04:04+00:00","dateModified":"2025-01-02T13:32:30+00:00","description":"Mini-Emptor Kirby - Veltec es el proveedor de las aspiradoras Kirby desde hace m\u00e1s de 25 a\u00f1os. Y es su especialista en servicio Kirby","breadcrumb":{"@id":"https:\/\/www.veltec.eu\/es\/product\/mini-emptor-kirby-nl3164\/#breadcrumb"},"inLanguage":"es","potentialAction":[{"@type":"ReadAction","target":["https:\/\/www.veltec.eu\/es\/product\/mini-emptor-kirby-nl3164\/"]}]},{"@type":"ImageObject","inLanguage":"es","@id":"https:\/\/www.veltec.eu\/es\/product\/mini-emptor-kirby-nl3164\/#primaryimage","url":"https:\/\/www.veltec.eu\/wp-content\/uploads\/2018\/10\/kirby-sentria-mini-emtor-k188906.jpg","contentUrl":"https:\/\/www.veltec.eu\/wp-content\/uploads\/2018\/10\/kirby-sentria-mini-emtor-k188906.jpg","width":300,"height":300,"caption":"Kirby sentria mini emtor"},{"@type":"BreadcrumbList","@id":"https:\/\/www.veltec.eu\/es\/product\/mini-emptor-kirby-nl3164\/#breadcrumb","itemListElement":[{"@type":"ListItem","position":1,"name":"Home","item":"https:\/\/www.veltec.eu\/es\/pagina-de-inicio\/"},{"@type":"ListItem","position":2,"name":"Tienda Kirby","item":"https:\/\/www.veltec.eu\/es\/tienda-kirby\/"},{"@type":"ListItem","position":3,"name":"Mini-Emptor Kirby"}]},{"@type":"WebSite","@id":"https:\/\/www.veltec.eu\/en\/#website","url":"https:\/\/www.veltec.eu\/en\/","name":"Veltec Kirby specialist","description":"Kirby stofzuiger producten","publisher":{"@id":"https:\/\/www.veltec.eu\/en\/#organization"},"potentialAction":[{"@type":"SearchAction","target":{"@type":"EntryPoint","urlTemplate":"https:\/\/www.veltec.eu\/en\/?s={search_term_string}"},"query-input":{"@type":"PropertyValueSpecification","valueRequired":true,"valueName":"search_term_string"}}],"inLanguage":"es"},{"@type":"Organization","@id":"https:\/\/www.veltec.eu\/en\/#organization","name":"Veltec Kirby Specialist","url":"https:\/\/www.veltec.eu\/en\/","logo":{"@type":"ImageObject","inLanguage":"es","@id":"https:\/\/www.veltec.eu\/en\/#\/schema\/logo\/image\/","url":"https:\/\/www.veltec.eu\/wp-content\/uploads\/2021\/12\/Veltec-log-groot-e1537260889125.png","contentUrl":"https:\/\/www.veltec.eu\/wp-content\/uploads\/2021\/12\/Veltec-log-groot-e1537260889125.png","width":200,"height":60,"caption":"Veltec Kirby Specialist"},"image":{"@id":"https:\/\/www.veltec.eu\/en\/#\/schema\/logo\/image\/"},"sameAs":["https:\/\/www.facebook.com\/Veltec-Kirby-Specialist-236746293374877\/","https:\/\/www.youtube.com\/user\/VeltecService"]}]}},"_links":{"self":[{"href":"https:\/\/www.veltec.eu\/es\/wp-json\/wp\/v2\/product\/12134","targetHints":{"allow":["GET"]}}],"collection":[{"href":"https:\/\/www.veltec.eu\/es\/wp-json\/wp\/v2\/product"}],"about":[{"href":"https:\/\/www.veltec.eu\/es\/wp-json\/wp\/v2\/types\/product"}],"replies":[{"embeddable":true,"href":"https:\/\/www.veltec.eu\/es\/wp-json\/wp\/v2\/comments?post=12134"}],"wp:featuredmedia":[{"embeddable":true,"href":"https:\/\/www.veltec.eu\/es\/wp-json\/wp\/v2\/media\/5946"}],"wp:attachment":[{"href":"https:\/\/www.veltec.eu\/es\/wp-json\/wp\/v2\/media?parent=12134"}],"wp:term":[{"taxonomy":"product_brand","embeddable":true,"href":"https:\/\/www.veltec.eu\/es\/wp-json\/wp\/v2\/product_brand?post=12134"},{"taxonomy":"product_cat","embeddable":true,"href":"https:\/\/www.veltec.eu\/es\/wp-json\/wp\/v2\/product_cat?post=12134"},{"taxonomy":"product_tag","embeddable":true,"href":"https:\/\/www.veltec.eu\/es\/wp-json\/wp\/v2\/product_tag?post=12134"}],"curies":[{"name":"wp","href":"https:\/\/api.w.org\/{rel}","templated":true}]}}