{"id":12129,"date":"2018-10-16T13:11:19","date_gmt":"2018-10-16T11:11:19","guid":{"rendered":"https:\/\/www.veltec.eu\/kirby-webshop\/cubierta-superior-de-la-bolsa-exterior-kirby-nl3033\/"},"modified":"2026-05-12T10:28:00","modified_gmt":"2026-05-12T08:28:00","slug":"cubierta-superior-de-la-bolsa-exterior-kirby-nl3033","status":"publish","type":"product","link":"https:\/\/www.veltec.eu\/es\/product\/cubierta-superior-de-la-bolsa-exterior-kirby-nl3033\/","title":{"rendered":"Cubierta Superior de la Bolsa Exterior Kirby"},"content":{"rendered":"<h1>Cubierta Superior de la Bolsa Exterior Kirby<\/h1>\n<p>Cubierta Superior de la Bolsa Exterior Kirby para sellar la bolsa.<\/p>\n<p><strong>Esta tapa superior para la bolsa exterior es adecuada para todas las aspiradoras Kirby;<\/strong><\/p>\n<ul>\n<li>Avalir Platinum<\/li>\n<li>Avalir 2<\/li>\n<li>Avalir 1<\/li>\n<li>Sentria 2 (G10D)<\/li>\n<li>Sentria 1 (G10)<\/li>\n<li>Ultimate G Diamond Ed.(G7D or DE)<\/li>\n<li>Ultimate G (G7 or UG)<\/li>\n<li>Generation 6 (G6)<\/li>\n<li>Generation 5 (G5)<\/li>\n<li>Generation 4 (G4)<\/li>\n<li>Generation 3 (G3)<\/li>\n<\/ul>\n<h2>Cubierta Superior de la Bolsa Exterior Kirby: La Soluci\u00f3n Ideal para Cada Aspiradora Kirby<\/h2>\n<p>La Capucha Superior es una parte esencial de su aspiradora Kirby. Esta capucha de pl\u00e1stico est\u00e1 dise\u00f1ada para sostener firmemente la parte superior de la bolsa exterior Kirby y sellarla herm\u00e9ticamente. Gracias a su dise\u00f1o universal, esta cubierta superior es apta para todos los modelos Kirby. Con este pr\u00e1ctico accesorio se asegura una funcionalidad \u00f3ptima y una vida \u00fatil m\u00e1s larga de su bolsa exterior Kirby.<\/p>\n<p><a href=\"https:\/\/www.veltec.eu\/es\/aspiradoras-y-bolsas\/bolsa-exterior-kirby-y-accesorios\/\">Aqu\u00ed encontrar\u00e1 todo para la bolsa exterior Kirby y accesorios.<\/a><\/p>\n<h3>\u00bfQu\u00e9 es la Cubierta Superior de la Bolsa Exterior Kirby?<\/h3>\n<p>La capota superior Kirby es una capota de pl\u00e1stico resistente especialmente dise\u00f1ada para que su aspiradora Kirby funcione de forma \u00f3ptima. Esta capota garantiza:<\/p>\n<ul>\n<li>Firmeza: La parte superior de la bolsa exterior se mantiene firme y en buena forma.<\/li>\n<li>Estanqueidad: La campana sella perfectamente la bolsa, impidiendo que se escapen el polvo y la suciedad.<\/li>\n<li>Ajuste universal: No importa qu\u00e9 modelo Kirby utilice; esta capucha superior se adapta a todas las bolsas exteriores Kirby.<\/li>\n<\/ul>\n<p>El dise\u00f1o es sencillo pero extremadamente eficaz, contribuyendo a un hogar m\u00e1s limpio e higi\u00e9nico.<\/p>\n<h3>\u00bfPor qu\u00e9 elegir la tapa superior Kirby?<\/h3>\n<p>Una aspiradora Kirby que funcione bien empieza con los accesorios adecuados. La capota superior Kirby ofrece:<\/p>\n<p><strong>Durabilidad<\/strong><br \/>\nFabricada en pl\u00e1stico de alta calidad, esta capota resiste el uso y el desgaste diarios. Como resultado, no tendr\u00e1 que preocuparse por sustituirla en un futuro pr\u00f3ximo.<br \/>\n<strong>F\u00e1cil instalaci\u00f3n<br \/>\n<\/strong>Instalar la capota es pan comido. Basta con deslizarla en la parte superior de la bolsa exterior y se mantiene firmemente en su sitio.<br \/>\n<strong>Rendimiento \u00f3ptimo de la aspiradora<\/strong><br \/>\nCon una bolsa exterior resistente y bien sellada, su aspiradora funciona mejor. Notar\u00e1 inmediatamente la diferencia en potencia de succi\u00f3n e higiene.<\/p>\n<h3>\u00bfC\u00f3mo se utiliza la Cubierta Superior de la Bolsa Exterior?<\/h3>\n<p>Utilizar la Capucha Superior Kirby es sencillo:<\/p>\n<ul>\n<li>Retire la capucha antigua o inspeccione la parte superior actual de la bolsa exterior.<\/li>\n<li>Coloque la nueva tapa superior firmemente en la abertura de la bolsa exterior.<\/li>\n<li>Compruebe que todo sella correctamente y est\u00e1 firmemente en su sitio.<\/li>\n<\/ul>\n<p>En pocos minutos, \u00a1su aspiradora Kirby estar\u00e1 lista para usar!<\/p>\n<h3>Apta para todos los modelos Kirby<\/h3>\n<p>Gracias a su dise\u00f1o universal, esta campana es compatible con todos los modelos Kirby. Tanto si tiene una aspiradora Kirby antigua como una nueva, esta campana superior siempre se adapta perfectamente. Esto la convierte en una soluci\u00f3n vers\u00e1til para todos los hogares.<\/p>\n<p>Con la cubierta superior de la bolsa exterior, obtendr\u00e1 un accesorio indispensable que mejora el rendimiento de su aspiradora Kirby y garantiza un resultado higi\u00e9nico. No lo dude y haga hoy mismo su pedido para completar su aspiradora.<\/p>\n","protected":false},"excerpt":{"rendered":"<p>Cubierta superior de la bolsa exterior.<\/p>\n[trustindex data-widget-id=48bbd87242952812953642309d4]\n<h3><span style=\"color: #008000;\"><br \/>\nEn stock<\/span><\/h3>\n[av_font_icon icon='ue812' font='entypo-fontello' style='' caption='' size='25px' position='left' color='#43ad66' link='' linktarget='' title_attr='' sonar_effect_effect='' sonar_effect_color='' sonar_effect_duration='1' sonar_effect_scale='' sonar_effect_opac='0.5' animation='' id='' custom_class='' template_class='' av_uid='' sc_version='1.0' admin_preview_bg=''][\/av_font_icon]\n<p><span style=\"color: #008000;\">Pedido antes de las 23:59, enviado ma\u00f1ana<\/span><\/p>\n<p>&nbsp;<\/p>\n","protected":false},"featured_media":5961,"comment_status":"open","ping_status":"closed","template":"","meta":{"_acf_changed":false},"product_brand":[],"product_cat":[370],"product_tag":[],"class_list":{"0":"post-12129","1":"product","2":"type-product","3":"status-publish","4":"has-post-thumbnail","6":"product_cat-bolsa-exterior-kirby-y-accesorios","7":"product_shipping_class-klein-es","9":"first","10":"instock","11":"taxable","12":"shipping-taxable","13":"purchasable","14":"product-type-simple"},"acf":[],"yoast_head":"<!-- This site is optimized with the Yoast SEO Premium plugin v27.1 (Yoast SEO v27.5) - https:\/\/yoast.com\/product\/yoast-seo-premium-wordpress\/ -->\n<title>Cubierta Superior de la Bolsa Exterior Kirby - Veltec Kirby specialist<\/title>\n<meta name=\"description\" content=\"Cubierta Superior de la Bolsa Exterior Kirby Veltec es el proveedor de las aspiradoras Kirby desde hace m\u00e1s de 25 a\u00f1os. Kirby Specialist\" \/>\n<meta name=\"robots\" content=\"index, follow, max-snippet:-1, max-image-preview:large, max-video-preview:-1\" \/>\n<link rel=\"canonical\" href=\"https:\/\/www.veltec.eu\/es\/product\/cubierta-superior-de-la-bolsa-exterior-kirby-nl3033\/\" \/>\n<meta property=\"og:locale\" content=\"es_ES\" \/>\n<meta property=\"og:type\" content=\"article\" \/>\n<meta property=\"og:title\" content=\"Cubierta Superior de la Bolsa Exterior Kirby\" \/>\n<meta property=\"og:description\" content=\"Cubierta superior de la bolsa exterior.    En stock   Pedido antes de las 23:59, enviado ma\u00f1ana  &nbsp;\" \/>\n<meta property=\"og:url\" content=\"https:\/\/www.veltec.eu\/es\/product\/cubierta-superior-de-la-bolsa-exterior-kirby-nl3033\/\" \/>\n<meta property=\"og:site_name\" content=\"Veltec Kirby specialist\" \/>\n<meta property=\"article:publisher\" content=\"https:\/\/www.facebook.com\/Veltec-Kirby-Specialist-236746293374877\/\" \/>\n<meta property=\"article:modified_time\" content=\"2026-05-12T08:28:00+00:00\" \/>\n<meta property=\"og:image\" content=\"https:\/\/www.veltec.eu\/wp-content\/uploads\/2018\/10\/bovenkap_buitenzak.jpg\" \/>\n\t<meta property=\"og:image:width\" content=\"300\" \/>\n\t<meta property=\"og:image:height\" content=\"300\" \/>\n\t<meta property=\"og:image:type\" content=\"image\/jpeg\" \/>\n<meta name=\"twitter:card\" content=\"summary_large_image\" \/>\n<meta name=\"twitter:label1\" content=\"Tiempo de lectura\" \/>\n\t<meta name=\"twitter:data1\" content=\"3 minutos\" \/>\n<script type=\"application\/ld+json\" class=\"yoast-schema-graph\">{\"@context\":\"https:\\\/\\\/schema.org\",\"@graph\":[{\"@type\":\"WebPage\",\"@id\":\"https:\\\/\\\/www.veltec.eu\\\/es\\\/product\\\/cubierta-superior-de-la-bolsa-exterior-kirby-nl3033\\\/\",\"url\":\"https:\\\/\\\/www.veltec.eu\\\/es\\\/product\\\/cubierta-superior-de-la-bolsa-exterior-kirby-nl3033\\\/\",\"name\":\"Cubierta Superior de la Bolsa Exterior Kirby - Veltec Kirby specialist\",\"isPartOf\":{\"@id\":\"https:\\\/\\\/www.veltec.eu\\\/en\\\/#website\"},\"primaryImageOfPage\":{\"@id\":\"https:\\\/\\\/www.veltec.eu\\\/es\\\/product\\\/cubierta-superior-de-la-bolsa-exterior-kirby-nl3033\\\/#primaryimage\"},\"image\":{\"@id\":\"https:\\\/\\\/www.veltec.eu\\\/es\\\/product\\\/cubierta-superior-de-la-bolsa-exterior-kirby-nl3033\\\/#primaryimage\"},\"thumbnailUrl\":\"https:\\\/\\\/www.veltec.eu\\\/wp-content\\\/uploads\\\/2018\\\/10\\\/bovenkap_buitenzak.jpg\",\"datePublished\":\"2018-10-16T11:11:19+00:00\",\"dateModified\":\"2026-05-12T08:28:00+00:00\",\"description\":\"Cubierta Superior de la Bolsa Exterior Kirby Veltec es el proveedor de las aspiradoras Kirby desde hace m\u00e1s de 25 a\u00f1os. Kirby Specialist\",\"breadcrumb\":{\"@id\":\"https:\\\/\\\/www.veltec.eu\\\/es\\\/product\\\/cubierta-superior-de-la-bolsa-exterior-kirby-nl3033\\\/#breadcrumb\"},\"inLanguage\":\"es\",\"potentialAction\":[{\"@type\":\"ReadAction\",\"target\":[\"https:\\\/\\\/www.veltec.eu\\\/es\\\/product\\\/cubierta-superior-de-la-bolsa-exterior-kirby-nl3033\\\/\"]}]},{\"@type\":\"ImageObject\",\"inLanguage\":\"es\",\"@id\":\"https:\\\/\\\/www.veltec.eu\\\/es\\\/product\\\/cubierta-superior-de-la-bolsa-exterior-kirby-nl3033\\\/#primaryimage\",\"url\":\"https:\\\/\\\/www.veltec.eu\\\/wp-content\\\/uploads\\\/2018\\\/10\\\/bovenkap_buitenzak.jpg\",\"contentUrl\":\"https:\\\/\\\/www.veltec.eu\\\/wp-content\\\/uploads\\\/2018\\\/10\\\/bovenkap_buitenzak.jpg\",\"width\":300,\"height\":300,\"caption\":\"Cubierta Superior de la Bolsa Exterior Kirby\"},{\"@type\":\"BreadcrumbList\",\"@id\":\"https:\\\/\\\/www.veltec.eu\\\/es\\\/product\\\/cubierta-superior-de-la-bolsa-exterior-kirby-nl3033\\\/#breadcrumb\",\"itemListElement\":[{\"@type\":\"ListItem\",\"position\":1,\"name\":\"Home\",\"item\":\"https:\\\/\\\/www.veltec.eu\\\/es\\\/pagina-de-inicio\\\/\"},{\"@type\":\"ListItem\",\"position\":2,\"name\":\"Tienda Kirby\",\"item\":\"https:\\\/\\\/www.veltec.eu\\\/es\\\/tienda-kirby\\\/\"},{\"@type\":\"ListItem\",\"position\":3,\"name\":\"Cubierta Superior de la Bolsa Exterior Kirby\"}]},{\"@type\":\"WebSite\",\"@id\":\"https:\\\/\\\/www.veltec.eu\\\/en\\\/#website\",\"url\":\"https:\\\/\\\/www.veltec.eu\\\/en\\\/\",\"name\":\"Veltec Kirby specialist\",\"description\":\"Kirby stofzuiger producten\",\"publisher\":{\"@id\":\"https:\\\/\\\/www.veltec.eu\\\/en\\\/#organization\"},\"potentialAction\":[{\"@type\":\"SearchAction\",\"target\":{\"@type\":\"EntryPoint\",\"urlTemplate\":\"https:\\\/\\\/www.veltec.eu\\\/en\\\/?s={search_term_string}\"},\"query-input\":{\"@type\":\"PropertyValueSpecification\",\"valueRequired\":true,\"valueName\":\"search_term_string\"}}],\"inLanguage\":\"es\"},{\"@type\":\"Organization\",\"@id\":\"https:\\\/\\\/www.veltec.eu\\\/en\\\/#organization\",\"name\":\"Veltec Kirby Specialist\",\"url\":\"https:\\\/\\\/www.veltec.eu\\\/en\\\/\",\"logo\":{\"@type\":\"ImageObject\",\"inLanguage\":\"es\",\"@id\":\"https:\\\/\\\/www.veltec.eu\\\/en\\\/#\\\/schema\\\/logo\\\/image\\\/\",\"url\":\"https:\\\/\\\/www.veltec.eu\\\/wp-content\\\/uploads\\\/2021\\\/12\\\/Veltec-log-groot-e1537260889125.png\",\"contentUrl\":\"https:\\\/\\\/www.veltec.eu\\\/wp-content\\\/uploads\\\/2021\\\/12\\\/Veltec-log-groot-e1537260889125.png\",\"width\":200,\"height\":60,\"caption\":\"Veltec Kirby Specialist\"},\"image\":{\"@id\":\"https:\\\/\\\/www.veltec.eu\\\/en\\\/#\\\/schema\\\/logo\\\/image\\\/\"},\"sameAs\":[\"https:\\\/\\\/www.facebook.com\\\/Veltec-Kirby-Specialist-236746293374877\\\/\",\"https:\\\/\\\/www.youtube.com\\\/user\\\/VeltecService\"]}]}<\/script>\n<!-- \/ Yoast SEO Premium plugin. -->","yoast_head_json":{"title":"Cubierta Superior de la Bolsa Exterior Kirby - Veltec Kirby specialist","description":"Cubierta Superior de la Bolsa Exterior Kirby Veltec es el proveedor de las aspiradoras Kirby desde hace m\u00e1s de 25 a\u00f1os. Kirby Specialist","robots":{"index":"index","follow":"follow","max-snippet":"max-snippet:-1","max-image-preview":"max-image-preview:large","max-video-preview":"max-video-preview:-1"},"canonical":"https:\/\/www.veltec.eu\/es\/product\/cubierta-superior-de-la-bolsa-exterior-kirby-nl3033\/","og_locale":"es_ES","og_type":"article","og_title":"Cubierta Superior de la Bolsa Exterior Kirby","og_description":"Cubierta superior de la bolsa exterior.    En stock   Pedido antes de las 23:59, enviado ma\u00f1ana  &nbsp;","og_url":"https:\/\/www.veltec.eu\/es\/product\/cubierta-superior-de-la-bolsa-exterior-kirby-nl3033\/","og_site_name":"Veltec Kirby specialist","article_publisher":"https:\/\/www.facebook.com\/Veltec-Kirby-Specialist-236746293374877\/","article_modified_time":"2026-05-12T08:28:00+00:00","og_image":[{"width":300,"height":300,"url":"https:\/\/www.veltec.eu\/wp-content\/uploads\/2018\/10\/bovenkap_buitenzak.jpg","type":"image\/jpeg"}],"twitter_card":"summary_large_image","twitter_misc":{"Tiempo de lectura":"3 minutos"},"schema":{"@context":"https:\/\/schema.org","@graph":[{"@type":"WebPage","@id":"https:\/\/www.veltec.eu\/es\/product\/cubierta-superior-de-la-bolsa-exterior-kirby-nl3033\/","url":"https:\/\/www.veltec.eu\/es\/product\/cubierta-superior-de-la-bolsa-exterior-kirby-nl3033\/","name":"Cubierta Superior de la Bolsa Exterior Kirby - Veltec Kirby specialist","isPartOf":{"@id":"https:\/\/www.veltec.eu\/en\/#website"},"primaryImageOfPage":{"@id":"https:\/\/www.veltec.eu\/es\/product\/cubierta-superior-de-la-bolsa-exterior-kirby-nl3033\/#primaryimage"},"image":{"@id":"https:\/\/www.veltec.eu\/es\/product\/cubierta-superior-de-la-bolsa-exterior-kirby-nl3033\/#primaryimage"},"thumbnailUrl":"https:\/\/www.veltec.eu\/wp-content\/uploads\/2018\/10\/bovenkap_buitenzak.jpg","datePublished":"2018-10-16T11:11:19+00:00","dateModified":"2026-05-12T08:28:00+00:00","description":"Cubierta Superior de la Bolsa Exterior Kirby Veltec es el proveedor de las aspiradoras Kirby desde hace m\u00e1s de 25 a\u00f1os. Kirby Specialist","breadcrumb":{"@id":"https:\/\/www.veltec.eu\/es\/product\/cubierta-superior-de-la-bolsa-exterior-kirby-nl3033\/#breadcrumb"},"inLanguage":"es","potentialAction":[{"@type":"ReadAction","target":["https:\/\/www.veltec.eu\/es\/product\/cubierta-superior-de-la-bolsa-exterior-kirby-nl3033\/"]}]},{"@type":"ImageObject","inLanguage":"es","@id":"https:\/\/www.veltec.eu\/es\/product\/cubierta-superior-de-la-bolsa-exterior-kirby-nl3033\/#primaryimage","url":"https:\/\/www.veltec.eu\/wp-content\/uploads\/2018\/10\/bovenkap_buitenzak.jpg","contentUrl":"https:\/\/www.veltec.eu\/wp-content\/uploads\/2018\/10\/bovenkap_buitenzak.jpg","width":300,"height":300,"caption":"Cubierta Superior de la Bolsa Exterior Kirby"},{"@type":"BreadcrumbList","@id":"https:\/\/www.veltec.eu\/es\/product\/cubierta-superior-de-la-bolsa-exterior-kirby-nl3033\/#breadcrumb","itemListElement":[{"@type":"ListItem","position":1,"name":"Home","item":"https:\/\/www.veltec.eu\/es\/pagina-de-inicio\/"},{"@type":"ListItem","position":2,"name":"Tienda Kirby","item":"https:\/\/www.veltec.eu\/es\/tienda-kirby\/"},{"@type":"ListItem","position":3,"name":"Cubierta Superior de la Bolsa Exterior Kirby"}]},{"@type":"WebSite","@id":"https:\/\/www.veltec.eu\/en\/#website","url":"https:\/\/www.veltec.eu\/en\/","name":"Veltec Kirby specialist","description":"Kirby stofzuiger producten","publisher":{"@id":"https:\/\/www.veltec.eu\/en\/#organization"},"potentialAction":[{"@type":"SearchAction","target":{"@type":"EntryPoint","urlTemplate":"https:\/\/www.veltec.eu\/en\/?s={search_term_string}"},"query-input":{"@type":"PropertyValueSpecification","valueRequired":true,"valueName":"search_term_string"}}],"inLanguage":"es"},{"@type":"Organization","@id":"https:\/\/www.veltec.eu\/en\/#organization","name":"Veltec Kirby Specialist","url":"https:\/\/www.veltec.eu\/en\/","logo":{"@type":"ImageObject","inLanguage":"es","@id":"https:\/\/www.veltec.eu\/en\/#\/schema\/logo\/image\/","url":"https:\/\/www.veltec.eu\/wp-content\/uploads\/2021\/12\/Veltec-log-groot-e1537260889125.png","contentUrl":"https:\/\/www.veltec.eu\/wp-content\/uploads\/2021\/12\/Veltec-log-groot-e1537260889125.png","width":200,"height":60,"caption":"Veltec Kirby Specialist"},"image":{"@id":"https:\/\/www.veltec.eu\/en\/#\/schema\/logo\/image\/"},"sameAs":["https:\/\/www.facebook.com\/Veltec-Kirby-Specialist-236746293374877\/","https:\/\/www.youtube.com\/user\/VeltecService"]}]}},"_links":{"self":[{"href":"https:\/\/www.veltec.eu\/es\/wp-json\/wp\/v2\/product\/12129","targetHints":{"allow":["GET"]}}],"collection":[{"href":"https:\/\/www.veltec.eu\/es\/wp-json\/wp\/v2\/product"}],"about":[{"href":"https:\/\/www.veltec.eu\/es\/wp-json\/wp\/v2\/types\/product"}],"replies":[{"embeddable":true,"href":"https:\/\/www.veltec.eu\/es\/wp-json\/wp\/v2\/comments?post=12129"}],"wp:featuredmedia":[{"embeddable":true,"href":"https:\/\/www.veltec.eu\/es\/wp-json\/wp\/v2\/media\/5961"}],"wp:attachment":[{"href":"https:\/\/www.veltec.eu\/es\/wp-json\/wp\/v2\/media?parent=12129"}],"wp:term":[{"taxonomy":"product_brand","embeddable":true,"href":"https:\/\/www.veltec.eu\/es\/wp-json\/wp\/v2\/product_brand?post=12129"},{"taxonomy":"product_cat","embeddable":true,"href":"https:\/\/www.veltec.eu\/es\/wp-json\/wp\/v2\/product_cat?post=12129"},{"taxonomy":"product_tag","embeddable":true,"href":"https:\/\/www.veltec.eu\/es\/wp-json\/wp\/v2\/product_tag?post=12129"}],"curies":[{"name":"wp","href":"https:\/\/api.w.org\/{rel}","templated":true}]}}