{"id":12119,"date":"2018-10-16T13:22:00","date_gmt":"2018-10-16T11:22:00","guid":{"rendered":"https:\/\/www.veltec.eu\/kirby-webshop\/banda-de-sujecion-exterior-kirby-nl3106\/"},"modified":"2024-12-30T16:33:45","modified_gmt":"2024-12-30T14:33:45","slug":"banda-de-sujecion-exterior-kirby-nl3106","status":"publish","type":"product","link":"https:\/\/www.veltec.eu\/es\/product\/banda-de-sujecion-exterior-kirby-nl3106\/","title":{"rendered":"Banda de Sujeci\u00f3n Exterior Kirby"},"content":{"rendered":"<h1>Banda de Sujeci\u00f3n Exterior Kirby<\/h1>\n<p>La Banda de Sujeci\u00f3n Exterior Kirby para sujetar la bolsa exterior al tubo de llenado.<\/p>\n<p><strong>Esta correa de sujeci\u00f3n es adecuada para todas las aspiradoras Kirby;<\/strong><\/p>\n<ul>\n<li>Avalir Platinum<\/li>\n<li>Avalir 2<\/li>\n<li>Avalir 1<\/li>\n<li>Sentria 2 (G10D)<\/li>\n<li>Sentria 1 (G10)<\/li>\n<li>Ultimate G Diamond Ed.(G7D or DE)<\/li>\n<li>Ultimate G (G7 or UG)<\/li>\n<li>Generation 6 (G6)<\/li>\n<li>Generation 5 (G5)<\/li>\n<li>Generation 4 (G4)<\/li>\n<li>Generation 3 (G3)<\/li>\n<\/ul>\n<h2>Banda de Sujeci\u00f3n Exterior Kirby: La soluci\u00f3n de fijaci\u00f3n perfecta para su aspiradora Kirby<\/h2>\n<p>Como orgulloso propietario de una aspiradora Kirby, usted sabe lo importante que es mantener todas las piezas en perfecto estado. La Correa de Sujeci\u00f3n Kirby es el accesorio esencial para sujetar firmemente la bolsa exterior al mini emptor, o base de la bolsa exterior. Esta correa de tensi\u00f3n universal se adapta perfectamente a todas las bolsas exteriores Kirby y ofrece una soluci\u00f3n fiable y duradera. Siga leyendo para descubrir por qu\u00e9 este producto es indispensable para su aspiradora Kirby.<\/p>\n<p><a href=\"https:\/\/www.veltec.eu\/es\/bolsa-exterior-kirby\/\">A continuaci\u00f3n encontrar\u00e1 todos los art\u00edculos para la bolsa exterior Kirby y accesorios<\/a><\/p>\n<h3>\u00bfQu\u00e9 es la banda de tensi\u00f3n Kirby?<\/h3>\n<p>La banda de tensi\u00f3n Kirby es una banda de tensi\u00f3n especialmente dise\u00f1ada que sirve como pieza de conexi\u00f3n entre la bolsa exterior y el mini emptor de su aspiradora Kirby. Esta banda de tensi\u00f3n garantiza que la bolsa exterior permanezca firmemente en su sitio, incluso durante un uso intensivo. Gracias a su dise\u00f1o universal, la correa se adapta a todo tipo de bolsas exteriores Kirby, lo que la convierte en una opci\u00f3n vers\u00e1til para cualquier usuario de Kirby.<\/p>\n<p>Con esta cinta tensora, evitar\u00e1 problemas como una bolsa exterior suelta o fugas de polvo, contribuyendo a una mejor recogida del polvo y a una mayor vida \u00fatil de su aspiradora.<\/p>\n<hr \/>\n<h3>Principales ventajas de la correa de amarre<\/h3>\n<p><strong>1. Universal y compatible<\/strong><br \/>\nLa correa de amarre est\u00e1 dise\u00f1ada para adaptarse a todos los modelos de bolsas de exterior Kirby. Esto significa que no tienes que preocuparte por la compatibilidad: esta correa de tensi\u00f3n es siempre la elecci\u00f3n correcta.<\/p>\n<p><strong>2. Duradera y fiable<\/strong><br \/>\nFabricada con materiales de alta calidad, la correa de amarre Kirby ofrece una larga vida \u00fatil y un agarre firme incluso en el uso diario. No hay necesidad de preocuparse por el desgaste o el reemplazo a corto plazo.<\/p>\n<p><strong>3. F\u00e1cil de instalar<\/strong><br \/>\nCon un sencillo procedimiento de instalaci\u00f3n, puede colocar la correa de amarre en s\u00f3lo unos minutos. No requiere herramientas complicadas ni conocimientos t\u00e9cnicos: ideal para cualquier usuario.<\/p>\n<h3>\u00bfC\u00f3mo se utiliza la Banda de Sujeci\u00f3n Exterior Kirby?<\/h3>\n<p>El uso de la correa de amarre Kirby es sencillo y f\u00e1cil de usar. Siga estos pasos para sujetar con seguridad su bolsa exterior:<\/p>\n<ul>\n<li>Coloque la correa de tensi\u00f3n alrededor de la abertura de la bolsa exterior.<\/li>\n<li>Fije la bolsa exterior al mini emptor, asegur\u00e1ndose de que los bordes queden bien apretados.<\/li>\n<li>Apriete firmemente: Apriete firmemente la correa de amarre para mantener la bolsa exterior en su sitio.<\/li>\n<li>Compruebe la fijaci\u00f3n: Aseg\u00farese de que no haya holgura entre la bolsa exterior y el miniemptor.<\/li>\n<\/ul>\n<p>Estos sencillos pasos garantizar\u00e1n un rendimiento \u00f3ptimo de su aspiradora Kirby.<\/p>\n<h3>\u00bfPor qu\u00e9 elegir la Banda de Sujeci\u00f3n Exterior Kirby?<\/h3>\n<p>Si est\u00e1 buscando una soluci\u00f3n fiable, duradera y universal para asegurar su bolsa de exterior Kirby, la Correa de Tensi\u00f3n es la elecci\u00f3n perfecta. Esta correa de tensi\u00f3n no s\u00f3lo ofrece comodidad y seguridad, sino que tambi\u00e9n contribuye a la eficacia y longevidad de su aspiradora.<\/p>\n<p>Pida hoy mismo su Correa de Sujeci\u00f3n Kirby y \u00a1experimente la diferencia!<\/p>\n","protected":false},"excerpt":{"rendered":"<p>Banda de Sujeci\u00f3n Exterior para la fijaci\u00f3n de la bolsa de polvo exterior en el tubo de llenado.<\/p>\n[trustindex data-widget-id=48bbd87242952812953642309d4]\n<h3><span style=\"color: #008000;\"><br \/>\nEn stock<\/span><\/h3>\n[av_font_icon icon='ue812' font='entypo-fontello' style='' caption='' size='25px' position='left' color='#43ad66' link='' linktarget='' title_attr='' sonar_effect_effect='' sonar_effect_color='' sonar_effect_duration='1' sonar_effect_scale='' sonar_effect_opac='0.5' animation='' id='' custom_class='' template_class='' av_uid='' sc_version='1.0' admin_preview_bg=''][\/av_font_icon]\n<p><span style=\"color: #008000;\">Pedido antes de las 23:59, enviado ma\u00f1ana<\/span><\/p>\n<p>&nbsp;<\/p>\n","protected":false},"featured_media":5977,"comment_status":"open","ping_status":"closed","template":"","meta":{"_acf_changed":false},"product_brand":[],"product_cat":[370],"product_tag":[],"class_list":{"0":"post-12119","1":"product","2":"type-product","3":"status-publish","4":"has-post-thumbnail","6":"product_cat-bolsa-exterior-kirby-para-el-polvo-accesorios","7":"product_shipping_class-klein-es","9":"first","10":"instock","11":"taxable","12":"shipping-taxable","13":"purchasable","14":"product-type-simple"},"acf":[],"yoast_head":"<!-- This site is optimized with the Yoast SEO Premium plugin v27.1 (Yoast SEO v27.4) - https:\/\/yoast.com\/product\/yoast-seo-premium-wordpress\/ -->\n<title>Banda de Sujeci\u00f3n Exterior Kirby - Veltec Kirby specialist<\/title>\n<meta name=\"description\" content=\"Banda de Sujeci\u00f3n Exterior Kirby - Veltec es el proveedor de las aspiradoras Kirby desde hace m\u00e1s de 25 a\u00f1os. Y es su especialista\" \/>\n<meta name=\"robots\" content=\"index, follow, max-snippet:-1, max-image-preview:large, max-video-preview:-1\" \/>\n<link rel=\"canonical\" href=\"https:\/\/www.veltec.eu\/es\/product\/banda-de-sujecion-exterior-kirby-nl3106\/\" \/>\n<meta property=\"og:locale\" content=\"es_ES\" \/>\n<meta property=\"og:type\" content=\"article\" \/>\n<meta property=\"og:title\" content=\"Banda de Sujeci\u00f3n Exterior Kirby\" \/>\n<meta property=\"og:description\" content=\"Banda de Sujeci\u00f3n Exterior para la fijaci\u00f3n de la bolsa de polvo exterior en el tubo de llenado.    En stock   Pedido antes de las 23:59, enviado ma\u00f1ana  &nbsp;\" \/>\n<meta property=\"og:url\" content=\"https:\/\/www.veltec.eu\/es\/product\/banda-de-sujecion-exterior-kirby-nl3106\/\" \/>\n<meta property=\"og:site_name\" content=\"Veltec Kirby specialist\" \/>\n<meta property=\"article:publisher\" content=\"https:\/\/www.facebook.com\/Veltec-Kirby-Specialist-236746293374877\/\" \/>\n<meta property=\"article:modified_time\" content=\"2024-12-30T14:33:45+00:00\" \/>\n<meta property=\"og:image\" content=\"https:\/\/www.veltec.eu\/wp-content\/uploads\/2018\/10\/spanband-voor-kirby-buitenzak.jpg\" \/>\n\t<meta property=\"og:image:width\" content=\"300\" \/>\n\t<meta property=\"og:image:height\" content=\"300\" \/>\n\t<meta property=\"og:image:type\" content=\"image\/jpeg\" \/>\n<meta name=\"twitter:card\" content=\"summary_large_image\" \/>\n<meta name=\"twitter:label1\" content=\"Tiempo de lectura\" \/>\n\t<meta name=\"twitter:data1\" content=\"3 minutos\" \/>\n<script type=\"application\/ld+json\" class=\"yoast-schema-graph\">{\"@context\":\"https:\\\/\\\/schema.org\",\"@graph\":[{\"@type\":\"WebPage\",\"@id\":\"https:\\\/\\\/www.veltec.eu\\\/es\\\/product\\\/banda-de-sujecion-exterior-kirby-nl3106\\\/\",\"url\":\"https:\\\/\\\/www.veltec.eu\\\/es\\\/product\\\/banda-de-sujecion-exterior-kirby-nl3106\\\/\",\"name\":\"Banda de Sujeci\u00f3n Exterior Kirby - Veltec Kirby specialist\",\"isPartOf\":{\"@id\":\"https:\\\/\\\/www.veltec.eu\\\/en\\\/#website\"},\"primaryImageOfPage\":{\"@id\":\"https:\\\/\\\/www.veltec.eu\\\/es\\\/product\\\/banda-de-sujecion-exterior-kirby-nl3106\\\/#primaryimage\"},\"image\":{\"@id\":\"https:\\\/\\\/www.veltec.eu\\\/es\\\/product\\\/banda-de-sujecion-exterior-kirby-nl3106\\\/#primaryimage\"},\"thumbnailUrl\":\"https:\\\/\\\/www.veltec.eu\\\/wp-content\\\/uploads\\\/2018\\\/10\\\/spanband-voor-kirby-buitenzak.jpg\",\"datePublished\":\"2018-10-16T11:22:00+00:00\",\"dateModified\":\"2024-12-30T14:33:45+00:00\",\"description\":\"Banda de Sujeci\u00f3n Exterior Kirby - Veltec es el proveedor de las aspiradoras Kirby desde hace m\u00e1s de 25 a\u00f1os. Y es su especialista\",\"breadcrumb\":{\"@id\":\"https:\\\/\\\/www.veltec.eu\\\/es\\\/product\\\/banda-de-sujecion-exterior-kirby-nl3106\\\/#breadcrumb\"},\"inLanguage\":\"es\",\"potentialAction\":[{\"@type\":\"ReadAction\",\"target\":[\"https:\\\/\\\/www.veltec.eu\\\/es\\\/product\\\/banda-de-sujecion-exterior-kirby-nl3106\\\/\"]}]},{\"@type\":\"ImageObject\",\"inLanguage\":\"es\",\"@id\":\"https:\\\/\\\/www.veltec.eu\\\/es\\\/product\\\/banda-de-sujecion-exterior-kirby-nl3106\\\/#primaryimage\",\"url\":\"https:\\\/\\\/www.veltec.eu\\\/wp-content\\\/uploads\\\/2018\\\/10\\\/spanband-voor-kirby-buitenzak.jpg\",\"contentUrl\":\"https:\\\/\\\/www.veltec.eu\\\/wp-content\\\/uploads\\\/2018\\\/10\\\/spanband-voor-kirby-buitenzak.jpg\",\"width\":300,\"height\":300,\"caption\":\"Banda de Sujeci\u00f3n Exterior Kirby\"},{\"@type\":\"BreadcrumbList\",\"@id\":\"https:\\\/\\\/www.veltec.eu\\\/es\\\/product\\\/banda-de-sujecion-exterior-kirby-nl3106\\\/#breadcrumb\",\"itemListElement\":[{\"@type\":\"ListItem\",\"position\":1,\"name\":\"Home\",\"item\":\"https:\\\/\\\/www.veltec.eu\\\/es\\\/\"},{\"@type\":\"ListItem\",\"position\":2,\"name\":\"Kirby Shop\",\"item\":\"https:\\\/\\\/www.veltec.eu\\\/nl\\\/shop-page\\\/\"},{\"@type\":\"ListItem\",\"position\":3,\"name\":\"Banda de Sujeci\u00f3n Exterior Kirby\"}]},{\"@type\":\"WebSite\",\"@id\":\"https:\\\/\\\/www.veltec.eu\\\/en\\\/#website\",\"url\":\"https:\\\/\\\/www.veltec.eu\\\/en\\\/\",\"name\":\"Veltec Kirby specialist\",\"description\":\"Kirby stofzuiger producten\",\"publisher\":{\"@id\":\"https:\\\/\\\/www.veltec.eu\\\/en\\\/#organization\"},\"potentialAction\":[{\"@type\":\"SearchAction\",\"target\":{\"@type\":\"EntryPoint\",\"urlTemplate\":\"https:\\\/\\\/www.veltec.eu\\\/en\\\/?s={search_term_string}\"},\"query-input\":{\"@type\":\"PropertyValueSpecification\",\"valueRequired\":true,\"valueName\":\"search_term_string\"}}],\"inLanguage\":\"es\"},{\"@type\":\"Organization\",\"@id\":\"https:\\\/\\\/www.veltec.eu\\\/en\\\/#organization\",\"name\":\"Veltec Kirby Specialist\",\"url\":\"https:\\\/\\\/www.veltec.eu\\\/en\\\/\",\"logo\":{\"@type\":\"ImageObject\",\"inLanguage\":\"es\",\"@id\":\"https:\\\/\\\/www.veltec.eu\\\/en\\\/#\\\/schema\\\/logo\\\/image\\\/\",\"url\":\"https:\\\/\\\/www.veltec.eu\\\/wp-content\\\/uploads\\\/2021\\\/12\\\/Veltec-log-groot-e1537260889125.png\",\"contentUrl\":\"https:\\\/\\\/www.veltec.eu\\\/wp-content\\\/uploads\\\/2021\\\/12\\\/Veltec-log-groot-e1537260889125.png\",\"width\":200,\"height\":60,\"caption\":\"Veltec Kirby Specialist\"},\"image\":{\"@id\":\"https:\\\/\\\/www.veltec.eu\\\/en\\\/#\\\/schema\\\/logo\\\/image\\\/\"},\"sameAs\":[\"https:\\\/\\\/www.facebook.com\\\/Veltec-Kirby-Specialist-236746293374877\\\/\",\"https:\\\/\\\/www.youtube.com\\\/user\\\/VeltecService\"]}]}<\/script>\n<!-- \/ Yoast SEO Premium plugin. -->","yoast_head_json":{"title":"Banda de Sujeci\u00f3n Exterior Kirby - Veltec Kirby specialist","description":"Banda de Sujeci\u00f3n Exterior Kirby - Veltec es el proveedor de las aspiradoras Kirby desde hace m\u00e1s de 25 a\u00f1os. Y es su especialista","robots":{"index":"index","follow":"follow","max-snippet":"max-snippet:-1","max-image-preview":"max-image-preview:large","max-video-preview":"max-video-preview:-1"},"canonical":"https:\/\/www.veltec.eu\/es\/product\/banda-de-sujecion-exterior-kirby-nl3106\/","og_locale":"es_ES","og_type":"article","og_title":"Banda de Sujeci\u00f3n Exterior Kirby","og_description":"Banda de Sujeci\u00f3n Exterior para la fijaci\u00f3n de la bolsa de polvo exterior en el tubo de llenado.    En stock   Pedido antes de las 23:59, enviado ma\u00f1ana  &nbsp;","og_url":"https:\/\/www.veltec.eu\/es\/product\/banda-de-sujecion-exterior-kirby-nl3106\/","og_site_name":"Veltec Kirby specialist","article_publisher":"https:\/\/www.facebook.com\/Veltec-Kirby-Specialist-236746293374877\/","article_modified_time":"2024-12-30T14:33:45+00:00","og_image":[{"width":300,"height":300,"url":"https:\/\/www.veltec.eu\/wp-content\/uploads\/2018\/10\/spanband-voor-kirby-buitenzak.jpg","type":"image\/jpeg"}],"twitter_card":"summary_large_image","twitter_misc":{"Tiempo de lectura":"3 minutos"},"schema":{"@context":"https:\/\/schema.org","@graph":[{"@type":"WebPage","@id":"https:\/\/www.veltec.eu\/es\/product\/banda-de-sujecion-exterior-kirby-nl3106\/","url":"https:\/\/www.veltec.eu\/es\/product\/banda-de-sujecion-exterior-kirby-nl3106\/","name":"Banda de Sujeci\u00f3n Exterior Kirby - Veltec Kirby specialist","isPartOf":{"@id":"https:\/\/www.veltec.eu\/en\/#website"},"primaryImageOfPage":{"@id":"https:\/\/www.veltec.eu\/es\/product\/banda-de-sujecion-exterior-kirby-nl3106\/#primaryimage"},"image":{"@id":"https:\/\/www.veltec.eu\/es\/product\/banda-de-sujecion-exterior-kirby-nl3106\/#primaryimage"},"thumbnailUrl":"https:\/\/www.veltec.eu\/wp-content\/uploads\/2018\/10\/spanband-voor-kirby-buitenzak.jpg","datePublished":"2018-10-16T11:22:00+00:00","dateModified":"2024-12-30T14:33:45+00:00","description":"Banda de Sujeci\u00f3n Exterior Kirby - Veltec es el proveedor de las aspiradoras Kirby desde hace m\u00e1s de 25 a\u00f1os. Y es su especialista","breadcrumb":{"@id":"https:\/\/www.veltec.eu\/es\/product\/banda-de-sujecion-exterior-kirby-nl3106\/#breadcrumb"},"inLanguage":"es","potentialAction":[{"@type":"ReadAction","target":["https:\/\/www.veltec.eu\/es\/product\/banda-de-sujecion-exterior-kirby-nl3106\/"]}]},{"@type":"ImageObject","inLanguage":"es","@id":"https:\/\/www.veltec.eu\/es\/product\/banda-de-sujecion-exterior-kirby-nl3106\/#primaryimage","url":"https:\/\/www.veltec.eu\/wp-content\/uploads\/2018\/10\/spanband-voor-kirby-buitenzak.jpg","contentUrl":"https:\/\/www.veltec.eu\/wp-content\/uploads\/2018\/10\/spanband-voor-kirby-buitenzak.jpg","width":300,"height":300,"caption":"Banda de Sujeci\u00f3n Exterior Kirby"},{"@type":"BreadcrumbList","@id":"https:\/\/www.veltec.eu\/es\/product\/banda-de-sujecion-exterior-kirby-nl3106\/#breadcrumb","itemListElement":[{"@type":"ListItem","position":1,"name":"Home","item":"https:\/\/www.veltec.eu\/es\/"},{"@type":"ListItem","position":2,"name":"Kirby Shop","item":"https:\/\/www.veltec.eu\/nl\/shop-page\/"},{"@type":"ListItem","position":3,"name":"Banda de Sujeci\u00f3n Exterior Kirby"}]},{"@type":"WebSite","@id":"https:\/\/www.veltec.eu\/en\/#website","url":"https:\/\/www.veltec.eu\/en\/","name":"Veltec Kirby specialist","description":"Kirby stofzuiger producten","publisher":{"@id":"https:\/\/www.veltec.eu\/en\/#organization"},"potentialAction":[{"@type":"SearchAction","target":{"@type":"EntryPoint","urlTemplate":"https:\/\/www.veltec.eu\/en\/?s={search_term_string}"},"query-input":{"@type":"PropertyValueSpecification","valueRequired":true,"valueName":"search_term_string"}}],"inLanguage":"es"},{"@type":"Organization","@id":"https:\/\/www.veltec.eu\/en\/#organization","name":"Veltec Kirby Specialist","url":"https:\/\/www.veltec.eu\/en\/","logo":{"@type":"ImageObject","inLanguage":"es","@id":"https:\/\/www.veltec.eu\/en\/#\/schema\/logo\/image\/","url":"https:\/\/www.veltec.eu\/wp-content\/uploads\/2021\/12\/Veltec-log-groot-e1537260889125.png","contentUrl":"https:\/\/www.veltec.eu\/wp-content\/uploads\/2021\/12\/Veltec-log-groot-e1537260889125.png","width":200,"height":60,"caption":"Veltec Kirby Specialist"},"image":{"@id":"https:\/\/www.veltec.eu\/en\/#\/schema\/logo\/image\/"},"sameAs":["https:\/\/www.facebook.com\/Veltec-Kirby-Specialist-236746293374877\/","https:\/\/www.youtube.com\/user\/VeltecService"]}]}},"_links":{"self":[{"href":"https:\/\/www.veltec.eu\/es\/wp-json\/wp\/v2\/product\/12119","targetHints":{"allow":["GET"]}}],"collection":[{"href":"https:\/\/www.veltec.eu\/es\/wp-json\/wp\/v2\/product"}],"about":[{"href":"https:\/\/www.veltec.eu\/es\/wp-json\/wp\/v2\/types\/product"}],"replies":[{"embeddable":true,"href":"https:\/\/www.veltec.eu\/es\/wp-json\/wp\/v2\/comments?post=12119"}],"wp:featuredmedia":[{"embeddable":true,"href":"https:\/\/www.veltec.eu\/es\/wp-json\/wp\/v2\/media\/5977"}],"wp:attachment":[{"href":"https:\/\/www.veltec.eu\/es\/wp-json\/wp\/v2\/media?parent=12119"}],"wp:term":[{"taxonomy":"product_brand","embeddable":true,"href":"https:\/\/www.veltec.eu\/es\/wp-json\/wp\/v2\/product_brand?post=12119"},{"taxonomy":"product_cat","embeddable":true,"href":"https:\/\/www.veltec.eu\/es\/wp-json\/wp\/v2\/product_cat?post=12119"},{"taxonomy":"product_tag","embeddable":true,"href":"https:\/\/www.veltec.eu\/es\/wp-json\/wp\/v2\/product_tag?post=12119"}],"curies":[{"name":"wp","href":"https:\/\/api.w.org\/{rel}","templated":true}]}}