{"id":12114,"date":"2018-10-16T13:29:35","date_gmt":"2018-10-16T11:29:35","guid":{"rendered":"https:\/\/www.veltec.eu\/kirby-webshop\/bolsa-exterior-g3-kirby-nl3036\/"},"modified":"2024-12-30T15:08:00","modified_gmt":"2024-12-30T13:08:00","slug":"bolsa-exterior-g3-kirby-nl3036","status":"publish","type":"product","link":"https:\/\/www.veltec.eu\/es\/product\/bolsa-exterior-g3-kirby-nl3036\/","title":{"rendered":"Bolsa Exterior G3 Kirby"},"content":{"rendered":"<h1>Bolsa Exterior G3 Kirby<\/h1>\n<p>Bolsa Exterior G3 Kirby.<\/p>\n<p><strong>Esta bolsa exterior Kirby est\u00e1 hecha para la aspiradora Kirby de abajo;<\/strong><\/p>\n<ul>\n<li>Generaci\u00f3n 3 (G3)<\/li>\n<\/ul>\n<h2>Bolsa Exterior G3 Kirby &#8211; Bolsa exterior original para su aspiradora Kirby<\/h2>\n<p>\u00bfEst\u00e1 buscando una bolsa exterior Kirby original que no s\u00f3lo se ajuste perfectamente, sino que tambi\u00e9n mejore el aspecto de su aspiradora? La bolsa exterior Kirby es una excelente elecci\u00f3n. Dise\u00f1ada para la Kirby Generation 3 (G3), esta bolsa exterior ofrece una combinaci\u00f3n de calidad, funcionalidad y estilo. Adem\u00e1s, es adecuada para cualquier tipo de aspiradora Kirby gracias a su dise\u00f1o universal. Siga leyendo y descubra por qu\u00e9 este producto es la soluci\u00f3n ideal para las necesidades de su aspiradora.<\/p>\n<p><a href=\"https:\/\/www.veltec.eu\/es\/bolsa-exterior-kirby\/\">Aqu\u00ed encontrar\u00e1 todas las piezas para la bolsa exterior Kirby y accesorios<\/a><\/p>\n<h2>\u00bfQu\u00e9 hace que la Bolsa Exterior G3 Kirby sea \u00fanica?<\/h2>\n<h3>Dise\u00f1o original Kirby<\/h3>\n<p>La bolsa exterior Kirby est\u00e1 especialmente dise\u00f1ada teniendo en cuenta los detalles y la calidad. Al ser un accesorio original de Kirby, puede contar con un ajuste perfecto y un rendimiento \u00f3ptimo. La bolsa exterior se adapta perfectamente a la Generaci\u00f3n 3 de Kirby, pero tambi\u00e9n puede utilizarse sin problemas en otros modelos de aspiradoras Kirby.<\/p>\n<h3>Compatibilidad universal<\/h3>\n<p>Una gran ventaja de la bolsa exterior Kirby es su ajuste universal. Independientemente del modelo de aspiradora Kirby que posea, esta bolsa exterior siempre se adapta. La \u00fanica diferencia est\u00e1 en el dise\u00f1o, lo que significa que puede personalizar su aspiradora al tiempo que se beneficia de la conocida calidad Kirby.<\/p>\n<h2>\u00bfPor qu\u00e9 elegir la Bolsa Exterior G3 Kirby?<\/h2>\n<h3>Durabilidad y calidad<\/h3>\n<p>La bolsa exterior Kirby est\u00e1 fabricada con materiales de alta calidad dise\u00f1ados para durar. Gracias a su construcci\u00f3n robusta y a su tejido duradero, puede estar seguro de que la bolsa exterior soportar\u00e1 un uso intensivo a la vez que proteger\u00e1 su aspiradora y la mantendr\u00e1 funcionando eficientemente.<\/p>\n<h3>F\u00e1cil instalaci\u00f3n<\/h3>\n<p>Sustituir la bolsa exterior es una tarea sencilla que lleva poco tiempo. Gracias a su dise\u00f1o f\u00e1cil de usar, puede sustituir su antigua bolsa exterior por la bolsa exterior Kirby en cuesti\u00f3n de minutos. Esto hace que el mantenimiento de su aspiradora sea f\u00e1cil y sin complicaciones.<\/p>\n<h3>Una elecci\u00f3n elegante para su aspiradora Kirby<\/h3>\n<p>Con la bolsa exterior Kirby no s\u00f3lo elige funcionalidad, sino tambi\u00e9n un dise\u00f1o con estilo. La bolsa exterior est\u00e1 disponible en un elegante dise\u00f1o que combina perfectamente con el car\u00e1cter cl\u00e1sico de las aspiradoras Kirby. As\u00ed podr\u00e1 dar a su aspiradora un aspecto fresco y moderno, al tiempo que disfruta del rendimiento familiar.<\/p>\n<hr \/>\n<h3>\u00a1Pida hoy mismo la Bolsa Exterior G3 Kirby!<\/h3>\n<p>\u00bfEst\u00e1 listo para actualizar su aspiradora Kirby? La bolsa exterior Kirby le ofrece el equilibrio perfecto entre calidad, estilo y facilidad de uso. No espere m\u00e1s y haga su pedido hoy para disfrutar de las ventajas de esta original bolsa exterior. Su aspiradora se merece lo mejor: \u00a1elija la bolsa exterior Kirby y experimente la diferencia!<\/p>\n","protected":false},"excerpt":{"rendered":"<p>Bolsa exterior para Kirby G3.<\/p>\n[trustindex data-widget-id=48bbd87242952812953642309d4]\n<h3><span style=\"color: #008000;\"><br \/>\nEn stock<\/span><\/h3>\n[av_font_icon icon='ue812' font='entypo-fontello' style='' caption='' size='25px' position='left' color='#43ad66' link='' linktarget='' title_attr='' sonar_effect_effect='' sonar_effect_color='' sonar_effect_duration='1' sonar_effect_scale='' sonar_effect_opac='0.5' animation='' id='' custom_class='' template_class='' av_uid='' sc_version='1.0' admin_preview_bg=''][\/av_font_icon]\n<p><span style=\"color: #008000;\">Pedido antes de las 23:59, enviado ma\u00f1ana<\/span><\/p>\n<p>&nbsp;<\/p>\n","protected":false},"featured_media":17945,"comment_status":"open","ping_status":"closed","template":"","meta":[],"product_brand":[],"product_cat":[370],"product_tag":[],"class_list":{"0":"post-12114","1":"product","2":"type-product","3":"status-publish","4":"has-post-thumbnail","6":"product_cat-bolsa-exterior-kirby-para-el-polvo-accesorios","7":"product_shipping_class-klein-es","9":"first","10":"instock","11":"sale","12":"taxable","13":"shipping-taxable","14":"purchasable","15":"product-type-simple"},"yoast_head":"<!-- This site is optimized with the Yoast SEO Premium plugin v27.1 (Yoast SEO v27.4) - https:\/\/yoast.com\/product\/yoast-seo-premium-wordpress\/ -->\n<title>Bolsa Exterior G3 Kirby - Veltec Kirby specialist<\/title>\n<meta name=\"description\" content=\"Bolsa Exterior G3 Kirby - Veltec es el proveedor de las aspiradoras Kirby desde hace m\u00e1s de 25 a\u00f1os. Y es su especialista en servicio Kirby\" \/>\n<meta name=\"robots\" content=\"index, follow, max-snippet:-1, max-image-preview:large, max-video-preview:-1\" \/>\n<link rel=\"canonical\" href=\"https:\/\/www.veltec.eu\/nl\/product\/kirby-buitenzak-g3-nl3036\/\" \/>\n<meta property=\"og:locale\" content=\"es_ES\" \/>\n<meta property=\"og:type\" content=\"article\" \/>\n<meta property=\"og:title\" content=\"Bolsa Exterior G3 Kirby\" \/>\n<meta property=\"og:description\" content=\"Bolsa exterior para Kirby G3.    En stock   Pedido antes de las 23:59, enviado ma\u00f1ana  &nbsp;\" \/>\n<meta property=\"og:url\" content=\"https:\/\/www.veltec.eu\/nl\/product\/kirby-buitenzak-g3-nl3036\/\" \/>\n<meta property=\"og:site_name\" content=\"Veltec Kirby specialist\" \/>\n<meta property=\"article:publisher\" content=\"https:\/\/www.facebook.com\/Veltec-Kirby-Specialist-236746293374877\/\" \/>\n<meta property=\"article:modified_time\" content=\"2024-12-30T13:08:00+00:00\" \/>\n<meta property=\"og:image\" content=\"https:\/\/www.veltec.eu\/wp-content\/uploads\/2018\/10\/G3.jpg\" \/>\n\t<meta property=\"og:image:width\" content=\"475\" \/>\n\t<meta property=\"og:image:height\" content=\"426\" \/>\n\t<meta property=\"og:image:type\" content=\"image\/jpeg\" \/>\n<meta name=\"twitter:card\" content=\"summary_large_image\" \/>\n<meta name=\"twitter:label1\" content=\"Tiempo de lectura\" \/>\n\t<meta name=\"twitter:data1\" content=\"3 minutos\" \/>\n<script type=\"application\/ld+json\" class=\"yoast-schema-graph\">{\"@context\":\"https:\\\/\\\/schema.org\",\"@graph\":[{\"@type\":\"WebPage\",\"@id\":\"https:\\\/\\\/www.veltec.eu\\\/nl\\\/product\\\/kirby-buitenzak-g3-nl3036\\\/\",\"url\":\"https:\\\/\\\/www.veltec.eu\\\/nl\\\/product\\\/kirby-buitenzak-g3-nl3036\\\/\",\"name\":\"Bolsa Exterior G3 Kirby - Veltec Kirby specialist\",\"isPartOf\":{\"@id\":\"https:\\\/\\\/www.veltec.eu\\\/en\\\/#website\"},\"primaryImageOfPage\":{\"@id\":\"https:\\\/\\\/www.veltec.eu\\\/nl\\\/product\\\/kirby-buitenzak-g3-nl3036\\\/#primaryimage\"},\"image\":{\"@id\":\"https:\\\/\\\/www.veltec.eu\\\/nl\\\/product\\\/kirby-buitenzak-g3-nl3036\\\/#primaryimage\"},\"thumbnailUrl\":\"https:\\\/\\\/www.veltec.eu\\\/wp-content\\\/uploads\\\/2018\\\/10\\\/G3.jpg\",\"datePublished\":\"2018-10-16T11:29:35+00:00\",\"dateModified\":\"2024-12-30T13:08:00+00:00\",\"description\":\"Bolsa Exterior G3 Kirby - Veltec es el proveedor de las aspiradoras Kirby desde hace m\u00e1s de 25 a\u00f1os. Y es su especialista en servicio Kirby\",\"breadcrumb\":{\"@id\":\"https:\\\/\\\/www.veltec.eu\\\/nl\\\/product\\\/kirby-buitenzak-g3-nl3036\\\/#breadcrumb\"},\"inLanguage\":\"es\",\"potentialAction\":[{\"@type\":\"ReadAction\",\"target\":[\"https:\\\/\\\/www.veltec.eu\\\/nl\\\/product\\\/kirby-buitenzak-g3-nl3036\\\/\"]}]},{\"@type\":\"ImageObject\",\"inLanguage\":\"es\",\"@id\":\"https:\\\/\\\/www.veltec.eu\\\/nl\\\/product\\\/kirby-buitenzak-g3-nl3036\\\/#primaryimage\",\"url\":\"https:\\\/\\\/www.veltec.eu\\\/wp-content\\\/uploads\\\/2018\\\/10\\\/G3.jpg\",\"contentUrl\":\"https:\\\/\\\/www.veltec.eu\\\/wp-content\\\/uploads\\\/2018\\\/10\\\/G3.jpg\",\"width\":475,\"height\":426},{\"@type\":\"BreadcrumbList\",\"@id\":\"https:\\\/\\\/www.veltec.eu\\\/nl\\\/product\\\/kirby-buitenzak-g3-nl3036\\\/#breadcrumb\",\"itemListElement\":[{\"@type\":\"ListItem\",\"position\":1,\"name\":\"Home\",\"item\":\"https:\\\/\\\/www.veltec.eu\\\/es\\\/\"},{\"@type\":\"ListItem\",\"position\":2,\"name\":\"Produits\",\"item\":\"https:\\\/\\\/www.veltec.eu\\\/fr\\\/shop\\\/\"},{\"@type\":\"ListItem\",\"position\":3,\"name\":\"Bolsa Exterior G3 Kirby\"}]},{\"@type\":\"WebSite\",\"@id\":\"https:\\\/\\\/www.veltec.eu\\\/en\\\/#website\",\"url\":\"https:\\\/\\\/www.veltec.eu\\\/en\\\/\",\"name\":\"Veltec Kirby specialist\",\"description\":\"Kirby stofzuiger producten\",\"publisher\":{\"@id\":\"https:\\\/\\\/www.veltec.eu\\\/en\\\/#organization\"},\"potentialAction\":[{\"@type\":\"SearchAction\",\"target\":{\"@type\":\"EntryPoint\",\"urlTemplate\":\"https:\\\/\\\/www.veltec.eu\\\/en\\\/?s={search_term_string}\"},\"query-input\":{\"@type\":\"PropertyValueSpecification\",\"valueRequired\":true,\"valueName\":\"search_term_string\"}}],\"inLanguage\":\"es\"},{\"@type\":\"Organization\",\"@id\":\"https:\\\/\\\/www.veltec.eu\\\/en\\\/#organization\",\"name\":\"Veltec Kirby Specialist\",\"url\":\"https:\\\/\\\/www.veltec.eu\\\/en\\\/\",\"logo\":{\"@type\":\"ImageObject\",\"inLanguage\":\"es\",\"@id\":\"https:\\\/\\\/www.veltec.eu\\\/en\\\/#\\\/schema\\\/logo\\\/image\\\/\",\"url\":\"https:\\\/\\\/www.veltec.eu\\\/wp-content\\\/uploads\\\/2021\\\/12\\\/Veltec-log-groot-e1537260889125.png\",\"contentUrl\":\"https:\\\/\\\/www.veltec.eu\\\/wp-content\\\/uploads\\\/2021\\\/12\\\/Veltec-log-groot-e1537260889125.png\",\"width\":200,\"height\":60,\"caption\":\"Veltec Kirby Specialist\"},\"image\":{\"@id\":\"https:\\\/\\\/www.veltec.eu\\\/en\\\/#\\\/schema\\\/logo\\\/image\\\/\"},\"sameAs\":[\"https:\\\/\\\/www.facebook.com\\\/Veltec-Kirby-Specialist-236746293374877\\\/\",\"https:\\\/\\\/www.youtube.com\\\/user\\\/VeltecService\"]}]}<\/script>\n<!-- \/ Yoast SEO Premium plugin. -->","yoast_head_json":{"title":"Bolsa Exterior G3 Kirby - Veltec Kirby specialist","description":"Bolsa Exterior G3 Kirby - Veltec es el proveedor de las aspiradoras Kirby desde hace m\u00e1s de 25 a\u00f1os. Y es su especialista en servicio Kirby","robots":{"index":"index","follow":"follow","max-snippet":"max-snippet:-1","max-image-preview":"max-image-preview:large","max-video-preview":"max-video-preview:-1"},"canonical":"https:\/\/www.veltec.eu\/nl\/product\/kirby-buitenzak-g3-nl3036\/","og_locale":"es_ES","og_type":"article","og_title":"Bolsa Exterior G3 Kirby","og_description":"Bolsa exterior para Kirby G3.    En stock   Pedido antes de las 23:59, enviado ma\u00f1ana  &nbsp;","og_url":"https:\/\/www.veltec.eu\/nl\/product\/kirby-buitenzak-g3-nl3036\/","og_site_name":"Veltec Kirby specialist","article_publisher":"https:\/\/www.facebook.com\/Veltec-Kirby-Specialist-236746293374877\/","article_modified_time":"2024-12-30T13:08:00+00:00","og_image":[{"width":475,"height":426,"url":"https:\/\/www.veltec.eu\/wp-content\/uploads\/2018\/10\/G3.jpg","type":"image\/jpeg"}],"twitter_card":"summary_large_image","twitter_misc":{"Tiempo de lectura":"3 minutos"},"schema":{"@context":"https:\/\/schema.org","@graph":[{"@type":"WebPage","@id":"https:\/\/www.veltec.eu\/nl\/product\/kirby-buitenzak-g3-nl3036\/","url":"https:\/\/www.veltec.eu\/nl\/product\/kirby-buitenzak-g3-nl3036\/","name":"Bolsa Exterior G3 Kirby - Veltec Kirby specialist","isPartOf":{"@id":"https:\/\/www.veltec.eu\/en\/#website"},"primaryImageOfPage":{"@id":"https:\/\/www.veltec.eu\/nl\/product\/kirby-buitenzak-g3-nl3036\/#primaryimage"},"image":{"@id":"https:\/\/www.veltec.eu\/nl\/product\/kirby-buitenzak-g3-nl3036\/#primaryimage"},"thumbnailUrl":"https:\/\/www.veltec.eu\/wp-content\/uploads\/2018\/10\/G3.jpg","datePublished":"2018-10-16T11:29:35+00:00","dateModified":"2024-12-30T13:08:00+00:00","description":"Bolsa Exterior G3 Kirby - Veltec es el proveedor de las aspiradoras Kirby desde hace m\u00e1s de 25 a\u00f1os. Y es su especialista en servicio Kirby","breadcrumb":{"@id":"https:\/\/www.veltec.eu\/nl\/product\/kirby-buitenzak-g3-nl3036\/#breadcrumb"},"inLanguage":"es","potentialAction":[{"@type":"ReadAction","target":["https:\/\/www.veltec.eu\/nl\/product\/kirby-buitenzak-g3-nl3036\/"]}]},{"@type":"ImageObject","inLanguage":"es","@id":"https:\/\/www.veltec.eu\/nl\/product\/kirby-buitenzak-g3-nl3036\/#primaryimage","url":"https:\/\/www.veltec.eu\/wp-content\/uploads\/2018\/10\/G3.jpg","contentUrl":"https:\/\/www.veltec.eu\/wp-content\/uploads\/2018\/10\/G3.jpg","width":475,"height":426},{"@type":"BreadcrumbList","@id":"https:\/\/www.veltec.eu\/nl\/product\/kirby-buitenzak-g3-nl3036\/#breadcrumb","itemListElement":[{"@type":"ListItem","position":1,"name":"Home","item":"https:\/\/www.veltec.eu\/es\/"},{"@type":"ListItem","position":2,"name":"Produits","item":"https:\/\/www.veltec.eu\/fr\/shop\/"},{"@type":"ListItem","position":3,"name":"Bolsa Exterior G3 Kirby"}]},{"@type":"WebSite","@id":"https:\/\/www.veltec.eu\/en\/#website","url":"https:\/\/www.veltec.eu\/en\/","name":"Veltec Kirby specialist","description":"Kirby stofzuiger producten","publisher":{"@id":"https:\/\/www.veltec.eu\/en\/#organization"},"potentialAction":[{"@type":"SearchAction","target":{"@type":"EntryPoint","urlTemplate":"https:\/\/www.veltec.eu\/en\/?s={search_term_string}"},"query-input":{"@type":"PropertyValueSpecification","valueRequired":true,"valueName":"search_term_string"}}],"inLanguage":"es"},{"@type":"Organization","@id":"https:\/\/www.veltec.eu\/en\/#organization","name":"Veltec Kirby Specialist","url":"https:\/\/www.veltec.eu\/en\/","logo":{"@type":"ImageObject","inLanguage":"es","@id":"https:\/\/www.veltec.eu\/en\/#\/schema\/logo\/image\/","url":"https:\/\/www.veltec.eu\/wp-content\/uploads\/2021\/12\/Veltec-log-groot-e1537260889125.png","contentUrl":"https:\/\/www.veltec.eu\/wp-content\/uploads\/2021\/12\/Veltec-log-groot-e1537260889125.png","width":200,"height":60,"caption":"Veltec Kirby Specialist"},"image":{"@id":"https:\/\/www.veltec.eu\/en\/#\/schema\/logo\/image\/"},"sameAs":["https:\/\/www.facebook.com\/Veltec-Kirby-Specialist-236746293374877\/","https:\/\/www.youtube.com\/user\/VeltecService"]}]}},"_links":{"self":[{"href":"https:\/\/www.veltec.eu\/es\/wp-json\/wp\/v2\/product\/12114","targetHints":{"allow":["GET"]}}],"collection":[{"href":"https:\/\/www.veltec.eu\/es\/wp-json\/wp\/v2\/product"}],"about":[{"href":"https:\/\/www.veltec.eu\/es\/wp-json\/wp\/v2\/types\/product"}],"replies":[{"embeddable":true,"href":"https:\/\/www.veltec.eu\/es\/wp-json\/wp\/v2\/comments?post=12114"}],"wp:featuredmedia":[{"embeddable":true,"href":"https:\/\/www.veltec.eu\/es\/wp-json\/wp\/v2\/media\/17945"}],"wp:attachment":[{"href":"https:\/\/www.veltec.eu\/es\/wp-json\/wp\/v2\/media?parent=12114"}],"wp:term":[{"taxonomy":"product_brand","embeddable":true,"href":"https:\/\/www.veltec.eu\/es\/wp-json\/wp\/v2\/product_brand?post=12114"},{"taxonomy":"product_cat","embeddable":true,"href":"https:\/\/www.veltec.eu\/es\/wp-json\/wp\/v2\/product_cat?post=12114"},{"taxonomy":"product_tag","embeddable":true,"href":"https:\/\/www.veltec.eu\/es\/wp-json\/wp\/v2\/product_tag?post=12114"}],"curies":[{"name":"wp","href":"https:\/\/api.w.org\/{rel}","templated":true}]}}