{"id":12109,"date":"2018-10-16T13:34:33","date_gmt":"2018-10-16T11:34:33","guid":{"rendered":"https:\/\/www.veltec.eu\/kirby-webshop\/bolsa-exterior-g4-kirby-nl3037\/"},"modified":"2025-01-20T16:45:54","modified_gmt":"2025-01-20T14:45:54","slug":"bolsa-exterior-g4-kirby-nl3037","status":"publish","type":"product","link":"https:\/\/www.veltec.eu\/es\/product\/bolsa-exterior-g4-kirby-nl3037\/","title":{"rendered":"Bolsa Exterior G4 Kirby"},"content":{"rendered":"<h1>Bolsa exterior Kirby G4<\/h1>\n<p>Bolsa exterior para Kirby G4.<\/p>\n<p><strong>Esta bolsa exterior Kirby es adecuada exclusivamente para las aspiradoras Kirby que se indican a continuaci\u00f3n;<\/strong><\/p>\n<ul>\n<li>Generaci\u00f3n 4 (G4)<\/li>\n<\/ul>\n<h2>Bolsa exterior Kirby G4: La elecci\u00f3n perfecta para cada aspiradora Kirby<\/h2>\n<p>\u00bfEst\u00e1 buscando una bolsa exterior fiable para su aspiradora Kirby? La bolsa exterior G4 es una bolsa exterior Kirby original, especialmente dise\u00f1ada para la Kirby G4, pero su dise\u00f1o universal la hace compatible con todos los modelos Kirby. Siga leyendo para descubrir por qu\u00e9 este producto es una excelente elecci\u00f3n para su aspiradora y su hogar.<\/p>\n<p><a href=\"https:\/\/www.veltec.eu\/es\/bolsa-exterior-kirby\/\">Aqu\u00ed encontrar\u00e1 todo lo relacionado con la bolsa exterior Kirby y sus accesorios<\/a><\/p>\n<h3>\u00bfQu\u00e9 es la bolsa exterior Kirby?<\/h3>\n<p>La bolsa exterior es una bolsa de alta calidad que se adapta perfectamente a los dise\u00f1os innovadores y duraderos por los que Kirby es conocida. Aunque est\u00e1 pensada originalmente para el modelo G4, esta bolsa es de aplicaci\u00f3n universal. Esto significa que no tiene que preocuparse por la compatibilidad si utiliza un tipo diferente de aspiradora Kirby.<\/p>\n<h3>Caracter\u00edsticas y ventajas<\/h3>\n<p>Dise\u00f1o universal: Apto para todas las aspiradoras Kirby, independientemente del modelo.<br \/>\nCalidad original: Fabricado con materiales duraderos que garantizan un rendimiento duradero.<br \/>\nDise\u00f1o elegante: La \u00fanica diferencia entre los modelos es el aspecto, por lo que puede elegir el que mejor se adapte a su estilo.<\/p>\n<p>Tanto si tiene una aspiradora de la serie G, Sentria o Avalir, la bolsa para exteriores le ofrece un ajuste y un rendimiento perfectos.<\/p>\n<h3>\u00bfPor qu\u00e9 elegir la bolsa exterior Kirby G4?<\/h3>\n<p>Elegir la bolsa exterior adecuada es esencial para el rendimiento \u00f3ptimo de su aspiradora. La Bolsa Exterior combina funcionalidad, durabilidad y est\u00e9tica en un solo producto.<\/p>\n<h3>Mejor rendimiento y durabilidad a largo plazo<\/h3>\n<p>Gracias al dise\u00f1o original de Kirby, puede contar con una recogida eficaz del polvo y una mayor vida \u00fatil de su aspiradora. Esta bolsa exterior garantiza que la suciedad y el polvo se recojan de forma \u00f3ptima, manteniendo su hogar limpio en todo momento.<\/p>\n<h3>Apto para todos los usuarios<\/h3>\n<p>\u00bfEs usted un \u00e1vido limpiador o utiliza su Kirby ocasionalmente? Con esta bolsa exterior siempre disfrutar\u00e1 del m\u00e1ximo rendimiento, independientemente de la frecuencia de uso.<\/p>\n<h3>\u00bfC\u00f3mo se instala la bolsa exterior Kirby?<\/h3>\n<p>La instalaci\u00f3n de la bolsa exterior es sencilla y r\u00e1pida. Siga estos pasos para una experiencia sin complicaciones:<\/p>\n<ul>\n<li>Retire la bolsa exterior antigua de su aspiradora.<\/li>\n<li>Encaje firmemente la bolsa exterior en los puntos de conexi\u00f3n designados.<\/li>\n<li>Compruebe que todo est\u00e1 bien sujeto antes de empezar a aspirar.<\/li>\n<\/ul>\n<h3>Pida hoy mismo su bolsa exterior Kirby G4.<\/h3>\n<p>Con la bolsa exterior obtendr\u00e1 una bolsa universal, duradera y elegante que llevar\u00e1 el rendimiento de su aspiradora a un nivel superior. No espere m\u00e1s y experimente usted mismo la diferencia. P\u00eddala hoy mismo y disfrute de un hogar impecablemente limpio.<\/p>\n<p>Nota: Esta bolsa exterior es compatible universalmente, pero el dise\u00f1o puede variar seg\u00fan el modelo. Elija el dise\u00f1o que se adapte a sus preferencias y aseg\u00farese de obtener la mejor calidad para su aspiradora Kirby.<\/p>\n","protected":false},"excerpt":{"rendered":"<p>Bolsa exterior para Kirby G4.<\/p>\n[trustindex data-widget-id=48bbd87242952812953642309d4]\n<h3><span style=\"color: #008000;\"><br \/>\nEn stock<\/span><\/h3>\n[av_font_icon icon='ue812' font='entypo-fontello' style='' caption='' size='25px' position='left' color='#43ad66' link='' linktarget='' title_attr='' sonar_effect_effect='' sonar_effect_color='' sonar_effect_duration='1' sonar_effect_scale='' sonar_effect_opac='0.5' animation='' id='' custom_class='' template_class='' av_uid='' sc_version='1.0' admin_preview_bg=''][\/av_font_icon]\n<p><span style=\"color: #008000;\">Pedido antes de las 23:59, enviado ma\u00f1ana<\/span><\/p>\n<p>&nbsp;<\/p>\n","protected":false},"featured_media":17956,"comment_status":"open","ping_status":"closed","template":"","meta":{"_acf_changed":false},"product_brand":[],"product_cat":[370],"product_tag":[],"class_list":{"0":"post-12109","1":"product","2":"type-product","3":"status-publish","4":"has-post-thumbnail","6":"product_cat-bolsa-exterior-kirby-y-accesorios","7":"product_shipping_class-klein-es","9":"first","10":"instock","11":"sale","12":"taxable","13":"shipping-taxable","14":"purchasable","15":"product-type-simple"},"acf":[],"yoast_head":"<!-- This site is optimized with the Yoast SEO Premium plugin v27.1 (Yoast SEO v27.4) - https:\/\/yoast.com\/product\/yoast-seo-premium-wordpress\/ -->\n<title>Bolsa Exterior G4 Kirby - Veltec Kirby specialist<\/title>\n<meta name=\"description\" content=\"Bolsa Exterior G4 Kirby - Veltec es el proveedor de las aspiradoras Kirby desde hace m\u00e1s de 25 a\u00f1os. Y es su especialista en servicio Kirby\" \/>\n<meta name=\"robots\" content=\"index, follow, max-snippet:-1, max-image-preview:large, max-video-preview:-1\" \/>\n<link rel=\"canonical\" href=\"https:\/\/www.veltec.eu\/es\/product\/bolsa-exterior-g4-kirby-nl3037\/\" \/>\n<meta property=\"og:locale\" content=\"es_ES\" \/>\n<meta property=\"og:type\" content=\"article\" \/>\n<meta property=\"og:title\" content=\"Bolsa Exterior G4 Kirby\" \/>\n<meta property=\"og:description\" content=\"Bolsa exterior para Kirby G4.    En stock   Pedido antes de las 23:59, enviado ma\u00f1ana  &nbsp;\" \/>\n<meta property=\"og:url\" content=\"https:\/\/www.veltec.eu\/es\/product\/bolsa-exterior-g4-kirby-nl3037\/\" \/>\n<meta property=\"og:site_name\" content=\"Veltec Kirby specialist\" \/>\n<meta property=\"article:publisher\" content=\"https:\/\/www.facebook.com\/Veltec-Kirby-Specialist-236746293374877\/\" \/>\n<meta property=\"article:modified_time\" content=\"2025-01-20T14:45:54+00:00\" \/>\n<meta property=\"og:image\" content=\"https:\/\/www.veltec.eu\/wp-content\/uploads\/2018\/10\/G4.jpg\" \/>\n\t<meta property=\"og:image:width\" content=\"465\" \/>\n\t<meta property=\"og:image:height\" content=\"426\" \/>\n\t<meta property=\"og:image:type\" content=\"image\/jpeg\" \/>\n<meta name=\"twitter:card\" content=\"summary_large_image\" \/>\n<meta name=\"twitter:label1\" content=\"Tiempo de lectura\" \/>\n\t<meta name=\"twitter:data1\" content=\"3 minutos\" \/>\n<script type=\"application\/ld+json\" class=\"yoast-schema-graph\">{\"@context\":\"https:\\\/\\\/schema.org\",\"@graph\":[{\"@type\":\"WebPage\",\"@id\":\"https:\\\/\\\/www.veltec.eu\\\/es\\\/product\\\/bolsa-exterior-g4-kirby-nl3037\\\/\",\"url\":\"https:\\\/\\\/www.veltec.eu\\\/es\\\/product\\\/bolsa-exterior-g4-kirby-nl3037\\\/\",\"name\":\"Bolsa Exterior G4 Kirby - Veltec Kirby specialist\",\"isPartOf\":{\"@id\":\"https:\\\/\\\/www.veltec.eu\\\/en\\\/#website\"},\"primaryImageOfPage\":{\"@id\":\"https:\\\/\\\/www.veltec.eu\\\/es\\\/product\\\/bolsa-exterior-g4-kirby-nl3037\\\/#primaryimage\"},\"image\":{\"@id\":\"https:\\\/\\\/www.veltec.eu\\\/es\\\/product\\\/bolsa-exterior-g4-kirby-nl3037\\\/#primaryimage\"},\"thumbnailUrl\":\"https:\\\/\\\/www.veltec.eu\\\/wp-content\\\/uploads\\\/2018\\\/10\\\/G4.jpg\",\"datePublished\":\"2018-10-16T11:34:33+00:00\",\"dateModified\":\"2025-01-20T14:45:54+00:00\",\"description\":\"Bolsa Exterior G4 Kirby - Veltec es el proveedor de las aspiradoras Kirby desde hace m\u00e1s de 25 a\u00f1os. Y es su especialista en servicio Kirby\",\"breadcrumb\":{\"@id\":\"https:\\\/\\\/www.veltec.eu\\\/es\\\/product\\\/bolsa-exterior-g4-kirby-nl3037\\\/#breadcrumb\"},\"inLanguage\":\"es\",\"potentialAction\":[{\"@type\":\"ReadAction\",\"target\":[\"https:\\\/\\\/www.veltec.eu\\\/es\\\/product\\\/bolsa-exterior-g4-kirby-nl3037\\\/\"]}]},{\"@type\":\"ImageObject\",\"inLanguage\":\"es\",\"@id\":\"https:\\\/\\\/www.veltec.eu\\\/es\\\/product\\\/bolsa-exterior-g4-kirby-nl3037\\\/#primaryimage\",\"url\":\"https:\\\/\\\/www.veltec.eu\\\/wp-content\\\/uploads\\\/2018\\\/10\\\/G4.jpg\",\"contentUrl\":\"https:\\\/\\\/www.veltec.eu\\\/wp-content\\\/uploads\\\/2018\\\/10\\\/G4.jpg\",\"width\":465,\"height\":426},{\"@type\":\"BreadcrumbList\",\"@id\":\"https:\\\/\\\/www.veltec.eu\\\/es\\\/product\\\/bolsa-exterior-g4-kirby-nl3037\\\/#breadcrumb\",\"itemListElement\":[{\"@type\":\"ListItem\",\"position\":1,\"name\":\"Home\",\"item\":\"https:\\\/\\\/www.veltec.eu\\\/es\\\/\"},{\"@type\":\"ListItem\",\"position\":2,\"name\":\"Tienda Kirby\",\"item\":\"https:\\\/\\\/www.veltec.eu\\\/es\\\/tienda-kirby\\\/\"},{\"@type\":\"ListItem\",\"position\":3,\"name\":\"Bolsa Exterior G4 Kirby\"}]},{\"@type\":\"WebSite\",\"@id\":\"https:\\\/\\\/www.veltec.eu\\\/en\\\/#website\",\"url\":\"https:\\\/\\\/www.veltec.eu\\\/en\\\/\",\"name\":\"Veltec Kirby specialist\",\"description\":\"Kirby stofzuiger producten\",\"publisher\":{\"@id\":\"https:\\\/\\\/www.veltec.eu\\\/en\\\/#organization\"},\"potentialAction\":[{\"@type\":\"SearchAction\",\"target\":{\"@type\":\"EntryPoint\",\"urlTemplate\":\"https:\\\/\\\/www.veltec.eu\\\/en\\\/?s={search_term_string}\"},\"query-input\":{\"@type\":\"PropertyValueSpecification\",\"valueRequired\":true,\"valueName\":\"search_term_string\"}}],\"inLanguage\":\"es\"},{\"@type\":\"Organization\",\"@id\":\"https:\\\/\\\/www.veltec.eu\\\/en\\\/#organization\",\"name\":\"Veltec Kirby Specialist\",\"url\":\"https:\\\/\\\/www.veltec.eu\\\/en\\\/\",\"logo\":{\"@type\":\"ImageObject\",\"inLanguage\":\"es\",\"@id\":\"https:\\\/\\\/www.veltec.eu\\\/en\\\/#\\\/schema\\\/logo\\\/image\\\/\",\"url\":\"https:\\\/\\\/www.veltec.eu\\\/wp-content\\\/uploads\\\/2021\\\/12\\\/Veltec-log-groot-e1537260889125.png\",\"contentUrl\":\"https:\\\/\\\/www.veltec.eu\\\/wp-content\\\/uploads\\\/2021\\\/12\\\/Veltec-log-groot-e1537260889125.png\",\"width\":200,\"height\":60,\"caption\":\"Veltec Kirby Specialist\"},\"image\":{\"@id\":\"https:\\\/\\\/www.veltec.eu\\\/en\\\/#\\\/schema\\\/logo\\\/image\\\/\"},\"sameAs\":[\"https:\\\/\\\/www.facebook.com\\\/Veltec-Kirby-Specialist-236746293374877\\\/\",\"https:\\\/\\\/www.youtube.com\\\/user\\\/VeltecService\"]}]}<\/script>\n<!-- \/ Yoast SEO Premium plugin. -->","yoast_head_json":{"title":"Bolsa Exterior G4 Kirby - Veltec Kirby specialist","description":"Bolsa Exterior G4 Kirby - Veltec es el proveedor de las aspiradoras Kirby desde hace m\u00e1s de 25 a\u00f1os. Y es su especialista en servicio Kirby","robots":{"index":"index","follow":"follow","max-snippet":"max-snippet:-1","max-image-preview":"max-image-preview:large","max-video-preview":"max-video-preview:-1"},"canonical":"https:\/\/www.veltec.eu\/es\/product\/bolsa-exterior-g4-kirby-nl3037\/","og_locale":"es_ES","og_type":"article","og_title":"Bolsa Exterior G4 Kirby","og_description":"Bolsa exterior para Kirby G4.    En stock   Pedido antes de las 23:59, enviado ma\u00f1ana  &nbsp;","og_url":"https:\/\/www.veltec.eu\/es\/product\/bolsa-exterior-g4-kirby-nl3037\/","og_site_name":"Veltec Kirby specialist","article_publisher":"https:\/\/www.facebook.com\/Veltec-Kirby-Specialist-236746293374877\/","article_modified_time":"2025-01-20T14:45:54+00:00","og_image":[{"width":465,"height":426,"url":"https:\/\/www.veltec.eu\/wp-content\/uploads\/2018\/10\/G4.jpg","type":"image\/jpeg"}],"twitter_card":"summary_large_image","twitter_misc":{"Tiempo de lectura":"3 minutos"},"schema":{"@context":"https:\/\/schema.org","@graph":[{"@type":"WebPage","@id":"https:\/\/www.veltec.eu\/es\/product\/bolsa-exterior-g4-kirby-nl3037\/","url":"https:\/\/www.veltec.eu\/es\/product\/bolsa-exterior-g4-kirby-nl3037\/","name":"Bolsa Exterior G4 Kirby - Veltec Kirby specialist","isPartOf":{"@id":"https:\/\/www.veltec.eu\/en\/#website"},"primaryImageOfPage":{"@id":"https:\/\/www.veltec.eu\/es\/product\/bolsa-exterior-g4-kirby-nl3037\/#primaryimage"},"image":{"@id":"https:\/\/www.veltec.eu\/es\/product\/bolsa-exterior-g4-kirby-nl3037\/#primaryimage"},"thumbnailUrl":"https:\/\/www.veltec.eu\/wp-content\/uploads\/2018\/10\/G4.jpg","datePublished":"2018-10-16T11:34:33+00:00","dateModified":"2025-01-20T14:45:54+00:00","description":"Bolsa Exterior G4 Kirby - Veltec es el proveedor de las aspiradoras Kirby desde hace m\u00e1s de 25 a\u00f1os. Y es su especialista en servicio Kirby","breadcrumb":{"@id":"https:\/\/www.veltec.eu\/es\/product\/bolsa-exterior-g4-kirby-nl3037\/#breadcrumb"},"inLanguage":"es","potentialAction":[{"@type":"ReadAction","target":["https:\/\/www.veltec.eu\/es\/product\/bolsa-exterior-g4-kirby-nl3037\/"]}]},{"@type":"ImageObject","inLanguage":"es","@id":"https:\/\/www.veltec.eu\/es\/product\/bolsa-exterior-g4-kirby-nl3037\/#primaryimage","url":"https:\/\/www.veltec.eu\/wp-content\/uploads\/2018\/10\/G4.jpg","contentUrl":"https:\/\/www.veltec.eu\/wp-content\/uploads\/2018\/10\/G4.jpg","width":465,"height":426},{"@type":"BreadcrumbList","@id":"https:\/\/www.veltec.eu\/es\/product\/bolsa-exterior-g4-kirby-nl3037\/#breadcrumb","itemListElement":[{"@type":"ListItem","position":1,"name":"Home","item":"https:\/\/www.veltec.eu\/es\/"},{"@type":"ListItem","position":2,"name":"Tienda Kirby","item":"https:\/\/www.veltec.eu\/es\/tienda-kirby\/"},{"@type":"ListItem","position":3,"name":"Bolsa Exterior G4 Kirby"}]},{"@type":"WebSite","@id":"https:\/\/www.veltec.eu\/en\/#website","url":"https:\/\/www.veltec.eu\/en\/","name":"Veltec Kirby specialist","description":"Kirby stofzuiger producten","publisher":{"@id":"https:\/\/www.veltec.eu\/en\/#organization"},"potentialAction":[{"@type":"SearchAction","target":{"@type":"EntryPoint","urlTemplate":"https:\/\/www.veltec.eu\/en\/?s={search_term_string}"},"query-input":{"@type":"PropertyValueSpecification","valueRequired":true,"valueName":"search_term_string"}}],"inLanguage":"es"},{"@type":"Organization","@id":"https:\/\/www.veltec.eu\/en\/#organization","name":"Veltec Kirby Specialist","url":"https:\/\/www.veltec.eu\/en\/","logo":{"@type":"ImageObject","inLanguage":"es","@id":"https:\/\/www.veltec.eu\/en\/#\/schema\/logo\/image\/","url":"https:\/\/www.veltec.eu\/wp-content\/uploads\/2021\/12\/Veltec-log-groot-e1537260889125.png","contentUrl":"https:\/\/www.veltec.eu\/wp-content\/uploads\/2021\/12\/Veltec-log-groot-e1537260889125.png","width":200,"height":60,"caption":"Veltec Kirby Specialist"},"image":{"@id":"https:\/\/www.veltec.eu\/en\/#\/schema\/logo\/image\/"},"sameAs":["https:\/\/www.facebook.com\/Veltec-Kirby-Specialist-236746293374877\/","https:\/\/www.youtube.com\/user\/VeltecService"]}]}},"_links":{"self":[{"href":"https:\/\/www.veltec.eu\/es\/wp-json\/wp\/v2\/product\/12109","targetHints":{"allow":["GET"]}}],"collection":[{"href":"https:\/\/www.veltec.eu\/es\/wp-json\/wp\/v2\/product"}],"about":[{"href":"https:\/\/www.veltec.eu\/es\/wp-json\/wp\/v2\/types\/product"}],"replies":[{"embeddable":true,"href":"https:\/\/www.veltec.eu\/es\/wp-json\/wp\/v2\/comments?post=12109"}],"wp:featuredmedia":[{"embeddable":true,"href":"https:\/\/www.veltec.eu\/es\/wp-json\/wp\/v2\/media\/17956"}],"wp:attachment":[{"href":"https:\/\/www.veltec.eu\/es\/wp-json\/wp\/v2\/media?parent=12109"}],"wp:term":[{"taxonomy":"product_brand","embeddable":true,"href":"https:\/\/www.veltec.eu\/es\/wp-json\/wp\/v2\/product_brand?post=12109"},{"taxonomy":"product_cat","embeddable":true,"href":"https:\/\/www.veltec.eu\/es\/wp-json\/wp\/v2\/product_cat?post=12109"},{"taxonomy":"product_tag","embeddable":true,"href":"https:\/\/www.veltec.eu\/es\/wp-json\/wp\/v2\/product_tag?post=12109"}],"curies":[{"name":"wp","href":"https:\/\/api.w.org\/{rel}","templated":true}]}}