{"id":12104,"date":"2018-10-16T13:38:06","date_gmt":"2018-10-16T11:38:06","guid":{"rendered":"https:\/\/www.veltec.eu\/kirby-webshop\/bolsa-exterior-g5-kirby-nl3038\/"},"modified":"2025-01-02T15:58:21","modified_gmt":"2025-01-02T13:58:21","slug":"bolsa-exterior-g5-kirby-nl3038","status":"publish","type":"product","link":"https:\/\/www.veltec.eu\/es\/product\/bolsa-exterior-g5-kirby-nl3038\/","title":{"rendered":"Bolsa Exterior G5 Kirby"},"content":{"rendered":"<h1>Bolsa exterior Kirby G5<\/h1>\n<p>Bolsa exterior para Kirby G5.<\/p>\n<p><strong>Esta bolsa exterior Kirby es adecuada exclusivamente para las aspiradoras Kirby que se indican a continuaci\u00f3n;<\/strong><\/p>\n<ul>\n<li>Generaci\u00f3n 5 (G5)<\/li>\n<\/ul>\n<h2>Bolsa exterior Kirby G5: La funda exterior perfecta para su aspiradora Kirby<\/h2>\n<h3>Dise\u00f1o original Kirby para la Generaci\u00f3n 5 (G5)<\/h3>\n<p>\u00bfEst\u00e1 buscando una bolsa exterior de alta calidad para su aspiradora Kirby? La bolsa exterior Kirby G5 est\u00e1 especialmente dise\u00f1ada para la aspiradora Kirby Generaci\u00f3n 5 (G5) y ofrece un equilibrio perfecto entre funcionalidad y estilo. Gracias a su dise\u00f1o original y a sus materiales duraderos, esta bolsa exterior proporciona un soporte \u00f3ptimo para su aspiradora.<\/p>\n<p><a href=\"https:\/\/www.veltec.eu\/es\/bolsa-exterior-kirby\/\">Aqu\u00ed encontrar\u00e1 todas las piezas de repuesto para la bolsa exterior Kirby y accesorios<\/a><\/p>\n<h3>Universalmente adecuada para todos los modelos Kirby<\/h3>\n<p>Una gran ventaja de la bolsa exterior es su versatilidad. Aunque esta bolsa est\u00e1 dise\u00f1ada espec\u00edficamente para la G5, es totalmente compatible con todos los dem\u00e1s modelos Kirby. Esto la convierte en una opci\u00f3n universal, independientemente del tipo de aspiradora Kirby que tenga. La \u00fanica distinci\u00f3n est\u00e1 en el dise\u00f1o, por lo que puede personalizar la bolsa exterior para adaptarla a sus preferencias personales o a su estilo interior.<\/p>\n<h3>Materiales de alta calidad para un uso prolongado<\/h3>\n<p>La bolsa para exteriores Kirby est\u00e1 fabricada con materiales robustos y de alta calidad que no s\u00f3lo son resistentes, sino que tambi\u00e9n garantizan una mejor circulaci\u00f3n del aire. Esto contribuye a la eficacia de su aspiradora y prolonga la vida \u00fatil del aparato. Adem\u00e1s, la bolsa exterior protege la bolsa interior de posibles da\u00f1os y proporciona un aspecto elegante y cuidado.<\/p>\n<h3>F\u00e1cil instalaci\u00f3n y mantenimiento<\/h3>\n<p>Otra ventaja importante de la bolsa exterior es su facilidad de uso. La bolsa es f\u00e1cil de instalar y sustituir, lo que significa que no necesita ning\u00fan conocimiento t\u00e9cnico para incorporarla a su aspiradora. Adem\u00e1s, la bolsa exterior es f\u00e1cil de limpiar, por lo que siempre podr\u00e1 contar con una aspiradora higi\u00e9nica y que funcione correctamente.<\/p>\n<h2>\u00bfPor qu\u00e9 elegir la bolsa exterior G5?<\/h2>\n<h3>Funcionalidad mejorada<\/h3>\n<p>Con la bolsa exterior Kirby G5 se beneficiar\u00e1 de un mejor rendimiento de su aspiradora. La bolsa favorece un flujo de aire m\u00e1s eficaz, garantizando una limpieza a fondo de su hogar. Adem\u00e1s, la resistente bolsa exterior minimiza el desgaste de la bolsa interior, haciendo que dure m\u00e1s.<\/p>\n<h3>Dise\u00f1o elegante y atemporal<\/h3>\n<p>Las bolsas exteriores Kirby son conocidas por sus elegantes dise\u00f1os. La bolsa exterior Kirby G5 no es una excepci\u00f3n. Su moderno dise\u00f1o combina a la perfecci\u00f3n con el elegante aspecto de las aspiradoras Kirby y garantiza una apariencia profesional.<\/p>\n<h3>Compatibilidad universal<\/h3>\n<p>El ajuste universal hace que esta bolsa exterior sea una inversi\u00f3n inteligente independientemente del modelo Kirby que utilice. Esto le ahorra tiempo y esfuerzo a la hora de buscar las piezas adecuadas.<\/p>\n<h3>Pida hoy su bolsa exterior Kirby<\/h3>\n<p>\u00bfQuiere mantener su aspiradora Kirby en las mejores condiciones? Entonces elija la bolsa exterior Kirby G5 original. Con su ajuste universal, dise\u00f1o elegante y materiales duraderos, esta bolsa exterior le ofrece todo lo que necesita para un uso \u00f3ptimo de su aspiradora Kirby. P\u00eddala hoy mismo y compruebe sus ventajas.<\/p>\n","protected":false},"excerpt":{"rendered":"<p>Bolsa exterior para Kirby G5.<\/p>\n[trustindex data-widget-id=48bbd87242952812953642309d4]\n<h3><span style=\"color: #008000;\"><br \/>\nEn stock<\/span><\/h3>\n[av_font_icon icon='ue812' font='entypo-fontello' style='' caption='' size='25px' position='left' color='#43ad66' link='' linktarget='' title_attr='' sonar_effect_effect='' sonar_effect_color='' sonar_effect_duration='1' sonar_effect_scale='' sonar_effect_opac='0.5' animation='' id='' custom_class='' template_class='' av_uid='' sc_version='1.0' admin_preview_bg=''][\/av_font_icon]\n<p><span style=\"color: #008000;\">Pedido antes de las 23:59, enviado ma\u00f1ana<\/span><\/p>\n<p>&nbsp;<\/p>\n","protected":false},"featured_media":17963,"comment_status":"open","ping_status":"closed","template":"","meta":{"_acf_changed":false},"product_brand":[],"product_cat":[370],"product_tag":[],"class_list":{"0":"post-12104","1":"product","2":"type-product","3":"status-publish","4":"has-post-thumbnail","6":"product_cat-bolsa-exterior-kirby-y-accesorios","7":"product_shipping_class-klein-es","9":"first","10":"instock","11":"sale","12":"taxable","13":"shipping-taxable","14":"purchasable","15":"product-type-simple"},"acf":[],"yoast_head":"<!-- This site is optimized with the Yoast SEO Premium plugin v27.1 (Yoast SEO v27.4) - https:\/\/yoast.com\/product\/yoast-seo-premium-wordpress\/ -->\n<title>Bolsa Exterior G5 Kirby - Veltec Kirby specialist<\/title>\n<meta name=\"description\" content=\"Bolsa Exterior G5 Kirby - Veltec es el proveedor de las aspiradoras Kirby desde hace m\u00e1s de 25 a\u00f1os. Y es su especialista en servicio Kirby\" \/>\n<meta name=\"robots\" content=\"index, follow, max-snippet:-1, max-image-preview:large, max-video-preview:-1\" \/>\n<link rel=\"canonical\" href=\"https:\/\/www.veltec.eu\/es\/product\/bolsa-exterior-g5-kirby-nl3038\/\" \/>\n<meta property=\"og:locale\" content=\"es_ES\" \/>\n<meta property=\"og:type\" content=\"article\" \/>\n<meta property=\"og:title\" content=\"Bolsa Exterior G5 Kirby\" \/>\n<meta property=\"og:description\" content=\"Bolsa exterior para Kirby G5.    En stock   Pedido antes de las 23:59, enviado ma\u00f1ana  &nbsp;\" \/>\n<meta property=\"og:url\" content=\"https:\/\/www.veltec.eu\/es\/product\/bolsa-exterior-g5-kirby-nl3038\/\" \/>\n<meta property=\"og:site_name\" content=\"Veltec Kirby specialist\" \/>\n<meta property=\"article:publisher\" content=\"https:\/\/www.facebook.com\/Veltec-Kirby-Specialist-236746293374877\/\" \/>\n<meta property=\"article:modified_time\" content=\"2025-01-02T13:58:21+00:00\" \/>\n<meta property=\"og:image\" content=\"https:\/\/www.veltec.eu\/wp-content\/uploads\/2018\/10\/G5.jpg\" \/>\n\t<meta property=\"og:image:width\" content=\"439\" \/>\n\t<meta property=\"og:image:height\" content=\"426\" \/>\n\t<meta property=\"og:image:type\" content=\"image\/jpeg\" \/>\n<meta name=\"twitter:card\" content=\"summary_large_image\" \/>\n<meta name=\"twitter:label1\" content=\"Tiempo de lectura\" \/>\n\t<meta name=\"twitter:data1\" content=\"3 minutos\" \/>\n<script type=\"application\/ld+json\" class=\"yoast-schema-graph\">{\"@context\":\"https:\\\/\\\/schema.org\",\"@graph\":[{\"@type\":\"WebPage\",\"@id\":\"https:\\\/\\\/www.veltec.eu\\\/es\\\/product\\\/bolsa-exterior-g5-kirby-nl3038\\\/\",\"url\":\"https:\\\/\\\/www.veltec.eu\\\/es\\\/product\\\/bolsa-exterior-g5-kirby-nl3038\\\/\",\"name\":\"Bolsa Exterior G5 Kirby - Veltec Kirby specialist\",\"isPartOf\":{\"@id\":\"https:\\\/\\\/www.veltec.eu\\\/en\\\/#website\"},\"primaryImageOfPage\":{\"@id\":\"https:\\\/\\\/www.veltec.eu\\\/es\\\/product\\\/bolsa-exterior-g5-kirby-nl3038\\\/#primaryimage\"},\"image\":{\"@id\":\"https:\\\/\\\/www.veltec.eu\\\/es\\\/product\\\/bolsa-exterior-g5-kirby-nl3038\\\/#primaryimage\"},\"thumbnailUrl\":\"https:\\\/\\\/www.veltec.eu\\\/wp-content\\\/uploads\\\/2018\\\/10\\\/G5.jpg\",\"datePublished\":\"2018-10-16T11:38:06+00:00\",\"dateModified\":\"2025-01-02T13:58:21+00:00\",\"description\":\"Bolsa Exterior G5 Kirby - Veltec es el proveedor de las aspiradoras Kirby desde hace m\u00e1s de 25 a\u00f1os. Y es su especialista en servicio Kirby\",\"breadcrumb\":{\"@id\":\"https:\\\/\\\/www.veltec.eu\\\/es\\\/product\\\/bolsa-exterior-g5-kirby-nl3038\\\/#breadcrumb\"},\"inLanguage\":\"es\",\"potentialAction\":[{\"@type\":\"ReadAction\",\"target\":[\"https:\\\/\\\/www.veltec.eu\\\/es\\\/product\\\/bolsa-exterior-g5-kirby-nl3038\\\/\"]}]},{\"@type\":\"ImageObject\",\"inLanguage\":\"es\",\"@id\":\"https:\\\/\\\/www.veltec.eu\\\/es\\\/product\\\/bolsa-exterior-g5-kirby-nl3038\\\/#primaryimage\",\"url\":\"https:\\\/\\\/www.veltec.eu\\\/wp-content\\\/uploads\\\/2018\\\/10\\\/G5.jpg\",\"contentUrl\":\"https:\\\/\\\/www.veltec.eu\\\/wp-content\\\/uploads\\\/2018\\\/10\\\/G5.jpg\",\"width\":439,\"height\":426},{\"@type\":\"BreadcrumbList\",\"@id\":\"https:\\\/\\\/www.veltec.eu\\\/es\\\/product\\\/bolsa-exterior-g5-kirby-nl3038\\\/#breadcrumb\",\"itemListElement\":[{\"@type\":\"ListItem\",\"position\":1,\"name\":\"Home\",\"item\":\"https:\\\/\\\/www.veltec.eu\\\/es\\\/\"},{\"@type\":\"ListItem\",\"position\":2,\"name\":\"Tienda Kirby\",\"item\":\"https:\\\/\\\/www.veltec.eu\\\/es\\\/tienda-kirby\\\/\"},{\"@type\":\"ListItem\",\"position\":3,\"name\":\"Bolsa Exterior G5 Kirby\"}]},{\"@type\":\"WebSite\",\"@id\":\"https:\\\/\\\/www.veltec.eu\\\/en\\\/#website\",\"url\":\"https:\\\/\\\/www.veltec.eu\\\/en\\\/\",\"name\":\"Veltec Kirby specialist\",\"description\":\"Kirby stofzuiger producten\",\"publisher\":{\"@id\":\"https:\\\/\\\/www.veltec.eu\\\/en\\\/#organization\"},\"potentialAction\":[{\"@type\":\"SearchAction\",\"target\":{\"@type\":\"EntryPoint\",\"urlTemplate\":\"https:\\\/\\\/www.veltec.eu\\\/en\\\/?s={search_term_string}\"},\"query-input\":{\"@type\":\"PropertyValueSpecification\",\"valueRequired\":true,\"valueName\":\"search_term_string\"}}],\"inLanguage\":\"es\"},{\"@type\":\"Organization\",\"@id\":\"https:\\\/\\\/www.veltec.eu\\\/en\\\/#organization\",\"name\":\"Veltec Kirby Specialist\",\"url\":\"https:\\\/\\\/www.veltec.eu\\\/en\\\/\",\"logo\":{\"@type\":\"ImageObject\",\"inLanguage\":\"es\",\"@id\":\"https:\\\/\\\/www.veltec.eu\\\/en\\\/#\\\/schema\\\/logo\\\/image\\\/\",\"url\":\"https:\\\/\\\/www.veltec.eu\\\/wp-content\\\/uploads\\\/2021\\\/12\\\/Veltec-log-groot-e1537260889125.png\",\"contentUrl\":\"https:\\\/\\\/www.veltec.eu\\\/wp-content\\\/uploads\\\/2021\\\/12\\\/Veltec-log-groot-e1537260889125.png\",\"width\":200,\"height\":60,\"caption\":\"Veltec Kirby Specialist\"},\"image\":{\"@id\":\"https:\\\/\\\/www.veltec.eu\\\/en\\\/#\\\/schema\\\/logo\\\/image\\\/\"},\"sameAs\":[\"https:\\\/\\\/www.facebook.com\\\/Veltec-Kirby-Specialist-236746293374877\\\/\",\"https:\\\/\\\/www.youtube.com\\\/user\\\/VeltecService\"]}]}<\/script>\n<!-- \/ Yoast SEO Premium plugin. -->","yoast_head_json":{"title":"Bolsa Exterior G5 Kirby - Veltec Kirby specialist","description":"Bolsa Exterior G5 Kirby - Veltec es el proveedor de las aspiradoras Kirby desde hace m\u00e1s de 25 a\u00f1os. Y es su especialista en servicio Kirby","robots":{"index":"index","follow":"follow","max-snippet":"max-snippet:-1","max-image-preview":"max-image-preview:large","max-video-preview":"max-video-preview:-1"},"canonical":"https:\/\/www.veltec.eu\/es\/product\/bolsa-exterior-g5-kirby-nl3038\/","og_locale":"es_ES","og_type":"article","og_title":"Bolsa Exterior G5 Kirby","og_description":"Bolsa exterior para Kirby G5.    En stock   Pedido antes de las 23:59, enviado ma\u00f1ana  &nbsp;","og_url":"https:\/\/www.veltec.eu\/es\/product\/bolsa-exterior-g5-kirby-nl3038\/","og_site_name":"Veltec Kirby specialist","article_publisher":"https:\/\/www.facebook.com\/Veltec-Kirby-Specialist-236746293374877\/","article_modified_time":"2025-01-02T13:58:21+00:00","og_image":[{"width":439,"height":426,"url":"https:\/\/www.veltec.eu\/wp-content\/uploads\/2018\/10\/G5.jpg","type":"image\/jpeg"}],"twitter_card":"summary_large_image","twitter_misc":{"Tiempo de lectura":"3 minutos"},"schema":{"@context":"https:\/\/schema.org","@graph":[{"@type":"WebPage","@id":"https:\/\/www.veltec.eu\/es\/product\/bolsa-exterior-g5-kirby-nl3038\/","url":"https:\/\/www.veltec.eu\/es\/product\/bolsa-exterior-g5-kirby-nl3038\/","name":"Bolsa Exterior G5 Kirby - Veltec Kirby specialist","isPartOf":{"@id":"https:\/\/www.veltec.eu\/en\/#website"},"primaryImageOfPage":{"@id":"https:\/\/www.veltec.eu\/es\/product\/bolsa-exterior-g5-kirby-nl3038\/#primaryimage"},"image":{"@id":"https:\/\/www.veltec.eu\/es\/product\/bolsa-exterior-g5-kirby-nl3038\/#primaryimage"},"thumbnailUrl":"https:\/\/www.veltec.eu\/wp-content\/uploads\/2018\/10\/G5.jpg","datePublished":"2018-10-16T11:38:06+00:00","dateModified":"2025-01-02T13:58:21+00:00","description":"Bolsa Exterior G5 Kirby - Veltec es el proveedor de las aspiradoras Kirby desde hace m\u00e1s de 25 a\u00f1os. Y es su especialista en servicio Kirby","breadcrumb":{"@id":"https:\/\/www.veltec.eu\/es\/product\/bolsa-exterior-g5-kirby-nl3038\/#breadcrumb"},"inLanguage":"es","potentialAction":[{"@type":"ReadAction","target":["https:\/\/www.veltec.eu\/es\/product\/bolsa-exterior-g5-kirby-nl3038\/"]}]},{"@type":"ImageObject","inLanguage":"es","@id":"https:\/\/www.veltec.eu\/es\/product\/bolsa-exterior-g5-kirby-nl3038\/#primaryimage","url":"https:\/\/www.veltec.eu\/wp-content\/uploads\/2018\/10\/G5.jpg","contentUrl":"https:\/\/www.veltec.eu\/wp-content\/uploads\/2018\/10\/G5.jpg","width":439,"height":426},{"@type":"BreadcrumbList","@id":"https:\/\/www.veltec.eu\/es\/product\/bolsa-exterior-g5-kirby-nl3038\/#breadcrumb","itemListElement":[{"@type":"ListItem","position":1,"name":"Home","item":"https:\/\/www.veltec.eu\/es\/"},{"@type":"ListItem","position":2,"name":"Tienda Kirby","item":"https:\/\/www.veltec.eu\/es\/tienda-kirby\/"},{"@type":"ListItem","position":3,"name":"Bolsa Exterior G5 Kirby"}]},{"@type":"WebSite","@id":"https:\/\/www.veltec.eu\/en\/#website","url":"https:\/\/www.veltec.eu\/en\/","name":"Veltec Kirby specialist","description":"Kirby stofzuiger producten","publisher":{"@id":"https:\/\/www.veltec.eu\/en\/#organization"},"potentialAction":[{"@type":"SearchAction","target":{"@type":"EntryPoint","urlTemplate":"https:\/\/www.veltec.eu\/en\/?s={search_term_string}"},"query-input":{"@type":"PropertyValueSpecification","valueRequired":true,"valueName":"search_term_string"}}],"inLanguage":"es"},{"@type":"Organization","@id":"https:\/\/www.veltec.eu\/en\/#organization","name":"Veltec Kirby Specialist","url":"https:\/\/www.veltec.eu\/en\/","logo":{"@type":"ImageObject","inLanguage":"es","@id":"https:\/\/www.veltec.eu\/en\/#\/schema\/logo\/image\/","url":"https:\/\/www.veltec.eu\/wp-content\/uploads\/2021\/12\/Veltec-log-groot-e1537260889125.png","contentUrl":"https:\/\/www.veltec.eu\/wp-content\/uploads\/2021\/12\/Veltec-log-groot-e1537260889125.png","width":200,"height":60,"caption":"Veltec Kirby Specialist"},"image":{"@id":"https:\/\/www.veltec.eu\/en\/#\/schema\/logo\/image\/"},"sameAs":["https:\/\/www.facebook.com\/Veltec-Kirby-Specialist-236746293374877\/","https:\/\/www.youtube.com\/user\/VeltecService"]}]}},"_links":{"self":[{"href":"https:\/\/www.veltec.eu\/es\/wp-json\/wp\/v2\/product\/12104","targetHints":{"allow":["GET"]}}],"collection":[{"href":"https:\/\/www.veltec.eu\/es\/wp-json\/wp\/v2\/product"}],"about":[{"href":"https:\/\/www.veltec.eu\/es\/wp-json\/wp\/v2\/types\/product"}],"replies":[{"embeddable":true,"href":"https:\/\/www.veltec.eu\/es\/wp-json\/wp\/v2\/comments?post=12104"}],"wp:featuredmedia":[{"embeddable":true,"href":"https:\/\/www.veltec.eu\/es\/wp-json\/wp\/v2\/media\/17963"}],"wp:attachment":[{"href":"https:\/\/www.veltec.eu\/es\/wp-json\/wp\/v2\/media?parent=12104"}],"wp:term":[{"taxonomy":"product_brand","embeddable":true,"href":"https:\/\/www.veltec.eu\/es\/wp-json\/wp\/v2\/product_brand?post=12104"},{"taxonomy":"product_cat","embeddable":true,"href":"https:\/\/www.veltec.eu\/es\/wp-json\/wp\/v2\/product_cat?post=12104"},{"taxonomy":"product_tag","embeddable":true,"href":"https:\/\/www.veltec.eu\/es\/wp-json\/wp\/v2\/product_tag?post=12104"}],"curies":[{"name":"wp","href":"https:\/\/api.w.org\/{rel}","templated":true}]}}