{"id":12099,"date":"2018-10-16T13:50:22","date_gmt":"2018-10-16T11:50:22","guid":{"rendered":"https:\/\/www.veltec.eu\/kirby-webshop\/bolsa-exterior-g6-kirby-nl3039\/"},"modified":"2025-01-02T15:54:54","modified_gmt":"2025-01-02T13:54:54","slug":"bolsa-exterior-g6-kirby-nl3039","status":"publish","type":"product","link":"https:\/\/www.veltec.eu\/es\/product\/bolsa-exterior-g6-kirby-nl3039\/","title":{"rendered":"Bolsa Exterior G6 Kirby"},"content":{"rendered":"<h1>Bolsa Exterior G6 Kirby<\/h1>\n<p>Bolsa exterior para Kirby G6.<\/p>\n<p><strong>Esta bolsa exterior Kirby es adecuada exclusivamente para las aspiradoras Kirby que se indican a continuaci\u00f3n;<\/strong><\/p>\n<ul>\n<li>Generaci\u00f3n Kirby (G6)<\/li>\n<\/ul>\n<h2>Bolsa Exterior G6 Kirby &#8211; La elecci\u00f3n perfecta para su aspiradora Kirby<\/h2>\n<p>\u00bfEst\u00e1 buscando una bolsa exterior de alta calidad para su aspiradora Kirby? La bolsa exterior es una bolsa exterior original, especialmente dise\u00f1ada para la aspiradora Kirby Generation 6 (G6). Pero eso no es todo: gracias a su dise\u00f1o universal, esta bolsa exterior se adapta a todo tipo de aspiradoras Kirby. Tanto si tiene una G6 como otro modelo, con esta bolsa exterior combinar\u00e1 estilo, durabilidad y una funcionalidad \u00f3ptima.<\/p>\n<p><a href=\"https:\/\/www.veltec.eu\/es\/bolsa-exterior-kirby\/\">Aqu\u00ed encontrar\u00e1 todo lo relacionado con la bolsa exterior Kirby y sus accesorios<\/a><\/p>\n<h3>\u00bfPor qu\u00e9 elegir la Bolsa Exterior G6 Kirby?<\/h3>\n<p>Elegir la bolsa exterior adecuada para su aspiradora Kirby es esencial. La bolsa exterior Kirby ofrece numerosas ventajas que mejoran su experiencia de aspirado.<\/p>\n<h3>Dise\u00f1o universal y vers\u00e1til<\/h3>\n<p>La bolsa exterior est\u00e1 dise\u00f1ada pensando en la versatilidad. Aunque se desarroll\u00f3 espec\u00edficamente para la Generaci\u00f3n 6 de Kirby, el dise\u00f1o es totalmente compatible con todos los dem\u00e1s modelos de aspiradoras Kirby. Esto la convierte en la elecci\u00f3n perfecta independientemente del aparato Kirby que utilice. Adem\u00e1s, no tiene que preocuparse por ajustes o instalaciones complicadas: la bolsa es f\u00e1cil de colocar.<\/p>\n<h3>Alta calidad para una larga vida \u00fatil<\/h3>\n<p>Kirby es conocida por sus productos de calidad, y la bolsa para exteriores no es una excepci\u00f3n. Fabricada con materiales duraderos, esta bolsa para exteriores durar\u00e1 a\u00f1os sin sacrificar la funcionalidad ni el estilo. Esto significa menos preocupaciones por las sustituciones y m\u00e1s concentraci\u00f3n en un entorno de vida limpio y saludable.<\/p>\n<h2>\u00bfQu\u00e9 hace que la Bolsa Exterior G6 Kirby sea \u00fanica?<\/h2>\n<h3>Dise\u00f1o elegante y pr\u00e1ctico<\/h3>\n<p>Las bolsas para exteriores de Kirby se distinguen por sus dise\u00f1os \u00fanicos. Aunque la \u00fanica diferencia entre los modelos es el dise\u00f1o, la Outdoor Bag G6 da a su aspiradora un aspecto fresco y elegante. El dise\u00f1o funcional garantiza que la bolsa exterior trabaje eficazmente con la bolsa interior para capturar de forma \u00f3ptima el polvo y la suciedad.<\/p>\n<h3>Compatibilidad perfecta con las bolsas interiores Kirby<\/h3>\n<p>Adem\u00e1s de la bolsa exterior, la bolsa interior desempe\u00f1a un papel crucial en el funcionamiento de su aspiradora. La bolsa exterior funciona perfectamente junto con las bolsas interiores originales Kirby, lo que da como resultado una recogida \u00f3ptima del polvo y del flujo de aire. Esto contribuye a una experiencia de aspirado m\u00e1s eficiente y limpia.<\/p>\n<h3>Pida hoy mismo la Bolsa Exterior G6 Kirby<\/h3>\n<p>\u00bfEst\u00e1 listo para darle a su aspiradora Kirby una actualizaci\u00f3n? Elija la bolsa exterior G6 y experimente inmediatamente las ventajas de una bolsa exterior original, duradera y con estilo. El pedido es sencillo y r\u00e1pido. No espere m\u00e1s: \u00a1deje su aspiradora como nueva con esta bolsa exterior universal!<\/p>\n","protected":false},"excerpt":{"rendered":"<p>Bolsa exterior para Kirby G6.<\/p>\n[trustindex data-widget-id=48bbd87242952812953642309d4]\n<h3><span style=\"color: #008000;\"><br \/>\nEn stock<\/span><\/h3>\n[av_font_icon icon='ue812' font='entypo-fontello' style='' caption='' size='25px' position='left' color='#43ad66' link='' linktarget='' title_attr='' sonar_effect_effect='' sonar_effect_color='' sonar_effect_duration='1' sonar_effect_scale='' sonar_effect_opac='0.5' animation='' id='' custom_class='' template_class='' av_uid='' sc_version='1.0' admin_preview_bg=''][\/av_font_icon]\n<p><span style=\"color: #008000;\">Pedido antes de las 23:59, enviado ma\u00f1ana<\/span><\/p>\n<p>&nbsp;<\/p>\n","protected":false},"featured_media":17970,"comment_status":"open","ping_status":"closed","template":"","meta":{"_acf_changed":false},"product_brand":[],"product_cat":[370],"product_tag":[],"class_list":{"0":"post-12099","1":"product","2":"type-product","3":"status-publish","4":"has-post-thumbnail","6":"product_cat-bolsa-exterior-kirby-y-accesorios","7":"product_shipping_class-klein-es","9":"first","10":"instock","11":"sale","12":"taxable","13":"shipping-taxable","14":"purchasable","15":"product-type-simple"},"acf":[],"yoast_head":"<!-- This site is optimized with the Yoast SEO Premium plugin v27.1 (Yoast SEO v27.4) - https:\/\/yoast.com\/product\/yoast-seo-premium-wordpress\/ -->\n<title>Bolsa Exterior G6 Kirby - Veltec Kirby specialist<\/title>\n<meta name=\"description\" content=\"Bolsa Exterior G6 - Kirby Veltec es el proveedor de las aspiradoras Kirby desde hace m\u00e1s de 25 a\u00f1os. Y es su especialista en servicio Kirby\" \/>\n<meta name=\"robots\" content=\"index, follow, max-snippet:-1, max-image-preview:large, max-video-preview:-1\" \/>\n<link rel=\"canonical\" href=\"https:\/\/www.veltec.eu\/es\/product\/bolsa-exterior-g6-kirby-nl3039\/\" \/>\n<meta property=\"og:locale\" content=\"es_ES\" \/>\n<meta property=\"og:type\" content=\"article\" \/>\n<meta property=\"og:title\" content=\"Bolsa Exterior G6 Kirby\" \/>\n<meta property=\"og:description\" content=\"Bolsa exterior para Kirby G6.    En stock   Pedido antes de las 23:59, enviado ma\u00f1ana  &nbsp;\" \/>\n<meta property=\"og:url\" content=\"https:\/\/www.veltec.eu\/es\/product\/bolsa-exterior-g6-kirby-nl3039\/\" \/>\n<meta property=\"og:site_name\" content=\"Veltec Kirby specialist\" \/>\n<meta property=\"article:publisher\" content=\"https:\/\/www.facebook.com\/Veltec-Kirby-Specialist-236746293374877\/\" \/>\n<meta property=\"article:modified_time\" content=\"2025-01-02T13:54:54+00:00\" \/>\n<meta property=\"og:image\" content=\"https:\/\/www.veltec.eu\/wp-content\/uploads\/2018\/10\/G6.jpg\" \/>\n\t<meta property=\"og:image:width\" content=\"477\" \/>\n\t<meta property=\"og:image:height\" content=\"426\" \/>\n\t<meta property=\"og:image:type\" content=\"image\/jpeg\" \/>\n<meta name=\"twitter:card\" content=\"summary_large_image\" \/>\n<meta name=\"twitter:label1\" content=\"Tiempo de lectura\" \/>\n\t<meta name=\"twitter:data1\" content=\"3 minutos\" \/>\n<script type=\"application\/ld+json\" class=\"yoast-schema-graph\">{\"@context\":\"https:\\\/\\\/schema.org\",\"@graph\":[{\"@type\":\"WebPage\",\"@id\":\"https:\\\/\\\/www.veltec.eu\\\/es\\\/product\\\/bolsa-exterior-g6-kirby-nl3039\\\/\",\"url\":\"https:\\\/\\\/www.veltec.eu\\\/es\\\/product\\\/bolsa-exterior-g6-kirby-nl3039\\\/\",\"name\":\"Bolsa Exterior G6 Kirby - Veltec Kirby specialist\",\"isPartOf\":{\"@id\":\"https:\\\/\\\/www.veltec.eu\\\/en\\\/#website\"},\"primaryImageOfPage\":{\"@id\":\"https:\\\/\\\/www.veltec.eu\\\/es\\\/product\\\/bolsa-exterior-g6-kirby-nl3039\\\/#primaryimage\"},\"image\":{\"@id\":\"https:\\\/\\\/www.veltec.eu\\\/es\\\/product\\\/bolsa-exterior-g6-kirby-nl3039\\\/#primaryimage\"},\"thumbnailUrl\":\"https:\\\/\\\/www.veltec.eu\\\/wp-content\\\/uploads\\\/2018\\\/10\\\/G6.jpg\",\"datePublished\":\"2018-10-16T11:50:22+00:00\",\"dateModified\":\"2025-01-02T13:54:54+00:00\",\"description\":\"Bolsa Exterior G6 - Kirby Veltec es el proveedor de las aspiradoras Kirby desde hace m\u00e1s de 25 a\u00f1os. Y es su especialista en servicio Kirby\",\"breadcrumb\":{\"@id\":\"https:\\\/\\\/www.veltec.eu\\\/es\\\/product\\\/bolsa-exterior-g6-kirby-nl3039\\\/#breadcrumb\"},\"inLanguage\":\"es\",\"potentialAction\":[{\"@type\":\"ReadAction\",\"target\":[\"https:\\\/\\\/www.veltec.eu\\\/es\\\/product\\\/bolsa-exterior-g6-kirby-nl3039\\\/\"]}]},{\"@type\":\"ImageObject\",\"inLanguage\":\"es\",\"@id\":\"https:\\\/\\\/www.veltec.eu\\\/es\\\/product\\\/bolsa-exterior-g6-kirby-nl3039\\\/#primaryimage\",\"url\":\"https:\\\/\\\/www.veltec.eu\\\/wp-content\\\/uploads\\\/2018\\\/10\\\/G6.jpg\",\"contentUrl\":\"https:\\\/\\\/www.veltec.eu\\\/wp-content\\\/uploads\\\/2018\\\/10\\\/G6.jpg\",\"width\":477,\"height\":426},{\"@type\":\"BreadcrumbList\",\"@id\":\"https:\\\/\\\/www.veltec.eu\\\/es\\\/product\\\/bolsa-exterior-g6-kirby-nl3039\\\/#breadcrumb\",\"itemListElement\":[{\"@type\":\"ListItem\",\"position\":1,\"name\":\"Home\",\"item\":\"https:\\\/\\\/www.veltec.eu\\\/es\\\/\"},{\"@type\":\"ListItem\",\"position\":2,\"name\":\"Kirby Shop\",\"item\":\"https:\\\/\\\/www.veltec.eu\\\/nl\\\/shop-page\\\/\"},{\"@type\":\"ListItem\",\"position\":3,\"name\":\"Bolsa Exterior G6 Kirby\"}]},{\"@type\":\"WebSite\",\"@id\":\"https:\\\/\\\/www.veltec.eu\\\/en\\\/#website\",\"url\":\"https:\\\/\\\/www.veltec.eu\\\/en\\\/\",\"name\":\"Veltec Kirby specialist\",\"description\":\"Kirby stofzuiger producten\",\"publisher\":{\"@id\":\"https:\\\/\\\/www.veltec.eu\\\/en\\\/#organization\"},\"potentialAction\":[{\"@type\":\"SearchAction\",\"target\":{\"@type\":\"EntryPoint\",\"urlTemplate\":\"https:\\\/\\\/www.veltec.eu\\\/en\\\/?s={search_term_string}\"},\"query-input\":{\"@type\":\"PropertyValueSpecification\",\"valueRequired\":true,\"valueName\":\"search_term_string\"}}],\"inLanguage\":\"es\"},{\"@type\":\"Organization\",\"@id\":\"https:\\\/\\\/www.veltec.eu\\\/en\\\/#organization\",\"name\":\"Veltec Kirby Specialist\",\"url\":\"https:\\\/\\\/www.veltec.eu\\\/en\\\/\",\"logo\":{\"@type\":\"ImageObject\",\"inLanguage\":\"es\",\"@id\":\"https:\\\/\\\/www.veltec.eu\\\/en\\\/#\\\/schema\\\/logo\\\/image\\\/\",\"url\":\"https:\\\/\\\/www.veltec.eu\\\/wp-content\\\/uploads\\\/2021\\\/12\\\/Veltec-log-groot-e1537260889125.png\",\"contentUrl\":\"https:\\\/\\\/www.veltec.eu\\\/wp-content\\\/uploads\\\/2021\\\/12\\\/Veltec-log-groot-e1537260889125.png\",\"width\":200,\"height\":60,\"caption\":\"Veltec Kirby Specialist\"},\"image\":{\"@id\":\"https:\\\/\\\/www.veltec.eu\\\/en\\\/#\\\/schema\\\/logo\\\/image\\\/\"},\"sameAs\":[\"https:\\\/\\\/www.facebook.com\\\/Veltec-Kirby-Specialist-236746293374877\\\/\",\"https:\\\/\\\/www.youtube.com\\\/user\\\/VeltecService\"]}]}<\/script>\n<!-- \/ Yoast SEO Premium plugin. -->","yoast_head_json":{"title":"Bolsa Exterior G6 Kirby - Veltec Kirby specialist","description":"Bolsa Exterior G6 - Kirby Veltec es el proveedor de las aspiradoras Kirby desde hace m\u00e1s de 25 a\u00f1os. Y es su especialista en servicio Kirby","robots":{"index":"index","follow":"follow","max-snippet":"max-snippet:-1","max-image-preview":"max-image-preview:large","max-video-preview":"max-video-preview:-1"},"canonical":"https:\/\/www.veltec.eu\/es\/product\/bolsa-exterior-g6-kirby-nl3039\/","og_locale":"es_ES","og_type":"article","og_title":"Bolsa Exterior G6 Kirby","og_description":"Bolsa exterior para Kirby G6.    En stock   Pedido antes de las 23:59, enviado ma\u00f1ana  &nbsp;","og_url":"https:\/\/www.veltec.eu\/es\/product\/bolsa-exterior-g6-kirby-nl3039\/","og_site_name":"Veltec Kirby specialist","article_publisher":"https:\/\/www.facebook.com\/Veltec-Kirby-Specialist-236746293374877\/","article_modified_time":"2025-01-02T13:54:54+00:00","og_image":[{"width":477,"height":426,"url":"https:\/\/www.veltec.eu\/wp-content\/uploads\/2018\/10\/G6.jpg","type":"image\/jpeg"}],"twitter_card":"summary_large_image","twitter_misc":{"Tiempo de lectura":"3 minutos"},"schema":{"@context":"https:\/\/schema.org","@graph":[{"@type":"WebPage","@id":"https:\/\/www.veltec.eu\/es\/product\/bolsa-exterior-g6-kirby-nl3039\/","url":"https:\/\/www.veltec.eu\/es\/product\/bolsa-exterior-g6-kirby-nl3039\/","name":"Bolsa Exterior G6 Kirby - Veltec Kirby specialist","isPartOf":{"@id":"https:\/\/www.veltec.eu\/en\/#website"},"primaryImageOfPage":{"@id":"https:\/\/www.veltec.eu\/es\/product\/bolsa-exterior-g6-kirby-nl3039\/#primaryimage"},"image":{"@id":"https:\/\/www.veltec.eu\/es\/product\/bolsa-exterior-g6-kirby-nl3039\/#primaryimage"},"thumbnailUrl":"https:\/\/www.veltec.eu\/wp-content\/uploads\/2018\/10\/G6.jpg","datePublished":"2018-10-16T11:50:22+00:00","dateModified":"2025-01-02T13:54:54+00:00","description":"Bolsa Exterior G6 - Kirby Veltec es el proveedor de las aspiradoras Kirby desde hace m\u00e1s de 25 a\u00f1os. Y es su especialista en servicio Kirby","breadcrumb":{"@id":"https:\/\/www.veltec.eu\/es\/product\/bolsa-exterior-g6-kirby-nl3039\/#breadcrumb"},"inLanguage":"es","potentialAction":[{"@type":"ReadAction","target":["https:\/\/www.veltec.eu\/es\/product\/bolsa-exterior-g6-kirby-nl3039\/"]}]},{"@type":"ImageObject","inLanguage":"es","@id":"https:\/\/www.veltec.eu\/es\/product\/bolsa-exterior-g6-kirby-nl3039\/#primaryimage","url":"https:\/\/www.veltec.eu\/wp-content\/uploads\/2018\/10\/G6.jpg","contentUrl":"https:\/\/www.veltec.eu\/wp-content\/uploads\/2018\/10\/G6.jpg","width":477,"height":426},{"@type":"BreadcrumbList","@id":"https:\/\/www.veltec.eu\/es\/product\/bolsa-exterior-g6-kirby-nl3039\/#breadcrumb","itemListElement":[{"@type":"ListItem","position":1,"name":"Home","item":"https:\/\/www.veltec.eu\/es\/"},{"@type":"ListItem","position":2,"name":"Kirby Shop","item":"https:\/\/www.veltec.eu\/nl\/shop-page\/"},{"@type":"ListItem","position":3,"name":"Bolsa Exterior G6 Kirby"}]},{"@type":"WebSite","@id":"https:\/\/www.veltec.eu\/en\/#website","url":"https:\/\/www.veltec.eu\/en\/","name":"Veltec Kirby specialist","description":"Kirby stofzuiger producten","publisher":{"@id":"https:\/\/www.veltec.eu\/en\/#organization"},"potentialAction":[{"@type":"SearchAction","target":{"@type":"EntryPoint","urlTemplate":"https:\/\/www.veltec.eu\/en\/?s={search_term_string}"},"query-input":{"@type":"PropertyValueSpecification","valueRequired":true,"valueName":"search_term_string"}}],"inLanguage":"es"},{"@type":"Organization","@id":"https:\/\/www.veltec.eu\/en\/#organization","name":"Veltec Kirby Specialist","url":"https:\/\/www.veltec.eu\/en\/","logo":{"@type":"ImageObject","inLanguage":"es","@id":"https:\/\/www.veltec.eu\/en\/#\/schema\/logo\/image\/","url":"https:\/\/www.veltec.eu\/wp-content\/uploads\/2021\/12\/Veltec-log-groot-e1537260889125.png","contentUrl":"https:\/\/www.veltec.eu\/wp-content\/uploads\/2021\/12\/Veltec-log-groot-e1537260889125.png","width":200,"height":60,"caption":"Veltec Kirby Specialist"},"image":{"@id":"https:\/\/www.veltec.eu\/en\/#\/schema\/logo\/image\/"},"sameAs":["https:\/\/www.facebook.com\/Veltec-Kirby-Specialist-236746293374877\/","https:\/\/www.youtube.com\/user\/VeltecService"]}]}},"_links":{"self":[{"href":"https:\/\/www.veltec.eu\/es\/wp-json\/wp\/v2\/product\/12099","targetHints":{"allow":["GET"]}}],"collection":[{"href":"https:\/\/www.veltec.eu\/es\/wp-json\/wp\/v2\/product"}],"about":[{"href":"https:\/\/www.veltec.eu\/es\/wp-json\/wp\/v2\/types\/product"}],"replies":[{"embeddable":true,"href":"https:\/\/www.veltec.eu\/es\/wp-json\/wp\/v2\/comments?post=12099"}],"wp:featuredmedia":[{"embeddable":true,"href":"https:\/\/www.veltec.eu\/es\/wp-json\/wp\/v2\/media\/17970"}],"wp:attachment":[{"href":"https:\/\/www.veltec.eu\/es\/wp-json\/wp\/v2\/media?parent=12099"}],"wp:term":[{"taxonomy":"product_brand","embeddable":true,"href":"https:\/\/www.veltec.eu\/es\/wp-json\/wp\/v2\/product_brand?post=12099"},{"taxonomy":"product_cat","embeddable":true,"href":"https:\/\/www.veltec.eu\/es\/wp-json\/wp\/v2\/product_cat?post=12099"},{"taxonomy":"product_tag","embeddable":true,"href":"https:\/\/www.veltec.eu\/es\/wp-json\/wp\/v2\/product_tag?post=12099"}],"curies":[{"name":"wp","href":"https:\/\/api.w.org\/{rel}","templated":true}]}}