{"id":12089,"date":"2018-10-16T14:02:29","date_gmt":"2018-10-16T12:02:29","guid":{"rendered":"https:\/\/www.veltec.eu\/kirby-webshop\/bolsa-exterior-sentria-kirby-nl3040\/"},"modified":"2025-01-02T15:46:44","modified_gmt":"2025-01-02T13:46:44","slug":"bolsa-exterior-sentria-1-kirby-nl3040","status":"publish","type":"product","link":"https:\/\/www.veltec.eu\/es\/product\/bolsa-exterior-sentria-1-kirby-nl3040\/","title":{"rendered":"Bolsa Exterior Sentria 1 Kirby"},"content":{"rendered":"<h1>Bolsa exterior Kirby Sentria 1<\/h1>\n<p>Bolsa exterior para Kirby Sentria 1.<\/p>\n<p><strong>Esta bolsa exterior Kirby s\u00f3lo es adecuada para las aspiradoras Kirby que se indican a continuaci\u00f3n;<\/strong><\/p>\n<ul>\n<li>Kirby Sentria I (G10)<\/li>\n<\/ul>\n<h2>Descubra la bolsa exterior Sentria 1: Perfecci\u00f3n para su aspiradora Kirby<\/h2>\n<p>\u00bfEst\u00e1 buscando una bolsa exterior duradera y original para su aspiradora Kirby? La bolsa exterior ha sido especialmente dise\u00f1ada para satisfacer todas sus expectativas. Esta bolsa exterior de alta calidad ofrece una combinaci\u00f3n perfecta de funcionalidad, calidad y estilo. Tanto si tiene una Sentria como otro modelo de aspiradora Kirby, esta bolsa exterior se adapta perfectamente a cualquier tipo de Kirby. Siga leyendo y descubra por qu\u00e9 esta bolsa exterior es un complemento indispensable para su aspiradora.<\/p>\n<p><a href=\"https:\/\/www.veltec.eu\/es\/bolsa-exterior-kirby\/\">Aqu\u00ed encontrar\u00e1 todos los recambios para la bolsa exterior Kirby y accesorios<\/a><\/p>\n<h3>\u00bfPor qu\u00e9 elegir la bolsa exterior Kirby Sentria 1?<\/h3>\n<p>Elegir los accesorios adecuados para su aspiradora es esencial para una experiencia de limpieza \u00f3ptima. He aqu\u00ed algunas razones por las que la bolsa exterior Sentria 1 es una excelente elecci\u00f3n:<\/p>\n<ul>\n<li>Calidad original: La bolsa exterior Sentria 1 es una pieza original Kirby, lo que significa que tiene asegurada una alta calidad y durabilidad.<\/li>\n<li>Dise\u00f1o universal: Aunque est\u00e1 dise\u00f1ada espec\u00edficamente para la Sentria 1, esta bolsa exterior es compatible con todos los modelos de aspiradoras Kirby. Esto la convierte en una opci\u00f3n vers\u00e1til para cualquier propietario de una aspiradora Kirby.<\/li>\n<li>Dise\u00f1o elegante: las bolsas exteriores est\u00e1n disponibles en diferentes dise\u00f1os, por lo que siempre podr\u00e1 elegir un estilo que se adapte a sus preferencias.<\/li>\n<\/ul>\n<p>Con la bolsa exterior Sentria 1, obtendr\u00e1 un producto fiable que contribuye a mantener el excelente rendimiento de su aspiradora.<\/p>\n<h3>Ventajas de una bolsa exterior universal Kirby<\/h3>\n<p>Una bolsa exterior universal como la bolsa exterior Sentria 1 ofrece numerosas ventajas. A continuaci\u00f3n se detallan las principales caracter\u00edsticas y ventajas de este producto:<\/p>\n<p>1. 1. F\u00e1cil instalaci\u00f3n<\/p>\n<p>Gracias a su dise\u00f1o universal, la bolsa exterior es f\u00e1cil de instalar. En cuesti\u00f3n de minutos, su aspiradora estar\u00e1 lista para volver a utilizarse.<\/p>\n<p>2. 2. Gran durabilidad<\/p>\n<p>La bolsa exterior Sentria 1 est\u00e1 fabricada con materiales resistentes y duraderos, lo que la hace resistente al uso intensivo y duradera.<\/p>\n<p>3. Mayor higiene<\/p>\n<p>Con una nueva bolsa exterior, se asegura de que su aspiradora siga funcionando de forma \u00f3ptima y evita la acumulaci\u00f3n de polvo y al\u00e9rgenos en su hogar.<\/p>\n<h3>Consejos para el mantenimiento de su bolsa exterior Kirby<\/h3>\n<p>Para sacar el m\u00e1ximo partido a su bolsa exterior Sentria 1, es esencial realizar un mantenimiento adecuado. He aqu\u00ed algunos consejos pr\u00e1cticos:<\/p>\n<ul>\n<li>Vac\u00ede regularmente: aseg\u00farese de sustituir o vaciar la bolsa interior a tiempo para garantizar un rendimiento \u00f3ptimo.<\/li>\n<li>Compruebe si hay desgaste: Inspeccione regularmente la bolsa exterior en busca de grietas o desgaste para evitar que se escape el polvo.<\/li>\n<li>Limpiar el exterior: Limpie el exterior de la bolsa con un pa\u00f1o h\u00famedo para eliminar la suciedad y las manchas.<\/li>\n<\/ul>\n<p>Siguiendo estos sencillos pasos, alargar\u00e1 la vida de su bolsa exterior Kirby y mantendr\u00e1 su aspiradora en las mejores condiciones.<\/p>\n<h3>Pida hoy mismo su bolsa exterior Kirby Sentria 1<\/h3>\n<p>Con la bolsa exterior Sentria 1, est\u00e1 eligiendo un producto fiable y vers\u00e1til que se adapta perfectamente a sus necesidades de limpieza. Tanto si busca un recambio para su bolsa exterior actual como si desea actualizar su aspiradora, esta bolsa exterior es la elecci\u00f3n ideal.<\/p>\n<p>P\u00eddala hoy mismo y experimente por s\u00ed mismo las ventajas de este producto de alta calidad. Con la bolsa exterior Sentria 1, tendr\u00e1 la seguridad de disfrutar de una calidad, un estilo y un rendimiento excelentes.<\/p>\n","protected":false},"excerpt":{"rendered":"<p>Bolsa exterior para Kirby Sentria 1.<\/p>\n[trustindex data-widget-id=48bbd87242952812953642309d4]\n<h3><span style=\"color: #008000;\"><br \/>\nEn stock<\/span><\/h3>\n[av_font_icon icon='ue812' font='entypo-fontello' style='' caption='' size='25px' position='left' color='#43ad66' link='' linktarget='' title_attr='' sonar_effect_effect='' sonar_effect_color='' sonar_effect_duration='1' sonar_effect_scale='' sonar_effect_opac='0.5' animation='' id='' custom_class='' template_class='' av_uid='' sc_version='1.0' admin_preview_bg=''][\/av_font_icon]\n<p><span style=\"color: #008000;\">Pedido antes de las 23:59, enviado ma\u00f1ana<\/span><\/p>\n<p>&nbsp;<\/p>\n","protected":false},"featured_media":41565,"comment_status":"open","ping_status":"closed","template":"","meta":{"_acf_changed":false},"product_brand":[],"product_cat":[370],"product_tag":[],"class_list":{"0":"post-12089","1":"product","2":"type-product","3":"status-publish","4":"has-post-thumbnail","6":"product_cat-bolsa-exterior-kirby-para-el-polvo-accesorios","7":"product_shipping_class-klein-es","9":"first","10":"instock","11":"sale","12":"taxable","13":"shipping-taxable","14":"purchasable","15":"product-type-simple"},"acf":[],"yoast_head":"<!-- This site is optimized with the Yoast SEO Premium plugin v27.1 (Yoast SEO v27.4) - https:\/\/yoast.com\/product\/yoast-seo-premium-wordpress\/ -->\n<title>Bolsa Exterior Sentria 1 Kirby - Veltec Kirby specialist<\/title>\n<meta name=\"description\" content=\"Bolsa Exterior Sentria 1 Kirby - Veltec es el proveedor de las aspiradoras Kirby desde hace m\u00e1s de 25 a\u00f1os. Y es su servicio de confianza Kirby\" \/>\n<meta name=\"robots\" content=\"index, follow, max-snippet:-1, max-image-preview:large, max-video-preview:-1\" \/>\n<link rel=\"canonical\" href=\"https:\/\/www.veltec.eu\/es\/product\/bolsa-exterior-sentria-1-kirby-nl3040\/\" \/>\n<meta property=\"og:locale\" content=\"es_ES\" \/>\n<meta property=\"og:type\" content=\"article\" \/>\n<meta property=\"og:title\" content=\"Bolsa Exterior Sentria 1 Kirby\" \/>\n<meta property=\"og:description\" content=\"Bolsa exterior para Kirby Sentria 1.    En stock   Pedido antes de las 23:59, enviado ma\u00f1ana  &nbsp;\" \/>\n<meta property=\"og:url\" content=\"https:\/\/www.veltec.eu\/es\/product\/bolsa-exterior-sentria-1-kirby-nl3040\/\" \/>\n<meta property=\"og:site_name\" content=\"Veltec Kirby specialist\" \/>\n<meta property=\"article:publisher\" content=\"https:\/\/www.facebook.com\/Veltec-Kirby-Specialist-236746293374877\/\" \/>\n<meta property=\"article:modified_time\" content=\"2025-01-02T13:46:44+00:00\" \/>\n<meta property=\"og:image\" content=\"https:\/\/www.veltec.eu\/wp-content\/uploads\/2018\/10\/Sentria-1-300x300-1.jpg\" \/>\n\t<meta property=\"og:image:width\" content=\"300\" \/>\n\t<meta property=\"og:image:height\" content=\"300\" \/>\n\t<meta property=\"og:image:type\" content=\"image\/jpeg\" \/>\n<meta name=\"twitter:card\" content=\"summary_large_image\" \/>\n<meta name=\"twitter:label1\" content=\"Tiempo de lectura\" \/>\n\t<meta name=\"twitter:data1\" content=\"3 minutos\" \/>\n<script type=\"application\/ld+json\" class=\"yoast-schema-graph\">{\"@context\":\"https:\\\/\\\/schema.org\",\"@graph\":[{\"@type\":\"WebPage\",\"@id\":\"https:\\\/\\\/www.veltec.eu\\\/es\\\/product\\\/bolsa-exterior-sentria-1-kirby-nl3040\\\/\",\"url\":\"https:\\\/\\\/www.veltec.eu\\\/es\\\/product\\\/bolsa-exterior-sentria-1-kirby-nl3040\\\/\",\"name\":\"Bolsa Exterior Sentria 1 Kirby - Veltec Kirby specialist\",\"isPartOf\":{\"@id\":\"https:\\\/\\\/www.veltec.eu\\\/en\\\/#website\"},\"primaryImageOfPage\":{\"@id\":\"https:\\\/\\\/www.veltec.eu\\\/es\\\/product\\\/bolsa-exterior-sentria-1-kirby-nl3040\\\/#primaryimage\"},\"image\":{\"@id\":\"https:\\\/\\\/www.veltec.eu\\\/es\\\/product\\\/bolsa-exterior-sentria-1-kirby-nl3040\\\/#primaryimage\"},\"thumbnailUrl\":\"https:\\\/\\\/www.veltec.eu\\\/wp-content\\\/uploads\\\/2018\\\/10\\\/Sentria-1-300x300-1.jpg\",\"datePublished\":\"2018-10-16T12:02:29+00:00\",\"dateModified\":\"2025-01-02T13:46:44+00:00\",\"description\":\"Bolsa Exterior Sentria 1 Kirby - Veltec es el proveedor de las aspiradoras Kirby desde hace m\u00e1s de 25 a\u00f1os. Y es su servicio de confianza Kirby\",\"breadcrumb\":{\"@id\":\"https:\\\/\\\/www.veltec.eu\\\/es\\\/product\\\/bolsa-exterior-sentria-1-kirby-nl3040\\\/#breadcrumb\"},\"inLanguage\":\"es\",\"potentialAction\":[{\"@type\":\"ReadAction\",\"target\":[\"https:\\\/\\\/www.veltec.eu\\\/es\\\/product\\\/bolsa-exterior-sentria-1-kirby-nl3040\\\/\"]}]},{\"@type\":\"ImageObject\",\"inLanguage\":\"es\",\"@id\":\"https:\\\/\\\/www.veltec.eu\\\/es\\\/product\\\/bolsa-exterior-sentria-1-kirby-nl3040\\\/#primaryimage\",\"url\":\"https:\\\/\\\/www.veltec.eu\\\/wp-content\\\/uploads\\\/2018\\\/10\\\/Sentria-1-300x300-1.jpg\",\"contentUrl\":\"https:\\\/\\\/www.veltec.eu\\\/wp-content\\\/uploads\\\/2018\\\/10\\\/Sentria-1-300x300-1.jpg\",\"width\":300,\"height\":300},{\"@type\":\"BreadcrumbList\",\"@id\":\"https:\\\/\\\/www.veltec.eu\\\/es\\\/product\\\/bolsa-exterior-sentria-1-kirby-nl3040\\\/#breadcrumb\",\"itemListElement\":[{\"@type\":\"ListItem\",\"position\":1,\"name\":\"Home\",\"item\":\"https:\\\/\\\/www.veltec.eu\\\/es\\\/\"},{\"@type\":\"ListItem\",\"position\":2,\"name\":\"Kirby Shop\",\"item\":\"https:\\\/\\\/www.veltec.eu\\\/nl\\\/shop-page\\\/\"},{\"@type\":\"ListItem\",\"position\":3,\"name\":\"Bolsa Exterior Sentria 1 Kirby\"}]},{\"@type\":\"WebSite\",\"@id\":\"https:\\\/\\\/www.veltec.eu\\\/en\\\/#website\",\"url\":\"https:\\\/\\\/www.veltec.eu\\\/en\\\/\",\"name\":\"Veltec Kirby specialist\",\"description\":\"Kirby stofzuiger producten\",\"publisher\":{\"@id\":\"https:\\\/\\\/www.veltec.eu\\\/en\\\/#organization\"},\"potentialAction\":[{\"@type\":\"SearchAction\",\"target\":{\"@type\":\"EntryPoint\",\"urlTemplate\":\"https:\\\/\\\/www.veltec.eu\\\/en\\\/?s={search_term_string}\"},\"query-input\":{\"@type\":\"PropertyValueSpecification\",\"valueRequired\":true,\"valueName\":\"search_term_string\"}}],\"inLanguage\":\"es\"},{\"@type\":\"Organization\",\"@id\":\"https:\\\/\\\/www.veltec.eu\\\/en\\\/#organization\",\"name\":\"Veltec Kirby Specialist\",\"url\":\"https:\\\/\\\/www.veltec.eu\\\/en\\\/\",\"logo\":{\"@type\":\"ImageObject\",\"inLanguage\":\"es\",\"@id\":\"https:\\\/\\\/www.veltec.eu\\\/en\\\/#\\\/schema\\\/logo\\\/image\\\/\",\"url\":\"https:\\\/\\\/www.veltec.eu\\\/wp-content\\\/uploads\\\/2021\\\/12\\\/Veltec-log-groot-e1537260889125.png\",\"contentUrl\":\"https:\\\/\\\/www.veltec.eu\\\/wp-content\\\/uploads\\\/2021\\\/12\\\/Veltec-log-groot-e1537260889125.png\",\"width\":200,\"height\":60,\"caption\":\"Veltec Kirby Specialist\"},\"image\":{\"@id\":\"https:\\\/\\\/www.veltec.eu\\\/en\\\/#\\\/schema\\\/logo\\\/image\\\/\"},\"sameAs\":[\"https:\\\/\\\/www.facebook.com\\\/Veltec-Kirby-Specialist-236746293374877\\\/\",\"https:\\\/\\\/www.youtube.com\\\/user\\\/VeltecService\"]}]}<\/script>\n<!-- \/ Yoast SEO Premium plugin. -->","yoast_head_json":{"title":"Bolsa Exterior Sentria 1 Kirby - Veltec Kirby specialist","description":"Bolsa Exterior Sentria 1 Kirby - Veltec es el proveedor de las aspiradoras Kirby desde hace m\u00e1s de 25 a\u00f1os. Y es su servicio de confianza Kirby","robots":{"index":"index","follow":"follow","max-snippet":"max-snippet:-1","max-image-preview":"max-image-preview:large","max-video-preview":"max-video-preview:-1"},"canonical":"https:\/\/www.veltec.eu\/es\/product\/bolsa-exterior-sentria-1-kirby-nl3040\/","og_locale":"es_ES","og_type":"article","og_title":"Bolsa Exterior Sentria 1 Kirby","og_description":"Bolsa exterior para Kirby Sentria 1.    En stock   Pedido antes de las 23:59, enviado ma\u00f1ana  &nbsp;","og_url":"https:\/\/www.veltec.eu\/es\/product\/bolsa-exterior-sentria-1-kirby-nl3040\/","og_site_name":"Veltec Kirby specialist","article_publisher":"https:\/\/www.facebook.com\/Veltec-Kirby-Specialist-236746293374877\/","article_modified_time":"2025-01-02T13:46:44+00:00","og_image":[{"width":300,"height":300,"url":"https:\/\/www.veltec.eu\/wp-content\/uploads\/2018\/10\/Sentria-1-300x300-1.jpg","type":"image\/jpeg"}],"twitter_card":"summary_large_image","twitter_misc":{"Tiempo de lectura":"3 minutos"},"schema":{"@context":"https:\/\/schema.org","@graph":[{"@type":"WebPage","@id":"https:\/\/www.veltec.eu\/es\/product\/bolsa-exterior-sentria-1-kirby-nl3040\/","url":"https:\/\/www.veltec.eu\/es\/product\/bolsa-exterior-sentria-1-kirby-nl3040\/","name":"Bolsa Exterior Sentria 1 Kirby - Veltec Kirby specialist","isPartOf":{"@id":"https:\/\/www.veltec.eu\/en\/#website"},"primaryImageOfPage":{"@id":"https:\/\/www.veltec.eu\/es\/product\/bolsa-exterior-sentria-1-kirby-nl3040\/#primaryimage"},"image":{"@id":"https:\/\/www.veltec.eu\/es\/product\/bolsa-exterior-sentria-1-kirby-nl3040\/#primaryimage"},"thumbnailUrl":"https:\/\/www.veltec.eu\/wp-content\/uploads\/2018\/10\/Sentria-1-300x300-1.jpg","datePublished":"2018-10-16T12:02:29+00:00","dateModified":"2025-01-02T13:46:44+00:00","description":"Bolsa Exterior Sentria 1 Kirby - Veltec es el proveedor de las aspiradoras Kirby desde hace m\u00e1s de 25 a\u00f1os. Y es su servicio de confianza Kirby","breadcrumb":{"@id":"https:\/\/www.veltec.eu\/es\/product\/bolsa-exterior-sentria-1-kirby-nl3040\/#breadcrumb"},"inLanguage":"es","potentialAction":[{"@type":"ReadAction","target":["https:\/\/www.veltec.eu\/es\/product\/bolsa-exterior-sentria-1-kirby-nl3040\/"]}]},{"@type":"ImageObject","inLanguage":"es","@id":"https:\/\/www.veltec.eu\/es\/product\/bolsa-exterior-sentria-1-kirby-nl3040\/#primaryimage","url":"https:\/\/www.veltec.eu\/wp-content\/uploads\/2018\/10\/Sentria-1-300x300-1.jpg","contentUrl":"https:\/\/www.veltec.eu\/wp-content\/uploads\/2018\/10\/Sentria-1-300x300-1.jpg","width":300,"height":300},{"@type":"BreadcrumbList","@id":"https:\/\/www.veltec.eu\/es\/product\/bolsa-exterior-sentria-1-kirby-nl3040\/#breadcrumb","itemListElement":[{"@type":"ListItem","position":1,"name":"Home","item":"https:\/\/www.veltec.eu\/es\/"},{"@type":"ListItem","position":2,"name":"Kirby Shop","item":"https:\/\/www.veltec.eu\/nl\/shop-page\/"},{"@type":"ListItem","position":3,"name":"Bolsa Exterior Sentria 1 Kirby"}]},{"@type":"WebSite","@id":"https:\/\/www.veltec.eu\/en\/#website","url":"https:\/\/www.veltec.eu\/en\/","name":"Veltec Kirby specialist","description":"Kirby stofzuiger producten","publisher":{"@id":"https:\/\/www.veltec.eu\/en\/#organization"},"potentialAction":[{"@type":"SearchAction","target":{"@type":"EntryPoint","urlTemplate":"https:\/\/www.veltec.eu\/en\/?s={search_term_string}"},"query-input":{"@type":"PropertyValueSpecification","valueRequired":true,"valueName":"search_term_string"}}],"inLanguage":"es"},{"@type":"Organization","@id":"https:\/\/www.veltec.eu\/en\/#organization","name":"Veltec Kirby Specialist","url":"https:\/\/www.veltec.eu\/en\/","logo":{"@type":"ImageObject","inLanguage":"es","@id":"https:\/\/www.veltec.eu\/en\/#\/schema\/logo\/image\/","url":"https:\/\/www.veltec.eu\/wp-content\/uploads\/2021\/12\/Veltec-log-groot-e1537260889125.png","contentUrl":"https:\/\/www.veltec.eu\/wp-content\/uploads\/2021\/12\/Veltec-log-groot-e1537260889125.png","width":200,"height":60,"caption":"Veltec Kirby Specialist"},"image":{"@id":"https:\/\/www.veltec.eu\/en\/#\/schema\/logo\/image\/"},"sameAs":["https:\/\/www.facebook.com\/Veltec-Kirby-Specialist-236746293374877\/","https:\/\/www.youtube.com\/user\/VeltecService"]}]}},"_links":{"self":[{"href":"https:\/\/www.veltec.eu\/es\/wp-json\/wp\/v2\/product\/12089","targetHints":{"allow":["GET"]}}],"collection":[{"href":"https:\/\/www.veltec.eu\/es\/wp-json\/wp\/v2\/product"}],"about":[{"href":"https:\/\/www.veltec.eu\/es\/wp-json\/wp\/v2\/types\/product"}],"replies":[{"embeddable":true,"href":"https:\/\/www.veltec.eu\/es\/wp-json\/wp\/v2\/comments?post=12089"}],"wp:featuredmedia":[{"embeddable":true,"href":"https:\/\/www.veltec.eu\/es\/wp-json\/wp\/v2\/media\/41565"}],"wp:attachment":[{"href":"https:\/\/www.veltec.eu\/es\/wp-json\/wp\/v2\/media?parent=12089"}],"wp:term":[{"taxonomy":"product_brand","embeddable":true,"href":"https:\/\/www.veltec.eu\/es\/wp-json\/wp\/v2\/product_brand?post=12089"},{"taxonomy":"product_cat","embeddable":true,"href":"https:\/\/www.veltec.eu\/es\/wp-json\/wp\/v2\/product_cat?post=12089"},{"taxonomy":"product_tag","embeddable":true,"href":"https:\/\/www.veltec.eu\/es\/wp-json\/wp\/v2\/product_tag?post=12089"}],"curies":[{"name":"wp","href":"https:\/\/api.w.org\/{rel}","templated":true}]}}