{"id":12084,"date":"2018-10-16T14:07:32","date_gmt":"2018-10-16T12:07:32","guid":{"rendered":"https:\/\/www.veltec.eu\/kirby-webshop\/buitenzak-voor-kirby-avalir\/"},"modified":"2024-12-23T14:55:29","modified_gmt":"2024-12-23T12:55:29","slug":"buitenzak-voor-kirby-avalir","status":"publish","type":"product","link":"https:\/\/www.veltec.eu\/es\/product\/buitenzak-voor-kirby-avalir\/","title":{"rendered":"Bolsa Exterior Avalir Kirby"},"content":{"rendered":"<h1>Bolsa Exterior Avalir Kirby<\/h1>\n<p>Bolsa Exterior Avalir Kirby 1.<\/p>\n<p><strong>Esta bolsa exterior Kirby est\u00e1 hecha para la aspiradora Kirby de abajo;<\/strong><\/p>\n<ul>\n<li>Kirby Avalir 1<\/li>\n<\/ul>\n<h2>Bolsa Exterior Avalir Kirby &#8211; Universal y con estilo para cada aspiradora Kirby<\/h2>\n<p>\u00bfEst\u00e1 buscando una bolsa exterior de alta calidad para su aspiradora Kirby? La bolsa exterior Avalir no s\u00f3lo est\u00e1 especialmente dise\u00f1ada para la Kirby Avalir 1, sino que tambi\u00e9n es universalmente adecuada para todo tipo de aspiradoras Kirby. Esto significa que se beneficiar\u00e1 de la m\u00e1xima versatilidad, independientemente del modelo Kirby que utilice. Descubra a continuaci\u00f3n por qu\u00e9 esta bolsa exterior es una elecci\u00f3n excelente.<\/p>\n<p><a href=\"https:\/\/www.veltec.eu\/es\/bolsa-exterior-kirby\/\">Aqu\u00ed encontrar\u00e1 todo lo relacionado con la bolsa exterior Kirby y sus accesorios<\/a><\/p>\n<h3>Apta para todas las aspiradoras Kirby<\/h3>\n<p>La bolsa exterior Avalir est\u00e1 dise\u00f1ada con un ajuste universal. Esto significa que no tiene que preocuparse por la compatibilidad con su modelo Kirby actual. Tanto si utiliza la Kirby Avalir 1, Avalir 2 o un modelo m\u00e1s antiguo, esta bolsa exterior siempre encajar\u00e1 perfectamente.<\/p>\n<ul>\n<li>Versatilidad: Apta para cualquier tipo de aspiradora Kirby.<\/li>\n<li>F\u00e1cil instalaci\u00f3n: Se sustituye en cuesti\u00f3n de minutos sin necesidad de herramientas.<\/li>\n<li>Durabilidad a largo plazo: La calidad original Kirby garantiza una larga vida \u00fatil.<\/li>\n<li>Dise\u00f1o original Kirby<\/li>\n<\/ul>\n<p>Con la bolsa para exteriores Avalir, usted elige un producto original especialmente dise\u00f1ado para adaptarse perfectamente a los altos est\u00e1ndares de las aspiradoras Kirby. Esto le garantiza que seguir\u00e1 disfrutando de un rendimiento \u00f3ptimo.<\/p>\n<h3>Ventajas de los accesorios originales Kirby:<\/h3>\n<p>Materiales de primera calidad: Resistentes al desgaste y al uso intensivo.<br \/>\nAjuste perfecto: Sin fugas ni p\u00e9rdida de potencia de succi\u00f3n.<br \/>\nDise\u00f1o \u00fanico: Da a su aspiradora un aspecto moderno y elegante.<br \/>\nDise\u00f1o \u00fanico para un toque personal<\/p>\n<p>La \u00fanica diferencia entre las distintas bolsas exteriores Kirby es el dise\u00f1o. La bolsa exterior Avalir destaca por su aspecto elegante y moderno, dando a su aspiradora una actualizaci\u00f3n instant\u00e1nea. Tanto si le gusta un aspecto atemporal como un estilo m\u00e1s contempor\u00e1neo, esta bolsa exterior se adaptar\u00e1 perfectamente a sus necesidades.<\/p>\n<p>Aspecto contempor\u00e1neo: Para un interior fresco y moderno.<br \/>\nElegante y funcional: Mejora el aspecto de su aspiradora sin comprometer su rendimiento.<\/p>\n<h3>\u00bfPor qu\u00e9 elegir la Bolsa Exterior Avalir Kirby?<\/h3>\n<p>Con la bolsa exterior Avalir, usted invierte en calidad, funcionalidad y estilo. Este original producto ofrece el equilibrio perfecto entre durabilidad y dise\u00f1o atractivo. Su ajuste universal la convierte en una elecci\u00f3n sin complicaciones para todas las aspiradoras Kirby.<\/p>\n<h3>Resumen:<\/h3>\n<p>Universal y f\u00e1cil de instalar.<br \/>\nFabricado con materiales resistentes de alta calidad.<br \/>\nEmbellece su aspiradora con un dise\u00f1o \u00fanico.<\/p>\n<p>Cambie hoy mismo a la bolsa para exteriores Avalir y experimente la diferencia que puede marcar un producto original Kirby. Su aspiradora y su experiencia de limpieza no se merecen menos.<\/p>\n","protected":false},"excerpt":{"rendered":"<p>Bolsa Exterior Avalir Kirby.<\/p>\n[trustindex data-widget-id=48bbd87242952812953642309d4]\n<h3><span style=\"color: #008000;\"><br \/>\nEn stock<\/span><\/h3>\n[av_font_icon icon='ue812' font='entypo-fontello' style='' caption='' size='25px' position='left' color='#43ad66' link='' linktarget='' title_attr='' sonar_effect_effect='' sonar_effect_color='' sonar_effect_duration='1' sonar_effect_scale='' sonar_effect_opac='0.5' animation='' id='' custom_class='' template_class='' av_uid='' sc_version='1.0' admin_preview_bg=''][\/av_font_icon]\n<p><span style=\"color: #008000;\">Pedido antes de las 23:59, enviado ma\u00f1ana<\/span><\/p>\n<p>&nbsp;<\/p>\n","protected":false},"featured_media":34421,"comment_status":"open","ping_status":"closed","template":"","meta":{"_acf_changed":false},"product_brand":[],"product_cat":[370],"product_tag":[],"class_list":{"0":"post-12084","1":"product","2":"type-product","3":"status-publish","4":"has-post-thumbnail","6":"product_cat-bolsa-exterior-kirby-y-accesorios","8":"first","9":"instock","10":"sale","11":"taxable","12":"shipping-taxable","13":"purchasable","14":"product-type-simple"},"acf":[],"yoast_head":"<!-- This site is optimized with the Yoast SEO Premium plugin v27.1 (Yoast SEO v27.4) - https:\/\/yoast.com\/product\/yoast-seo-premium-wordpress\/ -->\n<title>Bolsa Exterior Avalir Kirby - Veltec Kirby specialist<\/title>\n<meta name=\"description\" content=\"Bolsa Exterior Avalir Kirby - Veltec es el proveedor de las aspiradoras Kirby desde hace m\u00e1s de 25 a\u00f1os. Y es su servicio de confianza Kirby\" \/>\n<meta name=\"robots\" content=\"index, follow, max-snippet:-1, max-image-preview:large, max-video-preview:-1\" \/>\n<link rel=\"canonical\" href=\"https:\/\/www.veltec.eu\/es\/product\/buitenzak-voor-kirby-avalir\/\" \/>\n<meta property=\"og:locale\" content=\"es_ES\" \/>\n<meta property=\"og:type\" content=\"article\" \/>\n<meta property=\"og:title\" content=\"Bolsa Exterior Avalir Kirby\" \/>\n<meta property=\"og:description\" content=\"Bolsa Exterior Avalir Kirby.    En stock   Pedido antes de las 23:59, enviado ma\u00f1ana  &nbsp;\" \/>\n<meta property=\"og:url\" content=\"https:\/\/www.veltec.eu\/es\/product\/buitenzak-voor-kirby-avalir\/\" \/>\n<meta property=\"og:site_name\" content=\"Veltec Kirby specialist\" \/>\n<meta property=\"article:publisher\" content=\"https:\/\/www.facebook.com\/Veltec-Kirby-Specialist-236746293374877\/\" \/>\n<meta property=\"article:modified_time\" content=\"2024-12-23T12:55:29+00:00\" \/>\n<meta property=\"og:image\" content=\"https:\/\/www.veltec.eu\/wp-content\/uploads\/2018\/10\/Kirby-bag-Avalir.jpg\" \/>\n\t<meta property=\"og:image:width\" content=\"400\" \/>\n\t<meta property=\"og:image:height\" content=\"386\" \/>\n\t<meta property=\"og:image:type\" content=\"image\/jpeg\" \/>\n<meta name=\"twitter:card\" content=\"summary_large_image\" \/>\n<meta name=\"twitter:label1\" content=\"Tiempo de lectura\" \/>\n\t<meta name=\"twitter:data1\" content=\"3 minutos\" \/>\n<script type=\"application\/ld+json\" class=\"yoast-schema-graph\">{\"@context\":\"https:\\\/\\\/schema.org\",\"@graph\":[{\"@type\":\"WebPage\",\"@id\":\"https:\\\/\\\/www.veltec.eu\\\/es\\\/product\\\/buitenzak-voor-kirby-avalir\\\/\",\"url\":\"https:\\\/\\\/www.veltec.eu\\\/es\\\/product\\\/buitenzak-voor-kirby-avalir\\\/\",\"name\":\"Bolsa Exterior Avalir Kirby - Veltec Kirby specialist\",\"isPartOf\":{\"@id\":\"https:\\\/\\\/www.veltec.eu\\\/en\\\/#website\"},\"primaryImageOfPage\":{\"@id\":\"https:\\\/\\\/www.veltec.eu\\\/es\\\/product\\\/buitenzak-voor-kirby-avalir\\\/#primaryimage\"},\"image\":{\"@id\":\"https:\\\/\\\/www.veltec.eu\\\/es\\\/product\\\/buitenzak-voor-kirby-avalir\\\/#primaryimage\"},\"thumbnailUrl\":\"https:\\\/\\\/www.veltec.eu\\\/wp-content\\\/uploads\\\/2018\\\/10\\\/Kirby-bag-Avalir.jpg\",\"datePublished\":\"2018-10-16T12:07:32+00:00\",\"dateModified\":\"2024-12-23T12:55:29+00:00\",\"description\":\"Bolsa Exterior Avalir Kirby - Veltec es el proveedor de las aspiradoras Kirby desde hace m\u00e1s de 25 a\u00f1os. Y es su servicio de confianza Kirby\",\"breadcrumb\":{\"@id\":\"https:\\\/\\\/www.veltec.eu\\\/es\\\/product\\\/buitenzak-voor-kirby-avalir\\\/#breadcrumb\"},\"inLanguage\":\"es\",\"potentialAction\":[{\"@type\":\"ReadAction\",\"target\":[\"https:\\\/\\\/www.veltec.eu\\\/es\\\/product\\\/buitenzak-voor-kirby-avalir\\\/\"]}]},{\"@type\":\"ImageObject\",\"inLanguage\":\"es\",\"@id\":\"https:\\\/\\\/www.veltec.eu\\\/es\\\/product\\\/buitenzak-voor-kirby-avalir\\\/#primaryimage\",\"url\":\"https:\\\/\\\/www.veltec.eu\\\/wp-content\\\/uploads\\\/2018\\\/10\\\/Kirby-bag-Avalir.jpg\",\"contentUrl\":\"https:\\\/\\\/www.veltec.eu\\\/wp-content\\\/uploads\\\/2018\\\/10\\\/Kirby-bag-Avalir.jpg\",\"width\":400,\"height\":386},{\"@type\":\"BreadcrumbList\",\"@id\":\"https:\\\/\\\/www.veltec.eu\\\/es\\\/product\\\/buitenzak-voor-kirby-avalir\\\/#breadcrumb\",\"itemListElement\":[{\"@type\":\"ListItem\",\"position\":1,\"name\":\"Home\",\"item\":\"https:\\\/\\\/www.veltec.eu\\\/es\\\/\"},{\"@type\":\"ListItem\",\"position\":2,\"name\":\"Tienda Kirby\",\"item\":\"https:\\\/\\\/www.veltec.eu\\\/es\\\/tienda-kirby\\\/\"},{\"@type\":\"ListItem\",\"position\":3,\"name\":\"Bolsa Exterior Avalir Kirby\"}]},{\"@type\":\"WebSite\",\"@id\":\"https:\\\/\\\/www.veltec.eu\\\/en\\\/#website\",\"url\":\"https:\\\/\\\/www.veltec.eu\\\/en\\\/\",\"name\":\"Veltec Kirby specialist\",\"description\":\"Kirby stofzuiger producten\",\"publisher\":{\"@id\":\"https:\\\/\\\/www.veltec.eu\\\/en\\\/#organization\"},\"potentialAction\":[{\"@type\":\"SearchAction\",\"target\":{\"@type\":\"EntryPoint\",\"urlTemplate\":\"https:\\\/\\\/www.veltec.eu\\\/en\\\/?s={search_term_string}\"},\"query-input\":{\"@type\":\"PropertyValueSpecification\",\"valueRequired\":true,\"valueName\":\"search_term_string\"}}],\"inLanguage\":\"es\"},{\"@type\":\"Organization\",\"@id\":\"https:\\\/\\\/www.veltec.eu\\\/en\\\/#organization\",\"name\":\"Veltec Kirby Specialist\",\"url\":\"https:\\\/\\\/www.veltec.eu\\\/en\\\/\",\"logo\":{\"@type\":\"ImageObject\",\"inLanguage\":\"es\",\"@id\":\"https:\\\/\\\/www.veltec.eu\\\/en\\\/#\\\/schema\\\/logo\\\/image\\\/\",\"url\":\"https:\\\/\\\/www.veltec.eu\\\/wp-content\\\/uploads\\\/2021\\\/12\\\/Veltec-log-groot-e1537260889125.png\",\"contentUrl\":\"https:\\\/\\\/www.veltec.eu\\\/wp-content\\\/uploads\\\/2021\\\/12\\\/Veltec-log-groot-e1537260889125.png\",\"width\":200,\"height\":60,\"caption\":\"Veltec Kirby Specialist\"},\"image\":{\"@id\":\"https:\\\/\\\/www.veltec.eu\\\/en\\\/#\\\/schema\\\/logo\\\/image\\\/\"},\"sameAs\":[\"https:\\\/\\\/www.facebook.com\\\/Veltec-Kirby-Specialist-236746293374877\\\/\",\"https:\\\/\\\/www.youtube.com\\\/user\\\/VeltecService\"]}]}<\/script>\n<!-- \/ Yoast SEO Premium plugin. -->","yoast_head_json":{"title":"Bolsa Exterior Avalir Kirby - Veltec Kirby specialist","description":"Bolsa Exterior Avalir Kirby - Veltec es el proveedor de las aspiradoras Kirby desde hace m\u00e1s de 25 a\u00f1os. Y es su servicio de confianza Kirby","robots":{"index":"index","follow":"follow","max-snippet":"max-snippet:-1","max-image-preview":"max-image-preview:large","max-video-preview":"max-video-preview:-1"},"canonical":"https:\/\/www.veltec.eu\/es\/product\/buitenzak-voor-kirby-avalir\/","og_locale":"es_ES","og_type":"article","og_title":"Bolsa Exterior Avalir Kirby","og_description":"Bolsa Exterior Avalir Kirby.    En stock   Pedido antes de las 23:59, enviado ma\u00f1ana  &nbsp;","og_url":"https:\/\/www.veltec.eu\/es\/product\/buitenzak-voor-kirby-avalir\/","og_site_name":"Veltec Kirby specialist","article_publisher":"https:\/\/www.facebook.com\/Veltec-Kirby-Specialist-236746293374877\/","article_modified_time":"2024-12-23T12:55:29+00:00","og_image":[{"width":400,"height":386,"url":"https:\/\/www.veltec.eu\/wp-content\/uploads\/2018\/10\/Kirby-bag-Avalir.jpg","type":"image\/jpeg"}],"twitter_card":"summary_large_image","twitter_misc":{"Tiempo de lectura":"3 minutos"},"schema":{"@context":"https:\/\/schema.org","@graph":[{"@type":"WebPage","@id":"https:\/\/www.veltec.eu\/es\/product\/buitenzak-voor-kirby-avalir\/","url":"https:\/\/www.veltec.eu\/es\/product\/buitenzak-voor-kirby-avalir\/","name":"Bolsa Exterior Avalir Kirby - Veltec Kirby specialist","isPartOf":{"@id":"https:\/\/www.veltec.eu\/en\/#website"},"primaryImageOfPage":{"@id":"https:\/\/www.veltec.eu\/es\/product\/buitenzak-voor-kirby-avalir\/#primaryimage"},"image":{"@id":"https:\/\/www.veltec.eu\/es\/product\/buitenzak-voor-kirby-avalir\/#primaryimage"},"thumbnailUrl":"https:\/\/www.veltec.eu\/wp-content\/uploads\/2018\/10\/Kirby-bag-Avalir.jpg","datePublished":"2018-10-16T12:07:32+00:00","dateModified":"2024-12-23T12:55:29+00:00","description":"Bolsa Exterior Avalir Kirby - Veltec es el proveedor de las aspiradoras Kirby desde hace m\u00e1s de 25 a\u00f1os. Y es su servicio de confianza Kirby","breadcrumb":{"@id":"https:\/\/www.veltec.eu\/es\/product\/buitenzak-voor-kirby-avalir\/#breadcrumb"},"inLanguage":"es","potentialAction":[{"@type":"ReadAction","target":["https:\/\/www.veltec.eu\/es\/product\/buitenzak-voor-kirby-avalir\/"]}]},{"@type":"ImageObject","inLanguage":"es","@id":"https:\/\/www.veltec.eu\/es\/product\/buitenzak-voor-kirby-avalir\/#primaryimage","url":"https:\/\/www.veltec.eu\/wp-content\/uploads\/2018\/10\/Kirby-bag-Avalir.jpg","contentUrl":"https:\/\/www.veltec.eu\/wp-content\/uploads\/2018\/10\/Kirby-bag-Avalir.jpg","width":400,"height":386},{"@type":"BreadcrumbList","@id":"https:\/\/www.veltec.eu\/es\/product\/buitenzak-voor-kirby-avalir\/#breadcrumb","itemListElement":[{"@type":"ListItem","position":1,"name":"Home","item":"https:\/\/www.veltec.eu\/es\/"},{"@type":"ListItem","position":2,"name":"Tienda Kirby","item":"https:\/\/www.veltec.eu\/es\/tienda-kirby\/"},{"@type":"ListItem","position":3,"name":"Bolsa Exterior Avalir Kirby"}]},{"@type":"WebSite","@id":"https:\/\/www.veltec.eu\/en\/#website","url":"https:\/\/www.veltec.eu\/en\/","name":"Veltec Kirby specialist","description":"Kirby stofzuiger producten","publisher":{"@id":"https:\/\/www.veltec.eu\/en\/#organization"},"potentialAction":[{"@type":"SearchAction","target":{"@type":"EntryPoint","urlTemplate":"https:\/\/www.veltec.eu\/en\/?s={search_term_string}"},"query-input":{"@type":"PropertyValueSpecification","valueRequired":true,"valueName":"search_term_string"}}],"inLanguage":"es"},{"@type":"Organization","@id":"https:\/\/www.veltec.eu\/en\/#organization","name":"Veltec Kirby Specialist","url":"https:\/\/www.veltec.eu\/en\/","logo":{"@type":"ImageObject","inLanguage":"es","@id":"https:\/\/www.veltec.eu\/en\/#\/schema\/logo\/image\/","url":"https:\/\/www.veltec.eu\/wp-content\/uploads\/2021\/12\/Veltec-log-groot-e1537260889125.png","contentUrl":"https:\/\/www.veltec.eu\/wp-content\/uploads\/2021\/12\/Veltec-log-groot-e1537260889125.png","width":200,"height":60,"caption":"Veltec Kirby Specialist"},"image":{"@id":"https:\/\/www.veltec.eu\/en\/#\/schema\/logo\/image\/"},"sameAs":["https:\/\/www.facebook.com\/Veltec-Kirby-Specialist-236746293374877\/","https:\/\/www.youtube.com\/user\/VeltecService"]}]}},"_links":{"self":[{"href":"https:\/\/www.veltec.eu\/es\/wp-json\/wp\/v2\/product\/12084","targetHints":{"allow":["GET"]}}],"collection":[{"href":"https:\/\/www.veltec.eu\/es\/wp-json\/wp\/v2\/product"}],"about":[{"href":"https:\/\/www.veltec.eu\/es\/wp-json\/wp\/v2\/types\/product"}],"replies":[{"embeddable":true,"href":"https:\/\/www.veltec.eu\/es\/wp-json\/wp\/v2\/comments?post=12084"}],"wp:featuredmedia":[{"embeddable":true,"href":"https:\/\/www.veltec.eu\/es\/wp-json\/wp\/v2\/media\/34421"}],"wp:attachment":[{"href":"https:\/\/www.veltec.eu\/es\/wp-json\/wp\/v2\/media?parent=12084"}],"wp:term":[{"taxonomy":"product_brand","embeddable":true,"href":"https:\/\/www.veltec.eu\/es\/wp-json\/wp\/v2\/product_brand?post=12084"},{"taxonomy":"product_cat","embeddable":true,"href":"https:\/\/www.veltec.eu\/es\/wp-json\/wp\/v2\/product_cat?post=12084"},{"taxonomy":"product_tag","embeddable":true,"href":"https:\/\/www.veltec.eu\/es\/wp-json\/wp\/v2\/product_tag?post=12084"}],"curies":[{"name":"wp","href":"https:\/\/api.w.org\/{rel}","templated":true}]}}