{"id":12079,"date":"2018-10-16T14:14:30","date_gmt":"2018-10-16T12:14:30","guid":{"rendered":"https:\/\/www.veltec.eu\/kirby-webshop\/kirby-buitenzak-compleet\/"},"modified":"2024-12-10T14:05:31","modified_gmt":"2024-12-10T12:05:31","slug":"kirby-bolsa-exterior-completo","status":"publish","type":"product","link":"https:\/\/www.veltec.eu\/es\/product\/kirby-bolsa-exterior-completo\/","title":{"rendered":"Kirby Bolsa Exterior completo"},"content":{"rendered":"<h1>Kirby Bolsa Exterior completo<\/h1>\n<p>Kirby Bolsa Exterior completo<\/p>\n<p><strong>Este producto es adecuado para los tipos:<\/strong><\/p>\n<ul>\n<li>Avalir Platinum<\/li>\n<li>Avalir 2<\/li>\n<li>Avalir 1<\/li>\n<li>Sentria 2 (G10D)<\/li>\n<li>Sentria 1 (G10)<\/li>\n<li>Ultimate G Diamond Ed.(G7D or DE)<\/li>\n<li>Ultimate G (G7 or UG)<\/li>\n<li>Generation 6 (G6)<\/li>\n<li>Generation 5 (G5)<\/li>\n<li>Generation 4 (G4)<\/li>\n<li>Generation 3 (G3)<\/li>\n<\/ul>\n<h2>Kirby Bolsa Exterior completo: La Soluci\u00f3n de Filtraci\u00f3n Definitiva<\/h2>\n<p>\u00bfEst\u00e1 buscando la mejor manera de mantener su hogar impecable? Entonces la bolsa exterior Kirby es la soluci\u00f3n que necesita. Esta bolsa exterior y el sistema de filtraci\u00f3n se asegurar\u00e1n de que su aspiradora funcione al m\u00e1ximo, ofreciendo una filtraci\u00f3n sin igual de hasta 0,0003 micras. Siga leyendo para descubrir por qu\u00e9 este producto es imprescindible en cualquier hogar.<\/p>\n<h2><img decoding=\"async\" class=\"alignnone wp-image-62504 size-medium\" style=\"font-size: 16px;\" src=\"https:\/\/www.veltec.eu\/wp-content\/uploads\/2018\/10\/Kirby-stofzuigerzakken-300x236.jpg\" alt=\"Kirby Bolsa Exterior completo\" width=\"300\" height=\"236\" srcset=\"https:\/\/www.veltec.eu\/wp-content\/uploads\/2018\/10\/Kirby-stofzuigerzakken-300x236.jpg 300w, https:\/\/www.veltec.eu\/wp-content\/uploads\/2018\/10\/Kirby-stofzuigerzakken-450x353.jpg 450w, https:\/\/www.veltec.eu\/wp-content\/uploads\/2018\/10\/Kirby-stofzuigerzakken-76x60.jpg 76w, https:\/\/www.veltec.eu\/wp-content\/uploads\/2018\/10\/Kirby-stofzuigerzakken-115x90.jpg 115w, https:\/\/www.veltec.eu\/wp-content\/uploads\/2018\/10\/Kirby-stofzuigerzakken.jpg 600w\" sizes=\"(max-width: 300px) 100vw, 300px\" \/><\/h2>\n<h3>Filtraci\u00f3n de alta calidad para un hogar saludable<\/h3>\n<p>Nunca se insistir\u00e1 lo suficiente en la importancia de una buena calidad del aire interior. Con la bolsa para exteriores Kirby, usted trae a su hogar un sistema de filtraci\u00f3n que proporciona una filtraci\u00f3n excepcional del aire. Gracias a su capacidad para filtrar las part\u00edculas m\u00e1s peque\u00f1as de hasta 0,0003 micras, esta bolsa para exteriores no s\u00f3lo elimina el polvo y la suciedad visibles, sino tambi\u00e9n los al\u00e9rgenos microsc\u00f3picos como el polen, el moho y las bacterias.<\/p>\n<h3>Ventajas de la filtraci\u00f3n ultrafina de la Kirby Bolsa Exterior completo<\/h3>\n<p>La filtraci\u00f3n ultrafina de la bolsa para exteriores Kirby garantiza que su hogar no s\u00f3lo est\u00e9 m\u00e1s limpio, sino tambi\u00e9n m\u00e1s sano. El sistema captura los al\u00e9rgenos y otras part\u00edculas nocivas, lo que es especialmente beneficioso para las personas al\u00e9rgicas o asm\u00e1ticas. Adem\u00e1s, un aire m\u00e1s limpio significa menos riesgo de infecciones respiratorias y una mejora general de su bienestar.<\/p>\n<h3>Sistema de filtrado duradero y eficiente<\/h3>\n<p>La bolsa para exteriores Kirby est\u00e1 dise\u00f1ada teniendo en cuenta tanto la eficiencia como la durabilidad. Esto significa que puede contar con un rendimiento a largo plazo sin sacrificar la potencia ni la capacidad de filtraci\u00f3n. El sistema es f\u00e1cil de instalar y las bolsas de polvo de repuesto est\u00e1n f\u00e1cilmente disponibles, haciendo que el mantenimiento de su aspiradora Kirby sea pan comido.<\/p>\n<h3>F\u00e1cil de usar y mantener<\/h3>\n<p>La instalaci\u00f3n de la bolsa exterior completa Kirby es f\u00e1cil y no requiere conocimientos t\u00e9cnicos. Basta con colocar la nueva bolsa exterior en su aspiradora y ya est\u00e1 lista para funcionar. Adem\u00e1s, las bolsas de la aspiradora son f\u00e1ciles de sustituir, para que su aspiradora siga funcionando siempre de forma \u00f3ptima.<\/p>\n<h3>Ahorre tiempo y dinero con la Kirby Bolsa Exterior completo<\/h3>\n<p>Al elegir la aspiradora Kirby Outdoor Bag Complete, no s\u00f3lo ahorrar\u00e1 tiempo, sino tambi\u00e9n dinero. El avanzado sistema de filtrado reduce la frecuencia con la que tiene que cambiar las bolsas de la aspiradora, lo que significa que no tiene que comprar bolsas nuevas con tanta frecuencia. Esto garantiza unos costes de funcionamiento m\u00e1s bajos a largo plazo, mientras usted disfruta de un hogar limpio y saludable.<\/p>\n<h3>Calidad duradera<\/h3>\n<p>Kirby es conocida por sus productos duraderos y fiables. La bolsa para exteriores Kirby no es una excepci\u00f3n. Fabricado con materiales de alta calidad, este sistema de filtraci\u00f3n dura mucho tiempo y ofrece un alto rendimiento constante. Puede estar seguro de que su inversi\u00f3n en este producto se ver\u00e1 recompensada en forma de un hogar m\u00e1s limpio y saludable.<\/p>\n<h3>Resumen<\/h3>\n<p>La bolsa para exteriores Kirby se puede encontrar en \u00ab<a href=\"https:\/\/www.veltec.eu\/es\/bolsa-exterior-kirby\/\">Aspiradora Kirby con bolsa para exteriores y accesorios<\/a>\u00bb y es la elecci\u00f3n ideal para cualquiera que se esfuerce por tener un hogar m\u00e1s limpio y saludable. Con su inigualable filtraci\u00f3n de hasta 0,0003 micras, su f\u00e1cil instalaci\u00f3n y mantenimiento, y sus caracter\u00edsticas de ahorro, este producto ofrece todo lo que necesita para que su aspiradora rinda al m\u00e1ximo. Invierta en la aspiradora Kirby Outdoor Bag Complete y experimente la diferencia que la filtraci\u00f3n de alta calidad puede marcar en su vida diaria.<\/p>\n","protected":false},"excerpt":{"rendered":"<p>Kirby Bolsa Exterior completo.<\/p>\n[trustindex data-widget-id=48bbd87242952812953642309d4]\n<p>&nbsp;<\/p>\n<h3><b><\/b><span style=\"color: #008000;\">En stock<\/span><\/h3>\n[av_font_icon icon='ue812' font='entypo-fontello' style='' caption='' size='25px' position='left' color='#43ad66' link='' linktarget='' title_attr='' sonar_effect_effect='' sonar_effect_color='' sonar_effect_duration='1' sonar_effect_scale='' sonar_effect_opac='0.5' animation='' id='' custom_class='' template_class='' av_uid='' sc_version='1.0' admin_preview_bg=''][\/av_font_icon]\n<p><span style=\"color: #008000;\">Pedido antes de las 23:59, enviado ma\u00f1ana<\/span><\/p>\n<p>&nbsp;<\/p>\n","protected":false},"featured_media":44618,"comment_status":"open","ping_status":"closed","template":"","meta":{"_acf_changed":false},"product_brand":[],"product_cat":[370],"product_tag":[],"class_list":{"0":"post-12079","1":"product","2":"type-product","3":"status-publish","4":"has-post-thumbnail","6":"product_cat-bolsa-exterior-kirby-para-el-polvo-accesorios","7":"product_shipping_class-klein-es","9":"first","10":"instock","11":"sale","12":"taxable","13":"shipping-taxable","14":"purchasable","15":"product-type-simple"},"acf":[],"yoast_head":"<!-- This site is optimized with the Yoast SEO Premium plugin v27.1 (Yoast SEO v27.4) - https:\/\/yoast.com\/product\/yoast-seo-premium-wordpress\/ -->\n<title>Kirby Bolsa Exterior completo - Veltec Kirby specialist<\/title>\n<meta name=\"description\" content=\"Kirby Bolsa Exterior completo Veltec es el proveedor de las aspiradoras Kirby desde hace m\u00e1s de 25 a\u00f1os. Y es su servicio de confianza Kirby\" \/>\n<meta name=\"robots\" content=\"index, follow, max-snippet:-1, max-image-preview:large, max-video-preview:-1\" \/>\n<link rel=\"canonical\" href=\"https:\/\/www.veltec.eu\/es\/product\/kirby-bolsa-exterior-completo\/\" \/>\n<meta property=\"og:locale\" content=\"es_ES\" \/>\n<meta property=\"og:type\" content=\"article\" \/>\n<meta property=\"og:title\" content=\"Kirby Bolsa Exterior completo\" \/>\n<meta property=\"og:description\" content=\"Kirby Bolsa Exterior completo.    &nbsp; En stock   Pedido antes de las 23:59, enviado ma\u00f1ana  &nbsp;\" \/>\n<meta property=\"og:url\" content=\"https:\/\/www.veltec.eu\/es\/product\/kirby-bolsa-exterior-completo\/\" \/>\n<meta property=\"og:site_name\" content=\"Veltec Kirby specialist\" \/>\n<meta property=\"article:publisher\" content=\"https:\/\/www.facebook.com\/Veltec-Kirby-Specialist-236746293374877\/\" \/>\n<meta property=\"article:modified_time\" content=\"2024-12-10T12:05:31+00:00\" \/>\n<meta property=\"og:image\" content=\"https:\/\/www.veltec.eu\/wp-content\/uploads\/2018\/10\/buitenzak-1.jpg\" \/>\n\t<meta property=\"og:image:width\" content=\"500\" \/>\n\t<meta property=\"og:image:height\" content=\"500\" \/>\n\t<meta property=\"og:image:type\" content=\"image\/jpeg\" \/>\n<meta name=\"twitter:card\" content=\"summary_large_image\" \/>\n<meta name=\"twitter:label1\" content=\"Tiempo de lectura\" \/>\n\t<meta name=\"twitter:data1\" content=\"4 minutos\" \/>\n<script type=\"application\/ld+json\" class=\"yoast-schema-graph\">{\"@context\":\"https:\\\/\\\/schema.org\",\"@graph\":[{\"@type\":\"WebPage\",\"@id\":\"https:\\\/\\\/www.veltec.eu\\\/es\\\/product\\\/kirby-bolsa-exterior-completo\\\/\",\"url\":\"https:\\\/\\\/www.veltec.eu\\\/es\\\/product\\\/kirby-bolsa-exterior-completo\\\/\",\"name\":\"Kirby Bolsa Exterior completo - Veltec Kirby specialist\",\"isPartOf\":{\"@id\":\"https:\\\/\\\/www.veltec.eu\\\/en\\\/#website\"},\"primaryImageOfPage\":{\"@id\":\"https:\\\/\\\/www.veltec.eu\\\/es\\\/product\\\/kirby-bolsa-exterior-completo\\\/#primaryimage\"},\"image\":{\"@id\":\"https:\\\/\\\/www.veltec.eu\\\/es\\\/product\\\/kirby-bolsa-exterior-completo\\\/#primaryimage\"},\"thumbnailUrl\":\"https:\\\/\\\/www.veltec.eu\\\/wp-content\\\/uploads\\\/2018\\\/10\\\/buitenzak-1.jpg\",\"datePublished\":\"2018-10-16T12:14:30+00:00\",\"dateModified\":\"2024-12-10T12:05:31+00:00\",\"description\":\"Kirby Bolsa Exterior completo Veltec es el proveedor de las aspiradoras Kirby desde hace m\u00e1s de 25 a\u00f1os. Y es su servicio de confianza Kirby\",\"breadcrumb\":{\"@id\":\"https:\\\/\\\/www.veltec.eu\\\/es\\\/product\\\/kirby-bolsa-exterior-completo\\\/#breadcrumb\"},\"inLanguage\":\"es\",\"potentialAction\":[{\"@type\":\"ReadAction\",\"target\":[\"https:\\\/\\\/www.veltec.eu\\\/es\\\/product\\\/kirby-bolsa-exterior-completo\\\/\"]}]},{\"@type\":\"ImageObject\",\"inLanguage\":\"es\",\"@id\":\"https:\\\/\\\/www.veltec.eu\\\/es\\\/product\\\/kirby-bolsa-exterior-completo\\\/#primaryimage\",\"url\":\"https:\\\/\\\/www.veltec.eu\\\/wp-content\\\/uploads\\\/2018\\\/10\\\/buitenzak-1.jpg\",\"contentUrl\":\"https:\\\/\\\/www.veltec.eu\\\/wp-content\\\/uploads\\\/2018\\\/10\\\/buitenzak-1.jpg\",\"width\":500,\"height\":500},{\"@type\":\"BreadcrumbList\",\"@id\":\"https:\\\/\\\/www.veltec.eu\\\/es\\\/product\\\/kirby-bolsa-exterior-completo\\\/#breadcrumb\",\"itemListElement\":[{\"@type\":\"ListItem\",\"position\":1,\"name\":\"Home\",\"item\":\"https:\\\/\\\/www.veltec.eu\\\/es\\\/\"},{\"@type\":\"ListItem\",\"position\":2,\"name\":\"Kirby Shop\",\"item\":\"https:\\\/\\\/www.veltec.eu\\\/nl\\\/shop-page\\\/\"},{\"@type\":\"ListItem\",\"position\":3,\"name\":\"Kirby Bolsa Exterior completo\"}]},{\"@type\":\"WebSite\",\"@id\":\"https:\\\/\\\/www.veltec.eu\\\/en\\\/#website\",\"url\":\"https:\\\/\\\/www.veltec.eu\\\/en\\\/\",\"name\":\"Veltec Kirby specialist\",\"description\":\"Kirby stofzuiger producten\",\"publisher\":{\"@id\":\"https:\\\/\\\/www.veltec.eu\\\/en\\\/#organization\"},\"potentialAction\":[{\"@type\":\"SearchAction\",\"target\":{\"@type\":\"EntryPoint\",\"urlTemplate\":\"https:\\\/\\\/www.veltec.eu\\\/en\\\/?s={search_term_string}\"},\"query-input\":{\"@type\":\"PropertyValueSpecification\",\"valueRequired\":true,\"valueName\":\"search_term_string\"}}],\"inLanguage\":\"es\"},{\"@type\":\"Organization\",\"@id\":\"https:\\\/\\\/www.veltec.eu\\\/en\\\/#organization\",\"name\":\"Veltec Kirby Specialist\",\"url\":\"https:\\\/\\\/www.veltec.eu\\\/en\\\/\",\"logo\":{\"@type\":\"ImageObject\",\"inLanguage\":\"es\",\"@id\":\"https:\\\/\\\/www.veltec.eu\\\/en\\\/#\\\/schema\\\/logo\\\/image\\\/\",\"url\":\"https:\\\/\\\/www.veltec.eu\\\/wp-content\\\/uploads\\\/2021\\\/12\\\/Veltec-log-groot-e1537260889125.png\",\"contentUrl\":\"https:\\\/\\\/www.veltec.eu\\\/wp-content\\\/uploads\\\/2021\\\/12\\\/Veltec-log-groot-e1537260889125.png\",\"width\":200,\"height\":60,\"caption\":\"Veltec Kirby Specialist\"},\"image\":{\"@id\":\"https:\\\/\\\/www.veltec.eu\\\/en\\\/#\\\/schema\\\/logo\\\/image\\\/\"},\"sameAs\":[\"https:\\\/\\\/www.facebook.com\\\/Veltec-Kirby-Specialist-236746293374877\\\/\",\"https:\\\/\\\/www.youtube.com\\\/user\\\/VeltecService\"]}]}<\/script>\n<!-- \/ Yoast SEO Premium plugin. -->","yoast_head_json":{"title":"Kirby Bolsa Exterior completo - Veltec Kirby specialist","description":"Kirby Bolsa Exterior completo Veltec es el proveedor de las aspiradoras Kirby desde hace m\u00e1s de 25 a\u00f1os. Y es su servicio de confianza Kirby","robots":{"index":"index","follow":"follow","max-snippet":"max-snippet:-1","max-image-preview":"max-image-preview:large","max-video-preview":"max-video-preview:-1"},"canonical":"https:\/\/www.veltec.eu\/es\/product\/kirby-bolsa-exterior-completo\/","og_locale":"es_ES","og_type":"article","og_title":"Kirby Bolsa Exterior completo","og_description":"Kirby Bolsa Exterior completo.    &nbsp; En stock   Pedido antes de las 23:59, enviado ma\u00f1ana  &nbsp;","og_url":"https:\/\/www.veltec.eu\/es\/product\/kirby-bolsa-exterior-completo\/","og_site_name":"Veltec Kirby specialist","article_publisher":"https:\/\/www.facebook.com\/Veltec-Kirby-Specialist-236746293374877\/","article_modified_time":"2024-12-10T12:05:31+00:00","og_image":[{"width":500,"height":500,"url":"https:\/\/www.veltec.eu\/wp-content\/uploads\/2018\/10\/buitenzak-1.jpg","type":"image\/jpeg"}],"twitter_card":"summary_large_image","twitter_misc":{"Tiempo de lectura":"4 minutos"},"schema":{"@context":"https:\/\/schema.org","@graph":[{"@type":"WebPage","@id":"https:\/\/www.veltec.eu\/es\/product\/kirby-bolsa-exterior-completo\/","url":"https:\/\/www.veltec.eu\/es\/product\/kirby-bolsa-exterior-completo\/","name":"Kirby Bolsa Exterior completo - Veltec Kirby specialist","isPartOf":{"@id":"https:\/\/www.veltec.eu\/en\/#website"},"primaryImageOfPage":{"@id":"https:\/\/www.veltec.eu\/es\/product\/kirby-bolsa-exterior-completo\/#primaryimage"},"image":{"@id":"https:\/\/www.veltec.eu\/es\/product\/kirby-bolsa-exterior-completo\/#primaryimage"},"thumbnailUrl":"https:\/\/www.veltec.eu\/wp-content\/uploads\/2018\/10\/buitenzak-1.jpg","datePublished":"2018-10-16T12:14:30+00:00","dateModified":"2024-12-10T12:05:31+00:00","description":"Kirby Bolsa Exterior completo Veltec es el proveedor de las aspiradoras Kirby desde hace m\u00e1s de 25 a\u00f1os. Y es su servicio de confianza Kirby","breadcrumb":{"@id":"https:\/\/www.veltec.eu\/es\/product\/kirby-bolsa-exterior-completo\/#breadcrumb"},"inLanguage":"es","potentialAction":[{"@type":"ReadAction","target":["https:\/\/www.veltec.eu\/es\/product\/kirby-bolsa-exterior-completo\/"]}]},{"@type":"ImageObject","inLanguage":"es","@id":"https:\/\/www.veltec.eu\/es\/product\/kirby-bolsa-exterior-completo\/#primaryimage","url":"https:\/\/www.veltec.eu\/wp-content\/uploads\/2018\/10\/buitenzak-1.jpg","contentUrl":"https:\/\/www.veltec.eu\/wp-content\/uploads\/2018\/10\/buitenzak-1.jpg","width":500,"height":500},{"@type":"BreadcrumbList","@id":"https:\/\/www.veltec.eu\/es\/product\/kirby-bolsa-exterior-completo\/#breadcrumb","itemListElement":[{"@type":"ListItem","position":1,"name":"Home","item":"https:\/\/www.veltec.eu\/es\/"},{"@type":"ListItem","position":2,"name":"Kirby Shop","item":"https:\/\/www.veltec.eu\/nl\/shop-page\/"},{"@type":"ListItem","position":3,"name":"Kirby Bolsa Exterior completo"}]},{"@type":"WebSite","@id":"https:\/\/www.veltec.eu\/en\/#website","url":"https:\/\/www.veltec.eu\/en\/","name":"Veltec Kirby specialist","description":"Kirby stofzuiger producten","publisher":{"@id":"https:\/\/www.veltec.eu\/en\/#organization"},"potentialAction":[{"@type":"SearchAction","target":{"@type":"EntryPoint","urlTemplate":"https:\/\/www.veltec.eu\/en\/?s={search_term_string}"},"query-input":{"@type":"PropertyValueSpecification","valueRequired":true,"valueName":"search_term_string"}}],"inLanguage":"es"},{"@type":"Organization","@id":"https:\/\/www.veltec.eu\/en\/#organization","name":"Veltec Kirby Specialist","url":"https:\/\/www.veltec.eu\/en\/","logo":{"@type":"ImageObject","inLanguage":"es","@id":"https:\/\/www.veltec.eu\/en\/#\/schema\/logo\/image\/","url":"https:\/\/www.veltec.eu\/wp-content\/uploads\/2021\/12\/Veltec-log-groot-e1537260889125.png","contentUrl":"https:\/\/www.veltec.eu\/wp-content\/uploads\/2021\/12\/Veltec-log-groot-e1537260889125.png","width":200,"height":60,"caption":"Veltec Kirby Specialist"},"image":{"@id":"https:\/\/www.veltec.eu\/en\/#\/schema\/logo\/image\/"},"sameAs":["https:\/\/www.facebook.com\/Veltec-Kirby-Specialist-236746293374877\/","https:\/\/www.youtube.com\/user\/VeltecService"]}]}},"_links":{"self":[{"href":"https:\/\/www.veltec.eu\/es\/wp-json\/wp\/v2\/product\/12079","targetHints":{"allow":["GET"]}}],"collection":[{"href":"https:\/\/www.veltec.eu\/es\/wp-json\/wp\/v2\/product"}],"about":[{"href":"https:\/\/www.veltec.eu\/es\/wp-json\/wp\/v2\/types\/product"}],"replies":[{"embeddable":true,"href":"https:\/\/www.veltec.eu\/es\/wp-json\/wp\/v2\/comments?post=12079"}],"wp:featuredmedia":[{"embeddable":true,"href":"https:\/\/www.veltec.eu\/es\/wp-json\/wp\/v2\/media\/44618"}],"wp:attachment":[{"href":"https:\/\/www.veltec.eu\/es\/wp-json\/wp\/v2\/media?parent=12079"}],"wp:term":[{"taxonomy":"product_brand","embeddable":true,"href":"https:\/\/www.veltec.eu\/es\/wp-json\/wp\/v2\/product_brand?post=12079"},{"taxonomy":"product_cat","embeddable":true,"href":"https:\/\/www.veltec.eu\/es\/wp-json\/wp\/v2\/product_cat?post=12079"},{"taxonomy":"product_tag","embeddable":true,"href":"https:\/\/www.veltec.eu\/es\/wp-json\/wp\/v2\/product_tag?post=12079"}],"curies":[{"name":"wp","href":"https:\/\/api.w.org\/{rel}","templated":true}]}}