{"id":12008,"date":"2018-10-16T15:25:27","date_gmt":"2018-10-16T13:25:27","guid":{"rendered":"https:\/\/www.veltec.eu\/kirby-webshop\/perilla-boquilla-batidora-ancha-kirby-nl3047\/"},"modified":"2025-04-10T16:48:25","modified_gmt":"2025-04-10T14:48:25","slug":"perilla-boquilla-batidora-ancha-kirby-nl3047","status":"publish","type":"product","link":"https:\/\/www.veltec.eu\/es\/product\/perilla-boquilla-batidora-ancha-kirby-nl3047\/","title":{"rendered":"Perilla Boquilla Batidora Ancha Kirby"},"content":{"rendered":"<h2>Perilla Boquilla Batidora Ancha Kirby &#8211; Pieza esencial para un rendimiento \u00f3ptimo<\/h2>\n<p>Cuando note que su <a href=\"https:\/\/www.veltec.eu\/es\/aspiradora-kirby\/\">aspiradora Kirby<\/a> ya no funciona tan eficazmente como antes, es muy posible que la Perilla Boquilla Batidora Ancha Kirby necesite ser sustituida. Situado en la parte delantera de la boquilla batidora ancha, este ingenioso mando desempe\u00f1a un papel crucial en el funcionamiento del elevador de cinta. Gracias a este mando giratorio, la correa de transmisi\u00f3n puede moverse f\u00e1cilmente hacia fuera o hacia dentro del cepillo del cabezal, lo que es esencial para el correcto funcionamiento de la escobilla de goma.<\/p>\n<p><strong>Este cabezal giratorio s\u00f3lo es adecuado para las aspiradoras Kirby enumeradas a continuaci\u00f3n;<\/strong><\/p>\n<ul>\n<li>Ultimate G Diamond Ed.(G7D or DE)<\/li>\n<li>Ultimate G (G7 or UG)<\/li>\n<li>Generation 6 (G6)<\/li>\n<li>Generation 5 (G5)<\/li>\n<li>Generation 4 (G4)<\/li>\n<li>Generation 3 (G3)<\/li>\n<\/ul>\n<h3>Por qu\u00e9 este mando giratorio es indispensable<\/h3>\n<p>En primer lugar, este mando giratorio le permite decidir si el rodillo del cepillo debe estar encendido o apagado. Esto es importante porque en suelos duros, por ejemplo, prefiere trabajar sin cepillo giratorio, mientras que en alfombras necesita una profundidad extra. Adem\u00e1s, el pomo contiene una secci\u00f3n desplegable que facilita el giro, aunque el pomo est\u00e9 un poco r\u00edgido. Esto significa que necesita aplicar menos fuerza, lo que resulta especialmente \u00fatil en el uso habitual o cuando necesita accionar el pomo con una sola mano.<\/p>\n<p>Adem\u00e1s, el uso de este mando contribuye a prolongar la vida \u00fatil de su electrodom\u00e9stico Kirby. Si elige la posici\u00f3n correcta, evitar\u00e1 sobrecargar el motor del cepillo y reducir\u00e1 el desgaste innecesario. En resumen, con un mando giratorio que funcione bien mantendr\u00e1 su electrodom\u00e9stico en las mejores condiciones.<\/p>\n<h2>Caracter\u00edsticas y ventajas del mando giratorio Kirby<\/h2>\n<h3>Ajuste perfecto y f\u00e1cil montaje<\/h3>\n<p>Lo que tambi\u00e9n merece la pena mencionar es que este mando est\u00e1 especialmente dise\u00f1ado para la <a href=\"https:\/\/www.veltec.eu\/es\/boquilla-batidora-ancha-kirby\/\">boquilla batidora ancha original de Kirby<\/a>. Como resultado, el ajuste es perfecto, y sustituirlo es f\u00e1cil. No necesita ninguna herramienta especial, lo que por supuesto es bueno si prefiere no acudir a un servicio t\u00e9cnico para un peque\u00f1o ajuste. En s\u00f3lo unos minutos, la esfera est\u00e1 sustituida, por lo que podr\u00e1 volver r\u00e1pidamente a su trabajo de limpieza.<\/p>\n<h3>Fiabilidad y durabilidad<\/h3>\n<p>Adem\u00e1s, este mando giratorio est\u00e1 fabricado en pl\u00e1stico de alta calidad, lo que garantiza una larga vida \u00fatil. Incluso con un uso intensivo, el mando sigue funcionando bien. Esto es importante, especialmente si utiliza su aspiradora Kirby a diario o semanalmente. Adem\u00e1s, el robusto mecanismo de bisagra de la parte abatible garantiza que siempre tenga suficiente agarre para accionar el mando sin problemas.<\/p>\n<p>Por \u00faltimo, la combinaci\u00f3n de fiabilidad, facilidad de uso y funcionalidad garantiza que este mando giratorio Kirby sea una inversi\u00f3n inteligente para cualquier usuario de Kirby. Prolongar\u00e1 la vida \u00fatil de su m\u00e1quina y garantizar\u00e1 unos resultados de limpieza \u00f3ptimos en todo momento.<\/p>\n<h2>Pida hoy mismo su Perilla Boquilla Batidora Ancha Kirby<\/h2>\n<p>En resumen, \u00bfest\u00e1 buscando una Perilla Boquilla Batidora Ancha Kirby original, duradera y f\u00e1cil de montar? Entonces esta es la pieza que necesita. No espere a que su aspiradora rinda menos o incluso deje de funcionar. Sustituyendo esta perilla a tiempo, evitar\u00e1 problemas mayores y garantizar\u00e1 el funcionamiento eficaz de su aparato.<\/p>\n<ul>\n<li>Pieza original Kirby<\/li>\n<li>Con mango desplegable para mayor potencia<\/li>\n<li>F\u00e1cil de instalar sin herramientas<\/li>\n<li>Indispensable para un uso \u00f3ptimo del elevador de cinta<\/li>\n<\/ul>\n<p>As\u00ed que no lo dude m\u00e1s y a\u00f1ada este pomo giratorio Kirby a su cesta de la compra. De esta forma se asegura un rendimiento duradero y una aspiradora que sigue haciendo aquello para lo que fue dise\u00f1ada.<\/p>\n","protected":false},"excerpt":{"rendered":"<p>Perilla Boquilla Batidora Ancha Kirby.<\/p>\n[trustindex data-widget-id=48bbd87242952812953642309d4]\n<h3><b><br \/>\n<\/b><span style=\"color: #008000;\"><br \/>\nEn stock<\/span><\/h3>\n[av_font_icon icon='ue812' font='entypo-fontello' style='' caption='' size='25px' position='left' color='#43ad66' link='' linktarget='' title_attr='' sonar_effect_effect='' sonar_effect_color='' sonar_effect_duration='1' sonar_effect_scale='' sonar_effect_opac='0.5' animation='' id='' custom_class='' template_class='' av_uid='' sc_version='1.0' admin_preview_bg=''][\/av_font_icon]\n<p><span style=\"color: #008000;\">Pedido antes de las 23:59, enviado ma\u00f1ana<\/span><\/p>\n<p>&nbsp;<\/p>\n","protected":false},"featured_media":90733,"comment_status":"open","ping_status":"closed","template":"","meta":[],"product_brand":[],"product_cat":[347],"product_tag":[],"class_list":{"0":"post-12008","1":"product","2":"type-product","3":"status-publish","4":"has-post-thumbnail","6":"product_cat-cepillos-accesorios-kirby","7":"product_shipping_class-klein-es","9":"first","10":"instock","11":"taxable","12":"shipping-taxable","13":"purchasable","14":"product-type-simple"},"yoast_head":"<!-- This site is optimized with the Yoast SEO Premium plugin v27.1 (Yoast SEO v27.4) - https:\/\/yoast.com\/product\/yoast-seo-premium-wordpress\/ -->\n<title>Perilla Boquilla Batidora Ancha Kirby - Veltec Kirby specialist<\/title>\n<meta name=\"description\" content=\"Perilla Boquilla Batidora Ancha Kirby - Veltec es el proveedor de las aspiradoras Kirby desde hace m\u00e1s de 25 a\u00f1os. Para reparaciones\" \/>\n<meta name=\"robots\" content=\"index, follow, max-snippet:-1, max-image-preview:large, max-video-preview:-1\" \/>\n<link rel=\"canonical\" href=\"https:\/\/www.veltec.eu\/es\/product\/perilla-boquilla-batidora-ancha-kirby-nl3047\/\" \/>\n<meta property=\"og:locale\" content=\"es_ES\" \/>\n<meta property=\"og:type\" content=\"article\" \/>\n<meta property=\"og:title\" content=\"Perilla Boquilla Batidora Ancha Kirby\" \/>\n<meta property=\"og:description\" content=\"Perilla Boquilla Batidora Ancha Kirby.     En stock   Pedido antes de las 23:59, enviado ma\u00f1ana  &nbsp;\" \/>\n<meta property=\"og:url\" content=\"https:\/\/www.veltec.eu\/es\/product\/perilla-boquilla-batidora-ancha-kirby-nl3047\/\" \/>\n<meta property=\"og:site_name\" content=\"Veltec Kirby specialist\" \/>\n<meta property=\"article:publisher\" content=\"https:\/\/www.facebook.com\/Veltec-Kirby-Specialist-236746293374877\/\" \/>\n<meta property=\"article:modified_time\" content=\"2025-04-10T14:48:25+00:00\" \/>\n<meta property=\"og:image\" content=\"https:\/\/www.veltec.eu\/wp-content\/uploads\/2018\/10\/Kirby-draaiknop.jpg\" \/>\n\t<meta property=\"og:image:width\" content=\"600\" \/>\n\t<meta property=\"og:image:height\" content=\"600\" \/>\n\t<meta property=\"og:image:type\" content=\"image\/jpeg\" \/>\n<meta name=\"twitter:card\" content=\"summary_large_image\" \/>\n<meta name=\"twitter:label1\" content=\"Tiempo de lectura\" \/>\n\t<meta name=\"twitter:data1\" content=\"3 minutos\" \/>\n<script type=\"application\/ld+json\" class=\"yoast-schema-graph\">{\"@context\":\"https:\\\/\\\/schema.org\",\"@graph\":[{\"@type\":\"WebPage\",\"@id\":\"https:\\\/\\\/www.veltec.eu\\\/es\\\/product\\\/perilla-boquilla-batidora-ancha-kirby-nl3047\\\/\",\"url\":\"https:\\\/\\\/www.veltec.eu\\\/es\\\/product\\\/perilla-boquilla-batidora-ancha-kirby-nl3047\\\/\",\"name\":\"Perilla Boquilla Batidora Ancha Kirby - Veltec Kirby specialist\",\"isPartOf\":{\"@id\":\"https:\\\/\\\/www.veltec.eu\\\/en\\\/#website\"},\"primaryImageOfPage\":{\"@id\":\"https:\\\/\\\/www.veltec.eu\\\/es\\\/product\\\/perilla-boquilla-batidora-ancha-kirby-nl3047\\\/#primaryimage\"},\"image\":{\"@id\":\"https:\\\/\\\/www.veltec.eu\\\/es\\\/product\\\/perilla-boquilla-batidora-ancha-kirby-nl3047\\\/#primaryimage\"},\"thumbnailUrl\":\"https:\\\/\\\/www.veltec.eu\\\/wp-content\\\/uploads\\\/2018\\\/10\\\/Kirby-draaiknop.jpg\",\"datePublished\":\"2018-10-16T13:25:27+00:00\",\"dateModified\":\"2025-04-10T14:48:25+00:00\",\"description\":\"Perilla Boquilla Batidora Ancha Kirby - Veltec es el proveedor de las aspiradoras Kirby desde hace m\u00e1s de 25 a\u00f1os. Para reparaciones\",\"breadcrumb\":{\"@id\":\"https:\\\/\\\/www.veltec.eu\\\/es\\\/product\\\/perilla-boquilla-batidora-ancha-kirby-nl3047\\\/#breadcrumb\"},\"inLanguage\":\"es\",\"potentialAction\":[{\"@type\":\"ReadAction\",\"target\":[\"https:\\\/\\\/www.veltec.eu\\\/es\\\/product\\\/perilla-boquilla-batidora-ancha-kirby-nl3047\\\/\"]}]},{\"@type\":\"ImageObject\",\"inLanguage\":\"es\",\"@id\":\"https:\\\/\\\/www.veltec.eu\\\/es\\\/product\\\/perilla-boquilla-batidora-ancha-kirby-nl3047\\\/#primaryimage\",\"url\":\"https:\\\/\\\/www.veltec.eu\\\/wp-content\\\/uploads\\\/2018\\\/10\\\/Kirby-draaiknop.jpg\",\"contentUrl\":\"https:\\\/\\\/www.veltec.eu\\\/wp-content\\\/uploads\\\/2018\\\/10\\\/Kirby-draaiknop.jpg\",\"width\":600,\"height\":600},{\"@type\":\"BreadcrumbList\",\"@id\":\"https:\\\/\\\/www.veltec.eu\\\/es\\\/product\\\/perilla-boquilla-batidora-ancha-kirby-nl3047\\\/#breadcrumb\",\"itemListElement\":[{\"@type\":\"ListItem\",\"position\":1,\"name\":\"Home\",\"item\":\"https:\\\/\\\/www.veltec.eu\\\/es\\\/\"},{\"@type\":\"ListItem\",\"position\":2,\"name\":\"Produits\",\"item\":\"https:\\\/\\\/www.veltec.eu\\\/fr\\\/shop\\\/\"},{\"@type\":\"ListItem\",\"position\":3,\"name\":\"Perilla Boquilla Batidora Ancha Kirby\"}]},{\"@type\":\"WebSite\",\"@id\":\"https:\\\/\\\/www.veltec.eu\\\/en\\\/#website\",\"url\":\"https:\\\/\\\/www.veltec.eu\\\/en\\\/\",\"name\":\"Veltec Kirby specialist\",\"description\":\"Kirby stofzuiger producten\",\"publisher\":{\"@id\":\"https:\\\/\\\/www.veltec.eu\\\/en\\\/#organization\"},\"potentialAction\":[{\"@type\":\"SearchAction\",\"target\":{\"@type\":\"EntryPoint\",\"urlTemplate\":\"https:\\\/\\\/www.veltec.eu\\\/en\\\/?s={search_term_string}\"},\"query-input\":{\"@type\":\"PropertyValueSpecification\",\"valueRequired\":true,\"valueName\":\"search_term_string\"}}],\"inLanguage\":\"es\"},{\"@type\":\"Organization\",\"@id\":\"https:\\\/\\\/www.veltec.eu\\\/en\\\/#organization\",\"name\":\"Veltec Kirby Specialist\",\"url\":\"https:\\\/\\\/www.veltec.eu\\\/en\\\/\",\"logo\":{\"@type\":\"ImageObject\",\"inLanguage\":\"es\",\"@id\":\"https:\\\/\\\/www.veltec.eu\\\/en\\\/#\\\/schema\\\/logo\\\/image\\\/\",\"url\":\"https:\\\/\\\/www.veltec.eu\\\/wp-content\\\/uploads\\\/2021\\\/12\\\/Veltec-log-groot-e1537260889125.png\",\"contentUrl\":\"https:\\\/\\\/www.veltec.eu\\\/wp-content\\\/uploads\\\/2021\\\/12\\\/Veltec-log-groot-e1537260889125.png\",\"width\":200,\"height\":60,\"caption\":\"Veltec Kirby Specialist\"},\"image\":{\"@id\":\"https:\\\/\\\/www.veltec.eu\\\/en\\\/#\\\/schema\\\/logo\\\/image\\\/\"},\"sameAs\":[\"https:\\\/\\\/www.facebook.com\\\/Veltec-Kirby-Specialist-236746293374877\\\/\",\"https:\\\/\\\/www.youtube.com\\\/user\\\/VeltecService\"]}]}<\/script>\n<!-- \/ Yoast SEO Premium plugin. -->","yoast_head_json":{"title":"Perilla Boquilla Batidora Ancha Kirby - Veltec Kirby specialist","description":"Perilla Boquilla Batidora Ancha Kirby - Veltec es el proveedor de las aspiradoras Kirby desde hace m\u00e1s de 25 a\u00f1os. Para reparaciones","robots":{"index":"index","follow":"follow","max-snippet":"max-snippet:-1","max-image-preview":"max-image-preview:large","max-video-preview":"max-video-preview:-1"},"canonical":"https:\/\/www.veltec.eu\/es\/product\/perilla-boquilla-batidora-ancha-kirby-nl3047\/","og_locale":"es_ES","og_type":"article","og_title":"Perilla Boquilla Batidora Ancha Kirby","og_description":"Perilla Boquilla Batidora Ancha Kirby.     En stock   Pedido antes de las 23:59, enviado ma\u00f1ana  &nbsp;","og_url":"https:\/\/www.veltec.eu\/es\/product\/perilla-boquilla-batidora-ancha-kirby-nl3047\/","og_site_name":"Veltec Kirby specialist","article_publisher":"https:\/\/www.facebook.com\/Veltec-Kirby-Specialist-236746293374877\/","article_modified_time":"2025-04-10T14:48:25+00:00","og_image":[{"width":600,"height":600,"url":"https:\/\/www.veltec.eu\/wp-content\/uploads\/2018\/10\/Kirby-draaiknop.jpg","type":"image\/jpeg"}],"twitter_card":"summary_large_image","twitter_misc":{"Tiempo de lectura":"3 minutos"},"schema":{"@context":"https:\/\/schema.org","@graph":[{"@type":"WebPage","@id":"https:\/\/www.veltec.eu\/es\/product\/perilla-boquilla-batidora-ancha-kirby-nl3047\/","url":"https:\/\/www.veltec.eu\/es\/product\/perilla-boquilla-batidora-ancha-kirby-nl3047\/","name":"Perilla Boquilla Batidora Ancha Kirby - Veltec Kirby specialist","isPartOf":{"@id":"https:\/\/www.veltec.eu\/en\/#website"},"primaryImageOfPage":{"@id":"https:\/\/www.veltec.eu\/es\/product\/perilla-boquilla-batidora-ancha-kirby-nl3047\/#primaryimage"},"image":{"@id":"https:\/\/www.veltec.eu\/es\/product\/perilla-boquilla-batidora-ancha-kirby-nl3047\/#primaryimage"},"thumbnailUrl":"https:\/\/www.veltec.eu\/wp-content\/uploads\/2018\/10\/Kirby-draaiknop.jpg","datePublished":"2018-10-16T13:25:27+00:00","dateModified":"2025-04-10T14:48:25+00:00","description":"Perilla Boquilla Batidora Ancha Kirby - Veltec es el proveedor de las aspiradoras Kirby desde hace m\u00e1s de 25 a\u00f1os. Para reparaciones","breadcrumb":{"@id":"https:\/\/www.veltec.eu\/es\/product\/perilla-boquilla-batidora-ancha-kirby-nl3047\/#breadcrumb"},"inLanguage":"es","potentialAction":[{"@type":"ReadAction","target":["https:\/\/www.veltec.eu\/es\/product\/perilla-boquilla-batidora-ancha-kirby-nl3047\/"]}]},{"@type":"ImageObject","inLanguage":"es","@id":"https:\/\/www.veltec.eu\/es\/product\/perilla-boquilla-batidora-ancha-kirby-nl3047\/#primaryimage","url":"https:\/\/www.veltec.eu\/wp-content\/uploads\/2018\/10\/Kirby-draaiknop.jpg","contentUrl":"https:\/\/www.veltec.eu\/wp-content\/uploads\/2018\/10\/Kirby-draaiknop.jpg","width":600,"height":600},{"@type":"BreadcrumbList","@id":"https:\/\/www.veltec.eu\/es\/product\/perilla-boquilla-batidora-ancha-kirby-nl3047\/#breadcrumb","itemListElement":[{"@type":"ListItem","position":1,"name":"Home","item":"https:\/\/www.veltec.eu\/es\/"},{"@type":"ListItem","position":2,"name":"Produits","item":"https:\/\/www.veltec.eu\/fr\/shop\/"},{"@type":"ListItem","position":3,"name":"Perilla Boquilla Batidora Ancha Kirby"}]},{"@type":"WebSite","@id":"https:\/\/www.veltec.eu\/en\/#website","url":"https:\/\/www.veltec.eu\/en\/","name":"Veltec Kirby specialist","description":"Kirby stofzuiger producten","publisher":{"@id":"https:\/\/www.veltec.eu\/en\/#organization"},"potentialAction":[{"@type":"SearchAction","target":{"@type":"EntryPoint","urlTemplate":"https:\/\/www.veltec.eu\/en\/?s={search_term_string}"},"query-input":{"@type":"PropertyValueSpecification","valueRequired":true,"valueName":"search_term_string"}}],"inLanguage":"es"},{"@type":"Organization","@id":"https:\/\/www.veltec.eu\/en\/#organization","name":"Veltec Kirby Specialist","url":"https:\/\/www.veltec.eu\/en\/","logo":{"@type":"ImageObject","inLanguage":"es","@id":"https:\/\/www.veltec.eu\/en\/#\/schema\/logo\/image\/","url":"https:\/\/www.veltec.eu\/wp-content\/uploads\/2021\/12\/Veltec-log-groot-e1537260889125.png","contentUrl":"https:\/\/www.veltec.eu\/wp-content\/uploads\/2021\/12\/Veltec-log-groot-e1537260889125.png","width":200,"height":60,"caption":"Veltec Kirby Specialist"},"image":{"@id":"https:\/\/www.veltec.eu\/en\/#\/schema\/logo\/image\/"},"sameAs":["https:\/\/www.facebook.com\/Veltec-Kirby-Specialist-236746293374877\/","https:\/\/www.youtube.com\/user\/VeltecService"]}]}},"_links":{"self":[{"href":"https:\/\/www.veltec.eu\/es\/wp-json\/wp\/v2\/product\/12008","targetHints":{"allow":["GET"]}}],"collection":[{"href":"https:\/\/www.veltec.eu\/es\/wp-json\/wp\/v2\/product"}],"about":[{"href":"https:\/\/www.veltec.eu\/es\/wp-json\/wp\/v2\/types\/product"}],"replies":[{"embeddable":true,"href":"https:\/\/www.veltec.eu\/es\/wp-json\/wp\/v2\/comments?post=12008"}],"wp:featuredmedia":[{"embeddable":true,"href":"https:\/\/www.veltec.eu\/es\/wp-json\/wp\/v2\/media\/90733"}],"wp:attachment":[{"href":"https:\/\/www.veltec.eu\/es\/wp-json\/wp\/v2\/media?parent=12008"}],"wp:term":[{"taxonomy":"product_brand","embeddable":true,"href":"https:\/\/www.veltec.eu\/es\/wp-json\/wp\/v2\/product_brand?post=12008"},{"taxonomy":"product_cat","embeddable":true,"href":"https:\/\/www.veltec.eu\/es\/wp-json\/wp\/v2\/product_cat?post=12008"},{"taxonomy":"product_tag","embeddable":true,"href":"https:\/\/www.veltec.eu\/es\/wp-json\/wp\/v2\/product_tag?post=12008"}],"curies":[{"name":"wp","href":"https:\/\/api.w.org\/{rel}","templated":true}]}}