{"id":12003,"date":"2018-10-16T15:32:18","date_gmt":"2018-10-16T13:32:18","guid":{"rendered":"https:\/\/www.veltec.eu\/kirby-webshop\/parachoques-kirby-nl3118\/"},"modified":"2025-04-10T14:51:26","modified_gmt":"2025-04-10T12:51:26","slug":"parachoques-kirby-nl3118","status":"publish","type":"product","link":"https:\/\/www.veltec.eu\/es\/product\/parachoques-kirby-nl3118\/","title":{"rendered":"Parachoques Kirby"},"content":{"rendered":"<h2>Parachoques Kirby &#8211; Protecci\u00f3n \u00f3ptima para su interior<\/h2>\n<h3>Proteja sus paredes y rodapi\u00e9s con el parachoques original Kirby<\/h3>\n<p>\u00bfTiene una aspiradora Kirby con boquilla batidora ancha? Entonces sabr\u00e1 que esta potente aspiradora hace frente a todo, desde la suciedad m\u00e1s incrustada hasta el pelo de los animales dom\u00e9sticos. Pero, \u00bfsab\u00eda que sin el borde protector adecuado, sus paredes y rodapi\u00e9s corren el riesgo de sufrir da\u00f1os? El Parachoques Kirby est\u00e1 especialmente dise\u00f1ado para evitarlo. Este ingenioso accesorio act\u00faa como un suave parachoques, permiti\u00e9ndole limpiar sin esfuerzo y de forma segura.<\/p>\n<p>Gracias al uso de materiales duraderos, este parachoques puede soportar un uso intensivo. As\u00ed que no tiene que preocuparse por el r\u00e1pido desgaste. Adem\u00e1s, el parachoques se adapta perfectamente a la boquilla batidora ancha de su Kirby. Esto mantiene el dise\u00f1o elegante sin comprometer la potencia de succi\u00f3n o la maniobrabilidad de su aparato.<\/p>\n<p><strong>Este parachoques es adecuado para todas las aspiradoras Kirby;<\/strong><\/p>\n<ul>\n<li>Avalir Platinum<\/li>\n<li>Avalir 2<\/li>\n<li>Avalir 1<\/li>\n<li>Sentria 2 (G10D)<\/li>\n<li>Sentria 1 (G10)<\/li>\n<li>Ultimate G Diamond Ed.(G7D or DE)<\/li>\n<li>Ultimate G (G7 or UG)<\/li>\n<li>Generation 6 (G6)<\/li>\n<li>Generation 5 (G5)<\/li>\n<li>Generation 4 (G4)<\/li>\n<li>Generation 3 (G3)<\/li>\n<\/ul>\n<div>\n<p>Aqu\u00ed encontrar\u00e1 todas las <a href=\"https:\/\/www.veltec.eu\/es\/boquilla-batidora-ancha-kirby\/\">boquillas batidoras anchas Kirby<\/a><\/p>\n<\/div>\n<div>\n<h3>\u00bfPor qu\u00e9 elegir el Parachoques Kirby?<\/h3>\n<p>Un accidente se encuentra en un peque\u00f1o rinc\u00f3n &#8211; especialmente con aspiradoras potentes. Afortunadamente, el parachoques Kirby ofrece una soluci\u00f3n sencilla y eficaz. He aqu\u00ed sus principales ventajas:<\/p>\n<ul>\n<li>Evita da\u00f1os en paredes, muebles y z\u00f3calos<\/li>\n<li>F\u00e1cil de acoplar a la boquilla batidora ancha de su Kirby<\/li>\n<li>Pieza original Kirby &#8211; compatibilidad y calidad garantizadas<\/li>\n<li>Materiales resistentes al desgaste para un uso duradero<\/li>\n<li>Favorece la maniobrabilidad sin comprometer el rendimiento<\/li>\n<\/ul>\n<p>Adem\u00e1s, este borde protector no s\u00f3lo ayuda a proteger su interior, sino que tambi\u00e9n prolonga la vida \u00fatil de su boquilla. Una inversi\u00f3n en este parachoques es, por tanto, una inversi\u00f3n en durabilidad y comodidad.<\/p>\n<h2>F\u00e1cil instalaci\u00f3n y ajuste garantizado<\/h2>\n<h3>Instalaci\u00f3n r\u00e1pida, resultado inmediato<\/h3>\n<p>El parachoques se ha dise\u00f1ado pensando en la facilidad de uso. Gracias a su ajuste perfecto, la instalaci\u00f3n es un juego de ni\u00f1os: basta con encajar el parachoques en la boquilla, sin necesidad de herramientas ni conocimientos t\u00e9cnicos. En cuesti\u00f3n de segundos, estar\u00e1 listo para aspirar, con la tranquilidad de saber que su interior est\u00e1 protegido.<\/p>\n<p>Adem\u00e1s, el parachoques es f\u00e1cil de limpiar. Basta con pasar un pa\u00f1o h\u00famedo para que el material vuelva a parecer nuevo. Esto contribuye a dar un aspecto cuidado tanto a su aspiradora como a su hogar.<\/p>\n<p>\u00bfBusca una soluci\u00f3n fiable para evitar da\u00f1os durante la limpieza? Entonces el parachoques es justo lo que necesita.<\/p>\n<h2>Pida hoy mismo su Parachoques Kirby<\/h2>\n<p>No permita que sus paredes o rodapi\u00e9s sufran da\u00f1os. Con el Parachoques Kirby, usted elige seguridad, calidad y durabilidad. No espere hasta que el primer rasgu\u00f1o sea visible &#8211; prevenga el da\u00f1o antes de que ocurra.<\/p>\n<p>Haga su pedido ahora y compruebe la diferencia en su pr\u00f3xima limpieza.<\/p>\n<\/div>\n","protected":false},"excerpt":{"rendered":"<p>Parachoques para Boquilla Batidora Ancha.<\/p>\n[trustindex data-widget-id=48bbd87242952812953642309d4]\n<h3><b><br \/>\n<\/b><span style=\"color: #008000;\"><br \/>\nEn stock<\/span><\/h3>\n[av_font_icon icon='ue812' font='entypo-fontello' style='' caption='' size='25px' position='left' color='#43ad66' link='' linktarget='' title_attr='' sonar_effect_effect='' sonar_effect_color='' sonar_effect_duration='1' sonar_effect_scale='' sonar_effect_opac='0.5' animation='' id='' custom_class='' template_class='' av_uid='' sc_version='1.0' admin_preview_bg=''][\/av_font_icon]\n<p><span style=\"color: #008000;\">Pedido antes de las 23:59, enviado ma\u00f1ana<\/span><\/p>\n<p>&nbsp;<\/p>\n","protected":false},"featured_media":90382,"comment_status":"open","ping_status":"closed","template":"","meta":{"_acf_changed":false},"product_brand":[],"product_cat":[347],"product_tag":[],"class_list":{"0":"post-12003","1":"product","2":"type-product","3":"status-publish","4":"has-post-thumbnail","6":"product_cat-cepillos-accesorios-kirby","7":"product_shipping_class-klein-es","9":"first","10":"instock","11":"taxable","12":"shipping-taxable","13":"purchasable","14":"product-type-simple"},"acf":[],"yoast_head":"<!-- This site is optimized with the Yoast SEO Premium plugin v27.1 (Yoast SEO v27.4) - https:\/\/yoast.com\/product\/yoast-seo-premium-wordpress\/ -->\n<title>Parachoques Kirby - Veltec Kirby specialist<\/title>\n<meta name=\"description\" content=\"Parachoques Kirby Veltec es el proveedor de las aspiradoras Kirby desde hace m\u00e1s de 25 a\u00f1os. Y es su servicio de confianza Kirby\" \/>\n<meta name=\"robots\" content=\"index, follow, max-snippet:-1, max-image-preview:large, max-video-preview:-1\" \/>\n<link rel=\"canonical\" href=\"https:\/\/www.veltec.eu\/es\/product\/parachoques-kirby-nl3118\/\" \/>\n<meta property=\"og:locale\" content=\"es_ES\" \/>\n<meta property=\"og:type\" content=\"article\" \/>\n<meta property=\"og:title\" content=\"Parachoques Kirby\" \/>\n<meta property=\"og:description\" content=\"Parachoques para Boquilla Batidora Ancha.     En stock   Pedido antes de las 23:59, enviado ma\u00f1ana  &nbsp;\" \/>\n<meta property=\"og:url\" content=\"https:\/\/www.veltec.eu\/es\/product\/parachoques-kirby-nl3118\/\" \/>\n<meta property=\"og:site_name\" content=\"Veltec Kirby specialist\" \/>\n<meta property=\"article:publisher\" content=\"https:\/\/www.facebook.com\/Veltec-Kirby-Specialist-236746293374877\/\" \/>\n<meta property=\"article:modified_time\" content=\"2025-04-10T12:51:26+00:00\" \/>\n<meta property=\"og:image\" content=\"https:\/\/www.veltec.eu\/wp-content\/uploads\/2018\/10\/Kirby-bumper.jpg\" \/>\n\t<meta property=\"og:image:width\" content=\"1518\" \/>\n\t<meta property=\"og:image:height\" content=\"1518\" \/>\n\t<meta property=\"og:image:type\" content=\"image\/jpeg\" \/>\n<meta name=\"twitter:card\" content=\"summary_large_image\" \/>\n<meta name=\"twitter:label1\" content=\"Tiempo de lectura\" \/>\n\t<meta name=\"twitter:data1\" content=\"3 minutos\" \/>\n<script type=\"application\/ld+json\" class=\"yoast-schema-graph\">{\"@context\":\"https:\\\/\\\/schema.org\",\"@graph\":[{\"@type\":\"WebPage\",\"@id\":\"https:\\\/\\\/www.veltec.eu\\\/es\\\/product\\\/parachoques-kirby-nl3118\\\/\",\"url\":\"https:\\\/\\\/www.veltec.eu\\\/es\\\/product\\\/parachoques-kirby-nl3118\\\/\",\"name\":\"Parachoques Kirby - Veltec Kirby specialist\",\"isPartOf\":{\"@id\":\"https:\\\/\\\/www.veltec.eu\\\/en\\\/#website\"},\"primaryImageOfPage\":{\"@id\":\"https:\\\/\\\/www.veltec.eu\\\/es\\\/product\\\/parachoques-kirby-nl3118\\\/#primaryimage\"},\"image\":{\"@id\":\"https:\\\/\\\/www.veltec.eu\\\/es\\\/product\\\/parachoques-kirby-nl3118\\\/#primaryimage\"},\"thumbnailUrl\":\"https:\\\/\\\/www.veltec.eu\\\/wp-content\\\/uploads\\\/2018\\\/10\\\/Kirby-bumper.jpg\",\"datePublished\":\"2018-10-16T13:32:18+00:00\",\"dateModified\":\"2025-04-10T12:51:26+00:00\",\"description\":\"Parachoques Kirby Veltec es el proveedor de las aspiradoras Kirby desde hace m\u00e1s de 25 a\u00f1os. Y es su servicio de confianza Kirby\",\"breadcrumb\":{\"@id\":\"https:\\\/\\\/www.veltec.eu\\\/es\\\/product\\\/parachoques-kirby-nl3118\\\/#breadcrumb\"},\"inLanguage\":\"es\",\"potentialAction\":[{\"@type\":\"ReadAction\",\"target\":[\"https:\\\/\\\/www.veltec.eu\\\/es\\\/product\\\/parachoques-kirby-nl3118\\\/\"]}]},{\"@type\":\"ImageObject\",\"inLanguage\":\"es\",\"@id\":\"https:\\\/\\\/www.veltec.eu\\\/es\\\/product\\\/parachoques-kirby-nl3118\\\/#primaryimage\",\"url\":\"https:\\\/\\\/www.veltec.eu\\\/wp-content\\\/uploads\\\/2018\\\/10\\\/Kirby-bumper.jpg\",\"contentUrl\":\"https:\\\/\\\/www.veltec.eu\\\/wp-content\\\/uploads\\\/2018\\\/10\\\/Kirby-bumper.jpg\",\"width\":1518,\"height\":1518},{\"@type\":\"BreadcrumbList\",\"@id\":\"https:\\\/\\\/www.veltec.eu\\\/es\\\/product\\\/parachoques-kirby-nl3118\\\/#breadcrumb\",\"itemListElement\":[{\"@type\":\"ListItem\",\"position\":1,\"name\":\"Home\",\"item\":\"https:\\\/\\\/www.veltec.eu\\\/es\\\/\"},{\"@type\":\"ListItem\",\"position\":2,\"name\":\"Kirby Shop\",\"item\":\"https:\\\/\\\/www.veltec.eu\\\/nl\\\/shop-page\\\/\"},{\"@type\":\"ListItem\",\"position\":3,\"name\":\"Parachoques Kirby\"}]},{\"@type\":\"WebSite\",\"@id\":\"https:\\\/\\\/www.veltec.eu\\\/en\\\/#website\",\"url\":\"https:\\\/\\\/www.veltec.eu\\\/en\\\/\",\"name\":\"Veltec Kirby specialist\",\"description\":\"Kirby stofzuiger producten\",\"publisher\":{\"@id\":\"https:\\\/\\\/www.veltec.eu\\\/en\\\/#organization\"},\"potentialAction\":[{\"@type\":\"SearchAction\",\"target\":{\"@type\":\"EntryPoint\",\"urlTemplate\":\"https:\\\/\\\/www.veltec.eu\\\/en\\\/?s={search_term_string}\"},\"query-input\":{\"@type\":\"PropertyValueSpecification\",\"valueRequired\":true,\"valueName\":\"search_term_string\"}}],\"inLanguage\":\"es\"},{\"@type\":\"Organization\",\"@id\":\"https:\\\/\\\/www.veltec.eu\\\/en\\\/#organization\",\"name\":\"Veltec Kirby Specialist\",\"url\":\"https:\\\/\\\/www.veltec.eu\\\/en\\\/\",\"logo\":{\"@type\":\"ImageObject\",\"inLanguage\":\"es\",\"@id\":\"https:\\\/\\\/www.veltec.eu\\\/en\\\/#\\\/schema\\\/logo\\\/image\\\/\",\"url\":\"https:\\\/\\\/www.veltec.eu\\\/wp-content\\\/uploads\\\/2021\\\/12\\\/Veltec-log-groot-e1537260889125.png\",\"contentUrl\":\"https:\\\/\\\/www.veltec.eu\\\/wp-content\\\/uploads\\\/2021\\\/12\\\/Veltec-log-groot-e1537260889125.png\",\"width\":200,\"height\":60,\"caption\":\"Veltec Kirby Specialist\"},\"image\":{\"@id\":\"https:\\\/\\\/www.veltec.eu\\\/en\\\/#\\\/schema\\\/logo\\\/image\\\/\"},\"sameAs\":[\"https:\\\/\\\/www.facebook.com\\\/Veltec-Kirby-Specialist-236746293374877\\\/\",\"https:\\\/\\\/www.youtube.com\\\/user\\\/VeltecService\"]}]}<\/script>\n<!-- \/ Yoast SEO Premium plugin. -->","yoast_head_json":{"title":"Parachoques Kirby - Veltec Kirby specialist","description":"Parachoques Kirby Veltec es el proveedor de las aspiradoras Kirby desde hace m\u00e1s de 25 a\u00f1os. Y es su servicio de confianza Kirby","robots":{"index":"index","follow":"follow","max-snippet":"max-snippet:-1","max-image-preview":"max-image-preview:large","max-video-preview":"max-video-preview:-1"},"canonical":"https:\/\/www.veltec.eu\/es\/product\/parachoques-kirby-nl3118\/","og_locale":"es_ES","og_type":"article","og_title":"Parachoques Kirby","og_description":"Parachoques para Boquilla Batidora Ancha.     En stock   Pedido antes de las 23:59, enviado ma\u00f1ana  &nbsp;","og_url":"https:\/\/www.veltec.eu\/es\/product\/parachoques-kirby-nl3118\/","og_site_name":"Veltec Kirby specialist","article_publisher":"https:\/\/www.facebook.com\/Veltec-Kirby-Specialist-236746293374877\/","article_modified_time":"2025-04-10T12:51:26+00:00","og_image":[{"width":1518,"height":1518,"url":"https:\/\/www.veltec.eu\/wp-content\/uploads\/2018\/10\/Kirby-bumper.jpg","type":"image\/jpeg"}],"twitter_card":"summary_large_image","twitter_misc":{"Tiempo de lectura":"3 minutos"},"schema":{"@context":"https:\/\/schema.org","@graph":[{"@type":"WebPage","@id":"https:\/\/www.veltec.eu\/es\/product\/parachoques-kirby-nl3118\/","url":"https:\/\/www.veltec.eu\/es\/product\/parachoques-kirby-nl3118\/","name":"Parachoques Kirby - Veltec Kirby specialist","isPartOf":{"@id":"https:\/\/www.veltec.eu\/en\/#website"},"primaryImageOfPage":{"@id":"https:\/\/www.veltec.eu\/es\/product\/parachoques-kirby-nl3118\/#primaryimage"},"image":{"@id":"https:\/\/www.veltec.eu\/es\/product\/parachoques-kirby-nl3118\/#primaryimage"},"thumbnailUrl":"https:\/\/www.veltec.eu\/wp-content\/uploads\/2018\/10\/Kirby-bumper.jpg","datePublished":"2018-10-16T13:32:18+00:00","dateModified":"2025-04-10T12:51:26+00:00","description":"Parachoques Kirby Veltec es el proveedor de las aspiradoras Kirby desde hace m\u00e1s de 25 a\u00f1os. Y es su servicio de confianza Kirby","breadcrumb":{"@id":"https:\/\/www.veltec.eu\/es\/product\/parachoques-kirby-nl3118\/#breadcrumb"},"inLanguage":"es","potentialAction":[{"@type":"ReadAction","target":["https:\/\/www.veltec.eu\/es\/product\/parachoques-kirby-nl3118\/"]}]},{"@type":"ImageObject","inLanguage":"es","@id":"https:\/\/www.veltec.eu\/es\/product\/parachoques-kirby-nl3118\/#primaryimage","url":"https:\/\/www.veltec.eu\/wp-content\/uploads\/2018\/10\/Kirby-bumper.jpg","contentUrl":"https:\/\/www.veltec.eu\/wp-content\/uploads\/2018\/10\/Kirby-bumper.jpg","width":1518,"height":1518},{"@type":"BreadcrumbList","@id":"https:\/\/www.veltec.eu\/es\/product\/parachoques-kirby-nl3118\/#breadcrumb","itemListElement":[{"@type":"ListItem","position":1,"name":"Home","item":"https:\/\/www.veltec.eu\/es\/"},{"@type":"ListItem","position":2,"name":"Kirby Shop","item":"https:\/\/www.veltec.eu\/nl\/shop-page\/"},{"@type":"ListItem","position":3,"name":"Parachoques Kirby"}]},{"@type":"WebSite","@id":"https:\/\/www.veltec.eu\/en\/#website","url":"https:\/\/www.veltec.eu\/en\/","name":"Veltec Kirby specialist","description":"Kirby stofzuiger producten","publisher":{"@id":"https:\/\/www.veltec.eu\/en\/#organization"},"potentialAction":[{"@type":"SearchAction","target":{"@type":"EntryPoint","urlTemplate":"https:\/\/www.veltec.eu\/en\/?s={search_term_string}"},"query-input":{"@type":"PropertyValueSpecification","valueRequired":true,"valueName":"search_term_string"}}],"inLanguage":"es"},{"@type":"Organization","@id":"https:\/\/www.veltec.eu\/en\/#organization","name":"Veltec Kirby Specialist","url":"https:\/\/www.veltec.eu\/en\/","logo":{"@type":"ImageObject","inLanguage":"es","@id":"https:\/\/www.veltec.eu\/en\/#\/schema\/logo\/image\/","url":"https:\/\/www.veltec.eu\/wp-content\/uploads\/2021\/12\/Veltec-log-groot-e1537260889125.png","contentUrl":"https:\/\/www.veltec.eu\/wp-content\/uploads\/2021\/12\/Veltec-log-groot-e1537260889125.png","width":200,"height":60,"caption":"Veltec Kirby Specialist"},"image":{"@id":"https:\/\/www.veltec.eu\/en\/#\/schema\/logo\/image\/"},"sameAs":["https:\/\/www.facebook.com\/Veltec-Kirby-Specialist-236746293374877\/","https:\/\/www.youtube.com\/user\/VeltecService"]}]}},"_links":{"self":[{"href":"https:\/\/www.veltec.eu\/es\/wp-json\/wp\/v2\/product\/12003","targetHints":{"allow":["GET"]}}],"collection":[{"href":"https:\/\/www.veltec.eu\/es\/wp-json\/wp\/v2\/product"}],"about":[{"href":"https:\/\/www.veltec.eu\/es\/wp-json\/wp\/v2\/types\/product"}],"replies":[{"embeddable":true,"href":"https:\/\/www.veltec.eu\/es\/wp-json\/wp\/v2\/comments?post=12003"}],"wp:featuredmedia":[{"embeddable":true,"href":"https:\/\/www.veltec.eu\/es\/wp-json\/wp\/v2\/media\/90382"}],"wp:attachment":[{"href":"https:\/\/www.veltec.eu\/es\/wp-json\/wp\/v2\/media?parent=12003"}],"wp:term":[{"taxonomy":"product_brand","embeddable":true,"href":"https:\/\/www.veltec.eu\/es\/wp-json\/wp\/v2\/product_brand?post=12003"},{"taxonomy":"product_cat","embeddable":true,"href":"https:\/\/www.veltec.eu\/es\/wp-json\/wp\/v2\/product_cat?post=12003"},{"taxonomy":"product_tag","embeddable":true,"href":"https:\/\/www.veltec.eu\/es\/wp-json\/wp\/v2\/product_tag?post=12003"}],"curies":[{"name":"wp","href":"https:\/\/api.w.org\/{rel}","templated":true}]}}