{"id":11998,"date":"2018-10-16T15:47:47","date_gmt":"2018-10-16T13:47:47","guid":{"rendered":"https:\/\/www.veltec.eu\/kirby-webshop\/boquilla-batidora-ancha-kirby-g-nl3158\/"},"modified":"2025-04-10T12:44:33","modified_gmt":"2025-04-10T10:44:33","slug":"boquilla-batidora-ancha-kirby-generation-g6-g7-nl3158","status":"publish","type":"product","link":"https:\/\/www.veltec.eu\/es\/product\/boquilla-batidora-ancha-kirby-generation-g6-g7-nl3158\/","title":{"rendered":"Boquilla Batidora Ancha Kirby Generation G6\/G7"},"content":{"rendered":"<h2>Boquilla Batidora Ancha Kirby Generation G6\/G7 &#8211; Potente limpieza para alfombras, moquetas y colchones<\/h2>\n<p>Cuando busque una limpieza profunda y en profundidad de sus alfombras, moquetas o colchones, la Boquilla Batidora Ancha Kirby Generation G6\/G7 es la soluci\u00f3n. Desarrollada como la patente m\u00e1s potente de Kirby, esta escobilla de goma ancha ofrece unos resultados de limpieza en profundidad inigualables. Sin necesidad de utilizar un cepillo batidor, esta boquilla elimina sin esfuerzo la suciedad, el polvo y los al\u00e9rgenos.<\/p>\n<p><strong>Este cepillo batidor s\u00f3lo es adecuado para la aspiradora Kirby que se indica a continuaci\u00f3n;<\/strong><\/p>\n<ul>\n<li>Ultimate G Diamond Ed.(G7D or DE)<\/li>\n<li>Ultimate G (G7 or UG)<\/li>\n<li>Generation 6 (G6)<\/li>\n<\/ul>\n<p>Puede pedirlos aqu\u00ed <a href=\"https:\/\/www.veltec.eu\/es\/boquilla-batidora-ancha-kirby\/\">Cepillo Kirby G5 para Avalir<\/a><\/p>\n<h3>\u00bfPor qu\u00e9 elegir la Boquilla Batidora Ancha Kirby Generation G6\/G7?<\/h3>\n<p>La escobilla de goma ancha Kirby Generaci\u00f3n G6\/G7 est\u00e1 especialmente dise\u00f1ada para una limpieza potente de superficies blandas como alfombras y moquetas. Gracias a la tecnolog\u00eda inteligente y a la amplia superficie, tambi\u00e9n ahorrar\u00e1 tiempo durante la limpieza, mientras que el resultado es m\u00e1s minucioso. Gracias al perfecto flujo de aire y a la fuerte succi\u00f3n, las part\u00edculas de suciedad se extraen de las fibras m\u00e1s profundas.<\/p>\n<ul>\n<li>Eficacia en el uso: el formato ancho le permite limpiar zonas m\u00e1s grandes con mayor rapidez.<\/li>\n<li>Limpieza a fondo: Ideal para hogares con mascotas o alergias.<\/li>\n<li>Sin cepillo batidor: Menos ruido, menos desgaste y, aun as\u00ed, un rendimiento excelente.<\/li>\n<\/ul>\n<h3>Limpieza profunda sin compromiso<\/h3>\n<p>Lo que realmente distingue a esta escobilla de goma Kirby es el hecho de que no necesita un cepillo batidor para conseguir una limpieza profunda. Muchos usuarios piensan que un cepillo es esencial para aflojar la suciedad, pero este no es el caso de la escobilla Kirby Generaci\u00f3n G6\/G7 de boquilla ancha. Gracias a la potente succi\u00f3n, las part\u00edculas de polvo y suciedad son literalmente arrancadas de la alfombra. Esto tambi\u00e9n hace que este accesorio sea especialmente adecuado para personas con alergias o problemas respiratorios.<\/p>\n<h3>Perfecta para eliminar los \u00e1caros del polvo de los colchones<\/h3>\n<p>No s\u00f3lo las alfombras se benefician de esta potente boquilla: los colchones tambi\u00e9n pueden limpiarse eficazmente. Los \u00e1caros del polvo dom\u00e9stico y otros contaminantes microsc\u00f3picos suelen acumularse en los colchones. Si utiliza esta boquilla con regularidad, reducir\u00e1 el riesgo de reacciones al\u00e9rgicas y aumentar\u00e1 la higiene de su hogar. La boquilla se adapta perfectamente a los modelos Kirby Generation G6 y G7 y es f\u00e1cil de conectar sin necesidad de accesorios adicionales.<\/p>\n<h2>Resumen: las ventajas de un vistazo<\/h2>\n<ul>\n<li>Espec\u00edfico para Kirby Generation G6 y G7<\/li>\n<li>No necesita cepillo batidor para una limpieza profunda<\/li>\n<li>Escobilla de goma ancha para una limpieza eficaz<\/li>\n<li>Ideal para alfombras, moquetas y colchones<\/li>\n<li>Muy adecuado para personas al\u00e9rgicas o mascotas<\/li>\n<\/ul>\n<p>\u00bfEst\u00e1 preparado para un hogar m\u00e1s limpio, fresco y sano? Entonces la escobilla de goma ancha Kirby Generaci\u00f3n G6\/G7 es la elecci\u00f3n ideal para usted. P\u00eddala hoy y experimente por s\u00ed mismo el poder del dise\u00f1o m\u00e1s cuidado de Kirby.<\/p>\n","protected":false},"excerpt":{"rendered":"<p>Boquilla batidora ancha para la limpieza profunda de alfombras y moquetas para el suelo. Tambi\u00e9n es adecuada para la eliminaci\u00f3n de los \u00e1caros del polvo en los colchones.<\/p>\n<p>Sin cepillo batidor Kirby.<\/p>\n[trustindex data-widget-id=48bbd87242952812953642309d4]\n<h3><b><br \/>\n<\/b><span style=\"color: #008000;\"><br \/>\nEn stock<\/span><\/h3>\n[av_font_icon icon='ue812' font='entypo-fontello' style='' caption='' size='25px' position='left' color='#43ad66' link='' linktarget='' title_attr='' sonar_effect_effect='' sonar_effect_color='' sonar_effect_duration='1' sonar_effect_scale='' sonar_effect_opac='0.5' animation='' id='' custom_class='' template_class='' av_uid='' sc_version='1.0' admin_preview_bg=''][\/av_font_icon]\n<p><span style=\"color: #008000;\">Pedido antes de las 23:59, enviado ma\u00f1ana<\/span><\/p>\n<p>&nbsp;<\/p>\n","protected":false},"featured_media":6162,"comment_status":"open","ping_status":"closed","template":"","meta":[],"product_brand":[],"product_cat":[347],"product_tag":[],"class_list":{"0":"post-11998","1":"product","2":"type-product","3":"status-publish","4":"has-post-thumbnail","6":"product_cat-cepillos-accesorios-kirby","7":"product_shipping_class-klein-es","9":"first","10":"instock","11":"sale","12":"taxable","13":"shipping-taxable","14":"purchasable","15":"product-type-simple"},"yoast_head":"<!-- This site is optimized with the Yoast SEO Premium plugin v27.1 (Yoast SEO v27.3) - https:\/\/yoast.com\/product\/yoast-seo-premium-wordpress\/ -->\n<title>Boquilla Batidora Ancha Kirby Generation G6\/G7 - Veltec Kirby specialist<\/title>\n<meta name=\"description\" content=\"Boquilla Batidora Ancha Kirby Generation G6\/G7 - Veltec es el proveedor de las aspiradoras Kirby desde hace m\u00e1s de 25 a\u00f1os.\" \/>\n<meta name=\"robots\" content=\"index, follow, max-snippet:-1, max-image-preview:large, max-video-preview:-1\" \/>\n<link rel=\"canonical\" href=\"https:\/\/www.veltec.eu\/nl\/product\/kirby-brede-zuigmond-generation-g6-g7-nl3158\/\" \/>\n<meta property=\"og:locale\" content=\"es_ES\" \/>\n<meta property=\"og:type\" content=\"article\" \/>\n<meta property=\"og:title\" content=\"Boquilla Batidora Ancha Kirby Generation G6\/G7\" \/>\n<meta property=\"og:description\" content=\"Boquilla batidora ancha para la limpieza profunda de alfombras y moquetas para el suelo. Tambi\u00e9n es adecuada para la eliminaci\u00f3n de los \u00e1caros del polvo en los colchones.  Sin cepillo batidor Kirby.     En stock   Pedido antes de las 23:59, enviado ma\u00f1ana  &nbsp;\" \/>\n<meta property=\"og:url\" content=\"https:\/\/www.veltec.eu\/nl\/product\/kirby-brede-zuigmond-generation-g6-g7-nl3158\/\" \/>\n<meta property=\"og:site_name\" content=\"Veltec Kirby specialist\" \/>\n<meta property=\"article:publisher\" content=\"https:\/\/www.facebook.com\/Veltec-Kirby-Specialist-236746293374877\/\" \/>\n<meta property=\"article:modified_time\" content=\"2025-04-10T10:44:33+00:00\" \/>\n<meta property=\"og:image\" content=\"https:\/\/www.veltec.eu\/wp-content\/uploads\/2018\/10\/Kirby-klopbzuigmond-86-t_m-g8.jpg\" \/>\n\t<meta property=\"og:image:width\" content=\"300\" \/>\n\t<meta property=\"og:image:height\" content=\"300\" \/>\n\t<meta property=\"og:image:type\" content=\"image\/jpeg\" \/>\n<meta name=\"twitter:card\" content=\"summary_large_image\" \/>\n<meta name=\"twitter:label1\" content=\"Tiempo de lectura\" \/>\n\t<meta name=\"twitter:data1\" content=\"3 minutos\" \/>\n<script type=\"application\/ld+json\" class=\"yoast-schema-graph\">{\"@context\":\"https:\\\/\\\/schema.org\",\"@graph\":[{\"@type\":\"WebPage\",\"@id\":\"https:\\\/\\\/www.veltec.eu\\\/nl\\\/product\\\/kirby-brede-zuigmond-generation-g6-g7-nl3158\\\/\",\"url\":\"https:\\\/\\\/www.veltec.eu\\\/nl\\\/product\\\/kirby-brede-zuigmond-generation-g6-g7-nl3158\\\/\",\"name\":\"Boquilla Batidora Ancha Kirby Generation G6\\\/G7 - Veltec Kirby specialist\",\"isPartOf\":{\"@id\":\"https:\\\/\\\/www.veltec.eu\\\/en\\\/#website\"},\"primaryImageOfPage\":{\"@id\":\"https:\\\/\\\/www.veltec.eu\\\/nl\\\/product\\\/kirby-brede-zuigmond-generation-g6-g7-nl3158\\\/#primaryimage\"},\"image\":{\"@id\":\"https:\\\/\\\/www.veltec.eu\\\/nl\\\/product\\\/kirby-brede-zuigmond-generation-g6-g7-nl3158\\\/#primaryimage\"},\"thumbnailUrl\":\"https:\\\/\\\/www.veltec.eu\\\/wp-content\\\/uploads\\\/2018\\\/10\\\/Kirby-klopbzuigmond-86-t_m-g8.jpg\",\"datePublished\":\"2018-10-16T13:47:47+00:00\",\"dateModified\":\"2025-04-10T10:44:33+00:00\",\"description\":\"Boquilla Batidora Ancha Kirby Generation G6\\\/G7 - Veltec es el proveedor de las aspiradoras Kirby desde hace m\u00e1s de 25 a\u00f1os.\",\"breadcrumb\":{\"@id\":\"https:\\\/\\\/www.veltec.eu\\\/nl\\\/product\\\/kirby-brede-zuigmond-generation-g6-g7-nl3158\\\/#breadcrumb\"},\"inLanguage\":\"es\",\"potentialAction\":[{\"@type\":\"ReadAction\",\"target\":[\"https:\\\/\\\/www.veltec.eu\\\/nl\\\/product\\\/kirby-brede-zuigmond-generation-g6-g7-nl3158\\\/\"]}]},{\"@type\":\"ImageObject\",\"inLanguage\":\"es\",\"@id\":\"https:\\\/\\\/www.veltec.eu\\\/nl\\\/product\\\/kirby-brede-zuigmond-generation-g6-g7-nl3158\\\/#primaryimage\",\"url\":\"https:\\\/\\\/www.veltec.eu\\\/wp-content\\\/uploads\\\/2018\\\/10\\\/Kirby-klopbzuigmond-86-t_m-g8.jpg\",\"contentUrl\":\"https:\\\/\\\/www.veltec.eu\\\/wp-content\\\/uploads\\\/2018\\\/10\\\/Kirby-klopbzuigmond-86-t_m-g8.jpg\",\"width\":300,\"height\":300,\"caption\":\"Kirby klopzuigmond\"},{\"@type\":\"BreadcrumbList\",\"@id\":\"https:\\\/\\\/www.veltec.eu\\\/nl\\\/product\\\/kirby-brede-zuigmond-generation-g6-g7-nl3158\\\/#breadcrumb\",\"itemListElement\":[{\"@type\":\"ListItem\",\"position\":1,\"name\":\"Home\",\"item\":\"https:\\\/\\\/www.veltec.eu\\\/es\\\/\"},{\"@type\":\"ListItem\",\"position\":2,\"name\":\"Produits\",\"item\":\"https:\\\/\\\/www.veltec.eu\\\/fr\\\/shop\\\/\"},{\"@type\":\"ListItem\",\"position\":3,\"name\":\"Boquilla Batidora Ancha Kirby Generation G6\\\/G7\"}]},{\"@type\":\"WebSite\",\"@id\":\"https:\\\/\\\/www.veltec.eu\\\/en\\\/#website\",\"url\":\"https:\\\/\\\/www.veltec.eu\\\/en\\\/\",\"name\":\"Veltec Kirby specialist\",\"description\":\"Kirby stofzuiger producten\",\"publisher\":{\"@id\":\"https:\\\/\\\/www.veltec.eu\\\/en\\\/#organization\"},\"potentialAction\":[{\"@type\":\"SearchAction\",\"target\":{\"@type\":\"EntryPoint\",\"urlTemplate\":\"https:\\\/\\\/www.veltec.eu\\\/en\\\/?s={search_term_string}\"},\"query-input\":{\"@type\":\"PropertyValueSpecification\",\"valueRequired\":true,\"valueName\":\"search_term_string\"}}],\"inLanguage\":\"es\"},{\"@type\":\"Organization\",\"@id\":\"https:\\\/\\\/www.veltec.eu\\\/en\\\/#organization\",\"name\":\"Veltec Kirby Specialist\",\"url\":\"https:\\\/\\\/www.veltec.eu\\\/en\\\/\",\"logo\":{\"@type\":\"ImageObject\",\"inLanguage\":\"es\",\"@id\":\"https:\\\/\\\/www.veltec.eu\\\/en\\\/#\\\/schema\\\/logo\\\/image\\\/\",\"url\":\"https:\\\/\\\/www.veltec.eu\\\/wp-content\\\/uploads\\\/2021\\\/12\\\/Veltec-log-groot-e1537260889125.png\",\"contentUrl\":\"https:\\\/\\\/www.veltec.eu\\\/wp-content\\\/uploads\\\/2021\\\/12\\\/Veltec-log-groot-e1537260889125.png\",\"width\":200,\"height\":60,\"caption\":\"Veltec Kirby Specialist\"},\"image\":{\"@id\":\"https:\\\/\\\/www.veltec.eu\\\/en\\\/#\\\/schema\\\/logo\\\/image\\\/\"},\"sameAs\":[\"https:\\\/\\\/www.facebook.com\\\/Veltec-Kirby-Specialist-236746293374877\\\/\",\"https:\\\/\\\/www.youtube.com\\\/user\\\/VeltecService\"]}]}<\/script>\n<!-- \/ Yoast SEO Premium plugin. -->","yoast_head_json":{"title":"Boquilla Batidora Ancha Kirby Generation G6\/G7 - Veltec Kirby specialist","description":"Boquilla Batidora Ancha Kirby Generation G6\/G7 - Veltec es el proveedor de las aspiradoras Kirby desde hace m\u00e1s de 25 a\u00f1os.","robots":{"index":"index","follow":"follow","max-snippet":"max-snippet:-1","max-image-preview":"max-image-preview:large","max-video-preview":"max-video-preview:-1"},"canonical":"https:\/\/www.veltec.eu\/nl\/product\/kirby-brede-zuigmond-generation-g6-g7-nl3158\/","og_locale":"es_ES","og_type":"article","og_title":"Boquilla Batidora Ancha Kirby Generation G6\/G7","og_description":"Boquilla batidora ancha para la limpieza profunda de alfombras y moquetas para el suelo. Tambi\u00e9n es adecuada para la eliminaci\u00f3n de los \u00e1caros del polvo en los colchones.  Sin cepillo batidor Kirby.     En stock   Pedido antes de las 23:59, enviado ma\u00f1ana  &nbsp;","og_url":"https:\/\/www.veltec.eu\/nl\/product\/kirby-brede-zuigmond-generation-g6-g7-nl3158\/","og_site_name":"Veltec Kirby specialist","article_publisher":"https:\/\/www.facebook.com\/Veltec-Kirby-Specialist-236746293374877\/","article_modified_time":"2025-04-10T10:44:33+00:00","og_image":[{"width":300,"height":300,"url":"https:\/\/www.veltec.eu\/wp-content\/uploads\/2018\/10\/Kirby-klopbzuigmond-86-t_m-g8.jpg","type":"image\/jpeg"}],"twitter_card":"summary_large_image","twitter_misc":{"Tiempo de lectura":"3 minutos"},"schema":{"@context":"https:\/\/schema.org","@graph":[{"@type":"WebPage","@id":"https:\/\/www.veltec.eu\/nl\/product\/kirby-brede-zuigmond-generation-g6-g7-nl3158\/","url":"https:\/\/www.veltec.eu\/nl\/product\/kirby-brede-zuigmond-generation-g6-g7-nl3158\/","name":"Boquilla Batidora Ancha Kirby Generation G6\/G7 - Veltec Kirby specialist","isPartOf":{"@id":"https:\/\/www.veltec.eu\/en\/#website"},"primaryImageOfPage":{"@id":"https:\/\/www.veltec.eu\/nl\/product\/kirby-brede-zuigmond-generation-g6-g7-nl3158\/#primaryimage"},"image":{"@id":"https:\/\/www.veltec.eu\/nl\/product\/kirby-brede-zuigmond-generation-g6-g7-nl3158\/#primaryimage"},"thumbnailUrl":"https:\/\/www.veltec.eu\/wp-content\/uploads\/2018\/10\/Kirby-klopbzuigmond-86-t_m-g8.jpg","datePublished":"2018-10-16T13:47:47+00:00","dateModified":"2025-04-10T10:44:33+00:00","description":"Boquilla Batidora Ancha Kirby Generation G6\/G7 - Veltec es el proveedor de las aspiradoras Kirby desde hace m\u00e1s de 25 a\u00f1os.","breadcrumb":{"@id":"https:\/\/www.veltec.eu\/nl\/product\/kirby-brede-zuigmond-generation-g6-g7-nl3158\/#breadcrumb"},"inLanguage":"es","potentialAction":[{"@type":"ReadAction","target":["https:\/\/www.veltec.eu\/nl\/product\/kirby-brede-zuigmond-generation-g6-g7-nl3158\/"]}]},{"@type":"ImageObject","inLanguage":"es","@id":"https:\/\/www.veltec.eu\/nl\/product\/kirby-brede-zuigmond-generation-g6-g7-nl3158\/#primaryimage","url":"https:\/\/www.veltec.eu\/wp-content\/uploads\/2018\/10\/Kirby-klopbzuigmond-86-t_m-g8.jpg","contentUrl":"https:\/\/www.veltec.eu\/wp-content\/uploads\/2018\/10\/Kirby-klopbzuigmond-86-t_m-g8.jpg","width":300,"height":300,"caption":"Kirby klopzuigmond"},{"@type":"BreadcrumbList","@id":"https:\/\/www.veltec.eu\/nl\/product\/kirby-brede-zuigmond-generation-g6-g7-nl3158\/#breadcrumb","itemListElement":[{"@type":"ListItem","position":1,"name":"Home","item":"https:\/\/www.veltec.eu\/es\/"},{"@type":"ListItem","position":2,"name":"Produits","item":"https:\/\/www.veltec.eu\/fr\/shop\/"},{"@type":"ListItem","position":3,"name":"Boquilla Batidora Ancha Kirby Generation G6\/G7"}]},{"@type":"WebSite","@id":"https:\/\/www.veltec.eu\/en\/#website","url":"https:\/\/www.veltec.eu\/en\/","name":"Veltec Kirby specialist","description":"Kirby stofzuiger producten","publisher":{"@id":"https:\/\/www.veltec.eu\/en\/#organization"},"potentialAction":[{"@type":"SearchAction","target":{"@type":"EntryPoint","urlTemplate":"https:\/\/www.veltec.eu\/en\/?s={search_term_string}"},"query-input":{"@type":"PropertyValueSpecification","valueRequired":true,"valueName":"search_term_string"}}],"inLanguage":"es"},{"@type":"Organization","@id":"https:\/\/www.veltec.eu\/en\/#organization","name":"Veltec Kirby Specialist","url":"https:\/\/www.veltec.eu\/en\/","logo":{"@type":"ImageObject","inLanguage":"es","@id":"https:\/\/www.veltec.eu\/en\/#\/schema\/logo\/image\/","url":"https:\/\/www.veltec.eu\/wp-content\/uploads\/2021\/12\/Veltec-log-groot-e1537260889125.png","contentUrl":"https:\/\/www.veltec.eu\/wp-content\/uploads\/2021\/12\/Veltec-log-groot-e1537260889125.png","width":200,"height":60,"caption":"Veltec Kirby Specialist"},"image":{"@id":"https:\/\/www.veltec.eu\/en\/#\/schema\/logo\/image\/"},"sameAs":["https:\/\/www.facebook.com\/Veltec-Kirby-Specialist-236746293374877\/","https:\/\/www.youtube.com\/user\/VeltecService"]}]}},"_links":{"self":[{"href":"https:\/\/www.veltec.eu\/es\/wp-json\/wp\/v2\/product\/11998","targetHints":{"allow":["GET"]}}],"collection":[{"href":"https:\/\/www.veltec.eu\/es\/wp-json\/wp\/v2\/product"}],"about":[{"href":"https:\/\/www.veltec.eu\/es\/wp-json\/wp\/v2\/types\/product"}],"replies":[{"embeddable":true,"href":"https:\/\/www.veltec.eu\/es\/wp-json\/wp\/v2\/comments?post=11998"}],"wp:featuredmedia":[{"embeddable":true,"href":"https:\/\/www.veltec.eu\/es\/wp-json\/wp\/v2\/media\/6162"}],"wp:attachment":[{"href":"https:\/\/www.veltec.eu\/es\/wp-json\/wp\/v2\/media?parent=11998"}],"wp:term":[{"taxonomy":"product_brand","embeddable":true,"href":"https:\/\/www.veltec.eu\/es\/wp-json\/wp\/v2\/product_brand?post=11998"},{"taxonomy":"product_cat","embeddable":true,"href":"https:\/\/www.veltec.eu\/es\/wp-json\/wp\/v2\/product_cat?post=11998"},{"taxonomy":"product_tag","embeddable":true,"href":"https:\/\/www.veltec.eu\/es\/wp-json\/wp\/v2\/product_tag?post=11998"}],"curies":[{"name":"wp","href":"https:\/\/api.w.org\/{rel}","templated":true}]}}