{"id":11993,"date":"2018-10-16T15:58:00","date_gmt":"2018-10-16T13:58:00","guid":{"rendered":"https:\/\/www.veltec.eu\/kirby-webshop\/boquilla-batidora-ancha-kirby-s-nl3034\/"},"modified":"2025-04-10T13:51:06","modified_gmt":"2025-04-10T11:51:06","slug":"boquilla-batidora-ancha-kirby-sentria-avalir-nl3034","status":"publish","type":"product","link":"https:\/\/www.veltec.eu\/es\/product\/boquilla-batidora-ancha-kirby-sentria-avalir-nl3034\/","title":{"rendered":"Boquilla Batidora Ancha Kirby Sentria\/Avalir"},"content":{"rendered":"<h2>Boquilla Batidora Ancha Kirby Sentria\/Avalir &#8211; Limpieza profunda profesional para su interior<\/h2>\n<p>\u00bfEst\u00e1 buscando una forma eficaz de limpiar a fondo sus colchones, alfombras o moquetas? Entonces la Boquilla Batidora Ancha Kirby Sentria\/Avalir es la extensi\u00f3n ideal para su aspiradora Kirby. Esta potente boquilla est\u00e1 especialmente dise\u00f1ada para la limpieza en profundidad y ofrece una experiencia de limpieza profesional que va m\u00e1s all\u00e1 de las aspiradoras normales.<\/p>\n<p>Gracias a la combinaci\u00f3n de batido y aspirado, este accesorio elimina sin esfuerzo el polvo, los al\u00e9rgenos y la suciedad en profundidad de los charcos de tapicer\u00edas y alfombras. Esto no s\u00f3lo mejora la higiene, sino que tambi\u00e9n prolonga la vida de sus textiles.<\/p>\n<p>Puede pedirlo aqu\u00ed <a href=\"https:\/\/www.veltec.eu\/es\/boquilla-batidora-ancha-kirby\/\">Cepillo batidor Kirby G5 para Avalir<\/a><\/p>\n<p><strong>Este cepillo batidor s\u00f3lo es adecuado para las aspiradoras Kirby que se indican a continuaci\u00f3n;<\/strong><\/p>\n<ul>\n<li>Avalir<\/li>\n<li>Sentria II (G10D)<\/li>\n<li>Sentria (G10)<\/li>\n<\/ul>\n<h2>Por qu\u00e9 elegir la Boquilla Batidora Ancha Kirby Sentria\/Avalir<\/h2>\n<h3>Limpieza profunda que realmente se nota<\/h3>\n<p>Lo que diferencia a esta escobilla de goma es su potente funcionamiento comparable al de los limpiadores de alfombras profesionales. A diferencia de las boquillas est\u00e1ndar, esta unidad realmente golpea y succiona la suciedad de las profundidades del material. Esto lo hace ideal para:<\/p>\n<ul>\n<li>Colchones<\/li>\n<li>Alfombras<\/li>\n<li>Moquetas<\/li>\n<li>Tapicer\u00edas como sof\u00e1s y sillas<\/li>\n<\/ul>\n<p>Como resultado, no s\u00f3lo obtendr\u00e1 un resultado visiblemente m\u00e1s limpio, sino que tambi\u00e9n contribuir\u00e1 a un ambiente interior m\u00e1s saludable.<\/p>\n<h3>Evita el desgaste de la tapicer\u00eda<\/h3>\n<p>Una gran ventaja de la escobilla de goma ancha Kirby Sentria\/Avalir es que es suave con el material, sin dejar de limpiar a fondo. Esto evita un desgaste excesivo, que a menudo se produce con m\u00e9todos de limpieza agresivos o accesorios menos adecuados. Adem\u00e1s, es f\u00e1cil de usar y ofrece resultados r\u00e1pidos sin ajustes complicados.<\/p>\n<h2>Compatibilidad e instalaci\u00f3n Boquilla Batidora Ancha Kirby Sentria\/Avalir<\/h2>\n<p>La escobilla de goma ancha Kirby est\u00e1 especialmente dise\u00f1ada para los modelos Kirby Sentria y Kirby Avalir. Como resultado, puede estar seguro de que este accesorio se adapta perfectamente a su sistema. Adem\u00e1s, la instalaci\u00f3n es sencilla: la boquilla se encaja directamente en el aparato, sin necesidad de herramientas adicionales. Esto le permite comenzar su trabajo de limpieza inmediatamente.<\/p>\n<h2>Adecuada para uso intensivo y materiales delicados<\/h2>\n<p>Como la escobilla de goma est\u00e1 dise\u00f1ada tanto para superficies duras como blandas, es adecuada tanto para sesiones de limpieza intensiva como para el mantenimiento de tejidos delicados. Esto lo convierte en una excelente inversi\u00f3n para personas con alergias, mascotas o ni\u00f1os, que se beneficiar\u00edan de un entorno vital extra limpio.<\/p>\n<h2>Conclusi\u00f3n: el complemento perfecto para su Kirby<\/h2>\n<p>En resumen, la boquilla de aspiraci\u00f3n ancha Kirby Sentria\/Avalir es un complemento indispensable para todos aquellos que quieran sacar el m\u00e1ximo partido a su aspiradora Kirby. Con este accesorio no s\u00f3lo limpiar\u00e1 de forma m\u00e1s eficaz, sino que tambi\u00e9n se asegurar\u00e1 una limpieza m\u00e1s profunda que contribuir\u00e1 tanto a la higiene como a la durabilidad de su interior.<\/p>\n<p>No espere m\u00e1s: experimente por s\u00ed mismo la diferencia de un hogar limpio profesionalmente, s\u00f3lo con su propia aspiradora Kirby.<\/p>\n","protected":false},"excerpt":{"rendered":"<p>Boquilla batidora ancha para la limpieza profunda de alfombras y moquetas para el suelo. Tambi\u00e9n es adecuada para la eliminaci\u00f3n de los \u00e1caros del polvo en los colchones.<\/p>\n[trustindex data-widget-id=48bbd87242952812953642309d4]\n<h3><b><br \/>\n<\/b><span style=\"color: #008000;\"><br \/>\nEn stock<\/span><\/h3>\n[av_font_icon icon='ue812' font='entypo-fontello' style='' caption='' size='25px' position='left' color='#43ad66' link='' linktarget='' title_attr='' sonar_effect_effect='' sonar_effect_color='' sonar_effect_duration='1' sonar_effect_scale='' sonar_effect_opac='0.5' animation='' id='' custom_class='' template_class='' av_uid='' sc_version='1.0' admin_preview_bg=''][\/av_font_icon]\n<p><span style=\"color: #008000;\">Pedido antes de las 23:59, enviado ma\u00f1ana<\/span><\/p>\n<p>&nbsp;<\/p>\n","protected":false},"featured_media":6177,"comment_status":"open","ping_status":"closed","template":"","meta":[],"product_brand":[],"product_cat":[347],"product_tag":[],"class_list":{"0":"post-11993","1":"product","2":"type-product","3":"status-publish","4":"has-post-thumbnail","6":"product_cat-cepillos-accesorios-kirby","7":"product_shipping_class-klein-es","9":"first","10":"instock","11":"sale","12":"taxable","13":"shipping-taxable","14":"purchasable","15":"product-type-simple"},"yoast_head":"<!-- This site is optimized with the Yoast SEO Premium plugin v27.1 (Yoast SEO v27.4) - https:\/\/yoast.com\/product\/yoast-seo-premium-wordpress\/ -->\n<title>Boquilla Batidora Ancha Kirby Sentria\/Avalir - Veltec Kirby specialist<\/title>\n<meta name=\"description\" content=\"Boquilla Batidora Ancha Kirby Sentria\/Avalir - Veltec es el proveedor de las aspiradoras Kirby desde hace m\u00e1s de 25 a\u00f1os.\" \/>\n<meta name=\"robots\" content=\"index, follow, max-snippet:-1, max-image-preview:large, max-video-preview:-1\" \/>\n<link rel=\"canonical\" href=\"https:\/\/www.veltec.eu\/es\/product\/boquilla-batidora-ancha-kirby-sentria-avalir-nl3034\/\" \/>\n<meta property=\"og:locale\" content=\"es_ES\" \/>\n<meta property=\"og:type\" content=\"article\" \/>\n<meta property=\"og:title\" content=\"Boquilla Batidora Ancha Kirby Sentria\/Avalir\" \/>\n<meta property=\"og:description\" content=\"Boquilla batidora ancha para la limpieza profunda de alfombras y moquetas para el suelo. Tambi\u00e9n es adecuada para la eliminaci\u00f3n de los \u00e1caros del polvo en los colchones.     En stock   Pedido antes de las 23:59, enviado ma\u00f1ana  &nbsp;\" \/>\n<meta property=\"og:url\" content=\"https:\/\/www.veltec.eu\/es\/product\/boquilla-batidora-ancha-kirby-sentria-avalir-nl3034\/\" \/>\n<meta property=\"og:site_name\" content=\"Veltec Kirby specialist\" \/>\n<meta property=\"article:publisher\" content=\"https:\/\/www.facebook.com\/Veltec-Kirby-Specialist-236746293374877\/\" \/>\n<meta property=\"article:modified_time\" content=\"2025-04-10T11:51:06+00:00\" \/>\n<meta property=\"og:image\" content=\"https:\/\/www.veltec.eu\/wp-content\/uploads\/2018\/10\/Brede-klopzuigmond-Sentra.jpg\" \/>\n\t<meta property=\"og:image:width\" content=\"300\" \/>\n\t<meta property=\"og:image:height\" content=\"300\" \/>\n\t<meta property=\"og:image:type\" content=\"image\/jpeg\" \/>\n<meta name=\"twitter:card\" content=\"summary_large_image\" \/>\n<meta name=\"twitter:label1\" content=\"Tiempo de lectura\" \/>\n\t<meta name=\"twitter:data1\" content=\"3 minutos\" \/>\n<script type=\"application\/ld+json\" class=\"yoast-schema-graph\">{\"@context\":\"https:\\\/\\\/schema.org\",\"@graph\":[{\"@type\":\"WebPage\",\"@id\":\"https:\\\/\\\/www.veltec.eu\\\/es\\\/product\\\/boquilla-batidora-ancha-kirby-sentria-avalir-nl3034\\\/\",\"url\":\"https:\\\/\\\/www.veltec.eu\\\/es\\\/product\\\/boquilla-batidora-ancha-kirby-sentria-avalir-nl3034\\\/\",\"name\":\"Boquilla Batidora Ancha Kirby Sentria\\\/Avalir - Veltec Kirby specialist\",\"isPartOf\":{\"@id\":\"https:\\\/\\\/www.veltec.eu\\\/en\\\/#website\"},\"primaryImageOfPage\":{\"@id\":\"https:\\\/\\\/www.veltec.eu\\\/es\\\/product\\\/boquilla-batidora-ancha-kirby-sentria-avalir-nl3034\\\/#primaryimage\"},\"image\":{\"@id\":\"https:\\\/\\\/www.veltec.eu\\\/es\\\/product\\\/boquilla-batidora-ancha-kirby-sentria-avalir-nl3034\\\/#primaryimage\"},\"thumbnailUrl\":\"https:\\\/\\\/www.veltec.eu\\\/wp-content\\\/uploads\\\/2018\\\/10\\\/Brede-klopzuigmond-Sentra.jpg\",\"datePublished\":\"2018-10-16T13:58:00+00:00\",\"dateModified\":\"2025-04-10T11:51:06+00:00\",\"description\":\"Boquilla Batidora Ancha Kirby Sentria\\\/Avalir - Veltec es el proveedor de las aspiradoras Kirby desde hace m\u00e1s de 25 a\u00f1os.\",\"breadcrumb\":{\"@id\":\"https:\\\/\\\/www.veltec.eu\\\/es\\\/product\\\/boquilla-batidora-ancha-kirby-sentria-avalir-nl3034\\\/#breadcrumb\"},\"inLanguage\":\"es\",\"potentialAction\":[{\"@type\":\"ReadAction\",\"target\":[\"https:\\\/\\\/www.veltec.eu\\\/es\\\/product\\\/boquilla-batidora-ancha-kirby-sentria-avalir-nl3034\\\/\"]}]},{\"@type\":\"ImageObject\",\"inLanguage\":\"es\",\"@id\":\"https:\\\/\\\/www.veltec.eu\\\/es\\\/product\\\/boquilla-batidora-ancha-kirby-sentria-avalir-nl3034\\\/#primaryimage\",\"url\":\"https:\\\/\\\/www.veltec.eu\\\/wp-content\\\/uploads\\\/2018\\\/10\\\/Brede-klopzuigmond-Sentra.jpg\",\"contentUrl\":\"https:\\\/\\\/www.veltec.eu\\\/wp-content\\\/uploads\\\/2018\\\/10\\\/Brede-klopzuigmond-Sentra.jpg\",\"width\":300,\"height\":300,\"caption\":\"Kirby klopzuigmond Sentra\"},{\"@type\":\"BreadcrumbList\",\"@id\":\"https:\\\/\\\/www.veltec.eu\\\/es\\\/product\\\/boquilla-batidora-ancha-kirby-sentria-avalir-nl3034\\\/#breadcrumb\",\"itemListElement\":[{\"@type\":\"ListItem\",\"position\":1,\"name\":\"Home\",\"item\":\"https:\\\/\\\/www.veltec.eu\\\/es\\\/\"},{\"@type\":\"ListItem\",\"position\":2,\"name\":\"Shop page\",\"item\":\"https:\\\/\\\/www.veltec.eu\\\/nl\\\/shop-page\\\/\"},{\"@type\":\"ListItem\",\"position\":3,\"name\":\"Boquilla Batidora Ancha Kirby Sentria\\\/Avalir\"}]},{\"@type\":\"WebSite\",\"@id\":\"https:\\\/\\\/www.veltec.eu\\\/en\\\/#website\",\"url\":\"https:\\\/\\\/www.veltec.eu\\\/en\\\/\",\"name\":\"Veltec Kirby specialist\",\"description\":\"Kirby stofzuiger producten\",\"publisher\":{\"@id\":\"https:\\\/\\\/www.veltec.eu\\\/en\\\/#organization\"},\"potentialAction\":[{\"@type\":\"SearchAction\",\"target\":{\"@type\":\"EntryPoint\",\"urlTemplate\":\"https:\\\/\\\/www.veltec.eu\\\/en\\\/?s={search_term_string}\"},\"query-input\":{\"@type\":\"PropertyValueSpecification\",\"valueRequired\":true,\"valueName\":\"search_term_string\"}}],\"inLanguage\":\"es\"},{\"@type\":\"Organization\",\"@id\":\"https:\\\/\\\/www.veltec.eu\\\/en\\\/#organization\",\"name\":\"Veltec Kirby Specialist\",\"url\":\"https:\\\/\\\/www.veltec.eu\\\/en\\\/\",\"logo\":{\"@type\":\"ImageObject\",\"inLanguage\":\"es\",\"@id\":\"https:\\\/\\\/www.veltec.eu\\\/en\\\/#\\\/schema\\\/logo\\\/image\\\/\",\"url\":\"https:\\\/\\\/www.veltec.eu\\\/wp-content\\\/uploads\\\/2021\\\/12\\\/Veltec-log-groot-e1537260889125.png\",\"contentUrl\":\"https:\\\/\\\/www.veltec.eu\\\/wp-content\\\/uploads\\\/2021\\\/12\\\/Veltec-log-groot-e1537260889125.png\",\"width\":200,\"height\":60,\"caption\":\"Veltec Kirby Specialist\"},\"image\":{\"@id\":\"https:\\\/\\\/www.veltec.eu\\\/en\\\/#\\\/schema\\\/logo\\\/image\\\/\"},\"sameAs\":[\"https:\\\/\\\/www.facebook.com\\\/Veltec-Kirby-Specialist-236746293374877\\\/\",\"https:\\\/\\\/www.youtube.com\\\/user\\\/VeltecService\"]}]}<\/script>\n<!-- \/ Yoast SEO Premium plugin. -->","yoast_head_json":{"title":"Boquilla Batidora Ancha Kirby Sentria\/Avalir - Veltec Kirby specialist","description":"Boquilla Batidora Ancha Kirby Sentria\/Avalir - Veltec es el proveedor de las aspiradoras Kirby desde hace m\u00e1s de 25 a\u00f1os.","robots":{"index":"index","follow":"follow","max-snippet":"max-snippet:-1","max-image-preview":"max-image-preview:large","max-video-preview":"max-video-preview:-1"},"canonical":"https:\/\/www.veltec.eu\/es\/product\/boquilla-batidora-ancha-kirby-sentria-avalir-nl3034\/","og_locale":"es_ES","og_type":"article","og_title":"Boquilla Batidora Ancha Kirby Sentria\/Avalir","og_description":"Boquilla batidora ancha para la limpieza profunda de alfombras y moquetas para el suelo. Tambi\u00e9n es adecuada para la eliminaci\u00f3n de los \u00e1caros del polvo en los colchones.     En stock   Pedido antes de las 23:59, enviado ma\u00f1ana  &nbsp;","og_url":"https:\/\/www.veltec.eu\/es\/product\/boquilla-batidora-ancha-kirby-sentria-avalir-nl3034\/","og_site_name":"Veltec Kirby specialist","article_publisher":"https:\/\/www.facebook.com\/Veltec-Kirby-Specialist-236746293374877\/","article_modified_time":"2025-04-10T11:51:06+00:00","og_image":[{"width":300,"height":300,"url":"https:\/\/www.veltec.eu\/wp-content\/uploads\/2018\/10\/Brede-klopzuigmond-Sentra.jpg","type":"image\/jpeg"}],"twitter_card":"summary_large_image","twitter_misc":{"Tiempo de lectura":"3 minutos"},"schema":{"@context":"https:\/\/schema.org","@graph":[{"@type":"WebPage","@id":"https:\/\/www.veltec.eu\/es\/product\/boquilla-batidora-ancha-kirby-sentria-avalir-nl3034\/","url":"https:\/\/www.veltec.eu\/es\/product\/boquilla-batidora-ancha-kirby-sentria-avalir-nl3034\/","name":"Boquilla Batidora Ancha Kirby Sentria\/Avalir - Veltec Kirby specialist","isPartOf":{"@id":"https:\/\/www.veltec.eu\/en\/#website"},"primaryImageOfPage":{"@id":"https:\/\/www.veltec.eu\/es\/product\/boquilla-batidora-ancha-kirby-sentria-avalir-nl3034\/#primaryimage"},"image":{"@id":"https:\/\/www.veltec.eu\/es\/product\/boquilla-batidora-ancha-kirby-sentria-avalir-nl3034\/#primaryimage"},"thumbnailUrl":"https:\/\/www.veltec.eu\/wp-content\/uploads\/2018\/10\/Brede-klopzuigmond-Sentra.jpg","datePublished":"2018-10-16T13:58:00+00:00","dateModified":"2025-04-10T11:51:06+00:00","description":"Boquilla Batidora Ancha Kirby Sentria\/Avalir - Veltec es el proveedor de las aspiradoras Kirby desde hace m\u00e1s de 25 a\u00f1os.","breadcrumb":{"@id":"https:\/\/www.veltec.eu\/es\/product\/boquilla-batidora-ancha-kirby-sentria-avalir-nl3034\/#breadcrumb"},"inLanguage":"es","potentialAction":[{"@type":"ReadAction","target":["https:\/\/www.veltec.eu\/es\/product\/boquilla-batidora-ancha-kirby-sentria-avalir-nl3034\/"]}]},{"@type":"ImageObject","inLanguage":"es","@id":"https:\/\/www.veltec.eu\/es\/product\/boquilla-batidora-ancha-kirby-sentria-avalir-nl3034\/#primaryimage","url":"https:\/\/www.veltec.eu\/wp-content\/uploads\/2018\/10\/Brede-klopzuigmond-Sentra.jpg","contentUrl":"https:\/\/www.veltec.eu\/wp-content\/uploads\/2018\/10\/Brede-klopzuigmond-Sentra.jpg","width":300,"height":300,"caption":"Kirby klopzuigmond Sentra"},{"@type":"BreadcrumbList","@id":"https:\/\/www.veltec.eu\/es\/product\/boquilla-batidora-ancha-kirby-sentria-avalir-nl3034\/#breadcrumb","itemListElement":[{"@type":"ListItem","position":1,"name":"Home","item":"https:\/\/www.veltec.eu\/es\/"},{"@type":"ListItem","position":2,"name":"Shop page","item":"https:\/\/www.veltec.eu\/nl\/shop-page\/"},{"@type":"ListItem","position":3,"name":"Boquilla Batidora Ancha Kirby Sentria\/Avalir"}]},{"@type":"WebSite","@id":"https:\/\/www.veltec.eu\/en\/#website","url":"https:\/\/www.veltec.eu\/en\/","name":"Veltec Kirby specialist","description":"Kirby stofzuiger producten","publisher":{"@id":"https:\/\/www.veltec.eu\/en\/#organization"},"potentialAction":[{"@type":"SearchAction","target":{"@type":"EntryPoint","urlTemplate":"https:\/\/www.veltec.eu\/en\/?s={search_term_string}"},"query-input":{"@type":"PropertyValueSpecification","valueRequired":true,"valueName":"search_term_string"}}],"inLanguage":"es"},{"@type":"Organization","@id":"https:\/\/www.veltec.eu\/en\/#organization","name":"Veltec Kirby Specialist","url":"https:\/\/www.veltec.eu\/en\/","logo":{"@type":"ImageObject","inLanguage":"es","@id":"https:\/\/www.veltec.eu\/en\/#\/schema\/logo\/image\/","url":"https:\/\/www.veltec.eu\/wp-content\/uploads\/2021\/12\/Veltec-log-groot-e1537260889125.png","contentUrl":"https:\/\/www.veltec.eu\/wp-content\/uploads\/2021\/12\/Veltec-log-groot-e1537260889125.png","width":200,"height":60,"caption":"Veltec Kirby Specialist"},"image":{"@id":"https:\/\/www.veltec.eu\/en\/#\/schema\/logo\/image\/"},"sameAs":["https:\/\/www.facebook.com\/Veltec-Kirby-Specialist-236746293374877\/","https:\/\/www.youtube.com\/user\/VeltecService"]}]}},"_links":{"self":[{"href":"https:\/\/www.veltec.eu\/es\/wp-json\/wp\/v2\/product\/11993","targetHints":{"allow":["GET"]}}],"collection":[{"href":"https:\/\/www.veltec.eu\/es\/wp-json\/wp\/v2\/product"}],"about":[{"href":"https:\/\/www.veltec.eu\/es\/wp-json\/wp\/v2\/types\/product"}],"replies":[{"embeddable":true,"href":"https:\/\/www.veltec.eu\/es\/wp-json\/wp\/v2\/comments?post=11993"}],"wp:featuredmedia":[{"embeddable":true,"href":"https:\/\/www.veltec.eu\/es\/wp-json\/wp\/v2\/media\/6177"}],"wp:attachment":[{"href":"https:\/\/www.veltec.eu\/es\/wp-json\/wp\/v2\/media?parent=11993"}],"wp:term":[{"taxonomy":"product_brand","embeddable":true,"href":"https:\/\/www.veltec.eu\/es\/wp-json\/wp\/v2\/product_brand?post=11993"},{"taxonomy":"product_cat","embeddable":true,"href":"https:\/\/www.veltec.eu\/es\/wp-json\/wp\/v2\/product_cat?post=11993"},{"taxonomy":"product_tag","embeddable":true,"href":"https:\/\/www.veltec.eu\/es\/wp-json\/wp\/v2\/product_tag?post=11993"}],"curies":[{"name":"wp","href":"https:\/\/api.w.org\/{rel}","templated":true}]}}