{"id":11988,"date":"2018-10-16T16:02:45","date_gmt":"2018-10-16T14:02:45","guid":{"rendered":"https:\/\/www.veltec.eu\/kirby-webshop\/kirby-brede-klopzuigmond-g4\/"},"modified":"2025-03-19T16:19:28","modified_gmt":"2025-03-19T14:19:28","slug":"boquilla-batidora-ancha-kirby-generation-g3-g4","status":"publish","type":"product","link":"https:\/\/www.veltec.eu\/es\/product\/boquilla-batidora-ancha-kirby-generation-g3-g4\/","title":{"rendered":"Boquilla Batidora Ancha Kirby Generation G3\/G4"},"content":{"rendered":"<h1>Boquilla Batidora Ancha Kirby Generation G3\/G4<\/h1>\n<p>Boquilla Batidora Ancha Kirby Generation G3\/G4 para la limpieza profunda de alfombras y moquetas. Tambi\u00e9n adecuado para eliminar los \u00e1caros del polvo de los colchones.<br \/>\nSin cepillo batidor Kirby<br \/>\n(Puede pedirlo aqu\u00ed <a href=\"https:\/\/www.veltec.eu\/es\/categorie\/cepillos-accesorios-kirby\/\">Cepillo batidor Kirby G3 y G4<\/a>)<\/p>\n<p>Este cepillo batidor s\u00f3lo es adecuado para las aspiradoras Kirby que se indican a continuaci\u00f3n;<\/p>\n<ul>\n<li>Kirby Generaci\u00f3n 4<\/li>\n<li>Kirby Generaci\u00f3n 3<\/li>\n<\/ul>\n<h2>Descubra el poder de la Boquilla Batidora Ancha Kirby Generaci\u00f3n G3\/G4<\/h2>\n<p>Si busca una forma eficaz de limpiar en profundidad sus alfombras y moquetas, la boquilla batidora ancha es justo lo que necesita. Esta boquilla ancha est\u00e1 especialmente dise\u00f1ada para la limpieza intensiva de alfombras, moquetas e incluso colchones. Gracias a su inteligente dise\u00f1o, eliminar\u00e1 sin esfuerzo la suciedad, el polvo y los \u00e1caros. En este art\u00edculo leer\u00e1 exactamente por qu\u00e9 esta boquilla es indispensable para su hogar y por qu\u00e9 es un excelente complemento para su aspiradora Kirby.<\/p>\n<h2>\u00bfPor qu\u00e9 elegir la Boquilla Batidora Ancha Kirby Generaci\u00f3n G3\/G4?<\/h2>\n<h3>Limpieza profunda para alfombras y moquetas<\/h3>\n<p>En primer lugar, la amplia escobilla de goma est\u00e1 dise\u00f1ada para eliminar en profundidad la suciedad atrapada en el interior de su alfombra o moqueta. Esto no s\u00f3lo mantiene sus alfombras m\u00e1s limpias, sino que tambi\u00e9n hace que duren m\u00e1s. Adem\u00e1s, la escobilla de goma ancha proporciona un mayor alcance, lo que le permite terminar de limpiar m\u00e1s r\u00e1pidamente. No en vano esta escobilla de goma es considerada indispensable en muchos hogares.<\/p>\n<h3>Boquilla Batidora Ancha Kirby Generaci\u00f3n G3\/G4 Eficaz contra los \u00e1caros del polvo<\/h3>\n<p>Adem\u00e1s, esta boquilla batidora no s\u00f3lo es adecuada para alfombras. Tambi\u00e9n puede utilizarla para eliminar los \u00e1caros del polvo y los al\u00e9rgenos de los colchones. Esto es especialmente importante para las personas al\u00e9rgicas. Si limpia regularmente sus colchones con esta boquilla ancha, mejorar\u00e1 notablemente la calidad del aire de su hogar.<\/p>\n<h2>Nota: sin cepillo Kirby<\/h2>\n<p>Es importante tener en cuenta que la boquilla batidora ancha viene sin cepillo batidor. Si a\u00fan no lo tiene, puede pedirlo aqu\u00ed. Sin el cepillo batidor adecuado, la boquilla funciona con menos eficacia. Por lo tanto, siempre recomendamos utilizar ambas piezas juntas para obtener el mejor resultado.<\/p>\n<h2>S\u00f3lo apto para Kirby Generaci\u00f3n 3 y 4<\/h2>\n<p>Antes de realizar el pedido, es conveniente comprobar si esta boquilla es adecuada para su aspiradora. Esto se debe a que esta boquilla s\u00f3lo se puede utilizar con la Kirby Generation 3 y la Kirby Generation 4. \u00bfTiene un modelo diferente? Entonces le recomendamos que eche un vistazo a los accesorios adecuados para su aspiradora Kirby.<\/p>\n<h2>P\u00eddalo hoy y compruebe la diferencia<\/h2>\n<p>En resumen, la boquilla batidora es la soluci\u00f3n para todos aquellos que valoran un hogar limpio y saludable. Con su pr\u00e1ctico dise\u00f1o, su poder de limpieza en profundidad y su capacidad para eliminar los \u00e1caros del polvo, es un producto que disfrutar\u00e1 durante a\u00f1os. No espere m\u00e1s y haga su pedido inmediatamente. \u00a1Pronto estar\u00e1 disfrutando de un hogar fresco e higi\u00e9nico!<\/p>\n","protected":false},"excerpt":{"rendered":"<p>Boquilla batidora ancha para la limpieza profunda de alfombras y moquetas para el suelo. Tambi\u00e9n es adecuada para la eliminaci\u00f3n de los \u00e1caros del polvo en los colchones. No incluye el Cepillo Batidor de Kirby.<\/p>\n[trustindex data-widget-id=48bbd87242952812953642309d4]\n<h3><b><br \/>\n<\/b><span style=\"color: #008000;\"><br \/>\nEn stock<\/span><\/h3>\n[av_font_icon icon='ue812' font='entypo-fontello' style='' caption='' size='25px' position='left' color='#43ad66' link='' linktarget='' title_attr='' sonar_effect_effect='' sonar_effect_color='' sonar_effect_duration='1' sonar_effect_scale='' sonar_effect_opac='0.5' animation='' id='' custom_class='' template_class='' av_uid='' sc_version='1.0' admin_preview_bg=''][\/av_font_icon]\n<p><span style=\"color: #008000;\">Pedido antes de las 23:59, enviado ma\u00f1ana<\/span><\/p>\n<p>&nbsp;<\/p>\n","protected":false},"featured_media":6185,"comment_status":"open","ping_status":"closed","template":"","meta":[],"product_brand":[],"product_cat":[347],"product_tag":[],"class_list":{"0":"post-11988","1":"product","2":"type-product","3":"status-publish","4":"has-post-thumbnail","6":"product_cat-cepillos-accesorios-kirby","7":"product_shipping_class-klein-es","9":"first","10":"instock","11":"sale","12":"taxable","13":"shipping-taxable","14":"purchasable","15":"product-type-simple"},"yoast_head":"<!-- This site is optimized with the Yoast SEO Premium plugin v27.1 (Yoast SEO v27.3) - https:\/\/yoast.com\/product\/yoast-seo-premium-wordpress\/ -->\n<title>Boquilla Batidora Ancha Kirby Generation G3\/G4 - Veltec Kirby specialist<\/title>\n<meta name=\"description\" content=\"Boquilla Batidora Ancha Kirby Generation G3\/G4 - Veltec es el proveedor de las aspiradoras Kirby desde hace m\u00e1s de 25 a\u00f1os.\" \/>\n<meta name=\"robots\" content=\"index, follow, max-snippet:-1, max-image-preview:large, max-video-preview:-1\" \/>\n<link rel=\"canonical\" href=\"https:\/\/www.veltec.eu\/es\/product\/boquilla-batidora-ancha-kirby-generation-g3-g4\/\" \/>\n<meta property=\"og:locale\" content=\"es_ES\" \/>\n<meta property=\"og:type\" content=\"article\" \/>\n<meta property=\"og:title\" content=\"Boquilla Batidora Ancha Kirby Generation G3\/G4\" \/>\n<meta property=\"og:description\" content=\"Boquilla batidora ancha para la limpieza profunda de alfombras y moquetas para el suelo. Tambi\u00e9n es adecuada para la eliminaci\u00f3n de los \u00e1caros del polvo en los colchones. No incluye el Cepillo Batidor de Kirby.     En stock   Pedido antes de las 23:59, enviado ma\u00f1ana  &nbsp;\" \/>\n<meta property=\"og:url\" content=\"https:\/\/www.veltec.eu\/es\/product\/boquilla-batidora-ancha-kirby-generation-g3-g4\/\" \/>\n<meta property=\"og:site_name\" content=\"Veltec Kirby specialist\" \/>\n<meta property=\"article:publisher\" content=\"https:\/\/www.facebook.com\/Veltec-Kirby-Specialist-236746293374877\/\" \/>\n<meta property=\"article:modified_time\" content=\"2025-03-19T14:19:28+00:00\" \/>\n<meta property=\"og:image\" content=\"https:\/\/www.veltec.eu\/wp-content\/uploads\/2018\/10\/Kirby-klopzuigmond-g4.jpg\" \/>\n\t<meta property=\"og:image:width\" content=\"300\" \/>\n\t<meta property=\"og:image:height\" content=\"300\" \/>\n\t<meta property=\"og:image:type\" content=\"image\/jpeg\" \/>\n<meta name=\"twitter:card\" content=\"summary_large_image\" \/>\n<meta name=\"twitter:label1\" content=\"Tiempo de lectura\" \/>\n\t<meta name=\"twitter:data1\" content=\"3 minutos\" \/>\n<script type=\"application\/ld+json\" class=\"yoast-schema-graph\">{\"@context\":\"https:\\\/\\\/schema.org\",\"@graph\":[{\"@type\":\"WebPage\",\"@id\":\"https:\\\/\\\/www.veltec.eu\\\/es\\\/product\\\/boquilla-batidora-ancha-kirby-generation-g3-g4\\\/\",\"url\":\"https:\\\/\\\/www.veltec.eu\\\/es\\\/product\\\/boquilla-batidora-ancha-kirby-generation-g3-g4\\\/\",\"name\":\"Boquilla Batidora Ancha Kirby Generation G3\\\/G4 - Veltec Kirby specialist\",\"isPartOf\":{\"@id\":\"https:\\\/\\\/www.veltec.eu\\\/en\\\/#website\"},\"primaryImageOfPage\":{\"@id\":\"https:\\\/\\\/www.veltec.eu\\\/es\\\/product\\\/boquilla-batidora-ancha-kirby-generation-g3-g4\\\/#primaryimage\"},\"image\":{\"@id\":\"https:\\\/\\\/www.veltec.eu\\\/es\\\/product\\\/boquilla-batidora-ancha-kirby-generation-g3-g4\\\/#primaryimage\"},\"thumbnailUrl\":\"https:\\\/\\\/www.veltec.eu\\\/wp-content\\\/uploads\\\/2018\\\/10\\\/Kirby-klopzuigmond-g4.jpg\",\"datePublished\":\"2018-10-16T14:02:45+00:00\",\"dateModified\":\"2025-03-19T14:19:28+00:00\",\"description\":\"Boquilla Batidora Ancha Kirby Generation G3\\\/G4 - Veltec es el proveedor de las aspiradoras Kirby desde hace m\u00e1s de 25 a\u00f1os.\",\"breadcrumb\":{\"@id\":\"https:\\\/\\\/www.veltec.eu\\\/es\\\/product\\\/boquilla-batidora-ancha-kirby-generation-g3-g4\\\/#breadcrumb\"},\"inLanguage\":\"es\",\"potentialAction\":[{\"@type\":\"ReadAction\",\"target\":[\"https:\\\/\\\/www.veltec.eu\\\/es\\\/product\\\/boquilla-batidora-ancha-kirby-generation-g3-g4\\\/\"]}]},{\"@type\":\"ImageObject\",\"inLanguage\":\"es\",\"@id\":\"https:\\\/\\\/www.veltec.eu\\\/es\\\/product\\\/boquilla-batidora-ancha-kirby-generation-g3-g4\\\/#primaryimage\",\"url\":\"https:\\\/\\\/www.veltec.eu\\\/wp-content\\\/uploads\\\/2018\\\/10\\\/Kirby-klopzuigmond-g4.jpg\",\"contentUrl\":\"https:\\\/\\\/www.veltec.eu\\\/wp-content\\\/uploads\\\/2018\\\/10\\\/Kirby-klopzuigmond-g4.jpg\",\"width\":300,\"height\":300,\"caption\":\"Kirby klopzuigmond G4\"},{\"@type\":\"BreadcrumbList\",\"@id\":\"https:\\\/\\\/www.veltec.eu\\\/es\\\/product\\\/boquilla-batidora-ancha-kirby-generation-g3-g4\\\/#breadcrumb\",\"itemListElement\":[{\"@type\":\"ListItem\",\"position\":1,\"name\":\"Home\",\"item\":\"https:\\\/\\\/www.veltec.eu\\\/es\\\/\"},{\"@type\":\"ListItem\",\"position\":2,\"name\":\"Produits\",\"item\":\"https:\\\/\\\/www.veltec.eu\\\/fr\\\/shop\\\/\"},{\"@type\":\"ListItem\",\"position\":3,\"name\":\"Boquilla Batidora Ancha Kirby Generation G3\\\/G4\"}]},{\"@type\":\"WebSite\",\"@id\":\"https:\\\/\\\/www.veltec.eu\\\/en\\\/#website\",\"url\":\"https:\\\/\\\/www.veltec.eu\\\/en\\\/\",\"name\":\"Veltec Kirby specialist\",\"description\":\"Kirby stofzuiger producten\",\"publisher\":{\"@id\":\"https:\\\/\\\/www.veltec.eu\\\/en\\\/#organization\"},\"potentialAction\":[{\"@type\":\"SearchAction\",\"target\":{\"@type\":\"EntryPoint\",\"urlTemplate\":\"https:\\\/\\\/www.veltec.eu\\\/en\\\/?s={search_term_string}\"},\"query-input\":{\"@type\":\"PropertyValueSpecification\",\"valueRequired\":true,\"valueName\":\"search_term_string\"}}],\"inLanguage\":\"es\"},{\"@type\":\"Organization\",\"@id\":\"https:\\\/\\\/www.veltec.eu\\\/en\\\/#organization\",\"name\":\"Veltec Kirby Specialist\",\"url\":\"https:\\\/\\\/www.veltec.eu\\\/en\\\/\",\"logo\":{\"@type\":\"ImageObject\",\"inLanguage\":\"es\",\"@id\":\"https:\\\/\\\/www.veltec.eu\\\/en\\\/#\\\/schema\\\/logo\\\/image\\\/\",\"url\":\"https:\\\/\\\/www.veltec.eu\\\/wp-content\\\/uploads\\\/2021\\\/12\\\/Veltec-log-groot-e1537260889125.png\",\"contentUrl\":\"https:\\\/\\\/www.veltec.eu\\\/wp-content\\\/uploads\\\/2021\\\/12\\\/Veltec-log-groot-e1537260889125.png\",\"width\":200,\"height\":60,\"caption\":\"Veltec Kirby Specialist\"},\"image\":{\"@id\":\"https:\\\/\\\/www.veltec.eu\\\/en\\\/#\\\/schema\\\/logo\\\/image\\\/\"},\"sameAs\":[\"https:\\\/\\\/www.facebook.com\\\/Veltec-Kirby-Specialist-236746293374877\\\/\",\"https:\\\/\\\/www.youtube.com\\\/user\\\/VeltecService\"]}]}<\/script>\n<!-- \/ Yoast SEO Premium plugin. -->","yoast_head_json":{"title":"Boquilla Batidora Ancha Kirby Generation G3\/G4 - Veltec Kirby specialist","description":"Boquilla Batidora Ancha Kirby Generation G3\/G4 - Veltec es el proveedor de las aspiradoras Kirby desde hace m\u00e1s de 25 a\u00f1os.","robots":{"index":"index","follow":"follow","max-snippet":"max-snippet:-1","max-image-preview":"max-image-preview:large","max-video-preview":"max-video-preview:-1"},"canonical":"https:\/\/www.veltec.eu\/es\/product\/boquilla-batidora-ancha-kirby-generation-g3-g4\/","og_locale":"es_ES","og_type":"article","og_title":"Boquilla Batidora Ancha Kirby Generation G3\/G4","og_description":"Boquilla batidora ancha para la limpieza profunda de alfombras y moquetas para el suelo. Tambi\u00e9n es adecuada para la eliminaci\u00f3n de los \u00e1caros del polvo en los colchones. No incluye el Cepillo Batidor de Kirby.     En stock   Pedido antes de las 23:59, enviado ma\u00f1ana  &nbsp;","og_url":"https:\/\/www.veltec.eu\/es\/product\/boquilla-batidora-ancha-kirby-generation-g3-g4\/","og_site_name":"Veltec Kirby specialist","article_publisher":"https:\/\/www.facebook.com\/Veltec-Kirby-Specialist-236746293374877\/","article_modified_time":"2025-03-19T14:19:28+00:00","og_image":[{"width":300,"height":300,"url":"https:\/\/www.veltec.eu\/wp-content\/uploads\/2018\/10\/Kirby-klopzuigmond-g4.jpg","type":"image\/jpeg"}],"twitter_card":"summary_large_image","twitter_misc":{"Tiempo de lectura":"3 minutos"},"schema":{"@context":"https:\/\/schema.org","@graph":[{"@type":"WebPage","@id":"https:\/\/www.veltec.eu\/es\/product\/boquilla-batidora-ancha-kirby-generation-g3-g4\/","url":"https:\/\/www.veltec.eu\/es\/product\/boquilla-batidora-ancha-kirby-generation-g3-g4\/","name":"Boquilla Batidora Ancha Kirby Generation G3\/G4 - Veltec Kirby specialist","isPartOf":{"@id":"https:\/\/www.veltec.eu\/en\/#website"},"primaryImageOfPage":{"@id":"https:\/\/www.veltec.eu\/es\/product\/boquilla-batidora-ancha-kirby-generation-g3-g4\/#primaryimage"},"image":{"@id":"https:\/\/www.veltec.eu\/es\/product\/boquilla-batidora-ancha-kirby-generation-g3-g4\/#primaryimage"},"thumbnailUrl":"https:\/\/www.veltec.eu\/wp-content\/uploads\/2018\/10\/Kirby-klopzuigmond-g4.jpg","datePublished":"2018-10-16T14:02:45+00:00","dateModified":"2025-03-19T14:19:28+00:00","description":"Boquilla Batidora Ancha Kirby Generation G3\/G4 - Veltec es el proveedor de las aspiradoras Kirby desde hace m\u00e1s de 25 a\u00f1os.","breadcrumb":{"@id":"https:\/\/www.veltec.eu\/es\/product\/boquilla-batidora-ancha-kirby-generation-g3-g4\/#breadcrumb"},"inLanguage":"es","potentialAction":[{"@type":"ReadAction","target":["https:\/\/www.veltec.eu\/es\/product\/boquilla-batidora-ancha-kirby-generation-g3-g4\/"]}]},{"@type":"ImageObject","inLanguage":"es","@id":"https:\/\/www.veltec.eu\/es\/product\/boquilla-batidora-ancha-kirby-generation-g3-g4\/#primaryimage","url":"https:\/\/www.veltec.eu\/wp-content\/uploads\/2018\/10\/Kirby-klopzuigmond-g4.jpg","contentUrl":"https:\/\/www.veltec.eu\/wp-content\/uploads\/2018\/10\/Kirby-klopzuigmond-g4.jpg","width":300,"height":300,"caption":"Kirby klopzuigmond G4"},{"@type":"BreadcrumbList","@id":"https:\/\/www.veltec.eu\/es\/product\/boquilla-batidora-ancha-kirby-generation-g3-g4\/#breadcrumb","itemListElement":[{"@type":"ListItem","position":1,"name":"Home","item":"https:\/\/www.veltec.eu\/es\/"},{"@type":"ListItem","position":2,"name":"Produits","item":"https:\/\/www.veltec.eu\/fr\/shop\/"},{"@type":"ListItem","position":3,"name":"Boquilla Batidora Ancha Kirby Generation G3\/G4"}]},{"@type":"WebSite","@id":"https:\/\/www.veltec.eu\/en\/#website","url":"https:\/\/www.veltec.eu\/en\/","name":"Veltec Kirby specialist","description":"Kirby stofzuiger producten","publisher":{"@id":"https:\/\/www.veltec.eu\/en\/#organization"},"potentialAction":[{"@type":"SearchAction","target":{"@type":"EntryPoint","urlTemplate":"https:\/\/www.veltec.eu\/en\/?s={search_term_string}"},"query-input":{"@type":"PropertyValueSpecification","valueRequired":true,"valueName":"search_term_string"}}],"inLanguage":"es"},{"@type":"Organization","@id":"https:\/\/www.veltec.eu\/en\/#organization","name":"Veltec Kirby Specialist","url":"https:\/\/www.veltec.eu\/en\/","logo":{"@type":"ImageObject","inLanguage":"es","@id":"https:\/\/www.veltec.eu\/en\/#\/schema\/logo\/image\/","url":"https:\/\/www.veltec.eu\/wp-content\/uploads\/2021\/12\/Veltec-log-groot-e1537260889125.png","contentUrl":"https:\/\/www.veltec.eu\/wp-content\/uploads\/2021\/12\/Veltec-log-groot-e1537260889125.png","width":200,"height":60,"caption":"Veltec Kirby Specialist"},"image":{"@id":"https:\/\/www.veltec.eu\/en\/#\/schema\/logo\/image\/"},"sameAs":["https:\/\/www.facebook.com\/Veltec-Kirby-Specialist-236746293374877\/","https:\/\/www.youtube.com\/user\/VeltecService"]}]}},"_links":{"self":[{"href":"https:\/\/www.veltec.eu\/es\/wp-json\/wp\/v2\/product\/11988","targetHints":{"allow":["GET"]}}],"collection":[{"href":"https:\/\/www.veltec.eu\/es\/wp-json\/wp\/v2\/product"}],"about":[{"href":"https:\/\/www.veltec.eu\/es\/wp-json\/wp\/v2\/types\/product"}],"replies":[{"embeddable":true,"href":"https:\/\/www.veltec.eu\/es\/wp-json\/wp\/v2\/comments?post=11988"}],"wp:featuredmedia":[{"embeddable":true,"href":"https:\/\/www.veltec.eu\/es\/wp-json\/wp\/v2\/media\/6185"}],"wp:attachment":[{"href":"https:\/\/www.veltec.eu\/es\/wp-json\/wp\/v2\/media?parent=11988"}],"wp:term":[{"taxonomy":"product_brand","embeddable":true,"href":"https:\/\/www.veltec.eu\/es\/wp-json\/wp\/v2\/product_brand?post=11988"},{"taxonomy":"product_cat","embeddable":true,"href":"https:\/\/www.veltec.eu\/es\/wp-json\/wp\/v2\/product_cat?post=11988"},{"taxonomy":"product_tag","embeddable":true,"href":"https:\/\/www.veltec.eu\/es\/wp-json\/wp\/v2\/product_tag?post=11988"}],"curies":[{"name":"wp","href":"https:\/\/api.w.org\/{rel}","templated":true}]}}