{"id":11983,"date":"2018-10-16T16:06:57","date_gmt":"2018-10-16T14:06:57","guid":{"rendered":"https:\/\/www.veltec.eu\/kirby-webshop\/kirby-brede-klopzuigmond-g5\/"},"modified":"2025-04-10T11:11:57","modified_gmt":"2025-04-10T09:11:57","slug":"boquilla-batidora-ancha-kirby-generation-g5-g7-ultimate","status":"publish","type":"product","link":"https:\/\/www.veltec.eu\/es\/product\/boquilla-batidora-ancha-kirby-generation-g5-g7-ultimate\/","title":{"rendered":"Boquilla Batidora Ancha Kirby Generation G5\/G7 Ultimate"},"content":{"rendered":"<h1>Boquilla Batidora Ancha Kirby Generation G5\/G7 Ultimate<\/h1>\n<p>Boquilla Batidora Ancha Kirby Generation G5\/G7 Ultimate para la limpieza profunda de alfombras y moquetas. Tambi\u00e9n adecuado para eliminar los \u00e1caros del polvo de los colchones.<br \/>\nSin cepillo batidor Kirby<br \/>\n(Puede pedirlo aqu\u00ed <a href=\"https:\/\/www.veltec.eu\/it\/kirby-ampio-battitappeto\/\">Cepillo batidor Kirby G5 a Avalir<\/a>)<\/p>\n<p>Este cepillo batidor s\u00f3lo es adecuado para las aspiradoras Kirby que se indican a continuaci\u00f3n;<\/p>\n<ul>\n<li>Kirby Generaci\u00f3n G7 Ultimate<\/li>\n<li>Kirby Generaci\u00f3n G6<\/li>\n<li>Kirby Generaci\u00f3n G5<\/li>\n<\/ul>\n<h2>Boquilla Batidora Ancha Kirby Generation G5\/G7 Ultimate &#8211; Indispensable para la Limpieza Profunda<\/h2>\n<p>\u00bfBusca una soluci\u00f3n eficaz para limpiar a fondo sus alfombras, moquetas y colchones? Entonces la boquilla batidora ancha es exactamente lo que necesita. Esta boquilla est\u00e1 especialmente dise\u00f1ada para la limpieza intensiva de alfombras y moquetas. Adem\u00e1s, ayuda a eliminar los \u00e1caros del polvo de los colchones, contribuyendo a un entorno de vida m\u00e1s saludable. A continuaci\u00f3n puede leer por qu\u00e9 este producto es indispensable para su aspiradora Kirby y c\u00f3mo puede mejorar significativamente su rutina de limpieza.<\/p>\n<h2>\u00bfPor qu\u00e9 elegir la Boquilla Batidora Ancha Kirby Generation G5\/G7 Ultimate?<\/h2>\n<h3>Especialmente dise\u00f1ada para una limpieza profunda<\/h3>\n<p>En primer lugar, esta boquilla se ha desarrollado pensando en la limpieza en profundidad. Mientras que las boquillas normales no suelen llegar m\u00e1s all\u00e1 de la suciedad superficial, esta boquilla batidora ancha garantiza que se elimine incluso la suciedad y el polvo de las fibras m\u00e1s profundas. Esto es especialmente importante cuando se trata de al\u00e9rgenos como los \u00e1caros del polvo.<\/p>\n<h3>Perfecto para alfombras y colchones<\/h3>\n<p>Adem\u00e1s, la boquilla ancha es ideal para limpiar alfombras, moquetas y colchones. Gracias a la boquilla ancha, trabajar\u00e1 de forma m\u00e1s r\u00e1pida y eficaz. As\u00ed tendr\u00e1 que pasar menos veces por la misma superficie, lo que no s\u00f3lo ahorra tiempo, sino tambi\u00e9n energ\u00eda.<\/p>\n<h3>Apto para varios modelos Kirby<\/h3>\n<p>Es importante saber que esta boquilla batidora s\u00f3lo es adecuada para las siguientes aspiradoras Kirby:<\/p>\n<ul>\n<li>Kirby Generation G7 Ultimate<\/li>\n<li>Kirby Generation G6<\/li>\n<li>Kirby Generaci\u00f3n G5<\/li>\n<\/ul>\n<p>\u00bfTiene uno de estos modelos? Entonces le garantizamos una conexi\u00f3n perfecta y una facilidad de uso \u00f3ptima. Adem\u00e1s, esta boquilla de aspiraci\u00f3n es f\u00e1cil de montar, por lo que podr\u00e1 ponerse a trabajar de inmediato.<\/p>\n<h2>\u00bfQu\u00e9 m\u00e1s necesita saber?<\/h2>\n<h3>Sin cepillo batidor<\/h3>\n<p>Aunque esta escobilla de goma ofrece una limpieza potente, viene sin cepillo batidor. Esto significa que, en caso necesario, deber\u00e1 utilizar usted mismo el cepillo batidor original de Kirby. Esto le permite adaptar la escobilla de goma totalmente a sus preferencias personales y necesidades de limpieza.<\/p>\n<h3>Vida m\u00e1s saludable<\/h3>\n<p>Otra ventaja importante de la boquilla batidora ancha es que no s\u00f3lo elimina la suciedad, sino que tambi\u00e9n ayuda a combatir los \u00e1caros del polvo. Esto contribuye significativamente a un entorno vital m\u00e1s fresco y saludable, lo que es especialmente importante para las personas al\u00e9rgicas.<\/p>\n<h2>\u00a1Pida Boquilla Batidora Ancha Kirby Generation G5\/G7 Ultimate hoy mismo!<\/h2>\n<p>Si est\u00e1 buscando una soluci\u00f3n fiable y potente para limpiar a fondo sus alfombras y colchones, no espere m\u00e1s. La boquilla de aspiraci\u00f3n ancha Kirby Generation G5\/G7 es un valioso complemento para su aspiradora Kirby. P\u00eddala hoy mismo y compruebe usted mismo la diferencia. \u00bfTodav\u00eda tiene preguntas? No dude en ponerse en contacto con nosotros, estaremos encantados de ayudarle.<\/p>\n","protected":false},"excerpt":{"rendered":"<p>Boquilla batidora ancha para la limpieza profunda de alfombras y moquetas para el suelo. Tambi\u00e9n es adecuada para la eliminaci\u00f3n de los \u00e1caros del polvo en los colchones.<\/p>\n[trustindex data-widget-id=48bbd87242952812953642309d4]\n<h3><b><br \/>\n<\/b><span style=\"color: #008000;\"><br \/>\nEn stock<\/span><\/h3>\n[av_font_icon icon='ue812' font='entypo-fontello' style='' caption='' size='25px' position='left' color='#43ad66' link='' linktarget='' title_attr='' sonar_effect_effect='' sonar_effect_color='' sonar_effect_duration='1' sonar_effect_scale='' sonar_effect_opac='0.5' animation='' id='' custom_class='' template_class='' av_uid='' sc_version='1.0' admin_preview_bg=''][\/av_font_icon]\n<p><span style=\"color: #008000;\">Pedido antes de las 23:59, enviado ma\u00f1ana<\/span><\/p>\n<p>&nbsp;<\/p>\n","protected":false},"featured_media":6193,"comment_status":"open","ping_status":"closed","template":"","meta":[],"product_brand":[],"product_cat":[347],"product_tag":[],"class_list":{"0":"post-11983","1":"product","2":"type-product","3":"status-publish","4":"has-post-thumbnail","6":"product_cat-cepillos-accesorios-kirby","7":"product_shipping_class-klein-es","9":"first","10":"instock","11":"sale","12":"taxable","13":"shipping-taxable","14":"purchasable","15":"product-type-simple"},"yoast_head":"<!-- This site is optimized with the Yoast SEO Premium plugin v27.1 (Yoast SEO v27.4) - https:\/\/yoast.com\/product\/yoast-seo-premium-wordpress\/ -->\n<title>Boquilla Batidora Ancha Kirby Generation G5\/G7 Ultimate - Veltec Kirby specialist<\/title>\n<meta name=\"description\" content=\"Boquilla Batidora Ancha Kirby Generation G5\/G7 Ultimate - Veltec es el proveedor de las aspiradoras Kirby desde hace m\u00e1s de 25 a\u00f1os.\" \/>\n<meta name=\"robots\" content=\"index, follow, max-snippet:-1, max-image-preview:large, max-video-preview:-1\" \/>\n<link rel=\"canonical\" href=\"https:\/\/www.veltec.eu\/es\/product\/boquilla-batidora-ancha-kirby-generation-g5-g7-ultimate\/\" \/>\n<meta property=\"og:locale\" content=\"es_ES\" \/>\n<meta property=\"og:type\" content=\"article\" \/>\n<meta property=\"og:title\" content=\"Boquilla Batidora Ancha Kirby Generation G5\/G7 Ultimate\" \/>\n<meta property=\"og:description\" content=\"Boquilla batidora ancha para la limpieza profunda de alfombras y moquetas para el suelo. Tambi\u00e9n es adecuada para la eliminaci\u00f3n de los \u00e1caros del polvo en los colchones.     En stock   Pedido antes de las 23:59, enviado ma\u00f1ana  &nbsp;\" \/>\n<meta property=\"og:url\" content=\"https:\/\/www.veltec.eu\/es\/product\/boquilla-batidora-ancha-kirby-generation-g5-g7-ultimate\/\" \/>\n<meta property=\"og:site_name\" content=\"Veltec Kirby specialist\" \/>\n<meta property=\"article:publisher\" content=\"https:\/\/www.facebook.com\/Veltec-Kirby-Specialist-236746293374877\/\" \/>\n<meta property=\"article:modified_time\" content=\"2025-04-10T09:11:57+00:00\" \/>\n<meta property=\"og:image\" content=\"https:\/\/www.veltec.eu\/wp-content\/uploads\/2018\/10\/Klopzuigmond-G5.jpg\" \/>\n\t<meta property=\"og:image:width\" content=\"300\" \/>\n\t<meta property=\"og:image:height\" content=\"300\" \/>\n\t<meta property=\"og:image:type\" content=\"image\/jpeg\" \/>\n<meta name=\"twitter:card\" content=\"summary_large_image\" \/>\n<meta name=\"twitter:label1\" content=\"Tiempo de lectura\" \/>\n\t<meta name=\"twitter:data1\" content=\"3 minutos\" \/>\n<script type=\"application\/ld+json\" class=\"yoast-schema-graph\">{\"@context\":\"https:\\\/\\\/schema.org\",\"@graph\":[{\"@type\":\"WebPage\",\"@id\":\"https:\\\/\\\/www.veltec.eu\\\/es\\\/product\\\/boquilla-batidora-ancha-kirby-generation-g5-g7-ultimate\\\/\",\"url\":\"https:\\\/\\\/www.veltec.eu\\\/es\\\/product\\\/boquilla-batidora-ancha-kirby-generation-g5-g7-ultimate\\\/\",\"name\":\"Boquilla Batidora Ancha Kirby Generation G5\\\/G7 Ultimate - Veltec Kirby specialist\",\"isPartOf\":{\"@id\":\"https:\\\/\\\/www.veltec.eu\\\/en\\\/#website\"},\"primaryImageOfPage\":{\"@id\":\"https:\\\/\\\/www.veltec.eu\\\/es\\\/product\\\/boquilla-batidora-ancha-kirby-generation-g5-g7-ultimate\\\/#primaryimage\"},\"image\":{\"@id\":\"https:\\\/\\\/www.veltec.eu\\\/es\\\/product\\\/boquilla-batidora-ancha-kirby-generation-g5-g7-ultimate\\\/#primaryimage\"},\"thumbnailUrl\":\"https:\\\/\\\/www.veltec.eu\\\/wp-content\\\/uploads\\\/2018\\\/10\\\/Klopzuigmond-G5.jpg\",\"datePublished\":\"2018-10-16T14:06:57+00:00\",\"dateModified\":\"2025-04-10T09:11:57+00:00\",\"description\":\"Boquilla Batidora Ancha Kirby Generation G5\\\/G7 Ultimate - Veltec es el proveedor de las aspiradoras Kirby desde hace m\u00e1s de 25 a\u00f1os.\",\"breadcrumb\":{\"@id\":\"https:\\\/\\\/www.veltec.eu\\\/es\\\/product\\\/boquilla-batidora-ancha-kirby-generation-g5-g7-ultimate\\\/#breadcrumb\"},\"inLanguage\":\"es\",\"potentialAction\":[{\"@type\":\"ReadAction\",\"target\":[\"https:\\\/\\\/www.veltec.eu\\\/es\\\/product\\\/boquilla-batidora-ancha-kirby-generation-g5-g7-ultimate\\\/\"]}]},{\"@type\":\"ImageObject\",\"inLanguage\":\"es\",\"@id\":\"https:\\\/\\\/www.veltec.eu\\\/es\\\/product\\\/boquilla-batidora-ancha-kirby-generation-g5-g7-ultimate\\\/#primaryimage\",\"url\":\"https:\\\/\\\/www.veltec.eu\\\/wp-content\\\/uploads\\\/2018\\\/10\\\/Klopzuigmond-G5.jpg\",\"contentUrl\":\"https:\\\/\\\/www.veltec.eu\\\/wp-content\\\/uploads\\\/2018\\\/10\\\/Klopzuigmond-G5.jpg\",\"width\":300,\"height\":300,\"caption\":\"Kirby klopzuigmond G5\"},{\"@type\":\"BreadcrumbList\",\"@id\":\"https:\\\/\\\/www.veltec.eu\\\/es\\\/product\\\/boquilla-batidora-ancha-kirby-generation-g5-g7-ultimate\\\/#breadcrumb\",\"itemListElement\":[{\"@type\":\"ListItem\",\"position\":1,\"name\":\"Home\",\"item\":\"https:\\\/\\\/www.veltec.eu\\\/es\\\/\"},{\"@type\":\"ListItem\",\"position\":2,\"name\":\"Produits\",\"item\":\"https:\\\/\\\/www.veltec.eu\\\/fr\\\/shop\\\/\"},{\"@type\":\"ListItem\",\"position\":3,\"name\":\"Boquilla Batidora Ancha Kirby Generation G5\\\/G7 Ultimate\"}]},{\"@type\":\"WebSite\",\"@id\":\"https:\\\/\\\/www.veltec.eu\\\/en\\\/#website\",\"url\":\"https:\\\/\\\/www.veltec.eu\\\/en\\\/\",\"name\":\"Veltec Kirby specialist\",\"description\":\"Kirby stofzuiger producten\",\"publisher\":{\"@id\":\"https:\\\/\\\/www.veltec.eu\\\/en\\\/#organization\"},\"potentialAction\":[{\"@type\":\"SearchAction\",\"target\":{\"@type\":\"EntryPoint\",\"urlTemplate\":\"https:\\\/\\\/www.veltec.eu\\\/en\\\/?s={search_term_string}\"},\"query-input\":{\"@type\":\"PropertyValueSpecification\",\"valueRequired\":true,\"valueName\":\"search_term_string\"}}],\"inLanguage\":\"es\"},{\"@type\":\"Organization\",\"@id\":\"https:\\\/\\\/www.veltec.eu\\\/en\\\/#organization\",\"name\":\"Veltec Kirby Specialist\",\"url\":\"https:\\\/\\\/www.veltec.eu\\\/en\\\/\",\"logo\":{\"@type\":\"ImageObject\",\"inLanguage\":\"es\",\"@id\":\"https:\\\/\\\/www.veltec.eu\\\/en\\\/#\\\/schema\\\/logo\\\/image\\\/\",\"url\":\"https:\\\/\\\/www.veltec.eu\\\/wp-content\\\/uploads\\\/2021\\\/12\\\/Veltec-log-groot-e1537260889125.png\",\"contentUrl\":\"https:\\\/\\\/www.veltec.eu\\\/wp-content\\\/uploads\\\/2021\\\/12\\\/Veltec-log-groot-e1537260889125.png\",\"width\":200,\"height\":60,\"caption\":\"Veltec Kirby Specialist\"},\"image\":{\"@id\":\"https:\\\/\\\/www.veltec.eu\\\/en\\\/#\\\/schema\\\/logo\\\/image\\\/\"},\"sameAs\":[\"https:\\\/\\\/www.facebook.com\\\/Veltec-Kirby-Specialist-236746293374877\\\/\",\"https:\\\/\\\/www.youtube.com\\\/user\\\/VeltecService\"]}]}<\/script>\n<!-- \/ Yoast SEO Premium plugin. -->","yoast_head_json":{"title":"Boquilla Batidora Ancha Kirby Generation G5\/G7 Ultimate - Veltec Kirby specialist","description":"Boquilla Batidora Ancha Kirby Generation G5\/G7 Ultimate - Veltec es el proveedor de las aspiradoras Kirby desde hace m\u00e1s de 25 a\u00f1os.","robots":{"index":"index","follow":"follow","max-snippet":"max-snippet:-1","max-image-preview":"max-image-preview:large","max-video-preview":"max-video-preview:-1"},"canonical":"https:\/\/www.veltec.eu\/es\/product\/boquilla-batidora-ancha-kirby-generation-g5-g7-ultimate\/","og_locale":"es_ES","og_type":"article","og_title":"Boquilla Batidora Ancha Kirby Generation G5\/G7 Ultimate","og_description":"Boquilla batidora ancha para la limpieza profunda de alfombras y moquetas para el suelo. Tambi\u00e9n es adecuada para la eliminaci\u00f3n de los \u00e1caros del polvo en los colchones.     En stock   Pedido antes de las 23:59, enviado ma\u00f1ana  &nbsp;","og_url":"https:\/\/www.veltec.eu\/es\/product\/boquilla-batidora-ancha-kirby-generation-g5-g7-ultimate\/","og_site_name":"Veltec Kirby specialist","article_publisher":"https:\/\/www.facebook.com\/Veltec-Kirby-Specialist-236746293374877\/","article_modified_time":"2025-04-10T09:11:57+00:00","og_image":[{"width":300,"height":300,"url":"https:\/\/www.veltec.eu\/wp-content\/uploads\/2018\/10\/Klopzuigmond-G5.jpg","type":"image\/jpeg"}],"twitter_card":"summary_large_image","twitter_misc":{"Tiempo de lectura":"3 minutos"},"schema":{"@context":"https:\/\/schema.org","@graph":[{"@type":"WebPage","@id":"https:\/\/www.veltec.eu\/es\/product\/boquilla-batidora-ancha-kirby-generation-g5-g7-ultimate\/","url":"https:\/\/www.veltec.eu\/es\/product\/boquilla-batidora-ancha-kirby-generation-g5-g7-ultimate\/","name":"Boquilla Batidora Ancha Kirby Generation G5\/G7 Ultimate - Veltec Kirby specialist","isPartOf":{"@id":"https:\/\/www.veltec.eu\/en\/#website"},"primaryImageOfPage":{"@id":"https:\/\/www.veltec.eu\/es\/product\/boquilla-batidora-ancha-kirby-generation-g5-g7-ultimate\/#primaryimage"},"image":{"@id":"https:\/\/www.veltec.eu\/es\/product\/boquilla-batidora-ancha-kirby-generation-g5-g7-ultimate\/#primaryimage"},"thumbnailUrl":"https:\/\/www.veltec.eu\/wp-content\/uploads\/2018\/10\/Klopzuigmond-G5.jpg","datePublished":"2018-10-16T14:06:57+00:00","dateModified":"2025-04-10T09:11:57+00:00","description":"Boquilla Batidora Ancha Kirby Generation G5\/G7 Ultimate - Veltec es el proveedor de las aspiradoras Kirby desde hace m\u00e1s de 25 a\u00f1os.","breadcrumb":{"@id":"https:\/\/www.veltec.eu\/es\/product\/boquilla-batidora-ancha-kirby-generation-g5-g7-ultimate\/#breadcrumb"},"inLanguage":"es","potentialAction":[{"@type":"ReadAction","target":["https:\/\/www.veltec.eu\/es\/product\/boquilla-batidora-ancha-kirby-generation-g5-g7-ultimate\/"]}]},{"@type":"ImageObject","inLanguage":"es","@id":"https:\/\/www.veltec.eu\/es\/product\/boquilla-batidora-ancha-kirby-generation-g5-g7-ultimate\/#primaryimage","url":"https:\/\/www.veltec.eu\/wp-content\/uploads\/2018\/10\/Klopzuigmond-G5.jpg","contentUrl":"https:\/\/www.veltec.eu\/wp-content\/uploads\/2018\/10\/Klopzuigmond-G5.jpg","width":300,"height":300,"caption":"Kirby klopzuigmond G5"},{"@type":"BreadcrumbList","@id":"https:\/\/www.veltec.eu\/es\/product\/boquilla-batidora-ancha-kirby-generation-g5-g7-ultimate\/#breadcrumb","itemListElement":[{"@type":"ListItem","position":1,"name":"Home","item":"https:\/\/www.veltec.eu\/es\/"},{"@type":"ListItem","position":2,"name":"Produits","item":"https:\/\/www.veltec.eu\/fr\/shop\/"},{"@type":"ListItem","position":3,"name":"Boquilla Batidora Ancha Kirby Generation G5\/G7 Ultimate"}]},{"@type":"WebSite","@id":"https:\/\/www.veltec.eu\/en\/#website","url":"https:\/\/www.veltec.eu\/en\/","name":"Veltec Kirby specialist","description":"Kirby stofzuiger producten","publisher":{"@id":"https:\/\/www.veltec.eu\/en\/#organization"},"potentialAction":[{"@type":"SearchAction","target":{"@type":"EntryPoint","urlTemplate":"https:\/\/www.veltec.eu\/en\/?s={search_term_string}"},"query-input":{"@type":"PropertyValueSpecification","valueRequired":true,"valueName":"search_term_string"}}],"inLanguage":"es"},{"@type":"Organization","@id":"https:\/\/www.veltec.eu\/en\/#organization","name":"Veltec Kirby Specialist","url":"https:\/\/www.veltec.eu\/en\/","logo":{"@type":"ImageObject","inLanguage":"es","@id":"https:\/\/www.veltec.eu\/en\/#\/schema\/logo\/image\/","url":"https:\/\/www.veltec.eu\/wp-content\/uploads\/2021\/12\/Veltec-log-groot-e1537260889125.png","contentUrl":"https:\/\/www.veltec.eu\/wp-content\/uploads\/2021\/12\/Veltec-log-groot-e1537260889125.png","width":200,"height":60,"caption":"Veltec Kirby Specialist"},"image":{"@id":"https:\/\/www.veltec.eu\/en\/#\/schema\/logo\/image\/"},"sameAs":["https:\/\/www.facebook.com\/Veltec-Kirby-Specialist-236746293374877\/","https:\/\/www.youtube.com\/user\/VeltecService"]}]}},"_links":{"self":[{"href":"https:\/\/www.veltec.eu\/es\/wp-json\/wp\/v2\/product\/11983","targetHints":{"allow":["GET"]}}],"collection":[{"href":"https:\/\/www.veltec.eu\/es\/wp-json\/wp\/v2\/product"}],"about":[{"href":"https:\/\/www.veltec.eu\/es\/wp-json\/wp\/v2\/types\/product"}],"replies":[{"embeddable":true,"href":"https:\/\/www.veltec.eu\/es\/wp-json\/wp\/v2\/comments?post=11983"}],"wp:featuredmedia":[{"embeddable":true,"href":"https:\/\/www.veltec.eu\/es\/wp-json\/wp\/v2\/media\/6193"}],"wp:attachment":[{"href":"https:\/\/www.veltec.eu\/es\/wp-json\/wp\/v2\/media?parent=11983"}],"wp:term":[{"taxonomy":"product_brand","embeddable":true,"href":"https:\/\/www.veltec.eu\/es\/wp-json\/wp\/v2\/product_brand?post=11983"},{"taxonomy":"product_cat","embeddable":true,"href":"https:\/\/www.veltec.eu\/es\/wp-json\/wp\/v2\/product_cat?post=11983"},{"taxonomy":"product_tag","embeddable":true,"href":"https:\/\/www.veltec.eu\/es\/wp-json\/wp\/v2\/product_tag?post=11983"}],"curies":[{"name":"wp","href":"https:\/\/api.w.org\/{rel}","templated":true}]}}