{"id":11973,"date":"2018-10-16T16:28:01","date_gmt":"2018-10-16T14:28:01","guid":{"rendered":"https:\/\/www.veltec.eu\/kirby-webshop\/kirby-aandrijfriempje-2x\/"},"modified":"2026-01-13T14:54:17","modified_gmt":"2026-01-13T12:54:17","slug":"correa-de-transmision-kirby-2x-nl300612","status":"publish","type":"product","link":"https:\/\/www.veltec.eu\/es\/product\/correa-de-transmision-kirby-2x-nl300612\/","title":{"rendered":"Correa de Transmisi\u00f3n Kirby 2x"},"content":{"rendered":"<h1 data-start=\"159\" data-end=\"227\">Correa de Transmisi\u00f3n Kirby 2x \u2013 Esencial para tu Aspiradora Kirby<\/h1>\n<h2 data-start=\"229\" data-end=\"272\">\u00bfQu\u00e9 es una correa de transmisi\u00f3n Kirby?<\/h2>\n<p data-start=\"274\" data-end=\"739\">\u00bfAlguna vez te has preguntado cu\u00e1l es la funci\u00f3n de una correa de transmisi\u00f3n Kirby? La Correa de Transmisi\u00f3n Kirby 2x es un peque\u00f1o pero potente componente que hace girar el rodillo cepillo de tu aspiradora Kirby. Sin una correa en buen estado, el rodillo no funcionar\u00e1 correctamente, reduciendo la eficacia de la limpieza. Con el set Correa de Transmisi\u00f3n Kirby 2x siempre tendr\u00e1s un repuesto a mano, manteniendo tu aspiradora eficiente y confiable.<\/p>\n<p data-start=\"741\" data-end=\"808\">Estas correas son compatibles con una amplia variedad de modelos:<\/p>\n<ul data-start=\"809\" data-end=\"1032\">\n<li data-start=\"809\" data-end=\"848\">Avalir Platinum, Avalir 2, Avalir 1<\/li>\n<li data-start=\"849\" data-end=\"886\">Sentria 2 (G10D), Sentria 1 (G10)<\/li>\n<li data-start=\"887\" data-end=\"950\">Ultimate G Diamond Edition (G7D o DE), Ultimate G (G7 o UG)<\/li>\n<li data-start=\"951\" data-end=\"991\">Generation 6 (G6), Generation 5 (G5)<\/li>\n<li data-start=\"992\" data-end=\"1032\">Generation 4 (G4), Generation 3 (G3)<\/li>\n<\/ul>\n<p data-start=\"1034\" data-end=\"1242\">As\u00ed, puedes estar seguro de que tu aspiradora Kirby funcionar\u00e1 perfectamente, sin importar el modelo. Para m\u00e1s informaci\u00f3n sobre la compatibilidad de las piezas, visita nuestra p\u00e1gina de <a href=\"https:\/\/www.veltec.eu\/es\/accesorios-kirby\/\" target=\"_blank\" rel=\"noopener\">repuestos Kirby.<\/a><\/p>\n<h2 data-start=\"1249\" data-end=\"1299\">\u00bfPor qu\u00e9 elegir Correa de Transmisi\u00f3n Kirby 2x?<\/h2>\n<h3 data-start=\"1301\" data-end=\"1339\">Mejora del rendimiento de limpieza<\/h3>\n<p data-start=\"1341\" data-end=\"1707\">\u00bfPor qu\u00e9 es importante tener una correa Kirby en buen estado? Una correa funcional garantiza que el rodillo cepillo gire con suficiente fuerza para eliminar profundamente suciedad, polvo y pelos de alfombras y pisos. Con el set Correa de Transmisi\u00f3n Kirby 2x, siempre disfrutar\u00e1s del m\u00e1ximo rendimiento de limpieza y de una aspiradora que funciona al 100%.<\/p>\n<p data-start=\"1709\" data-end=\"1877\">\u00bfQuieres saber m\u00e1s sobre c\u00f3mo funciona y c\u00f3mo mantener la correa? Consulta nuestro art\u00edculo del blog: <a href=\"https:\/\/www.servicio-de-aspiradoras-kirby.es\/correa-de-transmision-kirby\/\" target=\"_blank\" rel=\"noopener\">Todo lo que debes saber sobre la correa de transmisi\u00f3n Kirby.<\/a><\/p>\n<h3 data-start=\"1879\" data-end=\"1910\">Durabilidad y confiabilidad<\/h3>\n<p data-start=\"1912\" data-end=\"2280\">\u00bfQu\u00e9 tan resistente es una correa Kirby? Las Correa de Transmisi\u00f3n Kirby 2x est\u00e1n fabricadas con materiales de alta calidad y dise\u00f1adas para durar incluso con un uso intensivo. Esto significa menos reemplazos y menores costes de mantenimiento. Con dos correas en un solo set, siempre estar\u00e1s preparado, incluso en hogares donde la aspiradora se usa frecuentemente.<\/p>\n<h2 data-start=\"2287\" data-end=\"2339\">\u00bfC\u00f3mo reemplazar una Correa de Transmisi\u00f3n Kirby?<\/h2>\n<h3 data-start=\"2341\" data-end=\"2359\">F\u00e1cil y r\u00e1pido<\/h3>\n<p data-start=\"2361\" data-end=\"2542\">Reemplazar una Correa de Transmisi\u00f3n Kirby es sencillo y puede hacerlo cualquiera. Sigue estos pasos para que el rodillo cepillo de tu aspiradora vuelva a girar sin problemas:<\/p>\n<ol data-start=\"2544\" data-end=\"2848\">\n<li data-start=\"2544\" data-end=\"2600\">Apaga la aspiradora y descon\u00e9ctala de la corriente.<\/li>\n<li data-start=\"2601\" data-end=\"2661\">Retira el rodillo cepillo del cabezal de la aspiradora.<\/li>\n<li data-start=\"2662\" data-end=\"2729\">Quita la correa vieja y coloca la nueva alrededor del rodillo.<\/li>\n<li data-start=\"2730\" data-end=\"2777\">Vuelve a colocar el rodillo en el cabezal.<\/li>\n<li data-start=\"2778\" data-end=\"2848\">Conecta la aspiradora y verifica que todo funcione correctamente.<\/li>\n<\/ol>\n<p data-start=\"2850\" data-end=\"3086\">Al reemplazarla t\u00fa mismo, ahorrar\u00e1s tiempo y dinero, evitando costosas reparaciones o visitas al taller. Tambi\u00e9n puedes seguir nuestro video instructivo detallado para que tu Kirby est\u00e9 listo para usar de manera r\u00e1pida y eficiente.<\/p>\n<div  class='avia-video av-lnj3m1-de146df985dbe0dd28e2741edbd86741 avia-video-16-9 av-no-preview-image avia-video-load-always av-lazyload-immediate av-lazyload-video-embed'  itemprop=\"video\" itemtype=\"https:\/\/schema.org\/VideoObject\"  data-original_url='https:\/\/youtu.be\/9C1MGv44fgU'><script type='text\/html' class='av-video-tmpl'><div class='avia-iframe-wrap'><iframe loading=\"lazy\" title=\"Kirby vacuum Veltec - Replace your Kirby vacuum belt\" width=\"1500\" height=\"844\" src=\"https:\/\/www.youtube.com\/embed\/9C1MGv44fgU?feature=oembed&enablejsapi=1&origin=https:\/\/www.veltec.eu&autoplay=0&loop=0&controls=1&mute=0\" frameborder=\"0\" allow=\"accelerometer; autoplay; clipboard-write; encrypted-media; gyroscope; picture-in-picture; web-share\" referrerpolicy=\"strict-origin-when-cross-origin\" allowfullscreen><\/iframe><\/div><\/script><div class='av-click-to-play-overlay'><div class=\"avia_playpause_icon\"><\/div><\/div><\/div>\n<h2 data-start=\"3093\" data-end=\"3106\">Conclusi\u00f3n<\/h2>\n<p data-start=\"3108\" data-end=\"3429\">El set Correa de Transmisi\u00f3n Kirby 2x es un componente indispensable para cualquier propietario de una aspiradora Kirby. Con mejoras en el rendimiento de limpieza, durabilidad excelente, f\u00e1cil reemplazo y compatibilidad perfecta, este set ofrece todo lo necesario para mantener tu aspiradora en \u00f3ptimas condiciones.<\/p>\n<p data-start=\"3431\" data-end=\"3702\">Invierte hoy en el set Correa de Transmisi\u00f3n Kirby 2x y nota la diferencia en tu rutina de limpieza diaria. Para m\u00e1s consejos sobre el mantenimiento de tu aspiradora Kirby, lee tambi\u00e9n nuestro art\u00edculo: <a href=\"https:\/\/www.servicio-de-aspiradoras-kirby.es\/los-mejores-consejos-de-mantenimiento-kirby\/\" target=\"_blank\" rel=\"noopener\">C\u00f3mo mantener tu aspiradora Kirby en \u00f3ptimas condiciones.<\/a><\/p>\n","protected":false},"excerpt":{"rendered":"<p>El set Correa de Transmisi\u00f3n Kirby 2x asegura el funcionamiento correcto del rodillo cepillo. Incluye dos correas resistentes, compatibles con todas las aspiradoras Kirby. Para boquilla ancha con funci\u00f3n de aspiraci\u00f3n, cepillo para fregar y sistema de champ\u00fa.<\/p>\n[trustindex data-widget-id=48bbd87242952812953642309d4]\n<h3><b><br \/>\n<\/b><span style=\"color: #008000;\"><br \/>\nEn stock<\/span><\/h3>\n[av_font_icon icon='ue812' font='entypo-fontello' style='' caption='' size='25px' position='left' color='#43ad66' link='' linktarget='' title_attr='' sonar_effect_effect='' sonar_effect_color='' sonar_effect_duration='1' sonar_effect_scale='' sonar_effect_opac='0.5' animation='' id='' custom_class='' template_class='' av_uid='' sc_version='1.0' admin_preview_bg=''][\/av_font_icon]\n<p><span style=\"color: #008000;\">Pedido antes de las 23:59, enviado ma\u00f1ana<\/span><\/p>\n<p>&nbsp;<\/p>\n","protected":false},"featured_media":18736,"comment_status":"open","ping_status":"closed","template":"","meta":[],"product_brand":[],"product_cat":[337,347,338,316],"product_tag":[],"class_list":{"0":"post-11973","1":"product","2":"type-product","3":"status-publish","4":"has-post-thumbnail","6":"product_cat-cepillo-para-frotar-kirby","7":"product_cat-cepillos-accesorios-kirby","8":"product_cat-cepillos-accesorios-kirby-es","9":"product_cat-sistema-de-champu-kirby","10":"product_shipping_class-klein-es","12":"first","13":"instock","14":"taxable","15":"shipping-taxable","16":"purchasable","17":"product-type-simple"},"yoast_head":"<!-- This site is optimized with the Yoast SEO Premium plugin v27.1 (Yoast SEO v27.2) - https:\/\/yoast.com\/product\/yoast-seo-premium-wordpress\/ -->\n<title>Correa de Transmisi\u00f3n Kirby 2x \u2013 Repuesto para todos los modelos<\/title>\n<meta name=\"description\" content=\"Mejora tu aspiradora Kirby con el set Correa de Transmisi\u00f3n Kirby 2x: duradera, f\u00e1cil de instalar y compatible con todos los modelos.\" \/>\n<meta name=\"robots\" content=\"index, follow, max-snippet:-1, max-image-preview:large, max-video-preview:-1\" \/>\n<link rel=\"canonical\" href=\"https:\/\/www.veltec.eu\/nl\/product\/kirby-aandrijfriempje-2x-nl300612\/\" \/>\n<meta property=\"og:locale\" content=\"es_ES\" \/>\n<meta property=\"og:type\" content=\"article\" \/>\n<meta property=\"og:title\" content=\"Correa de Transmisi\u00f3n Kirby 2x\" \/>\n<meta property=\"og:description\" content=\"El set Correa de Transmisi\u00f3n Kirby 2x asegura el funcionamiento correcto del rodillo cepillo. Incluye dos correas resistentes, compatibles con todas las aspiradoras Kirby. Para boquilla ancha con funci\u00f3n de aspiraci\u00f3n, cepillo para fregar y sistema de champ\u00fa.     En stock   Pedido antes de las 23:59, enviado ma\u00f1ana  &nbsp;\" \/>\n<meta property=\"og:url\" content=\"https:\/\/www.veltec.eu\/nl\/product\/kirby-aandrijfriempje-2x-nl300612\/\" \/>\n<meta property=\"og:site_name\" content=\"Veltec Kirby specialist\" \/>\n<meta property=\"article:publisher\" content=\"https:\/\/www.facebook.com\/Veltec-Kirby-Specialist-236746293374877\/\" \/>\n<meta property=\"article:modified_time\" content=\"2026-01-13T12:54:17+00:00\" \/>\n<meta property=\"og:image\" content=\"https:\/\/www.veltec.eu\/wp-content\/uploads\/2018\/10\/Belt-Kirby-2-4.jpg\" \/>\n\t<meta property=\"og:image:width\" content=\"500\" \/>\n\t<meta property=\"og:image:height\" content=\"500\" \/>\n\t<meta property=\"og:image:type\" content=\"image\/jpeg\" \/>\n<meta name=\"twitter:card\" content=\"summary_large_image\" \/>\n<meta name=\"twitter:label1\" content=\"Tiempo de lectura\" \/>\n\t<meta name=\"twitter:data1\" content=\"3 minutos\" \/>\n<script type=\"application\/ld+json\" class=\"yoast-schema-graph\">{\"@context\":\"https:\/\/schema.org\",\"@graph\":[{\"@type\":\"WebPage\",\"@id\":\"https:\/\/www.veltec.eu\/nl\/product\/kirby-aandrijfriempje-2x-nl300612\/\",\"url\":\"https:\/\/www.veltec.eu\/nl\/product\/kirby-aandrijfriempje-2x-nl300612\/\",\"name\":\"Correa de Transmisi\u00f3n Kirby 2x \u2013 Repuesto para todos los modelos\",\"isPartOf\":{\"@id\":\"https:\/\/www.veltec.eu\/en\/#website\"},\"primaryImageOfPage\":{\"@id\":\"https:\/\/www.veltec.eu\/nl\/product\/kirby-aandrijfriempje-2x-nl300612\/#primaryimage\"},\"image\":{\"@id\":\"https:\/\/www.veltec.eu\/nl\/product\/kirby-aandrijfriempje-2x-nl300612\/#primaryimage\"},\"thumbnailUrl\":\"https:\/\/www.veltec.eu\/wp-content\/uploads\/2018\/10\/Belt-Kirby-2-4.jpg\",\"datePublished\":\"2018-10-16T14:28:01+00:00\",\"dateModified\":\"2026-01-13T12:54:17+00:00\",\"description\":\"Mejora tu aspiradora Kirby con el set Correa de Transmisi\u00f3n Kirby 2x: duradera, f\u00e1cil de instalar y compatible con todos los modelos.\",\"breadcrumb\":{\"@id\":\"https:\/\/www.veltec.eu\/nl\/product\/kirby-aandrijfriempje-2x-nl300612\/#breadcrumb\"},\"inLanguage\":\"es\",\"potentialAction\":[{\"@type\":\"ReadAction\",\"target\":[\"https:\/\/www.veltec.eu\/nl\/product\/kirby-aandrijfriempje-2x-nl300612\/\"]}]},{\"@type\":\"ImageObject\",\"inLanguage\":\"es\",\"@id\":\"https:\/\/www.veltec.eu\/nl\/product\/kirby-aandrijfriempje-2x-nl300612\/#primaryimage\",\"url\":\"https:\/\/www.veltec.eu\/wp-content\/uploads\/2018\/10\/Belt-Kirby-2-4.jpg\",\"contentUrl\":\"https:\/\/www.veltec.eu\/wp-content\/uploads\/2018\/10\/Belt-Kirby-2-4.jpg\",\"width\":500,\"height\":500},{\"@type\":\"BreadcrumbList\",\"@id\":\"https:\/\/www.veltec.eu\/nl\/product\/kirby-aandrijfriempje-2x-nl300612\/#breadcrumb\",\"itemListElement\":[{\"@type\":\"ListItem\",\"position\":1,\"name\":\"Home\",\"item\":\"https:\/\/www.veltec.eu\/es\/\"},{\"@type\":\"ListItem\",\"position\":2,\"name\":\"Produits\",\"item\":\"https:\/\/www.veltec.eu\/fr\/shop\/\"},{\"@type\":\"ListItem\",\"position\":3,\"name\":\"Correa de Transmisi\u00f3n Kirby 2x\"}]},{\"@type\":\"WebSite\",\"@id\":\"https:\/\/www.veltec.eu\/en\/#website\",\"url\":\"https:\/\/www.veltec.eu\/en\/\",\"name\":\"Veltec Kirby specialist\",\"description\":\"Kirby stofzuiger producten\",\"publisher\":{\"@id\":\"https:\/\/www.veltec.eu\/en\/#organization\"},\"potentialAction\":[{\"@type\":\"SearchAction\",\"target\":{\"@type\":\"EntryPoint\",\"urlTemplate\":\"https:\/\/www.veltec.eu\/en\/?s={search_term_string}\"},\"query-input\":{\"@type\":\"PropertyValueSpecification\",\"valueRequired\":true,\"valueName\":\"search_term_string\"}}],\"inLanguage\":\"es\"},{\"@type\":\"Organization\",\"@id\":\"https:\/\/www.veltec.eu\/en\/#organization\",\"name\":\"Veltec Kirby Specialist\",\"url\":\"https:\/\/www.veltec.eu\/en\/\",\"logo\":{\"@type\":\"ImageObject\",\"inLanguage\":\"es\",\"@id\":\"https:\/\/www.veltec.eu\/en\/#\/schema\/logo\/image\/\",\"url\":\"https:\/\/www.veltec.eu\/wp-content\/uploads\/2021\/12\/Veltec-log-groot-e1537260889125.png\",\"contentUrl\":\"https:\/\/www.veltec.eu\/wp-content\/uploads\/2021\/12\/Veltec-log-groot-e1537260889125.png\",\"width\":200,\"height\":60,\"caption\":\"Veltec Kirby Specialist\"},\"image\":{\"@id\":\"https:\/\/www.veltec.eu\/en\/#\/schema\/logo\/image\/\"},\"sameAs\":[\"https:\/\/www.facebook.com\/Veltec-Kirby-Specialist-236746293374877\/\",\"https:\/\/www.youtube.com\/user\/VeltecService\"]}]}<\/script>\n<!-- \/ Yoast SEO Premium plugin. -->","yoast_head_json":{"title":"Correa de Transmisi\u00f3n Kirby 2x \u2013 Repuesto para todos los modelos","description":"Mejora tu aspiradora Kirby con el set Correa de Transmisi\u00f3n Kirby 2x: duradera, f\u00e1cil de instalar y compatible con todos los modelos.","robots":{"index":"index","follow":"follow","max-snippet":"max-snippet:-1","max-image-preview":"max-image-preview:large","max-video-preview":"max-video-preview:-1"},"canonical":"https:\/\/www.veltec.eu\/nl\/product\/kirby-aandrijfriempje-2x-nl300612\/","og_locale":"es_ES","og_type":"article","og_title":"Correa de Transmisi\u00f3n Kirby 2x","og_description":"El set Correa de Transmisi\u00f3n Kirby 2x asegura el funcionamiento correcto del rodillo cepillo. Incluye dos correas resistentes, compatibles con todas las aspiradoras Kirby. Para boquilla ancha con funci\u00f3n de aspiraci\u00f3n, cepillo para fregar y sistema de champ\u00fa.     En stock   Pedido antes de las 23:59, enviado ma\u00f1ana  &nbsp;","og_url":"https:\/\/www.veltec.eu\/nl\/product\/kirby-aandrijfriempje-2x-nl300612\/","og_site_name":"Veltec Kirby specialist","article_publisher":"https:\/\/www.facebook.com\/Veltec-Kirby-Specialist-236746293374877\/","article_modified_time":"2026-01-13T12:54:17+00:00","og_image":[{"width":500,"height":500,"url":"https:\/\/www.veltec.eu\/wp-content\/uploads\/2018\/10\/Belt-Kirby-2-4.jpg","type":"image\/jpeg"}],"twitter_card":"summary_large_image","twitter_misc":{"Tiempo de lectura":"3 minutos"},"schema":{"@context":"https:\/\/schema.org","@graph":[{"@type":"WebPage","@id":"https:\/\/www.veltec.eu\/nl\/product\/kirby-aandrijfriempje-2x-nl300612\/","url":"https:\/\/www.veltec.eu\/nl\/product\/kirby-aandrijfriempje-2x-nl300612\/","name":"Correa de Transmisi\u00f3n Kirby 2x \u2013 Repuesto para todos los modelos","isPartOf":{"@id":"https:\/\/www.veltec.eu\/en\/#website"},"primaryImageOfPage":{"@id":"https:\/\/www.veltec.eu\/nl\/product\/kirby-aandrijfriempje-2x-nl300612\/#primaryimage"},"image":{"@id":"https:\/\/www.veltec.eu\/nl\/product\/kirby-aandrijfriempje-2x-nl300612\/#primaryimage"},"thumbnailUrl":"https:\/\/www.veltec.eu\/wp-content\/uploads\/2018\/10\/Belt-Kirby-2-4.jpg","datePublished":"2018-10-16T14:28:01+00:00","dateModified":"2026-01-13T12:54:17+00:00","description":"Mejora tu aspiradora Kirby con el set Correa de Transmisi\u00f3n Kirby 2x: duradera, f\u00e1cil de instalar y compatible con todos los modelos.","breadcrumb":{"@id":"https:\/\/www.veltec.eu\/nl\/product\/kirby-aandrijfriempje-2x-nl300612\/#breadcrumb"},"inLanguage":"es","potentialAction":[{"@type":"ReadAction","target":["https:\/\/www.veltec.eu\/nl\/product\/kirby-aandrijfriempje-2x-nl300612\/"]}]},{"@type":"ImageObject","inLanguage":"es","@id":"https:\/\/www.veltec.eu\/nl\/product\/kirby-aandrijfriempje-2x-nl300612\/#primaryimage","url":"https:\/\/www.veltec.eu\/wp-content\/uploads\/2018\/10\/Belt-Kirby-2-4.jpg","contentUrl":"https:\/\/www.veltec.eu\/wp-content\/uploads\/2018\/10\/Belt-Kirby-2-4.jpg","width":500,"height":500},{"@type":"BreadcrumbList","@id":"https:\/\/www.veltec.eu\/nl\/product\/kirby-aandrijfriempje-2x-nl300612\/#breadcrumb","itemListElement":[{"@type":"ListItem","position":1,"name":"Home","item":"https:\/\/www.veltec.eu\/es\/"},{"@type":"ListItem","position":2,"name":"Produits","item":"https:\/\/www.veltec.eu\/fr\/shop\/"},{"@type":"ListItem","position":3,"name":"Correa de Transmisi\u00f3n Kirby 2x"}]},{"@type":"WebSite","@id":"https:\/\/www.veltec.eu\/en\/#website","url":"https:\/\/www.veltec.eu\/en\/","name":"Veltec Kirby specialist","description":"Kirby stofzuiger producten","publisher":{"@id":"https:\/\/www.veltec.eu\/en\/#organization"},"potentialAction":[{"@type":"SearchAction","target":{"@type":"EntryPoint","urlTemplate":"https:\/\/www.veltec.eu\/en\/?s={search_term_string}"},"query-input":{"@type":"PropertyValueSpecification","valueRequired":true,"valueName":"search_term_string"}}],"inLanguage":"es"},{"@type":"Organization","@id":"https:\/\/www.veltec.eu\/en\/#organization","name":"Veltec Kirby Specialist","url":"https:\/\/www.veltec.eu\/en\/","logo":{"@type":"ImageObject","inLanguage":"es","@id":"https:\/\/www.veltec.eu\/en\/#\/schema\/logo\/image\/","url":"https:\/\/www.veltec.eu\/wp-content\/uploads\/2021\/12\/Veltec-log-groot-e1537260889125.png","contentUrl":"https:\/\/www.veltec.eu\/wp-content\/uploads\/2021\/12\/Veltec-log-groot-e1537260889125.png","width":200,"height":60,"caption":"Veltec Kirby Specialist"},"image":{"@id":"https:\/\/www.veltec.eu\/en\/#\/schema\/logo\/image\/"},"sameAs":["https:\/\/www.facebook.com\/Veltec-Kirby-Specialist-236746293374877\/","https:\/\/www.youtube.com\/user\/VeltecService"]}]}},"_links":{"self":[{"href":"https:\/\/www.veltec.eu\/es\/wp-json\/wp\/v2\/product\/11973","targetHints":{"allow":["GET"]}}],"collection":[{"href":"https:\/\/www.veltec.eu\/es\/wp-json\/wp\/v2\/product"}],"about":[{"href":"https:\/\/www.veltec.eu\/es\/wp-json\/wp\/v2\/types\/product"}],"replies":[{"embeddable":true,"href":"https:\/\/www.veltec.eu\/es\/wp-json\/wp\/v2\/comments?post=11973"}],"wp:featuredmedia":[{"embeddable":true,"href":"https:\/\/www.veltec.eu\/es\/wp-json\/wp\/v2\/media\/18736"}],"wp:attachment":[{"href":"https:\/\/www.veltec.eu\/es\/wp-json\/wp\/v2\/media?parent=11973"}],"wp:term":[{"taxonomy":"product_brand","embeddable":true,"href":"https:\/\/www.veltec.eu\/es\/wp-json\/wp\/v2\/product_brand?post=11973"},{"taxonomy":"product_cat","embeddable":true,"href":"https:\/\/www.veltec.eu\/es\/wp-json\/wp\/v2\/product_cat?post=11973"},{"taxonomy":"product_tag","embeddable":true,"href":"https:\/\/www.veltec.eu\/es\/wp-json\/wp\/v2\/product_tag?post=11973"}],"curies":[{"name":"wp","href":"https:\/\/api.w.org\/{rel}","templated":true}]}}