{"id":11963,"date":"2018-10-17T14:52:00","date_gmt":"2018-10-17T12:52:00","guid":{"rendered":"https:\/\/www.veltec.eu\/kirby-webshop\/champu-para-alfombras-kirby-946-ml-nl3122\/"},"modified":"2025-11-12T20:00:12","modified_gmt":"2025-11-12T18:00:12","slug":"champu-para-alfombras-kirby-946-ml-nl3122","status":"publish","type":"product","link":"https:\/\/www.veltec.eu\/es\/product\/champu-para-alfombras-kirby-946-ml-nl3122\/","title":{"rendered":"Champ\u00fa para Alfombras Kirby 946 ml."},"content":{"rendered":"<h1 data-start=\"160\" data-end=\"234\">Champ\u00fa para Alfombras Kirby 946 ml \u2013 Limpieza Potente para Cada Alfombra<\/h1>\n<p data-start=\"236\" data-end=\"664\">Conozca el Champ\u00fa para Alfombras Kirby 946 ml, la soluci\u00f3n ideal para una limpieza profunda y segura de todas sus alfombras y moquetas. Este potente champ\u00fa penetra en las fibras, elimina la suciedad y las manchas m\u00e1s dif\u00edciles, y al mismo tiempo protege los colores y la frescura de su alfombra. Elija el Champ\u00fa para Alfombras Kirby 946 ml y disfrute de alfombras limpias, frescas y con colores intactos en toda su casa.<\/p>\n<h2 data-start=\"666\" data-end=\"715\">\u00bfQu\u00e9 es el Champ\u00fa para Alfombras Kirby ?<\/h2>\n<p data-start=\"717\" data-end=\"1263\">El Champ\u00fa para Alfombras Kirby es un producto de limpieza de alta calidad, especialmente dise\u00f1ado para todos los sistemas de champ\u00fa de alfombras y pisos Kirby. Penetra profundamente en las fibras de la alfombra, eliminando eficazmente la suciedad, las manchas y los al\u00e9rgenos. Gracias a la capa protectora Kirby Guard, su alfombra mantiene por m\u00e1s tiempo su apariencia fresca y sus colores originales. El champ\u00fa tiene un pH de 9, ideal para alfombras con colores duraderos, y est\u00e1 disponible en botellas de 946 ml y 3.785 litros.<\/p>\n<p data-start=\"717\" data-end=\"1263\">Descubra todos los <a class=\"decorated-link cursor-pointer\" href=\"https:\/\/www.veltec.eu\/es\/?page_id=59744\" target=\"_blank\" rel=\"noopener\" data-start=\"1286\" data-end=\"1356\">productos de limpieza Kirby<\/a> para un arsenal de limpieza completo.<\/p>\n<h2 data-start=\"1398\" data-end=\"1448\">\u00bfPara qu\u00e9 sirve el Champ\u00fa para Alfombras Kirby?<\/h2>\n<p data-start=\"1450\" data-end=\"1785\">\u00bfDesea limpiar a fondo sus alfombras sin da\u00f1arlas? El Champ\u00fa para Alfombras Kirby\u00a0ofrece una soluci\u00f3n segura, eficaz y respetuosa con el medio ambiente. Su f\u00f3rmula es no t\u00f3xica, biodegradable y adecuada para hogares con ni\u00f1os y mascotas. Adem\u00e1s, restaura los colores y la frescura de las alfombras, dej\u00e1ndolas como nuevas.<\/p>\n<p data-start=\"1787\" data-end=\"1948\">Lea m\u00e1s sobre productos de limpieza en el blog: <a href=\"https:\/\/www.servicio-de-aspiradoras-kirby.es\/productos-de-limpieza-kirby\/\" target=\"_blank\" rel=\"noopener\">Todo sobre los productos de limpieza Kirby.<\/a><\/p>\n<h2 data-start=\"1950\" data-end=\"1999\">\u00bfC\u00f3mo utilizar el Champ\u00fa para Alfombras Kirby?<\/h2>\n<p data-start=\"2001\" data-end=\"2430\">\u00bfC\u00f3mo lograr la mejor limpieza con el Champ\u00fa para Alfombras Kirby ?<br data-start=\"2078\" data-end=\"2081\" \/>Rellene el sistema de champ\u00fa Kirby con la cantidad recomendada de champ\u00fa y agua, y deje que el sistema haga su trabajo. Gracias a su acci\u00f3n espumante, la suciedad se desprende r\u00e1pidamente y se aspira. Para obtener los mejores resultados, se recomienda probar primero en una zona peque\u00f1a y discreta de la alfombra, evitando posibles decoloraciones.<\/p>\n<p data-start=\"2432\" data-end=\"2554\">Consulte nuestros <a class=\"decorated-link cursor-pointer\" href=\"https:\/\/www.veltec.eu\/es\/?page_id=59929\" target=\"_blank\" rel=\"noopener\" data-start=\"2450\" data-end=\"2514\">sistemas de champ\u00fa Kirby<\/a> para ver qu\u00e9 modelos son compatibles.<\/p>\n<h2 data-start=\"2556\" data-end=\"2608\">Aspectos t\u00e9cnicos del Champ\u00fa para Alfombras Kirby<\/h2>\n<p data-start=\"2610\" data-end=\"2722\">El Champ\u00fa para Alfombras Kirby\u00a0es compatible con todos los modelos de aspiradoras Kirby, incluidos:<\/p>\n<ul data-start=\"2724\" data-end=\"2939\">\n<li data-start=\"2724\" data-end=\"2763\">Avalir Platinum, Avalir 2, Avalir 1<\/li>\n<li data-start=\"2764\" data-end=\"2801\">Sentria 2 (G10D), Sentria 1 (G10)<\/li>\n<li data-start=\"2802\" data-end=\"2857\">Ultimate G Diamond Ed. (G7D\/DE), Ultimate G (G7\/UG)<\/li>\n<li data-start=\"2858\" data-end=\"2898\">Generation 6 (G6), Generation 5 (G5)<\/li>\n<li data-start=\"2899\" data-end=\"2939\">Generation 4 (G4), Generation 3 (G3)<\/li>\n<\/ul>\n<p data-start=\"2941\" data-end=\"3100\">La f\u00f3rmula penetra profundamente en las fibras, mantiene la fidelidad del color, neutraliza olores y protege las alfombras de la suciedad durante m\u00e1s tiempo.<\/p>\n<p data-start=\"3102\" data-end=\"3197\">Lea tambi\u00e9n:<a href=\"https:\/\/www.servicio-de-aspiradoras-kirby.es\/champu-kirby\/\" target=\"_blank\" rel=\"noopener\"> Todo sobre el champ\u00fa Kirby.<\/a><\/p>\n<h2 data-start=\"3199\" data-end=\"3245\">Mantenimiento y consejos para un uso \u00f3ptimo<\/h2>\n<p data-start=\"3247\" data-end=\"3592\">\u00bfQuiere que sus alfombras se mantengan frescas y limpias siempre?<br data-start=\"3312\" data-end=\"3315\" \/>Limpie regularmente con el Champ\u00fa para Alfombras Kirby 946 ml. Para un efecto duradero, use la dosis correcta y deje que la alfombra se seque completamente despu\u00e9s de la limpieza. Una limpieza constante prolonga la vida \u00fatil de las alfombras y mantiene su brillo y color.<\/p>\n<p data-start=\"3594\" data-end=\"3790\">El Champ\u00fa para Alfombras Kirby 946 ml es la elecci\u00f3n confiable para una limpieza profunda, conservaci\u00f3n del color y uso ecol\u00f3gico. Invierta hoy y disfrute de alfombras relucientes y frescas.<\/p>\n","protected":false},"excerpt":{"rendered":"<p>El Champ\u00fa para Alfombras Kirby 946 ml ofrece una limpieza profunda y segura de alfombras y moquetas. Su f\u00f3rmula elimina suciedad y manchas, protege los colores y deja un aroma fresco.<\/p>\n[trustindex data-widget-id=48bbd87242952812953642309d4]\n<h3><b><br \/>\n<\/b><span style=\"color: #008000;\"><br \/>\nEn stock<\/span><\/h3>\n[av_font_icon icon='ue812' font='entypo-fontello' style='' caption='' size='25px' position='left' color='#43ad66' link='' linktarget='' title_attr='' sonar_effect_effect='' sonar_effect_color='' sonar_effect_duration='1' sonar_effect_scale='' sonar_effect_opac='0.5' animation='' id='' custom_class='' template_class='' av_uid='' sc_version='1.0' admin_preview_bg=''][\/av_font_icon]\n<p><span style=\"color: #008000;\">Pedido antes de las 23:59, enviado ma\u00f1ana<\/span><\/p>\n<p>&nbsp;<\/p>\n","protected":false},"featured_media":41238,"comment_status":"open","ping_status":"closed","template":"","meta":{"_acf_changed":false},"product_brand":[],"product_cat":[1249,316],"product_tag":[],"class_list":{"0":"post-11963","1":"product","2":"type-product","3":"status-publish","4":"has-post-thumbnail","6":"product_cat-productos-de-limpieza-kirby","7":"product_cat-sistema-de-champu-kirby","8":"product_shipping_class-klein-es","10":"first","11":"instock","12":"taxable","13":"shipping-taxable","14":"purchasable","15":"product-type-simple"},"acf":[],"yoast_head":"<!-- This site is optimized with the Yoast SEO Premium plugin v27.1 (Yoast SEO v27.5) - https:\/\/yoast.com\/product\/yoast-seo-premium-wordpress\/ -->\n<title>Champ\u00fa para Alfombras Kirby 946 ml \u2013 Limpieza Profunda<\/title>\n<meta name=\"description\" content=\"Limpie sus alfombras con el Champ\u00fa para Alfombras Kirby 946 ml. Elimina manchas, protege los colores y deja sus alfombras frescas y limpias.\" \/>\n<meta name=\"robots\" content=\"index, follow, max-snippet:-1, max-image-preview:large, max-video-preview:-1\" \/>\n<link rel=\"canonical\" href=\"https:\/\/www.veltec.eu\/es\/product\/champu-para-alfombras-kirby-946-ml-nl3122\/\" \/>\n<meta property=\"og:locale\" content=\"es_ES\" \/>\n<meta property=\"og:type\" content=\"article\" \/>\n<meta property=\"og:title\" content=\"Champ\u00fa para Alfombras Kirby 946 ml.\" \/>\n<meta property=\"og:description\" content=\"El Champ\u00fa para Alfombras Kirby 946 ml ofrece una limpieza profunda y segura de alfombras y moquetas. Su f\u00f3rmula elimina suciedad y manchas, protege los colores y deja un aroma fresco.     En stock   Pedido antes de las 23:59, enviado ma\u00f1ana  &nbsp;\" \/>\n<meta property=\"og:url\" content=\"https:\/\/www.veltec.eu\/es\/product\/champu-para-alfombras-kirby-946-ml-nl3122\/\" \/>\n<meta property=\"og:site_name\" content=\"Veltec Kirby specialist\" \/>\n<meta property=\"article:publisher\" content=\"https:\/\/www.facebook.com\/Veltec-Kirby-Specialist-236746293374877\/\" \/>\n<meta property=\"article:modified_time\" content=\"2025-11-12T18:00:12+00:00\" \/>\n<meta property=\"og:image\" content=\"https:\/\/www.veltec.eu\/wp-content\/uploads\/2018\/10\/71WLw64Sp1L._AC_SS450_-3.jpg\" \/>\n\t<meta property=\"og:image:width\" content=\"484\" \/>\n\t<meta property=\"og:image:height\" content=\"484\" \/>\n\t<meta property=\"og:image:type\" content=\"image\/jpeg\" \/>\n<meta name=\"twitter:card\" content=\"summary_large_image\" \/>\n<meta name=\"twitter:label1\" content=\"Tiempo de lectura\" \/>\n\t<meta name=\"twitter:data1\" content=\"3 minutos\" \/>\n<script type=\"application\/ld+json\" class=\"yoast-schema-graph\">{\"@context\":\"https:\\\/\\\/schema.org\",\"@graph\":[{\"@type\":\"WebPage\",\"@id\":\"https:\\\/\\\/www.veltec.eu\\\/es\\\/product\\\/champu-para-alfombras-kirby-946-ml-nl3122\\\/\",\"url\":\"https:\\\/\\\/www.veltec.eu\\\/es\\\/product\\\/champu-para-alfombras-kirby-946-ml-nl3122\\\/\",\"name\":\"Champ\u00fa para Alfombras Kirby 946 ml \u2013 Limpieza Profunda\",\"isPartOf\":{\"@id\":\"https:\\\/\\\/www.veltec.eu\\\/en\\\/#website\"},\"primaryImageOfPage\":{\"@id\":\"https:\\\/\\\/www.veltec.eu\\\/es\\\/product\\\/champu-para-alfombras-kirby-946-ml-nl3122\\\/#primaryimage\"},\"image\":{\"@id\":\"https:\\\/\\\/www.veltec.eu\\\/es\\\/product\\\/champu-para-alfombras-kirby-946-ml-nl3122\\\/#primaryimage\"},\"thumbnailUrl\":\"https:\\\/\\\/www.veltec.eu\\\/wp-content\\\/uploads\\\/2018\\\/10\\\/71WLw64Sp1L._AC_SS450_-3.jpg\",\"datePublished\":\"2018-10-17T12:52:00+00:00\",\"dateModified\":\"2025-11-12T18:00:12+00:00\",\"description\":\"Limpie sus alfombras con el Champ\u00fa para Alfombras Kirby 946 ml. Elimina manchas, protege los colores y deja sus alfombras frescas y limpias.\",\"breadcrumb\":{\"@id\":\"https:\\\/\\\/www.veltec.eu\\\/es\\\/product\\\/champu-para-alfombras-kirby-946-ml-nl3122\\\/#breadcrumb\"},\"inLanguage\":\"es\",\"potentialAction\":[{\"@type\":\"ReadAction\",\"target\":[\"https:\\\/\\\/www.veltec.eu\\\/es\\\/product\\\/champu-para-alfombras-kirby-946-ml-nl3122\\\/\"]}]},{\"@type\":\"ImageObject\",\"inLanguage\":\"es\",\"@id\":\"https:\\\/\\\/www.veltec.eu\\\/es\\\/product\\\/champu-para-alfombras-kirby-946-ml-nl3122\\\/#primaryimage\",\"url\":\"https:\\\/\\\/www.veltec.eu\\\/wp-content\\\/uploads\\\/2018\\\/10\\\/71WLw64Sp1L._AC_SS450_-3.jpg\",\"contentUrl\":\"https:\\\/\\\/www.veltec.eu\\\/wp-content\\\/uploads\\\/2018\\\/10\\\/71WLw64Sp1L._AC_SS450_-3.jpg\",\"width\":484,\"height\":484},{\"@type\":\"BreadcrumbList\",\"@id\":\"https:\\\/\\\/www.veltec.eu\\\/es\\\/product\\\/champu-para-alfombras-kirby-946-ml-nl3122\\\/#breadcrumb\",\"itemListElement\":[{\"@type\":\"ListItem\",\"position\":1,\"name\":\"Home\",\"item\":\"https:\\\/\\\/www.veltec.eu\\\/es\\\/pagina-de-inicio\\\/\"},{\"@type\":\"ListItem\",\"position\":2,\"name\":\"Tienda Kirby\",\"item\":\"https:\\\/\\\/www.veltec.eu\\\/es\\\/tienda-kirby\\\/\"},{\"@type\":\"ListItem\",\"position\":3,\"name\":\"Champ\u00fa para Alfombras Kirby 946 ml.\"}]},{\"@type\":\"WebSite\",\"@id\":\"https:\\\/\\\/www.veltec.eu\\\/en\\\/#website\",\"url\":\"https:\\\/\\\/www.veltec.eu\\\/en\\\/\",\"name\":\"Veltec Kirby specialist\",\"description\":\"Kirby stofzuiger producten\",\"publisher\":{\"@id\":\"https:\\\/\\\/www.veltec.eu\\\/en\\\/#organization\"},\"potentialAction\":[{\"@type\":\"SearchAction\",\"target\":{\"@type\":\"EntryPoint\",\"urlTemplate\":\"https:\\\/\\\/www.veltec.eu\\\/en\\\/?s={search_term_string}\"},\"query-input\":{\"@type\":\"PropertyValueSpecification\",\"valueRequired\":true,\"valueName\":\"search_term_string\"}}],\"inLanguage\":\"es\"},{\"@type\":\"Organization\",\"@id\":\"https:\\\/\\\/www.veltec.eu\\\/en\\\/#organization\",\"name\":\"Veltec Kirby Specialist\",\"url\":\"https:\\\/\\\/www.veltec.eu\\\/en\\\/\",\"logo\":{\"@type\":\"ImageObject\",\"inLanguage\":\"es\",\"@id\":\"https:\\\/\\\/www.veltec.eu\\\/en\\\/#\\\/schema\\\/logo\\\/image\\\/\",\"url\":\"https:\\\/\\\/www.veltec.eu\\\/wp-content\\\/uploads\\\/2021\\\/12\\\/Veltec-log-groot-e1537260889125.png\",\"contentUrl\":\"https:\\\/\\\/www.veltec.eu\\\/wp-content\\\/uploads\\\/2021\\\/12\\\/Veltec-log-groot-e1537260889125.png\",\"width\":200,\"height\":60,\"caption\":\"Veltec Kirby Specialist\"},\"image\":{\"@id\":\"https:\\\/\\\/www.veltec.eu\\\/en\\\/#\\\/schema\\\/logo\\\/image\\\/\"},\"sameAs\":[\"https:\\\/\\\/www.facebook.com\\\/Veltec-Kirby-Specialist-236746293374877\\\/\",\"https:\\\/\\\/www.youtube.com\\\/user\\\/VeltecService\"]}]}<\/script>\n<!-- \/ Yoast SEO Premium plugin. -->","yoast_head_json":{"title":"Champ\u00fa para Alfombras Kirby 946 ml \u2013 Limpieza Profunda","description":"Limpie sus alfombras con el Champ\u00fa para Alfombras Kirby 946 ml. Elimina manchas, protege los colores y deja sus alfombras frescas y limpias.","robots":{"index":"index","follow":"follow","max-snippet":"max-snippet:-1","max-image-preview":"max-image-preview:large","max-video-preview":"max-video-preview:-1"},"canonical":"https:\/\/www.veltec.eu\/es\/product\/champu-para-alfombras-kirby-946-ml-nl3122\/","og_locale":"es_ES","og_type":"article","og_title":"Champ\u00fa para Alfombras Kirby 946 ml.","og_description":"El Champ\u00fa para Alfombras Kirby 946 ml ofrece una limpieza profunda y segura de alfombras y moquetas. Su f\u00f3rmula elimina suciedad y manchas, protege los colores y deja un aroma fresco.     En stock   Pedido antes de las 23:59, enviado ma\u00f1ana  &nbsp;","og_url":"https:\/\/www.veltec.eu\/es\/product\/champu-para-alfombras-kirby-946-ml-nl3122\/","og_site_name":"Veltec Kirby specialist","article_publisher":"https:\/\/www.facebook.com\/Veltec-Kirby-Specialist-236746293374877\/","article_modified_time":"2025-11-12T18:00:12+00:00","og_image":[{"width":484,"height":484,"url":"https:\/\/www.veltec.eu\/wp-content\/uploads\/2018\/10\/71WLw64Sp1L._AC_SS450_-3.jpg","type":"image\/jpeg"}],"twitter_card":"summary_large_image","twitter_misc":{"Tiempo de lectura":"3 minutos"},"schema":{"@context":"https:\/\/schema.org","@graph":[{"@type":"WebPage","@id":"https:\/\/www.veltec.eu\/es\/product\/champu-para-alfombras-kirby-946-ml-nl3122\/","url":"https:\/\/www.veltec.eu\/es\/product\/champu-para-alfombras-kirby-946-ml-nl3122\/","name":"Champ\u00fa para Alfombras Kirby 946 ml \u2013 Limpieza Profunda","isPartOf":{"@id":"https:\/\/www.veltec.eu\/en\/#website"},"primaryImageOfPage":{"@id":"https:\/\/www.veltec.eu\/es\/product\/champu-para-alfombras-kirby-946-ml-nl3122\/#primaryimage"},"image":{"@id":"https:\/\/www.veltec.eu\/es\/product\/champu-para-alfombras-kirby-946-ml-nl3122\/#primaryimage"},"thumbnailUrl":"https:\/\/www.veltec.eu\/wp-content\/uploads\/2018\/10\/71WLw64Sp1L._AC_SS450_-3.jpg","datePublished":"2018-10-17T12:52:00+00:00","dateModified":"2025-11-12T18:00:12+00:00","description":"Limpie sus alfombras con el Champ\u00fa para Alfombras Kirby 946 ml. Elimina manchas, protege los colores y deja sus alfombras frescas y limpias.","breadcrumb":{"@id":"https:\/\/www.veltec.eu\/es\/product\/champu-para-alfombras-kirby-946-ml-nl3122\/#breadcrumb"},"inLanguage":"es","potentialAction":[{"@type":"ReadAction","target":["https:\/\/www.veltec.eu\/es\/product\/champu-para-alfombras-kirby-946-ml-nl3122\/"]}]},{"@type":"ImageObject","inLanguage":"es","@id":"https:\/\/www.veltec.eu\/es\/product\/champu-para-alfombras-kirby-946-ml-nl3122\/#primaryimage","url":"https:\/\/www.veltec.eu\/wp-content\/uploads\/2018\/10\/71WLw64Sp1L._AC_SS450_-3.jpg","contentUrl":"https:\/\/www.veltec.eu\/wp-content\/uploads\/2018\/10\/71WLw64Sp1L._AC_SS450_-3.jpg","width":484,"height":484},{"@type":"BreadcrumbList","@id":"https:\/\/www.veltec.eu\/es\/product\/champu-para-alfombras-kirby-946-ml-nl3122\/#breadcrumb","itemListElement":[{"@type":"ListItem","position":1,"name":"Home","item":"https:\/\/www.veltec.eu\/es\/pagina-de-inicio\/"},{"@type":"ListItem","position":2,"name":"Tienda Kirby","item":"https:\/\/www.veltec.eu\/es\/tienda-kirby\/"},{"@type":"ListItem","position":3,"name":"Champ\u00fa para Alfombras Kirby 946 ml."}]},{"@type":"WebSite","@id":"https:\/\/www.veltec.eu\/en\/#website","url":"https:\/\/www.veltec.eu\/en\/","name":"Veltec Kirby specialist","description":"Kirby stofzuiger producten","publisher":{"@id":"https:\/\/www.veltec.eu\/en\/#organization"},"potentialAction":[{"@type":"SearchAction","target":{"@type":"EntryPoint","urlTemplate":"https:\/\/www.veltec.eu\/en\/?s={search_term_string}"},"query-input":{"@type":"PropertyValueSpecification","valueRequired":true,"valueName":"search_term_string"}}],"inLanguage":"es"},{"@type":"Organization","@id":"https:\/\/www.veltec.eu\/en\/#organization","name":"Veltec Kirby Specialist","url":"https:\/\/www.veltec.eu\/en\/","logo":{"@type":"ImageObject","inLanguage":"es","@id":"https:\/\/www.veltec.eu\/en\/#\/schema\/logo\/image\/","url":"https:\/\/www.veltec.eu\/wp-content\/uploads\/2021\/12\/Veltec-log-groot-e1537260889125.png","contentUrl":"https:\/\/www.veltec.eu\/wp-content\/uploads\/2021\/12\/Veltec-log-groot-e1537260889125.png","width":200,"height":60,"caption":"Veltec Kirby Specialist"},"image":{"@id":"https:\/\/www.veltec.eu\/en\/#\/schema\/logo\/image\/"},"sameAs":["https:\/\/www.facebook.com\/Veltec-Kirby-Specialist-236746293374877\/","https:\/\/www.youtube.com\/user\/VeltecService"]}]}},"_links":{"self":[{"href":"https:\/\/www.veltec.eu\/es\/wp-json\/wp\/v2\/product\/11963","targetHints":{"allow":["GET"]}}],"collection":[{"href":"https:\/\/www.veltec.eu\/es\/wp-json\/wp\/v2\/product"}],"about":[{"href":"https:\/\/www.veltec.eu\/es\/wp-json\/wp\/v2\/types\/product"}],"replies":[{"embeddable":true,"href":"https:\/\/www.veltec.eu\/es\/wp-json\/wp\/v2\/comments?post=11963"}],"wp:featuredmedia":[{"embeddable":true,"href":"https:\/\/www.veltec.eu\/es\/wp-json\/wp\/v2\/media\/41238"}],"wp:attachment":[{"href":"https:\/\/www.veltec.eu\/es\/wp-json\/wp\/v2\/media?parent=11963"}],"wp:term":[{"taxonomy":"product_brand","embeddable":true,"href":"https:\/\/www.veltec.eu\/es\/wp-json\/wp\/v2\/product_brand?post=11963"},{"taxonomy":"product_cat","embeddable":true,"href":"https:\/\/www.veltec.eu\/es\/wp-json\/wp\/v2\/product_cat?post=11963"},{"taxonomy":"product_tag","embeddable":true,"href":"https:\/\/www.veltec.eu\/es\/wp-json\/wp\/v2\/product_tag?post=11963"}],"curies":[{"name":"wp","href":"https:\/\/api.w.org\/{rel}","templated":true}]}}