{"id":11842,"date":"2018-10-17T16:01:42","date_gmt":"2018-10-17T14:01:42","guid":{"rendered":"https:\/\/www.veltec.eu\/kirby-webshop\/kirby-boen-systeem-gereconditioneerd\/"},"modified":"2025-04-18T15:58:48","modified_gmt":"2025-04-18T13:58:48","slug":"sistema-de-frotar-kirby-reacondicionado","status":"publish","type":"product","link":"https:\/\/www.veltec.eu\/es\/product\/sistema-de-frotar-kirby-reacondicionado\/","title":{"rendered":"Sistema de Frotar Kirby Reacondicionado"},"content":{"rendered":"<h1>Sistema de Frotar Kirby Reacondicionado<\/h1>\n<p>Sistema de Frotar Kirby Reacondicionado, para pulir y encerar superficies de suelo duro.<br \/>\nSin rodillo de cera<br \/>\nPor favor tenga en cuenta que este no es un producto nuevo pero esta 100% bien y con un 50% de descuento.<\/p>\n<p><strong>Este sistema de pulido es adecuado para cualquier aspiradora Kirby;<\/strong><\/p>\n<ul>\n<li>Avalir Platinum<\/li>\n<li>Avalir 2<\/li>\n<li>Avalir 1<\/li>\n<li>Sentria 2 (G10D)<\/li>\n<li>Sentria 1 (G10)<\/li>\n<li>Ultimate G Diamond Ed.(G7D or DE)<\/li>\n<li>Ultimate G (G7 or UG)<\/li>\n<li>Generation 6 (G6)<\/li>\n<li>Generation 5 (G5)<\/li>\n<li>Generation 4 (G4)<\/li>\n<li>Generation 3 (G3)<\/li>\n<\/ul>\n<h2>Sistema de Frotar Kirby Reacondicionado &#8211; \u00a1Perfecto para un Suelo Radiante!<\/h2>\n<p>\u00bfEst\u00e1 buscando una forma eficaz de pulir y encerar las superficies de sus suelos duros? \u00a1El Sistema de Fregado Kirby Reacondicionado es la soluci\u00f3n! Este sistema de encerado de alta calidad, totalmente reacondicionado y 100% funcional, le ayuda a mantener sus suelos en las mejores condiciones. \u00bfY la mejor noticia? Obtendr\u00e1 un descuento del 50% en este modelo reacondicionado.<\/p>\n<p><a href=\"https:\/\/www.veltec.eu\/es\/sistema-de-limpieza-kirby-y-accesorios\/\">Encuentre todos los Cepillo para Frotar Kirby aqu\u00ed<\/a><\/p>\n<h3>\u00bfQu\u00e9 es el Sistema Frotar de Kirby?<\/h3>\n<p>El Sistema frotar de Kirby est\u00e1 especialmente dise\u00f1ado para pulir y encerar suelos duros, ayud\u00e1ndoles a conservar su brillo natural y a durar m\u00e1s tiempo. Este sistema es ideal para diferentes tipos de suelos, tales como:<\/p>\n<ul>\n<li>Suelos de madera<\/li>\n<li>Suelos de baldosas<\/li>\n<li>Suelos de m\u00e1rmol<\/li>\n<li>Suelos laminados<\/li>\n<\/ul>\n<p>Gracias al robusto dise\u00f1o y al potente rendimiento de los equipos Kirby, pulir y encerar se convierte en un trabajo f\u00e1cil. Tenga en cuenta que el rodillo de cera no est\u00e1 incluido.<\/p>\n<h3>\u00bfPor qu\u00e9 elegir un Sistema de Frotar Kirby Reacondicionado?<\/h3>\n<p>Un producto reacondicionado significa que ha sido cuidadosamente revisado, limpiado y probado para asegurar su perfecto funcionamiento. Este sistema de pulido no es un producto nuevo, pero funciona plenamente como deber\u00eda. Usted se beneficia de las siguientes ventajas<\/p>\n<ul>\n<li>100% de funcionamiento y totalmente revisado<\/li>\n<li>50% m\u00e1s barato que un modelo nuevo<\/li>\n<li>Elecci\u00f3n sostenible, porque estimula el reciclaje<\/li>\n<li>Apto para todas las aspiradoras Kirby<\/li>\n<\/ul>\n<h3>Instalaci\u00f3n y uso sencillos<\/h3>\n<p>El sistema frotar de Kirby es f\u00e1cil de instalar en su aspiradora Kirby. En pocos minutos estar\u00e1 listo para empezar a trabajar. La potente rotaci\u00f3n garantiza un fregado y abrillantado profesional de sus suelos.<\/p>\n<h3>\u00bfC\u00f3mo funciona?<\/h3>\n<ol>\n<li>Acople el sistema de pulido a su aspiradora Kirby.<\/li>\n<li>Aplique una cera para suelos adecuada (se vende por separado).<\/li>\n<li>Deje que el aparato haga el trabajo y disfrute de un resultado brillante.<\/li>\n<\/ol>\n<h3>\u00a1P\u00eddalo ahora con un 50% de descuento!<\/h3>\n<p>\u00bfQuiere que sus suelos brillen sin tener que pagar un dineral? Este sistema Kirby frotar reacondicionado le ofrece la calidad a la que est\u00e1 acostumbrado, pero a una fracci\u00f3n del precio. No espere demasiado, porque se ha ido = \u00a1se ha ido!<\/p>\n<p>P\u00eddalo hoy y d\u00e9 a sus suelos el cuidado que se merecen.<\/p>\n","protected":false},"excerpt":{"rendered":"<p>Sistema de frotado completo Reacondicionado, para el pulido y encerado de pisos duros.<\/p>\n[trustindex data-widget-id=48bbd87242952812953642309d4]\n<h3><b><br \/>\n<\/b><span style=\"color: #008000;\"><br \/>\nEn stock<\/span><\/h3>\n[av_font_icon icon='ue812' font='entypo-fontello' style='' caption='' size='25px' position='left' color='#43ad66' link='' linktarget='' title_attr='' sonar_effect_effect='' sonar_effect_color='' sonar_effect_duration='1' sonar_effect_scale='' sonar_effect_opac='0.5' animation='' id='' custom_class='' template_class='' av_uid='' sc_version='1.0' admin_preview_bg=''][\/av_font_icon]\n<p><span style=\"color: #008000;\">Pedido antes de las 23:59, enviado ma\u00f1ana<\/span><\/p>\n<p>&nbsp;<\/p>\n","protected":false},"featured_media":91445,"comment_status":"open","ping_status":"closed","template":"","meta":[],"product_brand":[],"product_cat":[337],"product_tag":[],"class_list":{"0":"post-11842","1":"product","2":"type-product","3":"status-publish","4":"has-post-thumbnail","6":"product_cat-cepillo-para-frotar-kirby","7":"product_shipping_class-klein-es","9":"first","10":"instock","11":"sale","12":"taxable","13":"shipping-taxable","14":"purchasable","15":"product-type-variable"},"yoast_head":"<!-- This site is optimized with the Yoast SEO Premium plugin v27.1 (Yoast SEO v27.4) - https:\/\/yoast.com\/product\/yoast-seo-premium-wordpress\/ -->\n<title>Sistema de Frotar Kirby Reacondicionado - Veltec Kirby specialist<\/title>\n<meta name=\"description\" content=\"Sistema de Frotar Kirby Reacondicionado - Veltec es el proveedor de las aspiradoras Kirby desde hace m\u00e1s de 20 a\u00f1os. Kirby es su especialista de confianza.\" \/>\n<meta name=\"robots\" content=\"index, follow, max-snippet:-1, max-image-preview:large, max-video-preview:-1\" \/>\n<link rel=\"canonical\" href=\"https:\/\/www.veltec.eu\/es\/product\/sistema-de-frotar-kirby-reacondicionado\/\" \/>\n<meta property=\"og:locale\" content=\"es_ES\" \/>\n<meta property=\"og:type\" content=\"article\" \/>\n<meta property=\"og:title\" content=\"Sistema de Frotar Kirby Reacondicionado\" \/>\n<meta property=\"og:description\" content=\"Sistema de frotado completo Reacondicionado, para el pulido y encerado de pisos duros.     En stock   Pedido antes de las 23:59, enviado ma\u00f1ana  &nbsp;\" \/>\n<meta property=\"og:url\" content=\"https:\/\/www.veltec.eu\/es\/product\/sistema-de-frotar-kirby-reacondicionado\/\" \/>\n<meta property=\"og:site_name\" content=\"Veltec Kirby specialist\" \/>\n<meta property=\"article:publisher\" content=\"https:\/\/www.facebook.com\/Veltec-Kirby-Specialist-236746293374877\/\" \/>\n<meta property=\"article:modified_time\" content=\"2025-04-18T13:58:48+00:00\" \/>\n<meta property=\"og:image\" content=\"https:\/\/www.veltec.eu\/wp-content\/uploads\/2018\/10\/Kirby-boensystem.png\" \/>\n\t<meta property=\"og:image:width\" content=\"300\" \/>\n\t<meta property=\"og:image:height\" content=\"300\" \/>\n\t<meta property=\"og:image:type\" content=\"image\/png\" \/>\n<meta name=\"twitter:card\" content=\"summary_large_image\" \/>\n<meta name=\"twitter:label1\" content=\"Tiempo de lectura\" \/>\n\t<meta name=\"twitter:data1\" content=\"3 minutos\" \/>\n<script type=\"application\/ld+json\" class=\"yoast-schema-graph\">{\"@context\":\"https:\\\/\\\/schema.org\",\"@graph\":[{\"@type\":\"WebPage\",\"@id\":\"https:\\\/\\\/www.veltec.eu\\\/es\\\/product\\\/sistema-de-frotar-kirby-reacondicionado\\\/\",\"url\":\"https:\\\/\\\/www.veltec.eu\\\/es\\\/product\\\/sistema-de-frotar-kirby-reacondicionado\\\/\",\"name\":\"Sistema de Frotar Kirby Reacondicionado - Veltec Kirby specialist\",\"isPartOf\":{\"@id\":\"https:\\\/\\\/www.veltec.eu\\\/en\\\/#website\"},\"primaryImageOfPage\":{\"@id\":\"https:\\\/\\\/www.veltec.eu\\\/es\\\/product\\\/sistema-de-frotar-kirby-reacondicionado\\\/#primaryimage\"},\"image\":{\"@id\":\"https:\\\/\\\/www.veltec.eu\\\/es\\\/product\\\/sistema-de-frotar-kirby-reacondicionado\\\/#primaryimage\"},\"thumbnailUrl\":\"https:\\\/\\\/www.veltec.eu\\\/wp-content\\\/uploads\\\/2018\\\/10\\\/Kirby-boensysteem-gerec.jpg\",\"datePublished\":\"2018-10-17T14:01:42+00:00\",\"dateModified\":\"2025-04-18T13:58:48+00:00\",\"description\":\"Sistema de Frotar Kirby Reacondicionado - Veltec es el proveedor de las aspiradoras Kirby desde hace m\u00e1s de 20 a\u00f1os. Kirby es su especialista de confianza.\",\"breadcrumb\":{\"@id\":\"https:\\\/\\\/www.veltec.eu\\\/es\\\/product\\\/sistema-de-frotar-kirby-reacondicionado\\\/#breadcrumb\"},\"inLanguage\":\"es\",\"potentialAction\":[{\"@type\":\"ReadAction\",\"target\":[\"https:\\\/\\\/www.veltec.eu\\\/es\\\/product\\\/sistema-de-frotar-kirby-reacondicionado\\\/\"]}]},{\"@type\":\"ImageObject\",\"inLanguage\":\"es\",\"@id\":\"https:\\\/\\\/www.veltec.eu\\\/es\\\/product\\\/sistema-de-frotar-kirby-reacondicionado\\\/#primaryimage\",\"url\":\"https:\\\/\\\/www.veltec.eu\\\/wp-content\\\/uploads\\\/2018\\\/10\\\/Kirby-boensysteem-gerec.jpg\",\"contentUrl\":\"https:\\\/\\\/www.veltec.eu\\\/wp-content\\\/uploads\\\/2018\\\/10\\\/Kirby-boensysteem-gerec.jpg\",\"width\":600,\"height\":600},{\"@type\":\"BreadcrumbList\",\"@id\":\"https:\\\/\\\/www.veltec.eu\\\/es\\\/product\\\/sistema-de-frotar-kirby-reacondicionado\\\/#breadcrumb\",\"itemListElement\":[{\"@type\":\"ListItem\",\"position\":1,\"name\":\"Home\",\"item\":\"https:\\\/\\\/www.veltec.eu\\\/es\\\/\"},{\"@type\":\"ListItem\",\"position\":2,\"name\":\"Produits\",\"item\":\"https:\\\/\\\/www.veltec.eu\\\/fr\\\/shop\\\/\"},{\"@type\":\"ListItem\",\"position\":3,\"name\":\"Sistema de Frotar Kirby Reacondicionado\"}]},{\"@type\":\"WebSite\",\"@id\":\"https:\\\/\\\/www.veltec.eu\\\/en\\\/#website\",\"url\":\"https:\\\/\\\/www.veltec.eu\\\/en\\\/\",\"name\":\"Veltec Kirby specialist\",\"description\":\"Kirby stofzuiger producten\",\"publisher\":{\"@id\":\"https:\\\/\\\/www.veltec.eu\\\/en\\\/#organization\"},\"potentialAction\":[{\"@type\":\"SearchAction\",\"target\":{\"@type\":\"EntryPoint\",\"urlTemplate\":\"https:\\\/\\\/www.veltec.eu\\\/en\\\/?s={search_term_string}\"},\"query-input\":{\"@type\":\"PropertyValueSpecification\",\"valueRequired\":true,\"valueName\":\"search_term_string\"}}],\"inLanguage\":\"es\"},{\"@type\":\"Organization\",\"@id\":\"https:\\\/\\\/www.veltec.eu\\\/en\\\/#organization\",\"name\":\"Veltec Kirby Specialist\",\"url\":\"https:\\\/\\\/www.veltec.eu\\\/en\\\/\",\"logo\":{\"@type\":\"ImageObject\",\"inLanguage\":\"es\",\"@id\":\"https:\\\/\\\/www.veltec.eu\\\/en\\\/#\\\/schema\\\/logo\\\/image\\\/\",\"url\":\"https:\\\/\\\/www.veltec.eu\\\/wp-content\\\/uploads\\\/2021\\\/12\\\/Veltec-log-groot-e1537260889125.png\",\"contentUrl\":\"https:\\\/\\\/www.veltec.eu\\\/wp-content\\\/uploads\\\/2021\\\/12\\\/Veltec-log-groot-e1537260889125.png\",\"width\":200,\"height\":60,\"caption\":\"Veltec Kirby Specialist\"},\"image\":{\"@id\":\"https:\\\/\\\/www.veltec.eu\\\/en\\\/#\\\/schema\\\/logo\\\/image\\\/\"},\"sameAs\":[\"https:\\\/\\\/www.facebook.com\\\/Veltec-Kirby-Specialist-236746293374877\\\/\",\"https:\\\/\\\/www.youtube.com\\\/user\\\/VeltecService\"]}]}<\/script>\n<!-- \/ Yoast SEO Premium plugin. -->","yoast_head_json":{"title":"Sistema de Frotar Kirby Reacondicionado - Veltec Kirby specialist","description":"Sistema de Frotar Kirby Reacondicionado - Veltec es el proveedor de las aspiradoras Kirby desde hace m\u00e1s de 20 a\u00f1os. Kirby es su especialista de confianza.","robots":{"index":"index","follow":"follow","max-snippet":"max-snippet:-1","max-image-preview":"max-image-preview:large","max-video-preview":"max-video-preview:-1"},"canonical":"https:\/\/www.veltec.eu\/es\/product\/sistema-de-frotar-kirby-reacondicionado\/","og_locale":"es_ES","og_type":"article","og_title":"Sistema de Frotar Kirby Reacondicionado","og_description":"Sistema de frotado completo Reacondicionado, para el pulido y encerado de pisos duros.     En stock   Pedido antes de las 23:59, enviado ma\u00f1ana  &nbsp;","og_url":"https:\/\/www.veltec.eu\/es\/product\/sistema-de-frotar-kirby-reacondicionado\/","og_site_name":"Veltec Kirby specialist","article_publisher":"https:\/\/www.facebook.com\/Veltec-Kirby-Specialist-236746293374877\/","article_modified_time":"2025-04-18T13:58:48+00:00","og_image":[{"width":300,"height":300,"url":"https:\/\/www.veltec.eu\/wp-content\/uploads\/2018\/10\/Kirby-boensystem.png","type":"image\/png"}],"twitter_card":"summary_large_image","twitter_misc":{"Tiempo de lectura":"3 minutos"},"schema":{"@context":"https:\/\/schema.org","@graph":[{"@type":"WebPage","@id":"https:\/\/www.veltec.eu\/es\/product\/sistema-de-frotar-kirby-reacondicionado\/","url":"https:\/\/www.veltec.eu\/es\/product\/sistema-de-frotar-kirby-reacondicionado\/","name":"Sistema de Frotar Kirby Reacondicionado - Veltec Kirby specialist","isPartOf":{"@id":"https:\/\/www.veltec.eu\/en\/#website"},"primaryImageOfPage":{"@id":"https:\/\/www.veltec.eu\/es\/product\/sistema-de-frotar-kirby-reacondicionado\/#primaryimage"},"image":{"@id":"https:\/\/www.veltec.eu\/es\/product\/sistema-de-frotar-kirby-reacondicionado\/#primaryimage"},"thumbnailUrl":"https:\/\/www.veltec.eu\/wp-content\/uploads\/2018\/10\/Kirby-boensysteem-gerec.jpg","datePublished":"2018-10-17T14:01:42+00:00","dateModified":"2025-04-18T13:58:48+00:00","description":"Sistema de Frotar Kirby Reacondicionado - Veltec es el proveedor de las aspiradoras Kirby desde hace m\u00e1s de 20 a\u00f1os. Kirby es su especialista de confianza.","breadcrumb":{"@id":"https:\/\/www.veltec.eu\/es\/product\/sistema-de-frotar-kirby-reacondicionado\/#breadcrumb"},"inLanguage":"es","potentialAction":[{"@type":"ReadAction","target":["https:\/\/www.veltec.eu\/es\/product\/sistema-de-frotar-kirby-reacondicionado\/"]}]},{"@type":"ImageObject","inLanguage":"es","@id":"https:\/\/www.veltec.eu\/es\/product\/sistema-de-frotar-kirby-reacondicionado\/#primaryimage","url":"https:\/\/www.veltec.eu\/wp-content\/uploads\/2018\/10\/Kirby-boensysteem-gerec.jpg","contentUrl":"https:\/\/www.veltec.eu\/wp-content\/uploads\/2018\/10\/Kirby-boensysteem-gerec.jpg","width":600,"height":600},{"@type":"BreadcrumbList","@id":"https:\/\/www.veltec.eu\/es\/product\/sistema-de-frotar-kirby-reacondicionado\/#breadcrumb","itemListElement":[{"@type":"ListItem","position":1,"name":"Home","item":"https:\/\/www.veltec.eu\/es\/"},{"@type":"ListItem","position":2,"name":"Produits","item":"https:\/\/www.veltec.eu\/fr\/shop\/"},{"@type":"ListItem","position":3,"name":"Sistema de Frotar Kirby Reacondicionado"}]},{"@type":"WebSite","@id":"https:\/\/www.veltec.eu\/en\/#website","url":"https:\/\/www.veltec.eu\/en\/","name":"Veltec Kirby specialist","description":"Kirby stofzuiger producten","publisher":{"@id":"https:\/\/www.veltec.eu\/en\/#organization"},"potentialAction":[{"@type":"SearchAction","target":{"@type":"EntryPoint","urlTemplate":"https:\/\/www.veltec.eu\/en\/?s={search_term_string}"},"query-input":{"@type":"PropertyValueSpecification","valueRequired":true,"valueName":"search_term_string"}}],"inLanguage":"es"},{"@type":"Organization","@id":"https:\/\/www.veltec.eu\/en\/#organization","name":"Veltec Kirby Specialist","url":"https:\/\/www.veltec.eu\/en\/","logo":{"@type":"ImageObject","inLanguage":"es","@id":"https:\/\/www.veltec.eu\/en\/#\/schema\/logo\/image\/","url":"https:\/\/www.veltec.eu\/wp-content\/uploads\/2021\/12\/Veltec-log-groot-e1537260889125.png","contentUrl":"https:\/\/www.veltec.eu\/wp-content\/uploads\/2021\/12\/Veltec-log-groot-e1537260889125.png","width":200,"height":60,"caption":"Veltec Kirby Specialist"},"image":{"@id":"https:\/\/www.veltec.eu\/en\/#\/schema\/logo\/image\/"},"sameAs":["https:\/\/www.facebook.com\/Veltec-Kirby-Specialist-236746293374877\/","https:\/\/www.youtube.com\/user\/VeltecService"]}]}},"_links":{"self":[{"href":"https:\/\/www.veltec.eu\/es\/wp-json\/wp\/v2\/product\/11842","targetHints":{"allow":["GET"]}}],"collection":[{"href":"https:\/\/www.veltec.eu\/es\/wp-json\/wp\/v2\/product"}],"about":[{"href":"https:\/\/www.veltec.eu\/es\/wp-json\/wp\/v2\/types\/product"}],"replies":[{"embeddable":true,"href":"https:\/\/www.veltec.eu\/es\/wp-json\/wp\/v2\/comments?post=11842"}],"wp:featuredmedia":[{"embeddable":true,"href":"https:\/\/www.veltec.eu\/es\/wp-json\/wp\/v2\/media\/91445"}],"wp:attachment":[{"href":"https:\/\/www.veltec.eu\/es\/wp-json\/wp\/v2\/media?parent=11842"}],"wp:term":[{"taxonomy":"product_brand","embeddable":true,"href":"https:\/\/www.veltec.eu\/es\/wp-json\/wp\/v2\/product_brand?post=11842"},{"taxonomy":"product_cat","embeddable":true,"href":"https:\/\/www.veltec.eu\/es\/wp-json\/wp\/v2\/product_cat?post=11842"},{"taxonomy":"product_tag","embeddable":true,"href":"https:\/\/www.veltec.eu\/es\/wp-json\/wp\/v2\/product_tag?post=11842"}],"curies":[{"name":"wp","href":"https:\/\/api.w.org\/{rel}","templated":true}]}}