{"id":11787,"date":"2018-10-18T14:37:51","date_gmt":"2018-10-18T12:37:51","guid":{"rendered":"https:\/\/www.veltec.eu\/kirby-webshop\/motor-completo-kirby-nl3076\/"},"modified":"2024-12-10T13:32:50","modified_gmt":"2024-12-10T11:32:50","slug":"motor-completo-kirby-nl3076","status":"publish","type":"product","link":"https:\/\/www.veltec.eu\/es\/product\/motor-completo-kirby-nl3076\/","title":{"rendered":"Motor completo Kirby"},"content":{"rendered":"<h4>Motor completo Kirby<\/h4>\n<p>Motor completo Kirby con pala del rotor<\/p>\n<p><strong>Este producto es adecuado para los tipos:<\/strong><\/p>\n<ul>\n<li>Avalir Platinum<\/li>\n<li>Avalir 2<\/li>\n<li>Avalir 1<\/li>\n<li>Sentria 2 (G10D)<\/li>\n<li>Sentria 1 (G10)<\/li>\n<li>Ultimate G Diamond Ed.(G7D or DE)<\/li>\n<li>Ultimate G (G7 or UG)<\/li>\n<li>Generation 6 (G6)<\/li>\n<li>Generation 5 (G5)<\/li>\n<li>Generation 4 (G4)<\/li>\n<li>Generation 3 (G3)<\/li>\n<\/ul>\n<h3>La fuente de energ\u00eda definitiva para su aspiradora Kirby<\/h3>\n<p>Bienvenido al exclusivo mundo de Kirby, donde la calidad y la durabilidad se unen en perfecta armon\u00eda. Como minorista experimentado y experto en servicio dedicado de productos Kirby, estoy encantado de presentarle nuestro Motor Kirby Completo de alta calidad.<\/p>\n<p>Aqu\u00ed puede encontrar todas las <a href=\"https:\/\/www.veltec.eu\/es\/partes-para-motor-kirby\/\">Partes para motor Kirby<\/a><br \/>\nSi prefiere gastar un poco menos de dinero, tambi\u00e9n tenemos una buena alternativa: <a href=\"https:\/\/www.veltec.eu\/es\/product\/motor-completo-kirby-re-acondicionado\/\">El Motor completo Kirby Re-acondicionado<\/a><\/p>\n<h3>Rendimiento y fiabilidad inigualables del Motor completo Kirby<\/h3>\n<p>El Motor Kirby Completo es el coraz\u00f3n de su aspiradora Kirby, dise\u00f1ado con las tecnolog\u00edas m\u00e1s avanzadas y la artesan\u00eda para ofrecer un rendimiento \u00f3ptimo. Si est\u00e1 buscando un motor de repuesto para su querida aspiradora Kirby o simplemente desea cambiar a un modelo m\u00e1s potente, el Motor Kirby es la elecci\u00f3n perfecta para usted.<\/p>\n<p>Este motor ofrece una potencia de succi\u00f3n y una eficacia inigualables, permiti\u00e9ndole eliminar sin esfuerzo el polvo, la suciedad y los al\u00e9rgenos de todas las superficies de su hogar. Gracias a su fiabilidad a largo plazo, puede contar con a\u00f1os de uso sin comprometer el rendimiento.<\/p>\n<h3>F\u00e1cil instalaci\u00f3n y compatibilidad Motor Kirby<\/h3>\n<p>No se preocupe si no est\u00e1 familiarizado con aspectos t\u00e9cnicos. El Motor Kirby viene con instrucciones claras para una instalaci\u00f3n r\u00e1pida y sin complicaciones. En cuesti\u00f3n de minutos, podr\u00e1 actualizar su aspiradora Kirby y estar listo para una nueva experiencia de limpieza.<\/p>\n<p>El motor es compatible con varios modelos de aspiradora Kirby, por lo que puede estar seguro de que se adaptar\u00e1 perfectamente a su aparato.<\/p>\n<h3>Asistencia de profesionales expertos<\/h3>\n<p>En Kirby, siempre estamos dispuestos a ayudar a nuestros clientes. Si tiene alguna pregunta sobre el motor Kirby o necesita ayuda con la instalaci\u00f3n, puede confiar en nuestro equipo de profesionales expertos para obtener asesoramiento y asistencia.<\/p>\n<p>En resumen, invierta hoy mismo en la calidad y fiabilidad de Kirby con el Motor Kirby. P\u00f3ngase en contacto con nosotros para realizar su pedido y descubra por s\u00ed mismo por qu\u00e9 millones de clientes satisfechos en todo el mundo conf\u00edan en Kirby para sus necesidades de limpieza.<\/p>\n","protected":false},"excerpt":{"rendered":"<p>Motor completo con pala del rotor.<\/p>\n[trustindex data-widget-id=48bbd87242952812953642309d4]\n<h3><b><br \/>\n<\/b><span style=\"color: #008000;\"><br \/>\nEn stock<\/span><\/h3>\n[av_font_icon icon='ue812' font='entypo-fontello' style='' caption='' size='25px' position='left' color='#43ad66' link='' linktarget='' title_attr='' sonar_effect_effect='' sonar_effect_color='' sonar_effect_duration='1' sonar_effect_scale='' sonar_effect_opac='0.5' animation='' id='' custom_class='' template_class='' av_uid='' sc_version='1.0' admin_preview_bg=''][\/av_font_icon]\n<p><span style=\"color: #008000;\">Pedido antes de las 23:59, enviado ma\u00f1ana<\/span><\/p>\n<p>&nbsp;<\/p>\n","protected":false},"featured_media":20841,"comment_status":"open","ping_status":"closed","template":"","meta":[],"product_brand":[],"product_cat":[362],"product_tag":[],"class_list":{"0":"post-11787","1":"product","2":"type-product","3":"status-publish","4":"has-post-thumbnail","6":"product_cat-partes-para-motor-kirby","7":"product_shipping_class-klein-es","9":"first","10":"instock","11":"taxable","12":"shipping-taxable","13":"purchasable","14":"product-type-simple"},"yoast_head":"<!-- This site is optimized with the Yoast SEO Premium plugin v27.1 (Yoast SEO v27.4) - https:\/\/yoast.com\/product\/yoast-seo-premium-wordpress\/ -->\n<title>Motor completo Kirby - Veltec Kirby specialist<\/title>\n<meta name=\"description\" content=\"Motor completo Kirby Veltec es el proveedor de las aspiradoras Kirby desde hace m\u00e1s de 20 a\u00f1os. Y es su especialista en servicio Kirby\" \/>\n<meta name=\"robots\" content=\"index, follow, max-snippet:-1, max-image-preview:large, max-video-preview:-1\" \/>\n<link rel=\"canonical\" href=\"https:\/\/www.veltec.eu\/nl\/product\/kirby-motor-compleet-nl3076\/\" \/>\n<meta property=\"og:locale\" content=\"es_ES\" \/>\n<meta property=\"og:type\" content=\"article\" \/>\n<meta property=\"og:title\" content=\"Motor completo Kirby\" \/>\n<meta property=\"og:description\" content=\"Motor completo con pala del rotor.     En stock   Pedido antes de las 23:59, enviado ma\u00f1ana  &nbsp;\" \/>\n<meta property=\"og:url\" content=\"https:\/\/www.veltec.eu\/nl\/product\/kirby-motor-compleet-nl3076\/\" \/>\n<meta property=\"og:site_name\" content=\"Veltec Kirby specialist\" \/>\n<meta property=\"article:publisher\" content=\"https:\/\/www.facebook.com\/Veltec-Kirby-Specialist-236746293374877\/\" \/>\n<meta property=\"article:modified_time\" content=\"2024-12-10T11:32:50+00:00\" \/>\n<meta property=\"og:image\" content=\"https:\/\/www.veltec.eu\/wp-content\/uploads\/2018\/10\/Kirby-motor-vierkant-3.jpg\" \/>\n\t<meta property=\"og:image:width\" content=\"405\" \/>\n\t<meta property=\"og:image:height\" content=\"405\" \/>\n\t<meta property=\"og:image:type\" content=\"image\/jpeg\" \/>\n<meta name=\"twitter:card\" content=\"summary_large_image\" \/>\n<meta name=\"twitter:label1\" content=\"Tiempo de lectura\" \/>\n\t<meta name=\"twitter:data1\" content=\"2 minutos\" \/>\n<script type=\"application\/ld+json\" class=\"yoast-schema-graph\">{\"@context\":\"https:\\\/\\\/schema.org\",\"@graph\":[{\"@type\":\"WebPage\",\"@id\":\"https:\\\/\\\/www.veltec.eu\\\/nl\\\/product\\\/kirby-motor-compleet-nl3076\\\/\",\"url\":\"https:\\\/\\\/www.veltec.eu\\\/nl\\\/product\\\/kirby-motor-compleet-nl3076\\\/\",\"name\":\"Motor completo Kirby - Veltec Kirby specialist\",\"isPartOf\":{\"@id\":\"https:\\\/\\\/www.veltec.eu\\\/en\\\/#website\"},\"primaryImageOfPage\":{\"@id\":\"https:\\\/\\\/www.veltec.eu\\\/nl\\\/product\\\/kirby-motor-compleet-nl3076\\\/#primaryimage\"},\"image\":{\"@id\":\"https:\\\/\\\/www.veltec.eu\\\/nl\\\/product\\\/kirby-motor-compleet-nl3076\\\/#primaryimage\"},\"thumbnailUrl\":\"https:\\\/\\\/www.veltec.eu\\\/wp-content\\\/uploads\\\/2018\\\/10\\\/Kirby-motor-vierkant-3.jpg\",\"datePublished\":\"2018-10-18T12:37:51+00:00\",\"dateModified\":\"2024-12-10T11:32:50+00:00\",\"description\":\"Motor completo Kirby Veltec es el proveedor de las aspiradoras Kirby desde hace m\u00e1s de 20 a\u00f1os. Y es su especialista en servicio Kirby\",\"breadcrumb\":{\"@id\":\"https:\\\/\\\/www.veltec.eu\\\/nl\\\/product\\\/kirby-motor-compleet-nl3076\\\/#breadcrumb\"},\"inLanguage\":\"es\",\"potentialAction\":[{\"@type\":\"ReadAction\",\"target\":[\"https:\\\/\\\/www.veltec.eu\\\/nl\\\/product\\\/kirby-motor-compleet-nl3076\\\/\"]}]},{\"@type\":\"ImageObject\",\"inLanguage\":\"es\",\"@id\":\"https:\\\/\\\/www.veltec.eu\\\/nl\\\/product\\\/kirby-motor-compleet-nl3076\\\/#primaryimage\",\"url\":\"https:\\\/\\\/www.veltec.eu\\\/wp-content\\\/uploads\\\/2018\\\/10\\\/Kirby-motor-vierkant-3.jpg\",\"contentUrl\":\"https:\\\/\\\/www.veltec.eu\\\/wp-content\\\/uploads\\\/2018\\\/10\\\/Kirby-motor-vierkant-3.jpg\",\"width\":405,\"height\":405},{\"@type\":\"BreadcrumbList\",\"@id\":\"https:\\\/\\\/www.veltec.eu\\\/nl\\\/product\\\/kirby-motor-compleet-nl3076\\\/#breadcrumb\",\"itemListElement\":[{\"@type\":\"ListItem\",\"position\":1,\"name\":\"Home\",\"item\":\"https:\\\/\\\/www.veltec.eu\\\/es\\\/\"},{\"@type\":\"ListItem\",\"position\":2,\"name\":\"Produits\",\"item\":\"https:\\\/\\\/www.veltec.eu\\\/fr\\\/shop\\\/\"},{\"@type\":\"ListItem\",\"position\":3,\"name\":\"Motor completo Kirby\"}]},{\"@type\":\"WebSite\",\"@id\":\"https:\\\/\\\/www.veltec.eu\\\/en\\\/#website\",\"url\":\"https:\\\/\\\/www.veltec.eu\\\/en\\\/\",\"name\":\"Veltec Kirby specialist\",\"description\":\"Kirby stofzuiger producten\",\"publisher\":{\"@id\":\"https:\\\/\\\/www.veltec.eu\\\/en\\\/#organization\"},\"potentialAction\":[{\"@type\":\"SearchAction\",\"target\":{\"@type\":\"EntryPoint\",\"urlTemplate\":\"https:\\\/\\\/www.veltec.eu\\\/en\\\/?s={search_term_string}\"},\"query-input\":{\"@type\":\"PropertyValueSpecification\",\"valueRequired\":true,\"valueName\":\"search_term_string\"}}],\"inLanguage\":\"es\"},{\"@type\":\"Organization\",\"@id\":\"https:\\\/\\\/www.veltec.eu\\\/en\\\/#organization\",\"name\":\"Veltec Kirby Specialist\",\"url\":\"https:\\\/\\\/www.veltec.eu\\\/en\\\/\",\"logo\":{\"@type\":\"ImageObject\",\"inLanguage\":\"es\",\"@id\":\"https:\\\/\\\/www.veltec.eu\\\/en\\\/#\\\/schema\\\/logo\\\/image\\\/\",\"url\":\"https:\\\/\\\/www.veltec.eu\\\/wp-content\\\/uploads\\\/2021\\\/12\\\/Veltec-log-groot-e1537260889125.png\",\"contentUrl\":\"https:\\\/\\\/www.veltec.eu\\\/wp-content\\\/uploads\\\/2021\\\/12\\\/Veltec-log-groot-e1537260889125.png\",\"width\":200,\"height\":60,\"caption\":\"Veltec Kirby Specialist\"},\"image\":{\"@id\":\"https:\\\/\\\/www.veltec.eu\\\/en\\\/#\\\/schema\\\/logo\\\/image\\\/\"},\"sameAs\":[\"https:\\\/\\\/www.facebook.com\\\/Veltec-Kirby-Specialist-236746293374877\\\/\",\"https:\\\/\\\/www.youtube.com\\\/user\\\/VeltecService\"]}]}<\/script>\n<!-- \/ Yoast SEO Premium plugin. -->","yoast_head_json":{"title":"Motor completo Kirby - Veltec Kirby specialist","description":"Motor completo Kirby Veltec es el proveedor de las aspiradoras Kirby desde hace m\u00e1s de 20 a\u00f1os. Y es su especialista en servicio Kirby","robots":{"index":"index","follow":"follow","max-snippet":"max-snippet:-1","max-image-preview":"max-image-preview:large","max-video-preview":"max-video-preview:-1"},"canonical":"https:\/\/www.veltec.eu\/nl\/product\/kirby-motor-compleet-nl3076\/","og_locale":"es_ES","og_type":"article","og_title":"Motor completo Kirby","og_description":"Motor completo con pala del rotor.     En stock   Pedido antes de las 23:59, enviado ma\u00f1ana  &nbsp;","og_url":"https:\/\/www.veltec.eu\/nl\/product\/kirby-motor-compleet-nl3076\/","og_site_name":"Veltec Kirby specialist","article_publisher":"https:\/\/www.facebook.com\/Veltec-Kirby-Specialist-236746293374877\/","article_modified_time":"2024-12-10T11:32:50+00:00","og_image":[{"width":405,"height":405,"url":"https:\/\/www.veltec.eu\/wp-content\/uploads\/2018\/10\/Kirby-motor-vierkant-3.jpg","type":"image\/jpeg"}],"twitter_card":"summary_large_image","twitter_misc":{"Tiempo de lectura":"2 minutos"},"schema":{"@context":"https:\/\/schema.org","@graph":[{"@type":"WebPage","@id":"https:\/\/www.veltec.eu\/nl\/product\/kirby-motor-compleet-nl3076\/","url":"https:\/\/www.veltec.eu\/nl\/product\/kirby-motor-compleet-nl3076\/","name":"Motor completo Kirby - Veltec Kirby specialist","isPartOf":{"@id":"https:\/\/www.veltec.eu\/en\/#website"},"primaryImageOfPage":{"@id":"https:\/\/www.veltec.eu\/nl\/product\/kirby-motor-compleet-nl3076\/#primaryimage"},"image":{"@id":"https:\/\/www.veltec.eu\/nl\/product\/kirby-motor-compleet-nl3076\/#primaryimage"},"thumbnailUrl":"https:\/\/www.veltec.eu\/wp-content\/uploads\/2018\/10\/Kirby-motor-vierkant-3.jpg","datePublished":"2018-10-18T12:37:51+00:00","dateModified":"2024-12-10T11:32:50+00:00","description":"Motor completo Kirby Veltec es el proveedor de las aspiradoras Kirby desde hace m\u00e1s de 20 a\u00f1os. Y es su especialista en servicio Kirby","breadcrumb":{"@id":"https:\/\/www.veltec.eu\/nl\/product\/kirby-motor-compleet-nl3076\/#breadcrumb"},"inLanguage":"es","potentialAction":[{"@type":"ReadAction","target":["https:\/\/www.veltec.eu\/nl\/product\/kirby-motor-compleet-nl3076\/"]}]},{"@type":"ImageObject","inLanguage":"es","@id":"https:\/\/www.veltec.eu\/nl\/product\/kirby-motor-compleet-nl3076\/#primaryimage","url":"https:\/\/www.veltec.eu\/wp-content\/uploads\/2018\/10\/Kirby-motor-vierkant-3.jpg","contentUrl":"https:\/\/www.veltec.eu\/wp-content\/uploads\/2018\/10\/Kirby-motor-vierkant-3.jpg","width":405,"height":405},{"@type":"BreadcrumbList","@id":"https:\/\/www.veltec.eu\/nl\/product\/kirby-motor-compleet-nl3076\/#breadcrumb","itemListElement":[{"@type":"ListItem","position":1,"name":"Home","item":"https:\/\/www.veltec.eu\/es\/"},{"@type":"ListItem","position":2,"name":"Produits","item":"https:\/\/www.veltec.eu\/fr\/shop\/"},{"@type":"ListItem","position":3,"name":"Motor completo Kirby"}]},{"@type":"WebSite","@id":"https:\/\/www.veltec.eu\/en\/#website","url":"https:\/\/www.veltec.eu\/en\/","name":"Veltec Kirby specialist","description":"Kirby stofzuiger producten","publisher":{"@id":"https:\/\/www.veltec.eu\/en\/#organization"},"potentialAction":[{"@type":"SearchAction","target":{"@type":"EntryPoint","urlTemplate":"https:\/\/www.veltec.eu\/en\/?s={search_term_string}"},"query-input":{"@type":"PropertyValueSpecification","valueRequired":true,"valueName":"search_term_string"}}],"inLanguage":"es"},{"@type":"Organization","@id":"https:\/\/www.veltec.eu\/en\/#organization","name":"Veltec Kirby Specialist","url":"https:\/\/www.veltec.eu\/en\/","logo":{"@type":"ImageObject","inLanguage":"es","@id":"https:\/\/www.veltec.eu\/en\/#\/schema\/logo\/image\/","url":"https:\/\/www.veltec.eu\/wp-content\/uploads\/2021\/12\/Veltec-log-groot-e1537260889125.png","contentUrl":"https:\/\/www.veltec.eu\/wp-content\/uploads\/2021\/12\/Veltec-log-groot-e1537260889125.png","width":200,"height":60,"caption":"Veltec Kirby Specialist"},"image":{"@id":"https:\/\/www.veltec.eu\/en\/#\/schema\/logo\/image\/"},"sameAs":["https:\/\/www.facebook.com\/Veltec-Kirby-Specialist-236746293374877\/","https:\/\/www.youtube.com\/user\/VeltecService"]}]}},"_links":{"self":[{"href":"https:\/\/www.veltec.eu\/es\/wp-json\/wp\/v2\/product\/11787","targetHints":{"allow":["GET"]}}],"collection":[{"href":"https:\/\/www.veltec.eu\/es\/wp-json\/wp\/v2\/product"}],"about":[{"href":"https:\/\/www.veltec.eu\/es\/wp-json\/wp\/v2\/types\/product"}],"replies":[{"embeddable":true,"href":"https:\/\/www.veltec.eu\/es\/wp-json\/wp\/v2\/comments?post=11787"}],"wp:featuredmedia":[{"embeddable":true,"href":"https:\/\/www.veltec.eu\/es\/wp-json\/wp\/v2\/media\/20841"}],"wp:attachment":[{"href":"https:\/\/www.veltec.eu\/es\/wp-json\/wp\/v2\/media?parent=11787"}],"wp:term":[{"taxonomy":"product_brand","embeddable":true,"href":"https:\/\/www.veltec.eu\/es\/wp-json\/wp\/v2\/product_brand?post=11787"},{"taxonomy":"product_cat","embeddable":true,"href":"https:\/\/www.veltec.eu\/es\/wp-json\/wp\/v2\/product_cat?post=11787"},{"taxonomy":"product_tag","embeddable":true,"href":"https:\/\/www.veltec.eu\/es\/wp-json\/wp\/v2\/product_tag?post=11787"}],"curies":[{"name":"wp","href":"https:\/\/api.w.org\/{rel}","templated":true}]}}