{"id":11777,"date":"2018-10-18T14:53:00","date_gmt":"2018-10-18T12:53:00","guid":{"rendered":"https:\/\/www.veltec.eu\/kirby-webshop\/ancla-re-acondicionada-kirby-nl3023\/"},"modified":"2024-12-10T13:27:06","modified_gmt":"2024-12-10T11:27:06","slug":"ancla-re-acondicionada-kirby-nl3023","status":"publish","type":"product","link":"https:\/\/www.veltec.eu\/es\/product\/ancla-re-acondicionada-kirby-nl3023\/","title":{"rendered":"Ancla Re-acondicionada Kirby"},"content":{"rendered":"<h1>Ancla Re-acondicionada Kirby<\/h1>\n<p>Ancla Re-acondicionada Kirby para motor Kirby.incluyendo el cojinete de la parte trasera.<br \/>\nEsta Ancla Kirby ha recibido un servicio completohay un nuevo cojinete trasero montado, y el ancla se afina.<\/p>\n<p><strong>Este producto es adecuado para los tipos:<\/strong><\/p>\n<ul>\n<li>Avalir Platinum<\/li>\n<li>Avalir 2<\/li>\n<li>Avalir 1<\/li>\n<li>Sentria 2 (G10D)<\/li>\n<li>Sentria 1 (G10)<\/li>\n<li>Ultimate G Diamond Ed.(G7D or DE)<\/li>\n<li>Ultimate G (G7 or UG)<\/li>\n<li>Generation 6 (G6)<\/li>\n<li>Generation 5 (G5)<\/li>\n<li>Generation 4 (G4)<\/li>\n<li>Generation 3 (G3)<\/li>\n<\/ul>\n<h2>Ancla Re-acondicionada Kirby: Lo \u00faltimo en fiabilidad y calidad<\/h2>\n<p>Introducci\u00f3n<\/p>\n<p>Si est\u00e1 buscando un accesorio de alta calidad para su aspiradora Kirby, el Ancla Reacondicionada Kirby es la mejor elecci\u00f3n que puede hacer. El ancla reacondicionada no s\u00f3lo ofrece un rendimiento superior, sino tambi\u00e9n la longevidad y fiabilidad que cabe esperar de la marca Kirby. En esta completa descripci\u00f3n del producto, cubriremos todos los aspectos importantes de esta ancla para que pueda tomar una decisi\u00f3n informada a la hora de realizar su compra.<\/p>\n<p>Aqu\u00ed encontrar\u00e1 todas las <a href=\"https:\/\/www.veltec.eu\/es\/partes-para-motor-kirby\/\">Partes para motor Kirby<\/a><br \/>\n<a href=\"https:\/\/www.veltec.eu\/es\/product\/ancla-kirby-nl3022\/\">Si prefiere un Ancla Kirby nuevo, aqu\u00ed lo encontrar\u00e1.<\/a><\/p>\n<h3>\u00bfQu\u00e9 es un Ancla Re-acondicionada Kirby?<\/h3>\n<p>El anclaje Kirby reacondicionado es un componente esencial del motor de su aspiradora Kirby. Este componente desempe\u00f1a un papel crucial en el funcionamiento de la aspiradora al convertir la corriente el\u00e9ctrica en energ\u00eda mec\u00e1nica que impulsa la aspiradora.<\/p>\n<h3>Especificaciones y caracter\u00edsticas<\/h3>\n<p>Algunas especificaciones clave de este inducido reacondicionado son:<\/p>\n<p><strong>Voltaje:<\/strong> 220 V, apto para enchufes europeos.<br \/>\n<strong>Compatibilidad:<\/strong> Dise\u00f1ado espec\u00edficamente para aspiradoras Kirby.<br \/>\n<strong>Material:<\/strong> Fabricado con materiales de alta calidad para una m\u00e1xima durabilidad.<br \/>\n<strong>Peso:<\/strong> Dise\u00f1o ligero para que la aspiradora sea f\u00e1cil de maniobrar.<\/p>\n<h3>\u00bfPor qu\u00e9 elegir el Ancla Re-acondicionada Kirby?<\/h3>\n<h3>Fiabilidad y durabilidad de la Ancla Re-acondicionada Kirby<\/h3>\n<p>Una de las principales ventajas de la Kirby Anchor Reacondicionada es su fiabilidad. Kirby es conocida por sus electrodom\u00e9sticos duraderos y fiables, y este aparato no es una excepci\u00f3n. Gracias al uso de materiales de alta calidad y a una fabricaci\u00f3n cuidadosa, puede estar seguro de que esta ancla durar\u00e1 mucho tiempo.<\/p>\n<p>Adem\u00e1s, la durabilidad del ancla reduce la necesidad de sustituciones frecuentes, lo que supone un ahorro a largo plazo. Esto la convierte en una sabia inversi\u00f3n para los hogares que valoran la calidad y la fiabilidad.<\/p>\n<h3>Rendimiento \u00f3ptimo<\/h3>\n<p>Otra raz\u00f3n para elegir el Ancla es el \u00f3ptimo rendimiento que ofrece. Este anclaje est\u00e1 especialmente dise\u00f1ado para funcionar perfectamente con el motor de su aspiradora Kirby, garantizando una potente succi\u00f3n y un funcionamiento eficiente. El resultado es un hogar m\u00e1s limpio y una aspiradora que hace su trabajo sin esfuerzo.<\/p>\n<p>Adem\u00e1s, el funcionamiento eficiente del anclaje reacondicionado ayuda a ahorrar energ\u00eda, lo que no s\u00f3lo es bueno para su cartera, sino tambi\u00e9n para el medio ambiente. Al elegir un ancla energ\u00e9ticamente eficiente, est\u00e1 contribuyendo a un futuro m\u00e1s sostenible.<\/p>\n<h3>Instalaci\u00f3n y mantenimiento del Ancla Re-acondicionada Kirby<\/h3>\n<h3>Instalaci\u00f3n sencilla<\/h3>\n<p>La instalaci\u00f3n del ancla es un proceso relativamente sencillo, incluso para quienes no tienen amplios conocimientos t\u00e9cnicos. El anclaje est\u00e1 dise\u00f1ado para encajar perfectamente en su aspiradora Kirby, y con las claras instrucciones, puede completar la instalaci\u00f3n r\u00e1pidamente y sin problemas.<\/p>\n<h3>Consejos de mantenimiento<\/h3>\n<p>Para maximizar la vida \u00fatil y el rendimiento de su anclaje Kirby reacondicionado, es esencial realizar un mantenimiento regular. He aqu\u00ed algunos consejos para mantener su aparato en las mejores condiciones:<\/p>\n<p><a href=\"https:\/\/www.veltec.eu\/es\/product\/piedra-de-afilar-kirby-nl3105\/\"><strong>Rectificado y pulido:<\/strong><\/a> Aseg\u00farese de rectificar y\/o pulir regularmente el inducido para evitar el desgaste prematuro de las escobillas de carb\u00f3n.<br \/>\n<a href=\"https:\/\/www.veltec.eu\/es\/product\/cojinete-trasero-kirby-nl3064\/\"><strong>Rodamientos de bolas:<\/strong><\/a> Compruebe peri\u00f3dicamente si hay desgaste o da\u00f1os y sustituya los rodamientos si es necesario.<br \/>\n<a href=\"https:\/\/www.veltec.eu\/es\/product\/cepillos-de-carbon-kirby-2x-nl3060\/\"><strong>Escobillas de carb\u00f3n:<\/strong><\/a> Cambie las escobillas de carb\u00f3n a tiempo para evitar que se queme el inducido y garantizar un funcionamiento sin problemas.<\/p>\n<p>Siguiendo estos sencillos consejos de mantenimiento, podr\u00e1 alargar la vida de su inducido y optimizar el rendimiento de su aspiradora.<\/p>\n<h3>Garant\u00eda y servicio de atenci\u00f3n al cliente<\/h3>\n<p>Kirby ofrece una excelente garant\u00eda y servicio de atenci\u00f3n al cliente para sus productos, incluido el anclaje reacondicionado. Si tiene alg\u00fan problema con su ancla, puede contar con el apoyo profesional del equipo de especialistas de Veltec Kirby. Esto le ofrece una mayor tranquilidad, sabiendo que siempre podr\u00e1 contar con ayuda en caso necesario.<\/p>\n<h3>Ahorro de costes y respeto por el medio ambiente<\/h3>\n<h3>Sostenibilidad y reutilizaci\u00f3n<\/h3>\n<p>Al elegir una Kirby Anchor reacondicionada, est\u00e1 contribuyendo a la sostenibilidad. La reutilizaci\u00f3n de equipos de alta calidad reduce los residuos y ahorra recursos. Esto no s\u00f3lo es bueno para el medio ambiente, sino tambi\u00e9n para su cartera. Adem\u00e1s, este modelo ofrece la mejor relaci\u00f3n calidad-precio sin comprometer el rendimiento ni la fiabilidad.<\/p>\n<h3>\u00bfQu\u00e9 puede esperar?<\/h3>\n<p>Cada Anchor reacondicionada que ofrecemos viene con una inspecci\u00f3n y revisi\u00f3n exhaustivas. Nuestros t\u00e9cnicos especializados sustituyen las piezas desgastadas y las prueban exhaustivamente para garantizar que cumple las estrictas normas de calidad de Kirby. Esto tambi\u00e9n incluye una garant\u00eda, para que pueda realizar su compra con tranquilidad. Elija la Kirby Anchor Reacondicionada y experimente la diferencia en potencia de limpieza y durabilidad.<\/p>\n<p>Elija hoy mismo la Kirby Anchor Reacondicionada y disfrute de un hogar limpio y saludable durante a\u00f1os. Su hogar estar\u00e1 m\u00e1s limpio que nunca y usted estar\u00e1 contento con su elecci\u00f3n inteligente y rentable. Invierta en una Kirby Anchor reacondicionada y experimente la m\u00e1xima comodidad de una limpieza potente y fiable.<\/p>\n","protected":false},"excerpt":{"rendered":"<p>Ancla Re-acondicionada Kirby para motor Kirby.incluyendo el cojinete de la parte trasera.<\/p>\n[trustindex data-widget-id=48bbd87242952812953642309d4]\n<h3><b><br \/>\n<\/b><span style=\"color: #008000;\"><br \/>\nEn stock<\/span><\/h3>\n[av_font_icon icon='ue812' font='entypo-fontello' style='' caption='' size='25px' position='left' color='#43ad66' link='' linktarget='' title_attr='' sonar_effect_effect='' sonar_effect_color='' sonar_effect_duration='1' sonar_effect_scale='' sonar_effect_opac='0.5' animation='' id='' custom_class='' template_class='' av_uid='' sc_version='1.0' admin_preview_bg=''][\/av_font_icon]\n<p><span style=\"color: #008000;\">Pedido antes de las 23:59, enviado ma\u00f1ana<\/span><\/p>\n<p>&nbsp;<\/p>\n","protected":false},"featured_media":86113,"comment_status":"open","ping_status":"closed","template":"","meta":[],"product_brand":[],"product_cat":[362],"product_tag":[],"class_list":{"0":"post-11777","1":"product","2":"type-product","3":"status-publish","4":"has-post-thumbnail","6":"product_cat-partes-para-motor-kirby","7":"product_shipping_class-klein-es","9":"first","10":"instock","11":"sale","12":"taxable","13":"shipping-taxable","14":"purchasable","15":"product-type-simple"},"yoast_head":"<!-- This site is optimized with the Yoast SEO Premium plugin v27.1 (Yoast SEO v27.4) - https:\/\/yoast.com\/product\/yoast-seo-premium-wordpress\/ -->\n<title>Ancla Re-acondicionada Kirby - Veltec Kirby specialist<\/title>\n<meta name=\"description\" content=\"Ancla Re-acondicionada Kirby Veltec es el proveedor de las aspiradoras Kirby desde hace m\u00e1s de 20 a\u00f1os. Y es su especialista en servicio\" \/>\n<meta name=\"robots\" content=\"index, follow, max-snippet:-1, max-image-preview:large, max-video-preview:-1\" \/>\n<link rel=\"canonical\" href=\"https:\/\/www.veltec.eu\/nl\/product\/kirby-anker-gereconditioneerd-nl3023\/\" \/>\n<meta property=\"og:locale\" content=\"es_ES\" \/>\n<meta property=\"og:type\" content=\"article\" \/>\n<meta property=\"og:title\" content=\"Ancla Re-acondicionada Kirby\" \/>\n<meta property=\"og:description\" content=\"Ancla Re-acondicionada Kirby para motor Kirby.incluyendo el cojinete de la parte trasera.     En stock   Pedido antes de las 23:59, enviado ma\u00f1ana  &nbsp;\" \/>\n<meta property=\"og:url\" content=\"https:\/\/www.veltec.eu\/nl\/product\/kirby-anker-gereconditioneerd-nl3023\/\" \/>\n<meta property=\"og:site_name\" content=\"Veltec Kirby specialist\" \/>\n<meta property=\"article:publisher\" content=\"https:\/\/www.facebook.com\/Veltec-Kirby-Specialist-236746293374877\/\" \/>\n<meta property=\"article:modified_time\" content=\"2024-12-10T11:27:06+00:00\" \/>\n<meta property=\"og:image\" content=\"https:\/\/www.veltec.eu\/wp-content\/uploads\/2018\/10\/Kirby-rotor.png\" \/>\n\t<meta property=\"og:image:width\" content=\"300\" \/>\n\t<meta property=\"og:image:height\" content=\"300\" \/>\n\t<meta property=\"og:image:type\" content=\"image\/png\" \/>\n<meta name=\"twitter:card\" content=\"summary_large_image\" \/>\n<meta name=\"twitter:label1\" content=\"Tiempo de lectura\" \/>\n\t<meta name=\"twitter:data1\" content=\"5 minutos\" \/>\n<script type=\"application\/ld+json\" class=\"yoast-schema-graph\">{\"@context\":\"https:\\\/\\\/schema.org\",\"@graph\":[{\"@type\":\"WebPage\",\"@id\":\"https:\\\/\\\/www.veltec.eu\\\/nl\\\/product\\\/kirby-anker-gereconditioneerd-nl3023\\\/\",\"url\":\"https:\\\/\\\/www.veltec.eu\\\/nl\\\/product\\\/kirby-anker-gereconditioneerd-nl3023\\\/\",\"name\":\"Ancla Re-acondicionada Kirby - Veltec Kirby specialist\",\"isPartOf\":{\"@id\":\"https:\\\/\\\/www.veltec.eu\\\/en\\\/#website\"},\"primaryImageOfPage\":{\"@id\":\"https:\\\/\\\/www.veltec.eu\\\/nl\\\/product\\\/kirby-anker-gereconditioneerd-nl3023\\\/#primaryimage\"},\"image\":{\"@id\":\"https:\\\/\\\/www.veltec.eu\\\/nl\\\/product\\\/kirby-anker-gereconditioneerd-nl3023\\\/#primaryimage\"},\"thumbnailUrl\":\"https:\\\/\\\/www.veltec.eu\\\/wp-content\\\/uploads\\\/2018\\\/10\\\/Kirby-rotor.png\",\"datePublished\":\"2018-10-18T12:53:00+00:00\",\"dateModified\":\"2024-12-10T11:27:06+00:00\",\"description\":\"Ancla Re-acondicionada Kirby Veltec es el proveedor de las aspiradoras Kirby desde hace m\u00e1s de 20 a\u00f1os. Y es su especialista en servicio\",\"breadcrumb\":{\"@id\":\"https:\\\/\\\/www.veltec.eu\\\/nl\\\/product\\\/kirby-anker-gereconditioneerd-nl3023\\\/#breadcrumb\"},\"inLanguage\":\"es\",\"potentialAction\":[{\"@type\":\"ReadAction\",\"target\":[\"https:\\\/\\\/www.veltec.eu\\\/nl\\\/product\\\/kirby-anker-gereconditioneerd-nl3023\\\/\"]}]},{\"@type\":\"ImageObject\",\"inLanguage\":\"es\",\"@id\":\"https:\\\/\\\/www.veltec.eu\\\/nl\\\/product\\\/kirby-anker-gereconditioneerd-nl3023\\\/#primaryimage\",\"url\":\"https:\\\/\\\/www.veltec.eu\\\/wp-content\\\/uploads\\\/2018\\\/10\\\/Kirby-rotor.png\",\"contentUrl\":\"https:\\\/\\\/www.veltec.eu\\\/wp-content\\\/uploads\\\/2018\\\/10\\\/Kirby-rotor.png\",\"width\":300,\"height\":300},{\"@type\":\"BreadcrumbList\",\"@id\":\"https:\\\/\\\/www.veltec.eu\\\/nl\\\/product\\\/kirby-anker-gereconditioneerd-nl3023\\\/#breadcrumb\",\"itemListElement\":[{\"@type\":\"ListItem\",\"position\":1,\"name\":\"Home\",\"item\":\"https:\\\/\\\/www.veltec.eu\\\/es\\\/\"},{\"@type\":\"ListItem\",\"position\":2,\"name\":\"Produits\",\"item\":\"https:\\\/\\\/www.veltec.eu\\\/fr\\\/shop\\\/\"},{\"@type\":\"ListItem\",\"position\":3,\"name\":\"Ancla Re-acondicionada Kirby\"}]},{\"@type\":\"WebSite\",\"@id\":\"https:\\\/\\\/www.veltec.eu\\\/en\\\/#website\",\"url\":\"https:\\\/\\\/www.veltec.eu\\\/en\\\/\",\"name\":\"Veltec Kirby specialist\",\"description\":\"Kirby stofzuiger producten\",\"publisher\":{\"@id\":\"https:\\\/\\\/www.veltec.eu\\\/en\\\/#organization\"},\"potentialAction\":[{\"@type\":\"SearchAction\",\"target\":{\"@type\":\"EntryPoint\",\"urlTemplate\":\"https:\\\/\\\/www.veltec.eu\\\/en\\\/?s={search_term_string}\"},\"query-input\":{\"@type\":\"PropertyValueSpecification\",\"valueRequired\":true,\"valueName\":\"search_term_string\"}}],\"inLanguage\":\"es\"},{\"@type\":\"Organization\",\"@id\":\"https:\\\/\\\/www.veltec.eu\\\/en\\\/#organization\",\"name\":\"Veltec Kirby Specialist\",\"url\":\"https:\\\/\\\/www.veltec.eu\\\/en\\\/\",\"logo\":{\"@type\":\"ImageObject\",\"inLanguage\":\"es\",\"@id\":\"https:\\\/\\\/www.veltec.eu\\\/en\\\/#\\\/schema\\\/logo\\\/image\\\/\",\"url\":\"https:\\\/\\\/www.veltec.eu\\\/wp-content\\\/uploads\\\/2021\\\/12\\\/Veltec-log-groot-e1537260889125.png\",\"contentUrl\":\"https:\\\/\\\/www.veltec.eu\\\/wp-content\\\/uploads\\\/2021\\\/12\\\/Veltec-log-groot-e1537260889125.png\",\"width\":200,\"height\":60,\"caption\":\"Veltec Kirby Specialist\"},\"image\":{\"@id\":\"https:\\\/\\\/www.veltec.eu\\\/en\\\/#\\\/schema\\\/logo\\\/image\\\/\"},\"sameAs\":[\"https:\\\/\\\/www.facebook.com\\\/Veltec-Kirby-Specialist-236746293374877\\\/\",\"https:\\\/\\\/www.youtube.com\\\/user\\\/VeltecService\"]}]}<\/script>\n<!-- \/ Yoast SEO Premium plugin. -->","yoast_head_json":{"title":"Ancla Re-acondicionada Kirby - Veltec Kirby specialist","description":"Ancla Re-acondicionada Kirby Veltec es el proveedor de las aspiradoras Kirby desde hace m\u00e1s de 20 a\u00f1os. Y es su especialista en servicio","robots":{"index":"index","follow":"follow","max-snippet":"max-snippet:-1","max-image-preview":"max-image-preview:large","max-video-preview":"max-video-preview:-1"},"canonical":"https:\/\/www.veltec.eu\/nl\/product\/kirby-anker-gereconditioneerd-nl3023\/","og_locale":"es_ES","og_type":"article","og_title":"Ancla Re-acondicionada Kirby","og_description":"Ancla Re-acondicionada Kirby para motor Kirby.incluyendo el cojinete de la parte trasera.     En stock   Pedido antes de las 23:59, enviado ma\u00f1ana  &nbsp;","og_url":"https:\/\/www.veltec.eu\/nl\/product\/kirby-anker-gereconditioneerd-nl3023\/","og_site_name":"Veltec Kirby specialist","article_publisher":"https:\/\/www.facebook.com\/Veltec-Kirby-Specialist-236746293374877\/","article_modified_time":"2024-12-10T11:27:06+00:00","og_image":[{"width":300,"height":300,"url":"https:\/\/www.veltec.eu\/wp-content\/uploads\/2018\/10\/Kirby-rotor.png","type":"image\/png"}],"twitter_card":"summary_large_image","twitter_misc":{"Tiempo de lectura":"5 minutos"},"schema":{"@context":"https:\/\/schema.org","@graph":[{"@type":"WebPage","@id":"https:\/\/www.veltec.eu\/nl\/product\/kirby-anker-gereconditioneerd-nl3023\/","url":"https:\/\/www.veltec.eu\/nl\/product\/kirby-anker-gereconditioneerd-nl3023\/","name":"Ancla Re-acondicionada Kirby - Veltec Kirby specialist","isPartOf":{"@id":"https:\/\/www.veltec.eu\/en\/#website"},"primaryImageOfPage":{"@id":"https:\/\/www.veltec.eu\/nl\/product\/kirby-anker-gereconditioneerd-nl3023\/#primaryimage"},"image":{"@id":"https:\/\/www.veltec.eu\/nl\/product\/kirby-anker-gereconditioneerd-nl3023\/#primaryimage"},"thumbnailUrl":"https:\/\/www.veltec.eu\/wp-content\/uploads\/2018\/10\/Kirby-rotor.png","datePublished":"2018-10-18T12:53:00+00:00","dateModified":"2024-12-10T11:27:06+00:00","description":"Ancla Re-acondicionada Kirby Veltec es el proveedor de las aspiradoras Kirby desde hace m\u00e1s de 20 a\u00f1os. Y es su especialista en servicio","breadcrumb":{"@id":"https:\/\/www.veltec.eu\/nl\/product\/kirby-anker-gereconditioneerd-nl3023\/#breadcrumb"},"inLanguage":"es","potentialAction":[{"@type":"ReadAction","target":["https:\/\/www.veltec.eu\/nl\/product\/kirby-anker-gereconditioneerd-nl3023\/"]}]},{"@type":"ImageObject","inLanguage":"es","@id":"https:\/\/www.veltec.eu\/nl\/product\/kirby-anker-gereconditioneerd-nl3023\/#primaryimage","url":"https:\/\/www.veltec.eu\/wp-content\/uploads\/2018\/10\/Kirby-rotor.png","contentUrl":"https:\/\/www.veltec.eu\/wp-content\/uploads\/2018\/10\/Kirby-rotor.png","width":300,"height":300},{"@type":"BreadcrumbList","@id":"https:\/\/www.veltec.eu\/nl\/product\/kirby-anker-gereconditioneerd-nl3023\/#breadcrumb","itemListElement":[{"@type":"ListItem","position":1,"name":"Home","item":"https:\/\/www.veltec.eu\/es\/"},{"@type":"ListItem","position":2,"name":"Produits","item":"https:\/\/www.veltec.eu\/fr\/shop\/"},{"@type":"ListItem","position":3,"name":"Ancla Re-acondicionada Kirby"}]},{"@type":"WebSite","@id":"https:\/\/www.veltec.eu\/en\/#website","url":"https:\/\/www.veltec.eu\/en\/","name":"Veltec Kirby specialist","description":"Kirby stofzuiger producten","publisher":{"@id":"https:\/\/www.veltec.eu\/en\/#organization"},"potentialAction":[{"@type":"SearchAction","target":{"@type":"EntryPoint","urlTemplate":"https:\/\/www.veltec.eu\/en\/?s={search_term_string}"},"query-input":{"@type":"PropertyValueSpecification","valueRequired":true,"valueName":"search_term_string"}}],"inLanguage":"es"},{"@type":"Organization","@id":"https:\/\/www.veltec.eu\/en\/#organization","name":"Veltec Kirby Specialist","url":"https:\/\/www.veltec.eu\/en\/","logo":{"@type":"ImageObject","inLanguage":"es","@id":"https:\/\/www.veltec.eu\/en\/#\/schema\/logo\/image\/","url":"https:\/\/www.veltec.eu\/wp-content\/uploads\/2021\/12\/Veltec-log-groot-e1537260889125.png","contentUrl":"https:\/\/www.veltec.eu\/wp-content\/uploads\/2021\/12\/Veltec-log-groot-e1537260889125.png","width":200,"height":60,"caption":"Veltec Kirby Specialist"},"image":{"@id":"https:\/\/www.veltec.eu\/en\/#\/schema\/logo\/image\/"},"sameAs":["https:\/\/www.facebook.com\/Veltec-Kirby-Specialist-236746293374877\/","https:\/\/www.youtube.com\/user\/VeltecService"]}]}},"_links":{"self":[{"href":"https:\/\/www.veltec.eu\/es\/wp-json\/wp\/v2\/product\/11777","targetHints":{"allow":["GET"]}}],"collection":[{"href":"https:\/\/www.veltec.eu\/es\/wp-json\/wp\/v2\/product"}],"about":[{"href":"https:\/\/www.veltec.eu\/es\/wp-json\/wp\/v2\/types\/product"}],"replies":[{"embeddable":true,"href":"https:\/\/www.veltec.eu\/es\/wp-json\/wp\/v2\/comments?post=11777"}],"wp:featuredmedia":[{"embeddable":true,"href":"https:\/\/www.veltec.eu\/es\/wp-json\/wp\/v2\/media\/86113"}],"wp:attachment":[{"href":"https:\/\/www.veltec.eu\/es\/wp-json\/wp\/v2\/media?parent=11777"}],"wp:term":[{"taxonomy":"product_brand","embeddable":true,"href":"https:\/\/www.veltec.eu\/es\/wp-json\/wp\/v2\/product_brand?post=11777"},{"taxonomy":"product_cat","embeddable":true,"href":"https:\/\/www.veltec.eu\/es\/wp-json\/wp\/v2\/product_cat?post=11777"},{"taxonomy":"product_tag","embeddable":true,"href":"https:\/\/www.veltec.eu\/es\/wp-json\/wp\/v2\/product_tag?post=11777"}],"curies":[{"name":"wp","href":"https:\/\/api.w.org\/{rel}","templated":true}]}}