{"id":11772,"date":"2018-10-18T15:01:58","date_gmt":"2018-10-18T13:01:58","guid":{"rendered":"https:\/\/www.veltec.eu\/kirby-webshop\/cojinete-trasero-kirby-nl3064\/"},"modified":"2025-04-07T13:18:04","modified_gmt":"2025-04-07T11:18:04","slug":"cojinete-trasero-kirby-nl3064","status":"publish","type":"product","link":"https:\/\/www.veltec.eu\/es\/product\/cojinete-trasero-kirby-nl3064\/","title":{"rendered":"Cojinete trasero Kirby"},"content":{"rendered":"<h2>Cojinete trasero Kirby &#8211; Indispensable para el anclaje<\/h2>\n<p>Este cojinete trasero es adecuado para casi todos los modelos de aspiradora Kirby y proporciona una soluci\u00f3n universal para el desgaste del anclaje:<\/p>\n<ul>\n<li>Avalir Platinum<\/li>\n<li>Avalir 2<\/li>\n<li>Avalir 1<\/li>\n<li>Sentria 2 (G10D)<\/li>\n<li>Sentria 1 (G10)<\/li>\n<li>Ultimate G Diamond Ed.(G7D or DE)<\/li>\n<li>Ultimate G (G7 or UG)<\/li>\n<li>Generation 6 (G6)<\/li>\n<li>Generation 5 (G5)<\/li>\n<li>Generation 4 (G4)<\/li>\n<li>Generation 3 (G3)<\/li>\n<\/ul>\n<h3>Por qu\u00e9 el cojinete trasero Kirby es esencial para su aspiradora<\/h3>\n<p>\u00bfNota que su aspiradora Kirby funciona con menos suavidad o hace m\u00e1s ruido? Lo m\u00e1s probable es que el cojinete trasero necesite ser sustituido. Esta pieza peque\u00f1a pero esencial contribuye al funcionamiento eficaz del inducido. Con un cojinete nuevo puede mejorar considerablemente el rendimiento y la vida \u00fatil de su aspiradora.<\/p>\n<p>Encuentre todas las <a href=\"https:\/\/www.veltec.eu\/es\/partes-para-motor-kirby\/\">piezas del motor Kirby<\/a> aqu\u00ed<\/p>\n<p><a href=\"https:\/\/www.veltec.eu\/es\/product\/cojinete-frontal-kirby-nl3065\/\">Encuentre el Cojinete frontal Kirby aqui<\/a><\/p>\n<h3>\u00bfCu\u00e1ndo es necesario sustituirlo?<\/h3>\n<p>Aunque las aspiradoras Kirby son conocidas por su robusta calidad de construcci\u00f3n, puede producirse desgaste tras un uso intensivo. Especialmente el cojinete trasero sufre mucho desgaste. El desgaste de \u00e9ste puede provocar:<\/p>\n<ul>\n<li>Reducci\u00f3n de la potencia de succi\u00f3n<\/li>\n<li>Ruidos molestos<\/li>\n<li>Riesgo de da\u00f1os en el motor<\/li>\n<\/ul>\n<p>Sustituyendo el cojinete a tiempo, evitar\u00e1 estos problemas y mantendr\u00e1 su aparato funcionando de forma \u00f3ptima.<\/p>\n<h3>Beneficios clave<\/h3>\n<p>1. M\u00e1s succi\u00f3n<\/p>\n<p>Un nuevo cojinete trasero garantiza que el inducido vuelva a girar suavemente, lo que se traduce en un rendimiento m\u00e1s potente y una mejor limpieza.<\/p>\n<p>2. Longevidad<\/p>\n<p>Los materiales utilizados son de alta calidad y garantizan un rendimiento duradero. Menos recambios, m\u00e1s tranquilidad.<\/p>\n<p>3. Funcionamiento m\u00e1s silencioso<\/p>\n<p>Un rodamiento nuevo amortigua las vibraciones y los ruidos, lo que resulta especialmente agradable en hogares con ni\u00f1os, mascotas o residentes sensibles al ruido.<\/p>\n<h3>Sustituci\u00f3n del cojinete trasero Kirby<\/h3>\n<p>Con un poco de habilidad y las herramientas adecuadas, puede sustituir el cojinete usted mismo. Para ello, siga estos pasos:<\/p>\n<p>Paso 1: Preparaci\u00f3n<\/p>\n<p>Apague completamente la aspiradora y desench\u00fafela antes de empezar.<\/p>\n<p>Paso 2: Acceso al motor<\/p>\n<p>Retire el cap\u00f3 y, si es necesario, otras piezas para abrir el compartimento del motor.<\/p>\n<p>Paso 3: Retirar el rodamiento viejo<\/p>\n<p>Utilice un extractor de rodamientos adecuado para retirar con cuidado el rodamiento viejo. Preste mucha atenci\u00f3n a su colocaci\u00f3n.<\/p>\n<p>Paso 4: Inserte el nuevo rodamiento<\/p>\n<p>Instale el nuevo rodamiento trasero Kirby en el mismo lugar. Aseg\u00farese de que est\u00e1 firmemente asentado.<\/p>\n<p>Paso 5: Montaje Completo<\/p>\n<p>Vuelva a colocar todas las piezas en su sitio y compruebe que todo est\u00e1 conectado correctamente. A continuaci\u00f3n, pruebe el aparato.<\/p>\n<h3>Resumen<\/h3>\n<p>Sustituir el cojinete trasero es una peque\u00f1a operaci\u00f3n con un gran efecto. Su aspiradora Kirby funcionar\u00e1 de forma m\u00e1s silenciosa, m\u00e1s potente y durar\u00e1 m\u00e1s. No espere hasta que el rendimiento se deteriore notablemente &#8211; sustituya el cojinete a tiempo y mantenga su aspiradora en las mejores condiciones.<\/p>\n<p>P\u00eddalo hoy y experimente la diferencia en funcionamiento y confort.<\/p>\n","protected":false},"excerpt":{"rendered":"<p>Cojinete trasero para el ancla.<\/p>\n[trustindex data-widget-id=48bbd87242952812953642309d4]\n<h3><b><br \/>\n<\/b><span style=\"color: #008000;\"><br \/>\nEn stock<\/span><\/h3>\n[av_font_icon icon='ue812' font='entypo-fontello' style='' caption='' size='25px' position='left' color='#43ad66' link='' linktarget='' title_attr='' sonar_effect_effect='' sonar_effect_color='' sonar_effect_duration='1' sonar_effect_scale='' sonar_effect_opac='0.5' animation='' id='' custom_class='' template_class='' av_uid='' sc_version='1.0' admin_preview_bg=''][\/av_font_icon]\n<p><span style=\"color: #008000;\">Pedido antes de las 23:59, enviado ma\u00f1ana<\/span><\/p>\n<p>&nbsp;<\/p>\n","protected":false},"featured_media":58860,"comment_status":"open","ping_status":"closed","template":"","meta":[],"product_brand":[],"product_cat":[362],"product_tag":[],"class_list":{"0":"post-11772","1":"product","2":"type-product","3":"status-publish","4":"has-post-thumbnail","6":"product_cat-partes-para-motor-kirby","7":"product_shipping_class-klein-es","9":"first","10":"instock","11":"taxable","12":"shipping-taxable","13":"purchasable","14":"product-type-simple"},"yoast_head":"<!-- This site is optimized with the Yoast SEO Premium plugin v27.1 (Yoast SEO v27.4) - https:\/\/yoast.com\/product\/yoast-seo-premium-wordpress\/ -->\n<title>Cojinete trasero Kirby - Veltec Kirby specialist<\/title>\n<meta name=\"description\" content=\"Cojinete trasero Kirby - Veltec es proveedor de aspiradoras Kirby desde hace m\u00e1s de 25 a\u00f1os. Todo para su aspiradora Kirby\" \/>\n<meta name=\"robots\" content=\"index, follow, max-snippet:-1, max-image-preview:large, max-video-preview:-1\" \/>\n<link rel=\"canonical\" href=\"https:\/\/www.veltec.eu\/es\/product\/cojinete-trasero-kirby-nl3064\/\" \/>\n<meta property=\"og:locale\" content=\"es_ES\" \/>\n<meta property=\"og:type\" content=\"article\" \/>\n<meta property=\"og:title\" content=\"Cojinete trasero Kirby\" \/>\n<meta property=\"og:description\" content=\"Cojinete trasero para el ancla.     En stock   Pedido antes de las 23:59, enviado ma\u00f1ana  &nbsp;\" \/>\n<meta property=\"og:url\" content=\"https:\/\/www.veltec.eu\/es\/product\/cojinete-trasero-kirby-nl3064\/\" \/>\n<meta property=\"og:site_name\" content=\"Veltec Kirby specialist\" \/>\n<meta property=\"article:publisher\" content=\"https:\/\/www.facebook.com\/Veltec-Kirby-Specialist-236746293374877\/\" \/>\n<meta property=\"article:modified_time\" content=\"2025-04-07T11:18:04+00:00\" \/>\n<meta property=\"og:image\" content=\"https:\/\/www.veltec.eu\/wp-content\/uploads\/2018\/10\/Kirby-Lager-Achter3.png\" \/>\n\t<meta property=\"og:image:width\" content=\"500\" \/>\n\t<meta property=\"og:image:height\" content=\"500\" \/>\n\t<meta property=\"og:image:type\" content=\"image\/png\" \/>\n<meta name=\"twitter:card\" content=\"summary_large_image\" \/>\n<meta name=\"twitter:label1\" content=\"Tiempo de lectura\" \/>\n\t<meta name=\"twitter:data1\" content=\"3 minutos\" \/>\n<script type=\"application\/ld+json\" class=\"yoast-schema-graph\">{\"@context\":\"https:\\\/\\\/schema.org\",\"@graph\":[{\"@type\":\"WebPage\",\"@id\":\"https:\\\/\\\/www.veltec.eu\\\/es\\\/product\\\/cojinete-trasero-kirby-nl3064\\\/\",\"url\":\"https:\\\/\\\/www.veltec.eu\\\/es\\\/product\\\/cojinete-trasero-kirby-nl3064\\\/\",\"name\":\"Cojinete trasero Kirby - Veltec Kirby specialist\",\"isPartOf\":{\"@id\":\"https:\\\/\\\/www.veltec.eu\\\/en\\\/#website\"},\"primaryImageOfPage\":{\"@id\":\"https:\\\/\\\/www.veltec.eu\\\/es\\\/product\\\/cojinete-trasero-kirby-nl3064\\\/#primaryimage\"},\"image\":{\"@id\":\"https:\\\/\\\/www.veltec.eu\\\/es\\\/product\\\/cojinete-trasero-kirby-nl3064\\\/#primaryimage\"},\"thumbnailUrl\":\"https:\\\/\\\/www.veltec.eu\\\/wp-content\\\/uploads\\\/2018\\\/10\\\/Kirby-Lager-Achter3.png\",\"datePublished\":\"2018-10-18T13:01:58+00:00\",\"dateModified\":\"2025-04-07T11:18:04+00:00\",\"description\":\"Cojinete trasero Kirby - Veltec es proveedor de aspiradoras Kirby desde hace m\u00e1s de 25 a\u00f1os. Todo para su aspiradora Kirby\",\"breadcrumb\":{\"@id\":\"https:\\\/\\\/www.veltec.eu\\\/es\\\/product\\\/cojinete-trasero-kirby-nl3064\\\/#breadcrumb\"},\"inLanguage\":\"es\",\"potentialAction\":[{\"@type\":\"ReadAction\",\"target\":[\"https:\\\/\\\/www.veltec.eu\\\/es\\\/product\\\/cojinete-trasero-kirby-nl3064\\\/\"]}]},{\"@type\":\"ImageObject\",\"inLanguage\":\"es\",\"@id\":\"https:\\\/\\\/www.veltec.eu\\\/es\\\/product\\\/cojinete-trasero-kirby-nl3064\\\/#primaryimage\",\"url\":\"https:\\\/\\\/www.veltec.eu\\\/wp-content\\\/uploads\\\/2018\\\/10\\\/Kirby-Lager-Achter3.png\",\"contentUrl\":\"https:\\\/\\\/www.veltec.eu\\\/wp-content\\\/uploads\\\/2018\\\/10\\\/Kirby-Lager-Achter3.png\",\"width\":500,\"height\":500},{\"@type\":\"BreadcrumbList\",\"@id\":\"https:\\\/\\\/www.veltec.eu\\\/es\\\/product\\\/cojinete-trasero-kirby-nl3064\\\/#breadcrumb\",\"itemListElement\":[{\"@type\":\"ListItem\",\"position\":1,\"name\":\"Home\",\"item\":\"https:\\\/\\\/www.veltec.eu\\\/es\\\/\"},{\"@type\":\"ListItem\",\"position\":2,\"name\":\"Produits\",\"item\":\"https:\\\/\\\/www.veltec.eu\\\/fr\\\/shop\\\/\"},{\"@type\":\"ListItem\",\"position\":3,\"name\":\"Cojinete trasero Kirby\"}]},{\"@type\":\"WebSite\",\"@id\":\"https:\\\/\\\/www.veltec.eu\\\/en\\\/#website\",\"url\":\"https:\\\/\\\/www.veltec.eu\\\/en\\\/\",\"name\":\"Veltec Kirby specialist\",\"description\":\"Kirby stofzuiger producten\",\"publisher\":{\"@id\":\"https:\\\/\\\/www.veltec.eu\\\/en\\\/#organization\"},\"potentialAction\":[{\"@type\":\"SearchAction\",\"target\":{\"@type\":\"EntryPoint\",\"urlTemplate\":\"https:\\\/\\\/www.veltec.eu\\\/en\\\/?s={search_term_string}\"},\"query-input\":{\"@type\":\"PropertyValueSpecification\",\"valueRequired\":true,\"valueName\":\"search_term_string\"}}],\"inLanguage\":\"es\"},{\"@type\":\"Organization\",\"@id\":\"https:\\\/\\\/www.veltec.eu\\\/en\\\/#organization\",\"name\":\"Veltec Kirby Specialist\",\"url\":\"https:\\\/\\\/www.veltec.eu\\\/en\\\/\",\"logo\":{\"@type\":\"ImageObject\",\"inLanguage\":\"es\",\"@id\":\"https:\\\/\\\/www.veltec.eu\\\/en\\\/#\\\/schema\\\/logo\\\/image\\\/\",\"url\":\"https:\\\/\\\/www.veltec.eu\\\/wp-content\\\/uploads\\\/2021\\\/12\\\/Veltec-log-groot-e1537260889125.png\",\"contentUrl\":\"https:\\\/\\\/www.veltec.eu\\\/wp-content\\\/uploads\\\/2021\\\/12\\\/Veltec-log-groot-e1537260889125.png\",\"width\":200,\"height\":60,\"caption\":\"Veltec Kirby Specialist\"},\"image\":{\"@id\":\"https:\\\/\\\/www.veltec.eu\\\/en\\\/#\\\/schema\\\/logo\\\/image\\\/\"},\"sameAs\":[\"https:\\\/\\\/www.facebook.com\\\/Veltec-Kirby-Specialist-236746293374877\\\/\",\"https:\\\/\\\/www.youtube.com\\\/user\\\/VeltecService\"]}]}<\/script>\n<!-- \/ Yoast SEO Premium plugin. -->","yoast_head_json":{"title":"Cojinete trasero Kirby - Veltec Kirby specialist","description":"Cojinete trasero Kirby - Veltec es proveedor de aspiradoras Kirby desde hace m\u00e1s de 25 a\u00f1os. Todo para su aspiradora Kirby","robots":{"index":"index","follow":"follow","max-snippet":"max-snippet:-1","max-image-preview":"max-image-preview:large","max-video-preview":"max-video-preview:-1"},"canonical":"https:\/\/www.veltec.eu\/es\/product\/cojinete-trasero-kirby-nl3064\/","og_locale":"es_ES","og_type":"article","og_title":"Cojinete trasero Kirby","og_description":"Cojinete trasero para el ancla.     En stock   Pedido antes de las 23:59, enviado ma\u00f1ana  &nbsp;","og_url":"https:\/\/www.veltec.eu\/es\/product\/cojinete-trasero-kirby-nl3064\/","og_site_name":"Veltec Kirby specialist","article_publisher":"https:\/\/www.facebook.com\/Veltec-Kirby-Specialist-236746293374877\/","article_modified_time":"2025-04-07T11:18:04+00:00","og_image":[{"width":500,"height":500,"url":"https:\/\/www.veltec.eu\/wp-content\/uploads\/2018\/10\/Kirby-Lager-Achter3.png","type":"image\/png"}],"twitter_card":"summary_large_image","twitter_misc":{"Tiempo de lectura":"3 minutos"},"schema":{"@context":"https:\/\/schema.org","@graph":[{"@type":"WebPage","@id":"https:\/\/www.veltec.eu\/es\/product\/cojinete-trasero-kirby-nl3064\/","url":"https:\/\/www.veltec.eu\/es\/product\/cojinete-trasero-kirby-nl3064\/","name":"Cojinete trasero Kirby - Veltec Kirby specialist","isPartOf":{"@id":"https:\/\/www.veltec.eu\/en\/#website"},"primaryImageOfPage":{"@id":"https:\/\/www.veltec.eu\/es\/product\/cojinete-trasero-kirby-nl3064\/#primaryimage"},"image":{"@id":"https:\/\/www.veltec.eu\/es\/product\/cojinete-trasero-kirby-nl3064\/#primaryimage"},"thumbnailUrl":"https:\/\/www.veltec.eu\/wp-content\/uploads\/2018\/10\/Kirby-Lager-Achter3.png","datePublished":"2018-10-18T13:01:58+00:00","dateModified":"2025-04-07T11:18:04+00:00","description":"Cojinete trasero Kirby - Veltec es proveedor de aspiradoras Kirby desde hace m\u00e1s de 25 a\u00f1os. Todo para su aspiradora Kirby","breadcrumb":{"@id":"https:\/\/www.veltec.eu\/es\/product\/cojinete-trasero-kirby-nl3064\/#breadcrumb"},"inLanguage":"es","potentialAction":[{"@type":"ReadAction","target":["https:\/\/www.veltec.eu\/es\/product\/cojinete-trasero-kirby-nl3064\/"]}]},{"@type":"ImageObject","inLanguage":"es","@id":"https:\/\/www.veltec.eu\/es\/product\/cojinete-trasero-kirby-nl3064\/#primaryimage","url":"https:\/\/www.veltec.eu\/wp-content\/uploads\/2018\/10\/Kirby-Lager-Achter3.png","contentUrl":"https:\/\/www.veltec.eu\/wp-content\/uploads\/2018\/10\/Kirby-Lager-Achter3.png","width":500,"height":500},{"@type":"BreadcrumbList","@id":"https:\/\/www.veltec.eu\/es\/product\/cojinete-trasero-kirby-nl3064\/#breadcrumb","itemListElement":[{"@type":"ListItem","position":1,"name":"Home","item":"https:\/\/www.veltec.eu\/es\/"},{"@type":"ListItem","position":2,"name":"Produits","item":"https:\/\/www.veltec.eu\/fr\/shop\/"},{"@type":"ListItem","position":3,"name":"Cojinete trasero Kirby"}]},{"@type":"WebSite","@id":"https:\/\/www.veltec.eu\/en\/#website","url":"https:\/\/www.veltec.eu\/en\/","name":"Veltec Kirby specialist","description":"Kirby stofzuiger producten","publisher":{"@id":"https:\/\/www.veltec.eu\/en\/#organization"},"potentialAction":[{"@type":"SearchAction","target":{"@type":"EntryPoint","urlTemplate":"https:\/\/www.veltec.eu\/en\/?s={search_term_string}"},"query-input":{"@type":"PropertyValueSpecification","valueRequired":true,"valueName":"search_term_string"}}],"inLanguage":"es"},{"@type":"Organization","@id":"https:\/\/www.veltec.eu\/en\/#organization","name":"Veltec Kirby Specialist","url":"https:\/\/www.veltec.eu\/en\/","logo":{"@type":"ImageObject","inLanguage":"es","@id":"https:\/\/www.veltec.eu\/en\/#\/schema\/logo\/image\/","url":"https:\/\/www.veltec.eu\/wp-content\/uploads\/2021\/12\/Veltec-log-groot-e1537260889125.png","contentUrl":"https:\/\/www.veltec.eu\/wp-content\/uploads\/2021\/12\/Veltec-log-groot-e1537260889125.png","width":200,"height":60,"caption":"Veltec Kirby Specialist"},"image":{"@id":"https:\/\/www.veltec.eu\/en\/#\/schema\/logo\/image\/"},"sameAs":["https:\/\/www.facebook.com\/Veltec-Kirby-Specialist-236746293374877\/","https:\/\/www.youtube.com\/user\/VeltecService"]}]}},"_links":{"self":[{"href":"https:\/\/www.veltec.eu\/es\/wp-json\/wp\/v2\/product\/11772","targetHints":{"allow":["GET"]}}],"collection":[{"href":"https:\/\/www.veltec.eu\/es\/wp-json\/wp\/v2\/product"}],"about":[{"href":"https:\/\/www.veltec.eu\/es\/wp-json\/wp\/v2\/types\/product"}],"replies":[{"embeddable":true,"href":"https:\/\/www.veltec.eu\/es\/wp-json\/wp\/v2\/comments?post=11772"}],"wp:featuredmedia":[{"embeddable":true,"href":"https:\/\/www.veltec.eu\/es\/wp-json\/wp\/v2\/media\/58860"}],"wp:attachment":[{"href":"https:\/\/www.veltec.eu\/es\/wp-json\/wp\/v2\/media?parent=11772"}],"wp:term":[{"taxonomy":"product_brand","embeddable":true,"href":"https:\/\/www.veltec.eu\/es\/wp-json\/wp\/v2\/product_brand?post=11772"},{"taxonomy":"product_cat","embeddable":true,"href":"https:\/\/www.veltec.eu\/es\/wp-json\/wp\/v2\/product_cat?post=11772"},{"taxonomy":"product_tag","embeddable":true,"href":"https:\/\/www.veltec.eu\/es\/wp-json\/wp\/v2\/product_tag?post=11772"}],"curies":[{"name":"wp","href":"https:\/\/api.w.org\/{rel}","templated":true}]}}