{"id":11757,"date":"2018-10-18T15:19:14","date_gmt":"2018-10-18T13:19:14","guid":{"rendered":"https:\/\/www.veltec.eu\/kirby-webshop\/cepillos-de-carbon-kirby-incluyendo-estuches-2x-nl3061\/"},"modified":"2025-11-11T22:29:32","modified_gmt":"2025-11-11T20:29:32","slug":"cepillos-de-carbon-kirby-incluyendo-estuches-x2-nl3061","status":"publish","type":"product","link":"https:\/\/www.veltec.eu\/es\/product\/cepillos-de-carbon-kirby-incluyendo-estuches-x2-nl3061\/","title":{"rendered":"Cepillos de Carb\u00f3n Kirby incluyendo Estuches x2"},"content":{"rendered":"<h1>Cepillos de Carb\u00f3n Kirby incluyendo Estuches x2<\/h1>\n<p>Cepillos de Carb\u00f3n Kirby incluyendo Estuches x2<\/p>\n<p>Si los cepillos est\u00e1n desgastados, lo m\u00e1s probable es que el ancla se haya da\u00f1ado por quemaduras. Agregar nuevos cepillos de carb\u00f3n sin pulir el ancla limpio y liso, puede causar una lluvia de chispas, y un desgaste acelerado de los cepillos de carb\u00f3n.(Si este es el caso, le recomendamos reafilar el ancla con una piedra de afilar Kirby) Solicita aqu\u00ed una piedra de afilar Kirby.<\/p>\n<p><strong>Este producto es adecuado para los tipos:<\/strong><\/p>\n<ul>\n<li>Avalir Platinum<\/li>\n<li>Avalir 2<\/li>\n<li>Avalir 1<\/li>\n<li>Sentria 2 (G10D)<\/li>\n<li>Sentria 1 (G10)<\/li>\n<li>Ultimate G Diamond Ed.(G7D or DE)<\/li>\n<li>Ultimate G (G7 or UG)<\/li>\n<li>Generation 6 (G6)<\/li>\n<li>Generation 5 (G5)<\/li>\n<li>Generation 4 (G4)<\/li>\n<li>Generation 3 (G3)<\/li>\n<\/ul>\n<h2>Cepillos de Carb\u00f3n Kirby incluyendo Estuches x2: La soluci\u00f3n definitiva para su aspiradora<\/h2>\n<p>\u00bfBusca piezas de repuesto de alta calidad para su aspiradora Kirby? No busque m\u00e1s. Nuestras escobillas de carb\u00f3n Kirby con soportes 2x son exactamente lo que necesita para optimizar el rendimiento de su aspiradora y mantener su hogar impecable.<\/p>\n<p>Encuentre todas las <a href=\"https:\/\/www.veltec.eu\/es\/partes-para-motor-kirby\/\">Partes para motor Kirby<\/a> aqu\u00ed<br \/>\n<a href=\"https:\/\/www.veltec.eu\/es\/product\/cepillos-de-carbon-kirby-2x-nl3060\/\">Encuentre escobillas de carb\u00f3n Kirby sin soporte aqu\u00ed <\/a><\/p>\n<h3>\u00bfPor qu\u00e9 elegir los cepillos de carbono Kirby?<\/h3>\n<p>Las aspiradoras Kirby son conocidas por su potencia y durabilidad, pero incluso los mejores aparatos necesitan piezas de repuesto de vez en cuando para mantener su m\u00e1ximo rendimiento. Las escobillas de carb\u00f3n Kirby con soportes 2x est\u00e1n especialmente dise\u00f1adas para satisfacer esta necesidad. Estas escobillas de carb\u00f3n est\u00e1n fabricadas con materiales de alta calidad que garantizan una larga vida \u00fatil y aseguran un funcionamiento eficaz de su aspiradora.<\/p>\n<h3>Ventajas de las escobillas de Cepillos de Carb\u00f3n Kirby incluyendo Estuches x2<\/h3>\n<ul>\n<li><strong>Durabilidad y fiabilidad<\/strong><br \/>\nLas escobillas de carb\u00f3n Kirby est\u00e1n fabricadas con materiales duraderos, lo que las hace duraderas y resistentes al desgaste.<br \/>\nLos robustos soportes garantizan que las escobillas de carb\u00f3n permanezcan firmemente en su sitio durante el uso, lo cual es esencial para el funcionamiento \u00f3ptimo de su aspiradora.<\/li>\n<li><strong>F\u00e1cil instalaci\u00f3n<\/strong><br \/>\nSustituir las escobillas de carb\u00f3n es un trabajo sencillo que puede hacer usted mismo. Gracias a los soportes suministrados, puede instalar las escobillas de carb\u00f3n r\u00e1pida y f\u00e1cilmente, sin tener que llamar a un mec\u00e1nico.<\/li>\n<li><strong>Mejora del rendimiento<\/strong><br \/>\nLa sustituci\u00f3n de las escobillas de carb\u00f3n desgastadas restaura la potencia de succi\u00f3n y la eficacia de su aspiradora Kirby. Esto significa que eliminar\u00e1 m\u00e1s polvo, suciedad y al\u00e9rgenos de su hogar, lo que se traduce en un entorno m\u00e1s limpio y saludable.<\/li>\n<\/ul>\n<h3>Modo de empleo.<\/h3>\n<p>El uso de los Cepillos de Carb\u00f3n Kirby con Soporte 2x es sencillo y no requiere conocimientos t\u00e9cnicos. Siga estos pasos para que su aspiradora vuelva a funcionar como nueva:<\/p>\n<ol>\n<li><strong>Prepare su aspiradora<\/strong><br \/>\nAseg\u00farese de que la aspiradora est\u00e1 apagada y desconectada de la fuente de alimentaci\u00f3n antes de comenzar la sustituci\u00f3n.<\/li>\n<li><strong>Retire las escobillas viejas<\/strong><br \/>\nRetire el cap\u00f3 de la aspiradora para acceder al motor. A continuaci\u00f3n, retire las escobillas de carb\u00f3n viejas y los soportes.<\/li>\n<li><strong>Instale las nuevas escobillas de carb\u00f3n<\/strong><br \/>\nInserte las nuevas escobillas de carb\u00f3n en los soportes y aseg\u00farese de que est\u00e9n bien colocadas. Vuelva a colocar la tapa en la aspiradora.<\/li>\n<li><strong>Pruebe la aspiradora<\/strong><br \/>\nVuelva a conectar la aspiradora y pruebe su funcionamiento para asegurarse de que todo se ha instalado correctamente.<\/li>\n<\/ol>\n<h3>Conclusi\u00f3n<\/h3>\n<p>Con las escobillas de carb\u00f3n Kirby con soportes 2x, obtendr\u00e1 una pieza esencial que prolonga significativamente la vida y el rendimiento de su aspiradora Kirby. Estas escobillas de carb\u00f3n ofrecen durabilidad, f\u00e1cil instalaci\u00f3n y una potencia de aspiraci\u00f3n mejorada, manteniendo su hogar m\u00e1s limpio y saludable. No espere m\u00e1s y d\u00e9 a su aspiradora el mantenimiento que se merece con los Cepillos de Carbono Kirby con Soporte 2x.<\/p>\n<p>\u00a1Haga su compra hoy y experimente la diferencia en calidad y rendimiento!<\/p>\n","protected":false},"excerpt":{"rendered":"<p>2x \u00a0Cepillos de carb\u00f3n incluyendo estuches.<\/p>\n[trustindex data-widget-id=48bbd87242952812953642309d4]\n<h3><b><br \/>\n<\/b><span style=\"color: #008000;\"><br \/>\nEn stock<\/span><\/h3>\n[av_font_icon icon='ue812' font='entypo-fontello' style='' caption='' size='25px' position='left' color='#43ad66' link='' linktarget='' title_attr='' sonar_effect_effect='' sonar_effect_color='' sonar_effect_duration='1' sonar_effect_scale='' sonar_effect_opac='0.5' animation='' id='' custom_class='' template_class='' av_uid='' sc_version='1.0' admin_preview_bg=''][\/av_font_icon]\n<p><span style=\"color: #008000;\">Pedido antes de las 23:59, enviado ma\u00f1ana<\/span><\/p>\n<p>&nbsp;<\/p>\n","protected":false},"featured_media":6592,"comment_status":"open","ping_status":"closed","template":"","meta":[],"product_brand":[],"product_cat":[362],"product_tag":[],"class_list":{"0":"post-11757","1":"product","2":"type-product","3":"status-publish","4":"has-post-thumbnail","6":"product_cat-partes-para-motor-kirby","7":"product_shipping_class-klein-es","9":"first","10":"instock","11":"taxable","12":"shipping-taxable","13":"purchasable","14":"product-type-simple"},"yoast_head":"<!-- This site is optimized with the Yoast SEO Premium plugin v27.1 (Yoast SEO v27.3) - https:\/\/yoast.com\/product\/yoast-seo-premium-wordpress\/ -->\n<title>Cepillos de Carb\u00f3n Kirby incluyendo Estuches x2 - Veltec Kirby specialist<\/title>\n<meta name=\"description\" content=\"Cepillos de Carb\u00f3n Kirby incluyendo Estuches x2 Veltec es el proveedor de las aspiradoras Kirby desde hace m\u00e1s de 20 a\u00f1os.\" \/>\n<meta name=\"robots\" content=\"index, follow, max-snippet:-1, max-image-preview:large, max-video-preview:-1\" \/>\n<link rel=\"canonical\" href=\"https:\/\/www.veltec.eu\/es\/product\/cepillos-de-carbon-kirby-incluyendo-estuches-x2-nl3061\/\" \/>\n<meta property=\"og:locale\" content=\"es_ES\" \/>\n<meta property=\"og:type\" content=\"article\" \/>\n<meta property=\"og:title\" content=\"Cepillos de Carb\u00f3n Kirby incluyendo Estuches x2\" \/>\n<meta property=\"og:description\" content=\"2x \u00a0Cepillos de carb\u00f3n incluyendo estuches.     En stock   Pedido antes de las 23:59, enviado ma\u00f1ana  &nbsp;\" \/>\n<meta property=\"og:url\" content=\"https:\/\/www.veltec.eu\/es\/product\/cepillos-de-carbon-kirby-incluyendo-estuches-x2-nl3061\/\" \/>\n<meta property=\"og:site_name\" content=\"Veltec Kirby specialist\" \/>\n<meta property=\"article:publisher\" content=\"https:\/\/www.facebook.com\/Veltec-Kirby-Specialist-236746293374877\/\" \/>\n<meta property=\"article:modified_time\" content=\"2025-11-11T20:29:32+00:00\" \/>\n<meta property=\"og:image\" content=\"https:\/\/www.veltec.eu\/wp-content\/uploads\/2018\/10\/koolborslels_incl._houder_2x_.jpg\" \/>\n\t<meta property=\"og:image:width\" content=\"300\" \/>\n\t<meta property=\"og:image:height\" content=\"300\" \/>\n\t<meta property=\"og:image:type\" content=\"image\/jpeg\" \/>\n<meta name=\"twitter:card\" content=\"summary_large_image\" \/>\n<meta name=\"twitter:label1\" content=\"Tiempo de lectura\" \/>\n\t<meta name=\"twitter:data1\" content=\"4 minutos\" \/>\n<script type=\"application\/ld+json\" class=\"yoast-schema-graph\">{\"@context\":\"https:\\\/\\\/schema.org\",\"@graph\":[{\"@type\":\"WebPage\",\"@id\":\"https:\\\/\\\/www.veltec.eu\\\/es\\\/product\\\/cepillos-de-carbon-kirby-incluyendo-estuches-x2-nl3061\\\/\",\"url\":\"https:\\\/\\\/www.veltec.eu\\\/es\\\/product\\\/cepillos-de-carbon-kirby-incluyendo-estuches-x2-nl3061\\\/\",\"name\":\"Cepillos de Carb\u00f3n Kirby incluyendo Estuches x2 - Veltec Kirby specialist\",\"isPartOf\":{\"@id\":\"https:\\\/\\\/www.veltec.eu\\\/en\\\/#website\"},\"primaryImageOfPage\":{\"@id\":\"https:\\\/\\\/www.veltec.eu\\\/es\\\/product\\\/cepillos-de-carbon-kirby-incluyendo-estuches-x2-nl3061\\\/#primaryimage\"},\"image\":{\"@id\":\"https:\\\/\\\/www.veltec.eu\\\/es\\\/product\\\/cepillos-de-carbon-kirby-incluyendo-estuches-x2-nl3061\\\/#primaryimage\"},\"thumbnailUrl\":\"https:\\\/\\\/www.veltec.eu\\\/wp-content\\\/uploads\\\/2018\\\/10\\\/koolborslels_incl._houder_2x_.jpg\",\"datePublished\":\"2018-10-18T13:19:14+00:00\",\"dateModified\":\"2025-11-11T20:29:32+00:00\",\"description\":\"Cepillos de Carb\u00f3n Kirby incluyendo Estuches x2 Veltec es el proveedor de las aspiradoras Kirby desde hace m\u00e1s de 20 a\u00f1os.\",\"breadcrumb\":{\"@id\":\"https:\\\/\\\/www.veltec.eu\\\/es\\\/product\\\/cepillos-de-carbon-kirby-incluyendo-estuches-x2-nl3061\\\/#breadcrumb\"},\"inLanguage\":\"es\",\"potentialAction\":[{\"@type\":\"ReadAction\",\"target\":[\"https:\\\/\\\/www.veltec.eu\\\/es\\\/product\\\/cepillos-de-carbon-kirby-incluyendo-estuches-x2-nl3061\\\/\"]}]},{\"@type\":\"ImageObject\",\"inLanguage\":\"es\",\"@id\":\"https:\\\/\\\/www.veltec.eu\\\/es\\\/product\\\/cepillos-de-carbon-kirby-incluyendo-estuches-x2-nl3061\\\/#primaryimage\",\"url\":\"https:\\\/\\\/www.veltec.eu\\\/wp-content\\\/uploads\\\/2018\\\/10\\\/koolborslels_incl._houder_2x_.jpg\",\"contentUrl\":\"https:\\\/\\\/www.veltec.eu\\\/wp-content\\\/uploads\\\/2018\\\/10\\\/koolborslels_incl._houder_2x_.jpg\",\"width\":300,\"height\":300,\"caption\":\"Cepillos de Carb\u00f3n Kirby incluyendo Estuches x2\"},{\"@type\":\"BreadcrumbList\",\"@id\":\"https:\\\/\\\/www.veltec.eu\\\/es\\\/product\\\/cepillos-de-carbon-kirby-incluyendo-estuches-x2-nl3061\\\/#breadcrumb\",\"itemListElement\":[{\"@type\":\"ListItem\",\"position\":1,\"name\":\"Home\",\"item\":\"https:\\\/\\\/www.veltec.eu\\\/es\\\/\"},{\"@type\":\"ListItem\",\"position\":2,\"name\":\"Produits\",\"item\":\"https:\\\/\\\/www.veltec.eu\\\/fr\\\/shop\\\/\"},{\"@type\":\"ListItem\",\"position\":3,\"name\":\"Cepillos de Carb\u00f3n Kirby incluyendo Estuches x2\"}]},{\"@type\":\"WebSite\",\"@id\":\"https:\\\/\\\/www.veltec.eu\\\/en\\\/#website\",\"url\":\"https:\\\/\\\/www.veltec.eu\\\/en\\\/\",\"name\":\"Veltec Kirby specialist\",\"description\":\"Kirby stofzuiger producten\",\"publisher\":{\"@id\":\"https:\\\/\\\/www.veltec.eu\\\/en\\\/#organization\"},\"potentialAction\":[{\"@type\":\"SearchAction\",\"target\":{\"@type\":\"EntryPoint\",\"urlTemplate\":\"https:\\\/\\\/www.veltec.eu\\\/en\\\/?s={search_term_string}\"},\"query-input\":{\"@type\":\"PropertyValueSpecification\",\"valueRequired\":true,\"valueName\":\"search_term_string\"}}],\"inLanguage\":\"es\"},{\"@type\":\"Organization\",\"@id\":\"https:\\\/\\\/www.veltec.eu\\\/en\\\/#organization\",\"name\":\"Veltec Kirby Specialist\",\"url\":\"https:\\\/\\\/www.veltec.eu\\\/en\\\/\",\"logo\":{\"@type\":\"ImageObject\",\"inLanguage\":\"es\",\"@id\":\"https:\\\/\\\/www.veltec.eu\\\/en\\\/#\\\/schema\\\/logo\\\/image\\\/\",\"url\":\"https:\\\/\\\/www.veltec.eu\\\/wp-content\\\/uploads\\\/2021\\\/12\\\/Veltec-log-groot-e1537260889125.png\",\"contentUrl\":\"https:\\\/\\\/www.veltec.eu\\\/wp-content\\\/uploads\\\/2021\\\/12\\\/Veltec-log-groot-e1537260889125.png\",\"width\":200,\"height\":60,\"caption\":\"Veltec Kirby Specialist\"},\"image\":{\"@id\":\"https:\\\/\\\/www.veltec.eu\\\/en\\\/#\\\/schema\\\/logo\\\/image\\\/\"},\"sameAs\":[\"https:\\\/\\\/www.facebook.com\\\/Veltec-Kirby-Specialist-236746293374877\\\/\",\"https:\\\/\\\/www.youtube.com\\\/user\\\/VeltecService\"]}]}<\/script>\n<!-- \/ Yoast SEO Premium plugin. -->","yoast_head_json":{"title":"Cepillos de Carb\u00f3n Kirby incluyendo Estuches x2 - Veltec Kirby specialist","description":"Cepillos de Carb\u00f3n Kirby incluyendo Estuches x2 Veltec es el proveedor de las aspiradoras Kirby desde hace m\u00e1s de 20 a\u00f1os.","robots":{"index":"index","follow":"follow","max-snippet":"max-snippet:-1","max-image-preview":"max-image-preview:large","max-video-preview":"max-video-preview:-1"},"canonical":"https:\/\/www.veltec.eu\/es\/product\/cepillos-de-carbon-kirby-incluyendo-estuches-x2-nl3061\/","og_locale":"es_ES","og_type":"article","og_title":"Cepillos de Carb\u00f3n Kirby incluyendo Estuches x2","og_description":"2x \u00a0Cepillos de carb\u00f3n incluyendo estuches.     En stock   Pedido antes de las 23:59, enviado ma\u00f1ana  &nbsp;","og_url":"https:\/\/www.veltec.eu\/es\/product\/cepillos-de-carbon-kirby-incluyendo-estuches-x2-nl3061\/","og_site_name":"Veltec Kirby specialist","article_publisher":"https:\/\/www.facebook.com\/Veltec-Kirby-Specialist-236746293374877\/","article_modified_time":"2025-11-11T20:29:32+00:00","og_image":[{"width":300,"height":300,"url":"https:\/\/www.veltec.eu\/wp-content\/uploads\/2018\/10\/koolborslels_incl._houder_2x_.jpg","type":"image\/jpeg"}],"twitter_card":"summary_large_image","twitter_misc":{"Tiempo de lectura":"4 minutos"},"schema":{"@context":"https:\/\/schema.org","@graph":[{"@type":"WebPage","@id":"https:\/\/www.veltec.eu\/es\/product\/cepillos-de-carbon-kirby-incluyendo-estuches-x2-nl3061\/","url":"https:\/\/www.veltec.eu\/es\/product\/cepillos-de-carbon-kirby-incluyendo-estuches-x2-nl3061\/","name":"Cepillos de Carb\u00f3n Kirby incluyendo Estuches x2 - Veltec Kirby specialist","isPartOf":{"@id":"https:\/\/www.veltec.eu\/en\/#website"},"primaryImageOfPage":{"@id":"https:\/\/www.veltec.eu\/es\/product\/cepillos-de-carbon-kirby-incluyendo-estuches-x2-nl3061\/#primaryimage"},"image":{"@id":"https:\/\/www.veltec.eu\/es\/product\/cepillos-de-carbon-kirby-incluyendo-estuches-x2-nl3061\/#primaryimage"},"thumbnailUrl":"https:\/\/www.veltec.eu\/wp-content\/uploads\/2018\/10\/koolborslels_incl._houder_2x_.jpg","datePublished":"2018-10-18T13:19:14+00:00","dateModified":"2025-11-11T20:29:32+00:00","description":"Cepillos de Carb\u00f3n Kirby incluyendo Estuches x2 Veltec es el proveedor de las aspiradoras Kirby desde hace m\u00e1s de 20 a\u00f1os.","breadcrumb":{"@id":"https:\/\/www.veltec.eu\/es\/product\/cepillos-de-carbon-kirby-incluyendo-estuches-x2-nl3061\/#breadcrumb"},"inLanguage":"es","potentialAction":[{"@type":"ReadAction","target":["https:\/\/www.veltec.eu\/es\/product\/cepillos-de-carbon-kirby-incluyendo-estuches-x2-nl3061\/"]}]},{"@type":"ImageObject","inLanguage":"es","@id":"https:\/\/www.veltec.eu\/es\/product\/cepillos-de-carbon-kirby-incluyendo-estuches-x2-nl3061\/#primaryimage","url":"https:\/\/www.veltec.eu\/wp-content\/uploads\/2018\/10\/koolborslels_incl._houder_2x_.jpg","contentUrl":"https:\/\/www.veltec.eu\/wp-content\/uploads\/2018\/10\/koolborslels_incl._houder_2x_.jpg","width":300,"height":300,"caption":"Cepillos de Carb\u00f3n Kirby incluyendo Estuches x2"},{"@type":"BreadcrumbList","@id":"https:\/\/www.veltec.eu\/es\/product\/cepillos-de-carbon-kirby-incluyendo-estuches-x2-nl3061\/#breadcrumb","itemListElement":[{"@type":"ListItem","position":1,"name":"Home","item":"https:\/\/www.veltec.eu\/es\/"},{"@type":"ListItem","position":2,"name":"Produits","item":"https:\/\/www.veltec.eu\/fr\/shop\/"},{"@type":"ListItem","position":3,"name":"Cepillos de Carb\u00f3n Kirby incluyendo Estuches x2"}]},{"@type":"WebSite","@id":"https:\/\/www.veltec.eu\/en\/#website","url":"https:\/\/www.veltec.eu\/en\/","name":"Veltec Kirby specialist","description":"Kirby stofzuiger producten","publisher":{"@id":"https:\/\/www.veltec.eu\/en\/#organization"},"potentialAction":[{"@type":"SearchAction","target":{"@type":"EntryPoint","urlTemplate":"https:\/\/www.veltec.eu\/en\/?s={search_term_string}"},"query-input":{"@type":"PropertyValueSpecification","valueRequired":true,"valueName":"search_term_string"}}],"inLanguage":"es"},{"@type":"Organization","@id":"https:\/\/www.veltec.eu\/en\/#organization","name":"Veltec Kirby Specialist","url":"https:\/\/www.veltec.eu\/en\/","logo":{"@type":"ImageObject","inLanguage":"es","@id":"https:\/\/www.veltec.eu\/en\/#\/schema\/logo\/image\/","url":"https:\/\/www.veltec.eu\/wp-content\/uploads\/2021\/12\/Veltec-log-groot-e1537260889125.png","contentUrl":"https:\/\/www.veltec.eu\/wp-content\/uploads\/2021\/12\/Veltec-log-groot-e1537260889125.png","width":200,"height":60,"caption":"Veltec Kirby Specialist"},"image":{"@id":"https:\/\/www.veltec.eu\/en\/#\/schema\/logo\/image\/"},"sameAs":["https:\/\/www.facebook.com\/Veltec-Kirby-Specialist-236746293374877\/","https:\/\/www.youtube.com\/user\/VeltecService"]}]}},"_links":{"self":[{"href":"https:\/\/www.veltec.eu\/es\/wp-json\/wp\/v2\/product\/11757","targetHints":{"allow":["GET"]}}],"collection":[{"href":"https:\/\/www.veltec.eu\/es\/wp-json\/wp\/v2\/product"}],"about":[{"href":"https:\/\/www.veltec.eu\/es\/wp-json\/wp\/v2\/types\/product"}],"replies":[{"embeddable":true,"href":"https:\/\/www.veltec.eu\/es\/wp-json\/wp\/v2\/comments?post=11757"}],"wp:featuredmedia":[{"embeddable":true,"href":"https:\/\/www.veltec.eu\/es\/wp-json\/wp\/v2\/media\/6592"}],"wp:attachment":[{"href":"https:\/\/www.veltec.eu\/es\/wp-json\/wp\/v2\/media?parent=11757"}],"wp:term":[{"taxonomy":"product_brand","embeddable":true,"href":"https:\/\/www.veltec.eu\/es\/wp-json\/wp\/v2\/product_brand?post=11757"},{"taxonomy":"product_cat","embeddable":true,"href":"https:\/\/www.veltec.eu\/es\/wp-json\/wp\/v2\/product_cat?post=11757"},{"taxonomy":"product_tag","embeddable":true,"href":"https:\/\/www.veltec.eu\/es\/wp-json\/wp\/v2\/product_tag?post=11757"}],"curies":[{"name":"wp","href":"https:\/\/api.w.org\/{rel}","templated":true}]}}