{"id":11747,"date":"2018-10-18T15:26:19","date_gmt":"2018-10-18T13:26:19","guid":{"rendered":"https:\/\/www.veltec.eu\/kirby-webshop\/piedra-de-afilar-kirby-nl3105\/"},"modified":"2025-04-22T11:36:28","modified_gmt":"2025-04-22T09:36:28","slug":"piedra-de-afilar-kirby-nl3105","status":"publish","type":"product","link":"https:\/\/www.veltec.eu\/es\/product\/piedra-de-afilar-kirby-nl3105\/","title":{"rendered":"Piedra de Afilar Kirby"},"content":{"rendered":"<h1>Piedra de afilar Kirby<\/h1>\n<p>Piedra de amolar Kirby para afilar el anclaje.<\/p>\n<p><strong>Esta piedra de afilar es universal y apta para cualquier aspiradora Kirby;<\/strong><\/p>\n<ul>\n<li>Avalir Platinum<\/li>\n<li>Avalir 2<\/li>\n<li>Avalir 1<\/li>\n<li>Sentria 2 (G10D)<\/li>\n<li>Sentria 1 (G10)<\/li>\n<li>Ultimate G Diamond Ed.(G7D or DE)<\/li>\n<li>Ultimate G (G7 or UG)<\/li>\n<li>Generation 6 (G6)<\/li>\n<li>Generation 5 (G5)<\/li>\n<li>Generation 4 (G4)<\/li>\n<li>Generation 3 (G3)<\/li>\n<\/ul>\n<h2><b>La Piedra de Afilar Kirby: La herramienta esencial para el mantenimiento de su aspiradora Kirby<\/b><\/h2>\n<h3>\u00bfQu\u00e9 es la piedra de amolar?<\/h3>\n<p>La piedra de amolar es una piedra de amolar blanda, especialmente dise\u00f1ada, ideal para amolar y pulir eficazmente las aletas del ancla o rotor Kirby. Con esta piedra de amolar, puede eliminar f\u00e1cilmente los residuos de escobillas de carb\u00f3n y otros dep\u00f3sitos de las aletas. Esto no s\u00f3lo garantiza una vida \u00fatil m\u00e1s larga de su aspiradora Kirby, sino tambi\u00e9n un funcionamiento \u00f3ptimo. Cuando las aletas est\u00e1n limpias y pulidas, el aparato puede funcionar con mayor suavidad, lo que en \u00faltima instancia se traduce en un mejor rendimiento y un menor consumo de energ\u00eda.<\/p>\n<p>Encuentre aqu\u00ed todas las <a href=\"https:\/\/www.veltec.eu\/es\/partes-para-motor-kirby\/\">piezas de motor Kirby<\/a><\/p>\n<h3>\u00bfPor qu\u00e9 elegir la Piedra de Afilar Kirby?<\/h3>\n<p>La piedra de amolar ofrece una serie de ventajas \u00fanicas para su equipo Kirby:<\/p>\n<ul>\n<li><strong>Textura suave<\/strong>: La composici\u00f3n suave de la piedra de amolar le permite pulir de forma segura y eficaz las cuchillas del rotor sin causar da\u00f1os.<\/li>\n<li><strong>Limpieza eficaz<\/strong>: La eliminaci\u00f3n de los residuos de las escobillas de carb\u00f3n es esencial para mantener la calidad del motor y garantiza un funcionamiento m\u00e1s eficaz.<\/li>\n<li><strong>Durabilidad<\/strong>: El uso regular de la piedra de amolar ayuda a reducir el desgaste del rotor y evita que el polvo y los residuos de escobillas de carb\u00f3n afecten al rendimiento de su aspiradora Kirby.<\/li>\n<\/ul>\n<div class=\"group\/conversation-turn relative flex w-full min-w-0 flex-col agent-turn\">\n<div class=\"flex-col gap-1 md:gap-3\">\n<div class=\"flex max-w-full flex-col flex-grow\">\n<div class=\"min-h-8 text-message flex w-full flex-col items-end gap-2 whitespace-normal break-words [.text-message+&amp;]:mt-5\" dir=\"auto\" data-message-author-role=\"assistant\" data-message-id=\"98308336-ad3e-4b23-bc96-8c51b5cb6dcb\" data-message-model-slug=\"gpt-4o\">\n<div class=\"flex w-full flex-col gap-1 empty:hidden first:pt-[3px]\">\n<div class=\"markdown prose w-full break-words dark:prose-invert light\">\n<h3>\u00bfC\u00f3mo se utiliza la piedra de afilar?<\/h3>\n<p>El uso de la piedra de afilar no es f\u00e1cil y se realiza bajo tensi\u00f3n el\u00e9ctrica . Esto requiere un cierto conocimiento y o experiencia, si usted no tiene esto consulte a un mec\u00e1nico autorizado Kirby, con el cuidado y la t\u00e9cnica adecuada puede mejorar significativamente la vida y el rendimiento de su aspiradora.<\/p>\n<h3>La importancia de un mantenimiento regular<\/h3>\n<p>La limpieza y mantenimiento regular de su equipo Kirby con la piedra de amolar evita la acumulaci\u00f3n de suciedad y dep\u00f3sitos, lo que conlleva una menor fricci\u00f3n y un menor consumo de energ\u00eda. Esto permite que el motor funcione de forma m\u00e1s eficaz, prolongando tanto la vida \u00fatil como la potencia de succi\u00f3n de su aspiradora. De hecho, sin un mantenimiento regular, los residuos y la suciedad pueden hacer que el motor funcione mal, provocando finalmente aver\u00edas o una reducci\u00f3n del rendimiento.<\/p>\n<h3>\u00bfD\u00f3nde se puede comprar la Piedra de Afilar Kirby?<\/h3>\n<p>La piedra de amolar s\u00f3lo est\u00e1 disponible en distribuidores Kirby autorizados y tiendas online especializadas en piezas Kirby. Es importante elegir una fuente fiable para garantizar piezas Kirby de calidad y originales.<\/p>\n<h3>Consejos de compra:<\/h3>\n<ul>\n<li>Compruebe siempre que est\u00e1 comprando una Muela original para beneficiarse de la mejor calidad.<\/li>\n<li>Preste atenci\u00f3n a las opciones de env\u00edo y a los precios; en algunas tiendas el env\u00edo es gratuito a partir de un determinado importe.<\/li>\n<\/ul>\n<h3>Conclusi\u00f3n<\/h3>\n<p>La piedra de afilar es una herramienta esencial para cualquiera que quiera sacar el m\u00e1ximo partido a su aspiradora Kirby. El uso regular de esta piedra de afilar mantiene el rotor en \u00f3ptimas condiciones, lo que favorece el rendimiento del motor y evita su desgaste. Tanto si es un nuevo usuario como si es un fiel propietario de Kirby desde hace muchos a\u00f1os, esta piedra de afilar ofrece el equilibrio perfecto entre sencillez y eficacia. Con la piedra de afilar, no s\u00f3lo mantendr\u00e1 la potencia y eficacia de su aspiradora, sino que tambi\u00e9n prolongar\u00e1 considerablemente su vida \u00fatil.<\/p>\n<\/div>\n<\/div>\n<\/div>\n<\/div>\n<\/div>\n<\/div>\n","protected":false},"excerpt":{"rendered":"<p>Para afilar el ancla.<\/p>\n[trustindex data-widget-id=48bbd87242952812953642309d4]\n<h3><b><br \/>\n<span style=\"color: #008000;\"><br \/>\n<\/span><\/b><span style=\"color: #008000;\">En stock<\/span><\/h3>\n[av_font_icon icon='ue812' font='entypo-fontello' style='' caption='' size='25px' position='left' color='#43ad66' link='' linktarget='' title_attr='' sonar_effect_effect='' sonar_effect_color='' sonar_effect_duration='1' sonar_effect_scale='' sonar_effect_opac='0.5' animation='' id='' custom_class='' template_class='' av_uid='' sc_version='1.0' admin_preview_bg=''][\/av_font_icon]\n<p><span style=\"color: #008000;\">Pedido antes de las 23:59, enviado ma\u00f1ana<\/span><\/p>\n<p>&nbsp;<\/p>\n","protected":false},"featured_media":6603,"comment_status":"open","ping_status":"closed","template":"","meta":[],"product_brand":[],"product_cat":[362],"product_tag":[],"class_list":{"0":"post-11747","1":"product","2":"type-product","3":"status-publish","4":"has-post-thumbnail","6":"product_cat-partes-para-motor-kirby","7":"product_shipping_class-klein-es","9":"first","10":"instock","11":"taxable","12":"shipping-taxable","13":"purchasable","14":"product-type-simple"},"yoast_head":"<!-- This site is optimized with the Yoast SEO Premium plugin v27.1 (Yoast SEO v27.3) - https:\/\/yoast.com\/product\/yoast-seo-premium-wordpress\/ -->\n<title>Piedra de Afilar Kirby - Veltec Kirby specialist<\/title>\n<meta name=\"description\" content=\"Piedra de Afilar Kirby Veltec es el proveedor de las aspiradoras Kirby desde hace m\u00e1s de 25 a\u00f1os. Y es su especialista en servicio Kirby\" \/>\n<meta name=\"robots\" content=\"index, follow, max-snippet:-1, max-image-preview:large, max-video-preview:-1\" \/>\n<link rel=\"canonical\" href=\"https:\/\/www.veltec.eu\/es\/product\/piedra-de-afilar-kirby-nl3105\/\" \/>\n<meta property=\"og:locale\" content=\"es_ES\" \/>\n<meta property=\"og:type\" content=\"article\" \/>\n<meta property=\"og:title\" content=\"Piedra de Afilar Kirby\" \/>\n<meta property=\"og:description\" content=\"Para afilar el ancla.     En stock   Pedido antes de las 23:59, enviado ma\u00f1ana  &nbsp;\" \/>\n<meta property=\"og:url\" content=\"https:\/\/www.veltec.eu\/es\/product\/piedra-de-afilar-kirby-nl3105\/\" \/>\n<meta property=\"og:site_name\" content=\"Veltec Kirby specialist\" \/>\n<meta property=\"article:publisher\" content=\"https:\/\/www.facebook.com\/Veltec-Kirby-Specialist-236746293374877\/\" \/>\n<meta property=\"article:modified_time\" content=\"2025-04-22T09:36:28+00:00\" \/>\n<meta property=\"og:image\" content=\"https:\/\/www.veltec.eu\/wp-content\/uploads\/2018\/10\/kirby_slijpsteen.jpg\" \/>\n\t<meta property=\"og:image:width\" content=\"300\" \/>\n\t<meta property=\"og:image:height\" content=\"300\" \/>\n\t<meta property=\"og:image:type\" content=\"image\/jpeg\" \/>\n<meta name=\"twitter:card\" content=\"summary_large_image\" \/>\n<meta name=\"twitter:label1\" content=\"Tiempo de lectura\" \/>\n\t<meta name=\"twitter:data1\" content=\"4 minutos\" \/>\n<script type=\"application\/ld+json\" class=\"yoast-schema-graph\">{\"@context\":\"https:\\\/\\\/schema.org\",\"@graph\":[{\"@type\":\"WebPage\",\"@id\":\"https:\\\/\\\/www.veltec.eu\\\/es\\\/product\\\/piedra-de-afilar-kirby-nl3105\\\/\",\"url\":\"https:\\\/\\\/www.veltec.eu\\\/es\\\/product\\\/piedra-de-afilar-kirby-nl3105\\\/\",\"name\":\"Piedra de Afilar Kirby - Veltec Kirby specialist\",\"isPartOf\":{\"@id\":\"https:\\\/\\\/www.veltec.eu\\\/en\\\/#website\"},\"primaryImageOfPage\":{\"@id\":\"https:\\\/\\\/www.veltec.eu\\\/es\\\/product\\\/piedra-de-afilar-kirby-nl3105\\\/#primaryimage\"},\"image\":{\"@id\":\"https:\\\/\\\/www.veltec.eu\\\/es\\\/product\\\/piedra-de-afilar-kirby-nl3105\\\/#primaryimage\"},\"thumbnailUrl\":\"https:\\\/\\\/www.veltec.eu\\\/wp-content\\\/uploads\\\/2018\\\/10\\\/kirby_slijpsteen.jpg\",\"datePublished\":\"2018-10-18T13:26:19+00:00\",\"dateModified\":\"2025-04-22T09:36:28+00:00\",\"description\":\"Piedra de Afilar Kirby Veltec es el proveedor de las aspiradoras Kirby desde hace m\u00e1s de 25 a\u00f1os. Y es su especialista en servicio Kirby\",\"breadcrumb\":{\"@id\":\"https:\\\/\\\/www.veltec.eu\\\/es\\\/product\\\/piedra-de-afilar-kirby-nl3105\\\/#breadcrumb\"},\"inLanguage\":\"es\",\"potentialAction\":[{\"@type\":\"ReadAction\",\"target\":[\"https:\\\/\\\/www.veltec.eu\\\/es\\\/product\\\/piedra-de-afilar-kirby-nl3105\\\/\"]}]},{\"@type\":\"ImageObject\",\"inLanguage\":\"es\",\"@id\":\"https:\\\/\\\/www.veltec.eu\\\/es\\\/product\\\/piedra-de-afilar-kirby-nl3105\\\/#primaryimage\",\"url\":\"https:\\\/\\\/www.veltec.eu\\\/wp-content\\\/uploads\\\/2018\\\/10\\\/kirby_slijpsteen.jpg\",\"contentUrl\":\"https:\\\/\\\/www.veltec.eu\\\/wp-content\\\/uploads\\\/2018\\\/10\\\/kirby_slijpsteen.jpg\",\"width\":300,\"height\":300,\"caption\":\"Piedra de Afilar Kirby\"},{\"@type\":\"BreadcrumbList\",\"@id\":\"https:\\\/\\\/www.veltec.eu\\\/es\\\/product\\\/piedra-de-afilar-kirby-nl3105\\\/#breadcrumb\",\"itemListElement\":[{\"@type\":\"ListItem\",\"position\":1,\"name\":\"Home\",\"item\":\"https:\\\/\\\/www.veltec.eu\\\/es\\\/\"},{\"@type\":\"ListItem\",\"position\":2,\"name\":\"Produits\",\"item\":\"https:\\\/\\\/www.veltec.eu\\\/fr\\\/shop\\\/\"},{\"@type\":\"ListItem\",\"position\":3,\"name\":\"Piedra de Afilar Kirby\"}]},{\"@type\":\"WebSite\",\"@id\":\"https:\\\/\\\/www.veltec.eu\\\/en\\\/#website\",\"url\":\"https:\\\/\\\/www.veltec.eu\\\/en\\\/\",\"name\":\"Veltec Kirby specialist\",\"description\":\"Kirby stofzuiger producten\",\"publisher\":{\"@id\":\"https:\\\/\\\/www.veltec.eu\\\/en\\\/#organization\"},\"potentialAction\":[{\"@type\":\"SearchAction\",\"target\":{\"@type\":\"EntryPoint\",\"urlTemplate\":\"https:\\\/\\\/www.veltec.eu\\\/en\\\/?s={search_term_string}\"},\"query-input\":{\"@type\":\"PropertyValueSpecification\",\"valueRequired\":true,\"valueName\":\"search_term_string\"}}],\"inLanguage\":\"es\"},{\"@type\":\"Organization\",\"@id\":\"https:\\\/\\\/www.veltec.eu\\\/en\\\/#organization\",\"name\":\"Veltec Kirby Specialist\",\"url\":\"https:\\\/\\\/www.veltec.eu\\\/en\\\/\",\"logo\":{\"@type\":\"ImageObject\",\"inLanguage\":\"es\",\"@id\":\"https:\\\/\\\/www.veltec.eu\\\/en\\\/#\\\/schema\\\/logo\\\/image\\\/\",\"url\":\"https:\\\/\\\/www.veltec.eu\\\/wp-content\\\/uploads\\\/2021\\\/12\\\/Veltec-log-groot-e1537260889125.png\",\"contentUrl\":\"https:\\\/\\\/www.veltec.eu\\\/wp-content\\\/uploads\\\/2021\\\/12\\\/Veltec-log-groot-e1537260889125.png\",\"width\":200,\"height\":60,\"caption\":\"Veltec Kirby Specialist\"},\"image\":{\"@id\":\"https:\\\/\\\/www.veltec.eu\\\/en\\\/#\\\/schema\\\/logo\\\/image\\\/\"},\"sameAs\":[\"https:\\\/\\\/www.facebook.com\\\/Veltec-Kirby-Specialist-236746293374877\\\/\",\"https:\\\/\\\/www.youtube.com\\\/user\\\/VeltecService\"]}]}<\/script>\n<!-- \/ Yoast SEO Premium plugin. -->","yoast_head_json":{"title":"Piedra de Afilar Kirby - Veltec Kirby specialist","description":"Piedra de Afilar Kirby Veltec es el proveedor de las aspiradoras Kirby desde hace m\u00e1s de 25 a\u00f1os. Y es su especialista en servicio Kirby","robots":{"index":"index","follow":"follow","max-snippet":"max-snippet:-1","max-image-preview":"max-image-preview:large","max-video-preview":"max-video-preview:-1"},"canonical":"https:\/\/www.veltec.eu\/es\/product\/piedra-de-afilar-kirby-nl3105\/","og_locale":"es_ES","og_type":"article","og_title":"Piedra de Afilar Kirby","og_description":"Para afilar el ancla.     En stock   Pedido antes de las 23:59, enviado ma\u00f1ana  &nbsp;","og_url":"https:\/\/www.veltec.eu\/es\/product\/piedra-de-afilar-kirby-nl3105\/","og_site_name":"Veltec Kirby specialist","article_publisher":"https:\/\/www.facebook.com\/Veltec-Kirby-Specialist-236746293374877\/","article_modified_time":"2025-04-22T09:36:28+00:00","og_image":[{"width":300,"height":300,"url":"https:\/\/www.veltec.eu\/wp-content\/uploads\/2018\/10\/kirby_slijpsteen.jpg","type":"image\/jpeg"}],"twitter_card":"summary_large_image","twitter_misc":{"Tiempo de lectura":"4 minutos"},"schema":{"@context":"https:\/\/schema.org","@graph":[{"@type":"WebPage","@id":"https:\/\/www.veltec.eu\/es\/product\/piedra-de-afilar-kirby-nl3105\/","url":"https:\/\/www.veltec.eu\/es\/product\/piedra-de-afilar-kirby-nl3105\/","name":"Piedra de Afilar Kirby - Veltec Kirby specialist","isPartOf":{"@id":"https:\/\/www.veltec.eu\/en\/#website"},"primaryImageOfPage":{"@id":"https:\/\/www.veltec.eu\/es\/product\/piedra-de-afilar-kirby-nl3105\/#primaryimage"},"image":{"@id":"https:\/\/www.veltec.eu\/es\/product\/piedra-de-afilar-kirby-nl3105\/#primaryimage"},"thumbnailUrl":"https:\/\/www.veltec.eu\/wp-content\/uploads\/2018\/10\/kirby_slijpsteen.jpg","datePublished":"2018-10-18T13:26:19+00:00","dateModified":"2025-04-22T09:36:28+00:00","description":"Piedra de Afilar Kirby Veltec es el proveedor de las aspiradoras Kirby desde hace m\u00e1s de 25 a\u00f1os. Y es su especialista en servicio Kirby","breadcrumb":{"@id":"https:\/\/www.veltec.eu\/es\/product\/piedra-de-afilar-kirby-nl3105\/#breadcrumb"},"inLanguage":"es","potentialAction":[{"@type":"ReadAction","target":["https:\/\/www.veltec.eu\/es\/product\/piedra-de-afilar-kirby-nl3105\/"]}]},{"@type":"ImageObject","inLanguage":"es","@id":"https:\/\/www.veltec.eu\/es\/product\/piedra-de-afilar-kirby-nl3105\/#primaryimage","url":"https:\/\/www.veltec.eu\/wp-content\/uploads\/2018\/10\/kirby_slijpsteen.jpg","contentUrl":"https:\/\/www.veltec.eu\/wp-content\/uploads\/2018\/10\/kirby_slijpsteen.jpg","width":300,"height":300,"caption":"Piedra de Afilar Kirby"},{"@type":"BreadcrumbList","@id":"https:\/\/www.veltec.eu\/es\/product\/piedra-de-afilar-kirby-nl3105\/#breadcrumb","itemListElement":[{"@type":"ListItem","position":1,"name":"Home","item":"https:\/\/www.veltec.eu\/es\/"},{"@type":"ListItem","position":2,"name":"Produits","item":"https:\/\/www.veltec.eu\/fr\/shop\/"},{"@type":"ListItem","position":3,"name":"Piedra de Afilar Kirby"}]},{"@type":"WebSite","@id":"https:\/\/www.veltec.eu\/en\/#website","url":"https:\/\/www.veltec.eu\/en\/","name":"Veltec Kirby specialist","description":"Kirby stofzuiger producten","publisher":{"@id":"https:\/\/www.veltec.eu\/en\/#organization"},"potentialAction":[{"@type":"SearchAction","target":{"@type":"EntryPoint","urlTemplate":"https:\/\/www.veltec.eu\/en\/?s={search_term_string}"},"query-input":{"@type":"PropertyValueSpecification","valueRequired":true,"valueName":"search_term_string"}}],"inLanguage":"es"},{"@type":"Organization","@id":"https:\/\/www.veltec.eu\/en\/#organization","name":"Veltec Kirby Specialist","url":"https:\/\/www.veltec.eu\/en\/","logo":{"@type":"ImageObject","inLanguage":"es","@id":"https:\/\/www.veltec.eu\/en\/#\/schema\/logo\/image\/","url":"https:\/\/www.veltec.eu\/wp-content\/uploads\/2021\/12\/Veltec-log-groot-e1537260889125.png","contentUrl":"https:\/\/www.veltec.eu\/wp-content\/uploads\/2021\/12\/Veltec-log-groot-e1537260889125.png","width":200,"height":60,"caption":"Veltec Kirby Specialist"},"image":{"@id":"https:\/\/www.veltec.eu\/en\/#\/schema\/logo\/image\/"},"sameAs":["https:\/\/www.facebook.com\/Veltec-Kirby-Specialist-236746293374877\/","https:\/\/www.youtube.com\/user\/VeltecService"]}]}},"_links":{"self":[{"href":"https:\/\/www.veltec.eu\/es\/wp-json\/wp\/v2\/product\/11747","targetHints":{"allow":["GET"]}}],"collection":[{"href":"https:\/\/www.veltec.eu\/es\/wp-json\/wp\/v2\/product"}],"about":[{"href":"https:\/\/www.veltec.eu\/es\/wp-json\/wp\/v2\/types\/product"}],"replies":[{"embeddable":true,"href":"https:\/\/www.veltec.eu\/es\/wp-json\/wp\/v2\/comments?post=11747"}],"wp:featuredmedia":[{"embeddable":true,"href":"https:\/\/www.veltec.eu\/es\/wp-json\/wp\/v2\/media\/6603"}],"wp:attachment":[{"href":"https:\/\/www.veltec.eu\/es\/wp-json\/wp\/v2\/media?parent=11747"}],"wp:term":[{"taxonomy":"product_brand","embeddable":true,"href":"https:\/\/www.veltec.eu\/es\/wp-json\/wp\/v2\/product_brand?post=11747"},{"taxonomy":"product_cat","embeddable":true,"href":"https:\/\/www.veltec.eu\/es\/wp-json\/wp\/v2\/product_cat?post=11747"},{"taxonomy":"product_tag","embeddable":true,"href":"https:\/\/www.veltec.eu\/es\/wp-json\/wp\/v2\/product_tag?post=11747"}],"curies":[{"name":"wp","href":"https:\/\/api.w.org\/{rel}","templated":true}]}}