{"id":11742,"date":"2018-10-18T15:39:12","date_gmt":"2018-10-18T13:39:12","guid":{"rendered":"https:\/\/www.veltec.eu\/kirby-webshop\/bobina-electromagnetica-kirby-nl3049\/"},"modified":"2024-12-10T11:38:30","modified_gmt":"2024-12-10T09:38:30","slug":"bobina-electromagnetica-kirby-nl3049","status":"publish","type":"product","link":"https:\/\/www.veltec.eu\/es\/product\/bobina-electromagnetica-kirby-nl3049\/","title":{"rendered":"Bobina electromagn\u00e9tica Kirby"},"content":{"rendered":"<h1>Bobina electromagn\u00e9tica Kirby<\/h1>\n<p>Bobina electromagn\u00e9tica para el motor Kirby.<\/p>\n<p><strong>Este producto es adecuado para los tipos:<\/strong><\/p>\n<ul>\n<li>Avalir Platinum<\/li>\n<li>Avalir 2<\/li>\n<li>Avalir 1<\/li>\n<li>Sentria 2 (G10D)<\/li>\n<li>Sentria 1 (G10)<\/li>\n<li>Ultimate G Diamond Ed.(G7D or DE)<\/li>\n<li>Ultimate G (G7 or UG)<\/li>\n<li>Generation 6 (G6)<\/li>\n<li>Generation 5 (G5)<\/li>\n<li>Generation 4 (G4)<\/li>\n<li>Generation 3 (G3)<\/li>\n<\/ul>\n<h2>Bobina electromagn\u00e9tica Kirby: Piezas esenciales para el funcionamiento \u00f3ptimo de su aspiradora Kirby<\/h2>\n<p>La bobina <strong>Electro<\/strong> es una pieza crucial para el funcionamiento de su aspiradora Kirby. Tanto si es un usuario fiel de estas aspiradoras de alta calidad como si simplemente busca una pieza de repuesto, esta bobina garantiza que su aspiradora siga funcionando de forma \u00f3ptima. En esta descripci\u00f3n del producto, explicamos exactamente qu\u00e9 hace la bobina Electro, c\u00f3mo funciona y por qu\u00e9 es una pieza esencial para su aspiradora Kirby.<\/p>\n<p>Aqu\u00ed encontrar\u00e1 todas las <a href=\"https:\/\/www.veltec.eu\/es\/categorie\/partes-para-motor-kirby\/\">piezas del motor Kirby<\/a>.<\/p>\n<h3>\u00bfQu\u00e9 es una Bobina electromagn\u00e9tica Kirby?<\/h3>\n<p>Una <strong>Electrobobina<\/strong> consiste en dos componentes el\u00e9ctricos que contienen bobinados conductores de alambre de cobre. Estos devanados se enrollan en forma de bobina y hay un n\u00facleo magnetizable dentro de la bobina. Estos componentes son esenciales para generar un campo magn\u00e9tico, necesario para accionar el motor de su aspiradora Kirby.<\/p>\n<h4>Acoplamiento magn\u00e9tico y Bobina electromagn\u00e9tica Kirby<\/h4>\n<p>Lo que hace especial a la bobina Electro es el acoplamiento magn\u00e9tico entre dos bobinas. Juntas, estas bobinas forman un transformador, que es responsable del correcto suministro de tensi\u00f3n y corriente al motor de su aspiradora Kirby. Sin una bobina que funcione correctamente, el motor no puede funcionar correctamente, lo que puede reducir significativamente el rendimiento de su aspiradora.<\/p>\n<h3>Apta para todos los modelos de aspiradora Kirby<\/h3>\n<p>La versatilidad de la <strong>bobina Electro<\/strong> la hace adecuada para cualquier modelo de aspiradora Kirby. Tanto si tiene un modelo antiguo como la \u00faltima versi\u00f3n de la aspiradora Kirby, esta bobina encaja perfectamente y garantiza que su aspiradora siga funcionando como debe. Esto la convierte en una pieza universal, d\u00e1ndole la tranquilidad de que siempre dispondr\u00e1 de una pieza de repuesto adecuada, independientemente del modelo que utilice.<\/p>\n<h3>\u00bfPor qu\u00e9 elegir una Bobina electromagn\u00e9tica Kirby?<\/h3>\n<h4>Hay varias razones por las que deber\u00eda elegir la Bobina electromagn\u00e9tica Kirby:<\/h4>\n<ol>\n<li><strong>Fiabilidad<\/strong>: Kirby es conocida desde hace a\u00f1os por sus aspiradoras duraderas y fiables. Al elegir piezas originales Kirby, como esta bobina Electro, se asegura de que su aspiradora siga funcionando de forma \u00f3ptima.<\/li>\n<li><strong>F\u00e1cil instalaci\u00f3n<\/strong>: La bobina Electro es f\u00e1cil de instalar, incluso si no tiene conocimientos t\u00e9cnicos. La bobina est\u00e1 dise\u00f1ada para que pueda sustituirse r\u00e1pida y f\u00e1cilmente, sin necesidad de contratar a un profesional.<\/li>\n<li><strong>Rendimiento mejorado<\/strong>: Una bobina que funcione correctamente es esencial para el rendimiento de su aspiradora. Al optar por una nueva bobina Electro, se asegurar\u00e1 de que el motor de su aspiradora pueda volver a funcionar de forma \u00f3ptima, lo que se traducir\u00e1 en una succi\u00f3n m\u00e1s potente y un mejor rendimiento de limpieza.<\/li>\n<\/ol>\n<h4>Mantenimiento y durabilidad<\/h4>\n<p>Es importante tener en cuenta que la bobina Electro est\u00e1 dise\u00f1ada para durar mucho tiempo. Sin embargo, despu\u00e9s de a\u00f1os de uso intensivo, la bobina puede mostrar desgaste. Si sustituye la bobina a tiempo, evitar\u00e1 que su aspiradora pierda potencia y seguir\u00e1 disfrutando del alto rendimiento al que Kirby le tiene acostumbrado.<\/p>\n<h3>Conclusi\u00f3n: La mejor opci\u00f3n para su aspiradora Kirby<\/h3>\n<p>Si nota que el rendimiento de su aspiradora Kirby se est\u00e1 deteriorando, sustituir la <strong>bobina Electro<\/strong> puede ser una soluci\u00f3n sencilla y eficaz. Esta bobina est\u00e1 especialmente dise\u00f1ada para garantizar que el motor de su aspiradora reciba el voltaje y la corriente correctos, lo cual es esencial para mantener la potencia de succi\u00f3n y la durabilidad. Gracias a su idoneidad universal para todos los modelos Kirby, puede elegir esta bobina de alta calidad con confianza.<\/p>\n<p>Invierta hoy mismo en una bobina Electro para su Kirby y mantenga su aspiradora en las mejores condiciones durante a\u00f1os de uso \u00f3ptimo.<\/p>\n","protected":false},"excerpt":{"rendered":"<p>Bobina electromagn\u00e9tica para el motor Kirby.<\/p>\n[trustindex data-widget-id=48bbd87242952812953642309d4]\n<h3><b><br \/>\n<\/b><span style=\"color: #008000;\"><br \/>\nEn stock<\/span><\/h3>\n[av_font_icon icon='ue812' font='entypo-fontello' style='' caption='' size='25px' position='left' color='#43ad66' link='' linktarget='' title_attr='' sonar_effect_effect='' sonar_effect_color='' sonar_effect_duration='1' sonar_effect_scale='' sonar_effect_opac='0.5' animation='' id='' custom_class='' template_class='' av_uid='' sc_version='1.0' admin_preview_bg=''][\/av_font_icon]\n<p><span style=\"color: #008000;\">Pedido antes de las 23:59, enviado ma\u00f1ana<\/span><\/p>\n<p>&nbsp;<\/p>\n","protected":false},"featured_media":6621,"comment_status":"open","ping_status":"closed","template":"","meta":[],"product_brand":[],"product_cat":[362],"product_tag":[],"class_list":{"0":"post-11742","1":"product","2":"type-product","3":"status-publish","4":"has-post-thumbnail","6":"product_cat-partes-para-motor-kirby","7":"product_shipping_class-klein-es","9":"first","10":"instock","11":"taxable","12":"shipping-taxable","13":"purchasable","14":"product-type-simple"},"yoast_head":"<!-- This site is optimized with the Yoast SEO Premium plugin v27.1 (Yoast SEO v27.4) - https:\/\/yoast.com\/product\/yoast-seo-premium-wordpress\/ -->\n<title>Bobina electromagn\u00e9tica Kirby - Veltec Kirby specialist<\/title>\n<meta name=\"description\" content=\"Bobina electromagn\u00e9tica - Kirby Veltec es el proveedor de las aspiradoras Kirby desde hace m\u00e1s de 25 a\u00f1os. Y es su especialista en servicio\" \/>\n<meta name=\"robots\" content=\"index, follow, max-snippet:-1, max-image-preview:large, max-video-preview:-1\" \/>\n<link rel=\"canonical\" href=\"https:\/\/www.veltec.eu\/es\/product\/bobina-electromagnetica-kirby-nl3049\/\" \/>\n<meta property=\"og:locale\" content=\"es_ES\" \/>\n<meta property=\"og:type\" content=\"article\" \/>\n<meta property=\"og:title\" content=\"Bobina electromagn\u00e9tica Kirby\" \/>\n<meta property=\"og:description\" content=\"Bobina electromagn\u00e9tica para el motor Kirby.     En stock   Pedido antes de las 23:59, enviado ma\u00f1ana  &nbsp;\" \/>\n<meta property=\"og:url\" content=\"https:\/\/www.veltec.eu\/es\/product\/bobina-electromagnetica-kirby-nl3049\/\" \/>\n<meta property=\"og:site_name\" content=\"Veltec Kirby specialist\" \/>\n<meta property=\"article:publisher\" content=\"https:\/\/www.facebook.com\/Veltec-Kirby-Specialist-236746293374877\/\" \/>\n<meta property=\"article:modified_time\" content=\"2024-12-10T09:38:30+00:00\" \/>\n<meta property=\"og:image\" content=\"https:\/\/www.veltec.eu\/wp-content\/uploads\/2018\/10\/Kirby-elektro-spoel.jpg\" \/>\n\t<meta property=\"og:image:width\" content=\"300\" \/>\n\t<meta property=\"og:image:height\" content=\"300\" \/>\n\t<meta property=\"og:image:type\" content=\"image\/jpeg\" \/>\n<meta name=\"twitter:card\" content=\"summary_large_image\" \/>\n<meta name=\"twitter:label1\" content=\"Tiempo de lectura\" \/>\n\t<meta name=\"twitter:data1\" content=\"4 minutos\" \/>\n<script type=\"application\/ld+json\" class=\"yoast-schema-graph\">{\"@context\":\"https:\\\/\\\/schema.org\",\"@graph\":[{\"@type\":\"WebPage\",\"@id\":\"https:\\\/\\\/www.veltec.eu\\\/es\\\/product\\\/bobina-electromagnetica-kirby-nl3049\\\/\",\"url\":\"https:\\\/\\\/www.veltec.eu\\\/es\\\/product\\\/bobina-electromagnetica-kirby-nl3049\\\/\",\"name\":\"Bobina electromagn\u00e9tica Kirby - Veltec Kirby specialist\",\"isPartOf\":{\"@id\":\"https:\\\/\\\/www.veltec.eu\\\/en\\\/#website\"},\"primaryImageOfPage\":{\"@id\":\"https:\\\/\\\/www.veltec.eu\\\/es\\\/product\\\/bobina-electromagnetica-kirby-nl3049\\\/#primaryimage\"},\"image\":{\"@id\":\"https:\\\/\\\/www.veltec.eu\\\/es\\\/product\\\/bobina-electromagnetica-kirby-nl3049\\\/#primaryimage\"},\"thumbnailUrl\":\"https:\\\/\\\/www.veltec.eu\\\/wp-content\\\/uploads\\\/2018\\\/10\\\/Kirby-elektro-spoel.jpg\",\"datePublished\":\"2018-10-18T13:39:12+00:00\",\"dateModified\":\"2024-12-10T09:38:30+00:00\",\"description\":\"Bobina electromagn\u00e9tica - Kirby Veltec es el proveedor de las aspiradoras Kirby desde hace m\u00e1s de 25 a\u00f1os. Y es su especialista en servicio\",\"breadcrumb\":{\"@id\":\"https:\\\/\\\/www.veltec.eu\\\/es\\\/product\\\/bobina-electromagnetica-kirby-nl3049\\\/#breadcrumb\"},\"inLanguage\":\"es\",\"potentialAction\":[{\"@type\":\"ReadAction\",\"target\":[\"https:\\\/\\\/www.veltec.eu\\\/es\\\/product\\\/bobina-electromagnetica-kirby-nl3049\\\/\"]}]},{\"@type\":\"ImageObject\",\"inLanguage\":\"es\",\"@id\":\"https:\\\/\\\/www.veltec.eu\\\/es\\\/product\\\/bobina-electromagnetica-kirby-nl3049\\\/#primaryimage\",\"url\":\"https:\\\/\\\/www.veltec.eu\\\/wp-content\\\/uploads\\\/2018\\\/10\\\/Kirby-elektro-spoel.jpg\",\"contentUrl\":\"https:\\\/\\\/www.veltec.eu\\\/wp-content\\\/uploads\\\/2018\\\/10\\\/Kirby-elektro-spoel.jpg\",\"width\":300,\"height\":300,\"caption\":\"Bobina electromagn\u00e9tica Kirby\"},{\"@type\":\"BreadcrumbList\",\"@id\":\"https:\\\/\\\/www.veltec.eu\\\/es\\\/product\\\/bobina-electromagnetica-kirby-nl3049\\\/#breadcrumb\",\"itemListElement\":[{\"@type\":\"ListItem\",\"position\":1,\"name\":\"Home\",\"item\":\"https:\\\/\\\/www.veltec.eu\\\/es\\\/\"},{\"@type\":\"ListItem\",\"position\":2,\"name\":\"Produits\",\"item\":\"https:\\\/\\\/www.veltec.eu\\\/fr\\\/shop\\\/\"},{\"@type\":\"ListItem\",\"position\":3,\"name\":\"Bobina electromagn\u00e9tica Kirby\"}]},{\"@type\":\"WebSite\",\"@id\":\"https:\\\/\\\/www.veltec.eu\\\/en\\\/#website\",\"url\":\"https:\\\/\\\/www.veltec.eu\\\/en\\\/\",\"name\":\"Veltec Kirby specialist\",\"description\":\"Kirby stofzuiger producten\",\"publisher\":{\"@id\":\"https:\\\/\\\/www.veltec.eu\\\/en\\\/#organization\"},\"potentialAction\":[{\"@type\":\"SearchAction\",\"target\":{\"@type\":\"EntryPoint\",\"urlTemplate\":\"https:\\\/\\\/www.veltec.eu\\\/en\\\/?s={search_term_string}\"},\"query-input\":{\"@type\":\"PropertyValueSpecification\",\"valueRequired\":true,\"valueName\":\"search_term_string\"}}],\"inLanguage\":\"es\"},{\"@type\":\"Organization\",\"@id\":\"https:\\\/\\\/www.veltec.eu\\\/en\\\/#organization\",\"name\":\"Veltec Kirby Specialist\",\"url\":\"https:\\\/\\\/www.veltec.eu\\\/en\\\/\",\"logo\":{\"@type\":\"ImageObject\",\"inLanguage\":\"es\",\"@id\":\"https:\\\/\\\/www.veltec.eu\\\/en\\\/#\\\/schema\\\/logo\\\/image\\\/\",\"url\":\"https:\\\/\\\/www.veltec.eu\\\/wp-content\\\/uploads\\\/2021\\\/12\\\/Veltec-log-groot-e1537260889125.png\",\"contentUrl\":\"https:\\\/\\\/www.veltec.eu\\\/wp-content\\\/uploads\\\/2021\\\/12\\\/Veltec-log-groot-e1537260889125.png\",\"width\":200,\"height\":60,\"caption\":\"Veltec Kirby Specialist\"},\"image\":{\"@id\":\"https:\\\/\\\/www.veltec.eu\\\/en\\\/#\\\/schema\\\/logo\\\/image\\\/\"},\"sameAs\":[\"https:\\\/\\\/www.facebook.com\\\/Veltec-Kirby-Specialist-236746293374877\\\/\",\"https:\\\/\\\/www.youtube.com\\\/user\\\/VeltecService\"]}]}<\/script>\n<!-- \/ Yoast SEO Premium plugin. -->","yoast_head_json":{"title":"Bobina electromagn\u00e9tica Kirby - Veltec Kirby specialist","description":"Bobina electromagn\u00e9tica - Kirby Veltec es el proveedor de las aspiradoras Kirby desde hace m\u00e1s de 25 a\u00f1os. Y es su especialista en servicio","robots":{"index":"index","follow":"follow","max-snippet":"max-snippet:-1","max-image-preview":"max-image-preview:large","max-video-preview":"max-video-preview:-1"},"canonical":"https:\/\/www.veltec.eu\/es\/product\/bobina-electromagnetica-kirby-nl3049\/","og_locale":"es_ES","og_type":"article","og_title":"Bobina electromagn\u00e9tica Kirby","og_description":"Bobina electromagn\u00e9tica para el motor Kirby.     En stock   Pedido antes de las 23:59, enviado ma\u00f1ana  &nbsp;","og_url":"https:\/\/www.veltec.eu\/es\/product\/bobina-electromagnetica-kirby-nl3049\/","og_site_name":"Veltec Kirby specialist","article_publisher":"https:\/\/www.facebook.com\/Veltec-Kirby-Specialist-236746293374877\/","article_modified_time":"2024-12-10T09:38:30+00:00","og_image":[{"width":300,"height":300,"url":"https:\/\/www.veltec.eu\/wp-content\/uploads\/2018\/10\/Kirby-elektro-spoel.jpg","type":"image\/jpeg"}],"twitter_card":"summary_large_image","twitter_misc":{"Tiempo de lectura":"4 minutos"},"schema":{"@context":"https:\/\/schema.org","@graph":[{"@type":"WebPage","@id":"https:\/\/www.veltec.eu\/es\/product\/bobina-electromagnetica-kirby-nl3049\/","url":"https:\/\/www.veltec.eu\/es\/product\/bobina-electromagnetica-kirby-nl3049\/","name":"Bobina electromagn\u00e9tica Kirby - Veltec Kirby specialist","isPartOf":{"@id":"https:\/\/www.veltec.eu\/en\/#website"},"primaryImageOfPage":{"@id":"https:\/\/www.veltec.eu\/es\/product\/bobina-electromagnetica-kirby-nl3049\/#primaryimage"},"image":{"@id":"https:\/\/www.veltec.eu\/es\/product\/bobina-electromagnetica-kirby-nl3049\/#primaryimage"},"thumbnailUrl":"https:\/\/www.veltec.eu\/wp-content\/uploads\/2018\/10\/Kirby-elektro-spoel.jpg","datePublished":"2018-10-18T13:39:12+00:00","dateModified":"2024-12-10T09:38:30+00:00","description":"Bobina electromagn\u00e9tica - Kirby Veltec es el proveedor de las aspiradoras Kirby desde hace m\u00e1s de 25 a\u00f1os. Y es su especialista en servicio","breadcrumb":{"@id":"https:\/\/www.veltec.eu\/es\/product\/bobina-electromagnetica-kirby-nl3049\/#breadcrumb"},"inLanguage":"es","potentialAction":[{"@type":"ReadAction","target":["https:\/\/www.veltec.eu\/es\/product\/bobina-electromagnetica-kirby-nl3049\/"]}]},{"@type":"ImageObject","inLanguage":"es","@id":"https:\/\/www.veltec.eu\/es\/product\/bobina-electromagnetica-kirby-nl3049\/#primaryimage","url":"https:\/\/www.veltec.eu\/wp-content\/uploads\/2018\/10\/Kirby-elektro-spoel.jpg","contentUrl":"https:\/\/www.veltec.eu\/wp-content\/uploads\/2018\/10\/Kirby-elektro-spoel.jpg","width":300,"height":300,"caption":"Bobina electromagn\u00e9tica Kirby"},{"@type":"BreadcrumbList","@id":"https:\/\/www.veltec.eu\/es\/product\/bobina-electromagnetica-kirby-nl3049\/#breadcrumb","itemListElement":[{"@type":"ListItem","position":1,"name":"Home","item":"https:\/\/www.veltec.eu\/es\/"},{"@type":"ListItem","position":2,"name":"Produits","item":"https:\/\/www.veltec.eu\/fr\/shop\/"},{"@type":"ListItem","position":3,"name":"Bobina electromagn\u00e9tica Kirby"}]},{"@type":"WebSite","@id":"https:\/\/www.veltec.eu\/en\/#website","url":"https:\/\/www.veltec.eu\/en\/","name":"Veltec Kirby specialist","description":"Kirby stofzuiger producten","publisher":{"@id":"https:\/\/www.veltec.eu\/en\/#organization"},"potentialAction":[{"@type":"SearchAction","target":{"@type":"EntryPoint","urlTemplate":"https:\/\/www.veltec.eu\/en\/?s={search_term_string}"},"query-input":{"@type":"PropertyValueSpecification","valueRequired":true,"valueName":"search_term_string"}}],"inLanguage":"es"},{"@type":"Organization","@id":"https:\/\/www.veltec.eu\/en\/#organization","name":"Veltec Kirby Specialist","url":"https:\/\/www.veltec.eu\/en\/","logo":{"@type":"ImageObject","inLanguage":"es","@id":"https:\/\/www.veltec.eu\/en\/#\/schema\/logo\/image\/","url":"https:\/\/www.veltec.eu\/wp-content\/uploads\/2021\/12\/Veltec-log-groot-e1537260889125.png","contentUrl":"https:\/\/www.veltec.eu\/wp-content\/uploads\/2021\/12\/Veltec-log-groot-e1537260889125.png","width":200,"height":60,"caption":"Veltec Kirby Specialist"},"image":{"@id":"https:\/\/www.veltec.eu\/en\/#\/schema\/logo\/image\/"},"sameAs":["https:\/\/www.facebook.com\/Veltec-Kirby-Specialist-236746293374877\/","https:\/\/www.youtube.com\/user\/VeltecService"]}]}},"_links":{"self":[{"href":"https:\/\/www.veltec.eu\/es\/wp-json\/wp\/v2\/product\/11742","targetHints":{"allow":["GET"]}}],"collection":[{"href":"https:\/\/www.veltec.eu\/es\/wp-json\/wp\/v2\/product"}],"about":[{"href":"https:\/\/www.veltec.eu\/es\/wp-json\/wp\/v2\/types\/product"}],"replies":[{"embeddable":true,"href":"https:\/\/www.veltec.eu\/es\/wp-json\/wp\/v2\/comments?post=11742"}],"wp:featuredmedia":[{"embeddable":true,"href":"https:\/\/www.veltec.eu\/es\/wp-json\/wp\/v2\/media\/6621"}],"wp:attachment":[{"href":"https:\/\/www.veltec.eu\/es\/wp-json\/wp\/v2\/media?parent=11742"}],"wp:term":[{"taxonomy":"product_brand","embeddable":true,"href":"https:\/\/www.veltec.eu\/es\/wp-json\/wp\/v2\/product_brand?post=11742"},{"taxonomy":"product_cat","embeddable":true,"href":"https:\/\/www.veltec.eu\/es\/wp-json\/wp\/v2\/product_cat?post=11742"},{"taxonomy":"product_tag","embeddable":true,"href":"https:\/\/www.veltec.eu\/es\/wp-json\/wp\/v2\/product_tag?post=11742"}],"curies":[{"name":"wp","href":"https:\/\/api.w.org\/{rel}","templated":true}]}}