{"id":11737,"date":"2018-10-18T15:47:39","date_gmt":"2018-10-18T13:47:39","guid":{"rendered":"https:\/\/www.veltec.eu\/kirby-webshop\/interruptor-kirby-nl3094\/"},"modified":"2024-12-10T11:27:10","modified_gmt":"2024-12-10T09:27:10","slug":"interruptor-kirby-nl3094","status":"publish","type":"product","link":"https:\/\/www.veltec.eu\/es\/product\/interruptor-kirby-nl3094\/","title":{"rendered":"Interruptor Kirby"},"content":{"rendered":"<h1>Interruptor Kirby<\/h1>\n<p>Interruptor para motor Kirby.<br \/>\nUnidad completa incluyendo el control de velocidad alta y baja, y puntos de seguridad.<\/p>\n<p><strong>Este producto es adecuado para los tipos:<\/strong><\/p>\n<ul>\n<li>Avalir Platinum<\/li>\n<li>Avalir 2<\/li>\n<li>Avalir 1<\/li>\n<li>Sentria 2 (G10D)<\/li>\n<li>Sentria 1 (G10)<\/li>\n<li>Ultimate G Diamond Ed.(G7D or DE)<\/li>\n<li>Ultimate G (G7 or UG)<\/li>\n<li>Generation 6 (G6)<\/li>\n<li>Generation 5 (G5)<\/li>\n<li>Generation 4 (G4)<\/li>\n<li>Generation 3 (G3)<\/li>\n<\/ul>\n<h2>Interruptor Kirby &#8211; El componente indispensable para su aspiradora Kirby<\/h2>\n<p>Bienvenido a nuestra tienda especializada en repuestos Kirby. Nos dedicamos a ofrecer los mejores productos y servicios para su aspiradora Kirby. Hoy, nos gustar\u00eda llamar su atenci\u00f3n sobre un componente esencial que es crucial para el funcionamiento \u00f3ptimo de su aspiradora.<\/p>\n<p>Aqu\u00ed puede encontrar todas las <a href=\"https:\/\/www.veltec.eu\/es\/partes-para-motor-kirby\/\">Partes para motor Kirby<\/a><\/p>\n<h3>\u00bfQu\u00e9 es un interruptor?<\/h3>\n<p>El interruptor es un componente vital que permite el funcionamiento de su aspiradora Kirby. El interruptor, tambi\u00e9n conocido como bot\u00f3n de encendido\/apagado, est\u00e1 especialmente dise\u00f1ado para cumplir con los altos est\u00e1ndares de calidad de Kirby. Como resultado, le permite cambiar sin esfuerzo entre los modos de limpieza y garantiza un funcionamiento fiable de su aparato.<\/p>\n<h3>\u00bfPor qu\u00e9 es importante el interruptor Kirby?<\/h3>\n<p><strong>Fiabilidad y durabilidad<\/strong><\/p>\n<p>El interruptor est\u00e1 fabricado con materiales de alta calidad que pueden soportar un uso intensivo. Como resultado, puede contar con una larga vida \u00fatil y un rendimiento constante, incluso con el uso diario. Este aspecto es especialmente importante para los hogares con necesidades de limpieza intensivas.<\/p>\n<p><strong>Compatibilidad<\/strong><\/p>\n<p>Este componente est\u00e1 dise\u00f1ado espec\u00edficamente para ser compatible con varios modelos de aspiradoras Kirby. Tanto si tiene una Kirby Serie G, Sentria o cualquier otro modelo, puede estar seguro de que este interruptor encajar\u00e1 y funcionar\u00e1 perfectamente. Esto le facilita encontrar una pieza de repuesto sin complicaciones.<\/p>\n<h3>F\u00e1cil instalaci\u00f3n<\/h3>\n<p>Con este interruptor, no tendr\u00e1 que preocuparse de complicadas instalaciones. El interruptor es f\u00e1cil de sustituir, incluso para quienes no tienen conocimientos t\u00e9cnicos. Como resultado, puede volver r\u00e1pidamente a su rutina de limpieza sin largas interrupciones. Esta es una gran ventaja para los hogares ocupados.<\/p>\n<h3>\u00bfCu\u00e1ndo debe sustituir el interruptor?<\/h3>\n<p>Como cualquier otra pieza mec\u00e1nica, este interruptor puede sufrir desgaste con el paso del tiempo. Los s\u00edntomas de un interruptor desgastado o defectuoso pueden incluir:<\/p>\n<ul>\n<li>Dificultad para encender la aspiradora.<\/li>\n<li>La unidad se apaga sola durante el uso.<\/li>\n<li>Rendimiento fluctuante o funcionamiento incoherente.<\/li>\n<\/ul>\n<p>Si experimenta alguno de estos problemas, es hora de sustituir el interruptor. Al invertir en un interruptor nuevo, se asegurar\u00e1 de que su aspiradora Kirby vuelva a funcionar de forma \u00f3ptima y limpie su hogar a fondo.<\/p>\n<h3>Conclusi\u00f3n<\/h3>\n<p>El interruptor es un componente indispensable para el funcionamiento fiable de su aspiradora Kirby. Gracias a su durabilidad, compatibilidad y f\u00e1cil instalaci\u00f3n, este interruptor proporciona la soluci\u00f3n a un problema com\u00fan y ayuda a prolongar la vida \u00fatil de su aparato. No espere a que su aspiradora deje de funcionar por completo: sustituya su interruptor hoy mismo y vuelva a experimentar la excepcional potencia de limpieza de Kirby.<\/p>\n<p>Como expertos en productos Kirby y mantenimiento, estamos aqu\u00ed para ayudarle con todas sus preguntas y proporcionarle las mejores piezas.<\/p>\n","protected":false},"excerpt":{"rendered":"<p>Interruptor para motor Kirby.<br \/>\nUnidad completa incluyendo el control de velocidad alta y baja, y puntos de seguridad.<\/p>\n[trustindex data-widget-id=48bbd87242952812953642309d4]\n<h3><b><br \/>\n<\/b><span style=\"color: #008000;\"><br \/>\nEn stock<\/span><\/h3>\n[av_font_icon icon='ue812' font='entypo-fontello' style='' caption='' size='25px' position='left' color='#43ad66' link='' linktarget='' title_attr='' sonar_effect_effect='' sonar_effect_color='' sonar_effect_duration='1' sonar_effect_scale='' sonar_effect_opac='0.5' animation='' id='' custom_class='' template_class='' av_uid='' sc_version='1.0' admin_preview_bg=''][\/av_font_icon]\n<p><span style=\"color: #008000;\">Pedido antes de las 23:59, enviado ma\u00f1ana<\/span><\/p>\n<p>&nbsp;<\/p>\n","protected":false},"featured_media":58872,"comment_status":"open","ping_status":"closed","template":"","meta":[],"product_brand":[],"product_cat":[362],"product_tag":[],"class_list":{"0":"post-11737","1":"product","2":"type-product","3":"status-publish","4":"has-post-thumbnail","6":"product_cat-partes-para-motor-kirby","7":"product_shipping_class-klein-es","9":"first","10":"instock","11":"taxable","12":"shipping-taxable","13":"purchasable","14":"product-type-simple"},"yoast_head":"<!-- This site is optimized with the Yoast SEO Premium plugin v27.1 (Yoast SEO v27.4) - https:\/\/yoast.com\/product\/yoast-seo-premium-wordpress\/ -->\n<title>Interruptor Kirby - Veltec Kirby specialist<\/title>\n<meta name=\"description\" content=\"Interruptor Kirby Veltec es el proveedor de las aspiradoras Kirby desde hace m\u00e1s de 20 a\u00f1os. Y es su especialista en servicio Kirby\" \/>\n<meta name=\"robots\" content=\"index, follow, max-snippet:-1, max-image-preview:large, max-video-preview:-1\" \/>\n<link rel=\"canonical\" href=\"https:\/\/www.veltec.eu\/es\/product\/interruptor-kirby-nl3094\/\" \/>\n<meta property=\"og:locale\" content=\"es_ES\" \/>\n<meta property=\"og:type\" content=\"article\" \/>\n<meta property=\"og:title\" content=\"Interruptor Kirby\" \/>\n<meta property=\"og:description\" content=\"Interruptor para motor Kirby. Unidad completa incluyendo el control de velocidad alta y baja, y puntos de seguridad.     En stock   Pedido antes de las 23:59, enviado ma\u00f1ana  &nbsp;\" \/>\n<meta property=\"og:url\" content=\"https:\/\/www.veltec.eu\/es\/product\/interruptor-kirby-nl3094\/\" \/>\n<meta property=\"og:site_name\" content=\"Veltec Kirby specialist\" \/>\n<meta property=\"article:publisher\" content=\"https:\/\/www.facebook.com\/Veltec-Kirby-Specialist-236746293374877\/\" \/>\n<meta property=\"article:modified_time\" content=\"2024-12-10T09:27:10+00:00\" \/>\n<meta property=\"og:image\" content=\"https:\/\/www.veltec.eu\/wp-content\/uploads\/2018\/10\/Kirby-schakelaar.png\" \/>\n\t<meta property=\"og:image:width\" content=\"600\" \/>\n\t<meta property=\"og:image:height\" content=\"600\" \/>\n\t<meta property=\"og:image:type\" content=\"image\/png\" \/>\n<meta name=\"twitter:card\" content=\"summary_large_image\" \/>\n<meta name=\"twitter:label1\" content=\"Tiempo de lectura\" \/>\n\t<meta name=\"twitter:data1\" content=\"3 minutos\" \/>\n<script type=\"application\/ld+json\" class=\"yoast-schema-graph\">{\"@context\":\"https:\\\/\\\/schema.org\",\"@graph\":[{\"@type\":\"WebPage\",\"@id\":\"https:\\\/\\\/www.veltec.eu\\\/es\\\/product\\\/interruptor-kirby-nl3094\\\/\",\"url\":\"https:\\\/\\\/www.veltec.eu\\\/es\\\/product\\\/interruptor-kirby-nl3094\\\/\",\"name\":\"Interruptor Kirby - Veltec Kirby specialist\",\"isPartOf\":{\"@id\":\"https:\\\/\\\/www.veltec.eu\\\/en\\\/#website\"},\"primaryImageOfPage\":{\"@id\":\"https:\\\/\\\/www.veltec.eu\\\/es\\\/product\\\/interruptor-kirby-nl3094\\\/#primaryimage\"},\"image\":{\"@id\":\"https:\\\/\\\/www.veltec.eu\\\/es\\\/product\\\/interruptor-kirby-nl3094\\\/#primaryimage\"},\"thumbnailUrl\":\"https:\\\/\\\/www.veltec.eu\\\/wp-content\\\/uploads\\\/2018\\\/10\\\/Kirby-schakelaar.png\",\"datePublished\":\"2018-10-18T13:47:39+00:00\",\"dateModified\":\"2024-12-10T09:27:10+00:00\",\"description\":\"Interruptor Kirby Veltec es el proveedor de las aspiradoras Kirby desde hace m\u00e1s de 20 a\u00f1os. Y es su especialista en servicio Kirby\",\"breadcrumb\":{\"@id\":\"https:\\\/\\\/www.veltec.eu\\\/es\\\/product\\\/interruptor-kirby-nl3094\\\/#breadcrumb\"},\"inLanguage\":\"es\",\"potentialAction\":[{\"@type\":\"ReadAction\",\"target\":[\"https:\\\/\\\/www.veltec.eu\\\/es\\\/product\\\/interruptor-kirby-nl3094\\\/\"]}]},{\"@type\":\"ImageObject\",\"inLanguage\":\"es\",\"@id\":\"https:\\\/\\\/www.veltec.eu\\\/es\\\/product\\\/interruptor-kirby-nl3094\\\/#primaryimage\",\"url\":\"https:\\\/\\\/www.veltec.eu\\\/wp-content\\\/uploads\\\/2018\\\/10\\\/Kirby-schakelaar.png\",\"contentUrl\":\"https:\\\/\\\/www.veltec.eu\\\/wp-content\\\/uploads\\\/2018\\\/10\\\/Kirby-schakelaar.png\",\"width\":600,\"height\":600},{\"@type\":\"BreadcrumbList\",\"@id\":\"https:\\\/\\\/www.veltec.eu\\\/es\\\/product\\\/interruptor-kirby-nl3094\\\/#breadcrumb\",\"itemListElement\":[{\"@type\":\"ListItem\",\"position\":1,\"name\":\"Home\",\"item\":\"https:\\\/\\\/www.veltec.eu\\\/es\\\/\"},{\"@type\":\"ListItem\",\"position\":2,\"name\":\"Produits\",\"item\":\"https:\\\/\\\/www.veltec.eu\\\/fr\\\/shop\\\/\"},{\"@type\":\"ListItem\",\"position\":3,\"name\":\"Interruptor Kirby\"}]},{\"@type\":\"WebSite\",\"@id\":\"https:\\\/\\\/www.veltec.eu\\\/en\\\/#website\",\"url\":\"https:\\\/\\\/www.veltec.eu\\\/en\\\/\",\"name\":\"Veltec Kirby specialist\",\"description\":\"Kirby stofzuiger producten\",\"publisher\":{\"@id\":\"https:\\\/\\\/www.veltec.eu\\\/en\\\/#organization\"},\"potentialAction\":[{\"@type\":\"SearchAction\",\"target\":{\"@type\":\"EntryPoint\",\"urlTemplate\":\"https:\\\/\\\/www.veltec.eu\\\/en\\\/?s={search_term_string}\"},\"query-input\":{\"@type\":\"PropertyValueSpecification\",\"valueRequired\":true,\"valueName\":\"search_term_string\"}}],\"inLanguage\":\"es\"},{\"@type\":\"Organization\",\"@id\":\"https:\\\/\\\/www.veltec.eu\\\/en\\\/#organization\",\"name\":\"Veltec Kirby Specialist\",\"url\":\"https:\\\/\\\/www.veltec.eu\\\/en\\\/\",\"logo\":{\"@type\":\"ImageObject\",\"inLanguage\":\"es\",\"@id\":\"https:\\\/\\\/www.veltec.eu\\\/en\\\/#\\\/schema\\\/logo\\\/image\\\/\",\"url\":\"https:\\\/\\\/www.veltec.eu\\\/wp-content\\\/uploads\\\/2021\\\/12\\\/Veltec-log-groot-e1537260889125.png\",\"contentUrl\":\"https:\\\/\\\/www.veltec.eu\\\/wp-content\\\/uploads\\\/2021\\\/12\\\/Veltec-log-groot-e1537260889125.png\",\"width\":200,\"height\":60,\"caption\":\"Veltec Kirby Specialist\"},\"image\":{\"@id\":\"https:\\\/\\\/www.veltec.eu\\\/en\\\/#\\\/schema\\\/logo\\\/image\\\/\"},\"sameAs\":[\"https:\\\/\\\/www.facebook.com\\\/Veltec-Kirby-Specialist-236746293374877\\\/\",\"https:\\\/\\\/www.youtube.com\\\/user\\\/VeltecService\"]}]}<\/script>\n<!-- \/ Yoast SEO Premium plugin. -->","yoast_head_json":{"title":"Interruptor Kirby - Veltec Kirby specialist","description":"Interruptor Kirby Veltec es el proveedor de las aspiradoras Kirby desde hace m\u00e1s de 20 a\u00f1os. Y es su especialista en servicio Kirby","robots":{"index":"index","follow":"follow","max-snippet":"max-snippet:-1","max-image-preview":"max-image-preview:large","max-video-preview":"max-video-preview:-1"},"canonical":"https:\/\/www.veltec.eu\/es\/product\/interruptor-kirby-nl3094\/","og_locale":"es_ES","og_type":"article","og_title":"Interruptor Kirby","og_description":"Interruptor para motor Kirby. Unidad completa incluyendo el control de velocidad alta y baja, y puntos de seguridad.     En stock   Pedido antes de las 23:59, enviado ma\u00f1ana  &nbsp;","og_url":"https:\/\/www.veltec.eu\/es\/product\/interruptor-kirby-nl3094\/","og_site_name":"Veltec Kirby specialist","article_publisher":"https:\/\/www.facebook.com\/Veltec-Kirby-Specialist-236746293374877\/","article_modified_time":"2024-12-10T09:27:10+00:00","og_image":[{"width":600,"height":600,"url":"https:\/\/www.veltec.eu\/wp-content\/uploads\/2018\/10\/Kirby-schakelaar.png","type":"image\/png"}],"twitter_card":"summary_large_image","twitter_misc":{"Tiempo de lectura":"3 minutos"},"schema":{"@context":"https:\/\/schema.org","@graph":[{"@type":"WebPage","@id":"https:\/\/www.veltec.eu\/es\/product\/interruptor-kirby-nl3094\/","url":"https:\/\/www.veltec.eu\/es\/product\/interruptor-kirby-nl3094\/","name":"Interruptor Kirby - Veltec Kirby specialist","isPartOf":{"@id":"https:\/\/www.veltec.eu\/en\/#website"},"primaryImageOfPage":{"@id":"https:\/\/www.veltec.eu\/es\/product\/interruptor-kirby-nl3094\/#primaryimage"},"image":{"@id":"https:\/\/www.veltec.eu\/es\/product\/interruptor-kirby-nl3094\/#primaryimage"},"thumbnailUrl":"https:\/\/www.veltec.eu\/wp-content\/uploads\/2018\/10\/Kirby-schakelaar.png","datePublished":"2018-10-18T13:47:39+00:00","dateModified":"2024-12-10T09:27:10+00:00","description":"Interruptor Kirby Veltec es el proveedor de las aspiradoras Kirby desde hace m\u00e1s de 20 a\u00f1os. Y es su especialista en servicio Kirby","breadcrumb":{"@id":"https:\/\/www.veltec.eu\/es\/product\/interruptor-kirby-nl3094\/#breadcrumb"},"inLanguage":"es","potentialAction":[{"@type":"ReadAction","target":["https:\/\/www.veltec.eu\/es\/product\/interruptor-kirby-nl3094\/"]}]},{"@type":"ImageObject","inLanguage":"es","@id":"https:\/\/www.veltec.eu\/es\/product\/interruptor-kirby-nl3094\/#primaryimage","url":"https:\/\/www.veltec.eu\/wp-content\/uploads\/2018\/10\/Kirby-schakelaar.png","contentUrl":"https:\/\/www.veltec.eu\/wp-content\/uploads\/2018\/10\/Kirby-schakelaar.png","width":600,"height":600},{"@type":"BreadcrumbList","@id":"https:\/\/www.veltec.eu\/es\/product\/interruptor-kirby-nl3094\/#breadcrumb","itemListElement":[{"@type":"ListItem","position":1,"name":"Home","item":"https:\/\/www.veltec.eu\/es\/"},{"@type":"ListItem","position":2,"name":"Produits","item":"https:\/\/www.veltec.eu\/fr\/shop\/"},{"@type":"ListItem","position":3,"name":"Interruptor Kirby"}]},{"@type":"WebSite","@id":"https:\/\/www.veltec.eu\/en\/#website","url":"https:\/\/www.veltec.eu\/en\/","name":"Veltec Kirby specialist","description":"Kirby stofzuiger producten","publisher":{"@id":"https:\/\/www.veltec.eu\/en\/#organization"},"potentialAction":[{"@type":"SearchAction","target":{"@type":"EntryPoint","urlTemplate":"https:\/\/www.veltec.eu\/en\/?s={search_term_string}"},"query-input":{"@type":"PropertyValueSpecification","valueRequired":true,"valueName":"search_term_string"}}],"inLanguage":"es"},{"@type":"Organization","@id":"https:\/\/www.veltec.eu\/en\/#organization","name":"Veltec Kirby Specialist","url":"https:\/\/www.veltec.eu\/en\/","logo":{"@type":"ImageObject","inLanguage":"es","@id":"https:\/\/www.veltec.eu\/en\/#\/schema\/logo\/image\/","url":"https:\/\/www.veltec.eu\/wp-content\/uploads\/2021\/12\/Veltec-log-groot-e1537260889125.png","contentUrl":"https:\/\/www.veltec.eu\/wp-content\/uploads\/2021\/12\/Veltec-log-groot-e1537260889125.png","width":200,"height":60,"caption":"Veltec Kirby Specialist"},"image":{"@id":"https:\/\/www.veltec.eu\/en\/#\/schema\/logo\/image\/"},"sameAs":["https:\/\/www.facebook.com\/Veltec-Kirby-Specialist-236746293374877\/","https:\/\/www.youtube.com\/user\/VeltecService"]}]}},"_links":{"self":[{"href":"https:\/\/www.veltec.eu\/es\/wp-json\/wp\/v2\/product\/11737","targetHints":{"allow":["GET"]}}],"collection":[{"href":"https:\/\/www.veltec.eu\/es\/wp-json\/wp\/v2\/product"}],"about":[{"href":"https:\/\/www.veltec.eu\/es\/wp-json\/wp\/v2\/types\/product"}],"replies":[{"embeddable":true,"href":"https:\/\/www.veltec.eu\/es\/wp-json\/wp\/v2\/comments?post=11737"}],"wp:featuredmedia":[{"embeddable":true,"href":"https:\/\/www.veltec.eu\/es\/wp-json\/wp\/v2\/media\/58872"}],"wp:attachment":[{"href":"https:\/\/www.veltec.eu\/es\/wp-json\/wp\/v2\/media?parent=11737"}],"wp:term":[{"taxonomy":"product_brand","embeddable":true,"href":"https:\/\/www.veltec.eu\/es\/wp-json\/wp\/v2\/product_brand?post=11737"},{"taxonomy":"product_cat","embeddable":true,"href":"https:\/\/www.veltec.eu\/es\/wp-json\/wp\/v2\/product_cat?post=11737"},{"taxonomy":"product_tag","embeddable":true,"href":"https:\/\/www.veltec.eu\/es\/wp-json\/wp\/v2\/product_tag?post=11737"}],"curies":[{"name":"wp","href":"https:\/\/api.w.org\/{rel}","templated":true}]}}