{"id":11732,"date":"2018-10-18T15:53:20","date_gmt":"2018-10-18T13:53:20","guid":{"rendered":"https:\/\/www.veltec.eu\/kirby-webshop\/placa-frontal-motor-kirby-nl3078\/"},"modified":"2024-12-10T11:17:55","modified_gmt":"2024-12-10T09:17:55","slug":"placa-frontal-motor-kirby-nl3078","status":"publish","type":"product","link":"https:\/\/www.veltec.eu\/es\/product\/placa-frontal-motor-kirby-nl3078\/","title":{"rendered":"Placa frontal motor Kirby"},"content":{"rendered":"<h1>Placa frontal motor Kirby<\/h1>\n<p>Placa frontal motor Kirby.<\/p>\n<p><strong>Este producto es adecuado para los tipos:<\/strong><\/p>\n<ul>\n<li>Avalir Platinum<\/li>\n<li>Avalir 2<\/li>\n<li>Avalir 1<\/li>\n<li>Sentria 2 (G10D)<\/li>\n<li>Sentria 1 (G10)<\/li>\n<li>Ultimate G Diamond Ed.(G7D or DE)<\/li>\n<li>Ultimate G (G7 or UG)<\/li>\n<li>Generation 6 (G6)<\/li>\n<li>Generation 5 (G5)<\/li>\n<li>Generation 4 (G4)<\/li>\n<li>Generation 3 (G3)<\/li>\n<\/ul>\n<h2>Placa frontal motor Kirby &#8211; La soluci\u00f3n universal para su aspiradora Kirby<\/h2>\n<p>Cuando su aspiradora Kirby empieza a funcionar con menos eficacia o a hacer ruidos extra\u00f1os, es posible que las piezas del motor necesiten ser sustituidas. Una de las piezas m\u00e1s importantes de su aspiradora Kirby es la placa frontal del motor Kirby, tambi\u00e9n conocida como cubierta del motor. Esta placa frontal universal y de alta calidad ofrece la soluci\u00f3n perfecta para sustituir las piezas desgastadas o da\u00f1adas del motor y garantiza que su aspiradora vuelva a funcionar como nueva.<\/p>\n<p>A continuaci\u00f3n encontrar\u00e1 todas <a href=\"https:\/\/www.veltec.eu\/es\/partes-para-motor-kirby\/\">las partes para motor Kirby<\/a><\/p>\n<h3>\u00bfQu\u00e9 es la Placa frontal motor Kirby?<\/h3>\n<p>La placa frontal del motor Kirby es una pieza esencial del conjunto del motor de su aspiradora Kirby. No s\u00f3lo protege el interior del motor, sino que tambi\u00e9n contiene un rodamiento de bolas delantero, que es crucial para el buen funcionamiento del motor. Fabricada con materiales duraderos, esta placa frontal est\u00e1 dise\u00f1ada para durar mucho tiempo, incluso con un uso intensivo. Lo mejor de esta placa frontal en particular es que es universalmente compatible con todos los modelos de aspiradoras Kirby, lo que significa que no tiene que preocuparse de si se adapta a su tipo de Kirby.<\/p>\n<h3>\u00bfPor qu\u00e9 es tan importante la Placa frontal motor?<\/h3>\n<p>La placa frontal desempe\u00f1a un papel fundamental en el correcto funcionamiento de su aspiradora Kirby. Mantiene las piezas del motor en su sitio y las protege del polvo y la suciedad, lo que es esencial para prolongar la vida \u00fatil de la aspiradora. Adem\u00e1s, el rodamiento de bolas integrado garantiza un funcionamiento suave y silencioso del motor. Si esta placa frontal est\u00e1 da\u00f1ada o el rodamiento est\u00e1 desgastado, lo notar\u00e1 inmediatamente en el rendimiento de su aspiradora.<\/p>\n<h3>Compatibilidad universal para todos los modelos Kirby<\/h3>\n<p>Tanto si tiene un modelo Kirby antiguo como la \u00faltima versi\u00f3n, la placa frontal del motor es universal y adecuada para cualquier tipo de aspiradora Kirby. Esto hace que el producto sea ideal tanto para particulares como para reparadores profesionales que trabajen con diferentes modelos. No hay necesidad de preocuparse por encontrar el tama\u00f1o o las especificaciones correctas, ya que esta placa frontal est\u00e1 especialmente dise\u00f1ada para adaptarse a todos los modelos sin problemas.<\/p>\n<h3>F\u00e1cil de instalar<\/h3>\n<p>Otra gran ventaja de la placa frontal para motor es que es f\u00e1cil de instalar, incluso para aquellos que no tienen amplios conocimientos t\u00e9cnicos. Con las herramientas adecuadas y un poco de paciencia, puede sustituir esta placa frontal usted mismo, devolviendo su aspiradora a su estado \u00f3ptimo. Esto le ahorrar\u00e1 tiempo y dinero, ya que no tendr\u00e1 que contratar a un servicio de reparaci\u00f3n profesional.<\/p>\n<h3>Durabilidad y longevidad<\/h3>\n<p>La placa frontal del motor est\u00e1 fabricada con materiales de alta calidad que pueden resistir el desgaste, incluso despu\u00e9s de un uso prolongado. Esto significa que puede estar seguro de que su aspiradora volver\u00e1 a funcionar sin problemas durante a\u00f1os despu\u00e9s de instalar esta placa frontal. El rodamiento de bolas integrado tambi\u00e9n es de primera calidad y garantiza que el motor siga funcionando silenciosamente sin vibraciones ni ruidos no deseados.<\/p>\n<h3>Conclusi\u00f3n: La mejor opci\u00f3n para su aspiradora Kirby<\/h3>\n<p>La placa frontal del motor Kirby es una pieza esencial para cualquiera que desee optimizar el rendimiento de su aspiradora Kirby. Su compatibilidad universal, durabilidad y f\u00e1cil instalaci\u00f3n la convierten en la elecci\u00f3n ideal tanto para los aficionados al bricolaje como para los mec\u00e1nicos profesionales. D\u00e9 a su aspiradora Kirby la actualizaci\u00f3n que se merece y vuelva a disfrutar de una limpieza potente, silenciosa y eficaz.<\/p>\n<p>Con la placa frontal del motor Kirby, est\u00e1 eligiendo calidad, durabilidad y un rendimiento sin problemas, independientemente del modelo Kirby que posea.<\/p>\n","protected":false},"excerpt":{"rendered":"<p>Placa frontal para motor Kirby.<\/p>\n[trustindex data-widget-id=48bbd87242952812953642309d4]\n<h3><span style=\"color: #008000;\"><b><br \/>\n<\/b><br \/>\nEn stock<\/span><\/h3>\n[av_font_icon icon='ue812' font='entypo-fontello' style='' caption='' size='25px' position='left' color='#43ad66' link='' linktarget='' title_attr='' sonar_effect_effect='' sonar_effect_color='' sonar_effect_duration='1' sonar_effect_scale='' sonar_effect_opac='0.5' animation='' id='' custom_class='' template_class='' av_uid='' sc_version='1.0' admin_preview_bg=''][\/av_font_icon]\n<p><span style=\"color: #008000;\">Pedido antes de las 23:59, enviado ma\u00f1ana<\/span><\/p>\n<p>&nbsp;<\/p>\n","protected":false},"featured_media":6651,"comment_status":"open","ping_status":"closed","template":"","meta":[],"product_brand":[],"product_cat":[362],"product_tag":[],"class_list":{"0":"post-11732","1":"product","2":"type-product","3":"status-publish","4":"has-post-thumbnail","6":"product_cat-partes-para-motor-kirby","7":"product_shipping_class-klein-es","9":"first","10":"instock","11":"sale","12":"taxable","13":"shipping-taxable","14":"purchasable","15":"product-type-simple"},"yoast_head":"<!-- This site is optimized with the Yoast SEO Premium plugin v27.1 (Yoast SEO v27.3) - https:\/\/yoast.com\/product\/yoast-seo-premium-wordpress\/ -->\n<title>Placa frontal motor Kirby - Veltec Kirby specialist<\/title>\n<meta name=\"description\" content=\"Placa frontal motor Kirby - Veltec es el proveedor de las aspiradoras Kirby desde hace m\u00e1s de 25 a\u00f1os. Y es su especialista en servicio Kirby\" \/>\n<meta name=\"robots\" content=\"index, follow, max-snippet:-1, max-image-preview:large, max-video-preview:-1\" \/>\n<link rel=\"canonical\" href=\"https:\/\/www.veltec.eu\/nl\/product\/kirby-motor-voorplaat-nl3078\/\" \/>\n<meta property=\"og:locale\" content=\"es_ES\" \/>\n<meta property=\"og:type\" content=\"article\" \/>\n<meta property=\"og:title\" content=\"Placa frontal motor Kirby\" \/>\n<meta property=\"og:description\" content=\"Placa frontal para motor Kirby.     En stock   Pedido antes de las 23:59, enviado ma\u00f1ana  &nbsp;\" \/>\n<meta property=\"og:url\" content=\"https:\/\/www.veltec.eu\/nl\/product\/kirby-motor-voorplaat-nl3078\/\" \/>\n<meta property=\"og:site_name\" content=\"Veltec Kirby specialist\" \/>\n<meta property=\"article:publisher\" content=\"https:\/\/www.facebook.com\/Veltec-Kirby-Specialist-236746293374877\/\" \/>\n<meta property=\"article:modified_time\" content=\"2024-12-10T09:17:55+00:00\" \/>\n<meta property=\"og:image\" content=\"https:\/\/www.veltec.eu\/wp-content\/uploads\/2018\/10\/voorplaat-Kirby-motor-achterzjde.jpg\" \/>\n\t<meta property=\"og:image:width\" content=\"300\" \/>\n\t<meta property=\"og:image:height\" content=\"300\" \/>\n\t<meta property=\"og:image:type\" content=\"image\/jpeg\" \/>\n<meta name=\"twitter:card\" content=\"summary_large_image\" \/>\n<meta name=\"twitter:label1\" content=\"Tiempo de lectura\" \/>\n\t<meta name=\"twitter:data1\" content=\"4 minutos\" \/>\n<script type=\"application\/ld+json\" class=\"yoast-schema-graph\">{\"@context\":\"https:\\\/\\\/schema.org\",\"@graph\":[{\"@type\":\"WebPage\",\"@id\":\"https:\\\/\\\/www.veltec.eu\\\/nl\\\/product\\\/kirby-motor-voorplaat-nl3078\\\/\",\"url\":\"https:\\\/\\\/www.veltec.eu\\\/nl\\\/product\\\/kirby-motor-voorplaat-nl3078\\\/\",\"name\":\"Placa frontal motor Kirby - Veltec Kirby specialist\",\"isPartOf\":{\"@id\":\"https:\\\/\\\/www.veltec.eu\\\/en\\\/#website\"},\"primaryImageOfPage\":{\"@id\":\"https:\\\/\\\/www.veltec.eu\\\/nl\\\/product\\\/kirby-motor-voorplaat-nl3078\\\/#primaryimage\"},\"image\":{\"@id\":\"https:\\\/\\\/www.veltec.eu\\\/nl\\\/product\\\/kirby-motor-voorplaat-nl3078\\\/#primaryimage\"},\"thumbnailUrl\":\"https:\\\/\\\/www.veltec.eu\\\/wp-content\\\/uploads\\\/2018\\\/10\\\/voorplaat-Kirby-motor-achterzjde.jpg\",\"datePublished\":\"2018-10-18T13:53:20+00:00\",\"dateModified\":\"2024-12-10T09:17:55+00:00\",\"description\":\"Placa frontal motor Kirby - Veltec es el proveedor de las aspiradoras Kirby desde hace m\u00e1s de 25 a\u00f1os. Y es su especialista en servicio Kirby\",\"breadcrumb\":{\"@id\":\"https:\\\/\\\/www.veltec.eu\\\/nl\\\/product\\\/kirby-motor-voorplaat-nl3078\\\/#breadcrumb\"},\"inLanguage\":\"es\",\"potentialAction\":[{\"@type\":\"ReadAction\",\"target\":[\"https:\\\/\\\/www.veltec.eu\\\/nl\\\/product\\\/kirby-motor-voorplaat-nl3078\\\/\"]}]},{\"@type\":\"ImageObject\",\"inLanguage\":\"es\",\"@id\":\"https:\\\/\\\/www.veltec.eu\\\/nl\\\/product\\\/kirby-motor-voorplaat-nl3078\\\/#primaryimage\",\"url\":\"https:\\\/\\\/www.veltec.eu\\\/wp-content\\\/uploads\\\/2018\\\/10\\\/voorplaat-Kirby-motor-achterzjde.jpg\",\"contentUrl\":\"https:\\\/\\\/www.veltec.eu\\\/wp-content\\\/uploads\\\/2018\\\/10\\\/voorplaat-Kirby-motor-achterzjde.jpg\",\"width\":300,\"height\":300,\"caption\":\"Placa frontal motor Kirby\"},{\"@type\":\"BreadcrumbList\",\"@id\":\"https:\\\/\\\/www.veltec.eu\\\/nl\\\/product\\\/kirby-motor-voorplaat-nl3078\\\/#breadcrumb\",\"itemListElement\":[{\"@type\":\"ListItem\",\"position\":1,\"name\":\"Home\",\"item\":\"https:\\\/\\\/www.veltec.eu\\\/es\\\/\"},{\"@type\":\"ListItem\",\"position\":2,\"name\":\"Produits\",\"item\":\"https:\\\/\\\/www.veltec.eu\\\/fr\\\/shop\\\/\"},{\"@type\":\"ListItem\",\"position\":3,\"name\":\"Placa frontal motor Kirby\"}]},{\"@type\":\"WebSite\",\"@id\":\"https:\\\/\\\/www.veltec.eu\\\/en\\\/#website\",\"url\":\"https:\\\/\\\/www.veltec.eu\\\/en\\\/\",\"name\":\"Veltec Kirby specialist\",\"description\":\"Kirby stofzuiger producten\",\"publisher\":{\"@id\":\"https:\\\/\\\/www.veltec.eu\\\/en\\\/#organization\"},\"potentialAction\":[{\"@type\":\"SearchAction\",\"target\":{\"@type\":\"EntryPoint\",\"urlTemplate\":\"https:\\\/\\\/www.veltec.eu\\\/en\\\/?s={search_term_string}\"},\"query-input\":{\"@type\":\"PropertyValueSpecification\",\"valueRequired\":true,\"valueName\":\"search_term_string\"}}],\"inLanguage\":\"es\"},{\"@type\":\"Organization\",\"@id\":\"https:\\\/\\\/www.veltec.eu\\\/en\\\/#organization\",\"name\":\"Veltec Kirby Specialist\",\"url\":\"https:\\\/\\\/www.veltec.eu\\\/en\\\/\",\"logo\":{\"@type\":\"ImageObject\",\"inLanguage\":\"es\",\"@id\":\"https:\\\/\\\/www.veltec.eu\\\/en\\\/#\\\/schema\\\/logo\\\/image\\\/\",\"url\":\"https:\\\/\\\/www.veltec.eu\\\/wp-content\\\/uploads\\\/2021\\\/12\\\/Veltec-log-groot-e1537260889125.png\",\"contentUrl\":\"https:\\\/\\\/www.veltec.eu\\\/wp-content\\\/uploads\\\/2021\\\/12\\\/Veltec-log-groot-e1537260889125.png\",\"width\":200,\"height\":60,\"caption\":\"Veltec Kirby Specialist\"},\"image\":{\"@id\":\"https:\\\/\\\/www.veltec.eu\\\/en\\\/#\\\/schema\\\/logo\\\/image\\\/\"},\"sameAs\":[\"https:\\\/\\\/www.facebook.com\\\/Veltec-Kirby-Specialist-236746293374877\\\/\",\"https:\\\/\\\/www.youtube.com\\\/user\\\/VeltecService\"]}]}<\/script>\n<!-- \/ Yoast SEO Premium plugin. -->","yoast_head_json":{"title":"Placa frontal motor Kirby - Veltec Kirby specialist","description":"Placa frontal motor Kirby - Veltec es el proveedor de las aspiradoras Kirby desde hace m\u00e1s de 25 a\u00f1os. Y es su especialista en servicio Kirby","robots":{"index":"index","follow":"follow","max-snippet":"max-snippet:-1","max-image-preview":"max-image-preview:large","max-video-preview":"max-video-preview:-1"},"canonical":"https:\/\/www.veltec.eu\/nl\/product\/kirby-motor-voorplaat-nl3078\/","og_locale":"es_ES","og_type":"article","og_title":"Placa frontal motor Kirby","og_description":"Placa frontal para motor Kirby.     En stock   Pedido antes de las 23:59, enviado ma\u00f1ana  &nbsp;","og_url":"https:\/\/www.veltec.eu\/nl\/product\/kirby-motor-voorplaat-nl3078\/","og_site_name":"Veltec Kirby specialist","article_publisher":"https:\/\/www.facebook.com\/Veltec-Kirby-Specialist-236746293374877\/","article_modified_time":"2024-12-10T09:17:55+00:00","og_image":[{"width":300,"height":300,"url":"https:\/\/www.veltec.eu\/wp-content\/uploads\/2018\/10\/voorplaat-Kirby-motor-achterzjde.jpg","type":"image\/jpeg"}],"twitter_card":"summary_large_image","twitter_misc":{"Tiempo de lectura":"4 minutos"},"schema":{"@context":"https:\/\/schema.org","@graph":[{"@type":"WebPage","@id":"https:\/\/www.veltec.eu\/nl\/product\/kirby-motor-voorplaat-nl3078\/","url":"https:\/\/www.veltec.eu\/nl\/product\/kirby-motor-voorplaat-nl3078\/","name":"Placa frontal motor Kirby - Veltec Kirby specialist","isPartOf":{"@id":"https:\/\/www.veltec.eu\/en\/#website"},"primaryImageOfPage":{"@id":"https:\/\/www.veltec.eu\/nl\/product\/kirby-motor-voorplaat-nl3078\/#primaryimage"},"image":{"@id":"https:\/\/www.veltec.eu\/nl\/product\/kirby-motor-voorplaat-nl3078\/#primaryimage"},"thumbnailUrl":"https:\/\/www.veltec.eu\/wp-content\/uploads\/2018\/10\/voorplaat-Kirby-motor-achterzjde.jpg","datePublished":"2018-10-18T13:53:20+00:00","dateModified":"2024-12-10T09:17:55+00:00","description":"Placa frontal motor Kirby - Veltec es el proveedor de las aspiradoras Kirby desde hace m\u00e1s de 25 a\u00f1os. Y es su especialista en servicio Kirby","breadcrumb":{"@id":"https:\/\/www.veltec.eu\/nl\/product\/kirby-motor-voorplaat-nl3078\/#breadcrumb"},"inLanguage":"es","potentialAction":[{"@type":"ReadAction","target":["https:\/\/www.veltec.eu\/nl\/product\/kirby-motor-voorplaat-nl3078\/"]}]},{"@type":"ImageObject","inLanguage":"es","@id":"https:\/\/www.veltec.eu\/nl\/product\/kirby-motor-voorplaat-nl3078\/#primaryimage","url":"https:\/\/www.veltec.eu\/wp-content\/uploads\/2018\/10\/voorplaat-Kirby-motor-achterzjde.jpg","contentUrl":"https:\/\/www.veltec.eu\/wp-content\/uploads\/2018\/10\/voorplaat-Kirby-motor-achterzjde.jpg","width":300,"height":300,"caption":"Placa frontal motor Kirby"},{"@type":"BreadcrumbList","@id":"https:\/\/www.veltec.eu\/nl\/product\/kirby-motor-voorplaat-nl3078\/#breadcrumb","itemListElement":[{"@type":"ListItem","position":1,"name":"Home","item":"https:\/\/www.veltec.eu\/es\/"},{"@type":"ListItem","position":2,"name":"Produits","item":"https:\/\/www.veltec.eu\/fr\/shop\/"},{"@type":"ListItem","position":3,"name":"Placa frontal motor Kirby"}]},{"@type":"WebSite","@id":"https:\/\/www.veltec.eu\/en\/#website","url":"https:\/\/www.veltec.eu\/en\/","name":"Veltec Kirby specialist","description":"Kirby stofzuiger producten","publisher":{"@id":"https:\/\/www.veltec.eu\/en\/#organization"},"potentialAction":[{"@type":"SearchAction","target":{"@type":"EntryPoint","urlTemplate":"https:\/\/www.veltec.eu\/en\/?s={search_term_string}"},"query-input":{"@type":"PropertyValueSpecification","valueRequired":true,"valueName":"search_term_string"}}],"inLanguage":"es"},{"@type":"Organization","@id":"https:\/\/www.veltec.eu\/en\/#organization","name":"Veltec Kirby Specialist","url":"https:\/\/www.veltec.eu\/en\/","logo":{"@type":"ImageObject","inLanguage":"es","@id":"https:\/\/www.veltec.eu\/en\/#\/schema\/logo\/image\/","url":"https:\/\/www.veltec.eu\/wp-content\/uploads\/2021\/12\/Veltec-log-groot-e1537260889125.png","contentUrl":"https:\/\/www.veltec.eu\/wp-content\/uploads\/2021\/12\/Veltec-log-groot-e1537260889125.png","width":200,"height":60,"caption":"Veltec Kirby Specialist"},"image":{"@id":"https:\/\/www.veltec.eu\/en\/#\/schema\/logo\/image\/"},"sameAs":["https:\/\/www.facebook.com\/Veltec-Kirby-Specialist-236746293374877\/","https:\/\/www.youtube.com\/user\/VeltecService"]}]}},"_links":{"self":[{"href":"https:\/\/www.veltec.eu\/es\/wp-json\/wp\/v2\/product\/11732","targetHints":{"allow":["GET"]}}],"collection":[{"href":"https:\/\/www.veltec.eu\/es\/wp-json\/wp\/v2\/product"}],"about":[{"href":"https:\/\/www.veltec.eu\/es\/wp-json\/wp\/v2\/types\/product"}],"replies":[{"embeddable":true,"href":"https:\/\/www.veltec.eu\/es\/wp-json\/wp\/v2\/comments?post=11732"}],"wp:featuredmedia":[{"embeddable":true,"href":"https:\/\/www.veltec.eu\/es\/wp-json\/wp\/v2\/media\/6651"}],"wp:attachment":[{"href":"https:\/\/www.veltec.eu\/es\/wp-json\/wp\/v2\/media?parent=11732"}],"wp:term":[{"taxonomy":"product_brand","embeddable":true,"href":"https:\/\/www.veltec.eu\/es\/wp-json\/wp\/v2\/product_brand?post=11732"},{"taxonomy":"product_cat","embeddable":true,"href":"https:\/\/www.veltec.eu\/es\/wp-json\/wp\/v2\/product_cat?post=11732"},{"taxonomy":"product_tag","embeddable":true,"href":"https:\/\/www.veltec.eu\/es\/wp-json\/wp\/v2\/product_tag?post=11732"}],"curies":[{"name":"wp","href":"https:\/\/api.w.org\/{rel}","templated":true}]}}