{"id":11727,"date":"2018-10-18T15:58:54","date_gmt":"2018-10-18T13:58:54","guid":{"rendered":"https:\/\/www.veltec.eu\/kirby-webshop\/caja-de-motor-electrico-kirby-nl3079\/"},"modified":"2024-12-10T11:12:44","modified_gmt":"2024-12-10T09:12:44","slug":"caja-de-motor-electrico-kirby-nl3079","status":"publish","type":"product","link":"https:\/\/www.veltec.eu\/es\/product\/caja-de-motor-electrico-kirby-nl3079\/","title":{"rendered":"Caja de motor el\u00e9ctrico Kirby"},"content":{"rendered":"<h1>Caja de motor el\u00e9ctrico Kirby<\/h1>\n<p>Caja de motor el\u00e9ctrico Kirby<\/p>\n<p><strong>Este producto es adecuado para los tipos:<\/strong><\/p>\n<ul>\n<li>Avalir Platinum<\/li>\n<li>Avalir 2<\/li>\n<li>Avalir 1<\/li>\n<li>Sentria 2 (G10D)<\/li>\n<li>Sentria 1 (G10)<\/li>\n<li>Ultimate G Diamond Ed.(G7D or DE)<\/li>\n<li>Ultimate G (G7 or UG)<\/li>\n<li>Generation 6 (G6)<\/li>\n<li>Generation 5 (G5)<\/li>\n<li>Generation 4 (G4)<\/li>\n<li>Generation 3 (G3)<\/li>\n<\/ul>\n<h2>Caja de motor el\u00e9ctrico Kirby &#8211; La protecci\u00f3n perfecta para su aspiradora Kirby<\/h2>\n<p>La Caja de motor el\u00e9ctrico Kirby es una pieza esencial de cualquier aspiradora Kirby. No s\u00f3lo ofrece protecci\u00f3n a las piezas internas de su aspiradora Kirby, sino que tambi\u00e9n garantiza que el motor siga funcionando de forma \u00f3ptima. Tanto si necesita una carcasa nueva para sustituir piezas desgastadas como si s\u00f3lo desea una de repuesto, esta carcasa de motor universal Kirby es la elecci\u00f3n ideal para cualquier tipo de aspiradora Kirby.<\/p>\n<p>Aqu\u00ed encontrar\u00e1 todas <a href=\"https:\/\/www.veltec.eu\/es\/partes-para-motor-kirby\/\">las partes para motor Kirby<\/a>.<\/p>\n<h3>\u00bfPor qu\u00e9 elegir la Caja de motor el\u00e9ctrico Kirby?<\/h3>\n<p>La Caja de motor el\u00e9ctrico Kirby ofrece numerosas ventajas para su aspiradora. Una de las m\u00e1s importantes es que protege el motor contra da\u00f1os externos, suciedad y polvo. Esto significa que puede prolongar considerablemente la vida \u00fatil de su Kirby simplemente sustituyendo la carcasa del motor o manteni\u00e9ndola correctamente. La carcasa del motor es compatible con todos los modelos Kirby, lo que la convierte en una soluci\u00f3n universal para cualquiera que utilice una aspiradora Kirby.<\/p>\n<p>Adem\u00e1s, esta carcasa de motor est\u00e1 fabricada con materiales de alta calidad que garantizan durabilidad y protecci\u00f3n a largo plazo. Puede confiar en ella para mantener su aspiradora en las mejores condiciones, independientemente del uso intensivo que haga de ella.<\/p>\n<h3>Ajuste universal para todos los modelos Kirby<\/h3>\n<p>Una de las mayores ventajas de la carcasa del motor es que tiene un ajuste universal. Esto significa que se adapta a todos los modelos Kirby, sin importar lo viejo o nuevo que sea su aparato. No importa si tiene una aspiradora Kirby serie G, Avalir o cualquier otro tipo de aspiradora: esta carcasa de motor encajar\u00e1 perfectamente. Gracias a esta flexibilidad, no tiene que preocuparse por problemas de compatibilidad o por buscar un modelo espec\u00edfico.<\/p>\n<p>Esto convierte la sustituci\u00f3n de su antigua carcasa de motor en una tarea sencilla que cualquiera puede realizar. La f\u00e1cil instalaci\u00f3n le ahorrar\u00e1 tiempo y esfuerzo y le permitir\u00e1 volver r\u00e1pidamente al trabajo con una aspiradora que funciona correctamente.<\/p>\n<h3>Protecci\u00f3n y durabilidad<\/h3>\n<p>La carcasa del motor est\u00e1 dise\u00f1ada no s\u00f3lo para proteger el motor de su aspiradora, sino tambi\u00e9n para aumentar su durabilidad. Esta carcasa del motor permite que la aspiradora resista mejor el desgaste diario, la suciedad y otros factores externos que normalmente podr\u00edan da\u00f1ar el motor. Esto significa que necesitar\u00e1 menos mantenimiento y tendr\u00e1 menos posibilidades de costosas reparaciones en el futuro.<\/p>\n<p>Adem\u00e1s, la robusta construcci\u00f3n garantiza que el motor permanezca en un entorno estable, mejorando el rendimiento y la vida \u00fatil de su aspiradora Kirby. Con una carcasa del motor bien protegida, su aspiradora seguir\u00e1 siendo eficiente y potente durante m\u00e1s tiempo.<\/p>\n<h3>F\u00e1cil de sustituir<\/h3>\n<p>Otra ventaja de la carcasa del motor es que es f\u00e1cil de instalar y sustituir. No necesita ser un profesional para sustituir esta pieza de su aspiradora. Gracias a su ajuste universal y a su dise\u00f1o f\u00e1cil de usar, usted mismo puede sustituir la carcasa del motor r\u00e1pidamente y sin esfuerzo. As\u00ed ahorrar\u00e1 tiempo, dinero y la molestia de llevar la aspiradora al servicio t\u00e9cnico.<\/p>\n<p>Con la carcasa del motor, puede estar seguro de que su aspiradora se mantendr\u00e1 siempre en las mejores condiciones, sin tener que preocuparse por el desgaste o los da\u00f1os. Es la forma perfecta de optimizar el rendimiento y la vida \u00fatil de su aspiradora Kirby.<\/p>\n<p>La carcasa del motor Kirby es la soluci\u00f3n definitiva para proteger su aspiradora Kirby y prolongar la vida \u00fatil del motor. Con su ajuste universal, durabilidad y f\u00e1cil instalaci\u00f3n, es una pieza esencial para cualquier usuario de Kirby. No espere m\u00e1s y aseg\u00farese de que su aspiradora Kirby est\u00e9 siempre perfectamente protegida.<\/p>\n","protected":false},"excerpt":{"rendered":"<p>Caja de motor el\u00e9ctrico.<\/p>\n[trustindex data-widget-id=48bbd87242952812953642309d4]\n<h3><b><br \/>\n<\/b><span style=\"color: #008000;\"><br \/>\nEn stock<\/span><\/h3>\n[av_font_icon icon='ue812' font='entypo-fontello' style='' caption='' size='25px' position='left' color='#43ad66' link='' linktarget='' title_attr='' sonar_effect_effect='' sonar_effect_color='' sonar_effect_duration='1' sonar_effect_scale='' sonar_effect_opac='0.5' animation='' id='' custom_class='' template_class='' av_uid='' sc_version='1.0' admin_preview_bg=''][\/av_font_icon]\n<p><span style=\"color: #008000;\">Pedido antes de las 23:59, enviado ma\u00f1ana<\/span><\/p>\n<p>&nbsp;<\/p>\n","protected":false},"featured_media":6665,"comment_status":"open","ping_status":"closed","template":"","meta":[],"product_brand":[],"product_cat":[362],"product_tag":[],"class_list":{"0":"post-11727","1":"product","2":"type-product","3":"status-publish","4":"has-post-thumbnail","6":"product_cat-partes-para-motor-kirby","7":"product_shipping_class-klein-es","9":"first","10":"instock","11":"taxable","12":"shipping-taxable","13":"purchasable","14":"product-type-simple"},"yoast_head":"<!-- This site is optimized with the Yoast SEO Premium plugin v27.1 (Yoast SEO v27.4) - https:\/\/yoast.com\/product\/yoast-seo-premium-wordpress\/ -->\n<title>Caja de motor el\u00e9ctrico Kirby - Veltec Kirby specialist<\/title>\n<meta name=\"description\" content=\"Caja de motor el\u00e9ctrico Kirby - Veltec es el proveedor de las aspiradoras Kirby desde hace m\u00e1s de 25 a\u00f1os. Y es su especialista en servicio\" \/>\n<meta name=\"robots\" content=\"index, follow, max-snippet:-1, max-image-preview:large, max-video-preview:-1\" \/>\n<link rel=\"canonical\" href=\"https:\/\/www.veltec.eu\/nl\/product\/kirby-motorhuis-nl3079\/\" \/>\n<meta property=\"og:locale\" content=\"es_ES\" \/>\n<meta property=\"og:type\" content=\"article\" \/>\n<meta property=\"og:title\" content=\"Caja de motor el\u00e9ctrico Kirby\" \/>\n<meta property=\"og:description\" content=\"Caja de motor el\u00e9ctrico.     En stock   Pedido antes de las 23:59, enviado ma\u00f1ana  &nbsp;\" \/>\n<meta property=\"og:url\" content=\"https:\/\/www.veltec.eu\/nl\/product\/kirby-motorhuis-nl3079\/\" \/>\n<meta property=\"og:site_name\" content=\"Veltec Kirby specialist\" \/>\n<meta property=\"article:publisher\" content=\"https:\/\/www.facebook.com\/Veltec-Kirby-Specialist-236746293374877\/\" \/>\n<meta property=\"article:modified_time\" content=\"2024-12-10T09:12:44+00:00\" \/>\n<meta property=\"og:image\" content=\"https:\/\/www.veltec.eu\/wp-content\/uploads\/2018\/10\/Kirby-motor-housing.jpg\" \/>\n\t<meta property=\"og:image:width\" content=\"300\" \/>\n\t<meta property=\"og:image:height\" content=\"300\" \/>\n\t<meta property=\"og:image:type\" content=\"image\/jpeg\" \/>\n<meta name=\"twitter:card\" content=\"summary_large_image\" \/>\n<meta name=\"twitter:label1\" content=\"Tiempo de lectura\" \/>\n\t<meta name=\"twitter:data1\" content=\"4 minutos\" \/>\n<script type=\"application\/ld+json\" class=\"yoast-schema-graph\">{\"@context\":\"https:\\\/\\\/schema.org\",\"@graph\":[{\"@type\":\"WebPage\",\"@id\":\"https:\\\/\\\/www.veltec.eu\\\/nl\\\/product\\\/kirby-motorhuis-nl3079\\\/\",\"url\":\"https:\\\/\\\/www.veltec.eu\\\/nl\\\/product\\\/kirby-motorhuis-nl3079\\\/\",\"name\":\"Caja de motor el\u00e9ctrico Kirby - Veltec Kirby specialist\",\"isPartOf\":{\"@id\":\"https:\\\/\\\/www.veltec.eu\\\/en\\\/#website\"},\"primaryImageOfPage\":{\"@id\":\"https:\\\/\\\/www.veltec.eu\\\/nl\\\/product\\\/kirby-motorhuis-nl3079\\\/#primaryimage\"},\"image\":{\"@id\":\"https:\\\/\\\/www.veltec.eu\\\/nl\\\/product\\\/kirby-motorhuis-nl3079\\\/#primaryimage\"},\"thumbnailUrl\":\"https:\\\/\\\/www.veltec.eu\\\/wp-content\\\/uploads\\\/2018\\\/10\\\/Kirby-motor-housing.jpg\",\"datePublished\":\"2018-10-18T13:58:54+00:00\",\"dateModified\":\"2024-12-10T09:12:44+00:00\",\"description\":\"Caja de motor el\u00e9ctrico Kirby - Veltec es el proveedor de las aspiradoras Kirby desde hace m\u00e1s de 25 a\u00f1os. Y es su especialista en servicio\",\"breadcrumb\":{\"@id\":\"https:\\\/\\\/www.veltec.eu\\\/nl\\\/product\\\/kirby-motorhuis-nl3079\\\/#breadcrumb\"},\"inLanguage\":\"es\",\"potentialAction\":[{\"@type\":\"ReadAction\",\"target\":[\"https:\\\/\\\/www.veltec.eu\\\/nl\\\/product\\\/kirby-motorhuis-nl3079\\\/\"]}]},{\"@type\":\"ImageObject\",\"inLanguage\":\"es\",\"@id\":\"https:\\\/\\\/www.veltec.eu\\\/nl\\\/product\\\/kirby-motorhuis-nl3079\\\/#primaryimage\",\"url\":\"https:\\\/\\\/www.veltec.eu\\\/wp-content\\\/uploads\\\/2018\\\/10\\\/Kirby-motor-housing.jpg\",\"contentUrl\":\"https:\\\/\\\/www.veltec.eu\\\/wp-content\\\/uploads\\\/2018\\\/10\\\/Kirby-motor-housing.jpg\",\"width\":300,\"height\":300,\"caption\":\"Caja de motor el\u00e9ctrico Kirby\"},{\"@type\":\"BreadcrumbList\",\"@id\":\"https:\\\/\\\/www.veltec.eu\\\/nl\\\/product\\\/kirby-motorhuis-nl3079\\\/#breadcrumb\",\"itemListElement\":[{\"@type\":\"ListItem\",\"position\":1,\"name\":\"Home\",\"item\":\"https:\\\/\\\/www.veltec.eu\\\/es\\\/\"},{\"@type\":\"ListItem\",\"position\":2,\"name\":\"Produits\",\"item\":\"https:\\\/\\\/www.veltec.eu\\\/fr\\\/shop\\\/\"},{\"@type\":\"ListItem\",\"position\":3,\"name\":\"Caja de motor el\u00e9ctrico Kirby\"}]},{\"@type\":\"WebSite\",\"@id\":\"https:\\\/\\\/www.veltec.eu\\\/en\\\/#website\",\"url\":\"https:\\\/\\\/www.veltec.eu\\\/en\\\/\",\"name\":\"Veltec Kirby specialist\",\"description\":\"Kirby stofzuiger producten\",\"publisher\":{\"@id\":\"https:\\\/\\\/www.veltec.eu\\\/en\\\/#organization\"},\"potentialAction\":[{\"@type\":\"SearchAction\",\"target\":{\"@type\":\"EntryPoint\",\"urlTemplate\":\"https:\\\/\\\/www.veltec.eu\\\/en\\\/?s={search_term_string}\"},\"query-input\":{\"@type\":\"PropertyValueSpecification\",\"valueRequired\":true,\"valueName\":\"search_term_string\"}}],\"inLanguage\":\"es\"},{\"@type\":\"Organization\",\"@id\":\"https:\\\/\\\/www.veltec.eu\\\/en\\\/#organization\",\"name\":\"Veltec Kirby Specialist\",\"url\":\"https:\\\/\\\/www.veltec.eu\\\/en\\\/\",\"logo\":{\"@type\":\"ImageObject\",\"inLanguage\":\"es\",\"@id\":\"https:\\\/\\\/www.veltec.eu\\\/en\\\/#\\\/schema\\\/logo\\\/image\\\/\",\"url\":\"https:\\\/\\\/www.veltec.eu\\\/wp-content\\\/uploads\\\/2021\\\/12\\\/Veltec-log-groot-e1537260889125.png\",\"contentUrl\":\"https:\\\/\\\/www.veltec.eu\\\/wp-content\\\/uploads\\\/2021\\\/12\\\/Veltec-log-groot-e1537260889125.png\",\"width\":200,\"height\":60,\"caption\":\"Veltec Kirby Specialist\"},\"image\":{\"@id\":\"https:\\\/\\\/www.veltec.eu\\\/en\\\/#\\\/schema\\\/logo\\\/image\\\/\"},\"sameAs\":[\"https:\\\/\\\/www.facebook.com\\\/Veltec-Kirby-Specialist-236746293374877\\\/\",\"https:\\\/\\\/www.youtube.com\\\/user\\\/VeltecService\"]}]}<\/script>\n<!-- \/ Yoast SEO Premium plugin. -->","yoast_head_json":{"title":"Caja de motor el\u00e9ctrico Kirby - Veltec Kirby specialist","description":"Caja de motor el\u00e9ctrico Kirby - Veltec es el proveedor de las aspiradoras Kirby desde hace m\u00e1s de 25 a\u00f1os. Y es su especialista en servicio","robots":{"index":"index","follow":"follow","max-snippet":"max-snippet:-1","max-image-preview":"max-image-preview:large","max-video-preview":"max-video-preview:-1"},"canonical":"https:\/\/www.veltec.eu\/nl\/product\/kirby-motorhuis-nl3079\/","og_locale":"es_ES","og_type":"article","og_title":"Caja de motor el\u00e9ctrico Kirby","og_description":"Caja de motor el\u00e9ctrico.     En stock   Pedido antes de las 23:59, enviado ma\u00f1ana  &nbsp;","og_url":"https:\/\/www.veltec.eu\/nl\/product\/kirby-motorhuis-nl3079\/","og_site_name":"Veltec Kirby specialist","article_publisher":"https:\/\/www.facebook.com\/Veltec-Kirby-Specialist-236746293374877\/","article_modified_time":"2024-12-10T09:12:44+00:00","og_image":[{"width":300,"height":300,"url":"https:\/\/www.veltec.eu\/wp-content\/uploads\/2018\/10\/Kirby-motor-housing.jpg","type":"image\/jpeg"}],"twitter_card":"summary_large_image","twitter_misc":{"Tiempo de lectura":"4 minutos"},"schema":{"@context":"https:\/\/schema.org","@graph":[{"@type":"WebPage","@id":"https:\/\/www.veltec.eu\/nl\/product\/kirby-motorhuis-nl3079\/","url":"https:\/\/www.veltec.eu\/nl\/product\/kirby-motorhuis-nl3079\/","name":"Caja de motor el\u00e9ctrico Kirby - Veltec Kirby specialist","isPartOf":{"@id":"https:\/\/www.veltec.eu\/en\/#website"},"primaryImageOfPage":{"@id":"https:\/\/www.veltec.eu\/nl\/product\/kirby-motorhuis-nl3079\/#primaryimage"},"image":{"@id":"https:\/\/www.veltec.eu\/nl\/product\/kirby-motorhuis-nl3079\/#primaryimage"},"thumbnailUrl":"https:\/\/www.veltec.eu\/wp-content\/uploads\/2018\/10\/Kirby-motor-housing.jpg","datePublished":"2018-10-18T13:58:54+00:00","dateModified":"2024-12-10T09:12:44+00:00","description":"Caja de motor el\u00e9ctrico Kirby - Veltec es el proveedor de las aspiradoras Kirby desde hace m\u00e1s de 25 a\u00f1os. Y es su especialista en servicio","breadcrumb":{"@id":"https:\/\/www.veltec.eu\/nl\/product\/kirby-motorhuis-nl3079\/#breadcrumb"},"inLanguage":"es","potentialAction":[{"@type":"ReadAction","target":["https:\/\/www.veltec.eu\/nl\/product\/kirby-motorhuis-nl3079\/"]}]},{"@type":"ImageObject","inLanguage":"es","@id":"https:\/\/www.veltec.eu\/nl\/product\/kirby-motorhuis-nl3079\/#primaryimage","url":"https:\/\/www.veltec.eu\/wp-content\/uploads\/2018\/10\/Kirby-motor-housing.jpg","contentUrl":"https:\/\/www.veltec.eu\/wp-content\/uploads\/2018\/10\/Kirby-motor-housing.jpg","width":300,"height":300,"caption":"Caja de motor el\u00e9ctrico Kirby"},{"@type":"BreadcrumbList","@id":"https:\/\/www.veltec.eu\/nl\/product\/kirby-motorhuis-nl3079\/#breadcrumb","itemListElement":[{"@type":"ListItem","position":1,"name":"Home","item":"https:\/\/www.veltec.eu\/es\/"},{"@type":"ListItem","position":2,"name":"Produits","item":"https:\/\/www.veltec.eu\/fr\/shop\/"},{"@type":"ListItem","position":3,"name":"Caja de motor el\u00e9ctrico Kirby"}]},{"@type":"WebSite","@id":"https:\/\/www.veltec.eu\/en\/#website","url":"https:\/\/www.veltec.eu\/en\/","name":"Veltec Kirby specialist","description":"Kirby stofzuiger producten","publisher":{"@id":"https:\/\/www.veltec.eu\/en\/#organization"},"potentialAction":[{"@type":"SearchAction","target":{"@type":"EntryPoint","urlTemplate":"https:\/\/www.veltec.eu\/en\/?s={search_term_string}"},"query-input":{"@type":"PropertyValueSpecification","valueRequired":true,"valueName":"search_term_string"}}],"inLanguage":"es"},{"@type":"Organization","@id":"https:\/\/www.veltec.eu\/en\/#organization","name":"Veltec Kirby Specialist","url":"https:\/\/www.veltec.eu\/en\/","logo":{"@type":"ImageObject","inLanguage":"es","@id":"https:\/\/www.veltec.eu\/en\/#\/schema\/logo\/image\/","url":"https:\/\/www.veltec.eu\/wp-content\/uploads\/2021\/12\/Veltec-log-groot-e1537260889125.png","contentUrl":"https:\/\/www.veltec.eu\/wp-content\/uploads\/2021\/12\/Veltec-log-groot-e1537260889125.png","width":200,"height":60,"caption":"Veltec Kirby Specialist"},"image":{"@id":"https:\/\/www.veltec.eu\/en\/#\/schema\/logo\/image\/"},"sameAs":["https:\/\/www.facebook.com\/Veltec-Kirby-Specialist-236746293374877\/","https:\/\/www.youtube.com\/user\/VeltecService"]}]}},"_links":{"self":[{"href":"https:\/\/www.veltec.eu\/es\/wp-json\/wp\/v2\/product\/11727","targetHints":{"allow":["GET"]}}],"collection":[{"href":"https:\/\/www.veltec.eu\/es\/wp-json\/wp\/v2\/product"}],"about":[{"href":"https:\/\/www.veltec.eu\/es\/wp-json\/wp\/v2\/types\/product"}],"replies":[{"embeddable":true,"href":"https:\/\/www.veltec.eu\/es\/wp-json\/wp\/v2\/comments?post=11727"}],"wp:featuredmedia":[{"embeddable":true,"href":"https:\/\/www.veltec.eu\/es\/wp-json\/wp\/v2\/media\/6665"}],"wp:attachment":[{"href":"https:\/\/www.veltec.eu\/es\/wp-json\/wp\/v2\/media?parent=11727"}],"wp:term":[{"taxonomy":"product_brand","embeddable":true,"href":"https:\/\/www.veltec.eu\/es\/wp-json\/wp\/v2\/product_brand?post=11727"},{"taxonomy":"product_cat","embeddable":true,"href":"https:\/\/www.veltec.eu\/es\/wp-json\/wp\/v2\/product_cat?post=11727"},{"taxonomy":"product_tag","embeddable":true,"href":"https:\/\/www.veltec.eu\/es\/wp-json\/wp\/v2\/product_tag?post=11727"}],"curies":[{"name":"wp","href":"https:\/\/api.w.org\/{rel}","templated":true}]}}