{"id":11657,"date":"2018-10-18T16:12:42","date_gmt":"2018-10-18T14:12:42","guid":{"rendered":"https:\/\/www.veltec.eu\/kirby-webshop\/kirby-koolborstel-verbindingskabeltje-nl4545556\/"},"modified":"2024-12-10T10:56:39","modified_gmt":"2024-12-10T08:56:39","slug":"cepillos-de-carbon-kirby-cable-de-conexion-nl4545556","status":"publish","type":"product","link":"https:\/\/www.veltec.eu\/es\/product\/cepillos-de-carbon-kirby-cable-de-conexion-nl4545556\/","title":{"rendered":"Cepillos de Carb\u00f3n Kirby cable de conexi\u00f3n"},"content":{"rendered":"<h1>Cepillos de Carb\u00f3n Kirby cable de conexi\u00f3n<\/h1>\n<p>Cepillos de Carb\u00f3n Kirby cable de conexi\u00f3n<\/p>\n<p><strong>Este producto es adecuado para los tipos:<\/strong><\/p>\n<ul>\n<li>Avalir Platinum<\/li>\n<li>Avalir 2<\/li>\n<li>Avalir 1<\/li>\n<li>Sentria 2 (G10D)<\/li>\n<li>Sentria 1 (G10)<\/li>\n<li>Ultimate G Diamond Ed.(G7D or DE)<\/li>\n<li>Ultimate G (G7 or UG)<\/li>\n<li>Generation 6 (G6)<\/li>\n<li>Generation 5 (G5)<\/li>\n<li>Generation 4 (G4)<\/li>\n<li>Generation 3 (G3)<\/li>\n<\/ul>\n<h2>Cable de conexi\u00f3n del cepillo de carbono Kirby: La soluci\u00f3n perfecta para una conexi\u00f3n fiable<\/h2>\n<p>Cuando su aspiradora Kirby no funciona de forma \u00f3ptima, a menudo es una peque\u00f1a pieza la que marca la diferencia. El <strong>cable de conexi\u00f3n Kirby<\/strong> desempe\u00f1a un papel esencial en el funcionamiento de su aspiradora. Este cable asegura la conexi\u00f3n entre el portaescobillas de carbono y el motor Kirby, para que su aparato vuelva a funcionar sin problemas. Adecuado para todos los tipos de aspiradoras Kirby, es imprescindible para el mantenimiento y la reparaci\u00f3n.<\/p>\n<p>Encuentre aqu\u00ed todas las <a href=\"https:\/\/www.veltec.eu\/es\/partes-para-motor-kirby\/\">piezas de motor Kirby<\/a><\/p>\n<h3>\u00bfPor qu\u00e9 elegir el cable de conexi\u00f3n para escobillas de carb\u00f3n Kirby?<\/h3>\n<p>El <strong>cable de<\/strong> conexi\u00f3n est\u00e1 dise\u00f1ado con precisi\u00f3n y durabilidad en mente. Esto significa que no s\u00f3lo obtendr\u00e1 un recambio fiable, sino tambi\u00e9n un producto duradero. Su compatibilidad con cualquier modelo Kirby hace que sea f\u00e1cil volver a tener su aspiradora en las mejores condiciones, sin la molestia de piezas equivocadas.<\/p>\n<ul>\n<li><strong>Compatibilidad universal:<\/strong> Se adapta a todos los modelos de aspiradora Kirby.<\/li>\n<li><strong>Calidad duradera:<\/strong> Fabricado con material de alta calidad para un uso duradero.<\/li>\n<li><strong>F\u00e1cil instalaci\u00f3n:<\/strong> Sustituye tu cable viejo o da\u00f1ado en cuesti\u00f3n de minutos.<\/li>\n<\/ul>\n<h3>\u00bfC\u00f3mo saber si necesita un cable conector nuevo?<\/h3>\n<p>Signos de que el cable necesita ser sustituido:<\/p>\n<ul>\n<li>Reducci\u00f3n del rendimiento de la aspiradora.<\/li>\n<li>Dificultad para arrancar el motor.<\/li>\n<li>Da\u00f1os o desgaste en el cable actual.<\/li>\n<\/ul>\n<p>La sustituci\u00f3n de esta peque\u00f1a pieza puede alargar significativamente la vida de su aspiradora Kirby.<\/p>\n<h3>F\u00e1cil de pedir y r\u00e1pidamente a domicilio<\/h3>\n<p>\u00bfTiene una aspiradora Kirby que necesita un poco de atenci\u00f3n extra? No espere m\u00e1s y pida hoy mismo el cable de conexi\u00f3n de la escobilla de carb\u00f3n Kirby. Con una entrega r\u00e1pida y una calidad garantizada, se asegurar\u00e1 de que su aspiradora vuelva a funcionar como nueva en muy poco tiempo.<\/p>\n<h3>P\u00eddalo ahora y experimente la diferencia<\/h3>\n<p>Con la pieza adecuada mantendr\u00e1 su aspiradora Kirby en perfecto estado. El <strong>cable de conexi\u00f3n de la escobilla de carb\u00f3n Kirby<\/strong> es la soluci\u00f3n fiable para que su aspiradora funcione sin problemas. Elija calidad y aseg\u00farese de estar siempre listo para un hogar limpio.<\/p>\n","protected":false},"excerpt":{"rendered":"<p>Cepillos de Carb\u00f3n Kirby cable de conexi\u00f3n.<\/p>\n[trustindex data-widget-id=48bbd87242952812953642309d4]\n<h3><span style=\"color: #008000;\"><br \/>\nEn stock<\/span><\/h3>\n[av_font_icon icon='ue812' font='entypo-fontello' style='' caption='' size='25px' position='left' color='#43ad66' link='' linktarget='' title_attr='' sonar_effect_effect='' sonar_effect_color='' sonar_effect_duration='1' sonar_effect_scale='' sonar_effect_opac='0.5' animation='' id='' custom_class='' template_class='' av_uid='' sc_version='1.0' admin_preview_bg=''][\/av_font_icon]\n<p><span style=\"color: #008000;\">Pedido antes de las 23:59, enviado ma\u00f1ana<\/span><\/p>\n<p>&nbsp;<\/p>\n","protected":false},"featured_media":6704,"comment_status":"open","ping_status":"closed","template":"","meta":[],"product_brand":[],"product_cat":[362],"product_tag":[],"class_list":{"0":"post-11657","1":"product","2":"type-product","3":"status-publish","4":"has-post-thumbnail","6":"product_cat-partes-para-motor-kirby","7":"product_shipping_class-klein-es","9":"first","10":"instock","11":"taxable","12":"shipping-taxable","13":"purchasable","14":"product-type-simple"},"yoast_head":"<!-- This site is optimized with the Yoast SEO Premium plugin v27.1 (Yoast SEO v27.4) - https:\/\/yoast.com\/product\/yoast-seo-premium-wordpress\/ -->\n<title>Cepillos de Carb\u00f3n Kirby cable de conexi\u00f3n - Veltec Kirby specialist<\/title>\n<meta name=\"description\" content=\"Cepillos de Carb\u00f3n Kirby cable de conexi\u00f3n Escobillas de carb\u00f3n - Kirby Veltec es el proveedor de las aspiradoras Kirby. Especialista Kirby.\" \/>\n<meta name=\"robots\" content=\"index, follow, max-snippet:-1, max-image-preview:large, max-video-preview:-1\" \/>\n<link rel=\"canonical\" href=\"https:\/\/www.veltec.eu\/es\/product\/cepillos-de-carbon-kirby-cable-de-conexion-nl4545556\/\" \/>\n<meta property=\"og:locale\" content=\"es_ES\" \/>\n<meta property=\"og:type\" content=\"article\" \/>\n<meta property=\"og:title\" content=\"Cepillos de Carb\u00f3n Kirby cable de conexi\u00f3n\" \/>\n<meta property=\"og:description\" content=\"Cepillos de Carb\u00f3n Kirby cable de conexi\u00f3n.    En stock   Pedido antes de las 23:59, enviado ma\u00f1ana  &nbsp;\" \/>\n<meta property=\"og:url\" content=\"https:\/\/www.veltec.eu\/es\/product\/cepillos-de-carbon-kirby-cable-de-conexion-nl4545556\/\" \/>\n<meta property=\"og:site_name\" content=\"Veltec Kirby specialist\" \/>\n<meta property=\"article:publisher\" content=\"https:\/\/www.facebook.com\/Veltec-Kirby-Specialist-236746293374877\/\" \/>\n<meta property=\"article:modified_time\" content=\"2024-12-10T08:56:39+00:00\" \/>\n<meta property=\"og:image\" content=\"https:\/\/www.veltec.eu\/wp-content\/uploads\/2018\/10\/kirby-right-carbon-brush-wire-k-602889.jpg\" \/>\n\t<meta property=\"og:image:width\" content=\"300\" \/>\n\t<meta property=\"og:image:height\" content=\"300\" \/>\n\t<meta property=\"og:image:type\" content=\"image\/jpeg\" \/>\n<meta name=\"twitter:card\" content=\"summary_large_image\" \/>\n<meta name=\"twitter:label1\" content=\"Tiempo de lectura\" \/>\n\t<meta name=\"twitter:data1\" content=\"3 minutos\" \/>\n<script type=\"application\/ld+json\" class=\"yoast-schema-graph\">{\"@context\":\"https:\\\/\\\/schema.org\",\"@graph\":[{\"@type\":\"WebPage\",\"@id\":\"https:\\\/\\\/www.veltec.eu\\\/es\\\/product\\\/cepillos-de-carbon-kirby-cable-de-conexion-nl4545556\\\/\",\"url\":\"https:\\\/\\\/www.veltec.eu\\\/es\\\/product\\\/cepillos-de-carbon-kirby-cable-de-conexion-nl4545556\\\/\",\"name\":\"Cepillos de Carb\u00f3n Kirby cable de conexi\u00f3n - Veltec Kirby specialist\",\"isPartOf\":{\"@id\":\"https:\\\/\\\/www.veltec.eu\\\/en\\\/#website\"},\"primaryImageOfPage\":{\"@id\":\"https:\\\/\\\/www.veltec.eu\\\/es\\\/product\\\/cepillos-de-carbon-kirby-cable-de-conexion-nl4545556\\\/#primaryimage\"},\"image\":{\"@id\":\"https:\\\/\\\/www.veltec.eu\\\/es\\\/product\\\/cepillos-de-carbon-kirby-cable-de-conexion-nl4545556\\\/#primaryimage\"},\"thumbnailUrl\":\"https:\\\/\\\/www.veltec.eu\\\/wp-content\\\/uploads\\\/2018\\\/10\\\/kirby-right-carbon-brush-wire-k-602889.jpg\",\"datePublished\":\"2018-10-18T14:12:42+00:00\",\"dateModified\":\"2024-12-10T08:56:39+00:00\",\"description\":\"Cepillos de Carb\u00f3n Kirby cable de conexi\u00f3n Escobillas de carb\u00f3n - Kirby Veltec es el proveedor de las aspiradoras Kirby. Especialista Kirby.\",\"breadcrumb\":{\"@id\":\"https:\\\/\\\/www.veltec.eu\\\/es\\\/product\\\/cepillos-de-carbon-kirby-cable-de-conexion-nl4545556\\\/#breadcrumb\"},\"inLanguage\":\"es\",\"potentialAction\":[{\"@type\":\"ReadAction\",\"target\":[\"https:\\\/\\\/www.veltec.eu\\\/es\\\/product\\\/cepillos-de-carbon-kirby-cable-de-conexion-nl4545556\\\/\"]}]},{\"@type\":\"ImageObject\",\"inLanguage\":\"es\",\"@id\":\"https:\\\/\\\/www.veltec.eu\\\/es\\\/product\\\/cepillos-de-carbon-kirby-cable-de-conexion-nl4545556\\\/#primaryimage\",\"url\":\"https:\\\/\\\/www.veltec.eu\\\/wp-content\\\/uploads\\\/2018\\\/10\\\/kirby-right-carbon-brush-wire-k-602889.jpg\",\"contentUrl\":\"https:\\\/\\\/www.veltec.eu\\\/wp-content\\\/uploads\\\/2018\\\/10\\\/kirby-right-carbon-brush-wire-k-602889.jpg\",\"width\":300,\"height\":300,\"caption\":\"Cepillos de Carb\u00f3n Kirby cable de conexi\u00f3n\"},{\"@type\":\"BreadcrumbList\",\"@id\":\"https:\\\/\\\/www.veltec.eu\\\/es\\\/product\\\/cepillos-de-carbon-kirby-cable-de-conexion-nl4545556\\\/#breadcrumb\",\"itemListElement\":[{\"@type\":\"ListItem\",\"position\":1,\"name\":\"Home\",\"item\":\"https:\\\/\\\/www.veltec.eu\\\/es\\\/\"},{\"@type\":\"ListItem\",\"position\":2,\"name\":\"Produits\",\"item\":\"https:\\\/\\\/www.veltec.eu\\\/fr\\\/shop\\\/\"},{\"@type\":\"ListItem\",\"position\":3,\"name\":\"Cepillos de Carb\u00f3n Kirby cable de conexi\u00f3n\"}]},{\"@type\":\"WebSite\",\"@id\":\"https:\\\/\\\/www.veltec.eu\\\/en\\\/#website\",\"url\":\"https:\\\/\\\/www.veltec.eu\\\/en\\\/\",\"name\":\"Veltec Kirby specialist\",\"description\":\"Kirby stofzuiger producten\",\"publisher\":{\"@id\":\"https:\\\/\\\/www.veltec.eu\\\/en\\\/#organization\"},\"potentialAction\":[{\"@type\":\"SearchAction\",\"target\":{\"@type\":\"EntryPoint\",\"urlTemplate\":\"https:\\\/\\\/www.veltec.eu\\\/en\\\/?s={search_term_string}\"},\"query-input\":{\"@type\":\"PropertyValueSpecification\",\"valueRequired\":true,\"valueName\":\"search_term_string\"}}],\"inLanguage\":\"es\"},{\"@type\":\"Organization\",\"@id\":\"https:\\\/\\\/www.veltec.eu\\\/en\\\/#organization\",\"name\":\"Veltec Kirby Specialist\",\"url\":\"https:\\\/\\\/www.veltec.eu\\\/en\\\/\",\"logo\":{\"@type\":\"ImageObject\",\"inLanguage\":\"es\",\"@id\":\"https:\\\/\\\/www.veltec.eu\\\/en\\\/#\\\/schema\\\/logo\\\/image\\\/\",\"url\":\"https:\\\/\\\/www.veltec.eu\\\/wp-content\\\/uploads\\\/2021\\\/12\\\/Veltec-log-groot-e1537260889125.png\",\"contentUrl\":\"https:\\\/\\\/www.veltec.eu\\\/wp-content\\\/uploads\\\/2021\\\/12\\\/Veltec-log-groot-e1537260889125.png\",\"width\":200,\"height\":60,\"caption\":\"Veltec Kirby Specialist\"},\"image\":{\"@id\":\"https:\\\/\\\/www.veltec.eu\\\/en\\\/#\\\/schema\\\/logo\\\/image\\\/\"},\"sameAs\":[\"https:\\\/\\\/www.facebook.com\\\/Veltec-Kirby-Specialist-236746293374877\\\/\",\"https:\\\/\\\/www.youtube.com\\\/user\\\/VeltecService\"]}]}<\/script>\n<!-- \/ Yoast SEO Premium plugin. -->","yoast_head_json":{"title":"Cepillos de Carb\u00f3n Kirby cable de conexi\u00f3n - Veltec Kirby specialist","description":"Cepillos de Carb\u00f3n Kirby cable de conexi\u00f3n Escobillas de carb\u00f3n - Kirby Veltec es el proveedor de las aspiradoras Kirby. Especialista Kirby.","robots":{"index":"index","follow":"follow","max-snippet":"max-snippet:-1","max-image-preview":"max-image-preview:large","max-video-preview":"max-video-preview:-1"},"canonical":"https:\/\/www.veltec.eu\/es\/product\/cepillos-de-carbon-kirby-cable-de-conexion-nl4545556\/","og_locale":"es_ES","og_type":"article","og_title":"Cepillos de Carb\u00f3n Kirby cable de conexi\u00f3n","og_description":"Cepillos de Carb\u00f3n Kirby cable de conexi\u00f3n.    En stock   Pedido antes de las 23:59, enviado ma\u00f1ana  &nbsp;","og_url":"https:\/\/www.veltec.eu\/es\/product\/cepillos-de-carbon-kirby-cable-de-conexion-nl4545556\/","og_site_name":"Veltec Kirby specialist","article_publisher":"https:\/\/www.facebook.com\/Veltec-Kirby-Specialist-236746293374877\/","article_modified_time":"2024-12-10T08:56:39+00:00","og_image":[{"width":300,"height":300,"url":"https:\/\/www.veltec.eu\/wp-content\/uploads\/2018\/10\/kirby-right-carbon-brush-wire-k-602889.jpg","type":"image\/jpeg"}],"twitter_card":"summary_large_image","twitter_misc":{"Tiempo de lectura":"3 minutos"},"schema":{"@context":"https:\/\/schema.org","@graph":[{"@type":"WebPage","@id":"https:\/\/www.veltec.eu\/es\/product\/cepillos-de-carbon-kirby-cable-de-conexion-nl4545556\/","url":"https:\/\/www.veltec.eu\/es\/product\/cepillos-de-carbon-kirby-cable-de-conexion-nl4545556\/","name":"Cepillos de Carb\u00f3n Kirby cable de conexi\u00f3n - Veltec Kirby specialist","isPartOf":{"@id":"https:\/\/www.veltec.eu\/en\/#website"},"primaryImageOfPage":{"@id":"https:\/\/www.veltec.eu\/es\/product\/cepillos-de-carbon-kirby-cable-de-conexion-nl4545556\/#primaryimage"},"image":{"@id":"https:\/\/www.veltec.eu\/es\/product\/cepillos-de-carbon-kirby-cable-de-conexion-nl4545556\/#primaryimage"},"thumbnailUrl":"https:\/\/www.veltec.eu\/wp-content\/uploads\/2018\/10\/kirby-right-carbon-brush-wire-k-602889.jpg","datePublished":"2018-10-18T14:12:42+00:00","dateModified":"2024-12-10T08:56:39+00:00","description":"Cepillos de Carb\u00f3n Kirby cable de conexi\u00f3n Escobillas de carb\u00f3n - Kirby Veltec es el proveedor de las aspiradoras Kirby. Especialista Kirby.","breadcrumb":{"@id":"https:\/\/www.veltec.eu\/es\/product\/cepillos-de-carbon-kirby-cable-de-conexion-nl4545556\/#breadcrumb"},"inLanguage":"es","potentialAction":[{"@type":"ReadAction","target":["https:\/\/www.veltec.eu\/es\/product\/cepillos-de-carbon-kirby-cable-de-conexion-nl4545556\/"]}]},{"@type":"ImageObject","inLanguage":"es","@id":"https:\/\/www.veltec.eu\/es\/product\/cepillos-de-carbon-kirby-cable-de-conexion-nl4545556\/#primaryimage","url":"https:\/\/www.veltec.eu\/wp-content\/uploads\/2018\/10\/kirby-right-carbon-brush-wire-k-602889.jpg","contentUrl":"https:\/\/www.veltec.eu\/wp-content\/uploads\/2018\/10\/kirby-right-carbon-brush-wire-k-602889.jpg","width":300,"height":300,"caption":"Cepillos de Carb\u00f3n Kirby cable de conexi\u00f3n"},{"@type":"BreadcrumbList","@id":"https:\/\/www.veltec.eu\/es\/product\/cepillos-de-carbon-kirby-cable-de-conexion-nl4545556\/#breadcrumb","itemListElement":[{"@type":"ListItem","position":1,"name":"Home","item":"https:\/\/www.veltec.eu\/es\/"},{"@type":"ListItem","position":2,"name":"Produits","item":"https:\/\/www.veltec.eu\/fr\/shop\/"},{"@type":"ListItem","position":3,"name":"Cepillos de Carb\u00f3n Kirby cable de conexi\u00f3n"}]},{"@type":"WebSite","@id":"https:\/\/www.veltec.eu\/en\/#website","url":"https:\/\/www.veltec.eu\/en\/","name":"Veltec Kirby specialist","description":"Kirby stofzuiger producten","publisher":{"@id":"https:\/\/www.veltec.eu\/en\/#organization"},"potentialAction":[{"@type":"SearchAction","target":{"@type":"EntryPoint","urlTemplate":"https:\/\/www.veltec.eu\/en\/?s={search_term_string}"},"query-input":{"@type":"PropertyValueSpecification","valueRequired":true,"valueName":"search_term_string"}}],"inLanguage":"es"},{"@type":"Organization","@id":"https:\/\/www.veltec.eu\/en\/#organization","name":"Veltec Kirby Specialist","url":"https:\/\/www.veltec.eu\/en\/","logo":{"@type":"ImageObject","inLanguage":"es","@id":"https:\/\/www.veltec.eu\/en\/#\/schema\/logo\/image\/","url":"https:\/\/www.veltec.eu\/wp-content\/uploads\/2021\/12\/Veltec-log-groot-e1537260889125.png","contentUrl":"https:\/\/www.veltec.eu\/wp-content\/uploads\/2021\/12\/Veltec-log-groot-e1537260889125.png","width":200,"height":60,"caption":"Veltec Kirby Specialist"},"image":{"@id":"https:\/\/www.veltec.eu\/en\/#\/schema\/logo\/image\/"},"sameAs":["https:\/\/www.facebook.com\/Veltec-Kirby-Specialist-236746293374877\/","https:\/\/www.youtube.com\/user\/VeltecService"]}]}},"_links":{"self":[{"href":"https:\/\/www.veltec.eu\/es\/wp-json\/wp\/v2\/product\/11657","targetHints":{"allow":["GET"]}}],"collection":[{"href":"https:\/\/www.veltec.eu\/es\/wp-json\/wp\/v2\/product"}],"about":[{"href":"https:\/\/www.veltec.eu\/es\/wp-json\/wp\/v2\/types\/product"}],"replies":[{"embeddable":true,"href":"https:\/\/www.veltec.eu\/es\/wp-json\/wp\/v2\/comments?post=11657"}],"wp:featuredmedia":[{"embeddable":true,"href":"https:\/\/www.veltec.eu\/es\/wp-json\/wp\/v2\/media\/6704"}],"wp:attachment":[{"href":"https:\/\/www.veltec.eu\/es\/wp-json\/wp\/v2\/media?parent=11657"}],"wp:term":[{"taxonomy":"product_brand","embeddable":true,"href":"https:\/\/www.veltec.eu\/es\/wp-json\/wp\/v2\/product_brand?post=11657"},{"taxonomy":"product_cat","embeddable":true,"href":"https:\/\/www.veltec.eu\/es\/wp-json\/wp\/v2\/product_cat?post=11657"},{"taxonomy":"product_tag","embeddable":true,"href":"https:\/\/www.veltec.eu\/es\/wp-json\/wp\/v2\/product_tag?post=11657"}],"curies":[{"name":"wp","href":"https:\/\/api.w.org\/{rel}","templated":true}]}}