{"id":11652,"date":"2018-10-18T16:16:32","date_gmt":"2018-10-18T14:16:32","guid":{"rendered":"https:\/\/www.veltec.eu\/kirby-webshop\/schroef-kirby-motorhuis-nl980066\/"},"modified":"2024-12-10T10:47:50","modified_gmt":"2024-12-10T08:47:50","slug":"sostenedor-caja-de-motor-electrico-kirby-x2-nl980066","status":"publish","type":"product","link":"https:\/\/www.veltec.eu\/es\/product\/sostenedor-caja-de-motor-electrico-kirby-x2-nl980066\/","title":{"rendered":"Sostenedor caja de motor el\u00e9ctrico Kirby x2"},"content":{"rendered":"<h1>Sostenedor caja de motor el\u00e9ctrico Kirby x2<\/h1>\n<p>Sostenedor caja de motor el\u00e9ctrico Kirby x2<\/p>\n<p><strong>Este producto es adecuado para los tipos:<\/strong><\/p>\n<ul>\n<li>Avalir Platinum<\/li>\n<li>Avalir 2<\/li>\n<li>Avalir 1<\/li>\n<li>Sentria 2 (G10D)<\/li>\n<li>Sentria 1 (G10)<\/li>\n<li>Ultimate G Diamond Ed.(G7D or DE)<\/li>\n<li>Ultimate G (G7 or UG)<\/li>\n<li>Generation 6 (G6)<\/li>\n<li>Generation 5 (G5)<\/li>\n<li>Generation 4 (G4)<\/li>\n<li>Generation 3 (G3)<\/li>\n<\/ul>\n<h2>Sostenedor caja de motor el\u00e9ctrico Kirby x2 &#8211; Fijaci\u00f3n fiable para su aspiradora Kirby<\/h2>\n<p>Como orgulloso propietario de una aspiradora Kirby, usted sabe lo importante que es mantener su aparato en las mejores condiciones. Con el Tornillo <strong>Carcasa<\/strong> Motor 2x asegurar\u00e1 una conexi\u00f3n s\u00f3lida y duradera entre la carcasa del motor y la carcasa de su aspiradora Kirby. Este juego, compuesto por dos tornillos Torx de alta calidad, es adecuado para todo tipo de aspiradoras Kirby. Tanto si est\u00e1 realizando una peque\u00f1a reparaci\u00f3n como un mantenimiento preventivo, estos tornillos son un complemento indispensable para su caja de herramientas.<\/p>\n<p>Aqu\u00ed encontrar\u00e1 todas las <a href=\"https:\/\/www.veltec.eu\/es\/partes-para-motor-kirby\/\">piezas de motor Kirby<\/a><\/p>\n<h3>\u00bfPor qu\u00e9 elegir la Sostenedor caja de motor el\u00e9ctrico ?<\/h3>\n<p>La <strong>carcasa de motor atornillable 2x<\/strong> ofrece todo lo que busca en una pieza de repuesto: fiabilidad, compatibilidad y f\u00e1cil instalaci\u00f3n. El uso de materiales de alta calidad garantiza una larga vida \u00fatil, incluso con un uso intensivo de su aspiradora. Gracias a la cabeza Torx, puede contar con un agarre firme durante el apriete, manteniendo la carcasa del motor firmemente en su sitio.<\/p>\n<p>Con estos tornillos, evitar\u00e1 piezas sueltas o vibraciones que podr\u00edan afectar al rendimiento de su aspiradora. Esto los hace ideales para las personas que desean optimizar el rendimiento de su aspiradora Kirby.<\/p>\n<h3>Apto para cualquier tipo de aspiradora Kirby<\/h3>\n<p>Una de las mayores ventajas de la <strong>carcasa de motor con tornillos 2x<\/strong> es su compatibilidad universal. Independientemente del modelo Kirby que posea, estos tornillos encajan perfectamente y ofrecen una soluci\u00f3n s\u00f3lida. Esto los convierte en una opci\u00f3n pr\u00e1ctica tanto para modelos antiguos como para las aspiradoras Kirby m\u00e1s modernas.<\/p>\n<h3>F\u00e1cil de usar e instalar<\/h3>\n<p>Incluso si no tiene experiencia t\u00e9cnica, puede sustituir estos tornillos f\u00e1cilmente. Con un destornillador Torx est\u00e1ndar, el trabajo se hace r\u00e1pidamente. Esto le ahorra tiempo y dinero en reparaciones y le da confianza para realizar el mantenimiento usted mismo.<\/p>\n<h3>Pida hoy mismo su Tornillo Sostenedor caja de motor el\u00e9ctrico Kirby x2<\/h3>\n<p>No espere m\u00e1s y aseg\u00farese de que su aspiradora Kirby funciona siempre de forma \u00f3ptima. El Sostenedor caja de motor el\u00e9ctrico<strong>\u00a0<\/strong>es la elecci\u00f3n ideal para reparaciones duraderas y sin problemas. A\u00f1ada estos tornillos a su cesta de la compra hoy mismo y benef\u00edciese de una calidad fiable.<\/p>\n","protected":false},"excerpt":{"rendered":"<p>Sostenedor caja de motor el\u00e9ctrico Kirby (2x)<\/p>\n[trustindex data-widget-id=48bbd87242952812953642309d4]\n<h3><span style=\"color: #008000;\"><br \/>\nEn stock<\/span><\/h3>\n[av_font_icon icon='ue812' font='entypo-fontello' style='' caption='' size='25px' position='left' color='#43ad66' link='' linktarget='' title_attr='' sonar_effect_effect='' sonar_effect_color='' sonar_effect_duration='1' sonar_effect_scale='' sonar_effect_opac='0.5' animation='' id='' custom_class='' template_class='' av_uid='' sc_version='1.0' admin_preview_bg=''][\/av_font_icon]\n<p><span style=\"color: #008000;\">Pedido antes de las 23:59, enviado ma\u00f1ana<\/span><\/p>\n<p>&nbsp;<\/p>\n","protected":false},"featured_media":6712,"comment_status":"open","ping_status":"closed","template":"","meta":[],"product_brand":[],"product_cat":[362],"product_tag":[],"class_list":{"0":"post-11652","1":"product","2":"type-product","3":"status-publish","4":"has-post-thumbnail","6":"product_cat-partes-para-motor-kirby","7":"product_shipping_class-klein-es","9":"first","10":"instock","11":"taxable","12":"shipping-taxable","13":"purchasable","14":"product-type-simple"},"yoast_head":"<!-- This site is optimized with the Yoast SEO Premium plugin v27.1 (Yoast SEO v27.4) - https:\/\/yoast.com\/product\/yoast-seo-premium-wordpress\/ -->\n<title>Sostenedor caja de motor el\u00e9ctrico Kirby x2 - Veltec Kirby specialist<\/title>\n<meta name=\"description\" content=\"Sostenedor caja de motor el\u00e9ctrico Kirby x2 Veltec es el proveedor de las aspiradoras Kirby desde hace m\u00e1s de 25 a\u00f1os. Veltec Kirby\" \/>\n<meta name=\"robots\" content=\"index, follow, max-snippet:-1, max-image-preview:large, max-video-preview:-1\" \/>\n<link rel=\"canonical\" href=\"https:\/\/www.veltec.eu\/nl\/product\/schroef-kirby-motorhuis-2x-nl980066\/\" \/>\n<meta property=\"og:locale\" content=\"es_ES\" \/>\n<meta property=\"og:type\" content=\"article\" \/>\n<meta property=\"og:title\" content=\"Sostenedor caja de motor el\u00e9ctrico Kirby x2\" \/>\n<meta property=\"og:description\" content=\"Sostenedor caja de motor el\u00e9ctrico Kirby (2x)    En stock   Pedido antes de las 23:59, enviado ma\u00f1ana  &nbsp;\" \/>\n<meta property=\"og:url\" content=\"https:\/\/www.veltec.eu\/nl\/product\/schroef-kirby-motorhuis-2x-nl980066\/\" \/>\n<meta property=\"og:site_name\" content=\"Veltec Kirby specialist\" \/>\n<meta property=\"article:publisher\" content=\"https:\/\/www.facebook.com\/Veltec-Kirby-Specialist-236746293374877\/\" \/>\n<meta property=\"article:modified_time\" content=\"2024-12-10T08:47:50+00:00\" \/>\n<meta property=\"og:image\" content=\"https:\/\/www.veltec.eu\/wp-content\/uploads\/2018\/10\/1060000-2.jpg\" \/>\n\t<meta property=\"og:image:width\" content=\"300\" \/>\n\t<meta property=\"og:image:height\" content=\"300\" \/>\n\t<meta property=\"og:image:type\" content=\"image\/jpeg\" \/>\n<meta name=\"twitter:card\" content=\"summary_large_image\" \/>\n<meta name=\"twitter:label1\" content=\"Tiempo de lectura\" \/>\n\t<meta name=\"twitter:data1\" content=\"3 minutos\" \/>\n<script type=\"application\/ld+json\" class=\"yoast-schema-graph\">{\"@context\":\"https:\\\/\\\/schema.org\",\"@graph\":[{\"@type\":\"WebPage\",\"@id\":\"https:\\\/\\\/www.veltec.eu\\\/nl\\\/product\\\/schroef-kirby-motorhuis-2x-nl980066\\\/\",\"url\":\"https:\\\/\\\/www.veltec.eu\\\/nl\\\/product\\\/schroef-kirby-motorhuis-2x-nl980066\\\/\",\"name\":\"Sostenedor caja de motor el\u00e9ctrico Kirby x2 - Veltec Kirby specialist\",\"isPartOf\":{\"@id\":\"https:\\\/\\\/www.veltec.eu\\\/en\\\/#website\"},\"primaryImageOfPage\":{\"@id\":\"https:\\\/\\\/www.veltec.eu\\\/nl\\\/product\\\/schroef-kirby-motorhuis-2x-nl980066\\\/#primaryimage\"},\"image\":{\"@id\":\"https:\\\/\\\/www.veltec.eu\\\/nl\\\/product\\\/schroef-kirby-motorhuis-2x-nl980066\\\/#primaryimage\"},\"thumbnailUrl\":\"https:\\\/\\\/www.veltec.eu\\\/wp-content\\\/uploads\\\/2018\\\/10\\\/1060000-2.jpg\",\"datePublished\":\"2018-10-18T14:16:32+00:00\",\"dateModified\":\"2024-12-10T08:47:50+00:00\",\"description\":\"Sostenedor caja de motor el\u00e9ctrico Kirby x2 Veltec es el proveedor de las aspiradoras Kirby desde hace m\u00e1s de 25 a\u00f1os. Veltec Kirby\",\"breadcrumb\":{\"@id\":\"https:\\\/\\\/www.veltec.eu\\\/nl\\\/product\\\/schroef-kirby-motorhuis-2x-nl980066\\\/#breadcrumb\"},\"inLanguage\":\"es\",\"potentialAction\":[{\"@type\":\"ReadAction\",\"target\":[\"https:\\\/\\\/www.veltec.eu\\\/nl\\\/product\\\/schroef-kirby-motorhuis-2x-nl980066\\\/\"]}]},{\"@type\":\"ImageObject\",\"inLanguage\":\"es\",\"@id\":\"https:\\\/\\\/www.veltec.eu\\\/nl\\\/product\\\/schroef-kirby-motorhuis-2x-nl980066\\\/#primaryimage\",\"url\":\"https:\\\/\\\/www.veltec.eu\\\/wp-content\\\/uploads\\\/2018\\\/10\\\/1060000-2.jpg\",\"contentUrl\":\"https:\\\/\\\/www.veltec.eu\\\/wp-content\\\/uploads\\\/2018\\\/10\\\/1060000-2.jpg\",\"width\":300,\"height\":300,\"caption\":\"Sostenedor caja de motor el\u00e9ctrico Kirby x2\"},{\"@type\":\"BreadcrumbList\",\"@id\":\"https:\\\/\\\/www.veltec.eu\\\/nl\\\/product\\\/schroef-kirby-motorhuis-2x-nl980066\\\/#breadcrumb\",\"itemListElement\":[{\"@type\":\"ListItem\",\"position\":1,\"name\":\"Home\",\"item\":\"https:\\\/\\\/www.veltec.eu\\\/es\\\/\"},{\"@type\":\"ListItem\",\"position\":2,\"name\":\"Kirby Shop\",\"item\":\"https:\\\/\\\/www.veltec.eu\\\/nl\\\/shop-page\\\/\"},{\"@type\":\"ListItem\",\"position\":3,\"name\":\"Sostenedor caja de motor el\u00e9ctrico Kirby x2\"}]},{\"@type\":\"WebSite\",\"@id\":\"https:\\\/\\\/www.veltec.eu\\\/en\\\/#website\",\"url\":\"https:\\\/\\\/www.veltec.eu\\\/en\\\/\",\"name\":\"Veltec Kirby specialist\",\"description\":\"Kirby stofzuiger producten\",\"publisher\":{\"@id\":\"https:\\\/\\\/www.veltec.eu\\\/en\\\/#organization\"},\"potentialAction\":[{\"@type\":\"SearchAction\",\"target\":{\"@type\":\"EntryPoint\",\"urlTemplate\":\"https:\\\/\\\/www.veltec.eu\\\/en\\\/?s={search_term_string}\"},\"query-input\":{\"@type\":\"PropertyValueSpecification\",\"valueRequired\":true,\"valueName\":\"search_term_string\"}}],\"inLanguage\":\"es\"},{\"@type\":\"Organization\",\"@id\":\"https:\\\/\\\/www.veltec.eu\\\/en\\\/#organization\",\"name\":\"Veltec Kirby Specialist\",\"url\":\"https:\\\/\\\/www.veltec.eu\\\/en\\\/\",\"logo\":{\"@type\":\"ImageObject\",\"inLanguage\":\"es\",\"@id\":\"https:\\\/\\\/www.veltec.eu\\\/en\\\/#\\\/schema\\\/logo\\\/image\\\/\",\"url\":\"https:\\\/\\\/www.veltec.eu\\\/wp-content\\\/uploads\\\/2021\\\/12\\\/Veltec-log-groot-e1537260889125.png\",\"contentUrl\":\"https:\\\/\\\/www.veltec.eu\\\/wp-content\\\/uploads\\\/2021\\\/12\\\/Veltec-log-groot-e1537260889125.png\",\"width\":200,\"height\":60,\"caption\":\"Veltec Kirby Specialist\"},\"image\":{\"@id\":\"https:\\\/\\\/www.veltec.eu\\\/en\\\/#\\\/schema\\\/logo\\\/image\\\/\"},\"sameAs\":[\"https:\\\/\\\/www.facebook.com\\\/Veltec-Kirby-Specialist-236746293374877\\\/\",\"https:\\\/\\\/www.youtube.com\\\/user\\\/VeltecService\"]}]}<\/script>\n<!-- \/ Yoast SEO Premium plugin. -->","yoast_head_json":{"title":"Sostenedor caja de motor el\u00e9ctrico Kirby x2 - Veltec Kirby specialist","description":"Sostenedor caja de motor el\u00e9ctrico Kirby x2 Veltec es el proveedor de las aspiradoras Kirby desde hace m\u00e1s de 25 a\u00f1os. Veltec Kirby","robots":{"index":"index","follow":"follow","max-snippet":"max-snippet:-1","max-image-preview":"max-image-preview:large","max-video-preview":"max-video-preview:-1"},"canonical":"https:\/\/www.veltec.eu\/nl\/product\/schroef-kirby-motorhuis-2x-nl980066\/","og_locale":"es_ES","og_type":"article","og_title":"Sostenedor caja de motor el\u00e9ctrico Kirby x2","og_description":"Sostenedor caja de motor el\u00e9ctrico Kirby (2x)    En stock   Pedido antes de las 23:59, enviado ma\u00f1ana  &nbsp;","og_url":"https:\/\/www.veltec.eu\/nl\/product\/schroef-kirby-motorhuis-2x-nl980066\/","og_site_name":"Veltec Kirby specialist","article_publisher":"https:\/\/www.facebook.com\/Veltec-Kirby-Specialist-236746293374877\/","article_modified_time":"2024-12-10T08:47:50+00:00","og_image":[{"width":300,"height":300,"url":"https:\/\/www.veltec.eu\/wp-content\/uploads\/2018\/10\/1060000-2.jpg","type":"image\/jpeg"}],"twitter_card":"summary_large_image","twitter_misc":{"Tiempo de lectura":"3 minutos"},"schema":{"@context":"https:\/\/schema.org","@graph":[{"@type":"WebPage","@id":"https:\/\/www.veltec.eu\/nl\/product\/schroef-kirby-motorhuis-2x-nl980066\/","url":"https:\/\/www.veltec.eu\/nl\/product\/schroef-kirby-motorhuis-2x-nl980066\/","name":"Sostenedor caja de motor el\u00e9ctrico Kirby x2 - Veltec Kirby specialist","isPartOf":{"@id":"https:\/\/www.veltec.eu\/en\/#website"},"primaryImageOfPage":{"@id":"https:\/\/www.veltec.eu\/nl\/product\/schroef-kirby-motorhuis-2x-nl980066\/#primaryimage"},"image":{"@id":"https:\/\/www.veltec.eu\/nl\/product\/schroef-kirby-motorhuis-2x-nl980066\/#primaryimage"},"thumbnailUrl":"https:\/\/www.veltec.eu\/wp-content\/uploads\/2018\/10\/1060000-2.jpg","datePublished":"2018-10-18T14:16:32+00:00","dateModified":"2024-12-10T08:47:50+00:00","description":"Sostenedor caja de motor el\u00e9ctrico Kirby x2 Veltec es el proveedor de las aspiradoras Kirby desde hace m\u00e1s de 25 a\u00f1os. Veltec Kirby","breadcrumb":{"@id":"https:\/\/www.veltec.eu\/nl\/product\/schroef-kirby-motorhuis-2x-nl980066\/#breadcrumb"},"inLanguage":"es","potentialAction":[{"@type":"ReadAction","target":["https:\/\/www.veltec.eu\/nl\/product\/schroef-kirby-motorhuis-2x-nl980066\/"]}]},{"@type":"ImageObject","inLanguage":"es","@id":"https:\/\/www.veltec.eu\/nl\/product\/schroef-kirby-motorhuis-2x-nl980066\/#primaryimage","url":"https:\/\/www.veltec.eu\/wp-content\/uploads\/2018\/10\/1060000-2.jpg","contentUrl":"https:\/\/www.veltec.eu\/wp-content\/uploads\/2018\/10\/1060000-2.jpg","width":300,"height":300,"caption":"Sostenedor caja de motor el\u00e9ctrico Kirby x2"},{"@type":"BreadcrumbList","@id":"https:\/\/www.veltec.eu\/nl\/product\/schroef-kirby-motorhuis-2x-nl980066\/#breadcrumb","itemListElement":[{"@type":"ListItem","position":1,"name":"Home","item":"https:\/\/www.veltec.eu\/es\/"},{"@type":"ListItem","position":2,"name":"Kirby Shop","item":"https:\/\/www.veltec.eu\/nl\/shop-page\/"},{"@type":"ListItem","position":3,"name":"Sostenedor caja de motor el\u00e9ctrico Kirby x2"}]},{"@type":"WebSite","@id":"https:\/\/www.veltec.eu\/en\/#website","url":"https:\/\/www.veltec.eu\/en\/","name":"Veltec Kirby specialist","description":"Kirby stofzuiger producten","publisher":{"@id":"https:\/\/www.veltec.eu\/en\/#organization"},"potentialAction":[{"@type":"SearchAction","target":{"@type":"EntryPoint","urlTemplate":"https:\/\/www.veltec.eu\/en\/?s={search_term_string}"},"query-input":{"@type":"PropertyValueSpecification","valueRequired":true,"valueName":"search_term_string"}}],"inLanguage":"es"},{"@type":"Organization","@id":"https:\/\/www.veltec.eu\/en\/#organization","name":"Veltec Kirby Specialist","url":"https:\/\/www.veltec.eu\/en\/","logo":{"@type":"ImageObject","inLanguage":"es","@id":"https:\/\/www.veltec.eu\/en\/#\/schema\/logo\/image\/","url":"https:\/\/www.veltec.eu\/wp-content\/uploads\/2021\/12\/Veltec-log-groot-e1537260889125.png","contentUrl":"https:\/\/www.veltec.eu\/wp-content\/uploads\/2021\/12\/Veltec-log-groot-e1537260889125.png","width":200,"height":60,"caption":"Veltec Kirby Specialist"},"image":{"@id":"https:\/\/www.veltec.eu\/en\/#\/schema\/logo\/image\/"},"sameAs":["https:\/\/www.facebook.com\/Veltec-Kirby-Specialist-236746293374877\/","https:\/\/www.youtube.com\/user\/VeltecService"]}]}},"_links":{"self":[{"href":"https:\/\/www.veltec.eu\/es\/wp-json\/wp\/v2\/product\/11652","targetHints":{"allow":["GET"]}}],"collection":[{"href":"https:\/\/www.veltec.eu\/es\/wp-json\/wp\/v2\/product"}],"about":[{"href":"https:\/\/www.veltec.eu\/es\/wp-json\/wp\/v2\/types\/product"}],"replies":[{"embeddable":true,"href":"https:\/\/www.veltec.eu\/es\/wp-json\/wp\/v2\/comments?post=11652"}],"wp:featuredmedia":[{"embeddable":true,"href":"https:\/\/www.veltec.eu\/es\/wp-json\/wp\/v2\/media\/6712"}],"wp:attachment":[{"href":"https:\/\/www.veltec.eu\/es\/wp-json\/wp\/v2\/media?parent=11652"}],"wp:term":[{"taxonomy":"product_brand","embeddable":true,"href":"https:\/\/www.veltec.eu\/es\/wp-json\/wp\/v2\/product_brand?post=11652"},{"taxonomy":"product_cat","embeddable":true,"href":"https:\/\/www.veltec.eu\/es\/wp-json\/wp\/v2\/product_cat?post=11652"},{"taxonomy":"product_tag","embeddable":true,"href":"https:\/\/www.veltec.eu\/es\/wp-json\/wp\/v2\/product_tag?post=11652"}],"curies":[{"name":"wp","href":"https:\/\/api.w.org\/{rel}","templated":true}]}}