{"id":11637,"date":"2018-10-18T16:29:03","date_gmt":"2018-10-18T14:29:03","guid":{"rendered":"https:\/\/www.veltec.eu\/kirby-webshop\/schroef-kirby-koolborstel-houder-nl111289\/"},"modified":"2024-12-10T10:27:54","modified_gmt":"2024-12-10T08:27:54","slug":"sostenedor-cepillos-de-carbon-kirby-incluyendo-estuches-x2-nl111289","status":"publish","type":"product","link":"https:\/\/www.veltec.eu\/es\/product\/sostenedor-cepillos-de-carbon-kirby-incluyendo-estuches-x2-nl111289\/","title":{"rendered":"Sostenedor Cepillos de Carb\u00f3n Kirby incluyendo Estuches x2"},"content":{"rendered":"<h1>Sostenedor Cepillos de Carb\u00f3n Kirby incluyendo Estuches x2<\/h1>\n<p>Sostenedor Cepillos de Carb\u00f3n Kirby incluyendo Estuches x2<\/p>\n<p><strong>Este producto es adecuado para los tipos:<\/strong><\/p>\n<ul>\n<li>Avalir Platinum<\/li>\n<li>Avalir 2<\/li>\n<li>Avalir 1<\/li>\n<li>Sentria 2 (G10D)<\/li>\n<li>Sentria 1 (G10)<\/li>\n<li>Ultimate G Diamond Ed.(G7D or DE)<\/li>\n<li>Ultimate G (G7 or UG)<\/li>\n<li>Generation 6 (G6)<\/li>\n<li>Generation 5 (G5)<\/li>\n<li>Generation 4 (G4)<\/li>\n<li>Generation 3 (G3)<\/li>\n<\/ul>\n<h2>Sostenedor Cepillos de Carb\u00f3n Kirby incluyendo Estuches x2 &#8211; Fijaci\u00f3n perfecta para su aspiradora Kirby<\/h2>\n<p>\u00bfEst\u00e1 buscando tornillos de alta calidad para montar portaescobillas de carb\u00f3n en la carcasa del motor de su aspiradora Kirby? \u00a1Los <strong>tornillos <\/strong>ofrecen la soluci\u00f3n ideal! Este juego contiene dos tornillos de cabeza Phillips que son adecuados para cualquier tipo de aspiradora Kirby y garantizan una fijaci\u00f3n robusta y fiable.<\/p>\n<p>Puede encontrar todas las<a href=\"https:\/\/www.veltec.eu\/es\/partes-para-motor-kirby\/\"> piezas de motor Kirby<\/a> aqu\u00ed<\/p>\n<h3>\u00bfPor qu\u00e9 elegir estos tornillos?<\/h3>\n<p>La calidad de las piezas de su aspiradora determina la vida \u00fatil y el rendimiento de su aparato. Por eso es importante elegir piezas originales y adecuadas como estos tornillos. Est\u00e1n especialmente dise\u00f1ados para aspiradoras Kirby y garantizan un ajuste perfecto y durabilidad. Gracias a la cabeza Phillips, la instalaci\u00f3n es f\u00e1cil y r\u00e1pida, incluso para los menos experimentados en la sustituci\u00f3n de piezas.<\/p>\n<h3>Apto para todas las aspiradoras Kirby<\/h3>\n<p>Tanto si tiene una aspiradora Kirby de modelo antiguo como una de las \u00faltimas versiones, estos tornillos se adaptan perfectamente. Esto los convierte en una opci\u00f3n vers\u00e1til para cualquiera que desee mantener su aspiradora Kirby de la mejor manera posible. De este modo, la sustituci\u00f3n de los portaescobillas de carb\u00f3n resulta mucho m\u00e1s sencilla, manteniendo la carcasa de su motor protegida contra el desgaste o los da\u00f1os.<\/p>\n<h3>Ventajas de estos tornillos<\/h3>\n<ul>\n<li><strong>Fijaci\u00f3n s\u00f3lida<\/strong>: Los tornillos sujetan firmemente el portaescobillas.<\/li>\n<li><strong>F\u00e1cil de usar<\/strong>: Gracias a la cabeza Phillips, no se necesitan herramientas especiales.<\/li>\n<li><strong>Material duradero<\/strong>: Larga vida \u00fatil y resistente al desgaste.<\/li>\n<li><strong>Compatibilidad universal<\/strong>: Apto para todos los modelos de aspiradora Kirby.<\/li>\n<\/ul>\n<h3>\u00bfC\u00f3mo utilizar el Sostenedor Cepillos de Carb\u00f3n Kirby incluyendo Estuches?<\/h3>\n<p>El montaje de estos tornillos es sencillo:<\/p>\n<ol>\n<li>Retire los tornillos antiguos de la carcasa del motor de su aspiradora.<\/li>\n<li>Coloque el portaescobillas de carbono en la posici\u00f3n correcta.<\/li>\n<li>Fije el tornillo firmemente, pero sin utilizar demasiada fuerza.<\/li>\n<\/ol>\n<p>Con estos tornillos, alargar\u00e1 la vida de su aspiradora Kirby y se asegurar\u00e1 de que siga funcionando como el primer d\u00eda. P\u00eddalos ahora y d\u00e9 a su aspiradora el mantenimiento que se merece.<\/p>\n","protected":false},"excerpt":{"rendered":"<p>Sostenedor Cepillos de Carb\u00f3n Kirby incluyendo Estuches (x2)<\/p>\n[trustindex data-widget-id=48bbd87242952812953642309d4]\n<h3><span style=\"color: #008000;\"><br \/>\nEn stock<\/span><\/h3>\n[av_font_icon icon='ue812' font='entypo-fontello' style='' caption='' size='25px' position='left' color='#43ad66' link='' linktarget='' title_attr='' sonar_effect_effect='' sonar_effect_color='' sonar_effect_duration='1' sonar_effect_scale='' sonar_effect_opac='0.5' animation='' id='' custom_class='' template_class='' av_uid='' sc_version='1.0' admin_preview_bg=''][\/av_font_icon]\n<p><span style=\"color: #008000;\">Pedido antes de las 23:59, enviado ma\u00f1ana<\/span><\/p>\n<p>&nbsp;<\/p>\n","protected":false},"featured_media":6742,"comment_status":"open","ping_status":"closed","template":"","meta":[],"product_brand":[],"product_cat":[362],"product_tag":[],"class_list":{"0":"post-11637","1":"product","2":"type-product","3":"status-publish","4":"has-post-thumbnail","6":"product_cat-partes-para-motor-kirby","7":"product_shipping_class-klein-es","9":"first","10":"instock","11":"taxable","12":"shipping-taxable","13":"purchasable","14":"product-type-simple"},"yoast_head":"<!-- This site is optimized with the Yoast SEO Premium plugin v27.1 (Yoast SEO v27.4) - https:\/\/yoast.com\/product\/yoast-seo-premium-wordpress\/ -->\n<title>Sostenedor Cepillos de Carb\u00f3n Kirby incluyendo Estuches x2 - Veltec Kirby specialist<\/title>\n<meta name=\"description\" content=\"Sostenedor Cepillos de Carb\u00f3n Kirby incluyendo Estuches x2 - Veltec es el proveedor de las aspiradoras Kirby desde hace m\u00e1s de 25 a\u00f1os.\" \/>\n<meta name=\"robots\" content=\"index, follow, max-snippet:-1, max-image-preview:large, max-video-preview:-1\" \/>\n<link rel=\"canonical\" href=\"https:\/\/www.veltec.eu\/nl\/product\/schroef-kirby-koolborstel-houder-2x-nl111289\/\" \/>\n<meta property=\"og:locale\" content=\"es_ES\" \/>\n<meta property=\"og:type\" content=\"article\" \/>\n<meta property=\"og:title\" content=\"Sostenedor Cepillos de Carb\u00f3n Kirby incluyendo Estuches x2\" \/>\n<meta property=\"og:description\" content=\"Sostenedor Cepillos de Carb\u00f3n Kirby incluyendo Estuches (x2)    En stock   Pedido antes de las 23:59, enviado ma\u00f1ana  &nbsp;\" \/>\n<meta property=\"og:url\" content=\"https:\/\/www.veltec.eu\/nl\/product\/schroef-kirby-koolborstel-houder-2x-nl111289\/\" \/>\n<meta property=\"og:site_name\" content=\"Veltec Kirby specialist\" \/>\n<meta property=\"article:publisher\" content=\"https:\/\/www.facebook.com\/Veltec-Kirby-Specialist-236746293374877\/\" \/>\n<meta property=\"article:modified_time\" content=\"2024-12-10T08:27:54+00:00\" \/>\n<meta property=\"og:image\" content=\"https:\/\/www.veltec.eu\/wp-content\/uploads\/2018\/10\/schroef-1_1.jpg\" \/>\n\t<meta property=\"og:image:width\" content=\"300\" \/>\n\t<meta property=\"og:image:height\" content=\"300\" \/>\n\t<meta property=\"og:image:type\" content=\"image\/jpeg\" \/>\n<meta name=\"twitter:card\" content=\"summary_large_image\" \/>\n<meta name=\"twitter:label1\" content=\"Tiempo de lectura\" \/>\n\t<meta name=\"twitter:data1\" content=\"2 minutos\" \/>\n<script type=\"application\/ld+json\" class=\"yoast-schema-graph\">{\"@context\":\"https:\\\/\\\/schema.org\",\"@graph\":[{\"@type\":\"WebPage\",\"@id\":\"https:\\\/\\\/www.veltec.eu\\\/nl\\\/product\\\/schroef-kirby-koolborstel-houder-2x-nl111289\\\/\",\"url\":\"https:\\\/\\\/www.veltec.eu\\\/nl\\\/product\\\/schroef-kirby-koolborstel-houder-2x-nl111289\\\/\",\"name\":\"Sostenedor Cepillos de Carb\u00f3n Kirby incluyendo Estuches x2 - Veltec Kirby specialist\",\"isPartOf\":{\"@id\":\"https:\\\/\\\/www.veltec.eu\\\/en\\\/#website\"},\"primaryImageOfPage\":{\"@id\":\"https:\\\/\\\/www.veltec.eu\\\/nl\\\/product\\\/schroef-kirby-koolborstel-houder-2x-nl111289\\\/#primaryimage\"},\"image\":{\"@id\":\"https:\\\/\\\/www.veltec.eu\\\/nl\\\/product\\\/schroef-kirby-koolborstel-houder-2x-nl111289\\\/#primaryimage\"},\"thumbnailUrl\":\"https:\\\/\\\/www.veltec.eu\\\/wp-content\\\/uploads\\\/2018\\\/10\\\/schroef-1_1.jpg\",\"datePublished\":\"2018-10-18T14:29:03+00:00\",\"dateModified\":\"2024-12-10T08:27:54+00:00\",\"description\":\"Sostenedor Cepillos de Carb\u00f3n Kirby incluyendo Estuches x2 - Veltec es el proveedor de las aspiradoras Kirby desde hace m\u00e1s de 25 a\u00f1os.\",\"breadcrumb\":{\"@id\":\"https:\\\/\\\/www.veltec.eu\\\/nl\\\/product\\\/schroef-kirby-koolborstel-houder-2x-nl111289\\\/#breadcrumb\"},\"inLanguage\":\"es\",\"potentialAction\":[{\"@type\":\"ReadAction\",\"target\":[\"https:\\\/\\\/www.veltec.eu\\\/nl\\\/product\\\/schroef-kirby-koolborstel-houder-2x-nl111289\\\/\"]}]},{\"@type\":\"ImageObject\",\"inLanguage\":\"es\",\"@id\":\"https:\\\/\\\/www.veltec.eu\\\/nl\\\/product\\\/schroef-kirby-koolborstel-houder-2x-nl111289\\\/#primaryimage\",\"url\":\"https:\\\/\\\/www.veltec.eu\\\/wp-content\\\/uploads\\\/2018\\\/10\\\/schroef-1_1.jpg\",\"contentUrl\":\"https:\\\/\\\/www.veltec.eu\\\/wp-content\\\/uploads\\\/2018\\\/10\\\/schroef-1_1.jpg\",\"width\":300,\"height\":300},{\"@type\":\"BreadcrumbList\",\"@id\":\"https:\\\/\\\/www.veltec.eu\\\/nl\\\/product\\\/schroef-kirby-koolborstel-houder-2x-nl111289\\\/#breadcrumb\",\"itemListElement\":[{\"@type\":\"ListItem\",\"position\":1,\"name\":\"Home\",\"item\":\"https:\\\/\\\/www.veltec.eu\\\/es\\\/\"},{\"@type\":\"ListItem\",\"position\":2,\"name\":\"Produits\",\"item\":\"https:\\\/\\\/www.veltec.eu\\\/fr\\\/shop\\\/\"},{\"@type\":\"ListItem\",\"position\":3,\"name\":\"Sostenedor Cepillos de Carb\u00f3n Kirby incluyendo Estuches x2\"}]},{\"@type\":\"WebSite\",\"@id\":\"https:\\\/\\\/www.veltec.eu\\\/en\\\/#website\",\"url\":\"https:\\\/\\\/www.veltec.eu\\\/en\\\/\",\"name\":\"Veltec Kirby specialist\",\"description\":\"Kirby stofzuiger producten\",\"publisher\":{\"@id\":\"https:\\\/\\\/www.veltec.eu\\\/en\\\/#organization\"},\"potentialAction\":[{\"@type\":\"SearchAction\",\"target\":{\"@type\":\"EntryPoint\",\"urlTemplate\":\"https:\\\/\\\/www.veltec.eu\\\/en\\\/?s={search_term_string}\"},\"query-input\":{\"@type\":\"PropertyValueSpecification\",\"valueRequired\":true,\"valueName\":\"search_term_string\"}}],\"inLanguage\":\"es\"},{\"@type\":\"Organization\",\"@id\":\"https:\\\/\\\/www.veltec.eu\\\/en\\\/#organization\",\"name\":\"Veltec Kirby Specialist\",\"url\":\"https:\\\/\\\/www.veltec.eu\\\/en\\\/\",\"logo\":{\"@type\":\"ImageObject\",\"inLanguage\":\"es\",\"@id\":\"https:\\\/\\\/www.veltec.eu\\\/en\\\/#\\\/schema\\\/logo\\\/image\\\/\",\"url\":\"https:\\\/\\\/www.veltec.eu\\\/wp-content\\\/uploads\\\/2021\\\/12\\\/Veltec-log-groot-e1537260889125.png\",\"contentUrl\":\"https:\\\/\\\/www.veltec.eu\\\/wp-content\\\/uploads\\\/2021\\\/12\\\/Veltec-log-groot-e1537260889125.png\",\"width\":200,\"height\":60,\"caption\":\"Veltec Kirby Specialist\"},\"image\":{\"@id\":\"https:\\\/\\\/www.veltec.eu\\\/en\\\/#\\\/schema\\\/logo\\\/image\\\/\"},\"sameAs\":[\"https:\\\/\\\/www.facebook.com\\\/Veltec-Kirby-Specialist-236746293374877\\\/\",\"https:\\\/\\\/www.youtube.com\\\/user\\\/VeltecService\"]}]}<\/script>\n<!-- \/ Yoast SEO Premium plugin. -->","yoast_head_json":{"title":"Sostenedor Cepillos de Carb\u00f3n Kirby incluyendo Estuches x2 - Veltec Kirby specialist","description":"Sostenedor Cepillos de Carb\u00f3n Kirby incluyendo Estuches x2 - Veltec es el proveedor de las aspiradoras Kirby desde hace m\u00e1s de 25 a\u00f1os.","robots":{"index":"index","follow":"follow","max-snippet":"max-snippet:-1","max-image-preview":"max-image-preview:large","max-video-preview":"max-video-preview:-1"},"canonical":"https:\/\/www.veltec.eu\/nl\/product\/schroef-kirby-koolborstel-houder-2x-nl111289\/","og_locale":"es_ES","og_type":"article","og_title":"Sostenedor Cepillos de Carb\u00f3n Kirby incluyendo Estuches x2","og_description":"Sostenedor Cepillos de Carb\u00f3n Kirby incluyendo Estuches (x2)    En stock   Pedido antes de las 23:59, enviado ma\u00f1ana  &nbsp;","og_url":"https:\/\/www.veltec.eu\/nl\/product\/schroef-kirby-koolborstel-houder-2x-nl111289\/","og_site_name":"Veltec Kirby specialist","article_publisher":"https:\/\/www.facebook.com\/Veltec-Kirby-Specialist-236746293374877\/","article_modified_time":"2024-12-10T08:27:54+00:00","og_image":[{"width":300,"height":300,"url":"https:\/\/www.veltec.eu\/wp-content\/uploads\/2018\/10\/schroef-1_1.jpg","type":"image\/jpeg"}],"twitter_card":"summary_large_image","twitter_misc":{"Tiempo de lectura":"2 minutos"},"schema":{"@context":"https:\/\/schema.org","@graph":[{"@type":"WebPage","@id":"https:\/\/www.veltec.eu\/nl\/product\/schroef-kirby-koolborstel-houder-2x-nl111289\/","url":"https:\/\/www.veltec.eu\/nl\/product\/schroef-kirby-koolborstel-houder-2x-nl111289\/","name":"Sostenedor Cepillos de Carb\u00f3n Kirby incluyendo Estuches x2 - Veltec Kirby specialist","isPartOf":{"@id":"https:\/\/www.veltec.eu\/en\/#website"},"primaryImageOfPage":{"@id":"https:\/\/www.veltec.eu\/nl\/product\/schroef-kirby-koolborstel-houder-2x-nl111289\/#primaryimage"},"image":{"@id":"https:\/\/www.veltec.eu\/nl\/product\/schroef-kirby-koolborstel-houder-2x-nl111289\/#primaryimage"},"thumbnailUrl":"https:\/\/www.veltec.eu\/wp-content\/uploads\/2018\/10\/schroef-1_1.jpg","datePublished":"2018-10-18T14:29:03+00:00","dateModified":"2024-12-10T08:27:54+00:00","description":"Sostenedor Cepillos de Carb\u00f3n Kirby incluyendo Estuches x2 - Veltec es el proveedor de las aspiradoras Kirby desde hace m\u00e1s de 25 a\u00f1os.","breadcrumb":{"@id":"https:\/\/www.veltec.eu\/nl\/product\/schroef-kirby-koolborstel-houder-2x-nl111289\/#breadcrumb"},"inLanguage":"es","potentialAction":[{"@type":"ReadAction","target":["https:\/\/www.veltec.eu\/nl\/product\/schroef-kirby-koolborstel-houder-2x-nl111289\/"]}]},{"@type":"ImageObject","inLanguage":"es","@id":"https:\/\/www.veltec.eu\/nl\/product\/schroef-kirby-koolborstel-houder-2x-nl111289\/#primaryimage","url":"https:\/\/www.veltec.eu\/wp-content\/uploads\/2018\/10\/schroef-1_1.jpg","contentUrl":"https:\/\/www.veltec.eu\/wp-content\/uploads\/2018\/10\/schroef-1_1.jpg","width":300,"height":300},{"@type":"BreadcrumbList","@id":"https:\/\/www.veltec.eu\/nl\/product\/schroef-kirby-koolborstel-houder-2x-nl111289\/#breadcrumb","itemListElement":[{"@type":"ListItem","position":1,"name":"Home","item":"https:\/\/www.veltec.eu\/es\/"},{"@type":"ListItem","position":2,"name":"Produits","item":"https:\/\/www.veltec.eu\/fr\/shop\/"},{"@type":"ListItem","position":3,"name":"Sostenedor Cepillos de Carb\u00f3n Kirby incluyendo Estuches x2"}]},{"@type":"WebSite","@id":"https:\/\/www.veltec.eu\/en\/#website","url":"https:\/\/www.veltec.eu\/en\/","name":"Veltec Kirby specialist","description":"Kirby stofzuiger producten","publisher":{"@id":"https:\/\/www.veltec.eu\/en\/#organization"},"potentialAction":[{"@type":"SearchAction","target":{"@type":"EntryPoint","urlTemplate":"https:\/\/www.veltec.eu\/en\/?s={search_term_string}"},"query-input":{"@type":"PropertyValueSpecification","valueRequired":true,"valueName":"search_term_string"}}],"inLanguage":"es"},{"@type":"Organization","@id":"https:\/\/www.veltec.eu\/en\/#organization","name":"Veltec Kirby Specialist","url":"https:\/\/www.veltec.eu\/en\/","logo":{"@type":"ImageObject","inLanguage":"es","@id":"https:\/\/www.veltec.eu\/en\/#\/schema\/logo\/image\/","url":"https:\/\/www.veltec.eu\/wp-content\/uploads\/2021\/12\/Veltec-log-groot-e1537260889125.png","contentUrl":"https:\/\/www.veltec.eu\/wp-content\/uploads\/2021\/12\/Veltec-log-groot-e1537260889125.png","width":200,"height":60,"caption":"Veltec Kirby Specialist"},"image":{"@id":"https:\/\/www.veltec.eu\/en\/#\/schema\/logo\/image\/"},"sameAs":["https:\/\/www.facebook.com\/Veltec-Kirby-Specialist-236746293374877\/","https:\/\/www.youtube.com\/user\/VeltecService"]}]}},"_links":{"self":[{"href":"https:\/\/www.veltec.eu\/es\/wp-json\/wp\/v2\/product\/11637","targetHints":{"allow":["GET"]}}],"collection":[{"href":"https:\/\/www.veltec.eu\/es\/wp-json\/wp\/v2\/product"}],"about":[{"href":"https:\/\/www.veltec.eu\/es\/wp-json\/wp\/v2\/types\/product"}],"replies":[{"embeddable":true,"href":"https:\/\/www.veltec.eu\/es\/wp-json\/wp\/v2\/comments?post=11637"}],"wp:featuredmedia":[{"embeddable":true,"href":"https:\/\/www.veltec.eu\/es\/wp-json\/wp\/v2\/media\/6742"}],"wp:attachment":[{"href":"https:\/\/www.veltec.eu\/es\/wp-json\/wp\/v2\/media?parent=11637"}],"wp:term":[{"taxonomy":"product_brand","embeddable":true,"href":"https:\/\/www.veltec.eu\/es\/wp-json\/wp\/v2\/product_brand?post=11637"},{"taxonomy":"product_cat","embeddable":true,"href":"https:\/\/www.veltec.eu\/es\/wp-json\/wp\/v2\/product_cat?post=11637"},{"taxonomy":"product_tag","embeddable":true,"href":"https:\/\/www.veltec.eu\/es\/wp-json\/wp\/v2\/product_tag?post=11637"}],"curies":[{"name":"wp","href":"https:\/\/api.w.org\/{rel}","templated":true}]}}