{"id":11632,"date":"2018-10-18T16:33:35","date_gmt":"2018-10-18T14:33:35","guid":{"rendered":"https:\/\/www.veltec.eu\/kirby-webshop\/borgring-kirby-lager-voor-nl334562\/"},"modified":"2025-04-22T11:28:28","modified_gmt":"2025-04-22T09:28:28","slug":"arandela-de-seguridad-cojinete-frontal-kirby-nl334562","status":"publish","type":"product","link":"https:\/\/www.veltec.eu\/es\/product\/arandela-de-seguridad-cojinete-frontal-kirby-nl334562\/","title":{"rendered":"Arandela de seguridad Cojinete frontal Kirby"},"content":{"rendered":"<h1>Arandela de seguridad Cojinete frontal Kirby<\/h1>\n<p>Arandela de seguridad Cojinete frontal Kirby<\/p>\n<p><strong>Este producto es adecuado para los tipos:<\/strong><\/p>\n<ul>\n<li>Avalir Platinum<\/li>\n<li>Avalir 2<\/li>\n<li>Avalir 1<\/li>\n<li>Sentria 2 (G10D)<\/li>\n<li>Sentria 1 (G10)<\/li>\n<li>Ultimate G Diamond Ed.(G7D or DE)<\/li>\n<li>Ultimate G (G7 or UG)<\/li>\n<li>Generation 6 (G6)<\/li>\n<li>Generation 5 (G5)<\/li>\n<li>Generation 4 (G4)<\/li>\n<li>Generation 3 (G3)<\/li>\n<\/ul>\n<h2>Arandela de seguridad Cojinete frontal Kirby &#8211; La soluci\u00f3n ideal para su aspiradora Kirby<\/h2>\n<p>\u00bfEst\u00e1 buscando una forma fiable de mantener el cojinete delantero de su aspiradora Kirby firmemente en su sitio? El <strong>anillo de bloqueo<\/strong> ofrece la soluci\u00f3n perfecta. Esta pieza peque\u00f1a pero esencial garantiza que el cojinete delantero permanezca bien sujeto y evita que su aspiradora sufra da\u00f1os innecesarios. Apto para todos los modelos Kirby, este anillo de bloqueo es una pieza indispensable para que su aspiradora funcione sin problemas.<\/p>\n<p>Aqu\u00ed puede encontrar todas las <a href=\"https:\/\/www.veltec.eu\/es\/?page_id=59351\">piezas de motor Kirby<\/a><\/p>\n<h3>\u00bfPor qu\u00e9 elegir el anillo de bloqueo?<\/h3>\n<p>Con el anillo de <strong>bloqueo<\/strong> obtendr\u00e1 un producto especialmente dise\u00f1ado para ofrecer durabilidad y fiabilidad. Este anillo de bloqueo est\u00e1 fabricado con material de alta calidad, lo que significa que puede soportar el desgaste y el uso a largo plazo. Como resultado, no tendr\u00e1 que preocuparse por una sustituci\u00f3n r\u00e1pida. Adem\u00e1s, el anillo de bloqueo es universalmente adecuado para cualquier tipo de aspiradora Kirby.<\/p>\n<h4>Las ventajas de un vistazo:<\/h4>\n<ul>\n<li><strong>De aplicaci\u00f3n universal<\/strong>: Apto para todos los modelos de aspiradora Kirby.<\/li>\n<li><strong>Material duradero<\/strong>: Fabricado para un uso prolongado.<\/li>\n<li><strong>F\u00e1cil instalaci\u00f3n<\/strong>: R\u00e1pido y f\u00e1cil de sustituir por uno mismo.<\/li>\n<li><strong>Protecci\u00f3n del cojinete delantero<\/strong>: Evita el desgaste y los da\u00f1os innecesarios.<\/li>\n<\/ul>\n<h2>\u00bfC\u00f3mo se utiliza el Arandela de seguridad Cojinete frontal Kirby?<\/h2>\n<p>La instalaci\u00f3n del Lock <strong>Ring<\/strong> es f\u00e1cil y puede realizarse sin herramientas especiales. Simplemente siga el manual de su aspiradora Kirby para llegar al cojinete delantero. Coloque el anillo de bloqueo firmemente en su lugar y su aspiradora estar\u00e1 de nuevo lista para un uso \u00f3ptimo.<\/p>\n<h3>Conclusi\u00f3n: opte por la calidad y la durabilidad<\/h3>\n<p>Si desea prolongar la vida \u00fatil de su aspiradora Kirby, el anillo de <strong>bloqueo<\/strong> es una inversi\u00f3n indispensable. No s\u00f3lo ofrece un bloqueo fiable del cojinete delantero, sino que tambi\u00e9n garantiza que su aspiradora se mantenga en las mejores condiciones durante m\u00e1s tiempo. P\u00eddalo hoy mismo y disfrute de las ventajas de una aspiradora sin problemas.<\/p>\n","protected":false},"excerpt":{"rendered":"<p>Arandela de seguridad Cojinete frontal Kirby.<\/p>\n[trustindex data-widget-id=48bbd87242952812953642309d4]\n<h3><span style=\"color: #008000;\"><br \/>\nEn stock<\/span><\/h3>\n[av_font_icon icon='ue812' font='entypo-fontello' style='' caption='' size='25px' position='left' color='#43ad66' link='' linktarget='' title_attr='' sonar_effect_effect='' sonar_effect_color='' sonar_effect_duration='1' sonar_effect_scale='' sonar_effect_opac='0.5' animation='' id='' custom_class='' template_class='' av_uid='' sc_version='1.0' admin_preview_bg=''][\/av_font_icon]\n<p><span style=\"color: #008000;\">Pedido antes de las 23:59, enviado ma\u00f1ana<\/span><\/p>\n<p>&nbsp;<\/p>\n","protected":false},"featured_media":6750,"comment_status":"open","ping_status":"closed","template":"","meta":{"_acf_changed":false},"product_brand":[],"product_cat":[362],"product_tag":[],"class_list":{"0":"post-11632","1":"product","2":"type-product","3":"status-publish","4":"has-post-thumbnail","6":"product_cat-partes-para-motor-kirby","7":"product_shipping_class-klein-es","9":"first","10":"instock","11":"taxable","12":"shipping-taxable","13":"purchasable","14":"product-type-simple"},"acf":[],"yoast_head":"<!-- This site is optimized with the Yoast SEO Premium plugin v27.1 (Yoast SEO v27.5) - https:\/\/yoast.com\/product\/yoast-seo-premium-wordpress\/ -->\n<title>Arandela de seguridad Cojinete frontal Kirby - Veltec Kirby specialist<\/title>\n<meta name=\"description\" content=\"Arandela de seguridad Cojinete frontal Kirby Veltec es el proveedor de las aspiradoras Kirby desde hace m\u00e1s de 25 a\u00f1os. Veltec.\" \/>\n<meta name=\"robots\" content=\"index, follow, max-snippet:-1, max-image-preview:large, max-video-preview:-1\" \/>\n<link rel=\"canonical\" href=\"https:\/\/www.veltec.eu\/es\/product\/arandela-de-seguridad-cojinete-frontal-kirby-nl334562\/\" \/>\n<meta property=\"og:locale\" content=\"es_ES\" \/>\n<meta property=\"og:type\" content=\"article\" \/>\n<meta property=\"og:title\" content=\"Arandela de seguridad Cojinete frontal Kirby\" \/>\n<meta property=\"og:description\" content=\"Arandela de seguridad Cojinete frontal Kirby.    En stock   Pedido antes de las 23:59, enviado ma\u00f1ana  &nbsp;\" \/>\n<meta property=\"og:url\" content=\"https:\/\/www.veltec.eu\/es\/product\/arandela-de-seguridad-cojinete-frontal-kirby-nl334562\/\" \/>\n<meta property=\"og:site_name\" content=\"Veltec Kirby specialist\" \/>\n<meta property=\"article:publisher\" content=\"https:\/\/www.facebook.com\/Veltec-Kirby-Specialist-236746293374877\/\" \/>\n<meta property=\"article:modified_time\" content=\"2025-04-22T09:28:28+00:00\" \/>\n<meta property=\"og:image\" content=\"https:\/\/www.veltec.eu\/wp-content\/uploads\/2018\/10\/Kirby-borgring.jpg\" \/>\n\t<meta property=\"og:image:width\" content=\"300\" \/>\n\t<meta property=\"og:image:height\" content=\"300\" \/>\n\t<meta property=\"og:image:type\" content=\"image\/jpeg\" \/>\n<meta name=\"twitter:card\" content=\"summary_large_image\" \/>\n<meta name=\"twitter:label1\" content=\"Tiempo de lectura\" \/>\n\t<meta name=\"twitter:data1\" content=\"2 minutos\" \/>\n<script type=\"application\/ld+json\" class=\"yoast-schema-graph\">{\"@context\":\"https:\\\/\\\/schema.org\",\"@graph\":[{\"@type\":\"WebPage\",\"@id\":\"https:\\\/\\\/www.veltec.eu\\\/es\\\/product\\\/arandela-de-seguridad-cojinete-frontal-kirby-nl334562\\\/\",\"url\":\"https:\\\/\\\/www.veltec.eu\\\/es\\\/product\\\/arandela-de-seguridad-cojinete-frontal-kirby-nl334562\\\/\",\"name\":\"Arandela de seguridad Cojinete frontal Kirby - Veltec Kirby specialist\",\"isPartOf\":{\"@id\":\"https:\\\/\\\/www.veltec.eu\\\/en\\\/#website\"},\"primaryImageOfPage\":{\"@id\":\"https:\\\/\\\/www.veltec.eu\\\/es\\\/product\\\/arandela-de-seguridad-cojinete-frontal-kirby-nl334562\\\/#primaryimage\"},\"image\":{\"@id\":\"https:\\\/\\\/www.veltec.eu\\\/es\\\/product\\\/arandela-de-seguridad-cojinete-frontal-kirby-nl334562\\\/#primaryimage\"},\"thumbnailUrl\":\"https:\\\/\\\/www.veltec.eu\\\/wp-content\\\/uploads\\\/2018\\\/10\\\/Kirby-borgring.jpg\",\"datePublished\":\"2018-10-18T14:33:35+00:00\",\"dateModified\":\"2025-04-22T09:28:28+00:00\",\"description\":\"Arandela de seguridad Cojinete frontal Kirby Veltec es el proveedor de las aspiradoras Kirby desde hace m\u00e1s de 25 a\u00f1os. Veltec.\",\"breadcrumb\":{\"@id\":\"https:\\\/\\\/www.veltec.eu\\\/es\\\/product\\\/arandela-de-seguridad-cojinete-frontal-kirby-nl334562\\\/#breadcrumb\"},\"inLanguage\":\"es\",\"potentialAction\":[{\"@type\":\"ReadAction\",\"target\":[\"https:\\\/\\\/www.veltec.eu\\\/es\\\/product\\\/arandela-de-seguridad-cojinete-frontal-kirby-nl334562\\\/\"]}]},{\"@type\":\"ImageObject\",\"inLanguage\":\"es\",\"@id\":\"https:\\\/\\\/www.veltec.eu\\\/es\\\/product\\\/arandela-de-seguridad-cojinete-frontal-kirby-nl334562\\\/#primaryimage\",\"url\":\"https:\\\/\\\/www.veltec.eu\\\/wp-content\\\/uploads\\\/2018\\\/10\\\/Kirby-borgring.jpg\",\"contentUrl\":\"https:\\\/\\\/www.veltec.eu\\\/wp-content\\\/uploads\\\/2018\\\/10\\\/Kirby-borgring.jpg\",\"width\":300,\"height\":300,\"caption\":\"Arandela de seguridad Cojinete frontal Kirby\"},{\"@type\":\"BreadcrumbList\",\"@id\":\"https:\\\/\\\/www.veltec.eu\\\/es\\\/product\\\/arandela-de-seguridad-cojinete-frontal-kirby-nl334562\\\/#breadcrumb\",\"itemListElement\":[{\"@type\":\"ListItem\",\"position\":1,\"name\":\"Home\",\"item\":\"https:\\\/\\\/www.veltec.eu\\\/es\\\/pagina-de-inicio\\\/\"},{\"@type\":\"ListItem\",\"position\":2,\"name\":\"Tienda Kirby\",\"item\":\"https:\\\/\\\/www.veltec.eu\\\/es\\\/tienda-kirby\\\/\"},{\"@type\":\"ListItem\",\"position\":3,\"name\":\"Arandela de seguridad Cojinete frontal Kirby\"}]},{\"@type\":\"WebSite\",\"@id\":\"https:\\\/\\\/www.veltec.eu\\\/en\\\/#website\",\"url\":\"https:\\\/\\\/www.veltec.eu\\\/en\\\/\",\"name\":\"Veltec Kirby specialist\",\"description\":\"Kirby stofzuiger producten\",\"publisher\":{\"@id\":\"https:\\\/\\\/www.veltec.eu\\\/en\\\/#organization\"},\"potentialAction\":[{\"@type\":\"SearchAction\",\"target\":{\"@type\":\"EntryPoint\",\"urlTemplate\":\"https:\\\/\\\/www.veltec.eu\\\/en\\\/?s={search_term_string}\"},\"query-input\":{\"@type\":\"PropertyValueSpecification\",\"valueRequired\":true,\"valueName\":\"search_term_string\"}}],\"inLanguage\":\"es\"},{\"@type\":\"Organization\",\"@id\":\"https:\\\/\\\/www.veltec.eu\\\/en\\\/#organization\",\"name\":\"Veltec Kirby Specialist\",\"url\":\"https:\\\/\\\/www.veltec.eu\\\/en\\\/\",\"logo\":{\"@type\":\"ImageObject\",\"inLanguage\":\"es\",\"@id\":\"https:\\\/\\\/www.veltec.eu\\\/en\\\/#\\\/schema\\\/logo\\\/image\\\/\",\"url\":\"https:\\\/\\\/www.veltec.eu\\\/wp-content\\\/uploads\\\/2021\\\/12\\\/Veltec-log-groot-e1537260889125.png\",\"contentUrl\":\"https:\\\/\\\/www.veltec.eu\\\/wp-content\\\/uploads\\\/2021\\\/12\\\/Veltec-log-groot-e1537260889125.png\",\"width\":200,\"height\":60,\"caption\":\"Veltec Kirby Specialist\"},\"image\":{\"@id\":\"https:\\\/\\\/www.veltec.eu\\\/en\\\/#\\\/schema\\\/logo\\\/image\\\/\"},\"sameAs\":[\"https:\\\/\\\/www.facebook.com\\\/Veltec-Kirby-Specialist-236746293374877\\\/\",\"https:\\\/\\\/www.youtube.com\\\/user\\\/VeltecService\"]}]}<\/script>\n<!-- \/ Yoast SEO Premium plugin. -->","yoast_head_json":{"title":"Arandela de seguridad Cojinete frontal Kirby - Veltec Kirby specialist","description":"Arandela de seguridad Cojinete frontal Kirby Veltec es el proveedor de las aspiradoras Kirby desde hace m\u00e1s de 25 a\u00f1os. Veltec.","robots":{"index":"index","follow":"follow","max-snippet":"max-snippet:-1","max-image-preview":"max-image-preview:large","max-video-preview":"max-video-preview:-1"},"canonical":"https:\/\/www.veltec.eu\/es\/product\/arandela-de-seguridad-cojinete-frontal-kirby-nl334562\/","og_locale":"es_ES","og_type":"article","og_title":"Arandela de seguridad Cojinete frontal Kirby","og_description":"Arandela de seguridad Cojinete frontal Kirby.    En stock   Pedido antes de las 23:59, enviado ma\u00f1ana  &nbsp;","og_url":"https:\/\/www.veltec.eu\/es\/product\/arandela-de-seguridad-cojinete-frontal-kirby-nl334562\/","og_site_name":"Veltec Kirby specialist","article_publisher":"https:\/\/www.facebook.com\/Veltec-Kirby-Specialist-236746293374877\/","article_modified_time":"2025-04-22T09:28:28+00:00","og_image":[{"width":300,"height":300,"url":"https:\/\/www.veltec.eu\/wp-content\/uploads\/2018\/10\/Kirby-borgring.jpg","type":"image\/jpeg"}],"twitter_card":"summary_large_image","twitter_misc":{"Tiempo de lectura":"2 minutos"},"schema":{"@context":"https:\/\/schema.org","@graph":[{"@type":"WebPage","@id":"https:\/\/www.veltec.eu\/es\/product\/arandela-de-seguridad-cojinete-frontal-kirby-nl334562\/","url":"https:\/\/www.veltec.eu\/es\/product\/arandela-de-seguridad-cojinete-frontal-kirby-nl334562\/","name":"Arandela de seguridad Cojinete frontal Kirby - Veltec Kirby specialist","isPartOf":{"@id":"https:\/\/www.veltec.eu\/en\/#website"},"primaryImageOfPage":{"@id":"https:\/\/www.veltec.eu\/es\/product\/arandela-de-seguridad-cojinete-frontal-kirby-nl334562\/#primaryimage"},"image":{"@id":"https:\/\/www.veltec.eu\/es\/product\/arandela-de-seguridad-cojinete-frontal-kirby-nl334562\/#primaryimage"},"thumbnailUrl":"https:\/\/www.veltec.eu\/wp-content\/uploads\/2018\/10\/Kirby-borgring.jpg","datePublished":"2018-10-18T14:33:35+00:00","dateModified":"2025-04-22T09:28:28+00:00","description":"Arandela de seguridad Cojinete frontal Kirby Veltec es el proveedor de las aspiradoras Kirby desde hace m\u00e1s de 25 a\u00f1os. Veltec.","breadcrumb":{"@id":"https:\/\/www.veltec.eu\/es\/product\/arandela-de-seguridad-cojinete-frontal-kirby-nl334562\/#breadcrumb"},"inLanguage":"es","potentialAction":[{"@type":"ReadAction","target":["https:\/\/www.veltec.eu\/es\/product\/arandela-de-seguridad-cojinete-frontal-kirby-nl334562\/"]}]},{"@type":"ImageObject","inLanguage":"es","@id":"https:\/\/www.veltec.eu\/es\/product\/arandela-de-seguridad-cojinete-frontal-kirby-nl334562\/#primaryimage","url":"https:\/\/www.veltec.eu\/wp-content\/uploads\/2018\/10\/Kirby-borgring.jpg","contentUrl":"https:\/\/www.veltec.eu\/wp-content\/uploads\/2018\/10\/Kirby-borgring.jpg","width":300,"height":300,"caption":"Arandela de seguridad Cojinete frontal Kirby"},{"@type":"BreadcrumbList","@id":"https:\/\/www.veltec.eu\/es\/product\/arandela-de-seguridad-cojinete-frontal-kirby-nl334562\/#breadcrumb","itemListElement":[{"@type":"ListItem","position":1,"name":"Home","item":"https:\/\/www.veltec.eu\/es\/pagina-de-inicio\/"},{"@type":"ListItem","position":2,"name":"Tienda Kirby","item":"https:\/\/www.veltec.eu\/es\/tienda-kirby\/"},{"@type":"ListItem","position":3,"name":"Arandela de seguridad Cojinete frontal Kirby"}]},{"@type":"WebSite","@id":"https:\/\/www.veltec.eu\/en\/#website","url":"https:\/\/www.veltec.eu\/en\/","name":"Veltec Kirby specialist","description":"Kirby stofzuiger producten","publisher":{"@id":"https:\/\/www.veltec.eu\/en\/#organization"},"potentialAction":[{"@type":"SearchAction","target":{"@type":"EntryPoint","urlTemplate":"https:\/\/www.veltec.eu\/en\/?s={search_term_string}"},"query-input":{"@type":"PropertyValueSpecification","valueRequired":true,"valueName":"search_term_string"}}],"inLanguage":"es"},{"@type":"Organization","@id":"https:\/\/www.veltec.eu\/en\/#organization","name":"Veltec Kirby Specialist","url":"https:\/\/www.veltec.eu\/en\/","logo":{"@type":"ImageObject","inLanguage":"es","@id":"https:\/\/www.veltec.eu\/en\/#\/schema\/logo\/image\/","url":"https:\/\/www.veltec.eu\/wp-content\/uploads\/2021\/12\/Veltec-log-groot-e1537260889125.png","contentUrl":"https:\/\/www.veltec.eu\/wp-content\/uploads\/2021\/12\/Veltec-log-groot-e1537260889125.png","width":200,"height":60,"caption":"Veltec Kirby Specialist"},"image":{"@id":"https:\/\/www.veltec.eu\/en\/#\/schema\/logo\/image\/"},"sameAs":["https:\/\/www.facebook.com\/Veltec-Kirby-Specialist-236746293374877\/","https:\/\/www.youtube.com\/user\/VeltecService"]}]}},"_links":{"self":[{"href":"https:\/\/www.veltec.eu\/es\/wp-json\/wp\/v2\/product\/11632","targetHints":{"allow":["GET"]}}],"collection":[{"href":"https:\/\/www.veltec.eu\/es\/wp-json\/wp\/v2\/product"}],"about":[{"href":"https:\/\/www.veltec.eu\/es\/wp-json\/wp\/v2\/types\/product"}],"replies":[{"embeddable":true,"href":"https:\/\/www.veltec.eu\/es\/wp-json\/wp\/v2\/comments?post=11632"}],"wp:featuredmedia":[{"embeddable":true,"href":"https:\/\/www.veltec.eu\/es\/wp-json\/wp\/v2\/media\/6750"}],"wp:attachment":[{"href":"https:\/\/www.veltec.eu\/es\/wp-json\/wp\/v2\/media?parent=11632"}],"wp:term":[{"taxonomy":"product_brand","embeddable":true,"href":"https:\/\/www.veltec.eu\/es\/wp-json\/wp\/v2\/product_brand?post=11632"},{"taxonomy":"product_cat","embeddable":true,"href":"https:\/\/www.veltec.eu\/es\/wp-json\/wp\/v2\/product_cat?post=11632"},{"taxonomy":"product_tag","embeddable":true,"href":"https:\/\/www.veltec.eu\/es\/wp-json\/wp\/v2\/product_tag?post=11632"}],"curies":[{"name":"wp","href":"https:\/\/api.w.org\/{rel}","templated":true}]}}