{"id":11626,"date":"2018-10-18T16:38:31","date_gmt":"2018-10-18T14:38:31","guid":{"rendered":"https:\/\/www.veltec.eu\/kirby-webshop\/ringveer-achterkant-motorhuis-nl66666\/"},"modified":"2024-12-09T17:40:36","modified_gmt":"2024-12-09T15:40:36","slug":"anillo-elastico-de-motor-electrico","status":"publish","type":"product","link":"https:\/\/www.veltec.eu\/es\/product\/anillo-elastico-de-motor-electrico\/","title":{"rendered":"Anillo el\u00e1stico de motor el\u00e9ctrico"},"content":{"rendered":"<h1>Anillo el\u00e1stico de motor el\u00e9ctrico<\/h1>\n<p>Anillo el\u00e1stico de motor el\u00e9ctrico<\/p>\n<p><strong>Este producto es adecuado para los tipos:<\/strong><\/p>\n<ul>\n<li>Avalir Platinum<\/li>\n<li>Avalir 2<\/li>\n<li>Avalir 1<\/li>\n<li>Sentria 2 (G10D)<\/li>\n<li>Sentria 1 (G10)<\/li>\n<li>Ultimate G Diamond Ed.(G7D or DE)<\/li>\n<li>Ultimate G (G7 or UG)<\/li>\n<li>Generation 6 (G6)<\/li>\n<li>Generation 5 (G5)<\/li>\n<li>Generation 4 (G4)<\/li>\n<li>Generation 3 (G3)<\/li>\n<\/ul>\n<h2>Anillo el\u00e1stico de motor el\u00e9ctrico &#8211; Para todas las aspiradoras Kirby<\/h2>\n<p>El <strong>muelle<\/strong> anular de la carcasa del motor trasero es una pieza esencial para el correcto funcionamiento de una aspiradora Kirby. Tambi\u00e9n conocido como el resorte de dedo del cojinete trasero, este resorte asegura que el cojinete trasero permanezca firmemente en su lugar entre el cojinete trasero y la carcasa del motor. De este modo, su aspiradora funcionar\u00e1 de forma suave y eficaz. Este producto es adecuado para <strong>todos los tipos de aspiradoras Kirby<\/strong> y contribuye a prolongar la vida \u00fatil de su aparato.<\/p>\n<p>Aqu\u00ed encontrar\u00e1 todas las <a href=\"https:\/\/www.veltec.eu\/es\/categorie\/partes-para-motor-kirby\/\">piezas del motor Kirby<\/a>.<\/p>\n<h3>Por qu\u00e9 la Anillo el\u00e1stico de motor el\u00e9ctrico es indispensable<\/h3>\n<p>Una aspiradora Kirby que funcione bien necesita un motor fuerte y estable. El muelle <strong>anular<\/strong> desempe\u00f1a un papel crucial en este sentido, ya que:<\/p>\n<ul>\n<li>Asegura la correcta fijaci\u00f3n del cojinete trasero.<\/li>\n<li>Evita el desgaste y los da\u00f1os debidos a la fricci\u00f3n.<\/li>\n<li>Contribuye al funcionamiento silencioso y suave de su aspiradora.<\/li>\n<\/ul>\n<p>\u00bfSufre un traqueteo del motor o una succi\u00f3n menos potente? Entonces sustituir el <strong>muelle anular del cojinete<\/strong> trasero puede ser la soluci\u00f3n.<\/p>\n<h3>Adecuado para todo tipo de aspiradoras Kirby<\/h3>\n<p>Tanto si tiene una aspiradora Kirby de modelo antiguo como una de las versiones m\u00e1s recientes, este muelle de <strong>anillo<\/strong> se adapta perfectamente. Al utilizar materiales de alta calidad, el muelle es resistente al desgaste y al uso intensivo. Adem\u00e1s, la instalaci\u00f3n es f\u00e1cil incluso si no tiene experiencia t\u00e9cnica.<\/p>\n<h3>Ventajas de sustituir el muelle anular<\/h3>\n<p>Sustituir el muelle anular a tiempo tiene varias ventajas:<\/p>\n<ol>\n<li><strong>Eficacia<\/strong>: Su aspiradora volver\u00e1 a funcionar de forma \u00f3ptima y aspirar\u00e1 la suciedad con potencia.<\/li>\n<li><strong>Durabilidad<\/strong>: Evita da\u00f1os mayores en otras piezas.<\/li>\n<li><strong>Ahorro de costes<\/strong>: Al realizar una peque\u00f1a reparaci\u00f3n, evita costosas sustituciones de piezas m\u00e1s grandes.<\/li>\n<\/ol>\n<h3>Pida hoy mismo la Anillo el\u00e1stico de motor el\u00e9ctrico<\/h3>\n<p>No lo dude m\u00e1s y d\u00e9 a su aspiradora Kirby el cuidado que se merece. Con este muelle anular alargar\u00e1 la vida de su aparato y volver\u00e1 a disfrutar de un potente rendimiento. <strong>\u00a1P\u00eddalo ahora y experimente la diferencia!<\/strong><\/p>\n<p>Con el <strong>muelle anular<\/strong> puede estar seguro de que su aspiradora Kirby funcionar\u00e1 siempre a pleno rendimiento.<\/p>\n","protected":false},"excerpt":{"rendered":"<p>Anillo el\u00e1stico de motor el\u00e9ctrico.<\/p>\n[trustindex data-widget-id=48bbd87242952812953642309d4]\n<h3><span style=\"color: #008000;\"><br \/>\nEn stock<\/span><\/h3>\n[av_font_icon icon='ue812' font='entypo-fontello' style='' caption='' size='25px' position='left' color='#43ad66' link='' linktarget='' title_attr='' sonar_effect_effect='' sonar_effect_color='' sonar_effect_duration='1' sonar_effect_scale='' sonar_effect_opac='0.5' animation='' id='' custom_class='' template_class='' av_uid='' sc_version='1.0' admin_preview_bg=''][\/av_font_icon]\n<p><span style=\"color: #008000;\">Pedido antes de las 23:59, enviado ma\u00f1ana<\/span><\/p>\n<p>&nbsp;<\/p>\n","protected":false},"featured_media":91579,"comment_status":"open","ping_status":"closed","template":"","meta":[],"product_brand":[],"product_cat":[362],"product_tag":[],"class_list":{"0":"post-11626","1":"product","2":"type-product","3":"status-publish","4":"has-post-thumbnail","6":"product_cat-partes-para-motor-kirby","7":"product_shipping_class-klein-es","9":"first","10":"instock","11":"taxable","12":"shipping-taxable","13":"purchasable","14":"product-type-simple"},"yoast_head":"<!-- This site is optimized with the Yoast SEO Premium plugin v27.1 (Yoast SEO v27.4) - https:\/\/yoast.com\/product\/yoast-seo-premium-wordpress\/ -->\n<title>Anillo el\u00e1stico de motor el\u00e9ctrico - Veltec Kirby specialist<\/title>\n<meta name=\"description\" content=\"Anillo el\u00e1stico de motor el\u00e9ctrico - Veltec es el proveedor de las aspiradoras Kirby desde hace m\u00e1s de 25 a\u00f1os. Y es su especialista\" \/>\n<meta name=\"robots\" content=\"index, follow, max-snippet:-1, max-image-preview:large, max-video-preview:-1\" \/>\n<link rel=\"canonical\" href=\"https:\/\/www.veltec.eu\/es\/product\/anillo-elastico-de-motor-electrico\/\" \/>\n<meta property=\"og:locale\" content=\"es_ES\" \/>\n<meta property=\"og:type\" content=\"article\" \/>\n<meta property=\"og:title\" content=\"Anillo el\u00e1stico de motor el\u00e9ctrico\" \/>\n<meta property=\"og:description\" content=\"Anillo el\u00e1stico de motor el\u00e9ctrico.    En stock   Pedido antes de las 23:59, enviado ma\u00f1ana  &nbsp;\" \/>\n<meta property=\"og:url\" content=\"https:\/\/www.veltec.eu\/es\/product\/anillo-elastico-de-motor-electrico\/\" \/>\n<meta property=\"og:site_name\" content=\"Veltec Kirby specialist\" \/>\n<meta property=\"article:publisher\" content=\"https:\/\/www.facebook.com\/Veltec-Kirby-Specialist-236746293374877\/\" \/>\n<meta property=\"article:modified_time\" content=\"2024-12-09T15:40:36+00:00\" \/>\n<meta property=\"og:image\" content=\"https:\/\/www.veltec.eu\/wp-content\/uploads\/2018\/10\/Kirby-springveer.jpg\" \/>\n\t<meta property=\"og:image:width\" content=\"600\" \/>\n\t<meta property=\"og:image:height\" content=\"600\" \/>\n\t<meta property=\"og:image:type\" content=\"image\/jpeg\" \/>\n<meta name=\"twitter:card\" content=\"summary_large_image\" \/>\n<meta name=\"twitter:label1\" content=\"Tiempo de lectura\" \/>\n\t<meta name=\"twitter:data1\" content=\"3 minutos\" \/>\n<script type=\"application\/ld+json\" class=\"yoast-schema-graph\">{\"@context\":\"https:\\\/\\\/schema.org\",\"@graph\":[{\"@type\":\"WebPage\",\"@id\":\"https:\\\/\\\/www.veltec.eu\\\/es\\\/product\\\/anillo-elastico-de-motor-electrico\\\/\",\"url\":\"https:\\\/\\\/www.veltec.eu\\\/es\\\/product\\\/anillo-elastico-de-motor-electrico\\\/\",\"name\":\"Anillo el\u00e1stico de motor el\u00e9ctrico - Veltec Kirby specialist\",\"isPartOf\":{\"@id\":\"https:\\\/\\\/www.veltec.eu\\\/en\\\/#website\"},\"primaryImageOfPage\":{\"@id\":\"https:\\\/\\\/www.veltec.eu\\\/es\\\/product\\\/anillo-elastico-de-motor-electrico\\\/#primaryimage\"},\"image\":{\"@id\":\"https:\\\/\\\/www.veltec.eu\\\/es\\\/product\\\/anillo-elastico-de-motor-electrico\\\/#primaryimage\"},\"thumbnailUrl\":\"https:\\\/\\\/www.veltec.eu\\\/wp-content\\\/uploads\\\/2018\\\/10\\\/Kirby-springveer.jpg\",\"datePublished\":\"2018-10-18T14:38:31+00:00\",\"dateModified\":\"2024-12-09T15:40:36+00:00\",\"description\":\"Anillo el\u00e1stico de motor el\u00e9ctrico - Veltec es el proveedor de las aspiradoras Kirby desde hace m\u00e1s de 25 a\u00f1os. Y es su especialista\",\"breadcrumb\":{\"@id\":\"https:\\\/\\\/www.veltec.eu\\\/es\\\/product\\\/anillo-elastico-de-motor-electrico\\\/#breadcrumb\"},\"inLanguage\":\"es\",\"potentialAction\":[{\"@type\":\"ReadAction\",\"target\":[\"https:\\\/\\\/www.veltec.eu\\\/es\\\/product\\\/anillo-elastico-de-motor-electrico\\\/\"]}]},{\"@type\":\"ImageObject\",\"inLanguage\":\"es\",\"@id\":\"https:\\\/\\\/www.veltec.eu\\\/es\\\/product\\\/anillo-elastico-de-motor-electrico\\\/#primaryimage\",\"url\":\"https:\\\/\\\/www.veltec.eu\\\/wp-content\\\/uploads\\\/2018\\\/10\\\/Kirby-springveer.jpg\",\"contentUrl\":\"https:\\\/\\\/www.veltec.eu\\\/wp-content\\\/uploads\\\/2018\\\/10\\\/Kirby-springveer.jpg\",\"width\":600,\"height\":600},{\"@type\":\"BreadcrumbList\",\"@id\":\"https:\\\/\\\/www.veltec.eu\\\/es\\\/product\\\/anillo-elastico-de-motor-electrico\\\/#breadcrumb\",\"itemListElement\":[{\"@type\":\"ListItem\",\"position\":1,\"name\":\"Home\",\"item\":\"https:\\\/\\\/www.veltec.eu\\\/es\\\/\"},{\"@type\":\"ListItem\",\"position\":2,\"name\":\"Produits\",\"item\":\"https:\\\/\\\/www.veltec.eu\\\/fr\\\/shop\\\/\"},{\"@type\":\"ListItem\",\"position\":3,\"name\":\"Anillo el\u00e1stico de motor el\u00e9ctrico\"}]},{\"@type\":\"WebSite\",\"@id\":\"https:\\\/\\\/www.veltec.eu\\\/en\\\/#website\",\"url\":\"https:\\\/\\\/www.veltec.eu\\\/en\\\/\",\"name\":\"Veltec Kirby specialist\",\"description\":\"Kirby stofzuiger producten\",\"publisher\":{\"@id\":\"https:\\\/\\\/www.veltec.eu\\\/en\\\/#organization\"},\"potentialAction\":[{\"@type\":\"SearchAction\",\"target\":{\"@type\":\"EntryPoint\",\"urlTemplate\":\"https:\\\/\\\/www.veltec.eu\\\/en\\\/?s={search_term_string}\"},\"query-input\":{\"@type\":\"PropertyValueSpecification\",\"valueRequired\":true,\"valueName\":\"search_term_string\"}}],\"inLanguage\":\"es\"},{\"@type\":\"Organization\",\"@id\":\"https:\\\/\\\/www.veltec.eu\\\/en\\\/#organization\",\"name\":\"Veltec Kirby Specialist\",\"url\":\"https:\\\/\\\/www.veltec.eu\\\/en\\\/\",\"logo\":{\"@type\":\"ImageObject\",\"inLanguage\":\"es\",\"@id\":\"https:\\\/\\\/www.veltec.eu\\\/en\\\/#\\\/schema\\\/logo\\\/image\\\/\",\"url\":\"https:\\\/\\\/www.veltec.eu\\\/wp-content\\\/uploads\\\/2021\\\/12\\\/Veltec-log-groot-e1537260889125.png\",\"contentUrl\":\"https:\\\/\\\/www.veltec.eu\\\/wp-content\\\/uploads\\\/2021\\\/12\\\/Veltec-log-groot-e1537260889125.png\",\"width\":200,\"height\":60,\"caption\":\"Veltec Kirby Specialist\"},\"image\":{\"@id\":\"https:\\\/\\\/www.veltec.eu\\\/en\\\/#\\\/schema\\\/logo\\\/image\\\/\"},\"sameAs\":[\"https:\\\/\\\/www.facebook.com\\\/Veltec-Kirby-Specialist-236746293374877\\\/\",\"https:\\\/\\\/www.youtube.com\\\/user\\\/VeltecService\"]}]}<\/script>\n<!-- \/ Yoast SEO Premium plugin. -->","yoast_head_json":{"title":"Anillo el\u00e1stico de motor el\u00e9ctrico - Veltec Kirby specialist","description":"Anillo el\u00e1stico de motor el\u00e9ctrico - Veltec es el proveedor de las aspiradoras Kirby desde hace m\u00e1s de 25 a\u00f1os. Y es su especialista","robots":{"index":"index","follow":"follow","max-snippet":"max-snippet:-1","max-image-preview":"max-image-preview:large","max-video-preview":"max-video-preview:-1"},"canonical":"https:\/\/www.veltec.eu\/es\/product\/anillo-elastico-de-motor-electrico\/","og_locale":"es_ES","og_type":"article","og_title":"Anillo el\u00e1stico de motor el\u00e9ctrico","og_description":"Anillo el\u00e1stico de motor el\u00e9ctrico.    En stock   Pedido antes de las 23:59, enviado ma\u00f1ana  &nbsp;","og_url":"https:\/\/www.veltec.eu\/es\/product\/anillo-elastico-de-motor-electrico\/","og_site_name":"Veltec Kirby specialist","article_publisher":"https:\/\/www.facebook.com\/Veltec-Kirby-Specialist-236746293374877\/","article_modified_time":"2024-12-09T15:40:36+00:00","og_image":[{"width":600,"height":600,"url":"https:\/\/www.veltec.eu\/wp-content\/uploads\/2018\/10\/Kirby-springveer.jpg","type":"image\/jpeg"}],"twitter_card":"summary_large_image","twitter_misc":{"Tiempo de lectura":"3 minutos"},"schema":{"@context":"https:\/\/schema.org","@graph":[{"@type":"WebPage","@id":"https:\/\/www.veltec.eu\/es\/product\/anillo-elastico-de-motor-electrico\/","url":"https:\/\/www.veltec.eu\/es\/product\/anillo-elastico-de-motor-electrico\/","name":"Anillo el\u00e1stico de motor el\u00e9ctrico - Veltec Kirby specialist","isPartOf":{"@id":"https:\/\/www.veltec.eu\/en\/#website"},"primaryImageOfPage":{"@id":"https:\/\/www.veltec.eu\/es\/product\/anillo-elastico-de-motor-electrico\/#primaryimage"},"image":{"@id":"https:\/\/www.veltec.eu\/es\/product\/anillo-elastico-de-motor-electrico\/#primaryimage"},"thumbnailUrl":"https:\/\/www.veltec.eu\/wp-content\/uploads\/2018\/10\/Kirby-springveer.jpg","datePublished":"2018-10-18T14:38:31+00:00","dateModified":"2024-12-09T15:40:36+00:00","description":"Anillo el\u00e1stico de motor el\u00e9ctrico - Veltec es el proveedor de las aspiradoras Kirby desde hace m\u00e1s de 25 a\u00f1os. Y es su especialista","breadcrumb":{"@id":"https:\/\/www.veltec.eu\/es\/product\/anillo-elastico-de-motor-electrico\/#breadcrumb"},"inLanguage":"es","potentialAction":[{"@type":"ReadAction","target":["https:\/\/www.veltec.eu\/es\/product\/anillo-elastico-de-motor-electrico\/"]}]},{"@type":"ImageObject","inLanguage":"es","@id":"https:\/\/www.veltec.eu\/es\/product\/anillo-elastico-de-motor-electrico\/#primaryimage","url":"https:\/\/www.veltec.eu\/wp-content\/uploads\/2018\/10\/Kirby-springveer.jpg","contentUrl":"https:\/\/www.veltec.eu\/wp-content\/uploads\/2018\/10\/Kirby-springveer.jpg","width":600,"height":600},{"@type":"BreadcrumbList","@id":"https:\/\/www.veltec.eu\/es\/product\/anillo-elastico-de-motor-electrico\/#breadcrumb","itemListElement":[{"@type":"ListItem","position":1,"name":"Home","item":"https:\/\/www.veltec.eu\/es\/"},{"@type":"ListItem","position":2,"name":"Produits","item":"https:\/\/www.veltec.eu\/fr\/shop\/"},{"@type":"ListItem","position":3,"name":"Anillo el\u00e1stico de motor el\u00e9ctrico"}]},{"@type":"WebSite","@id":"https:\/\/www.veltec.eu\/en\/#website","url":"https:\/\/www.veltec.eu\/en\/","name":"Veltec Kirby specialist","description":"Kirby stofzuiger producten","publisher":{"@id":"https:\/\/www.veltec.eu\/en\/#organization"},"potentialAction":[{"@type":"SearchAction","target":{"@type":"EntryPoint","urlTemplate":"https:\/\/www.veltec.eu\/en\/?s={search_term_string}"},"query-input":{"@type":"PropertyValueSpecification","valueRequired":true,"valueName":"search_term_string"}}],"inLanguage":"es"},{"@type":"Organization","@id":"https:\/\/www.veltec.eu\/en\/#organization","name":"Veltec Kirby Specialist","url":"https:\/\/www.veltec.eu\/en\/","logo":{"@type":"ImageObject","inLanguage":"es","@id":"https:\/\/www.veltec.eu\/en\/#\/schema\/logo\/image\/","url":"https:\/\/www.veltec.eu\/wp-content\/uploads\/2021\/12\/Veltec-log-groot-e1537260889125.png","contentUrl":"https:\/\/www.veltec.eu\/wp-content\/uploads\/2021\/12\/Veltec-log-groot-e1537260889125.png","width":200,"height":60,"caption":"Veltec Kirby Specialist"},"image":{"@id":"https:\/\/www.veltec.eu\/en\/#\/schema\/logo\/image\/"},"sameAs":["https:\/\/www.facebook.com\/Veltec-Kirby-Specialist-236746293374877\/","https:\/\/www.youtube.com\/user\/VeltecService"]}]}},"_links":{"self":[{"href":"https:\/\/www.veltec.eu\/es\/wp-json\/wp\/v2\/product\/11626","targetHints":{"allow":["GET"]}}],"collection":[{"href":"https:\/\/www.veltec.eu\/es\/wp-json\/wp\/v2\/product"}],"about":[{"href":"https:\/\/www.veltec.eu\/es\/wp-json\/wp\/v2\/types\/product"}],"replies":[{"embeddable":true,"href":"https:\/\/www.veltec.eu\/es\/wp-json\/wp\/v2\/comments?post=11626"}],"wp:featuredmedia":[{"embeddable":true,"href":"https:\/\/www.veltec.eu\/es\/wp-json\/wp\/v2\/media\/91579"}],"wp:attachment":[{"href":"https:\/\/www.veltec.eu\/es\/wp-json\/wp\/v2\/media?parent=11626"}],"wp:term":[{"taxonomy":"product_brand","embeddable":true,"href":"https:\/\/www.veltec.eu\/es\/wp-json\/wp\/v2\/product_brand?post=11626"},{"taxonomy":"product_cat","embeddable":true,"href":"https:\/\/www.veltec.eu\/es\/wp-json\/wp\/v2\/product_cat?post=11626"},{"taxonomy":"product_tag","embeddable":true,"href":"https:\/\/www.veltec.eu\/es\/wp-json\/wp\/v2\/product_tag?post=11626"}],"curies":[{"name":"wp","href":"https:\/\/api.w.org\/{rel}","templated":true}]}}