{"id":11608,"date":"2018-10-18T16:46:23","date_gmt":"2018-10-18T14:46:23","guid":{"rendered":"https:\/\/www.veltec.eu\/kirby-webshop\/kirby-motorhuis-bevestigingsclips-nl445566\/"},"modified":"2025-04-22T11:21:27","modified_gmt":"2025-04-22T09:21:27","slug":"clips-de-montaje-del-caja-de-motor-kirby","status":"publish","type":"product","link":"https:\/\/www.veltec.eu\/es\/product\/clips-de-montaje-del-caja-de-motor-kirby\/","title":{"rendered":"Clips de montaje del caja de motor Kirby"},"content":{"rendered":"<h1>Clips de montaje del caja de motor Kirby<\/h1>\n<p>Clips de montaje del caja de motor Kirby 5x con tornillos para fijar el motor a la carcasa.<\/p>\n<p><b><strong>Estos clips de fijaci\u00f3n son universales y adecuados para todas las aspiradoras Kirby;<\/strong><\/b><\/p>\n<ul>\n<li>Avalir Platinum<\/li>\n<li>Avalir 2<\/li>\n<li>Avalir 1<\/li>\n<li>Sentria 2 (G10D)<\/li>\n<li>Sentria 1 (G10)<\/li>\n<li>Ultimate G Diamond Ed.(G7D or DE)<\/li>\n<li>Ultimate G (G7 or UG)<\/li>\n<li>Generation 6 (G6)<\/li>\n<li>Generation 5 (G5)<\/li>\n<li>Generation 4 (G4)<\/li>\n<li>Generation 3 (G3)<\/li>\n<\/ul>\n<h2>Fije firmemente el motor de su aspiradora Kirby con los Clips de montaje del caja de motor Kirby<\/h2>\n<p>\u00bfEst\u00e1 buscando la soluci\u00f3n perfecta para fijar de forma segura y firme el motor de su aspiradora Kirby? <b><strong>Los Clips de montaje del caja de motor Kirby<\/strong><\/b>\u00a0le ofrecen exactamente lo que necesita. Este juego consta de cinco clips y cinco tornillos que est\u00e1n especialmente dise\u00f1ados para mantener su motor Kirby firmemente en su lugar dentro de la carcasa. De este modo, su aspiradora funcionar\u00e1 de forma \u00f3ptima, sin movimientos no deseados del motor durante el uso.<\/p>\n<p><a href=\"https:\/\/www.veltec.eu\/es\/partes-para-motor-kirby\/\">Puede encontrar todas las partes para motor Kirby aqu\u00ed<\/a><\/p>\n<h3>\u00bfQu\u00e9 hace que estos Clips de montaje del caja de motor Kirby sean \u00fanicos?<\/h3>\n<p>Los clips de fijaci\u00f3n de la carcasa del motor Kirby son esenciales para cualquier persona que desee que su aspiradora Kirby siga funcionando tal y como el fabricante la concibi\u00f3. Al fijar el motor firmemente con estos clips, no s\u00f3lo evitar\u00e1 el desgaste, sino que tambi\u00e9n se asegurar\u00e1 de que su aspiradora Kirby dure m\u00e1s tiempo. Gracias a los materiales de alta calidad de los clips y tornillos, puede estar seguro de que su motor est\u00e1 firmemente asegurado, incluso con un uso intensivo.<\/p>\n<h4>Materiales de alta calidad para un uso prolongado<\/h4>\n<p>Cada clip de sujeci\u00f3n de este paquete est\u00e1 fabricado con materiales duraderos que no s\u00f3lo son fuertes, sino tambi\u00e9n resistentes. Esto garantiza que los clips puedan soportar el calor y las vibraciones que pueden producirse durante el uso de su aspiradora Kirby. Adem\u00e1s, los tornillos incluidos son de la misma calidad, manteniendo el motor firme y seguro sin que se afloje o desgaste a largo plazo.<\/p>\n<h3>Juego completo para una f\u00e1cil instalaci\u00f3n<\/h3>\n<p>El kit incluye todo lo que necesita para empezar de inmediato: cinco clips y cinco tornillos. Esto le permite fijar el motor de su Kirby de forma r\u00e1pida y sencilla, sin tener que comprar piezas adicionales. Los clips son f\u00e1ciles de instalar y encajan perfectamente con la carcasa original de Kirby, garantizando una integraci\u00f3n perfecta.<\/p>\n<h4>Apto para varios modelos Kirby<\/h4>\n<p>Este juego es adecuado para varios modelos de aspiradora Kirby. No importa si tiene un modelo antiguo o uno m\u00e1s reciente; los clips est\u00e1n dise\u00f1ados para adaptarse a m\u00faltiples versiones de la aspiradora Kirby. No obstante, compruebe siempre las especificaciones de su aspiradora para asegurarse de que estos clips son compatibles.<\/p>\n<h3>\u00bfPor qu\u00e9 Clips de montaje del caja de motor Kirby originales Kirby?<\/h3>\n<p>El uso de piezas originales Kirby, como estos clips de fijaci\u00f3n, garantiza que obtendr\u00e1 el mejor rendimiento de su aspiradora Kirby. Evitar\u00e1 da\u00f1os innecesarios en el motor o la carcasa, que pueden producirse al utilizar piezas no originales. Adem\u00e1s, con las piezas originales conservar\u00e1 la garant\u00eda y el valor de su aspiradora en caso de que decida venderla o cambiarla.<\/p>\n<h4>Las ventajas de un vistazo:<\/h4>\n<ul>\n<li>Material duradero y resistente<\/li>\n<li>F\u00e1cil instalaci\u00f3n con los tornillos suministrados<\/li>\n<li>Apto para varios modelos Kirby<\/li>\n<li>Prolonga la vida \u00fatil de su aspiradora<\/li>\n<li>Fijaci\u00f3n segura y firme del motor<\/li>\n<\/ul>\n<h3>P\u00eddalo ahora y experimente la diferencia inmediatamente<\/h3>\n<p>\u00bfQuiere asegurarse de que su aspiradora Kirby sigue funcionando de forma \u00f3ptima? Entonces pida hoy mismo los <b><strong>clips de fijaci\u00f3n de la carcasa del motor Kirby<\/strong><\/b> y disfrute de la certeza de que su motor est\u00e1 siempre firmemente sujeto. Con este juego de clips y tornillos prolongar\u00e1 la vida \u00fatil de su aspiradora y evitar\u00e1 problemas innecesarios.<\/p>\n","protected":false},"excerpt":{"rendered":"<p>5x clips de montaje del Caja de motor\u00a0Kirby\u00a0con tornillos para fijar el motor a la caja.<\/p>\n[trustindex data-widget-id=48bbd87242952812953642309d4]\n<h3><span style=\"color: #008000;\"><br \/>\nEn stock<\/span><\/h3>\n[av_font_icon icon='ue812' font='entypo-fontello' style='' caption='' size='25px' position='left' color='#43ad66' link='' linktarget='' title_attr='' sonar_effect_effect='' sonar_effect_color='' sonar_effect_duration='1' sonar_effect_scale='' sonar_effect_opac='0.5' animation='' id='' custom_class='' template_class='' av_uid='' sc_version='1.0' admin_preview_bg=''][\/av_font_icon]\n<p><span style=\"color: #008000;\">Pedido antes de las 23:59, enviado ma\u00f1ana<\/span><\/p>\n<p>&nbsp;<\/p>\n","protected":false},"featured_media":6774,"comment_status":"open","ping_status":"closed","template":"","meta":[],"product_brand":[],"product_cat":[362],"product_tag":[],"class_list":{"0":"post-11608","1":"product","2":"type-product","3":"status-publish","4":"has-post-thumbnail","6":"product_cat-partes-para-motor-kirby","7":"product_shipping_class-klein-es","9":"first","10":"instock","11":"taxable","12":"shipping-taxable","13":"purchasable","14":"product-type-simple"},"yoast_head":"<!-- This site is optimized with the Yoast SEO Premium plugin v27.1 (Yoast SEO v27.4) - https:\/\/yoast.com\/product\/yoast-seo-premium-wordpress\/ -->\n<title>Clips de montaje del caja de motor Kirby - Veltec Kirby specialist<\/title>\n<meta name=\"description\" content=\"Clips de montaje del caja de motor Kirby - Veltec es el proveedor de las aspiradoras Kirby desde hace m\u00e1s de 25 a\u00f1os. El Kirby especialista.\" \/>\n<meta name=\"robots\" content=\"index, follow, max-snippet:-1, max-image-preview:large, max-video-preview:-1\" \/>\n<link rel=\"canonical\" href=\"https:\/\/www.veltec.eu\/es\/product\/clips-de-montaje-del-caja-de-motor-kirby\/\" \/>\n<meta property=\"og:locale\" content=\"es_ES\" \/>\n<meta property=\"og:type\" content=\"article\" \/>\n<meta property=\"og:title\" content=\"Clips de montaje del caja de motor Kirby\" \/>\n<meta property=\"og:description\" content=\"5x clips de montaje del Caja de motor\u00a0Kirby\u00a0con tornillos para fijar el motor a la caja.    En stock   Pedido antes de las 23:59, enviado ma\u00f1ana  &nbsp;\" \/>\n<meta property=\"og:url\" content=\"https:\/\/www.veltec.eu\/es\/product\/clips-de-montaje-del-caja-de-motor-kirby\/\" \/>\n<meta property=\"og:site_name\" content=\"Veltec Kirby specialist\" \/>\n<meta property=\"article:publisher\" content=\"https:\/\/www.facebook.com\/Veltec-Kirby-Specialist-236746293374877\/\" \/>\n<meta property=\"article:modified_time\" content=\"2025-04-22T09:21:27+00:00\" \/>\n<meta property=\"og:image\" content=\"https:\/\/www.veltec.eu\/wp-content\/uploads\/2018\/10\/kirby-motor-mount-clips-and-screws-k-602289.jpg\" \/>\n\t<meta property=\"og:image:width\" content=\"300\" \/>\n\t<meta property=\"og:image:height\" content=\"300\" \/>\n\t<meta property=\"og:image:type\" content=\"image\/jpeg\" \/>\n<meta name=\"twitter:card\" content=\"summary_large_image\" \/>\n<meta name=\"twitter:label1\" content=\"Tiempo de lectura\" \/>\n\t<meta name=\"twitter:data1\" content=\"4 minutos\" \/>\n<script type=\"application\/ld+json\" class=\"yoast-schema-graph\">{\"@context\":\"https:\\\/\\\/schema.org\",\"@graph\":[{\"@type\":\"WebPage\",\"@id\":\"https:\\\/\\\/www.veltec.eu\\\/es\\\/product\\\/clips-de-montaje-del-caja-de-motor-kirby\\\/\",\"url\":\"https:\\\/\\\/www.veltec.eu\\\/es\\\/product\\\/clips-de-montaje-del-caja-de-motor-kirby\\\/\",\"name\":\"Clips de montaje del caja de motor Kirby - Veltec Kirby specialist\",\"isPartOf\":{\"@id\":\"https:\\\/\\\/www.veltec.eu\\\/en\\\/#website\"},\"primaryImageOfPage\":{\"@id\":\"https:\\\/\\\/www.veltec.eu\\\/es\\\/product\\\/clips-de-montaje-del-caja-de-motor-kirby\\\/#primaryimage\"},\"image\":{\"@id\":\"https:\\\/\\\/www.veltec.eu\\\/es\\\/product\\\/clips-de-montaje-del-caja-de-motor-kirby\\\/#primaryimage\"},\"thumbnailUrl\":\"https:\\\/\\\/www.veltec.eu\\\/wp-content\\\/uploads\\\/2018\\\/10\\\/kirby-motor-mount-clips-and-screws-k-602289.jpg\",\"datePublished\":\"2018-10-18T14:46:23+00:00\",\"dateModified\":\"2025-04-22T09:21:27+00:00\",\"description\":\"Clips de montaje del caja de motor Kirby - Veltec es el proveedor de las aspiradoras Kirby desde hace m\u00e1s de 25 a\u00f1os. El Kirby especialista.\",\"breadcrumb\":{\"@id\":\"https:\\\/\\\/www.veltec.eu\\\/es\\\/product\\\/clips-de-montaje-del-caja-de-motor-kirby\\\/#breadcrumb\"},\"inLanguage\":\"es\",\"potentialAction\":[{\"@type\":\"ReadAction\",\"target\":[\"https:\\\/\\\/www.veltec.eu\\\/es\\\/product\\\/clips-de-montaje-del-caja-de-motor-kirby\\\/\"]}]},{\"@type\":\"ImageObject\",\"inLanguage\":\"es\",\"@id\":\"https:\\\/\\\/www.veltec.eu\\\/es\\\/product\\\/clips-de-montaje-del-caja-de-motor-kirby\\\/#primaryimage\",\"url\":\"https:\\\/\\\/www.veltec.eu\\\/wp-content\\\/uploads\\\/2018\\\/10\\\/kirby-motor-mount-clips-and-screws-k-602289.jpg\",\"contentUrl\":\"https:\\\/\\\/www.veltec.eu\\\/wp-content\\\/uploads\\\/2018\\\/10\\\/kirby-motor-mount-clips-and-screws-k-602289.jpg\",\"width\":300,\"height\":300},{\"@type\":\"BreadcrumbList\",\"@id\":\"https:\\\/\\\/www.veltec.eu\\\/es\\\/product\\\/clips-de-montaje-del-caja-de-motor-kirby\\\/#breadcrumb\",\"itemListElement\":[{\"@type\":\"ListItem\",\"position\":1,\"name\":\"Home\",\"item\":\"https:\\\/\\\/www.veltec.eu\\\/es\\\/\"},{\"@type\":\"ListItem\",\"position\":2,\"name\":\"Produits\",\"item\":\"https:\\\/\\\/www.veltec.eu\\\/fr\\\/shop\\\/\"},{\"@type\":\"ListItem\",\"position\":3,\"name\":\"Clips de montaje del caja de motor Kirby\"}]},{\"@type\":\"WebSite\",\"@id\":\"https:\\\/\\\/www.veltec.eu\\\/en\\\/#website\",\"url\":\"https:\\\/\\\/www.veltec.eu\\\/en\\\/\",\"name\":\"Veltec Kirby specialist\",\"description\":\"Kirby stofzuiger producten\",\"publisher\":{\"@id\":\"https:\\\/\\\/www.veltec.eu\\\/en\\\/#organization\"},\"potentialAction\":[{\"@type\":\"SearchAction\",\"target\":{\"@type\":\"EntryPoint\",\"urlTemplate\":\"https:\\\/\\\/www.veltec.eu\\\/en\\\/?s={search_term_string}\"},\"query-input\":{\"@type\":\"PropertyValueSpecification\",\"valueRequired\":true,\"valueName\":\"search_term_string\"}}],\"inLanguage\":\"es\"},{\"@type\":\"Organization\",\"@id\":\"https:\\\/\\\/www.veltec.eu\\\/en\\\/#organization\",\"name\":\"Veltec Kirby Specialist\",\"url\":\"https:\\\/\\\/www.veltec.eu\\\/en\\\/\",\"logo\":{\"@type\":\"ImageObject\",\"inLanguage\":\"es\",\"@id\":\"https:\\\/\\\/www.veltec.eu\\\/en\\\/#\\\/schema\\\/logo\\\/image\\\/\",\"url\":\"https:\\\/\\\/www.veltec.eu\\\/wp-content\\\/uploads\\\/2021\\\/12\\\/Veltec-log-groot-e1537260889125.png\",\"contentUrl\":\"https:\\\/\\\/www.veltec.eu\\\/wp-content\\\/uploads\\\/2021\\\/12\\\/Veltec-log-groot-e1537260889125.png\",\"width\":200,\"height\":60,\"caption\":\"Veltec Kirby Specialist\"},\"image\":{\"@id\":\"https:\\\/\\\/www.veltec.eu\\\/en\\\/#\\\/schema\\\/logo\\\/image\\\/\"},\"sameAs\":[\"https:\\\/\\\/www.facebook.com\\\/Veltec-Kirby-Specialist-236746293374877\\\/\",\"https:\\\/\\\/www.youtube.com\\\/user\\\/VeltecService\"]}]}<\/script>\n<!-- \/ Yoast SEO Premium plugin. -->","yoast_head_json":{"title":"Clips de montaje del caja de motor Kirby - Veltec Kirby specialist","description":"Clips de montaje del caja de motor Kirby - Veltec es el proveedor de las aspiradoras Kirby desde hace m\u00e1s de 25 a\u00f1os. El Kirby especialista.","robots":{"index":"index","follow":"follow","max-snippet":"max-snippet:-1","max-image-preview":"max-image-preview:large","max-video-preview":"max-video-preview:-1"},"canonical":"https:\/\/www.veltec.eu\/es\/product\/clips-de-montaje-del-caja-de-motor-kirby\/","og_locale":"es_ES","og_type":"article","og_title":"Clips de montaje del caja de motor Kirby","og_description":"5x clips de montaje del Caja de motor\u00a0Kirby\u00a0con tornillos para fijar el motor a la caja.    En stock   Pedido antes de las 23:59, enviado ma\u00f1ana  &nbsp;","og_url":"https:\/\/www.veltec.eu\/es\/product\/clips-de-montaje-del-caja-de-motor-kirby\/","og_site_name":"Veltec Kirby specialist","article_publisher":"https:\/\/www.facebook.com\/Veltec-Kirby-Specialist-236746293374877\/","article_modified_time":"2025-04-22T09:21:27+00:00","og_image":[{"width":300,"height":300,"url":"https:\/\/www.veltec.eu\/wp-content\/uploads\/2018\/10\/kirby-motor-mount-clips-and-screws-k-602289.jpg","type":"image\/jpeg"}],"twitter_card":"summary_large_image","twitter_misc":{"Tiempo de lectura":"4 minutos"},"schema":{"@context":"https:\/\/schema.org","@graph":[{"@type":"WebPage","@id":"https:\/\/www.veltec.eu\/es\/product\/clips-de-montaje-del-caja-de-motor-kirby\/","url":"https:\/\/www.veltec.eu\/es\/product\/clips-de-montaje-del-caja-de-motor-kirby\/","name":"Clips de montaje del caja de motor Kirby - Veltec Kirby specialist","isPartOf":{"@id":"https:\/\/www.veltec.eu\/en\/#website"},"primaryImageOfPage":{"@id":"https:\/\/www.veltec.eu\/es\/product\/clips-de-montaje-del-caja-de-motor-kirby\/#primaryimage"},"image":{"@id":"https:\/\/www.veltec.eu\/es\/product\/clips-de-montaje-del-caja-de-motor-kirby\/#primaryimage"},"thumbnailUrl":"https:\/\/www.veltec.eu\/wp-content\/uploads\/2018\/10\/kirby-motor-mount-clips-and-screws-k-602289.jpg","datePublished":"2018-10-18T14:46:23+00:00","dateModified":"2025-04-22T09:21:27+00:00","description":"Clips de montaje del caja de motor Kirby - Veltec es el proveedor de las aspiradoras Kirby desde hace m\u00e1s de 25 a\u00f1os. El Kirby especialista.","breadcrumb":{"@id":"https:\/\/www.veltec.eu\/es\/product\/clips-de-montaje-del-caja-de-motor-kirby\/#breadcrumb"},"inLanguage":"es","potentialAction":[{"@type":"ReadAction","target":["https:\/\/www.veltec.eu\/es\/product\/clips-de-montaje-del-caja-de-motor-kirby\/"]}]},{"@type":"ImageObject","inLanguage":"es","@id":"https:\/\/www.veltec.eu\/es\/product\/clips-de-montaje-del-caja-de-motor-kirby\/#primaryimage","url":"https:\/\/www.veltec.eu\/wp-content\/uploads\/2018\/10\/kirby-motor-mount-clips-and-screws-k-602289.jpg","contentUrl":"https:\/\/www.veltec.eu\/wp-content\/uploads\/2018\/10\/kirby-motor-mount-clips-and-screws-k-602289.jpg","width":300,"height":300},{"@type":"BreadcrumbList","@id":"https:\/\/www.veltec.eu\/es\/product\/clips-de-montaje-del-caja-de-motor-kirby\/#breadcrumb","itemListElement":[{"@type":"ListItem","position":1,"name":"Home","item":"https:\/\/www.veltec.eu\/es\/"},{"@type":"ListItem","position":2,"name":"Produits","item":"https:\/\/www.veltec.eu\/fr\/shop\/"},{"@type":"ListItem","position":3,"name":"Clips de montaje del caja de motor Kirby"}]},{"@type":"WebSite","@id":"https:\/\/www.veltec.eu\/en\/#website","url":"https:\/\/www.veltec.eu\/en\/","name":"Veltec Kirby specialist","description":"Kirby stofzuiger producten","publisher":{"@id":"https:\/\/www.veltec.eu\/en\/#organization"},"potentialAction":[{"@type":"SearchAction","target":{"@type":"EntryPoint","urlTemplate":"https:\/\/www.veltec.eu\/en\/?s={search_term_string}"},"query-input":{"@type":"PropertyValueSpecification","valueRequired":true,"valueName":"search_term_string"}}],"inLanguage":"es"},{"@type":"Organization","@id":"https:\/\/www.veltec.eu\/en\/#organization","name":"Veltec Kirby Specialist","url":"https:\/\/www.veltec.eu\/en\/","logo":{"@type":"ImageObject","inLanguage":"es","@id":"https:\/\/www.veltec.eu\/en\/#\/schema\/logo\/image\/","url":"https:\/\/www.veltec.eu\/wp-content\/uploads\/2021\/12\/Veltec-log-groot-e1537260889125.png","contentUrl":"https:\/\/www.veltec.eu\/wp-content\/uploads\/2021\/12\/Veltec-log-groot-e1537260889125.png","width":200,"height":60,"caption":"Veltec Kirby Specialist"},"image":{"@id":"https:\/\/www.veltec.eu\/en\/#\/schema\/logo\/image\/"},"sameAs":["https:\/\/www.facebook.com\/Veltec-Kirby-Specialist-236746293374877\/","https:\/\/www.youtube.com\/user\/VeltecService"]}]}},"_links":{"self":[{"href":"https:\/\/www.veltec.eu\/es\/wp-json\/wp\/v2\/product\/11608","targetHints":{"allow":["GET"]}}],"collection":[{"href":"https:\/\/www.veltec.eu\/es\/wp-json\/wp\/v2\/product"}],"about":[{"href":"https:\/\/www.veltec.eu\/es\/wp-json\/wp\/v2\/types\/product"}],"replies":[{"embeddable":true,"href":"https:\/\/www.veltec.eu\/es\/wp-json\/wp\/v2\/comments?post=11608"}],"wp:featuredmedia":[{"embeddable":true,"href":"https:\/\/www.veltec.eu\/es\/wp-json\/wp\/v2\/media\/6774"}],"wp:attachment":[{"href":"https:\/\/www.veltec.eu\/es\/wp-json\/wp\/v2\/media?parent=11608"}],"wp:term":[{"taxonomy":"product_brand","embeddable":true,"href":"https:\/\/www.veltec.eu\/es\/wp-json\/wp\/v2\/product_brand?post=11608"},{"taxonomy":"product_cat","embeddable":true,"href":"https:\/\/www.veltec.eu\/es\/wp-json\/wp\/v2\/product_cat?post=11608"},{"taxonomy":"product_tag","embeddable":true,"href":"https:\/\/www.veltec.eu\/es\/wp-json\/wp\/v2\/product_tag?post=11608"}],"curies":[{"name":"wp","href":"https:\/\/api.w.org\/{rel}","templated":true}]}}