{"id":11098,"date":"2018-10-19T15:11:38","date_gmt":"2018-10-19T13:11:38","guid":{"rendered":"https:\/\/www.veltec.eu\/kirby-webshop\/caja-de-almacenamiento-kirby-nl3083\/"},"modified":"2026-02-24T09:38:57","modified_gmt":"2026-02-24T07:38:57","slug":"caja-de-almacenamiento-kirby-nl3083","status":"publish","type":"product","link":"https:\/\/www.veltec.eu\/es\/product\/caja-de-almacenamiento-kirby-nl3083\/","title":{"rendered":"Caja de Almacenamiento Kirby"},"content":{"rendered":"<h1 data-start=\"174\" data-end=\"243\">Caja de Almacenamiento Kirby \u2013 La organizaci\u00f3n perfecta para todos tus accesorios Kirby<\/h1>\n<p data-start=\"245\" data-end=\"523\">La caja de almacenamiento Kirby es la soluci\u00f3n ideal para cualquiera que desee guardar sus accesorios Kirby de forma ordenada y organizada. Gracias a su dise\u00f1o robusto y a la posibilidad de fijarla a la pared, podr\u00e1s crear m\u00e1s espacio y tener tus accesorios de limpieza siempre a mano.<\/p>\n<h2 data-start=\"525\" data-end=\"566\">\u00bfPor qu\u00e9 elegir la caja de almacenamiento Kirby?<\/h2>\n<p data-start=\"568\" data-end=\"969\">Cuando utilizas una caja de almacenamiento Kirby, combinas funcionalidad y durabilidad. El pl\u00e1stico de alta calidad protege todos tus accesorios y garantiza una larga vida \u00fatil. Adem\u00e1s, esta soluci\u00f3n de almacenamiento es universalmente compatible con casi todos los modelos Kirby.<\/p>\n<h3 data-start=\"971\" data-end=\"992\">Sostenible y resistente<\/h3>\n<p>Gracias al resistente material pl\u00e1stico, la caja resiste un uso intensivo. Por lo tanto, no tienes que preocuparte por el desgaste o los da\u00f1os. La caja de almacenamiento Kirby protege eficazmente tus accesorios y los mantiene seguros y organizados. Para obtener consejos sobre mantenimiento y servicio, visita nuestro <a href=\"https:\/\/www.servicio-de-aspiradoras-kirby.es\/el-blog\/\" target=\"_blank\" rel=\"noopener\">Servicio de aspiradora Kirby.<\/a><\/p>\n<h3 data-start=\"1366\" data-end=\"1403\">Ahorra espacio y ofrece una visi\u00f3n clara<\/h3>\n<p data-start=\"1405\" data-end=\"1809\">Con el pr\u00e1ctico soporte de pared, podr\u00e1s aprovechar al m\u00e1ximo el espacio disponible. Cuelga la caja de almacenamiento en la pared de tu garaje, armario de limpieza o lavadero y mant\u00e9n el suelo despejado. Gracias a su dise\u00f1o claro, podr\u00e1s ver de un vistazo d\u00f3nde se encuentra cada accesorio, lo que har\u00e1 que la limpieza sea m\u00e1s r\u00e1pida y eficiente. Echa un vistazo tambi\u00e9n a nuestros <a href=\"https:\/\/www.veltec.eu\/es\/accesorios-kirby-comprar\/\" target=\"_blank\" rel=\"noopener\">accesorios Kirby<\/a> para completar tu juego.<\/p>\n<h2 data-start=\"1811\" data-end=\"1847\">F\u00e1cil montaje y versatilidad<\/h2>\n<p data-start=\"1849\" data-end=\"2218\">La instalaci\u00f3n de la caja de almacenamiento Kirby es f\u00e1cil y r\u00e1pida. Su dise\u00f1o con orificios de fijaci\u00f3n facilita su colocaci\u00f3n, incluso sin ayuda profesional. Adem\u00e1s, esta caja de almacenamiento es de uso universal, por lo que es adecuada para modelos como: Avalir Platinum, Avalir 2, Avalir 1, Sentria 2 (G10D), Sentria 1 (G10), Ultimate G Diamond Ed. (G7D o DE), Ultimate G (G7 o UG), Generation 6 (G6), Generation 5 (G5), Generation 4 (G4) y Generation 3 (G3).<\/p>\n<h3 data-start=\"2220\" data-end=\"2257\">Elegante y f\u00e1cil de mantener<\/h3>\n<p data-start=\"2259\" data-end=\"2560\">Adem\u00e1s de su funcionalidad, la caja de almacenamiento Kirby tambi\u00e9n es visualmente atractiva. Su dise\u00f1o elegante y moderno encaja en cualquier espacio y el pl\u00e1stico es f\u00e1cil de limpiar. As\u00ed, tu caja de almacenamiento siempre estar\u00e1 limpia y fresca. Esto la convierte en un complemento duradero y pr\u00e1ctico para tu equipo de limpieza.<\/p>\n<h2 data-start=\"2562\" data-end=\"2602\">Caja de almacenamiento Kirby: la soluci\u00f3n definitiva para guardar cosas<\/h2>\n<p data-start=\"2604\" data-end=\"3008\">La caja de almacenamiento Kirby mantiene tus accesorios Kirby seguros, ordenados y siempre accesibles. Su material resistente y su dise\u00f1o inteligente garantizan durabilidad para el uso diario. Puedes montar el organizador Kirby en la pared y as\u00ed ahorrar espacio valioso. Esta soluci\u00f3n de almacenamiento Kirby mejora tu rutina de limpieza y aumenta la eficiencia. Invierte hoy en esta caja organizadora Kirby imprescindible y disfruta de un espacio limpio y organizado.<\/p>\n","protected":false},"excerpt":{"rendered":"<p>La caja de almacenamiento Kirby mantiene todos tus accesorios Kirby ordenados y seguros. F\u00e1cil de fijar a la pared, duradera y apta para todos los modelos.<\/p>\n[trustindex data-widget-id=48bbd87242952812953642309d4]\n<h3><span style=\"color: #008000;\"><br \/>\nEn stock<\/span><\/h3>\n[av_font_icon icon='ue812' font='entypo-fontello' style='' caption='' size='25px' position='left' color='#43ad66' link='' linktarget='' title_attr='' sonar_effect_effect='' sonar_effect_color='' sonar_effect_duration='1' sonar_effect_scale='' sonar_effect_opac='0.5' animation='' id='' custom_class='' template_class='' av_uid='' sc_version='1.0' admin_preview_bg=''][\/av_font_icon]\n<p><span style=\"color: #008000;\">Pedido antes de las 23:59, enviado ma\u00f1ana<\/span><\/p>\n<p>&nbsp;<\/p>\n","protected":false},"featured_media":88225,"comment_status":"open","ping_status":"closed","template":"","meta":[],"product_brand":[],"product_cat":[357],"product_tag":[],"class_list":{"0":"post-11098","1":"product","2":"type-product","3":"status-publish","4":"has-post-thumbnail","6":"product_cat-accesorios-kirby","8":"first","9":"instock","10":"taxable","11":"shipping-taxable","12":"purchasable","13":"product-type-simple"},"yoast_head":"<!-- This site is optimized with the Yoast SEO Premium plugin v27.1 (Yoast SEO v27.4) - https:\/\/yoast.com\/product\/yoast-seo-premium-wordpress\/ -->\n<title>Caja de Almacenamiento Kirby \u2013 Organizador Universal<\/title>\n<meta name=\"description\" content=\"La Caja de Almacenamiento Kirby mantiene todos tus accesorios Kirby ordenados y seguros. F\u00e1cil de fijar a la pared, duradera y apta para todos los modelos.\" \/>\n<meta name=\"robots\" content=\"index, follow, max-snippet:-1, max-image-preview:large, max-video-preview:-1\" \/>\n<link rel=\"canonical\" href=\"https:\/\/www.veltec.eu\/es\/product\/caja-de-almacenamiento-kirby-nl3083\/\" \/>\n<meta property=\"og:locale\" content=\"es_ES\" \/>\n<meta property=\"og:type\" content=\"article\" \/>\n<meta property=\"og:title\" content=\"Caja de Almacenamiento Kirby\" \/>\n<meta property=\"og:description\" content=\"La caja de almacenamiento Kirby mantiene todos tus accesorios Kirby ordenados y seguros. F\u00e1cil de fijar a la pared, duradera y apta para todos los modelos.    En stock   Pedido antes de las 23:59, enviado ma\u00f1ana  &nbsp;\" \/>\n<meta property=\"og:url\" content=\"https:\/\/www.veltec.eu\/es\/product\/caja-de-almacenamiento-kirby-nl3083\/\" \/>\n<meta property=\"og:site_name\" content=\"Veltec Kirby specialist\" \/>\n<meta property=\"article:publisher\" content=\"https:\/\/www.facebook.com\/Veltec-Kirby-Specialist-236746293374877\/\" \/>\n<meta property=\"article:modified_time\" content=\"2026-02-24T07:38:57+00:00\" \/>\n<meta property=\"og:image\" content=\"https:\/\/www.veltec.eu\/wp-content\/uploads\/2018\/10\/Kirby-vacuum-storage-box.jpg\" \/>\n\t<meta property=\"og:image:width\" content=\"600\" \/>\n\t<meta property=\"og:image:height\" content=\"600\" \/>\n\t<meta property=\"og:image:type\" content=\"image\/jpeg\" \/>\n<meta name=\"twitter:card\" content=\"summary_large_image\" \/>\n<meta name=\"twitter:label1\" content=\"Tiempo de lectura\" \/>\n\t<meta name=\"twitter:data1\" content=\"3 minutos\" \/>\n<script type=\"application\/ld+json\" class=\"yoast-schema-graph\">{\"@context\":\"https:\\\/\\\/schema.org\",\"@graph\":[{\"@type\":\"WebPage\",\"@id\":\"https:\\\/\\\/www.veltec.eu\\\/es\\\/product\\\/caja-de-almacenamiento-kirby-nl3083\\\/\",\"url\":\"https:\\\/\\\/www.veltec.eu\\\/es\\\/product\\\/caja-de-almacenamiento-kirby-nl3083\\\/\",\"name\":\"Caja de Almacenamiento Kirby \u2013 Organizador Universal\",\"isPartOf\":{\"@id\":\"https:\\\/\\\/www.veltec.eu\\\/en\\\/#website\"},\"primaryImageOfPage\":{\"@id\":\"https:\\\/\\\/www.veltec.eu\\\/es\\\/product\\\/caja-de-almacenamiento-kirby-nl3083\\\/#primaryimage\"},\"image\":{\"@id\":\"https:\\\/\\\/www.veltec.eu\\\/es\\\/product\\\/caja-de-almacenamiento-kirby-nl3083\\\/#primaryimage\"},\"thumbnailUrl\":\"https:\\\/\\\/www.veltec.eu\\\/wp-content\\\/uploads\\\/2018\\\/10\\\/Kirby-vacuum-storage-box.jpg\",\"datePublished\":\"2018-10-19T13:11:38+00:00\",\"dateModified\":\"2026-02-24T07:38:57+00:00\",\"description\":\"La Caja de Almacenamiento Kirby mantiene todos tus accesorios Kirby ordenados y seguros. F\u00e1cil de fijar a la pared, duradera y apta para todos los modelos.\",\"breadcrumb\":{\"@id\":\"https:\\\/\\\/www.veltec.eu\\\/es\\\/product\\\/caja-de-almacenamiento-kirby-nl3083\\\/#breadcrumb\"},\"inLanguage\":\"es\",\"potentialAction\":[{\"@type\":\"ReadAction\",\"target\":[\"https:\\\/\\\/www.veltec.eu\\\/es\\\/product\\\/caja-de-almacenamiento-kirby-nl3083\\\/\"]}]},{\"@type\":\"ImageObject\",\"inLanguage\":\"es\",\"@id\":\"https:\\\/\\\/www.veltec.eu\\\/es\\\/product\\\/caja-de-almacenamiento-kirby-nl3083\\\/#primaryimage\",\"url\":\"https:\\\/\\\/www.veltec.eu\\\/wp-content\\\/uploads\\\/2018\\\/10\\\/Kirby-vacuum-storage-box.jpg\",\"contentUrl\":\"https:\\\/\\\/www.veltec.eu\\\/wp-content\\\/uploads\\\/2018\\\/10\\\/Kirby-vacuum-storage-box.jpg\",\"width\":600,\"height\":600},{\"@type\":\"BreadcrumbList\",\"@id\":\"https:\\\/\\\/www.veltec.eu\\\/es\\\/product\\\/caja-de-almacenamiento-kirby-nl3083\\\/#breadcrumb\",\"itemListElement\":[{\"@type\":\"ListItem\",\"position\":1,\"name\":\"Home\",\"item\":\"https:\\\/\\\/www.veltec.eu\\\/es\\\/\"},{\"@type\":\"ListItem\",\"position\":2,\"name\":\"Produits\",\"item\":\"https:\\\/\\\/www.veltec.eu\\\/fr\\\/shop\\\/\"},{\"@type\":\"ListItem\",\"position\":3,\"name\":\"Caja de Almacenamiento Kirby\"}]},{\"@type\":\"WebSite\",\"@id\":\"https:\\\/\\\/www.veltec.eu\\\/en\\\/#website\",\"url\":\"https:\\\/\\\/www.veltec.eu\\\/en\\\/\",\"name\":\"Veltec Kirby specialist\",\"description\":\"Kirby stofzuiger producten\",\"publisher\":{\"@id\":\"https:\\\/\\\/www.veltec.eu\\\/en\\\/#organization\"},\"potentialAction\":[{\"@type\":\"SearchAction\",\"target\":{\"@type\":\"EntryPoint\",\"urlTemplate\":\"https:\\\/\\\/www.veltec.eu\\\/en\\\/?s={search_term_string}\"},\"query-input\":{\"@type\":\"PropertyValueSpecification\",\"valueRequired\":true,\"valueName\":\"search_term_string\"}}],\"inLanguage\":\"es\"},{\"@type\":\"Organization\",\"@id\":\"https:\\\/\\\/www.veltec.eu\\\/en\\\/#organization\",\"name\":\"Veltec Kirby Specialist\",\"url\":\"https:\\\/\\\/www.veltec.eu\\\/en\\\/\",\"logo\":{\"@type\":\"ImageObject\",\"inLanguage\":\"es\",\"@id\":\"https:\\\/\\\/www.veltec.eu\\\/en\\\/#\\\/schema\\\/logo\\\/image\\\/\",\"url\":\"https:\\\/\\\/www.veltec.eu\\\/wp-content\\\/uploads\\\/2021\\\/12\\\/Veltec-log-groot-e1537260889125.png\",\"contentUrl\":\"https:\\\/\\\/www.veltec.eu\\\/wp-content\\\/uploads\\\/2021\\\/12\\\/Veltec-log-groot-e1537260889125.png\",\"width\":200,\"height\":60,\"caption\":\"Veltec Kirby Specialist\"},\"image\":{\"@id\":\"https:\\\/\\\/www.veltec.eu\\\/en\\\/#\\\/schema\\\/logo\\\/image\\\/\"},\"sameAs\":[\"https:\\\/\\\/www.facebook.com\\\/Veltec-Kirby-Specialist-236746293374877\\\/\",\"https:\\\/\\\/www.youtube.com\\\/user\\\/VeltecService\"]}]}<\/script>\n<!-- \/ Yoast SEO Premium plugin. -->","yoast_head_json":{"title":"Caja de Almacenamiento Kirby \u2013 Organizador Universal","description":"La Caja de Almacenamiento Kirby mantiene todos tus accesorios Kirby ordenados y seguros. F\u00e1cil de fijar a la pared, duradera y apta para todos los modelos.","robots":{"index":"index","follow":"follow","max-snippet":"max-snippet:-1","max-image-preview":"max-image-preview:large","max-video-preview":"max-video-preview:-1"},"canonical":"https:\/\/www.veltec.eu\/es\/product\/caja-de-almacenamiento-kirby-nl3083\/","og_locale":"es_ES","og_type":"article","og_title":"Caja de Almacenamiento Kirby","og_description":"La caja de almacenamiento Kirby mantiene todos tus accesorios Kirby ordenados y seguros. F\u00e1cil de fijar a la pared, duradera y apta para todos los modelos.    En stock   Pedido antes de las 23:59, enviado ma\u00f1ana  &nbsp;","og_url":"https:\/\/www.veltec.eu\/es\/product\/caja-de-almacenamiento-kirby-nl3083\/","og_site_name":"Veltec Kirby specialist","article_publisher":"https:\/\/www.facebook.com\/Veltec-Kirby-Specialist-236746293374877\/","article_modified_time":"2026-02-24T07:38:57+00:00","og_image":[{"width":600,"height":600,"url":"https:\/\/www.veltec.eu\/wp-content\/uploads\/2018\/10\/Kirby-vacuum-storage-box.jpg","type":"image\/jpeg"}],"twitter_card":"summary_large_image","twitter_misc":{"Tiempo de lectura":"3 minutos"},"schema":{"@context":"https:\/\/schema.org","@graph":[{"@type":"WebPage","@id":"https:\/\/www.veltec.eu\/es\/product\/caja-de-almacenamiento-kirby-nl3083\/","url":"https:\/\/www.veltec.eu\/es\/product\/caja-de-almacenamiento-kirby-nl3083\/","name":"Caja de Almacenamiento Kirby \u2013 Organizador Universal","isPartOf":{"@id":"https:\/\/www.veltec.eu\/en\/#website"},"primaryImageOfPage":{"@id":"https:\/\/www.veltec.eu\/es\/product\/caja-de-almacenamiento-kirby-nl3083\/#primaryimage"},"image":{"@id":"https:\/\/www.veltec.eu\/es\/product\/caja-de-almacenamiento-kirby-nl3083\/#primaryimage"},"thumbnailUrl":"https:\/\/www.veltec.eu\/wp-content\/uploads\/2018\/10\/Kirby-vacuum-storage-box.jpg","datePublished":"2018-10-19T13:11:38+00:00","dateModified":"2026-02-24T07:38:57+00:00","description":"La Caja de Almacenamiento Kirby mantiene todos tus accesorios Kirby ordenados y seguros. F\u00e1cil de fijar a la pared, duradera y apta para todos los modelos.","breadcrumb":{"@id":"https:\/\/www.veltec.eu\/es\/product\/caja-de-almacenamiento-kirby-nl3083\/#breadcrumb"},"inLanguage":"es","potentialAction":[{"@type":"ReadAction","target":["https:\/\/www.veltec.eu\/es\/product\/caja-de-almacenamiento-kirby-nl3083\/"]}]},{"@type":"ImageObject","inLanguage":"es","@id":"https:\/\/www.veltec.eu\/es\/product\/caja-de-almacenamiento-kirby-nl3083\/#primaryimage","url":"https:\/\/www.veltec.eu\/wp-content\/uploads\/2018\/10\/Kirby-vacuum-storage-box.jpg","contentUrl":"https:\/\/www.veltec.eu\/wp-content\/uploads\/2018\/10\/Kirby-vacuum-storage-box.jpg","width":600,"height":600},{"@type":"BreadcrumbList","@id":"https:\/\/www.veltec.eu\/es\/product\/caja-de-almacenamiento-kirby-nl3083\/#breadcrumb","itemListElement":[{"@type":"ListItem","position":1,"name":"Home","item":"https:\/\/www.veltec.eu\/es\/"},{"@type":"ListItem","position":2,"name":"Produits","item":"https:\/\/www.veltec.eu\/fr\/shop\/"},{"@type":"ListItem","position":3,"name":"Caja de Almacenamiento Kirby"}]},{"@type":"WebSite","@id":"https:\/\/www.veltec.eu\/en\/#website","url":"https:\/\/www.veltec.eu\/en\/","name":"Veltec Kirby specialist","description":"Kirby stofzuiger producten","publisher":{"@id":"https:\/\/www.veltec.eu\/en\/#organization"},"potentialAction":[{"@type":"SearchAction","target":{"@type":"EntryPoint","urlTemplate":"https:\/\/www.veltec.eu\/en\/?s={search_term_string}"},"query-input":{"@type":"PropertyValueSpecification","valueRequired":true,"valueName":"search_term_string"}}],"inLanguage":"es"},{"@type":"Organization","@id":"https:\/\/www.veltec.eu\/en\/#organization","name":"Veltec Kirby Specialist","url":"https:\/\/www.veltec.eu\/en\/","logo":{"@type":"ImageObject","inLanguage":"es","@id":"https:\/\/www.veltec.eu\/en\/#\/schema\/logo\/image\/","url":"https:\/\/www.veltec.eu\/wp-content\/uploads\/2021\/12\/Veltec-log-groot-e1537260889125.png","contentUrl":"https:\/\/www.veltec.eu\/wp-content\/uploads\/2021\/12\/Veltec-log-groot-e1537260889125.png","width":200,"height":60,"caption":"Veltec Kirby Specialist"},"image":{"@id":"https:\/\/www.veltec.eu\/en\/#\/schema\/logo\/image\/"},"sameAs":["https:\/\/www.facebook.com\/Veltec-Kirby-Specialist-236746293374877\/","https:\/\/www.youtube.com\/user\/VeltecService"]}]}},"_links":{"self":[{"href":"https:\/\/www.veltec.eu\/es\/wp-json\/wp\/v2\/product\/11098","targetHints":{"allow":["GET"]}}],"collection":[{"href":"https:\/\/www.veltec.eu\/es\/wp-json\/wp\/v2\/product"}],"about":[{"href":"https:\/\/www.veltec.eu\/es\/wp-json\/wp\/v2\/types\/product"}],"replies":[{"embeddable":true,"href":"https:\/\/www.veltec.eu\/es\/wp-json\/wp\/v2\/comments?post=11098"}],"wp:featuredmedia":[{"embeddable":true,"href":"https:\/\/www.veltec.eu\/es\/wp-json\/wp\/v2\/media\/88225"}],"wp:attachment":[{"href":"https:\/\/www.veltec.eu\/es\/wp-json\/wp\/v2\/media?parent=11098"}],"wp:term":[{"taxonomy":"product_brand","embeddable":true,"href":"https:\/\/www.veltec.eu\/es\/wp-json\/wp\/v2\/product_brand?post=11098"},{"taxonomy":"product_cat","embeddable":true,"href":"https:\/\/www.veltec.eu\/es\/wp-json\/wp\/v2\/product_cat?post=11098"},{"taxonomy":"product_tag","embeddable":true,"href":"https:\/\/www.veltec.eu\/es\/wp-json\/wp\/v2\/product_tag?post=11098"}],"curies":[{"name":"wp","href":"https:\/\/api.w.org\/{rel}","templated":true}]}}