{"id":11068,"date":"2018-10-19T15:42:30","date_gmt":"2018-10-19T13:42:30","guid":{"rendered":"https:\/\/www.veltec.eu\/kirby-webshop\/boquilla-para-muebles-kirby-nl3075\/"},"modified":"2026-02-24T14:18:11","modified_gmt":"2026-02-24T12:18:11","slug":"boquilla-para-muebles-kirby-nl3075","status":"publish","type":"product","link":"https:\/\/www.veltec.eu\/es\/product\/boquilla-para-muebles-kirby-nl3075\/","title":{"rendered":"Boquilla para Muebles Kirby"},"content":{"rendered":"<h1 data-start=\"0\" data-end=\"22\">Boquilla para Muebles Kirby<\/h1>\n<p data-start=\"24\" data-end=\"252\">El boquilla para muebles Kirby es un accesorio pr\u00e1ctico para limpiar a fondo los tapizados. Permite eliminar f\u00e1cilmente la suciedad, el polvo y los al\u00e9rgenos de los muebles, las escaleras y los asientos de los autom\u00f3viles.<\/p>\n<h2 data-start=\"227\" data-end=\"273\">Boquilla para tapicer\u00edas Kirby<\/h2>\n<p data-start=\"275\" data-end=\"562\">La boquilla para muebles Kirby ha sido especialmente dise\u00f1ada para limpiar todo tipo de superficies textiles. De este modo, podr\u00e1 limpiar sof\u00e1s, sillas, cortinas y revestimientos de escaleras de forma r\u00e1pida y eficaz. Adem\u00e1s, la boquilla se desliza suavemente sobre el revestimiento, lo que permite aspirar la suciedad de forma precisa.<\/p>\n<p data-start=\"564\" data-end=\"818\">Esta boquilla para muebles es universal y, por lo tanto, adecuada para casi cualquier aspiradora Kirby. Por lo tanto, no tiene que preocuparse por la compatibilidad. Consulte nuestros <a href=\"https:\/\/www.veltec.eu\/es\/accesorios-kirby-comprar\/\" target=\"_blank\" rel=\"noopener\">accesorios Kirby<\/a> para ver otros accesorios.<\/p>\n<h3 data-start=\"820\" data-end=\"868\">Compatibilidad del accesorio para muebles<\/h3>\n<p data-start=\"870\" data-end=\"924\">La boquilla para muebles es compatible con los siguientes modelos:<\/p>\n<ul data-start=\"926\" data-end=\"1165\">\n<li data-start=\"926\" data-end=\"945\">Avalir Platinum<\/li>\n<li data-start=\"946\" data-end=\"958\">Avalir 2<\/li>\n<li data-start=\"959\" data-end=\"971\">Avalir 1<\/li>\n<li data-start=\"972\" data-end=\"992\">Sentria 2 (G10D)<\/li>\n<li data-start=\"993\" data-end=\"1012\">Sentria 1 (G10)<\/li>\n<li data-start=\"1013\" data-end=\"1054\">Ultimate G Diamond Edition (G7D \/ DE)<\/li>\n<li data-start=\"1055\" data-end=\"1079\">Ultimate G (G7 \/ UG)<\/li>\n<li data-start=\"1080\" data-end=\"1101\">Generation 6 (G6)<\/li>\n<li data-start=\"1102\" data-end=\"1123\">Generation 5 (G5)<\/li>\n<li data-start=\"1124\" data-end=\"1145\">Generation 4 (G4)<\/li>\n<li data-start=\"1146\" data-end=\"1165\">Generation 3 (G3)<\/li>\n<\/ul>\n<p data-start=\"1167\" data-end=\"1253\">Esto hace que este accesorio Kirby sea una opci\u00f3n segura para pr\u00e1cticamente cualquier usuario de Kirby.<\/p>\n<h2 data-start=\"1255\" data-end=\"1305\">Limpieza eficaz con el accesorio para muebles<\/h2>\n<p data-start=\"1307\" data-end=\"1530\">\u00bfTiene problemas con la suciedad persistente en sus tapicer\u00edas? Entonces, la boquilla para muebles le ofrece una soluci\u00f3n eficaz. Gracias a su dise\u00f1o compacto, podr\u00e1 llegar f\u00e1cilmente a las costuras, esquinas y otros lugares de dif\u00edcil acceso.<\/p>\n<p data-start=\"1532\" data-end=\"1753\">Adem\u00e1s, su potente succi\u00f3n garantiza la eliminaci\u00f3n eficaz de la suciedad incrustada y los \u00e1caros del polvo. Por ello, este accesorio para muebles Kirby es especialmente adecuado para hogares con mascotas o personas al\u00e9rgicas.<\/p>\n<p data-start=\"1755\" data-end=\"1877\">Adem\u00e1s, el uso regular ayuda a prevenir la acumulaci\u00f3n de suciedad. De este modo, su tapicer\u00eda se mantendr\u00e1 fresca y limpia durante m\u00e1s tiempo.<\/p>\n<h2 data-start=\"1879\" data-end=\"1929\">Uso vers\u00e1til de la boquilla para muebles<\/h2>\n<p data-start=\"1931\" data-end=\"2050\">La boquilla para muebles Kirby no solo est\u00e1 pensada para muebles. Adem\u00e1s, este pr\u00e1ctico accesorio Kirby tambi\u00e9n se puede utilizar para:<\/p>\n<ul data-start=\"2052\" data-end=\"2163\">\n<li data-start=\"2052\" data-end=\"2074\">Limpiar cortinas.<\/li>\n<li data-start=\"2052\" data-end=\"2074\">Limpiar revestimientos de escaleras.<\/li>\n<li data-start=\"2052\" data-end=\"2074\">Aspirar asientos de coche.<\/li>\n<li data-start=\"2052\" data-end=\"2074\">Limpiar peque\u00f1as alfombras.<\/li>\n<\/ul>\n<p data-start=\"2165\" data-end=\"2308\">De este modo, con un solo accesorio dispone de m\u00faltiples posibilidades de limpieza. Adem\u00e1s, su forma compacta permite trabajar de forma c\u00f3moda y controlada.<\/p>\n<p data-start=\"2310\" data-end=\"2475\">\u00bfDesea obtener m\u00e1s informaci\u00f3n sobre el mantenimiento y el uso profesional? Lea nuestro blog externo: <a href=\"https:\/\/www.servicio-de-aspiradoras-kirby.es\/el-blog\/\" target=\"_blank\" rel=\"noopener\">Servicio de aspiradora Kirby.<\/a><\/p>\n<h2 data-start=\"2477\" data-end=\"2523\">\u00bfPor qu\u00e9 elegir el accesorio para muebles Kirby?<\/h2>\n<p data-start=\"2525\" data-end=\"2704\">El accesorio para muebles se distingue por combinar funcionalidad y durabilidad. De este modo, usted se beneficia de un resultado de limpieza fiable y eficaz.<\/p>\n<h3 data-start=\"2706\" data-end=\"2734\">Principales ventajas:<\/h3>\n<ul data-start=\"2736\" data-end=\"2914\">\n<li data-start=\"2736\" data-end=\"2769\">Aspiraci\u00f3n potente y precisa.<br \/>\nDise\u00f1o compacto y maniobrable.<br \/>\nBoquilla universal Kirby.<br \/>\nApto para diversas superficies de tela.<br \/>\nConstrucci\u00f3n duradera y resistente.<\/li>\n<\/ul>\n<p data-start=\"2916\" data-end=\"2998\">Esto hace que este boquilla para muebles Kirby sea un complemento inteligente para su aspiradora Kirby.<\/p>\n","protected":false},"excerpt":{"rendered":"<p>Boquilla universal Kirby para muebles, ideal para limpiar eficazmente tapicer\u00edas, muebles y asientos de coche. Compacta, potente y compatible con casi todos los aspiradores Kirby.<\/p>\n[trustindex data-widget-id=48bbd87242952812953642309d4]\n<h3><span style=\"color: #008000;\"><br \/>\nEn stock<\/span><\/h3>\n[av_font_icon icon='ue812' font='entypo-fontello' style='' caption='' size='25px' position='left' color='#43ad66' link='' linktarget='' title_attr='' sonar_effect_effect='' sonar_effect_color='' sonar_effect_duration='1' sonar_effect_scale='' sonar_effect_opac='0.5' animation='' id='' custom_class='' template_class='' av_uid='' sc_version='1.0' admin_preview_bg=''][\/av_font_icon]\n<p><span style=\"color: #008000;\">Pedido antes de las 23:59, enviado ma\u00f1ana<\/span><\/p>\n<p>&nbsp;<\/p>\n","protected":false},"featured_media":88252,"comment_status":"open","ping_status":"closed","template":"","meta":[],"product_brand":[],"product_cat":[357],"product_tag":[],"class_list":{"0":"post-11068","1":"product","2":"type-product","3":"status-publish","4":"has-post-thumbnail","6":"product_cat-accesorios-kirby","7":"product_shipping_class-klein-es","9":"first","10":"instock","11":"taxable","12":"shipping-taxable","13":"purchasable","14":"product-type-simple"},"yoast_head":"<!-- This site is optimized with the Yoast SEO Premium plugin v27.1 (Yoast SEO v27.4) - https:\/\/yoast.com\/product\/yoast-seo-premium-wordpress\/ -->\n<title>Boquilla para muebles Kirby \u2013 Boquilla universal para tapicer\u00edas<\/title>\n<meta name=\"description\" content=\"Boquilla universal Kirby para muebles, sillas y tapicer\u00edas de autom\u00f3viles. Limpieza potente y apta para todos los modelos Kirby.\" \/>\n<meta name=\"robots\" content=\"index, follow, max-snippet:-1, max-image-preview:large, max-video-preview:-1\" \/>\n<link rel=\"canonical\" href=\"https:\/\/www.veltec.eu\/nl\/product\/kirby-meubelmondstuk-nl3075\/\" \/>\n<meta property=\"og:locale\" content=\"es_ES\" \/>\n<meta property=\"og:type\" content=\"article\" \/>\n<meta property=\"og:title\" content=\"Boquilla para Muebles Kirby\" \/>\n<meta property=\"og:description\" content=\"Boquilla universal Kirby para muebles, ideal para limpiar eficazmente tapicer\u00edas, muebles y asientos de coche. Compacta, potente y compatible con casi todos los aspiradores Kirby.    En stock   Pedido antes de las 23:59, enviado ma\u00f1ana  &nbsp;\" \/>\n<meta property=\"og:url\" content=\"https:\/\/www.veltec.eu\/nl\/product\/kirby-meubelmondstuk-nl3075\/\" \/>\n<meta property=\"og:site_name\" content=\"Veltec Kirby specialist\" \/>\n<meta property=\"article:publisher\" content=\"https:\/\/www.facebook.com\/Veltec-Kirby-Specialist-236746293374877\/\" \/>\n<meta property=\"article:modified_time\" content=\"2026-02-24T12:18:11+00:00\" \/>\n<meta property=\"og:image\" content=\"https:\/\/www.veltec.eu\/wp-content\/uploads\/2018\/10\/Kirby-meubel-1.jpg\" \/>\n\t<meta property=\"og:image:width\" content=\"400\" \/>\n\t<meta property=\"og:image:height\" content=\"400\" \/>\n\t<meta property=\"og:image:type\" content=\"image\/jpeg\" \/>\n<meta name=\"twitter:card\" content=\"summary_large_image\" \/>\n<meta name=\"twitter:label1\" content=\"Tiempo de lectura\" \/>\n\t<meta name=\"twitter:data1\" content=\"3 minutos\" \/>\n<script type=\"application\/ld+json\" class=\"yoast-schema-graph\">{\"@context\":\"https:\\\/\\\/schema.org\",\"@graph\":[{\"@type\":\"WebPage\",\"@id\":\"https:\\\/\\\/www.veltec.eu\\\/nl\\\/product\\\/kirby-meubelmondstuk-nl3075\\\/\",\"url\":\"https:\\\/\\\/www.veltec.eu\\\/nl\\\/product\\\/kirby-meubelmondstuk-nl3075\\\/\",\"name\":\"Boquilla para muebles Kirby \u2013 Boquilla universal para tapicer\u00edas\",\"isPartOf\":{\"@id\":\"https:\\\/\\\/www.veltec.eu\\\/en\\\/#website\"},\"primaryImageOfPage\":{\"@id\":\"https:\\\/\\\/www.veltec.eu\\\/nl\\\/product\\\/kirby-meubelmondstuk-nl3075\\\/#primaryimage\"},\"image\":{\"@id\":\"https:\\\/\\\/www.veltec.eu\\\/nl\\\/product\\\/kirby-meubelmondstuk-nl3075\\\/#primaryimage\"},\"thumbnailUrl\":\"https:\\\/\\\/www.veltec.eu\\\/wp-content\\\/uploads\\\/2018\\\/10\\\/Kirby-meubel-1.jpg\",\"datePublished\":\"2018-10-19T13:42:30+00:00\",\"dateModified\":\"2026-02-24T12:18:11+00:00\",\"description\":\"Boquilla universal Kirby para muebles, sillas y tapicer\u00edas de autom\u00f3viles. Limpieza potente y apta para todos los modelos Kirby.\",\"breadcrumb\":{\"@id\":\"https:\\\/\\\/www.veltec.eu\\\/nl\\\/product\\\/kirby-meubelmondstuk-nl3075\\\/#breadcrumb\"},\"inLanguage\":\"es\",\"potentialAction\":[{\"@type\":\"ReadAction\",\"target\":[\"https:\\\/\\\/www.veltec.eu\\\/nl\\\/product\\\/kirby-meubelmondstuk-nl3075\\\/\"]}]},{\"@type\":\"ImageObject\",\"inLanguage\":\"es\",\"@id\":\"https:\\\/\\\/www.veltec.eu\\\/nl\\\/product\\\/kirby-meubelmondstuk-nl3075\\\/#primaryimage\",\"url\":\"https:\\\/\\\/www.veltec.eu\\\/wp-content\\\/uploads\\\/2018\\\/10\\\/Kirby-meubel-1.jpg\",\"contentUrl\":\"https:\\\/\\\/www.veltec.eu\\\/wp-content\\\/uploads\\\/2018\\\/10\\\/Kirby-meubel-1.jpg\",\"width\":400,\"height\":400},{\"@type\":\"BreadcrumbList\",\"@id\":\"https:\\\/\\\/www.veltec.eu\\\/nl\\\/product\\\/kirby-meubelmondstuk-nl3075\\\/#breadcrumb\",\"itemListElement\":[{\"@type\":\"ListItem\",\"position\":1,\"name\":\"Home\",\"item\":\"https:\\\/\\\/www.veltec.eu\\\/es\\\/\"},{\"@type\":\"ListItem\",\"position\":2,\"name\":\"Produits\",\"item\":\"https:\\\/\\\/www.veltec.eu\\\/fr\\\/shop\\\/\"},{\"@type\":\"ListItem\",\"position\":3,\"name\":\"Boquilla para Muebles Kirby\"}]},{\"@type\":\"WebSite\",\"@id\":\"https:\\\/\\\/www.veltec.eu\\\/en\\\/#website\",\"url\":\"https:\\\/\\\/www.veltec.eu\\\/en\\\/\",\"name\":\"Veltec Kirby specialist\",\"description\":\"Kirby stofzuiger producten\",\"publisher\":{\"@id\":\"https:\\\/\\\/www.veltec.eu\\\/en\\\/#organization\"},\"potentialAction\":[{\"@type\":\"SearchAction\",\"target\":{\"@type\":\"EntryPoint\",\"urlTemplate\":\"https:\\\/\\\/www.veltec.eu\\\/en\\\/?s={search_term_string}\"},\"query-input\":{\"@type\":\"PropertyValueSpecification\",\"valueRequired\":true,\"valueName\":\"search_term_string\"}}],\"inLanguage\":\"es\"},{\"@type\":\"Organization\",\"@id\":\"https:\\\/\\\/www.veltec.eu\\\/en\\\/#organization\",\"name\":\"Veltec Kirby Specialist\",\"url\":\"https:\\\/\\\/www.veltec.eu\\\/en\\\/\",\"logo\":{\"@type\":\"ImageObject\",\"inLanguage\":\"es\",\"@id\":\"https:\\\/\\\/www.veltec.eu\\\/en\\\/#\\\/schema\\\/logo\\\/image\\\/\",\"url\":\"https:\\\/\\\/www.veltec.eu\\\/wp-content\\\/uploads\\\/2021\\\/12\\\/Veltec-log-groot-e1537260889125.png\",\"contentUrl\":\"https:\\\/\\\/www.veltec.eu\\\/wp-content\\\/uploads\\\/2021\\\/12\\\/Veltec-log-groot-e1537260889125.png\",\"width\":200,\"height\":60,\"caption\":\"Veltec Kirby Specialist\"},\"image\":{\"@id\":\"https:\\\/\\\/www.veltec.eu\\\/en\\\/#\\\/schema\\\/logo\\\/image\\\/\"},\"sameAs\":[\"https:\\\/\\\/www.facebook.com\\\/Veltec-Kirby-Specialist-236746293374877\\\/\",\"https:\\\/\\\/www.youtube.com\\\/user\\\/VeltecService\"]}]}<\/script>\n<!-- \/ Yoast SEO Premium plugin. -->","yoast_head_json":{"title":"Boquilla para muebles Kirby \u2013 Boquilla universal para tapicer\u00edas","description":"Boquilla universal Kirby para muebles, sillas y tapicer\u00edas de autom\u00f3viles. Limpieza potente y apta para todos los modelos Kirby.","robots":{"index":"index","follow":"follow","max-snippet":"max-snippet:-1","max-image-preview":"max-image-preview:large","max-video-preview":"max-video-preview:-1"},"canonical":"https:\/\/www.veltec.eu\/nl\/product\/kirby-meubelmondstuk-nl3075\/","og_locale":"es_ES","og_type":"article","og_title":"Boquilla para Muebles Kirby","og_description":"Boquilla universal Kirby para muebles, ideal para limpiar eficazmente tapicer\u00edas, muebles y asientos de coche. Compacta, potente y compatible con casi todos los aspiradores Kirby.    En stock   Pedido antes de las 23:59, enviado ma\u00f1ana  &nbsp;","og_url":"https:\/\/www.veltec.eu\/nl\/product\/kirby-meubelmondstuk-nl3075\/","og_site_name":"Veltec Kirby specialist","article_publisher":"https:\/\/www.facebook.com\/Veltec-Kirby-Specialist-236746293374877\/","article_modified_time":"2026-02-24T12:18:11+00:00","og_image":[{"width":400,"height":400,"url":"https:\/\/www.veltec.eu\/wp-content\/uploads\/2018\/10\/Kirby-meubel-1.jpg","type":"image\/jpeg"}],"twitter_card":"summary_large_image","twitter_misc":{"Tiempo de lectura":"3 minutos"},"schema":{"@context":"https:\/\/schema.org","@graph":[{"@type":"WebPage","@id":"https:\/\/www.veltec.eu\/nl\/product\/kirby-meubelmondstuk-nl3075\/","url":"https:\/\/www.veltec.eu\/nl\/product\/kirby-meubelmondstuk-nl3075\/","name":"Boquilla para muebles Kirby \u2013 Boquilla universal para tapicer\u00edas","isPartOf":{"@id":"https:\/\/www.veltec.eu\/en\/#website"},"primaryImageOfPage":{"@id":"https:\/\/www.veltec.eu\/nl\/product\/kirby-meubelmondstuk-nl3075\/#primaryimage"},"image":{"@id":"https:\/\/www.veltec.eu\/nl\/product\/kirby-meubelmondstuk-nl3075\/#primaryimage"},"thumbnailUrl":"https:\/\/www.veltec.eu\/wp-content\/uploads\/2018\/10\/Kirby-meubel-1.jpg","datePublished":"2018-10-19T13:42:30+00:00","dateModified":"2026-02-24T12:18:11+00:00","description":"Boquilla universal Kirby para muebles, sillas y tapicer\u00edas de autom\u00f3viles. Limpieza potente y apta para todos los modelos Kirby.","breadcrumb":{"@id":"https:\/\/www.veltec.eu\/nl\/product\/kirby-meubelmondstuk-nl3075\/#breadcrumb"},"inLanguage":"es","potentialAction":[{"@type":"ReadAction","target":["https:\/\/www.veltec.eu\/nl\/product\/kirby-meubelmondstuk-nl3075\/"]}]},{"@type":"ImageObject","inLanguage":"es","@id":"https:\/\/www.veltec.eu\/nl\/product\/kirby-meubelmondstuk-nl3075\/#primaryimage","url":"https:\/\/www.veltec.eu\/wp-content\/uploads\/2018\/10\/Kirby-meubel-1.jpg","contentUrl":"https:\/\/www.veltec.eu\/wp-content\/uploads\/2018\/10\/Kirby-meubel-1.jpg","width":400,"height":400},{"@type":"BreadcrumbList","@id":"https:\/\/www.veltec.eu\/nl\/product\/kirby-meubelmondstuk-nl3075\/#breadcrumb","itemListElement":[{"@type":"ListItem","position":1,"name":"Home","item":"https:\/\/www.veltec.eu\/es\/"},{"@type":"ListItem","position":2,"name":"Produits","item":"https:\/\/www.veltec.eu\/fr\/shop\/"},{"@type":"ListItem","position":3,"name":"Boquilla para Muebles Kirby"}]},{"@type":"WebSite","@id":"https:\/\/www.veltec.eu\/en\/#website","url":"https:\/\/www.veltec.eu\/en\/","name":"Veltec Kirby specialist","description":"Kirby stofzuiger producten","publisher":{"@id":"https:\/\/www.veltec.eu\/en\/#organization"},"potentialAction":[{"@type":"SearchAction","target":{"@type":"EntryPoint","urlTemplate":"https:\/\/www.veltec.eu\/en\/?s={search_term_string}"},"query-input":{"@type":"PropertyValueSpecification","valueRequired":true,"valueName":"search_term_string"}}],"inLanguage":"es"},{"@type":"Organization","@id":"https:\/\/www.veltec.eu\/en\/#organization","name":"Veltec Kirby Specialist","url":"https:\/\/www.veltec.eu\/en\/","logo":{"@type":"ImageObject","inLanguage":"es","@id":"https:\/\/www.veltec.eu\/en\/#\/schema\/logo\/image\/","url":"https:\/\/www.veltec.eu\/wp-content\/uploads\/2021\/12\/Veltec-log-groot-e1537260889125.png","contentUrl":"https:\/\/www.veltec.eu\/wp-content\/uploads\/2021\/12\/Veltec-log-groot-e1537260889125.png","width":200,"height":60,"caption":"Veltec Kirby Specialist"},"image":{"@id":"https:\/\/www.veltec.eu\/en\/#\/schema\/logo\/image\/"},"sameAs":["https:\/\/www.facebook.com\/Veltec-Kirby-Specialist-236746293374877\/","https:\/\/www.youtube.com\/user\/VeltecService"]}]}},"_links":{"self":[{"href":"https:\/\/www.veltec.eu\/es\/wp-json\/wp\/v2\/product\/11068","targetHints":{"allow":["GET"]}}],"collection":[{"href":"https:\/\/www.veltec.eu\/es\/wp-json\/wp\/v2\/product"}],"about":[{"href":"https:\/\/www.veltec.eu\/es\/wp-json\/wp\/v2\/types\/product"}],"replies":[{"embeddable":true,"href":"https:\/\/www.veltec.eu\/es\/wp-json\/wp\/v2\/comments?post=11068"}],"wp:featuredmedia":[{"embeddable":true,"href":"https:\/\/www.veltec.eu\/es\/wp-json\/wp\/v2\/media\/88252"}],"wp:attachment":[{"href":"https:\/\/www.veltec.eu\/es\/wp-json\/wp\/v2\/media?parent=11068"}],"wp:term":[{"taxonomy":"product_brand","embeddable":true,"href":"https:\/\/www.veltec.eu\/es\/wp-json\/wp\/v2\/product_brand?post=11068"},{"taxonomy":"product_cat","embeddable":true,"href":"https:\/\/www.veltec.eu\/es\/wp-json\/wp\/v2\/product_cat?post=11068"},{"taxonomy":"product_tag","embeddable":true,"href":"https:\/\/www.veltec.eu\/es\/wp-json\/wp\/v2\/product_tag?post=11068"}],"curies":[{"name":"wp","href":"https:\/\/api.w.org\/{rel}","templated":true}]}}