{"id":11003,"date":"2018-10-22T11:26:53","date_gmt":"2018-10-22T09:26:53","guid":{"rendered":"https:\/\/www.veltec.eu\/kirby-webshop\/cable-electrico-kirby-nl3050\/"},"modified":"2026-03-09T08:01:51","modified_gmt":"2026-03-09T06:01:51","slug":"cable-electrico-kirby-de-10m-generacion","status":"publish","type":"product","link":"https:\/\/www.veltec.eu\/es\/product\/cable-electrico-kirby-de-10m-generacion\/","title":{"rendered":"Cable el\u00e9ctrico Kirby de 10m Generaci\u00f3n"},"content":{"rendered":"<article class=\"text-token-text-primary w-full focus:outline-none [--shadow-height:45px] has-data-writing-block:pointer-events-none has-data-writing-block:-mt-(--shadow-height) has-data-writing-block:pt-(--shadow-height) [&amp;:has([data-writing-block])&gt;*]:pointer-events-auto scroll-mt-[calc(var(--header-height)+min(200px,max(70px,20svh)))]\" dir=\"auto\" tabindex=\"-1\" data-turn-id=\"request-WEB:c36f092b-45d7-4af1-a46f-7e87f42bc303-2\" data-testid=\"conversation-turn-2\" data-scroll-anchor=\"false\" data-turn=\"assistant\">\n<div class=\"text-base my-auto mx-auto [--thread-content-margin:--spacing(4)] @w-sm\/main:[--thread-content-margin:--spacing(6)] @w-lg\/main:[--thread-content-margin:--spacing(16)] px-(--thread-content-margin)\">\n<div class=\"[--thread-content-max-width:40rem] @w-lg\/main:[--thread-content-max-width:48rem] mx-auto max-w-(--thread-content-max-width) flex-1 group\/turn-messages focus-visible:outline-hidden relative flex w-full min-w-0 flex-col agent-turn\" tabindex=\"-1\">\n<div class=\"flex max-w-full flex-col grow\">\n<div class=\"min-h-8 text-message relative flex w-full flex-col items-end gap-2 text-start break-words whitespace-normal [.text-message+&amp;]:mt-1\" dir=\"auto\" data-message-author-role=\"assistant\" data-message-id=\"0b979437-4a6b-4bf3-a94a-19607acade5a\" data-message-model-slug=\"gpt-5-3\">\n<div class=\"flex w-full flex-col gap-1 empty:hidden first:pt-[1px]\">\n<div class=\"markdown prose dark:prose-invert w-full wrap-break-word light markdown-new-styling\">\n<h1 data-start=\"0\" data-end=\"35\">Cable el\u00e9ctrico Kirby de 10m Generaci\u00f3n<\/h1>\n<p data-start=\"37\" data-end=\"481\">Cable el\u00e9ctrico Kirby de 10m Generaci\u00f3n es un recambio potente y duradero para varias aspiradoras Kirby de la serie Generation. Gracias a su longitud adicional de 10 metros, podr\u00e1 trabajar con mucha m\u00e1s flexibilidad, mientras que el resistente cable de goma garantiza un suministro de corriente fiable y seguro durante el aspirado. Por ello, este cable de alimentaci\u00f3n Kirby es ideal para espacios m\u00e1s grandes en los que las tomas de corriente est\u00e1n m\u00e1s alejadas entre s\u00ed.<\/p>\n<h2 data-start=\"488\" data-end=\"556\">Cable el\u00e9ctrico Kirby de 10 m Generation para una m\u00e1xima libertad de movimiento<\/h2>\n<p data-start=\"558\" data-end=\"894\">El cable el\u00e9ctrica Generation de Kirby ofrece un alcance considerablemente mayor que los cables de alimentaci\u00f3n est\u00e1ndar. Esto le permite aspirar grandes superficies sin tener que cambiar constantemente de toma de corriente. Adem\u00e1s, su longitud de diez metros le permite trabajar de forma m\u00e1s eficiente y sufrir menos interrupciones durante la limpieza.<\/p>\n<p data-start=\"896\" data-end=\"1214\">Adem\u00e1s, el cable est\u00e1 fabricado con un robusto revestimiento de goma, lo que lo hace muy resistente al uso diario. De este modo, el cable mantiene su flexibilidad, al tiempo que se reduce considerablemente el desgaste y los da\u00f1os. Esto hace que el cable de alimentaci\u00f3n Kirby sea especialmente adecuado para un uso dom\u00e9stico intensivo.<\/p>\n<h2 data-start=\"1221\" data-end=\"1281\">Compatibilidad del cable de alimentaci\u00f3n de 10 m Generation<\/h2>\n<p data-start=\"1283\" data-end=\"1504\">El cable el\u00e9ctrico Kirby de 10 m Generation ha sido dise\u00f1ado espec\u00edficamente para varios modelos de aspiradoras Kirby de la serie Generation. Por lo tanto, el cable se conecta perfectamente a la toma de corriente interna de estos modelos.<\/p>\n<p data-start=\"1506\" data-end=\"1550\">Apto para los siguientes aspiradores Kirby:<\/p>\n<ul data-start=\"1552\" data-end=\"1740\">\n<li data-start=\"1552\" data-end=\"1599\">Kirby Ultimate G Diamond Edition (G7D \/ DE)<\/li>\n<li data-start=\"1600\" data-end=\"1630\">Kirby Ultimate G (G7 \/ UG)<\/li>\n<li data-start=\"1631\" data-end=\"1658\">Kirby Generation 6 (G6)<\/li>\n<li data-start=\"1659\" data-end=\"1686\">Kirby Generation 5 (G5)<\/li>\n<li data-start=\"1687\" data-end=\"1714\">Kirby Generation 4 (G4)<\/li>\n<li data-start=\"1715\" data-end=\"1740\">Kirby Generation 3 (G3)<\/li>\n<\/ul>\n<p data-start=\"1742\" data-end=\"1893\">ATENCI\u00d3N: este cable no es adecuado para los modelos Kirby Sentria y Kirby Avalir. Para estas aspiradoras se necesita otro tipo de cable de alimentaci\u00f3n.<\/p>\n<p data-start=\"1742\" data-end=\"1893\"><a href=\"https:\/\/www.veltec.eu\/es\/product\/cable-electrico-kirby-de-10m-sentria-y-avalir\/\" target=\"_blank\" rel=\"noopener\">Haga clic aqu\u00ed si tiene un Kirby Sentria o un Kirby Avalir.<\/a><\/p>\n<h2 data-start=\"1900\" data-end=\"1956\">Instalaci\u00f3n del cable el\u00e9ctrico Kirby<\/h2>\n<p data-start=\"1958\" data-end=\"2221\">El cable de alimentaci\u00f3n de Kirby es f\u00e1cil de instalar. El enchufe del aparato se encuentra debajo de la tapa protectora, en el lado derecho del aspirador Kirby. A continuaci\u00f3n, puede retirar esta tapa con ayuda de un destornillador Torx.<\/p>\n<p data-start=\"2223\" data-end=\"2468\">A continuaci\u00f3n, se desconecta el cable antiguo y se puede colocar f\u00e1cilmente el nuevo cable de alimentaci\u00f3n Kirby. Gracias a los protectores contra tracci\u00f3n moldeados por inyecci\u00f3n, el cable permanece firmemente fijado, lo que evita da\u00f1os por tirones o flexiones.<\/p>\n<p>\u00bfDesea obtener m\u00e1s informaci\u00f3n sobre el funcionamiento y la sustituci\u00f3n del cable de alimentaci\u00f3n Kirby? Lea el art\u00edculo detallado en nuestro blog: <a href=\"https:\/\/www.servicio-de-aspiradoras-kirby.es\/cordon-kirby-elektra\/\" target=\"_blank\" rel=\"noopener\">Todo sobre el cable de alimentaci\u00f3n Kirby.<\/a><\/p>\n<h3 data-start=\"2475\" data-end=\"2545\">Caracter\u00edsticas t\u00e9cnicas del cable el\u00e9ctrico Generation<\/h3>\n<p data-start=\"2547\" data-end=\"2723\">El cable el\u00e9ctrico Generation est\u00e1 equipado con conexiones de alta calidad y componentes duraderos. Por lo tanto, el cable ofrece una conexi\u00f3n el\u00e9ctrica estable y segura.<\/p>\n<p data-start=\"2725\" data-end=\"2747\">Caracter\u00edsticas importantes:<\/p>\n<ul data-start=\"2749\" data-end=\"2986\">\n<li data-start=\"2749\" data-end=\"2769\">Longitud: 10 metros.<\/li>\n<li data-start=\"2749\" data-end=\"2769\">Material: cableado de goma resistente.<\/li>\n<li data-start=\"2749\" data-end=\"2769\">1 conector recto moldeado por inyecci\u00f3n.<\/li>\n<li data-start=\"2749\" data-end=\"2769\">1 conector hembra en \u00e1ngulo moldeado por inyecci\u00f3n.<\/li>\n<li data-start=\"2749\" data-end=\"2769\">1 alivio de tracci\u00f3n integrado.<\/li>\n<li data-start=\"2749\" data-end=\"2769\">Dise\u00f1ado para un uso prolongado e intensivo.<\/li>\n<\/ul>\n<p data-start=\"2988\" data-end=\"3143\">Gracias a estas caracter\u00edsticas, el cable combina fiabilidad y facilidad de uso, al tiempo que mantiene el rendimiento \u00f3ptimo de su aspiradora Kirby.<\/p>\n<h2 data-start=\"3150\" data-end=\"3221\">Pida un cable el\u00e9ctrico de 10 m Generation para su aspiradora Kirby.<\/h2>\n<p data-start=\"3223\" data-end=\"3506\">Si elige el cable el\u00e9ctrico Kirby Generation de 10 m, disfrutar\u00e1 inmediatamente de una mayor libertad de movimiento, un suministro de energ\u00eda fiable y una mayor vida \u00fatil de sus equipos. Adem\u00e1s, su dise\u00f1o de alta calidad garantiza que el cable resista un uso intensivo.<\/p>\n<\/div>\n<\/div>\n<\/div>\n<\/div>\n<\/div>\n<\/div>\n<\/article>\n","protected":false},"excerpt":{"rendered":"<p>El cable el\u00e9ctrico Kirby Generation de 10 m es un cable de repuesto duradero con cable de goma y conectores resistentes. Apto para Kirby G3 hasta Diamond e ideal para un mayor alcance durante la aspiraci\u00f3n.<\/p>\n[trustindex data-widget-id=48bbd87242952812953642309d4]\n<h3><span style=\"color: #008000;\"><br \/>\nEn stock<\/span><\/h3>\n[av_font_icon icon='ue812' font='entypo-fontello' style='' caption='' size='25px' position='left' color='#43ad66' link='' linktarget='' title_attr='' sonar_effect_effect='' sonar_effect_color='' sonar_effect_duration='1' sonar_effect_scale='' sonar_effect_opac='0.5' animation='' id='' custom_class='' template_class='' av_uid='' sc_version='1.0' admin_preview_bg=''][\/av_font_icon]\n<p><span style=\"color: #008000;\">Pedido antes de las 23:59, enviado ma\u00f1ana<\/span><\/p>\n<p>&nbsp;<\/p>\n","protected":false},"featured_media":31276,"comment_status":"open","ping_status":"closed","template":"","meta":[],"product_brand":[],"product_cat":[390],"product_tag":[],"class_list":{"0":"post-11003","1":"product","2":"type-product","3":"status-publish","4":"has-post-thumbnail","6":"product_cat-cable-electrico-kirby","7":"product_shipping_class-klein-es","9":"first","10":"instock","11":"sale","12":"taxable","13":"shipping-taxable","14":"purchasable","15":"product-type-simple"},"yoast_head":"<!-- This site is optimized with the Yoast SEO Premium plugin v27.1 (Yoast SEO v27.4) - https:\/\/yoast.com\/product\/yoast-seo-premium-wordpress\/ -->\n<title>Cable el\u00e9ctrico Kirby de 10m Generaci\u00f3n G3 a Diamond<\/title>\n<meta name=\"description\" content=\"Cable el\u00e9ctrico Kirby de 10m Generaci\u00f3n para G3 hasta Diamond. Cable de alimentaci\u00f3n duradero con cable de goma y enchufes resistentes.\" \/>\n<meta name=\"robots\" content=\"index, follow, max-snippet:-1, max-image-preview:large, max-video-preview:-1\" \/>\n<link rel=\"canonical\" href=\"https:\/\/www.veltec.eu\/es\/product\/cable-electrico-kirby-de-10m-generacion\/\" \/>\n<meta property=\"og:locale\" content=\"es_ES\" \/>\n<meta property=\"og:type\" content=\"article\" \/>\n<meta property=\"og:title\" content=\"Cable el\u00e9ctrico Kirby de 10m Generaci\u00f3n\" \/>\n<meta property=\"og:description\" content=\"El cable el\u00e9ctrico Kirby Generation de 10 m es un cable de repuesto duradero con cable de goma y conectores resistentes. Apto para Kirby G3 hasta Diamond e ideal para un mayor alcance durante la aspiraci\u00f3n.    En stock   Pedido antes de las 23:59, enviado ma\u00f1ana  &nbsp;\" \/>\n<meta property=\"og:url\" content=\"https:\/\/www.veltec.eu\/es\/product\/cable-electrico-kirby-de-10m-generacion\/\" \/>\n<meta property=\"og:site_name\" content=\"Veltec Kirby specialist\" \/>\n<meta property=\"article:publisher\" content=\"https:\/\/www.facebook.com\/Veltec-Kirby-Specialist-236746293374877\/\" \/>\n<meta property=\"article:modified_time\" content=\"2026-03-09T06:01:51+00:00\" \/>\n<meta property=\"og:image\" content=\"https:\/\/www.veltec.eu\/wp-content\/uploads\/2018\/10\/gew-snoer.jpg\" \/>\n\t<meta property=\"og:image:width\" content=\"500\" \/>\n\t<meta property=\"og:image:height\" content=\"500\" \/>\n\t<meta property=\"og:image:type\" content=\"image\/jpeg\" \/>\n<meta name=\"twitter:card\" content=\"summary_large_image\" \/>\n<meta name=\"twitter:label1\" content=\"Tiempo de lectura\" \/>\n\t<meta name=\"twitter:data1\" content=\"3 minutos\" \/>\n<script type=\"application\/ld+json\" class=\"yoast-schema-graph\">{\"@context\":\"https:\\\/\\\/schema.org\",\"@graph\":[{\"@type\":\"WebPage\",\"@id\":\"https:\\\/\\\/www.veltec.eu\\\/es\\\/product\\\/cable-electrico-kirby-de-10m-generacion\\\/\",\"url\":\"https:\\\/\\\/www.veltec.eu\\\/es\\\/product\\\/cable-electrico-kirby-de-10m-generacion\\\/\",\"name\":\"Cable el\u00e9ctrico Kirby de 10m Generaci\u00f3n G3 a Diamond\",\"isPartOf\":{\"@id\":\"https:\\\/\\\/www.veltec.eu\\\/en\\\/#website\"},\"primaryImageOfPage\":{\"@id\":\"https:\\\/\\\/www.veltec.eu\\\/es\\\/product\\\/cable-electrico-kirby-de-10m-generacion\\\/#primaryimage\"},\"image\":{\"@id\":\"https:\\\/\\\/www.veltec.eu\\\/es\\\/product\\\/cable-electrico-kirby-de-10m-generacion\\\/#primaryimage\"},\"thumbnailUrl\":\"https:\\\/\\\/www.veltec.eu\\\/wp-content\\\/uploads\\\/2018\\\/10\\\/gew-snoer.jpg\",\"datePublished\":\"2018-10-22T09:26:53+00:00\",\"dateModified\":\"2026-03-09T06:01:51+00:00\",\"description\":\"Cable el\u00e9ctrico Kirby de 10m Generaci\u00f3n para G3 hasta Diamond. Cable de alimentaci\u00f3n duradero con cable de goma y enchufes resistentes.\",\"breadcrumb\":{\"@id\":\"https:\\\/\\\/www.veltec.eu\\\/es\\\/product\\\/cable-electrico-kirby-de-10m-generacion\\\/#breadcrumb\"},\"inLanguage\":\"es\",\"potentialAction\":[{\"@type\":\"ReadAction\",\"target\":[\"https:\\\/\\\/www.veltec.eu\\\/es\\\/product\\\/cable-electrico-kirby-de-10m-generacion\\\/\"]}]},{\"@type\":\"ImageObject\",\"inLanguage\":\"es\",\"@id\":\"https:\\\/\\\/www.veltec.eu\\\/es\\\/product\\\/cable-electrico-kirby-de-10m-generacion\\\/#primaryimage\",\"url\":\"https:\\\/\\\/www.veltec.eu\\\/wp-content\\\/uploads\\\/2018\\\/10\\\/gew-snoer.jpg\",\"contentUrl\":\"https:\\\/\\\/www.veltec.eu\\\/wp-content\\\/uploads\\\/2018\\\/10\\\/gew-snoer.jpg\",\"width\":500,\"height\":500},{\"@type\":\"BreadcrumbList\",\"@id\":\"https:\\\/\\\/www.veltec.eu\\\/es\\\/product\\\/cable-electrico-kirby-de-10m-generacion\\\/#breadcrumb\",\"itemListElement\":[{\"@type\":\"ListItem\",\"position\":1,\"name\":\"Home\",\"item\":\"https:\\\/\\\/www.veltec.eu\\\/es\\\/\"},{\"@type\":\"ListItem\",\"position\":2,\"name\":\"Produits\",\"item\":\"https:\\\/\\\/www.veltec.eu\\\/fr\\\/shop\\\/\"},{\"@type\":\"ListItem\",\"position\":3,\"name\":\"Cable el\u00e9ctrico Kirby de 10m Generaci\u00f3n\"}]},{\"@type\":\"WebSite\",\"@id\":\"https:\\\/\\\/www.veltec.eu\\\/en\\\/#website\",\"url\":\"https:\\\/\\\/www.veltec.eu\\\/en\\\/\",\"name\":\"Veltec Kirby specialist\",\"description\":\"Kirby stofzuiger producten\",\"publisher\":{\"@id\":\"https:\\\/\\\/www.veltec.eu\\\/en\\\/#organization\"},\"potentialAction\":[{\"@type\":\"SearchAction\",\"target\":{\"@type\":\"EntryPoint\",\"urlTemplate\":\"https:\\\/\\\/www.veltec.eu\\\/en\\\/?s={search_term_string}\"},\"query-input\":{\"@type\":\"PropertyValueSpecification\",\"valueRequired\":true,\"valueName\":\"search_term_string\"}}],\"inLanguage\":\"es\"},{\"@type\":\"Organization\",\"@id\":\"https:\\\/\\\/www.veltec.eu\\\/en\\\/#organization\",\"name\":\"Veltec Kirby Specialist\",\"url\":\"https:\\\/\\\/www.veltec.eu\\\/en\\\/\",\"logo\":{\"@type\":\"ImageObject\",\"inLanguage\":\"es\",\"@id\":\"https:\\\/\\\/www.veltec.eu\\\/en\\\/#\\\/schema\\\/logo\\\/image\\\/\",\"url\":\"https:\\\/\\\/www.veltec.eu\\\/wp-content\\\/uploads\\\/2021\\\/12\\\/Veltec-log-groot-e1537260889125.png\",\"contentUrl\":\"https:\\\/\\\/www.veltec.eu\\\/wp-content\\\/uploads\\\/2021\\\/12\\\/Veltec-log-groot-e1537260889125.png\",\"width\":200,\"height\":60,\"caption\":\"Veltec Kirby Specialist\"},\"image\":{\"@id\":\"https:\\\/\\\/www.veltec.eu\\\/en\\\/#\\\/schema\\\/logo\\\/image\\\/\"},\"sameAs\":[\"https:\\\/\\\/www.facebook.com\\\/Veltec-Kirby-Specialist-236746293374877\\\/\",\"https:\\\/\\\/www.youtube.com\\\/user\\\/VeltecService\"]}]}<\/script>\n<!-- \/ Yoast SEO Premium plugin. -->","yoast_head_json":{"title":"Cable el\u00e9ctrico Kirby de 10m Generaci\u00f3n G3 a Diamond","description":"Cable el\u00e9ctrico Kirby de 10m Generaci\u00f3n para G3 hasta Diamond. Cable de alimentaci\u00f3n duradero con cable de goma y enchufes resistentes.","robots":{"index":"index","follow":"follow","max-snippet":"max-snippet:-1","max-image-preview":"max-image-preview:large","max-video-preview":"max-video-preview:-1"},"canonical":"https:\/\/www.veltec.eu\/es\/product\/cable-electrico-kirby-de-10m-generacion\/","og_locale":"es_ES","og_type":"article","og_title":"Cable el\u00e9ctrico Kirby de 10m Generaci\u00f3n","og_description":"El cable el\u00e9ctrico Kirby Generation de 10 m es un cable de repuesto duradero con cable de goma y conectores resistentes. Apto para Kirby G3 hasta Diamond e ideal para un mayor alcance durante la aspiraci\u00f3n.    En stock   Pedido antes de las 23:59, enviado ma\u00f1ana  &nbsp;","og_url":"https:\/\/www.veltec.eu\/es\/product\/cable-electrico-kirby-de-10m-generacion\/","og_site_name":"Veltec Kirby specialist","article_publisher":"https:\/\/www.facebook.com\/Veltec-Kirby-Specialist-236746293374877\/","article_modified_time":"2026-03-09T06:01:51+00:00","og_image":[{"width":500,"height":500,"url":"https:\/\/www.veltec.eu\/wp-content\/uploads\/2018\/10\/gew-snoer.jpg","type":"image\/jpeg"}],"twitter_card":"summary_large_image","twitter_misc":{"Tiempo de lectura":"3 minutos"},"schema":{"@context":"https:\/\/schema.org","@graph":[{"@type":"WebPage","@id":"https:\/\/www.veltec.eu\/es\/product\/cable-electrico-kirby-de-10m-generacion\/","url":"https:\/\/www.veltec.eu\/es\/product\/cable-electrico-kirby-de-10m-generacion\/","name":"Cable el\u00e9ctrico Kirby de 10m Generaci\u00f3n G3 a Diamond","isPartOf":{"@id":"https:\/\/www.veltec.eu\/en\/#website"},"primaryImageOfPage":{"@id":"https:\/\/www.veltec.eu\/es\/product\/cable-electrico-kirby-de-10m-generacion\/#primaryimage"},"image":{"@id":"https:\/\/www.veltec.eu\/es\/product\/cable-electrico-kirby-de-10m-generacion\/#primaryimage"},"thumbnailUrl":"https:\/\/www.veltec.eu\/wp-content\/uploads\/2018\/10\/gew-snoer.jpg","datePublished":"2018-10-22T09:26:53+00:00","dateModified":"2026-03-09T06:01:51+00:00","description":"Cable el\u00e9ctrico Kirby de 10m Generaci\u00f3n para G3 hasta Diamond. Cable de alimentaci\u00f3n duradero con cable de goma y enchufes resistentes.","breadcrumb":{"@id":"https:\/\/www.veltec.eu\/es\/product\/cable-electrico-kirby-de-10m-generacion\/#breadcrumb"},"inLanguage":"es","potentialAction":[{"@type":"ReadAction","target":["https:\/\/www.veltec.eu\/es\/product\/cable-electrico-kirby-de-10m-generacion\/"]}]},{"@type":"ImageObject","inLanguage":"es","@id":"https:\/\/www.veltec.eu\/es\/product\/cable-electrico-kirby-de-10m-generacion\/#primaryimage","url":"https:\/\/www.veltec.eu\/wp-content\/uploads\/2018\/10\/gew-snoer.jpg","contentUrl":"https:\/\/www.veltec.eu\/wp-content\/uploads\/2018\/10\/gew-snoer.jpg","width":500,"height":500},{"@type":"BreadcrumbList","@id":"https:\/\/www.veltec.eu\/es\/product\/cable-electrico-kirby-de-10m-generacion\/#breadcrumb","itemListElement":[{"@type":"ListItem","position":1,"name":"Home","item":"https:\/\/www.veltec.eu\/es\/"},{"@type":"ListItem","position":2,"name":"Produits","item":"https:\/\/www.veltec.eu\/fr\/shop\/"},{"@type":"ListItem","position":3,"name":"Cable el\u00e9ctrico Kirby de 10m Generaci\u00f3n"}]},{"@type":"WebSite","@id":"https:\/\/www.veltec.eu\/en\/#website","url":"https:\/\/www.veltec.eu\/en\/","name":"Veltec Kirby specialist","description":"Kirby stofzuiger producten","publisher":{"@id":"https:\/\/www.veltec.eu\/en\/#organization"},"potentialAction":[{"@type":"SearchAction","target":{"@type":"EntryPoint","urlTemplate":"https:\/\/www.veltec.eu\/en\/?s={search_term_string}"},"query-input":{"@type":"PropertyValueSpecification","valueRequired":true,"valueName":"search_term_string"}}],"inLanguage":"es"},{"@type":"Organization","@id":"https:\/\/www.veltec.eu\/en\/#organization","name":"Veltec Kirby Specialist","url":"https:\/\/www.veltec.eu\/en\/","logo":{"@type":"ImageObject","inLanguage":"es","@id":"https:\/\/www.veltec.eu\/en\/#\/schema\/logo\/image\/","url":"https:\/\/www.veltec.eu\/wp-content\/uploads\/2021\/12\/Veltec-log-groot-e1537260889125.png","contentUrl":"https:\/\/www.veltec.eu\/wp-content\/uploads\/2021\/12\/Veltec-log-groot-e1537260889125.png","width":200,"height":60,"caption":"Veltec Kirby Specialist"},"image":{"@id":"https:\/\/www.veltec.eu\/en\/#\/schema\/logo\/image\/"},"sameAs":["https:\/\/www.facebook.com\/Veltec-Kirby-Specialist-236746293374877\/","https:\/\/www.youtube.com\/user\/VeltecService"]}]}},"_links":{"self":[{"href":"https:\/\/www.veltec.eu\/es\/wp-json\/wp\/v2\/product\/11003","targetHints":{"allow":["GET"]}}],"collection":[{"href":"https:\/\/www.veltec.eu\/es\/wp-json\/wp\/v2\/product"}],"about":[{"href":"https:\/\/www.veltec.eu\/es\/wp-json\/wp\/v2\/types\/product"}],"replies":[{"embeddable":true,"href":"https:\/\/www.veltec.eu\/es\/wp-json\/wp\/v2\/comments?post=11003"}],"wp:featuredmedia":[{"embeddable":true,"href":"https:\/\/www.veltec.eu\/es\/wp-json\/wp\/v2\/media\/31276"}],"wp:attachment":[{"href":"https:\/\/www.veltec.eu\/es\/wp-json\/wp\/v2\/media?parent=11003"}],"wp:term":[{"taxonomy":"product_brand","embeddable":true,"href":"https:\/\/www.veltec.eu\/es\/wp-json\/wp\/v2\/product_brand?post=11003"},{"taxonomy":"product_cat","embeddable":true,"href":"https:\/\/www.veltec.eu\/es\/wp-json\/wp\/v2\/product_cat?post=11003"},{"taxonomy":"product_tag","embeddable":true,"href":"https:\/\/www.veltec.eu\/es\/wp-json\/wp\/v2\/product_tag?post=11003"}],"curies":[{"name":"wp","href":"https:\/\/api.w.org\/{rel}","templated":true}]}}