{"id":10957,"date":"2018-10-22T13:00:56","date_gmt":"2018-10-22T11:00:56","guid":{"rendered":"https:\/\/www.veltec.eu\/kirby-webshop\/parte-inferior-tubo-kirby-generation-nl3165\/"},"modified":"2026-05-14T16:01:27","modified_gmt":"2026-05-14T14:01:27","slug":"parte-inferior-tubo-kirby-generation-nl3165","status":"publish","type":"product","link":"https:\/\/www.veltec.eu\/es\/product\/parte-inferior-tubo-kirby-generation-nl3165\/","title":{"rendered":"Parte Inferior Tubo Kirby Generation"},"content":{"rendered":"<h1 data-section-id=\"1e716i3\" data-start=\"257\" data-end=\"336\">Parte Inferior Tubo Kirby Generation \u2013 Compatible con todos los modelos Kirby<\/h1>\n<p data-start=\"338\" data-end=\"646\">\u00bfBusca una pieza de repuesto confiable para la base de su tubo Kirby? La Parte Inferior Tubo Kirby Generation ofrece una soluci\u00f3n duradera para cualquier modelo de la serie Generation. Esta pieza est\u00e1 dise\u00f1ada para montarse f\u00e1cilmente y garantiza que su aspiradora funcione de manera \u00f3ptima nuevamente.<\/p>\n<h2 data-section-id=\"nmiw6d\" data-start=\"653\" data-end=\"704\">Compatibilidad universal con su aspiradora Kirby<\/h2>\n<p data-start=\"706\" data-end=\"796\">La parte inferior tubo\u00a0es adecuada para varios modelos, incluyendo:<\/p>\n<ul data-start=\"798\" data-end=\"948\">\n<li data-section-id=\"1649c4m\" data-start=\"798\" data-end=\"835\">Ultimate G Diamond Ed. (G7D o DE)<\/li>\n<li data-section-id=\"1cv5nq2\" data-start=\"836\" data-end=\"860\">Ultimate G (G7 o UG)<\/li>\n<li data-section-id=\"1ru5amg\" data-start=\"861\" data-end=\"882\">Generation 6 (G6)<\/li>\n<li data-section-id=\"rf3cw8\" data-start=\"883\" data-end=\"904\">Generation 5 (G5)<\/li>\n<li data-section-id=\"1eaksg8\" data-start=\"905\" data-end=\"926\">Generation 4 (G4)<\/li>\n<li data-section-id=\"iw9yq0\" data-start=\"927\" data-end=\"948\">Generation 3 (G3)<\/li>\n<\/ul>\n<p data-start=\"950\" data-end=\"1138\">Gracias a esta amplia compatibilidad, no tendr\u00e1 que preocuparse por recibir la pieza incorrecta. Simplemente seleccione el modelo correcto durante su pedido y asegure un ajuste perfecto.<\/p>\n<p data-start=\"1140\" data-end=\"1265\">Adem\u00e1s, consulte otros <a href=\"https:\/\/www.veltec.eu\/es\/accesorios-y-mangueras\/kirby-steel-y-accesorios\/\">componentes y accesorios de la barra Kirby<\/a> para mantener su aspiradora completamente operativa.<\/p>\n<h2 data-section-id=\"1g3pzop\" data-start=\"1272\" data-end=\"1331\">\u00bfPor qu\u00e9 elegir la Parte Inferior Tubo Kirby Generation?<\/h2>\n<p data-start=\"1333\" data-end=\"1526\">Cuando la base de su tubo est\u00e1 da\u00f1ada o muestra desgaste, afecta directamente el rendimiento de la aspiradora. Esta parte inferior proporciona un reemplazo perfecto y evita da\u00f1os adicionales.<\/p>\n<h3 data-section-id=\"1qkelig\" data-start=\"1528\" data-end=\"1555\">Ventajas principales:<\/h3>\n<ul data-start=\"1556\" data-end=\"1754\">\n<li data-section-id=\"5mofk1\" data-start=\"1556\" data-end=\"1604\">Pieza original Kirby con calidad garantizada<\/li>\n<li data-section-id=\"az419\" data-start=\"1605\" data-end=\"1651\">Material duradero para una larga vida \u00fatil<\/li>\n<li data-section-id=\"l13nlf\" data-start=\"1652\" data-end=\"1694\">Montaje f\u00e1cil sin necesidad de ajustes<\/li>\n<li data-section-id=\"1ik5aha\" data-start=\"1695\" data-end=\"1754\">Compatible con todos los modelos de la serie Generation<\/li>\n<\/ul>\n<p data-start=\"1756\" data-end=\"1881\">Gracias a estas ventajas, restaurar\u00e1 r\u00e1pidamente la funcionalidad de su aspiradora sin necesidad de conocimientos t\u00e9cnicos.<\/p>\n<h2 data-section-id=\"1alocu3\" data-start=\"1888\" data-end=\"1920\">Pedido e instalaci\u00f3n sencilla<\/h2>\n<p data-start=\"1922\" data-end=\"2153\">El proceso de pedido es simple: seleccione el modelo espec\u00edfico de Kirby y siempre recibir\u00e1 la versi\u00f3n correcta. La pieza entregada incluye la base del tubo; la placa trasera se vende por separado en nuestra <a href=\"https:\/\/www.veltec.eu\/es\/tienda-kirby\/\">tienda en l\u00ednea<\/a>.<\/p>\n<p data-start=\"2155\" data-end=\"2332\">La instalaci\u00f3n es extremadamente sencilla gracias al sistema de clic y deslizamiento, lo que permite colocar la pieza de forma r\u00e1pida y segura incluso sin experiencia t\u00e9cnica.<\/p>\n<p data-start=\"2334\" data-end=\"2512\">Para m\u00e1s consejos sobre c\u00f3mo reemplazar la barra, consulte nuestro <a class=\"decorated-link cursor-pointer\" target=\"_new\" rel=\"noopener\" data-start=\"2401\" data-end=\"2509\">art\u00edculo de blog <\/a><a href=\"https:\/\/www.servicio-de-aspiradoras-kirby.es\/el-mango-fijo-kirby\/\" target=\"_blank\" rel=\"noopener\">\u201cEl mango fijo Kirby\u201d.<\/a><\/p>\n<h2 data-section-id=\"1dt8beq\" data-start=\"2519\" data-end=\"2597\">Parte Inferior Tubo Kirby Generation: la soluci\u00f3n perfecta ante el desgaste<\/h2>\n<p data-start=\"2599\" data-end=\"2667\">La parte inferior tubo Kirby Generation es ideal para quienes:<\/p>\n<ul data-start=\"2669\" data-end=\"2866\">\n<li data-section-id=\"nq53vv\" data-start=\"2669\" data-end=\"2720\">Desean reemplazar una barra da\u00f1ada o desgastada<\/li>\n<li data-section-id=\"ae2l96\" data-start=\"2721\" data-end=\"2758\">Buscan compatibilidad garantizada<\/li>\n<li data-section-id=\"1dbqzjr\" data-start=\"2759\" data-end=\"2811\">Valoran materiales de alta calidad y durabilidad<\/li>\n<li data-section-id=\"5zkoob\" data-start=\"2812\" data-end=\"2866\">Quieren montar la pieza de forma r\u00e1pida y sencilla<\/li>\n<\/ul>\n<p data-start=\"2868\" data-end=\"2995\">Recupere hoy mismo el rendimiento \u00f3ptimo de su aspiradora Kirby y disfrute de entrega r\u00e1pida y excelente servicio al cliente.<\/p>\n","protected":false},"excerpt":{"rendered":"<p data-start=\"339\" data-end=\"501\">Reemplace f\u00e1cilmente la base de su aspiradora con la parte inferior tubo Kirby Generation. Duradera, original y compatible con todos los modelos Generation.<\/p>\n[trustindex data-widget-id=48bbd87242952812953642309d4]\n<h3><span style=\"color: #008000;\"><br \/>\nEn stock<\/span><\/h3>\n[av_font_icon icon='ue812' font='entypo-fontello' style='' caption='' size='25px' position='left' color='#43ad66' link='' linktarget='' title_attr='' sonar_effect_effect='' sonar_effect_color='' sonar_effect_duration='1' sonar_effect_scale='' sonar_effect_opac='0.5' animation='' id='' custom_class='' template_class='' av_uid='' sc_version='1.0' admin_preview_bg=''][\/av_font_icon]\n<p><span style=\"color: #008000;\">Pedido antes de las 23:59, enviado ma\u00f1ana<\/span><\/p>\n<p>&nbsp;<\/p>\n","protected":false},"featured_media":7532,"comment_status":"open","ping_status":"closed","template":"","meta":{"_acf_changed":false},"product_brand":[],"product_cat":[292],"product_tag":[],"class_list":{"0":"post-10957","1":"product","2":"type-product","3":"status-publish","4":"has-post-thumbnail","6":"product_cat-kirby-steel-y-accesorios","8":"first","9":"instock","10":"taxable","11":"shipping-taxable","12":"purchasable","13":"product-type-variable"},"acf":[],"yoast_head":"<!-- This site is optimized with the Yoast SEO Premium plugin v27.1 (Yoast SEO v27.5) - https:\/\/yoast.com\/product\/yoast-seo-premium-wordpress\/ -->\n<title>Parte Inferior Tubo Kirby Generation - Para los modelos Generation<\/title>\n<meta name=\"description\" content=\"La Parte Inferior Tubo Kirby Generation garantiza funcionalidad \u00f3ptima y montaje r\u00e1pido. Ideal para todos los modelos de la serie Generation.\" \/>\n<meta name=\"robots\" content=\"index, follow, max-snippet:-1, max-image-preview:large, max-video-preview:-1\" \/>\n<link rel=\"canonical\" href=\"https:\/\/www.veltec.eu\/es\/product\/parte-inferior-tubo-kirby-generation-nl3165\/\" \/>\n<meta property=\"og:locale\" content=\"es_ES\" \/>\n<meta property=\"og:type\" content=\"article\" \/>\n<meta property=\"og:title\" content=\"Parte Inferior Tubo Kirby Generation\" \/>\n<meta property=\"og:description\" content=\"Reemplace f\u00e1cilmente la base de su aspiradora con la parte inferior tubo Kirby Generation. Duradera, original y compatible con todos los modelos Generation.   En stock   Pedido antes de las 23:59, enviado ma\u00f1ana  &nbsp;\" \/>\n<meta property=\"og:url\" content=\"https:\/\/www.veltec.eu\/es\/product\/parte-inferior-tubo-kirby-generation-nl3165\/\" \/>\n<meta property=\"og:site_name\" content=\"Veltec Kirby specialist\" \/>\n<meta property=\"article:publisher\" content=\"https:\/\/www.facebook.com\/Veltec-Kirby-Specialist-236746293374877\/\" \/>\n<meta property=\"article:modified_time\" content=\"2026-05-14T14:01:27+00:00\" \/>\n<meta property=\"og:image\" content=\"https:\/\/www.veltec.eu\/wp-content\/uploads\/2018\/10\/k-175093.jpg\" \/>\n\t<meta property=\"og:image:width\" content=\"300\" \/>\n\t<meta property=\"og:image:height\" content=\"300\" \/>\n\t<meta property=\"og:image:type\" content=\"image\/jpeg\" \/>\n<meta name=\"twitter:card\" content=\"summary_large_image\" \/>\n<meta name=\"twitter:label1\" content=\"Tiempo de lectura\" \/>\n\t<meta name=\"twitter:data1\" content=\"2 minutos\" \/>\n<script type=\"application\/ld+json\" class=\"yoast-schema-graph\">{\"@context\":\"https:\\\/\\\/schema.org\",\"@graph\":[{\"@type\":\"WebPage\",\"@id\":\"https:\\\/\\\/www.veltec.eu\\\/es\\\/product\\\/parte-inferior-tubo-kirby-generation-nl3165\\\/\",\"url\":\"https:\\\/\\\/www.veltec.eu\\\/es\\\/product\\\/parte-inferior-tubo-kirby-generation-nl3165\\\/\",\"name\":\"Parte Inferior Tubo Kirby Generation - Para los modelos Generation\",\"isPartOf\":{\"@id\":\"https:\\\/\\\/www.veltec.eu\\\/en\\\/#website\"},\"primaryImageOfPage\":{\"@id\":\"https:\\\/\\\/www.veltec.eu\\\/es\\\/product\\\/parte-inferior-tubo-kirby-generation-nl3165\\\/#primaryimage\"},\"image\":{\"@id\":\"https:\\\/\\\/www.veltec.eu\\\/es\\\/product\\\/parte-inferior-tubo-kirby-generation-nl3165\\\/#primaryimage\"},\"thumbnailUrl\":\"https:\\\/\\\/www.veltec.eu\\\/wp-content\\\/uploads\\\/2018\\\/10\\\/k-175093.jpg\",\"datePublished\":\"2018-10-22T11:00:56+00:00\",\"dateModified\":\"2026-05-14T14:01:27+00:00\",\"description\":\"La Parte Inferior Tubo Kirby Generation garantiza funcionalidad \u00f3ptima y montaje r\u00e1pido. Ideal para todos los modelos de la serie Generation.\",\"breadcrumb\":{\"@id\":\"https:\\\/\\\/www.veltec.eu\\\/es\\\/product\\\/parte-inferior-tubo-kirby-generation-nl3165\\\/#breadcrumb\"},\"inLanguage\":\"es\",\"potentialAction\":[{\"@type\":\"ReadAction\",\"target\":[\"https:\\\/\\\/www.veltec.eu\\\/es\\\/product\\\/parte-inferior-tubo-kirby-generation-nl3165\\\/\"]}]},{\"@type\":\"ImageObject\",\"inLanguage\":\"es\",\"@id\":\"https:\\\/\\\/www.veltec.eu\\\/es\\\/product\\\/parte-inferior-tubo-kirby-generation-nl3165\\\/#primaryimage\",\"url\":\"https:\\\/\\\/www.veltec.eu\\\/wp-content\\\/uploads\\\/2018\\\/10\\\/k-175093.jpg\",\"contentUrl\":\"https:\\\/\\\/www.veltec.eu\\\/wp-content\\\/uploads\\\/2018\\\/10\\\/k-175093.jpg\",\"width\":300,\"height\":300},{\"@type\":\"BreadcrumbList\",\"@id\":\"https:\\\/\\\/www.veltec.eu\\\/es\\\/product\\\/parte-inferior-tubo-kirby-generation-nl3165\\\/#breadcrumb\",\"itemListElement\":[{\"@type\":\"ListItem\",\"position\":1,\"name\":\"Home\",\"item\":\"https:\\\/\\\/www.veltec.eu\\\/es\\\/pagina-de-inicio\\\/\"},{\"@type\":\"ListItem\",\"position\":2,\"name\":\"Tienda Kirby\",\"item\":\"https:\\\/\\\/www.veltec.eu\\\/es\\\/tienda-kirby\\\/\"},{\"@type\":\"ListItem\",\"position\":3,\"name\":\"Parte Inferior Tubo Kirby Generation\"}]},{\"@type\":\"WebSite\",\"@id\":\"https:\\\/\\\/www.veltec.eu\\\/en\\\/#website\",\"url\":\"https:\\\/\\\/www.veltec.eu\\\/en\\\/\",\"name\":\"Veltec Kirby specialist\",\"description\":\"Kirby stofzuiger producten\",\"publisher\":{\"@id\":\"https:\\\/\\\/www.veltec.eu\\\/en\\\/#organization\"},\"potentialAction\":[{\"@type\":\"SearchAction\",\"target\":{\"@type\":\"EntryPoint\",\"urlTemplate\":\"https:\\\/\\\/www.veltec.eu\\\/en\\\/?s={search_term_string}\"},\"query-input\":{\"@type\":\"PropertyValueSpecification\",\"valueRequired\":true,\"valueName\":\"search_term_string\"}}],\"inLanguage\":\"es\"},{\"@type\":\"Organization\",\"@id\":\"https:\\\/\\\/www.veltec.eu\\\/en\\\/#organization\",\"name\":\"Veltec Kirby Specialist\",\"url\":\"https:\\\/\\\/www.veltec.eu\\\/en\\\/\",\"logo\":{\"@type\":\"ImageObject\",\"inLanguage\":\"es\",\"@id\":\"https:\\\/\\\/www.veltec.eu\\\/en\\\/#\\\/schema\\\/logo\\\/image\\\/\",\"url\":\"https:\\\/\\\/www.veltec.eu\\\/wp-content\\\/uploads\\\/2021\\\/12\\\/Veltec-log-groot-e1537260889125.png\",\"contentUrl\":\"https:\\\/\\\/www.veltec.eu\\\/wp-content\\\/uploads\\\/2021\\\/12\\\/Veltec-log-groot-e1537260889125.png\",\"width\":200,\"height\":60,\"caption\":\"Veltec Kirby Specialist\"},\"image\":{\"@id\":\"https:\\\/\\\/www.veltec.eu\\\/en\\\/#\\\/schema\\\/logo\\\/image\\\/\"},\"sameAs\":[\"https:\\\/\\\/www.facebook.com\\\/Veltec-Kirby-Specialist-236746293374877\\\/\",\"https:\\\/\\\/www.youtube.com\\\/user\\\/VeltecService\"]}]}<\/script>\n<!-- \/ Yoast SEO Premium plugin. -->","yoast_head_json":{"title":"Parte Inferior Tubo Kirby Generation - Para los modelos Generation","description":"La Parte Inferior Tubo Kirby Generation garantiza funcionalidad \u00f3ptima y montaje r\u00e1pido. Ideal para todos los modelos de la serie Generation.","robots":{"index":"index","follow":"follow","max-snippet":"max-snippet:-1","max-image-preview":"max-image-preview:large","max-video-preview":"max-video-preview:-1"},"canonical":"https:\/\/www.veltec.eu\/es\/product\/parte-inferior-tubo-kirby-generation-nl3165\/","og_locale":"es_ES","og_type":"article","og_title":"Parte Inferior Tubo Kirby Generation","og_description":"Reemplace f\u00e1cilmente la base de su aspiradora con la parte inferior tubo Kirby Generation. Duradera, original y compatible con todos los modelos Generation.   En stock   Pedido antes de las 23:59, enviado ma\u00f1ana  &nbsp;","og_url":"https:\/\/www.veltec.eu\/es\/product\/parte-inferior-tubo-kirby-generation-nl3165\/","og_site_name":"Veltec Kirby specialist","article_publisher":"https:\/\/www.facebook.com\/Veltec-Kirby-Specialist-236746293374877\/","article_modified_time":"2026-05-14T14:01:27+00:00","og_image":[{"width":300,"height":300,"url":"https:\/\/www.veltec.eu\/wp-content\/uploads\/2018\/10\/k-175093.jpg","type":"image\/jpeg"}],"twitter_card":"summary_large_image","twitter_misc":{"Tiempo de lectura":"2 minutos"},"schema":{"@context":"https:\/\/schema.org","@graph":[{"@type":"WebPage","@id":"https:\/\/www.veltec.eu\/es\/product\/parte-inferior-tubo-kirby-generation-nl3165\/","url":"https:\/\/www.veltec.eu\/es\/product\/parte-inferior-tubo-kirby-generation-nl3165\/","name":"Parte Inferior Tubo Kirby Generation - Para los modelos Generation","isPartOf":{"@id":"https:\/\/www.veltec.eu\/en\/#website"},"primaryImageOfPage":{"@id":"https:\/\/www.veltec.eu\/es\/product\/parte-inferior-tubo-kirby-generation-nl3165\/#primaryimage"},"image":{"@id":"https:\/\/www.veltec.eu\/es\/product\/parte-inferior-tubo-kirby-generation-nl3165\/#primaryimage"},"thumbnailUrl":"https:\/\/www.veltec.eu\/wp-content\/uploads\/2018\/10\/k-175093.jpg","datePublished":"2018-10-22T11:00:56+00:00","dateModified":"2026-05-14T14:01:27+00:00","description":"La Parte Inferior Tubo Kirby Generation garantiza funcionalidad \u00f3ptima y montaje r\u00e1pido. Ideal para todos los modelos de la serie Generation.","breadcrumb":{"@id":"https:\/\/www.veltec.eu\/es\/product\/parte-inferior-tubo-kirby-generation-nl3165\/#breadcrumb"},"inLanguage":"es","potentialAction":[{"@type":"ReadAction","target":["https:\/\/www.veltec.eu\/es\/product\/parte-inferior-tubo-kirby-generation-nl3165\/"]}]},{"@type":"ImageObject","inLanguage":"es","@id":"https:\/\/www.veltec.eu\/es\/product\/parte-inferior-tubo-kirby-generation-nl3165\/#primaryimage","url":"https:\/\/www.veltec.eu\/wp-content\/uploads\/2018\/10\/k-175093.jpg","contentUrl":"https:\/\/www.veltec.eu\/wp-content\/uploads\/2018\/10\/k-175093.jpg","width":300,"height":300},{"@type":"BreadcrumbList","@id":"https:\/\/www.veltec.eu\/es\/product\/parte-inferior-tubo-kirby-generation-nl3165\/#breadcrumb","itemListElement":[{"@type":"ListItem","position":1,"name":"Home","item":"https:\/\/www.veltec.eu\/es\/pagina-de-inicio\/"},{"@type":"ListItem","position":2,"name":"Tienda Kirby","item":"https:\/\/www.veltec.eu\/es\/tienda-kirby\/"},{"@type":"ListItem","position":3,"name":"Parte Inferior Tubo Kirby Generation"}]},{"@type":"WebSite","@id":"https:\/\/www.veltec.eu\/en\/#website","url":"https:\/\/www.veltec.eu\/en\/","name":"Veltec Kirby specialist","description":"Kirby stofzuiger producten","publisher":{"@id":"https:\/\/www.veltec.eu\/en\/#organization"},"potentialAction":[{"@type":"SearchAction","target":{"@type":"EntryPoint","urlTemplate":"https:\/\/www.veltec.eu\/en\/?s={search_term_string}"},"query-input":{"@type":"PropertyValueSpecification","valueRequired":true,"valueName":"search_term_string"}}],"inLanguage":"es"},{"@type":"Organization","@id":"https:\/\/www.veltec.eu\/en\/#organization","name":"Veltec Kirby Specialist","url":"https:\/\/www.veltec.eu\/en\/","logo":{"@type":"ImageObject","inLanguage":"es","@id":"https:\/\/www.veltec.eu\/en\/#\/schema\/logo\/image\/","url":"https:\/\/www.veltec.eu\/wp-content\/uploads\/2021\/12\/Veltec-log-groot-e1537260889125.png","contentUrl":"https:\/\/www.veltec.eu\/wp-content\/uploads\/2021\/12\/Veltec-log-groot-e1537260889125.png","width":200,"height":60,"caption":"Veltec Kirby Specialist"},"image":{"@id":"https:\/\/www.veltec.eu\/en\/#\/schema\/logo\/image\/"},"sameAs":["https:\/\/www.facebook.com\/Veltec-Kirby-Specialist-236746293374877\/","https:\/\/www.youtube.com\/user\/VeltecService"]}]}},"_links":{"self":[{"href":"https:\/\/www.veltec.eu\/es\/wp-json\/wp\/v2\/product\/10957","targetHints":{"allow":["GET"]}}],"collection":[{"href":"https:\/\/www.veltec.eu\/es\/wp-json\/wp\/v2\/product"}],"about":[{"href":"https:\/\/www.veltec.eu\/es\/wp-json\/wp\/v2\/types\/product"}],"replies":[{"embeddable":true,"href":"https:\/\/www.veltec.eu\/es\/wp-json\/wp\/v2\/comments?post=10957"}],"wp:featuredmedia":[{"embeddable":true,"href":"https:\/\/www.veltec.eu\/es\/wp-json\/wp\/v2\/media\/7532"}],"wp:attachment":[{"href":"https:\/\/www.veltec.eu\/es\/wp-json\/wp\/v2\/media?parent=10957"}],"wp:term":[{"taxonomy":"product_brand","embeddable":true,"href":"https:\/\/www.veltec.eu\/es\/wp-json\/wp\/v2\/product_brand?post=10957"},{"taxonomy":"product_cat","embeddable":true,"href":"https:\/\/www.veltec.eu\/es\/wp-json\/wp\/v2\/product_cat?post=10957"},{"taxonomy":"product_tag","embeddable":true,"href":"https:\/\/www.veltec.eu\/es\/wp-json\/wp\/v2\/product_tag?post=10957"}],"curies":[{"name":"wp","href":"https:\/\/api.w.org\/{rel}","templated":true}]}}