{"id":10923,"date":"2018-10-22T13:19:55","date_gmt":"2018-10-22T11:19:55","guid":{"rendered":"https:\/\/www.veltec.eu\/kirby-webshop\/consola-deslizante-kirby-nl3097-2\/"},"modified":"2025-03-31T13:11:38","modified_gmt":"2025-03-31T11:11:38","slug":"consola-deslizante-kirby-nl3097","status":"publish","type":"product","link":"https:\/\/www.veltec.eu\/es\/product\/consola-deslizante-kirby-nl3097\/","title":{"rendered":"Consola Deslizante Kirby"},"content":{"rendered":"<h1>Consola Deslizante Kirby<\/h1>\n<p>Kirby Consola deslizante es una consola deslizante para el control de la tracci\u00f3n trasera.<\/p>\n<h2>Consola corredera Kirby &#8211; El manejo perfecto para su aspiradora Kirby<\/h2>\n<p>\u00bfEst\u00e1 buscando una c\u00f3nsola deslizante eficaz y f\u00e1cil de manejar para su aspiradora Kirby? La consola corredera es un componente esencial para el funcionamiento de la tracci\u00f3n trasera de su aspiradora. Gracias a esta consolle deslizante, podr\u00e1 ajustar la aceleraci\u00f3n de su aspiradora Kirby con el m\u00ednimo esfuerzo y maniobrar sin esfuerzo mientras limpia. Descubra a continuaci\u00f3n por qu\u00e9 este producto es indispensable para todo usuario de Kirby.<\/p>\n<p><a href=\"https:\/\/www.veltec.eu\/es\/cubierta-kirby\/\">Encuentre todas las Cubierta Kirby aqu\u00ed<\/a><\/p>\n<h3>\u00bfQu\u00e9 es la consola deslizante?<\/h3>\n<p>La consola corredera es un mecanismo deslizante especialmente dise\u00f1ado que proporciona la conexi\u00f3n entre el mango y\/o la empu\u00f1adura y la rueda trasera motriz de su aspiradora Kirby. Este sistema permite poner la aspiradora en la marcha deseada con un simple movimiento de la mano. Esto le permite mantener un control total sobre el movimiento y la velocidad de su aspiradora, lo que se traduce en una experiencia de limpieza m\u00e1s eficaz.<\/p>\n<h3>Compatibilidad universal<\/h3>\n<p>Una de las mayores ventajas de la consolle deslizante Kirby es que es compatible con todas las aspiradoras Kirby. Esto significa que no tiene que preocuparse por la compatibilidad con su modelo espec\u00edfico. Tanto si utiliza un modelo Kirby antiguo como uno nuevo, esta consola deslizante se adaptar\u00e1 perfectamente y garantizar\u00e1 un funcionamiento \u00f3ptimo de su aspiradora.<\/p>\n<h3>Tres posiciones para una m\u00e1xima flexibilidad<\/h3>\n<p>La consola corredera Kirby cuenta con tres posiciones diferentes, que le permiten bloquear el mango en la posici\u00f3n deseada. Esto ofrece una mayor comodidad al aspirar, ya que puede ajustar la aspiradora exactamente a sus necesidades de limpieza. Tanto si est\u00e1 aspirando una habitaci\u00f3n grande como si necesita llegar a rincones peque\u00f1os, las posiciones ajustables proporcionan una comodidad extra.<\/p>\n<h4>Ventajas de la consola deslizante Kirby<\/h4>\n<p>Al elegir la consola corredera Kirby, se beneficiar\u00e1 de varias ventajas:<\/p>\n<ul>\n<li>Mejor control: Gracias a la consola deslizante, podr\u00e1 cambiar f\u00e1cilmente entre diferentes velocidades y movimientos.<\/li>\n<li>Facilidad de uso: Con un simple movimiento de la mano, ajustar\u00e1 la aspiradora a la velocidad y direcci\u00f3n adecuadas.<\/li>\n<li>Durabilidad: La consola deslizante est\u00e1 fabricada con materiales resistentes que duran y soportan un uso intensivo.<\/li>\n<li>F\u00e1cil instalaci\u00f3n: La consola deslizante es f\u00e1cil de colocar sin necesidad de herramientas complicadas.<\/li>\n<\/ul>\n<h3>Pida hoy mismo su consola deslizante Kirby<\/h3>\n<p>\u00bfQuiere mejorar el control y la facilidad de uso de su aspiradora Kirby? Pida hoy mismo la consola deslizante Kirby y compruebe usted mismo sus ventajas. Con esta pr\u00e1ctica pieza, se asegurar\u00e1 de que su aspiradora funcione siempre sin problemas y con eficacia. No espere m\u00e1s y disfrute de una mejor experiencia de limpieza.<\/p>\n","protected":false},"excerpt":{"rendered":"<p>Consola Deslizante para el control de la tracci\u00f3n trasera.<\/p>\n[trustindex data-widget-id=48bbd87242952812953642309d4]\n<h3><span style=\"color: #008000;\"><br \/>\nEn stock<\/span><\/h3>\n[av_font_icon icon='ue812' font='entypo-fontello' style='' caption='' size='25px' position='left' color='#43ad66' link='' linktarget='' title_attr='' sonar_effect_effect='' sonar_effect_color='' sonar_effect_duration='1' sonar_effect_scale='' sonar_effect_opac='0.5' animation='' id='' custom_class='' template_class='' av_uid='' sc_version='1.0' admin_preview_bg=''][\/av_font_icon]\n<p><span style=\"color: #008000;\">Pedido antes de las 23:59, enviado ma\u00f1ana<\/span><\/p>\n<p>&nbsp;<\/p>\n","protected":false},"featured_media":89919,"comment_status":"open","ping_status":"closed","template":"","meta":[],"product_brand":[],"product_cat":[307],"product_tag":[],"class_list":{"0":"post-10923","1":"product","2":"type-product","3":"status-publish","4":"has-post-thumbnail","6":"product_cat-cubierta-kirby","7":"product_shipping_class-klein-es","9":"first","10":"instock","11":"taxable","12":"shipping-taxable","13":"purchasable","14":"product-type-simple"},"yoast_head":"<!-- This site is optimized with the Yoast SEO Premium plugin v27.1 (Yoast SEO v27.4) - https:\/\/yoast.com\/product\/yoast-seo-premium-wordpress\/ -->\n<title>Consola Deslizante Kirby - Veltec Kirby specialist<\/title>\n<meta name=\"description\" content=\"Consola Deslizante Kirby Veltec es el proveedor de las aspiradoras Kirby desde hace m\u00e1s de 25 a\u00f1os. Y es su especialista en servicio\" \/>\n<meta name=\"robots\" content=\"index, follow, max-snippet:-1, max-image-preview:large, max-video-preview:-1\" \/>\n<link rel=\"canonical\" href=\"https:\/\/www.veltec.eu\/es\/product\/consola-deslizante-kirby-nl3097\/\" \/>\n<meta property=\"og:locale\" content=\"es_ES\" \/>\n<meta property=\"og:type\" content=\"article\" \/>\n<meta property=\"og:title\" content=\"Consola Deslizante Kirby\" \/>\n<meta property=\"og:description\" content=\"Consola Deslizante para el control de la tracci\u00f3n trasera.    En stock   Pedido antes de las 23:59, enviado ma\u00f1ana  &nbsp;\" \/>\n<meta property=\"og:url\" content=\"https:\/\/www.veltec.eu\/es\/product\/consola-deslizante-kirby-nl3097\/\" \/>\n<meta property=\"og:site_name\" content=\"Veltec Kirby specialist\" \/>\n<meta property=\"article:publisher\" content=\"https:\/\/www.facebook.com\/Veltec-Kirby-Specialist-236746293374877\/\" \/>\n<meta property=\"article:modified_time\" content=\"2025-03-31T11:11:38+00:00\" \/>\n<meta property=\"og:image\" content=\"https:\/\/www.veltec.eu\/wp-content\/uploads\/2018\/10\/Kirby-schuifconsole-1.jpg\" \/>\n\t<meta property=\"og:image:width\" content=\"600\" \/>\n\t<meta property=\"og:image:height\" content=\"600\" \/>\n\t<meta property=\"og:image:type\" content=\"image\/jpeg\" \/>\n<meta name=\"twitter:card\" content=\"summary_large_image\" \/>\n<meta name=\"twitter:label1\" content=\"Tiempo de lectura\" \/>\n\t<meta name=\"twitter:data1\" content=\"3 minutos\" \/>\n<script type=\"application\/ld+json\" class=\"yoast-schema-graph\">{\"@context\":\"https:\\\/\\\/schema.org\",\"@graph\":[{\"@type\":\"WebPage\",\"@id\":\"https:\\\/\\\/www.veltec.eu\\\/es\\\/product\\\/consola-deslizante-kirby-nl3097\\\/\",\"url\":\"https:\\\/\\\/www.veltec.eu\\\/es\\\/product\\\/consola-deslizante-kirby-nl3097\\\/\",\"name\":\"Consola Deslizante Kirby - Veltec Kirby specialist\",\"isPartOf\":{\"@id\":\"https:\\\/\\\/www.veltec.eu\\\/en\\\/#website\"},\"primaryImageOfPage\":{\"@id\":\"https:\\\/\\\/www.veltec.eu\\\/es\\\/product\\\/consola-deslizante-kirby-nl3097\\\/#primaryimage\"},\"image\":{\"@id\":\"https:\\\/\\\/www.veltec.eu\\\/es\\\/product\\\/consola-deslizante-kirby-nl3097\\\/#primaryimage\"},\"thumbnailUrl\":\"https:\\\/\\\/www.veltec.eu\\\/wp-content\\\/uploads\\\/2018\\\/10\\\/Kirby-schuifconsole-1.jpg\",\"datePublished\":\"2018-10-22T11:19:55+00:00\",\"dateModified\":\"2025-03-31T11:11:38+00:00\",\"description\":\"Consola Deslizante Kirby Veltec es el proveedor de las aspiradoras Kirby desde hace m\u00e1s de 25 a\u00f1os. Y es su especialista en servicio\",\"breadcrumb\":{\"@id\":\"https:\\\/\\\/www.veltec.eu\\\/es\\\/product\\\/consola-deslizante-kirby-nl3097\\\/#breadcrumb\"},\"inLanguage\":\"es\",\"potentialAction\":[{\"@type\":\"ReadAction\",\"target\":[\"https:\\\/\\\/www.veltec.eu\\\/es\\\/product\\\/consola-deslizante-kirby-nl3097\\\/\"]}]},{\"@type\":\"ImageObject\",\"inLanguage\":\"es\",\"@id\":\"https:\\\/\\\/www.veltec.eu\\\/es\\\/product\\\/consola-deslizante-kirby-nl3097\\\/#primaryimage\",\"url\":\"https:\\\/\\\/www.veltec.eu\\\/wp-content\\\/uploads\\\/2018\\\/10\\\/Kirby-schuifconsole-1.jpg\",\"contentUrl\":\"https:\\\/\\\/www.veltec.eu\\\/wp-content\\\/uploads\\\/2018\\\/10\\\/Kirby-schuifconsole-1.jpg\",\"width\":600,\"height\":600},{\"@type\":\"BreadcrumbList\",\"@id\":\"https:\\\/\\\/www.veltec.eu\\\/es\\\/product\\\/consola-deslizante-kirby-nl3097\\\/#breadcrumb\",\"itemListElement\":[{\"@type\":\"ListItem\",\"position\":1,\"name\":\"Home\",\"item\":\"https:\\\/\\\/www.veltec.eu\\\/es\\\/\"},{\"@type\":\"ListItem\",\"position\":2,\"name\":\"Produits\",\"item\":\"https:\\\/\\\/www.veltec.eu\\\/fr\\\/shop\\\/\"},{\"@type\":\"ListItem\",\"position\":3,\"name\":\"Consola Deslizante Kirby\"}]},{\"@type\":\"WebSite\",\"@id\":\"https:\\\/\\\/www.veltec.eu\\\/en\\\/#website\",\"url\":\"https:\\\/\\\/www.veltec.eu\\\/en\\\/\",\"name\":\"Veltec Kirby specialist\",\"description\":\"Kirby stofzuiger producten\",\"publisher\":{\"@id\":\"https:\\\/\\\/www.veltec.eu\\\/en\\\/#organization\"},\"potentialAction\":[{\"@type\":\"SearchAction\",\"target\":{\"@type\":\"EntryPoint\",\"urlTemplate\":\"https:\\\/\\\/www.veltec.eu\\\/en\\\/?s={search_term_string}\"},\"query-input\":{\"@type\":\"PropertyValueSpecification\",\"valueRequired\":true,\"valueName\":\"search_term_string\"}}],\"inLanguage\":\"es\"},{\"@type\":\"Organization\",\"@id\":\"https:\\\/\\\/www.veltec.eu\\\/en\\\/#organization\",\"name\":\"Veltec Kirby Specialist\",\"url\":\"https:\\\/\\\/www.veltec.eu\\\/en\\\/\",\"logo\":{\"@type\":\"ImageObject\",\"inLanguage\":\"es\",\"@id\":\"https:\\\/\\\/www.veltec.eu\\\/en\\\/#\\\/schema\\\/logo\\\/image\\\/\",\"url\":\"https:\\\/\\\/www.veltec.eu\\\/wp-content\\\/uploads\\\/2021\\\/12\\\/Veltec-log-groot-e1537260889125.png\",\"contentUrl\":\"https:\\\/\\\/www.veltec.eu\\\/wp-content\\\/uploads\\\/2021\\\/12\\\/Veltec-log-groot-e1537260889125.png\",\"width\":200,\"height\":60,\"caption\":\"Veltec Kirby Specialist\"},\"image\":{\"@id\":\"https:\\\/\\\/www.veltec.eu\\\/en\\\/#\\\/schema\\\/logo\\\/image\\\/\"},\"sameAs\":[\"https:\\\/\\\/www.facebook.com\\\/Veltec-Kirby-Specialist-236746293374877\\\/\",\"https:\\\/\\\/www.youtube.com\\\/user\\\/VeltecService\"]}]}<\/script>\n<!-- \/ Yoast SEO Premium plugin. -->","yoast_head_json":{"title":"Consola Deslizante Kirby - Veltec Kirby specialist","description":"Consola Deslizante Kirby Veltec es el proveedor de las aspiradoras Kirby desde hace m\u00e1s de 25 a\u00f1os. Y es su especialista en servicio","robots":{"index":"index","follow":"follow","max-snippet":"max-snippet:-1","max-image-preview":"max-image-preview:large","max-video-preview":"max-video-preview:-1"},"canonical":"https:\/\/www.veltec.eu\/es\/product\/consola-deslizante-kirby-nl3097\/","og_locale":"es_ES","og_type":"article","og_title":"Consola Deslizante Kirby","og_description":"Consola Deslizante para el control de la tracci\u00f3n trasera.    En stock   Pedido antes de las 23:59, enviado ma\u00f1ana  &nbsp;","og_url":"https:\/\/www.veltec.eu\/es\/product\/consola-deslizante-kirby-nl3097\/","og_site_name":"Veltec Kirby specialist","article_publisher":"https:\/\/www.facebook.com\/Veltec-Kirby-Specialist-236746293374877\/","article_modified_time":"2025-03-31T11:11:38+00:00","og_image":[{"width":600,"height":600,"url":"https:\/\/www.veltec.eu\/wp-content\/uploads\/2018\/10\/Kirby-schuifconsole-1.jpg","type":"image\/jpeg"}],"twitter_card":"summary_large_image","twitter_misc":{"Tiempo de lectura":"3 minutos"},"schema":{"@context":"https:\/\/schema.org","@graph":[{"@type":"WebPage","@id":"https:\/\/www.veltec.eu\/es\/product\/consola-deslizante-kirby-nl3097\/","url":"https:\/\/www.veltec.eu\/es\/product\/consola-deslizante-kirby-nl3097\/","name":"Consola Deslizante Kirby - Veltec Kirby specialist","isPartOf":{"@id":"https:\/\/www.veltec.eu\/en\/#website"},"primaryImageOfPage":{"@id":"https:\/\/www.veltec.eu\/es\/product\/consola-deslizante-kirby-nl3097\/#primaryimage"},"image":{"@id":"https:\/\/www.veltec.eu\/es\/product\/consola-deslizante-kirby-nl3097\/#primaryimage"},"thumbnailUrl":"https:\/\/www.veltec.eu\/wp-content\/uploads\/2018\/10\/Kirby-schuifconsole-1.jpg","datePublished":"2018-10-22T11:19:55+00:00","dateModified":"2025-03-31T11:11:38+00:00","description":"Consola Deslizante Kirby Veltec es el proveedor de las aspiradoras Kirby desde hace m\u00e1s de 25 a\u00f1os. Y es su especialista en servicio","breadcrumb":{"@id":"https:\/\/www.veltec.eu\/es\/product\/consola-deslizante-kirby-nl3097\/#breadcrumb"},"inLanguage":"es","potentialAction":[{"@type":"ReadAction","target":["https:\/\/www.veltec.eu\/es\/product\/consola-deslizante-kirby-nl3097\/"]}]},{"@type":"ImageObject","inLanguage":"es","@id":"https:\/\/www.veltec.eu\/es\/product\/consola-deslizante-kirby-nl3097\/#primaryimage","url":"https:\/\/www.veltec.eu\/wp-content\/uploads\/2018\/10\/Kirby-schuifconsole-1.jpg","contentUrl":"https:\/\/www.veltec.eu\/wp-content\/uploads\/2018\/10\/Kirby-schuifconsole-1.jpg","width":600,"height":600},{"@type":"BreadcrumbList","@id":"https:\/\/www.veltec.eu\/es\/product\/consola-deslizante-kirby-nl3097\/#breadcrumb","itemListElement":[{"@type":"ListItem","position":1,"name":"Home","item":"https:\/\/www.veltec.eu\/es\/"},{"@type":"ListItem","position":2,"name":"Produits","item":"https:\/\/www.veltec.eu\/fr\/shop\/"},{"@type":"ListItem","position":3,"name":"Consola Deslizante Kirby"}]},{"@type":"WebSite","@id":"https:\/\/www.veltec.eu\/en\/#website","url":"https:\/\/www.veltec.eu\/en\/","name":"Veltec Kirby specialist","description":"Kirby stofzuiger producten","publisher":{"@id":"https:\/\/www.veltec.eu\/en\/#organization"},"potentialAction":[{"@type":"SearchAction","target":{"@type":"EntryPoint","urlTemplate":"https:\/\/www.veltec.eu\/en\/?s={search_term_string}"},"query-input":{"@type":"PropertyValueSpecification","valueRequired":true,"valueName":"search_term_string"}}],"inLanguage":"es"},{"@type":"Organization","@id":"https:\/\/www.veltec.eu\/en\/#organization","name":"Veltec Kirby Specialist","url":"https:\/\/www.veltec.eu\/en\/","logo":{"@type":"ImageObject","inLanguage":"es","@id":"https:\/\/www.veltec.eu\/en\/#\/schema\/logo\/image\/","url":"https:\/\/www.veltec.eu\/wp-content\/uploads\/2021\/12\/Veltec-log-groot-e1537260889125.png","contentUrl":"https:\/\/www.veltec.eu\/wp-content\/uploads\/2021\/12\/Veltec-log-groot-e1537260889125.png","width":200,"height":60,"caption":"Veltec Kirby Specialist"},"image":{"@id":"https:\/\/www.veltec.eu\/en\/#\/schema\/logo\/image\/"},"sameAs":["https:\/\/www.facebook.com\/Veltec-Kirby-Specialist-236746293374877\/","https:\/\/www.youtube.com\/user\/VeltecService"]}]}},"_links":{"self":[{"href":"https:\/\/www.veltec.eu\/es\/wp-json\/wp\/v2\/product\/10923","targetHints":{"allow":["GET"]}}],"collection":[{"href":"https:\/\/www.veltec.eu\/es\/wp-json\/wp\/v2\/product"}],"about":[{"href":"https:\/\/www.veltec.eu\/es\/wp-json\/wp\/v2\/types\/product"}],"replies":[{"embeddable":true,"href":"https:\/\/www.veltec.eu\/es\/wp-json\/wp\/v2\/comments?post=10923"}],"wp:featuredmedia":[{"embeddable":true,"href":"https:\/\/www.veltec.eu\/es\/wp-json\/wp\/v2\/media\/89919"}],"wp:attachment":[{"href":"https:\/\/www.veltec.eu\/es\/wp-json\/wp\/v2\/media?parent=10923"}],"wp:term":[{"taxonomy":"product_brand","embeddable":true,"href":"https:\/\/www.veltec.eu\/es\/wp-json\/wp\/v2\/product_brand?post=10923"},{"taxonomy":"product_cat","embeddable":true,"href":"https:\/\/www.veltec.eu\/es\/wp-json\/wp\/v2\/product_cat?post=10923"},{"taxonomy":"product_tag","embeddable":true,"href":"https:\/\/www.veltec.eu\/es\/wp-json\/wp\/v2\/product_tag?post=10923"}],"curies":[{"name":"wp","href":"https:\/\/api.w.org\/{rel}","templated":true}]}}