{"id":10918,"date":"2018-10-22T13:25:25","date_gmt":"2018-10-22T11:25:25","guid":{"rendered":"https:\/\/www.veltec.eu\/kirby-webshop\/kirby-komplett-rohr-uberholt\/"},"modified":"2026-03-16T11:40:21","modified_gmt":"2026-03-16T09:40:21","slug":"kirby-completo-tubo-reacondicionadas-nl44405","status":"publish","type":"product","link":"https:\/\/www.veltec.eu\/es\/product\/kirby-completo-tubo-reacondicionadas-nl44405\/","title":{"rendered":"Kirby Completo Tubo Reacondicionadas"},"content":{"rendered":"<h1 data-section-id=\"y4m09z\" data-start=\"239\" data-end=\"277\">Kirby Completo Tubo Reacondicionadas<\/h1>\n<p data-start=\"279\" data-end=\"719\">El Kirby Completo Tubo Reacondicionadas es una mejora pr\u00e1ctica para cualquier aspiradora Kirby de la serie Generation. Con este componente completo, puedes convertir f\u00e1cilmente tu aspiradora en un c\u00f3modo modelo tipo escoba. Esto permite limpiar de manera m\u00e1s eficiente y r\u00e1pida durante las tareas diarias. Adem\u00e1s, como el tubo se entrega con placa trasera y todas las piezas de montaje necesarias, se puede instalar y usar de inmediato.<\/p>\n<h2 data-section-id=\"1v4k0qk\" data-start=\"721\" data-end=\"802\">Compatibilidad del Kirby Completo Tubo Reacondicionadas con modelos Generation<\/h2>\n<p data-start=\"804\" data-end=\"1034\">Este tubo completo est\u00e1 dise\u00f1ado para adaptarse a varias aspiradoras Kirby Generation, garantizando un ajuste perfecto con la construcci\u00f3n original del dispositivo. La instalaci\u00f3n es sencilla y el rendimiento se mantiene \u00f3ptimo.<\/p>\n<h3 data-start=\"1036\" data-end=\"1085\">Es compatible con los siguientes modelos Kirby:<\/h3>\n<ul data-start=\"1087\" data-end=\"1241\">\n<li data-section-id=\"1245it9\" data-start=\"1087\" data-end=\"1128\">Ultimate G Diamond Edition (G7D \/ DE)<\/li>\n<li data-section-id=\"1rseniy\" data-start=\"1129\" data-end=\"1153\">Ultimate G (G7 \/ UG)<\/li>\n<li data-section-id=\"1ru5amg\" data-start=\"1154\" data-end=\"1175\">Generation 6 (G6)<\/li>\n<li data-section-id=\"rf3cw8\" data-start=\"1176\" data-end=\"1197\">Generation 5 (G5)<\/li>\n<li data-section-id=\"1eaksg8\" data-start=\"1198\" data-end=\"1219\">Generation 4 (G4)<\/li>\n<li data-section-id=\"iw9yq0\" data-start=\"1220\" data-end=\"1241\">Generation 3 (G3)<\/li>\n<\/ul>\n<p data-start=\"1243\" data-end=\"1418\">Gracias a esta amplia compatibilidad, el tubo representa una soluci\u00f3n vers\u00e1til para muchos usuarios de Kirby. El ajuste preciso permite un montaje r\u00e1pido y sin complicaciones.<\/p>\n<h2 data-section-id=\"lzhnrx\" data-start=\"1420\" data-end=\"1477\">Kirby Completo Tubo Reacondicionadas: entrega completa<\/h2>\n<p data-start=\"1479\" data-end=\"1756\">Una de las principales ventajas del completo tubo reacondicionadas es que se entrega totalmente completo. No es necesario buscar piezas adicionales ni accesorios por separado. Con todos los componentes esenciales incluidos, el tubo se puede instalar inmediatamente.<\/p>\n<h3 data-start=\"1758\" data-end=\"1779\">El paquete incluye:<\/h3>\n<ul data-start=\"1781\" data-end=\"1878\">\n<li data-section-id=\"1jds508\" data-start=\"1781\" data-end=\"1818\">Placa trasera para montaje seguro<\/li>\n<li data-section-id=\"6pzttq\" data-start=\"1819\" data-end=\"1848\">Secci\u00f3n superior del tubo<\/li>\n<li data-section-id=\"1fmngp5\" data-start=\"1849\" data-end=\"1878\">Secci\u00f3n inferior del tubo<\/li>\n<\/ul>\n<p data-start=\"1880\" data-end=\"2087\">Si necesitas piezas adicionales o accesorios, visita nuestra categor\u00eda <a href=\"https:\/\/www.veltec.eu\/es\/tubo-accesorios-kirby\/\" target=\"_blank\" rel=\"noopener\">Tubo &amp; Accesorios Kirby<\/a>\u00a0en la tienda, donde encontrar\u00e1s f\u00e1cilmente componentes que se adaptan perfectamente a tu sistema Kirby.<\/p>\n<h2 data-section-id=\"1qj5e38\" data-start=\"2089\" data-end=\"2154\">Ventajas de la aspiradora tipo escoba con tubo reacondicionado\u00a0 <img decoding=\"async\" class=\"alignright wp-image-85976\" src=\"https:\/\/www.veltec.eu\/wp-content\/uploads\/2018\/09\/Kirby-refurbished-1-180x180.png\" alt=\"Kirby Completo Tubo Reacondicionadas\" width=\"220\" height=\"220\" srcset=\"https:\/\/www.veltec.eu\/wp-content\/uploads\/2018\/09\/Kirby-refurbished-1-180x180.png 180w, https:\/\/www.veltec.eu\/wp-content\/uploads\/2018\/09\/Kirby-refurbished-1-300x300.png 300w, https:\/\/www.veltec.eu\/wp-content\/uploads\/2018\/09\/Kirby-refurbished-1-80x80.png 80w, https:\/\/www.veltec.eu\/wp-content\/uploads\/2018\/09\/Kirby-refurbished-1-36x36.png 36w, https:\/\/www.veltec.eu\/wp-content\/uploads\/2018\/09\/Kirby-refurbished-1-120x120.png 120w, https:\/\/www.veltec.eu\/wp-content\/uploads\/2018\/09\/Kirby-refurbished-1-450x450.png 450w, https:\/\/www.veltec.eu\/wp-content\/uploads\/2018\/09\/Kirby-refurbished-1-600x600.png 600w, https:\/\/www.veltec.eu\/wp-content\/uploads\/2018\/09\/Kirby-refurbished-1-100x100.png 100w, https:\/\/www.veltec.eu\/wp-content\/uploads\/2018\/09\/Kirby-refurbished-1.png 626w\" sizes=\"(max-width: 220px) 100vw, 220px\" \/><\/h2>\n<p data-start=\"2156\" data-end=\"2408\">El completo tubo reacondicionadas ofrece mayor comodidad durante la limpieza, permitiendo maniobrar m\u00e1s f\u00e1cilmente y limpiar espacios peque\u00f1os m\u00e1s r\u00e1pido. Adem\u00e1s, reduce la carga f\u00edsica al aspirar, haciendo que el uso diario sea m\u00e1s c\u00f3modo.<\/p>\n<h3 data-start=\"2410\" data-end=\"2433\">Principales ventajas:<\/h3>\n<ul data-start=\"2435\" data-end=\"2605\">\n<li data-section-id=\"4382kz\" data-start=\"2435\" data-end=\"2469\">Listo para usar inmediatamente<\/li>\n<li data-section-id=\"106zxk2\" data-start=\"2470\" data-end=\"2514\">Completamente revisado y reacondicionado<\/li>\n<li data-section-id=\"e4jl4w\" data-start=\"2515\" data-end=\"2571\">Compatible con todos los modelos Generation de Kirby<\/li>\n<li data-section-id=\"16jlkyp\" data-start=\"2572\" data-end=\"2605\">Soluci\u00f3n duradera y econ\u00f3mica<\/li>\n<\/ul>\n<p data-start=\"2607\" data-end=\"2723\">Cada componente se inspecciona, limpia y recompone cuidadosamente, asegurando un accesorio fiable y de alta calidad.<\/p>\n<h2 data-section-id=\"ih9lxo\" data-start=\"2725\" data-end=\"2785\">Kirby Completo Tubo Reacondicionadas para mayor comodidad<\/h2>\n<p data-start=\"2787\" data-end=\"3124\">Al transformar tu Kirby en una aspiradora tipo escoba, el Kirby completo tubo reacondicionadas facilita la limpieza r\u00e1pida y ofrece mayor flexibilidad, especialmente en espacios reducidos. En resumen, esta mejora reacondicionada es una soluci\u00f3n pr\u00e1ctica, confiable y econ\u00f3mica que hace que tu aspiradora Kirby sea a\u00fan m\u00e1s vers\u00e1til.<\/p>\n<p data-start=\"3126\" data-end=\"3248\">Para obtener m\u00e1s informaci\u00f3n sobre el uso de un tubo fijo, consulta el blog informativo: <a href=\"https:\/\/www.servicio-de-aspiradoras-kirby.es\/el-mango-fijo-kirby\/\" target=\"_blank\" rel=\"noopener\">El mango fijo Kirby<\/a><\/p>\n","protected":false},"excerpt":{"rendered":"<p data-start=\"388\" data-end=\"623\">El Kirby completo tubo reacondicionadas convierte tu aspiradora Kirby en un pr\u00e1ctico modelo tipo escoba. Completamente revisado y listo para usar en los modelos Generation G3\u2013G7.<\/p>\n[trustindex data-widget-id=48bbd87242952812953642309d4]\n<h3><span style=\"color: #008000;\"><br \/>\nEn stock<\/span><\/h3>\n[av_font_icon icon='ue812' font='entypo-fontello' style='' caption='' size='25px' position='left' color='#43ad66' link='' linktarget='' title_attr='' sonar_effect_effect='' sonar_effect_color='' sonar_effect_duration='1' sonar_effect_scale='' sonar_effect_opac='0.5' animation='' id='' custom_class='' template_class='' av_uid='' sc_version='1.0' admin_preview_bg=''][\/av_font_icon]\n<p><span style=\"color: #008000;\">Pedido antes de las 23:59, enviado ma\u00f1ana<\/span><\/p>\n<p>&nbsp;<\/p>\n","protected":false},"featured_media":86160,"comment_status":"open","ping_status":"closed","template":"","meta":[],"product_brand":[],"product_cat":[292],"product_tag":[],"class_list":{"0":"post-10918","1":"product","2":"type-product","3":"status-publish","4":"has-post-thumbnail","6":"product_cat-tubo-accesorios-kirby","7":"product_shipping_class-klein-es","9":"first","10":"instock","11":"sale","12":"taxable","13":"shipping-taxable","14":"purchasable","15":"product-type-simple"},"yoast_head":"<!-- This site is optimized with the Yoast SEO Premium plugin v27.1 (Yoast SEO v27.4) - https:\/\/yoast.com\/product\/yoast-seo-premium-wordpress\/ -->\n<title>Kirby Completo Tubo Reacondicionadas \u2013 Listo para usar<\/title>\n<meta name=\"description\" content=\"Mejora tu aspiradora Kirby con el Kirby Completo Tubo Reacondicionadas. Compatible con modelos Generation G3\u2013G7, reacondicionado y listo para usar.\" \/>\n<meta name=\"robots\" content=\"index, follow, max-snippet:-1, max-image-preview:large, max-video-preview:-1\" \/>\n<link rel=\"canonical\" href=\"https:\/\/www.veltec.eu\/es\/product\/kirby-completo-tubo-reacondicionadas-nl44405\/\" \/>\n<meta property=\"og:locale\" content=\"es_ES\" \/>\n<meta property=\"og:type\" content=\"article\" \/>\n<meta property=\"og:title\" content=\"Kirby Completo Tubo Reacondicionadas\" \/>\n<meta property=\"og:description\" content=\"El Kirby completo tubo reacondicionadas convierte tu aspiradora Kirby en un pr\u00e1ctico modelo tipo escoba. Completamente revisado y listo para usar en los modelos Generation G3\u2013G7.   En stock   Pedido antes de las 23:59, enviado ma\u00f1ana  &nbsp;\" \/>\n<meta property=\"og:url\" content=\"https:\/\/www.veltec.eu\/es\/product\/kirby-completo-tubo-reacondicionadas-nl44405\/\" \/>\n<meta property=\"og:site_name\" content=\"Veltec Kirby specialist\" \/>\n<meta property=\"article:publisher\" content=\"https:\/\/www.facebook.com\/Veltec-Kirby-Specialist-236746293374877\/\" \/>\n<meta property=\"article:modified_time\" content=\"2026-03-16T09:40:21+00:00\" \/>\n<meta property=\"og:image\" content=\"https:\/\/www.veltec.eu\/wp-content\/uploads\/2018\/10\/kirby-steel.png\" \/>\n\t<meta property=\"og:image:width\" content=\"300\" \/>\n\t<meta property=\"og:image:height\" content=\"300\" \/>\n\t<meta property=\"og:image:type\" content=\"image\/png\" \/>\n<meta name=\"twitter:card\" content=\"summary_large_image\" \/>\n<meta name=\"twitter:label1\" content=\"Tiempo de lectura\" \/>\n\t<meta name=\"twitter:data1\" content=\"3 minutos\" \/>\n<script type=\"application\/ld+json\" class=\"yoast-schema-graph\">{\"@context\":\"https:\\\/\\\/schema.org\",\"@graph\":[{\"@type\":\"WebPage\",\"@id\":\"https:\\\/\\\/www.veltec.eu\\\/es\\\/product\\\/kirby-completo-tubo-reacondicionadas-nl44405\\\/\",\"url\":\"https:\\\/\\\/www.veltec.eu\\\/es\\\/product\\\/kirby-completo-tubo-reacondicionadas-nl44405\\\/\",\"name\":\"Kirby Completo Tubo Reacondicionadas \u2013 Listo para usar\",\"isPartOf\":{\"@id\":\"https:\\\/\\\/www.veltec.eu\\\/en\\\/#website\"},\"primaryImageOfPage\":{\"@id\":\"https:\\\/\\\/www.veltec.eu\\\/es\\\/product\\\/kirby-completo-tubo-reacondicionadas-nl44405\\\/#primaryimage\"},\"image\":{\"@id\":\"https:\\\/\\\/www.veltec.eu\\\/es\\\/product\\\/kirby-completo-tubo-reacondicionadas-nl44405\\\/#primaryimage\"},\"thumbnailUrl\":\"https:\\\/\\\/www.veltec.eu\\\/wp-content\\\/uploads\\\/2018\\\/10\\\/kirby-steel.png\",\"datePublished\":\"2018-10-22T11:25:25+00:00\",\"dateModified\":\"2026-03-16T09:40:21+00:00\",\"description\":\"Mejora tu aspiradora Kirby con el Kirby Completo Tubo Reacondicionadas. Compatible con modelos Generation G3\u2013G7, reacondicionado y listo para usar.\",\"breadcrumb\":{\"@id\":\"https:\\\/\\\/www.veltec.eu\\\/es\\\/product\\\/kirby-completo-tubo-reacondicionadas-nl44405\\\/#breadcrumb\"},\"inLanguage\":\"es\",\"potentialAction\":[{\"@type\":\"ReadAction\",\"target\":[\"https:\\\/\\\/www.veltec.eu\\\/es\\\/product\\\/kirby-completo-tubo-reacondicionadas-nl44405\\\/\"]}]},{\"@type\":\"ImageObject\",\"inLanguage\":\"es\",\"@id\":\"https:\\\/\\\/www.veltec.eu\\\/es\\\/product\\\/kirby-completo-tubo-reacondicionadas-nl44405\\\/#primaryimage\",\"url\":\"https:\\\/\\\/www.veltec.eu\\\/wp-content\\\/uploads\\\/2018\\\/10\\\/kirby-steel.png\",\"contentUrl\":\"https:\\\/\\\/www.veltec.eu\\\/wp-content\\\/uploads\\\/2018\\\/10\\\/kirby-steel.png\",\"width\":300,\"height\":300},{\"@type\":\"BreadcrumbList\",\"@id\":\"https:\\\/\\\/www.veltec.eu\\\/es\\\/product\\\/kirby-completo-tubo-reacondicionadas-nl44405\\\/#breadcrumb\",\"itemListElement\":[{\"@type\":\"ListItem\",\"position\":1,\"name\":\"Home\",\"item\":\"https:\\\/\\\/www.veltec.eu\\\/es\\\/\"},{\"@type\":\"ListItem\",\"position\":2,\"name\":\"Produits\",\"item\":\"https:\\\/\\\/www.veltec.eu\\\/fr\\\/shop\\\/\"},{\"@type\":\"ListItem\",\"position\":3,\"name\":\"Kirby Completo Tubo Reacondicionadas\"}]},{\"@type\":\"WebSite\",\"@id\":\"https:\\\/\\\/www.veltec.eu\\\/en\\\/#website\",\"url\":\"https:\\\/\\\/www.veltec.eu\\\/en\\\/\",\"name\":\"Veltec Kirby specialist\",\"description\":\"Kirby stofzuiger producten\",\"publisher\":{\"@id\":\"https:\\\/\\\/www.veltec.eu\\\/en\\\/#organization\"},\"potentialAction\":[{\"@type\":\"SearchAction\",\"target\":{\"@type\":\"EntryPoint\",\"urlTemplate\":\"https:\\\/\\\/www.veltec.eu\\\/en\\\/?s={search_term_string}\"},\"query-input\":{\"@type\":\"PropertyValueSpecification\",\"valueRequired\":true,\"valueName\":\"search_term_string\"}}],\"inLanguage\":\"es\"},{\"@type\":\"Organization\",\"@id\":\"https:\\\/\\\/www.veltec.eu\\\/en\\\/#organization\",\"name\":\"Veltec Kirby Specialist\",\"url\":\"https:\\\/\\\/www.veltec.eu\\\/en\\\/\",\"logo\":{\"@type\":\"ImageObject\",\"inLanguage\":\"es\",\"@id\":\"https:\\\/\\\/www.veltec.eu\\\/en\\\/#\\\/schema\\\/logo\\\/image\\\/\",\"url\":\"https:\\\/\\\/www.veltec.eu\\\/wp-content\\\/uploads\\\/2021\\\/12\\\/Veltec-log-groot-e1537260889125.png\",\"contentUrl\":\"https:\\\/\\\/www.veltec.eu\\\/wp-content\\\/uploads\\\/2021\\\/12\\\/Veltec-log-groot-e1537260889125.png\",\"width\":200,\"height\":60,\"caption\":\"Veltec Kirby Specialist\"},\"image\":{\"@id\":\"https:\\\/\\\/www.veltec.eu\\\/en\\\/#\\\/schema\\\/logo\\\/image\\\/\"},\"sameAs\":[\"https:\\\/\\\/www.facebook.com\\\/Veltec-Kirby-Specialist-236746293374877\\\/\",\"https:\\\/\\\/www.youtube.com\\\/user\\\/VeltecService\"]}]}<\/script>\n<!-- \/ Yoast SEO Premium plugin. -->","yoast_head_json":{"title":"Kirby Completo Tubo Reacondicionadas \u2013 Listo para usar","description":"Mejora tu aspiradora Kirby con el Kirby Completo Tubo Reacondicionadas. Compatible con modelos Generation G3\u2013G7, reacondicionado y listo para usar.","robots":{"index":"index","follow":"follow","max-snippet":"max-snippet:-1","max-image-preview":"max-image-preview:large","max-video-preview":"max-video-preview:-1"},"canonical":"https:\/\/www.veltec.eu\/es\/product\/kirby-completo-tubo-reacondicionadas-nl44405\/","og_locale":"es_ES","og_type":"article","og_title":"Kirby Completo Tubo Reacondicionadas","og_description":"El Kirby completo tubo reacondicionadas convierte tu aspiradora Kirby en un pr\u00e1ctico modelo tipo escoba. Completamente revisado y listo para usar en los modelos Generation G3\u2013G7.   En stock   Pedido antes de las 23:59, enviado ma\u00f1ana  &nbsp;","og_url":"https:\/\/www.veltec.eu\/es\/product\/kirby-completo-tubo-reacondicionadas-nl44405\/","og_site_name":"Veltec Kirby specialist","article_publisher":"https:\/\/www.facebook.com\/Veltec-Kirby-Specialist-236746293374877\/","article_modified_time":"2026-03-16T09:40:21+00:00","og_image":[{"width":300,"height":300,"url":"https:\/\/www.veltec.eu\/wp-content\/uploads\/2018\/10\/kirby-steel.png","type":"image\/png"}],"twitter_card":"summary_large_image","twitter_misc":{"Tiempo de lectura":"3 minutos"},"schema":{"@context":"https:\/\/schema.org","@graph":[{"@type":"WebPage","@id":"https:\/\/www.veltec.eu\/es\/product\/kirby-completo-tubo-reacondicionadas-nl44405\/","url":"https:\/\/www.veltec.eu\/es\/product\/kirby-completo-tubo-reacondicionadas-nl44405\/","name":"Kirby Completo Tubo Reacondicionadas \u2013 Listo para usar","isPartOf":{"@id":"https:\/\/www.veltec.eu\/en\/#website"},"primaryImageOfPage":{"@id":"https:\/\/www.veltec.eu\/es\/product\/kirby-completo-tubo-reacondicionadas-nl44405\/#primaryimage"},"image":{"@id":"https:\/\/www.veltec.eu\/es\/product\/kirby-completo-tubo-reacondicionadas-nl44405\/#primaryimage"},"thumbnailUrl":"https:\/\/www.veltec.eu\/wp-content\/uploads\/2018\/10\/kirby-steel.png","datePublished":"2018-10-22T11:25:25+00:00","dateModified":"2026-03-16T09:40:21+00:00","description":"Mejora tu aspiradora Kirby con el Kirby Completo Tubo Reacondicionadas. Compatible con modelos Generation G3\u2013G7, reacondicionado y listo para usar.","breadcrumb":{"@id":"https:\/\/www.veltec.eu\/es\/product\/kirby-completo-tubo-reacondicionadas-nl44405\/#breadcrumb"},"inLanguage":"es","potentialAction":[{"@type":"ReadAction","target":["https:\/\/www.veltec.eu\/es\/product\/kirby-completo-tubo-reacondicionadas-nl44405\/"]}]},{"@type":"ImageObject","inLanguage":"es","@id":"https:\/\/www.veltec.eu\/es\/product\/kirby-completo-tubo-reacondicionadas-nl44405\/#primaryimage","url":"https:\/\/www.veltec.eu\/wp-content\/uploads\/2018\/10\/kirby-steel.png","contentUrl":"https:\/\/www.veltec.eu\/wp-content\/uploads\/2018\/10\/kirby-steel.png","width":300,"height":300},{"@type":"BreadcrumbList","@id":"https:\/\/www.veltec.eu\/es\/product\/kirby-completo-tubo-reacondicionadas-nl44405\/#breadcrumb","itemListElement":[{"@type":"ListItem","position":1,"name":"Home","item":"https:\/\/www.veltec.eu\/es\/"},{"@type":"ListItem","position":2,"name":"Produits","item":"https:\/\/www.veltec.eu\/fr\/shop\/"},{"@type":"ListItem","position":3,"name":"Kirby Completo Tubo Reacondicionadas"}]},{"@type":"WebSite","@id":"https:\/\/www.veltec.eu\/en\/#website","url":"https:\/\/www.veltec.eu\/en\/","name":"Veltec Kirby specialist","description":"Kirby stofzuiger producten","publisher":{"@id":"https:\/\/www.veltec.eu\/en\/#organization"},"potentialAction":[{"@type":"SearchAction","target":{"@type":"EntryPoint","urlTemplate":"https:\/\/www.veltec.eu\/en\/?s={search_term_string}"},"query-input":{"@type":"PropertyValueSpecification","valueRequired":true,"valueName":"search_term_string"}}],"inLanguage":"es"},{"@type":"Organization","@id":"https:\/\/www.veltec.eu\/en\/#organization","name":"Veltec Kirby Specialist","url":"https:\/\/www.veltec.eu\/en\/","logo":{"@type":"ImageObject","inLanguage":"es","@id":"https:\/\/www.veltec.eu\/en\/#\/schema\/logo\/image\/","url":"https:\/\/www.veltec.eu\/wp-content\/uploads\/2021\/12\/Veltec-log-groot-e1537260889125.png","contentUrl":"https:\/\/www.veltec.eu\/wp-content\/uploads\/2021\/12\/Veltec-log-groot-e1537260889125.png","width":200,"height":60,"caption":"Veltec Kirby Specialist"},"image":{"@id":"https:\/\/www.veltec.eu\/en\/#\/schema\/logo\/image\/"},"sameAs":["https:\/\/www.facebook.com\/Veltec-Kirby-Specialist-236746293374877\/","https:\/\/www.youtube.com\/user\/VeltecService"]}]}},"_links":{"self":[{"href":"https:\/\/www.veltec.eu\/es\/wp-json\/wp\/v2\/product\/10918","targetHints":{"allow":["GET"]}}],"collection":[{"href":"https:\/\/www.veltec.eu\/es\/wp-json\/wp\/v2\/product"}],"about":[{"href":"https:\/\/www.veltec.eu\/es\/wp-json\/wp\/v2\/types\/product"}],"replies":[{"embeddable":true,"href":"https:\/\/www.veltec.eu\/es\/wp-json\/wp\/v2\/comments?post=10918"}],"wp:featuredmedia":[{"embeddable":true,"href":"https:\/\/www.veltec.eu\/es\/wp-json\/wp\/v2\/media\/86160"}],"wp:attachment":[{"href":"https:\/\/www.veltec.eu\/es\/wp-json\/wp\/v2\/media?parent=10918"}],"wp:term":[{"taxonomy":"product_brand","embeddable":true,"href":"https:\/\/www.veltec.eu\/es\/wp-json\/wp\/v2\/product_brand?post=10918"},{"taxonomy":"product_cat","embeddable":true,"href":"https:\/\/www.veltec.eu\/es\/wp-json\/wp\/v2\/product_cat?post=10918"},{"taxonomy":"product_tag","embeddable":true,"href":"https:\/\/www.veltec.eu\/es\/wp-json\/wp\/v2\/product_tag?post=10918"}],"curies":[{"name":"wp","href":"https:\/\/api.w.org\/{rel}","templated":true}]}}