{"id":10913,"date":"2018-10-22T13:36:07","date_gmt":"2018-10-22T11:36:07","guid":{"rendered":"https:\/\/www.veltec.eu\/kirby-webshop\/cepillo-giratorio-kirby-nl3028\/"},"modified":"2026-05-08T10:33:54","modified_gmt":"2026-05-08T08:33:54","slug":"cepillo-giratorio-kirby-nl3028","status":"publish","type":"product","link":"https:\/\/www.veltec.eu\/es\/product\/cepillo-giratorio-kirby-nl3028\/","title":{"rendered":"Cepillo giratorio Kirby"},"content":{"rendered":"<h1 data-start=\"109\" data-end=\"187\">Cepillo giratorio Kirby \u2013 La clave para una limpieza profunda de alfombras<\/h1>\n<p data-start=\"189\" data-end=\"447\">El Cepillo giratorio Kirby es un componente indispensable del Sistema de shampoo Kirby. Este cepillo especial distribuye el shampoo de manera uniforme sobre la alfombra, asegurando que la suciedad y las manchas dif\u00edciles desaparezcan de forma efectiva.<\/p>\n<p data-start=\"449\" data-end=\"520\">Descubre todo lo que necesitas para el <a href=\"https:\/\/www.veltec.eu\/es\/limpieza-y-mantenimiento\/sistema-de-champu-kirby\/\">Sistema de shampoo Kirby.<\/a><\/p>\n<h2 data-start=\"522\" data-end=\"596\">\u00bfPara qu\u00e9 aspiradoras Kirby es compatible el Cepillo giratorio Kirby?<\/h2>\n<p data-start=\"598\" data-end=\"781\">Una pregunta frecuente es: <em data-start=\"625\" data-end=\"692\">\u00bfEl Cepillo giratorio Kirby funciona con mi modelo de aspiradora?<\/em> La respuesta es s\u00ed. Este cepillo es compatible con casi todos los modelos, incluyendo:<\/p>\n<ul>\n<li data-start=\"785\" data-end=\"808\">Kirby Avalir Platinum<\/li>\n<li data-start=\"811\" data-end=\"827\">Kirby Avalir 2<\/li>\n<li data-start=\"830\" data-end=\"846\">Kirby Avalir 1<\/li>\n<li data-start=\"849\" data-end=\"873\">Kirby Sentria 2 (G10D)<\/li>\n<li data-start=\"876\" data-end=\"899\">Kirby Sentria 1 (G10)<\/li>\n<li data-start=\"902\" data-end=\"947\">Kirby Ultimate G Diamond Edition (G7D o DE)<\/li>\n<li data-start=\"950\" data-end=\"978\">Kirby Ultimate G (G7 o UG)<\/li>\n<li data-start=\"981\" data-end=\"1006\">Kirby Generation 6 (G6)<\/li>\n<li data-start=\"1009\" data-end=\"1034\">Kirby Generation 5 (G5)<\/li>\n<li data-start=\"1037\" data-end=\"1062\">Kirby Generation 4 (G4)<\/li>\n<li data-start=\"1065\" data-end=\"1090\">Kirby Generation 3 (G3)<\/li>\n<\/ul>\n<p data-start=\"1092\" data-end=\"1171\">\u00a0Consulta todos los <a href=\"https:\/\/www.veltec.eu\/es\/cepillos-y-boquillas\/cepillos-y-accesorios-kirby\/\">cepillos y accesorios Kirby<\/a> en nuestra tienda online.<\/p>\n<h2 data-start=\"1173\" data-end=\"1221\">\u00bfPor qu\u00e9 elegir el Cepillo giratorio Kirby?<\/h2>\n<h3 data-start=\"1223\" data-end=\"1265\">Cerdas suaves para m\u00e1xima protecci\u00f3n<\/h3>\n<p data-start=\"1266\" data-end=\"1488\">El Cepillo giratorio Kirby cuenta con cerdas suaves pero resistentes. Limpian profundamente las fibras sin da\u00f1ar alfombras ni tapetes delicados, ofreciendo el cuidado necesario para mantener su frescura y apariencia.<\/p>\n<h3 data-start=\"1490\" data-end=\"1529\">Distribuci\u00f3n uniforme del shampoo<\/h3>\n<p data-start=\"1530\" data-end=\"1755\">Un problema com\u00fan de los cepillos econ\u00f3micos es la aplicaci\u00f3n desigual del shampoo. El cepillo original Kirby evita este inconveniente, tratando cada fibra de la alfombra y garantizando una limpieza uniforme y sin residuos.<\/p>\n<p data-start=\"1757\" data-end=\"1838\">\u00a0Lee tambi\u00e9n nuestro art\u00edculo: <a href=\"https:\/\/www.servicio-de-aspiradoras-kirby.es\/mi-kirby-ya-no-tiene-succion\/\" target=\"_blank\" rel=\"noopener\">Mi Kirby no succiona \u2013 c\u00f3mo solucionarlo.<\/a><\/p>\n<h2 data-start=\"1840\" data-end=\"1895\">Beneficios principales del Cepillo giratorio Kirby<\/h2>\n<h3 data-start=\"1897\" data-end=\"1934\">Eliminaci\u00f3n efectiva de manchas<\/h3>\n<p data-start=\"1935\" data-end=\"2175\">\u00bfC\u00f3mo eliminar manchas dif\u00edciles como vino, barro o accidentes de mascotas? La combinaci\u00f3n del rollo de cepillo Kirby con el sistema de shampoo hace que estas manchas desaparezcan f\u00e1cilmente, ideal para familias con ni\u00f1os y mascotas.<\/p>\n<h3 data-start=\"2177\" data-end=\"2207\">Durabilidad y fiabilidad<\/h3>\n<p data-start=\"2208\" data-end=\"2401\">Fabricado con materiales de alta calidad, el Cepillo giratorio Kirby dura a\u00f1os, reduciendo la necesidad de reemplazos frecuentes y garantizando un rendimiento constante a lo largo del tiempo.<\/p>\n<h2 data-start=\"2403\" data-end=\"2421\">F\u00e1cil de usar<\/h2>\n<h3 data-start=\"2423\" data-end=\"2470\">Instalaci\u00f3n r\u00e1pida y mantenimiento simple<\/h3>\n<p data-start=\"2471\" data-end=\"2639\">\u00bfEs dif\u00edcil instalar el cepillo? Para nada. En pocos minutos, el cepillo est\u00e1 listo para usar. Su mantenimiento se limita a revisiones peri\u00f3dicas y limpieza sencilla.<\/p>\n<h3 data-start=\"2641\" data-end=\"2702\">Compatibilidad perfecta con el sistema de shampoo Kirby<\/h3>\n<p data-start=\"2703\" data-end=\"2867\">Solo el rollo de cepillo original se integra perfectamente con el sistema de shampoo Kirby, garantizando el m\u00e1ximo rendimiento y resultados impecables.<\/p>\n<p data-start=\"2869\" data-end=\"2934\">Descubre m\u00e1s sobre el <a href=\"https:\/\/www.servicio-de-aspiradoras-kirby.es\/utilizar-el-sistema-de-champu-kirby\/\" target=\"_blank\" rel=\"noopener\">uso del sistema de shampoo Kirby.<\/a><\/p>\n<p data-start=\"2981\" data-end=\"3284\">El Cepillo giratorio Kirby proporciona una limpieza profunda y uniforme, con durabilidad y f\u00e1cil instalaci\u00f3n. Sus cerdas suaves eliminan manchas de manera efectiva sin da\u00f1ar las alfombras y, gracias a su compatibilidad total con el sistema de shampoo Kirby, asegura resultados \u00f3ptimos en cada uso.<\/p>\n","protected":false},"excerpt":{"rendered":"<p>El Cepillo giratorio Kirby asegura una limpieza profunda y uniforme de las alfombras. Sus cerdas suaves y resistentes son ideales para todos los modelos de aspiradora Kirby.<\/p>\n[trustindex data-widget-id=48bbd87242952812953642309d4]\n<h3><span style=\"color: #008000;\"><br \/>\nEn stock<\/span><\/h3>\n[av_font_icon icon='ue812' font='entypo-fontello' style='' caption='' size='25px' position='left' color='#43ad66' link='' linktarget='' title_attr='' sonar_effect_effect='' sonar_effect_color='' sonar_effect_duration='1' sonar_effect_scale='' sonar_effect_opac='0.5' animation='' id='' custom_class='' template_class='' av_uid='' sc_version='1.0' admin_preview_bg=''][\/av_font_icon]\n<p><span style=\"color: #008000;\">Pedido antes de las 23:59, enviado ma\u00f1ana<\/span><\/p>\n<p>&nbsp;<\/p>\n","protected":false},"featured_media":90357,"comment_status":"open","ping_status":"closed","template":"","meta":{"_acf_changed":false},"product_brand":[],"product_cat":[338,316],"product_tag":[],"class_list":{"0":"post-10913","1":"product","2":"type-product","3":"status-publish","4":"has-post-thumbnail","6":"product_cat-cepillos-y-accesorios-kirby","7":"product_cat-sistema-de-champu-kirby","8":"product_shipping_class-klein-es","10":"first","11":"instock","12":"taxable","13":"shipping-taxable","14":"purchasable","15":"product-type-simple"},"acf":[],"yoast_head":"<!-- This site is optimized with the Yoast SEO Premium plugin v27.1 (Yoast SEO v27.5) - https:\/\/yoast.com\/product\/yoast-seo-premium-wordpress\/ -->\n<title>Cepillo giratorio Kirby \u2013 Limpieza profunda y eficaz de alfombras<\/title>\n<meta name=\"description\" content=\"Cepillo giratorio Kirby: limpieza profunda, distribuci\u00f3n uniforme del shampoo y eliminaci\u00f3n eficaz de manchas. Compatible con todos los modelos.\" \/>\n<meta name=\"robots\" content=\"index, follow, max-snippet:-1, max-image-preview:large, max-video-preview:-1\" \/>\n<link rel=\"canonical\" href=\"https:\/\/www.veltec.eu\/es\/product\/cepillo-giratorio-kirby-nl3028\/\" \/>\n<meta property=\"og:locale\" content=\"es_ES\" \/>\n<meta property=\"og:type\" content=\"article\" \/>\n<meta property=\"og:title\" content=\"Cepillo giratorio Kirby\" \/>\n<meta property=\"og:description\" content=\"El Cepillo giratorio Kirby asegura una limpieza profunda y uniforme de las alfombras. Sus cerdas suaves y resistentes son ideales para todos los modelos de aspiradora Kirby.    En stock   Pedido antes de las 23:59, enviado ma\u00f1ana  &nbsp;\" \/>\n<meta property=\"og:url\" content=\"https:\/\/www.veltec.eu\/es\/product\/cepillo-giratorio-kirby-nl3028\/\" \/>\n<meta property=\"og:site_name\" content=\"Veltec Kirby specialist\" \/>\n<meta property=\"article:publisher\" content=\"https:\/\/www.facebook.com\/Veltec-Kirby-Specialist-236746293374877\/\" \/>\n<meta property=\"article:modified_time\" content=\"2026-05-08T08:33:54+00:00\" \/>\n<meta property=\"og:image\" content=\"https:\/\/www.veltec.eu\/wp-content\/uploads\/2018\/10\/shampoo-borstel-Kirby.jpg\" \/>\n\t<meta property=\"og:image:width\" content=\"600\" \/>\n\t<meta property=\"og:image:height\" content=\"600\" \/>\n\t<meta property=\"og:image:type\" content=\"image\/jpeg\" \/>\n<meta name=\"twitter:card\" content=\"summary_large_image\" \/>\n<meta name=\"twitter:label1\" content=\"Tiempo de lectura\" \/>\n\t<meta name=\"twitter:data1\" content=\"3 minutos\" \/>\n<script type=\"application\/ld+json\" class=\"yoast-schema-graph\">{\"@context\":\"https:\\\/\\\/schema.org\",\"@graph\":[{\"@type\":\"WebPage\",\"@id\":\"https:\\\/\\\/www.veltec.eu\\\/es\\\/product\\\/cepillo-giratorio-kirby-nl3028\\\/\",\"url\":\"https:\\\/\\\/www.veltec.eu\\\/es\\\/product\\\/cepillo-giratorio-kirby-nl3028\\\/\",\"name\":\"Cepillo giratorio Kirby \u2013 Limpieza profunda y eficaz de alfombras\",\"isPartOf\":{\"@id\":\"https:\\\/\\\/www.veltec.eu\\\/en\\\/#website\"},\"primaryImageOfPage\":{\"@id\":\"https:\\\/\\\/www.veltec.eu\\\/es\\\/product\\\/cepillo-giratorio-kirby-nl3028\\\/#primaryimage\"},\"image\":{\"@id\":\"https:\\\/\\\/www.veltec.eu\\\/es\\\/product\\\/cepillo-giratorio-kirby-nl3028\\\/#primaryimage\"},\"thumbnailUrl\":\"https:\\\/\\\/www.veltec.eu\\\/wp-content\\\/uploads\\\/2018\\\/10\\\/shampoo-borstel-Kirby.jpg\",\"datePublished\":\"2018-10-22T11:36:07+00:00\",\"dateModified\":\"2026-05-08T08:33:54+00:00\",\"description\":\"Cepillo giratorio Kirby: limpieza profunda, distribuci\u00f3n uniforme del shampoo y eliminaci\u00f3n eficaz de manchas. Compatible con todos los modelos.\",\"breadcrumb\":{\"@id\":\"https:\\\/\\\/www.veltec.eu\\\/es\\\/product\\\/cepillo-giratorio-kirby-nl3028\\\/#breadcrumb\"},\"inLanguage\":\"es\",\"potentialAction\":[{\"@type\":\"ReadAction\",\"target\":[\"https:\\\/\\\/www.veltec.eu\\\/es\\\/product\\\/cepillo-giratorio-kirby-nl3028\\\/\"]}]},{\"@type\":\"ImageObject\",\"inLanguage\":\"es\",\"@id\":\"https:\\\/\\\/www.veltec.eu\\\/es\\\/product\\\/cepillo-giratorio-kirby-nl3028\\\/#primaryimage\",\"url\":\"https:\\\/\\\/www.veltec.eu\\\/wp-content\\\/uploads\\\/2018\\\/10\\\/shampoo-borstel-Kirby.jpg\",\"contentUrl\":\"https:\\\/\\\/www.veltec.eu\\\/wp-content\\\/uploads\\\/2018\\\/10\\\/shampoo-borstel-Kirby.jpg\",\"width\":600,\"height\":600},{\"@type\":\"BreadcrumbList\",\"@id\":\"https:\\\/\\\/www.veltec.eu\\\/es\\\/product\\\/cepillo-giratorio-kirby-nl3028\\\/#breadcrumb\",\"itemListElement\":[{\"@type\":\"ListItem\",\"position\":1,\"name\":\"Home\",\"item\":\"https:\\\/\\\/www.veltec.eu\\\/es\\\/pagina-de-inicio\\\/\"},{\"@type\":\"ListItem\",\"position\":2,\"name\":\"Tienda Kirby\",\"item\":\"https:\\\/\\\/www.veltec.eu\\\/es\\\/tienda-kirby\\\/\"},{\"@type\":\"ListItem\",\"position\":3,\"name\":\"Cepillo giratorio Kirby\"}]},{\"@type\":\"WebSite\",\"@id\":\"https:\\\/\\\/www.veltec.eu\\\/en\\\/#website\",\"url\":\"https:\\\/\\\/www.veltec.eu\\\/en\\\/\",\"name\":\"Veltec Kirby specialist\",\"description\":\"Kirby stofzuiger producten\",\"publisher\":{\"@id\":\"https:\\\/\\\/www.veltec.eu\\\/en\\\/#organization\"},\"potentialAction\":[{\"@type\":\"SearchAction\",\"target\":{\"@type\":\"EntryPoint\",\"urlTemplate\":\"https:\\\/\\\/www.veltec.eu\\\/en\\\/?s={search_term_string}\"},\"query-input\":{\"@type\":\"PropertyValueSpecification\",\"valueRequired\":true,\"valueName\":\"search_term_string\"}}],\"inLanguage\":\"es\"},{\"@type\":\"Organization\",\"@id\":\"https:\\\/\\\/www.veltec.eu\\\/en\\\/#organization\",\"name\":\"Veltec Kirby Specialist\",\"url\":\"https:\\\/\\\/www.veltec.eu\\\/en\\\/\",\"logo\":{\"@type\":\"ImageObject\",\"inLanguage\":\"es\",\"@id\":\"https:\\\/\\\/www.veltec.eu\\\/en\\\/#\\\/schema\\\/logo\\\/image\\\/\",\"url\":\"https:\\\/\\\/www.veltec.eu\\\/wp-content\\\/uploads\\\/2021\\\/12\\\/Veltec-log-groot-e1537260889125.png\",\"contentUrl\":\"https:\\\/\\\/www.veltec.eu\\\/wp-content\\\/uploads\\\/2021\\\/12\\\/Veltec-log-groot-e1537260889125.png\",\"width\":200,\"height\":60,\"caption\":\"Veltec Kirby Specialist\"},\"image\":{\"@id\":\"https:\\\/\\\/www.veltec.eu\\\/en\\\/#\\\/schema\\\/logo\\\/image\\\/\"},\"sameAs\":[\"https:\\\/\\\/www.facebook.com\\\/Veltec-Kirby-Specialist-236746293374877\\\/\",\"https:\\\/\\\/www.youtube.com\\\/user\\\/VeltecService\"]}]}<\/script>\n<!-- \/ Yoast SEO Premium plugin. -->","yoast_head_json":{"title":"Cepillo giratorio Kirby \u2013 Limpieza profunda y eficaz de alfombras","description":"Cepillo giratorio Kirby: limpieza profunda, distribuci\u00f3n uniforme del shampoo y eliminaci\u00f3n eficaz de manchas. Compatible con todos los modelos.","robots":{"index":"index","follow":"follow","max-snippet":"max-snippet:-1","max-image-preview":"max-image-preview:large","max-video-preview":"max-video-preview:-1"},"canonical":"https:\/\/www.veltec.eu\/es\/product\/cepillo-giratorio-kirby-nl3028\/","og_locale":"es_ES","og_type":"article","og_title":"Cepillo giratorio Kirby","og_description":"El Cepillo giratorio Kirby asegura una limpieza profunda y uniforme de las alfombras. Sus cerdas suaves y resistentes son ideales para todos los modelos de aspiradora Kirby.    En stock   Pedido antes de las 23:59, enviado ma\u00f1ana  &nbsp;","og_url":"https:\/\/www.veltec.eu\/es\/product\/cepillo-giratorio-kirby-nl3028\/","og_site_name":"Veltec Kirby specialist","article_publisher":"https:\/\/www.facebook.com\/Veltec-Kirby-Specialist-236746293374877\/","article_modified_time":"2026-05-08T08:33:54+00:00","og_image":[{"width":600,"height":600,"url":"https:\/\/www.veltec.eu\/wp-content\/uploads\/2018\/10\/shampoo-borstel-Kirby.jpg","type":"image\/jpeg"}],"twitter_card":"summary_large_image","twitter_misc":{"Tiempo de lectura":"3 minutos"},"schema":{"@context":"https:\/\/schema.org","@graph":[{"@type":"WebPage","@id":"https:\/\/www.veltec.eu\/es\/product\/cepillo-giratorio-kirby-nl3028\/","url":"https:\/\/www.veltec.eu\/es\/product\/cepillo-giratorio-kirby-nl3028\/","name":"Cepillo giratorio Kirby \u2013 Limpieza profunda y eficaz de alfombras","isPartOf":{"@id":"https:\/\/www.veltec.eu\/en\/#website"},"primaryImageOfPage":{"@id":"https:\/\/www.veltec.eu\/es\/product\/cepillo-giratorio-kirby-nl3028\/#primaryimage"},"image":{"@id":"https:\/\/www.veltec.eu\/es\/product\/cepillo-giratorio-kirby-nl3028\/#primaryimage"},"thumbnailUrl":"https:\/\/www.veltec.eu\/wp-content\/uploads\/2018\/10\/shampoo-borstel-Kirby.jpg","datePublished":"2018-10-22T11:36:07+00:00","dateModified":"2026-05-08T08:33:54+00:00","description":"Cepillo giratorio Kirby: limpieza profunda, distribuci\u00f3n uniforme del shampoo y eliminaci\u00f3n eficaz de manchas. Compatible con todos los modelos.","breadcrumb":{"@id":"https:\/\/www.veltec.eu\/es\/product\/cepillo-giratorio-kirby-nl3028\/#breadcrumb"},"inLanguage":"es","potentialAction":[{"@type":"ReadAction","target":["https:\/\/www.veltec.eu\/es\/product\/cepillo-giratorio-kirby-nl3028\/"]}]},{"@type":"ImageObject","inLanguage":"es","@id":"https:\/\/www.veltec.eu\/es\/product\/cepillo-giratorio-kirby-nl3028\/#primaryimage","url":"https:\/\/www.veltec.eu\/wp-content\/uploads\/2018\/10\/shampoo-borstel-Kirby.jpg","contentUrl":"https:\/\/www.veltec.eu\/wp-content\/uploads\/2018\/10\/shampoo-borstel-Kirby.jpg","width":600,"height":600},{"@type":"BreadcrumbList","@id":"https:\/\/www.veltec.eu\/es\/product\/cepillo-giratorio-kirby-nl3028\/#breadcrumb","itemListElement":[{"@type":"ListItem","position":1,"name":"Home","item":"https:\/\/www.veltec.eu\/es\/pagina-de-inicio\/"},{"@type":"ListItem","position":2,"name":"Tienda Kirby","item":"https:\/\/www.veltec.eu\/es\/tienda-kirby\/"},{"@type":"ListItem","position":3,"name":"Cepillo giratorio Kirby"}]},{"@type":"WebSite","@id":"https:\/\/www.veltec.eu\/en\/#website","url":"https:\/\/www.veltec.eu\/en\/","name":"Veltec Kirby specialist","description":"Kirby stofzuiger producten","publisher":{"@id":"https:\/\/www.veltec.eu\/en\/#organization"},"potentialAction":[{"@type":"SearchAction","target":{"@type":"EntryPoint","urlTemplate":"https:\/\/www.veltec.eu\/en\/?s={search_term_string}"},"query-input":{"@type":"PropertyValueSpecification","valueRequired":true,"valueName":"search_term_string"}}],"inLanguage":"es"},{"@type":"Organization","@id":"https:\/\/www.veltec.eu\/en\/#organization","name":"Veltec Kirby Specialist","url":"https:\/\/www.veltec.eu\/en\/","logo":{"@type":"ImageObject","inLanguage":"es","@id":"https:\/\/www.veltec.eu\/en\/#\/schema\/logo\/image\/","url":"https:\/\/www.veltec.eu\/wp-content\/uploads\/2021\/12\/Veltec-log-groot-e1537260889125.png","contentUrl":"https:\/\/www.veltec.eu\/wp-content\/uploads\/2021\/12\/Veltec-log-groot-e1537260889125.png","width":200,"height":60,"caption":"Veltec Kirby Specialist"},"image":{"@id":"https:\/\/www.veltec.eu\/en\/#\/schema\/logo\/image\/"},"sameAs":["https:\/\/www.facebook.com\/Veltec-Kirby-Specialist-236746293374877\/","https:\/\/www.youtube.com\/user\/VeltecService"]}]}},"_links":{"self":[{"href":"https:\/\/www.veltec.eu\/es\/wp-json\/wp\/v2\/product\/10913","targetHints":{"allow":["GET"]}}],"collection":[{"href":"https:\/\/www.veltec.eu\/es\/wp-json\/wp\/v2\/product"}],"about":[{"href":"https:\/\/www.veltec.eu\/es\/wp-json\/wp\/v2\/types\/product"}],"replies":[{"embeddable":true,"href":"https:\/\/www.veltec.eu\/es\/wp-json\/wp\/v2\/comments?post=10913"}],"wp:featuredmedia":[{"embeddable":true,"href":"https:\/\/www.veltec.eu\/es\/wp-json\/wp\/v2\/media\/90357"}],"wp:attachment":[{"href":"https:\/\/www.veltec.eu\/es\/wp-json\/wp\/v2\/media?parent=10913"}],"wp:term":[{"taxonomy":"product_brand","embeddable":true,"href":"https:\/\/www.veltec.eu\/es\/wp-json\/wp\/v2\/product_brand?post=10913"},{"taxonomy":"product_cat","embeddable":true,"href":"https:\/\/www.veltec.eu\/es\/wp-json\/wp\/v2\/product_cat?post=10913"},{"taxonomy":"product_tag","embeddable":true,"href":"https:\/\/www.veltec.eu\/es\/wp-json\/wp\/v2\/product_tag?post=10913"}],"curies":[{"name":"wp","href":"https:\/\/api.w.org\/{rel}","templated":true}]}}