{"id":10903,"date":"2018-10-22T13:46:26","date_gmt":"2018-10-22T11:46:26","guid":{"rendered":"https:\/\/www.veltec.eu\/kirby-webshop\/cepillo-turbo-kirby-re-acondicionadas-nl3127\/"},"modified":"2025-11-24T12:39:55","modified_gmt":"2025-11-24T10:39:55","slug":"cepillo-turbo-kirby-re-acondicionadas-nl3127","status":"publish","type":"product","link":"https:\/\/www.veltec.eu\/es\/product\/cepillo-turbo-kirby-re-acondicionadas-nl3127\/","title":{"rendered":"Cepillo Turbo Kirby re-acondicionadas"},"content":{"rendered":"<h1>Cepillo Turbo Kirby re-acondicionadas: Para la Limpieza Profunda de Tapicer\u00edas de Tela<\/h1>\n<h3>\u00bfQu\u00e9 hace que el Turbo Cepillo Kirby sea \u00fanico?<\/h3>\n<p>El Cepillo Turbo Kirby re-acondicionadas es una excelente elecci\u00f3n para la limpieza profunda de tapicer\u00edas de tela como sillas, sof\u00e1s, escaleras y tapicer\u00edas de coches. Gracias a su rotor incorporado, este cepillo turbo ofrece un potente rendimiento que elimina la suciedad y el polvo en profundidad de las fibras. Esto lo hace ideal para cualquier persona que valore un entorno de vida limpio y fresco.<\/p>\n<p>Este cepillo reacondicionado ha sido completamente limpiado y restaurado para que funcione como nuevo. Con una construcci\u00f3n duradera y de alta calidad, le garantizamos un producto que durar\u00e1 mucho tiempo sin comprometer su rendimiento.<\/p>\n<p><a href=\"https:\/\/www.veltec.eu\/es\/cepillo-turbo-kirby\/\">A continuaci\u00f3n encontrar\u00e1 todas las piezas de repuesto para el cepillo Kirby Turbo<\/a><\/p>\n<p><strong>Este cepillo Kirby Turbo es universal y apto para todas las aspiradoras Kirby;<\/strong><\/p>\n<ul>\n<li>Avalir Platinum<\/li>\n<li>Avalir 2<\/li>\n<li>Avalir 1<\/li>\n<li>Sentria 2 (G10D)<\/li>\n<li>Sentria 1 (G10)<\/li>\n<li>Ultimate G Diamond Ed.(G7D or DE)<\/li>\n<li>Ultimate G (G7 or UG)<\/li>\n<li>Generation 6 (G6)<\/li>\n<li>Generation 5 (G5)<\/li>\n<li>Generation 4 (G4)<\/li>\n<li>Generation 3 (G3)<\/li>\n<\/ul>\n<h3>Principales ventajas del cepillo Turbo<\/h3>\n<p><strong>Efecto de limpieza profunda<\/strong><br \/>\nEl rotor del cepillo proporciona una limpieza intensiva, incluso de la suciedad m\u00e1s resistente. Ya sean pelos de animales o polvo incrustado, este cepillo turbo har\u00e1 que su tapicer\u00eda vuelva a estar limpia y fresca.<br \/>\n<strong>Compatibilidad<\/strong><br \/>\nEl turbocepillo Kirby funciona no s\u00f3lo con aspiradoras Kirby, sino tambi\u00e9n con aspiradoras de otras marcas, siempre que generen suficiente caudal de aire. Esto lo convierte en una opci\u00f3n vers\u00e1til para cualquier hogar.<br \/>\n<strong>Reacondicionado respetuoso con el medio ambiente<\/strong><br \/>\nAl elegir un cepillo reacondicionado, est\u00e1 contribuyendo a un mundo m\u00e1s sostenible. El producto se ha limpiado a fondo, lo que hace que funcione como nuevo sin necesidad de nuevos materiales.<\/p>\n<h3>Advertencia: utilice el producto de forma segura<\/h3>\n<p>Al utilizar el cepillo Kirby Turbo, es importante tener cuidado con la humedad. No utilice nunca este cepillo en combinaci\u00f3n con el champ\u00fa Kirby, ya que la aspiradora Kirby no es apta para su uso en mojado. La humedad puede provocar la acumulaci\u00f3n de suciedad en la manguera, la c\u00e1mara del ventilador y la bolsa de la aspiradora, lo que con el tiempo provoca moho y mal olor.<\/p>\n<p>Siguiendo estas pautas, se asegurar\u00e1 de que el cepillo Kirby Turbo dure mucho tiempo y mantenga su potente rendimiento.<\/p>\n<h3>\u00bfPor qu\u00e9 elegir un cepillo Kirby Turbo reacondicionado?<\/h3>\n<p>Con el cepillo Kirby Turbo reacondicionado obtendr\u00e1 un producto de primera calidad que es eficaz, duradero y vers\u00e1til. Tanto si tiene mascotas como si simplemente se esfuerza por tener un entorno limpio, este cepillo es una ayuda indispensable en su rutina de limpieza. \u00a1Invierta en calidad y disfrute de un hogar fresco y confortable!<\/p>\n","protected":false},"excerpt":{"rendered":"<p>Cepillo Turbo con motor, para una limpieza profunda de telas, como para sillas y bancos, alfombras para escaleras y tapicer\u00eda de coche.<\/p>\n[trustindex data-widget-id=48bbd87242952812953642309d4]\n<h3><span style=\"color: #008000;\"><br \/>\nEn stock<\/span><\/h3>\n[av_font_icon icon='ue812' font='entypo-fontello' style='' caption='' size='25px' position='left' color='#43ad66' link='' linktarget='' title_attr='' sonar_effect_effect='' sonar_effect_color='' sonar_effect_duration='1' sonar_effect_scale='' sonar_effect_opac='0.5' animation='' id='' custom_class='' template_class='' av_uid='' sc_version='1.0' admin_preview_bg=''][\/av_font_icon]\n<p><span style=\"color: #008000;\">Pedido antes de las 23:59, enviado ma\u00f1ana<\/span><\/p>\n<p>&nbsp;<\/p>\n","protected":false},"featured_media":86458,"comment_status":"open","ping_status":"closed","template":"","meta":[],"product_brand":[],"product_cat":[380],"product_tag":[],"class_list":{"0":"post-10903","1":"product","2":"type-product","3":"status-publish","4":"has-post-thumbnail","6":"product_cat-cepillo-turbo-kirby","7":"product_shipping_class-klein-es","9":"first","10":"instock","11":"sale","12":"taxable","13":"shipping-taxable","14":"purchasable","15":"product-type-simple"},"yoast_head":"<!-- This site is optimized with the Yoast SEO Premium plugin v27.1 (Yoast SEO v27.3) - https:\/\/yoast.com\/product\/yoast-seo-premium-wordpress\/ -->\n<title>Cepillo Turbo Kirby re-acondicionadas - Veltec Kirby specialist<\/title>\n<meta name=\"description\" content=\"Cepillo Turbo Kirby re-acondicionadas Veltec es el proveedor de las aspiradoras Kirby desde hace m\u00e1s de 25 a\u00f1os. Veltec Kirby\" \/>\n<meta name=\"robots\" content=\"index, follow, max-snippet:-1, max-image-preview:large, max-video-preview:-1\" \/>\n<link rel=\"canonical\" href=\"https:\/\/www.veltec.eu\/nl\/product\/kirby-turbo-borstel-nl3127\/\" \/>\n<meta property=\"og:locale\" content=\"es_ES\" \/>\n<meta property=\"og:type\" content=\"article\" \/>\n<meta property=\"og:title\" content=\"Cepillo Turbo Kirby re-acondicionadas\" \/>\n<meta property=\"og:description\" content=\"Cepillo Turbo con motor, para una limpieza profunda de telas, como para sillas y bancos, alfombras para escaleras y tapicer\u00eda de coche.    En stock   Pedido antes de las 23:59, enviado ma\u00f1ana  &nbsp;\" \/>\n<meta property=\"og:url\" content=\"https:\/\/www.veltec.eu\/nl\/product\/kirby-turbo-borstel-nl3127\/\" \/>\n<meta property=\"og:site_name\" content=\"Veltec Kirby specialist\" \/>\n<meta property=\"article:publisher\" content=\"https:\/\/www.facebook.com\/Veltec-Kirby-Specialist-236746293374877\/\" \/>\n<meta property=\"article:modified_time\" content=\"2025-11-24T10:39:55+00:00\" \/>\n<meta property=\"og:image\" content=\"https:\/\/www.veltec.eu\/wp-content\/uploads\/2018\/10\/Kirby-turbobrush567.png\" \/>\n\t<meta property=\"og:image:width\" content=\"300\" \/>\n\t<meta property=\"og:image:height\" content=\"300\" \/>\n\t<meta property=\"og:image:type\" content=\"image\/png\" \/>\n<meta name=\"twitter:card\" content=\"summary_large_image\" \/>\n<meta name=\"twitter:label1\" content=\"Tiempo de lectura\" \/>\n\t<meta name=\"twitter:data1\" content=\"3 minutos\" \/>\n<script type=\"application\/ld+json\" class=\"yoast-schema-graph\">{\"@context\":\"https:\\\/\\\/schema.org\",\"@graph\":[{\"@type\":\"WebPage\",\"@id\":\"https:\\\/\\\/www.veltec.eu\\\/nl\\\/product\\\/kirby-turbo-borstel-nl3127\\\/\",\"url\":\"https:\\\/\\\/www.veltec.eu\\\/nl\\\/product\\\/kirby-turbo-borstel-nl3127\\\/\",\"name\":\"Cepillo Turbo Kirby re-acondicionadas - Veltec Kirby specialist\",\"isPartOf\":{\"@id\":\"https:\\\/\\\/www.veltec.eu\\\/en\\\/#website\"},\"primaryImageOfPage\":{\"@id\":\"https:\\\/\\\/www.veltec.eu\\\/nl\\\/product\\\/kirby-turbo-borstel-nl3127\\\/#primaryimage\"},\"image\":{\"@id\":\"https:\\\/\\\/www.veltec.eu\\\/nl\\\/product\\\/kirby-turbo-borstel-nl3127\\\/#primaryimage\"},\"thumbnailUrl\":\"https:\\\/\\\/www.veltec.eu\\\/wp-content\\\/uploads\\\/2018\\\/10\\\/Kirby-turbobrush567.png\",\"datePublished\":\"2018-10-22T11:46:26+00:00\",\"dateModified\":\"2025-11-24T10:39:55+00:00\",\"description\":\"Cepillo Turbo Kirby re-acondicionadas Veltec es el proveedor de las aspiradoras Kirby desde hace m\u00e1s de 25 a\u00f1os. Veltec Kirby\",\"breadcrumb\":{\"@id\":\"https:\\\/\\\/www.veltec.eu\\\/nl\\\/product\\\/kirby-turbo-borstel-nl3127\\\/#breadcrumb\"},\"inLanguage\":\"es\",\"potentialAction\":[{\"@type\":\"ReadAction\",\"target\":[\"https:\\\/\\\/www.veltec.eu\\\/nl\\\/product\\\/kirby-turbo-borstel-nl3127\\\/\"]}]},{\"@type\":\"ImageObject\",\"inLanguage\":\"es\",\"@id\":\"https:\\\/\\\/www.veltec.eu\\\/nl\\\/product\\\/kirby-turbo-borstel-nl3127\\\/#primaryimage\",\"url\":\"https:\\\/\\\/www.veltec.eu\\\/wp-content\\\/uploads\\\/2018\\\/10\\\/Kirby-turbobrush567.png\",\"contentUrl\":\"https:\\\/\\\/www.veltec.eu\\\/wp-content\\\/uploads\\\/2018\\\/10\\\/Kirby-turbobrush567.png\",\"width\":300,\"height\":300},{\"@type\":\"BreadcrumbList\",\"@id\":\"https:\\\/\\\/www.veltec.eu\\\/nl\\\/product\\\/kirby-turbo-borstel-nl3127\\\/#breadcrumb\",\"itemListElement\":[{\"@type\":\"ListItem\",\"position\":1,\"name\":\"Home\",\"item\":\"https:\\\/\\\/www.veltec.eu\\\/es\\\/\"},{\"@type\":\"ListItem\",\"position\":2,\"name\":\"Produits\",\"item\":\"https:\\\/\\\/www.veltec.eu\\\/fr\\\/shop\\\/\"},{\"@type\":\"ListItem\",\"position\":3,\"name\":\"Cepillo Turbo Kirby re-acondicionadas\"}]},{\"@type\":\"WebSite\",\"@id\":\"https:\\\/\\\/www.veltec.eu\\\/en\\\/#website\",\"url\":\"https:\\\/\\\/www.veltec.eu\\\/en\\\/\",\"name\":\"Veltec Kirby specialist\",\"description\":\"Kirby stofzuiger producten\",\"publisher\":{\"@id\":\"https:\\\/\\\/www.veltec.eu\\\/en\\\/#organization\"},\"potentialAction\":[{\"@type\":\"SearchAction\",\"target\":{\"@type\":\"EntryPoint\",\"urlTemplate\":\"https:\\\/\\\/www.veltec.eu\\\/en\\\/?s={search_term_string}\"},\"query-input\":{\"@type\":\"PropertyValueSpecification\",\"valueRequired\":true,\"valueName\":\"search_term_string\"}}],\"inLanguage\":\"es\"},{\"@type\":\"Organization\",\"@id\":\"https:\\\/\\\/www.veltec.eu\\\/en\\\/#organization\",\"name\":\"Veltec Kirby Specialist\",\"url\":\"https:\\\/\\\/www.veltec.eu\\\/en\\\/\",\"logo\":{\"@type\":\"ImageObject\",\"inLanguage\":\"es\",\"@id\":\"https:\\\/\\\/www.veltec.eu\\\/en\\\/#\\\/schema\\\/logo\\\/image\\\/\",\"url\":\"https:\\\/\\\/www.veltec.eu\\\/wp-content\\\/uploads\\\/2021\\\/12\\\/Veltec-log-groot-e1537260889125.png\",\"contentUrl\":\"https:\\\/\\\/www.veltec.eu\\\/wp-content\\\/uploads\\\/2021\\\/12\\\/Veltec-log-groot-e1537260889125.png\",\"width\":200,\"height\":60,\"caption\":\"Veltec Kirby Specialist\"},\"image\":{\"@id\":\"https:\\\/\\\/www.veltec.eu\\\/en\\\/#\\\/schema\\\/logo\\\/image\\\/\"},\"sameAs\":[\"https:\\\/\\\/www.facebook.com\\\/Veltec-Kirby-Specialist-236746293374877\\\/\",\"https:\\\/\\\/www.youtube.com\\\/user\\\/VeltecService\"]}]}<\/script>\n<!-- \/ Yoast SEO Premium plugin. -->","yoast_head_json":{"title":"Cepillo Turbo Kirby re-acondicionadas - Veltec Kirby specialist","description":"Cepillo Turbo Kirby re-acondicionadas Veltec es el proveedor de las aspiradoras Kirby desde hace m\u00e1s de 25 a\u00f1os. Veltec Kirby","robots":{"index":"index","follow":"follow","max-snippet":"max-snippet:-1","max-image-preview":"max-image-preview:large","max-video-preview":"max-video-preview:-1"},"canonical":"https:\/\/www.veltec.eu\/nl\/product\/kirby-turbo-borstel-nl3127\/","og_locale":"es_ES","og_type":"article","og_title":"Cepillo Turbo Kirby re-acondicionadas","og_description":"Cepillo Turbo con motor, para una limpieza profunda de telas, como para sillas y bancos, alfombras para escaleras y tapicer\u00eda de coche.    En stock   Pedido antes de las 23:59, enviado ma\u00f1ana  &nbsp;","og_url":"https:\/\/www.veltec.eu\/nl\/product\/kirby-turbo-borstel-nl3127\/","og_site_name":"Veltec Kirby specialist","article_publisher":"https:\/\/www.facebook.com\/Veltec-Kirby-Specialist-236746293374877\/","article_modified_time":"2025-11-24T10:39:55+00:00","og_image":[{"width":300,"height":300,"url":"https:\/\/www.veltec.eu\/wp-content\/uploads\/2018\/10\/Kirby-turbobrush567.png","type":"image\/png"}],"twitter_card":"summary_large_image","twitter_misc":{"Tiempo de lectura":"3 minutos"},"schema":{"@context":"https:\/\/schema.org","@graph":[{"@type":"WebPage","@id":"https:\/\/www.veltec.eu\/nl\/product\/kirby-turbo-borstel-nl3127\/","url":"https:\/\/www.veltec.eu\/nl\/product\/kirby-turbo-borstel-nl3127\/","name":"Cepillo Turbo Kirby re-acondicionadas - Veltec Kirby specialist","isPartOf":{"@id":"https:\/\/www.veltec.eu\/en\/#website"},"primaryImageOfPage":{"@id":"https:\/\/www.veltec.eu\/nl\/product\/kirby-turbo-borstel-nl3127\/#primaryimage"},"image":{"@id":"https:\/\/www.veltec.eu\/nl\/product\/kirby-turbo-borstel-nl3127\/#primaryimage"},"thumbnailUrl":"https:\/\/www.veltec.eu\/wp-content\/uploads\/2018\/10\/Kirby-turbobrush567.png","datePublished":"2018-10-22T11:46:26+00:00","dateModified":"2025-11-24T10:39:55+00:00","description":"Cepillo Turbo Kirby re-acondicionadas Veltec es el proveedor de las aspiradoras Kirby desde hace m\u00e1s de 25 a\u00f1os. Veltec Kirby","breadcrumb":{"@id":"https:\/\/www.veltec.eu\/nl\/product\/kirby-turbo-borstel-nl3127\/#breadcrumb"},"inLanguage":"es","potentialAction":[{"@type":"ReadAction","target":["https:\/\/www.veltec.eu\/nl\/product\/kirby-turbo-borstel-nl3127\/"]}]},{"@type":"ImageObject","inLanguage":"es","@id":"https:\/\/www.veltec.eu\/nl\/product\/kirby-turbo-borstel-nl3127\/#primaryimage","url":"https:\/\/www.veltec.eu\/wp-content\/uploads\/2018\/10\/Kirby-turbobrush567.png","contentUrl":"https:\/\/www.veltec.eu\/wp-content\/uploads\/2018\/10\/Kirby-turbobrush567.png","width":300,"height":300},{"@type":"BreadcrumbList","@id":"https:\/\/www.veltec.eu\/nl\/product\/kirby-turbo-borstel-nl3127\/#breadcrumb","itemListElement":[{"@type":"ListItem","position":1,"name":"Home","item":"https:\/\/www.veltec.eu\/es\/"},{"@type":"ListItem","position":2,"name":"Produits","item":"https:\/\/www.veltec.eu\/fr\/shop\/"},{"@type":"ListItem","position":3,"name":"Cepillo Turbo Kirby re-acondicionadas"}]},{"@type":"WebSite","@id":"https:\/\/www.veltec.eu\/en\/#website","url":"https:\/\/www.veltec.eu\/en\/","name":"Veltec Kirby specialist","description":"Kirby stofzuiger producten","publisher":{"@id":"https:\/\/www.veltec.eu\/en\/#organization"},"potentialAction":[{"@type":"SearchAction","target":{"@type":"EntryPoint","urlTemplate":"https:\/\/www.veltec.eu\/en\/?s={search_term_string}"},"query-input":{"@type":"PropertyValueSpecification","valueRequired":true,"valueName":"search_term_string"}}],"inLanguage":"es"},{"@type":"Organization","@id":"https:\/\/www.veltec.eu\/en\/#organization","name":"Veltec Kirby Specialist","url":"https:\/\/www.veltec.eu\/en\/","logo":{"@type":"ImageObject","inLanguage":"es","@id":"https:\/\/www.veltec.eu\/en\/#\/schema\/logo\/image\/","url":"https:\/\/www.veltec.eu\/wp-content\/uploads\/2021\/12\/Veltec-log-groot-e1537260889125.png","contentUrl":"https:\/\/www.veltec.eu\/wp-content\/uploads\/2021\/12\/Veltec-log-groot-e1537260889125.png","width":200,"height":60,"caption":"Veltec Kirby Specialist"},"image":{"@id":"https:\/\/www.veltec.eu\/en\/#\/schema\/logo\/image\/"},"sameAs":["https:\/\/www.facebook.com\/Veltec-Kirby-Specialist-236746293374877\/","https:\/\/www.youtube.com\/user\/VeltecService"]}]}},"_links":{"self":[{"href":"https:\/\/www.veltec.eu\/es\/wp-json\/wp\/v2\/product\/10903","targetHints":{"allow":["GET"]}}],"collection":[{"href":"https:\/\/www.veltec.eu\/es\/wp-json\/wp\/v2\/product"}],"about":[{"href":"https:\/\/www.veltec.eu\/es\/wp-json\/wp\/v2\/types\/product"}],"replies":[{"embeddable":true,"href":"https:\/\/www.veltec.eu\/es\/wp-json\/wp\/v2\/comments?post=10903"}],"wp:featuredmedia":[{"embeddable":true,"href":"https:\/\/www.veltec.eu\/es\/wp-json\/wp\/v2\/media\/86458"}],"wp:attachment":[{"href":"https:\/\/www.veltec.eu\/es\/wp-json\/wp\/v2\/media?parent=10903"}],"wp:term":[{"taxonomy":"product_brand","embeddable":true,"href":"https:\/\/www.veltec.eu\/es\/wp-json\/wp\/v2\/product_brand?post=10903"},{"taxonomy":"product_cat","embeddable":true,"href":"https:\/\/www.veltec.eu\/es\/wp-json\/wp\/v2\/product_cat?post=10903"},{"taxonomy":"product_tag","embeddable":true,"href":"https:\/\/www.veltec.eu\/es\/wp-json\/wp\/v2\/product_tag?post=10903"}],"curies":[{"name":"wp","href":"https:\/\/api.w.org\/{rel}","templated":true}]}}