{"id":10893,"date":"2018-10-22T13:57:30","date_gmt":"2018-10-22T11:57:30","guid":{"rendered":"https:\/\/www.veltec.eu\/kirby-webshop\/cepillo-rotor-turbo-kirby-nl3093\/"},"modified":"2025-11-24T12:32:01","modified_gmt":"2025-11-24T10:32:01","slug":"cepillo-rotor-turbo-kirby-nl3093","status":"publish","type":"product","link":"https:\/\/www.veltec.eu\/es\/product\/cepillo-rotor-turbo-kirby-nl3093\/","title":{"rendered":"Cepillo Rotor Turbo Kirby"},"content":{"rendered":"<h1>Cepillo Rotor Turbo Kirby<\/h1>\n<p>Cepillo Rotor Turbo Kirby, este es adecuado tanto para el viejo como para el nuevo cepillo Turbo.<\/p>\n<h2>Presentaci\u00f3n del Cepillo Rotor Turbo Kirby<\/h2>\n<p>Como orgulloso propietario de una aspiradora Kirby, usted sabe lo esencial que es mantener su aparato en las mejores condiciones. Uno de los componentes clave que garantiza una limpieza a fondo es el Rotor Kirby para turbocepillo. Situado en el interior del turbocepillo, este rotor desempe\u00f1a un papel crucial en la eficiencia y eficacia del turbocepillo Kirby.<\/p>\n<h3>La funci\u00f3n del rotor Kirby<\/h3>\n<p>El rotor del cepillo turbo est\u00e1 especialmente dise\u00f1ado para garantizar un rendimiento \u00f3ptimo de su aspiradora Kirby. El rotor garantiza que el turbocepillo gire eficazmente, eliminando sin esfuerzo la suciedad, el polvo y el pelo de diversas superficies. Esto significa que obtendr\u00e1 los m\u00e1ximos resultados al limpiar su hogar con el m\u00ednimo esfuerzo.<\/p>\n<h3>Ventajas de un rotor Kirby en buen estado<\/h3>\n<div class=\"flex-1 overflow-hidden\">\n<div class=\"h-full\">\n<div class=\"react-scroll-to-bottom--css-jsrur-79elbk h-full\">\n<div class=\"react-scroll-to-bottom--css-jsrur-1n7m0yu\">\n<div class=\"flex flex-col text-sm md:pb-9\">\n<div class=\"w-full text-token-text-primary\" dir=\"auto\" data-testid=\"conversation-turn-3\" data-scroll-anchor=\"true\">\n<div class=\"text-base py-[18px] px-3 md:px-4 m-auto md:px-5 lg:px-1 xl:px-5\">\n<div class=\"mx-auto flex flex-1 gap-4 text-base md:gap-5 lg:gap-6 md:max-w-3xl lg:max-w-[40rem] xl:max-w-[48rem]\">\n<div class=\"group\/conversation-turn relative flex w-full min-w-0 flex-col agent-turn\">\n<div class=\"flex-col gap-1 md:gap-3\">\n<div class=\"flex flex-grow flex-col max-w-full\">\n<div class=\"min-h-[20px] text-message flex w-full flex-col items-end gap-2 whitespace-pre-wrap break-words [.text-message+&amp;]:mt-5 overflow-x-auto\" dir=\"auto\" data-message-author-role=\"assistant\" data-message-id=\"bb767f65-21d0-4622-ad95-c1af5f6f3b66\">\n<div class=\"flex w-full flex-col gap-1 empty:hidden first:pt-[3px]\">\n<div class=\"markdown prose w-full break-words dark:prose-invert light\">\n<p><strong>Mayor eficacia<\/strong><\/p>\n<p>Con un rotor que funcione correctamente, la eficacia del turbocepillo mejora significativamente. El cepillo turbo gira suave y r\u00e1pidamente, recogiendo incluso la suciedad m\u00e1s dif\u00edcil sin esfuerzo. Esto garantiza que sus alfombras y muebles est\u00e9n siempre limpios y frescos.<\/p>\n<p><strong>Mayor vida \u00fatil de su aspiradora<\/strong><\/p>\n<p>Sustituir un rotor desgastado puede alargar la vida de su aspiradora Kirby. Al invertir en un nuevo Rotor para el Cepillo Turbo, evitar\u00e1 un desgaste innecesario y se asegurar\u00e1 de que su aparato dure a\u00f1os sin p\u00e9rdida de rendimiento.<\/p>\n<h3><strong>\u00bfPor qu\u00e9 elegir el Rotor <a href=\"https:\/\/www.veltec.eu\/es\/cepillo-turbo-kirby\/\">Kirby para Cepillo Turbo<\/a>?<\/strong><\/h3>\n<p><strong>Ajuste perfecto<\/strong><\/p>\n<p>Este rotor est\u00e1 especialmente dise\u00f1ado para el Turbo Cepillo Kirby y, por lo tanto, garantiza un ajuste perfecto. Esto significa que no tendr\u00e1 que perder tiempo ajustando o modificando piezas; el rotor encaja a la perfecci\u00f3n y garantiza una instalaci\u00f3n sin complicaciones.<\/p>\n<p><strong>Materiales de alta calidad<\/strong><\/p>\n<p>El rotor para Turbo Brush est\u00e1 fabricado con materiales de alta calidad que garantizan durabilidad y fiabilidad. Puede confiar en que este rotor resistir\u00e1 un uso intensivo y ofrecer\u00e1 un rendimiento duradero.<\/p>\n<h3>F\u00e1cil Instalaci\u00f3n<\/h3>\n<p>Gracias a su dise\u00f1o, el Rotor para Cepillo Turbo es f\u00e1cil de instalar. No necesita conocimientos especializados; con unos sencillos pasos, puede sustituir el rotor y devolver a su aspiradora su estado \u00f3ptimo.<\/p>\n<h3>Consejos para el mantenimiento y la sustituci\u00f3n<\/h3>\n<p>Para que su aspiradora Kirby funcione siempre a pleno rendimiento, es importante comprobar regularmente el rotor y sustituirlo si es necesario. Aqu\u00ed tiene algunos consejos que le ayudar\u00e1n:<\/p>\n<ul>\n<li>Comprobaci\u00f3n peri\u00f3dica: Compruebe el rotor al menos una vez al mes para ver si est\u00e1 desgastado o da\u00f1ado. Esto ayuda a identificar y solucionar los problemas a tiempo.<\/li>\n<li>Limpieza: Mantenga limpios el rotor y el cepillo del turbo limpi\u00e1ndolos regularmente del pelo y la suciedad acumulados. Esto prolonga la vida \u00fatil de las piezas y garantiza un mejor rendimiento.<\/li>\n<li>Sustituci\u00f3n: No espere demasiado para sustituir un rotor desgastado. En cuanto note una disminuci\u00f3n del rendimiento del turbocepillo, es el momento de instalar un rotor nuevo.<\/li>\n<\/ul>\n<h3>Conclusi\u00f3n<\/h3>\n<p>El rotor Kirby para turbocepillo es una pieza indispensable para mantener la potencia de limpieza y la eficacia de su aspiradora Kirby. Invertir en un nuevo rotor garantizar\u00e1 que su aparato est\u00e9 siempre en las mejores condiciones, lo que se traducir\u00e1 en un hogar m\u00e1s limpio y menos tiempo dedicado a la limpieza. Pida hoy mismo su Rotor Kirby para Cepillo Turbo y experimente la diferencia en potencia de limpieza y comodidad.<\/p>\n<\/div>\n<\/div>\n<\/div>\n<\/div>\n<\/div>\n<\/div>\n<\/div>\n<\/div>\n<\/div>\n<\/div>\n<\/div>\n<\/div>\n<\/div>\n<\/div>\n","protected":false},"excerpt":{"rendered":"<p>Rotor para el Cepillo Turbo.<\/p>\n[trustindex data-widget-id=48bbd87242952812953642309d4]\n<h3><span style=\"color: #008000;\"><br \/>\nEn stock<\/span><\/h3>\n[av_font_icon icon='ue812' font='entypo-fontello' style='' caption='' size='25px' position='left' color='#43ad66' link='' linktarget='' title_attr='' sonar_effect_effect='' sonar_effect_color='' sonar_effect_duration='1' sonar_effect_scale='' sonar_effect_opac='0.5' animation='' id='' custom_class='' template_class='' av_uid='' sc_version='1.0' admin_preview_bg=''][\/av_font_icon]\n<p><span style=\"color: #008000;\">Pedido antes de las 23:59, enviado ma\u00f1ana<\/span><\/p>\n<p>&nbsp;<\/p>\n","protected":false},"featured_media":86448,"comment_status":"open","ping_status":"closed","template":"","meta":[],"product_brand":[],"product_cat":[380],"product_tag":[],"class_list":{"0":"post-10893","1":"product","2":"type-product","3":"status-publish","4":"has-post-thumbnail","6":"product_cat-cepillo-turbo-kirby","7":"product_shipping_class-klein-es","9":"first","10":"instock","11":"taxable","12":"shipping-taxable","13":"purchasable","14":"product-type-simple"},"yoast_head":"<!-- This site is optimized with the Yoast SEO Premium plugin v27.1 (Yoast SEO v27.4) - https:\/\/yoast.com\/product\/yoast-seo-premium-wordpress\/ -->\n<title>Cepillo Rotor Turbo Kirby - Veltec Kirby specialist<\/title>\n<meta name=\"description\" content=\"Cepillo Rotor Turbo Kirby Veltec es el proveedor de las aspiradoras Kirby desde hace m\u00e1s de 20 a\u00f1os. Y es su especialista en servicio Kirby\" \/>\n<meta name=\"robots\" content=\"index, follow, max-snippet:-1, max-image-preview:large, max-video-preview:-1\" \/>\n<link rel=\"canonical\" href=\"https:\/\/www.veltec.eu\/es\/product\/cepillo-rotor-turbo-kirby-nl3093\/\" \/>\n<meta property=\"og:locale\" content=\"es_ES\" \/>\n<meta property=\"og:type\" content=\"article\" \/>\n<meta property=\"og:title\" content=\"Cepillo Rotor Turbo Kirby\" \/>\n<meta property=\"og:description\" content=\"Rotor para el Cepillo Turbo.    En stock   Pedido antes de las 23:59, enviado ma\u00f1ana  &nbsp;\" \/>\n<meta property=\"og:url\" content=\"https:\/\/www.veltec.eu\/es\/product\/cepillo-rotor-turbo-kirby-nl3093\/\" \/>\n<meta property=\"og:site_name\" content=\"Veltec Kirby specialist\" \/>\n<meta property=\"article:publisher\" content=\"https:\/\/www.facebook.com\/Veltec-Kirby-Specialist-236746293374877\/\" \/>\n<meta property=\"article:modified_time\" content=\"2025-11-24T10:32:01+00:00\" \/>\n<meta property=\"og:image\" content=\"https:\/\/www.veltec.eu\/wp-content\/uploads\/2018\/10\/Rotor-TB.png\" \/>\n\t<meta property=\"og:image:width\" content=\"500\" \/>\n\t<meta property=\"og:image:height\" content=\"500\" \/>\n\t<meta property=\"og:image:type\" content=\"image\/png\" \/>\n<meta name=\"twitter:card\" content=\"summary_large_image\" \/>\n<meta name=\"twitter:label1\" content=\"Tiempo de lectura\" \/>\n\t<meta name=\"twitter:data1\" content=\"3 minutos\" \/>\n<script type=\"application\/ld+json\" class=\"yoast-schema-graph\">{\"@context\":\"https:\\\/\\\/schema.org\",\"@graph\":[{\"@type\":\"WebPage\",\"@id\":\"https:\\\/\\\/www.veltec.eu\\\/es\\\/product\\\/cepillo-rotor-turbo-kirby-nl3093\\\/\",\"url\":\"https:\\\/\\\/www.veltec.eu\\\/es\\\/product\\\/cepillo-rotor-turbo-kirby-nl3093\\\/\",\"name\":\"Cepillo Rotor Turbo Kirby - Veltec Kirby specialist\",\"isPartOf\":{\"@id\":\"https:\\\/\\\/www.veltec.eu\\\/en\\\/#website\"},\"primaryImageOfPage\":{\"@id\":\"https:\\\/\\\/www.veltec.eu\\\/es\\\/product\\\/cepillo-rotor-turbo-kirby-nl3093\\\/#primaryimage\"},\"image\":{\"@id\":\"https:\\\/\\\/www.veltec.eu\\\/es\\\/product\\\/cepillo-rotor-turbo-kirby-nl3093\\\/#primaryimage\"},\"thumbnailUrl\":\"https:\\\/\\\/www.veltec.eu\\\/wp-content\\\/uploads\\\/2018\\\/10\\\/Rotor-TB.png\",\"datePublished\":\"2018-10-22T11:57:30+00:00\",\"dateModified\":\"2025-11-24T10:32:01+00:00\",\"description\":\"Cepillo Rotor Turbo Kirby Veltec es el proveedor de las aspiradoras Kirby desde hace m\u00e1s de 20 a\u00f1os. Y es su especialista en servicio Kirby\",\"breadcrumb\":{\"@id\":\"https:\\\/\\\/www.veltec.eu\\\/es\\\/product\\\/cepillo-rotor-turbo-kirby-nl3093\\\/#breadcrumb\"},\"inLanguage\":\"es\",\"potentialAction\":[{\"@type\":\"ReadAction\",\"target\":[\"https:\\\/\\\/www.veltec.eu\\\/es\\\/product\\\/cepillo-rotor-turbo-kirby-nl3093\\\/\"]}]},{\"@type\":\"ImageObject\",\"inLanguage\":\"es\",\"@id\":\"https:\\\/\\\/www.veltec.eu\\\/es\\\/product\\\/cepillo-rotor-turbo-kirby-nl3093\\\/#primaryimage\",\"url\":\"https:\\\/\\\/www.veltec.eu\\\/wp-content\\\/uploads\\\/2018\\\/10\\\/Rotor-TB.png\",\"contentUrl\":\"https:\\\/\\\/www.veltec.eu\\\/wp-content\\\/uploads\\\/2018\\\/10\\\/Rotor-TB.png\",\"width\":500,\"height\":500},{\"@type\":\"BreadcrumbList\",\"@id\":\"https:\\\/\\\/www.veltec.eu\\\/es\\\/product\\\/cepillo-rotor-turbo-kirby-nl3093\\\/#breadcrumb\",\"itemListElement\":[{\"@type\":\"ListItem\",\"position\":1,\"name\":\"Home\",\"item\":\"https:\\\/\\\/www.veltec.eu\\\/es\\\/\"},{\"@type\":\"ListItem\",\"position\":2,\"name\":\"Produits\",\"item\":\"https:\\\/\\\/www.veltec.eu\\\/fr\\\/shop\\\/\"},{\"@type\":\"ListItem\",\"position\":3,\"name\":\"Cepillo Rotor Turbo Kirby\"}]},{\"@type\":\"WebSite\",\"@id\":\"https:\\\/\\\/www.veltec.eu\\\/en\\\/#website\",\"url\":\"https:\\\/\\\/www.veltec.eu\\\/en\\\/\",\"name\":\"Veltec Kirby specialist\",\"description\":\"Kirby stofzuiger producten\",\"publisher\":{\"@id\":\"https:\\\/\\\/www.veltec.eu\\\/en\\\/#organization\"},\"potentialAction\":[{\"@type\":\"SearchAction\",\"target\":{\"@type\":\"EntryPoint\",\"urlTemplate\":\"https:\\\/\\\/www.veltec.eu\\\/en\\\/?s={search_term_string}\"},\"query-input\":{\"@type\":\"PropertyValueSpecification\",\"valueRequired\":true,\"valueName\":\"search_term_string\"}}],\"inLanguage\":\"es\"},{\"@type\":\"Organization\",\"@id\":\"https:\\\/\\\/www.veltec.eu\\\/en\\\/#organization\",\"name\":\"Veltec Kirby Specialist\",\"url\":\"https:\\\/\\\/www.veltec.eu\\\/en\\\/\",\"logo\":{\"@type\":\"ImageObject\",\"inLanguage\":\"es\",\"@id\":\"https:\\\/\\\/www.veltec.eu\\\/en\\\/#\\\/schema\\\/logo\\\/image\\\/\",\"url\":\"https:\\\/\\\/www.veltec.eu\\\/wp-content\\\/uploads\\\/2021\\\/12\\\/Veltec-log-groot-e1537260889125.png\",\"contentUrl\":\"https:\\\/\\\/www.veltec.eu\\\/wp-content\\\/uploads\\\/2021\\\/12\\\/Veltec-log-groot-e1537260889125.png\",\"width\":200,\"height\":60,\"caption\":\"Veltec Kirby Specialist\"},\"image\":{\"@id\":\"https:\\\/\\\/www.veltec.eu\\\/en\\\/#\\\/schema\\\/logo\\\/image\\\/\"},\"sameAs\":[\"https:\\\/\\\/www.facebook.com\\\/Veltec-Kirby-Specialist-236746293374877\\\/\",\"https:\\\/\\\/www.youtube.com\\\/user\\\/VeltecService\"]}]}<\/script>\n<!-- \/ Yoast SEO Premium plugin. -->","yoast_head_json":{"title":"Cepillo Rotor Turbo Kirby - Veltec Kirby specialist","description":"Cepillo Rotor Turbo Kirby Veltec es el proveedor de las aspiradoras Kirby desde hace m\u00e1s de 20 a\u00f1os. Y es su especialista en servicio Kirby","robots":{"index":"index","follow":"follow","max-snippet":"max-snippet:-1","max-image-preview":"max-image-preview:large","max-video-preview":"max-video-preview:-1"},"canonical":"https:\/\/www.veltec.eu\/es\/product\/cepillo-rotor-turbo-kirby-nl3093\/","og_locale":"es_ES","og_type":"article","og_title":"Cepillo Rotor Turbo Kirby","og_description":"Rotor para el Cepillo Turbo.    En stock   Pedido antes de las 23:59, enviado ma\u00f1ana  &nbsp;","og_url":"https:\/\/www.veltec.eu\/es\/product\/cepillo-rotor-turbo-kirby-nl3093\/","og_site_name":"Veltec Kirby specialist","article_publisher":"https:\/\/www.facebook.com\/Veltec-Kirby-Specialist-236746293374877\/","article_modified_time":"2025-11-24T10:32:01+00:00","og_image":[{"width":500,"height":500,"url":"https:\/\/www.veltec.eu\/wp-content\/uploads\/2018\/10\/Rotor-TB.png","type":"image\/png"}],"twitter_card":"summary_large_image","twitter_misc":{"Tiempo de lectura":"3 minutos"},"schema":{"@context":"https:\/\/schema.org","@graph":[{"@type":"WebPage","@id":"https:\/\/www.veltec.eu\/es\/product\/cepillo-rotor-turbo-kirby-nl3093\/","url":"https:\/\/www.veltec.eu\/es\/product\/cepillo-rotor-turbo-kirby-nl3093\/","name":"Cepillo Rotor Turbo Kirby - Veltec Kirby specialist","isPartOf":{"@id":"https:\/\/www.veltec.eu\/en\/#website"},"primaryImageOfPage":{"@id":"https:\/\/www.veltec.eu\/es\/product\/cepillo-rotor-turbo-kirby-nl3093\/#primaryimage"},"image":{"@id":"https:\/\/www.veltec.eu\/es\/product\/cepillo-rotor-turbo-kirby-nl3093\/#primaryimage"},"thumbnailUrl":"https:\/\/www.veltec.eu\/wp-content\/uploads\/2018\/10\/Rotor-TB.png","datePublished":"2018-10-22T11:57:30+00:00","dateModified":"2025-11-24T10:32:01+00:00","description":"Cepillo Rotor Turbo Kirby Veltec es el proveedor de las aspiradoras Kirby desde hace m\u00e1s de 20 a\u00f1os. Y es su especialista en servicio Kirby","breadcrumb":{"@id":"https:\/\/www.veltec.eu\/es\/product\/cepillo-rotor-turbo-kirby-nl3093\/#breadcrumb"},"inLanguage":"es","potentialAction":[{"@type":"ReadAction","target":["https:\/\/www.veltec.eu\/es\/product\/cepillo-rotor-turbo-kirby-nl3093\/"]}]},{"@type":"ImageObject","inLanguage":"es","@id":"https:\/\/www.veltec.eu\/es\/product\/cepillo-rotor-turbo-kirby-nl3093\/#primaryimage","url":"https:\/\/www.veltec.eu\/wp-content\/uploads\/2018\/10\/Rotor-TB.png","contentUrl":"https:\/\/www.veltec.eu\/wp-content\/uploads\/2018\/10\/Rotor-TB.png","width":500,"height":500},{"@type":"BreadcrumbList","@id":"https:\/\/www.veltec.eu\/es\/product\/cepillo-rotor-turbo-kirby-nl3093\/#breadcrumb","itemListElement":[{"@type":"ListItem","position":1,"name":"Home","item":"https:\/\/www.veltec.eu\/es\/"},{"@type":"ListItem","position":2,"name":"Produits","item":"https:\/\/www.veltec.eu\/fr\/shop\/"},{"@type":"ListItem","position":3,"name":"Cepillo Rotor Turbo Kirby"}]},{"@type":"WebSite","@id":"https:\/\/www.veltec.eu\/en\/#website","url":"https:\/\/www.veltec.eu\/en\/","name":"Veltec Kirby specialist","description":"Kirby stofzuiger producten","publisher":{"@id":"https:\/\/www.veltec.eu\/en\/#organization"},"potentialAction":[{"@type":"SearchAction","target":{"@type":"EntryPoint","urlTemplate":"https:\/\/www.veltec.eu\/en\/?s={search_term_string}"},"query-input":{"@type":"PropertyValueSpecification","valueRequired":true,"valueName":"search_term_string"}}],"inLanguage":"es"},{"@type":"Organization","@id":"https:\/\/www.veltec.eu\/en\/#organization","name":"Veltec Kirby Specialist","url":"https:\/\/www.veltec.eu\/en\/","logo":{"@type":"ImageObject","inLanguage":"es","@id":"https:\/\/www.veltec.eu\/en\/#\/schema\/logo\/image\/","url":"https:\/\/www.veltec.eu\/wp-content\/uploads\/2021\/12\/Veltec-log-groot-e1537260889125.png","contentUrl":"https:\/\/www.veltec.eu\/wp-content\/uploads\/2021\/12\/Veltec-log-groot-e1537260889125.png","width":200,"height":60,"caption":"Veltec Kirby Specialist"},"image":{"@id":"https:\/\/www.veltec.eu\/en\/#\/schema\/logo\/image\/"},"sameAs":["https:\/\/www.facebook.com\/Veltec-Kirby-Specialist-236746293374877\/","https:\/\/www.youtube.com\/user\/VeltecService"]}]}},"_links":{"self":[{"href":"https:\/\/www.veltec.eu\/es\/wp-json\/wp\/v2\/product\/10893","targetHints":{"allow":["GET"]}}],"collection":[{"href":"https:\/\/www.veltec.eu\/es\/wp-json\/wp\/v2\/product"}],"about":[{"href":"https:\/\/www.veltec.eu\/es\/wp-json\/wp\/v2\/types\/product"}],"replies":[{"embeddable":true,"href":"https:\/\/www.veltec.eu\/es\/wp-json\/wp\/v2\/comments?post=10893"}],"wp:featuredmedia":[{"embeddable":true,"href":"https:\/\/www.veltec.eu\/es\/wp-json\/wp\/v2\/media\/86448"}],"wp:attachment":[{"href":"https:\/\/www.veltec.eu\/es\/wp-json\/wp\/v2\/media?parent=10893"}],"wp:term":[{"taxonomy":"product_brand","embeddable":true,"href":"https:\/\/www.veltec.eu\/es\/wp-json\/wp\/v2\/product_brand?post=10893"},{"taxonomy":"product_cat","embeddable":true,"href":"https:\/\/www.veltec.eu\/es\/wp-json\/wp\/v2\/product_cat?post=10893"},{"taxonomy":"product_tag","embeddable":true,"href":"https:\/\/www.veltec.eu\/es\/wp-json\/wp\/v2\/product_tag?post=10893"}],"curies":[{"name":"wp","href":"https:\/\/api.w.org\/{rel}","templated":true}]}}