{"id":10888,"date":"2018-10-22T14:14:39","date_gmt":"2018-10-22T12:14:39","guid":{"rendered":"https:\/\/www.veltec.eu\/kirby-webshop\/estuche-vacio-para-cepillo-turbo-kirby-nl3071\/"},"modified":"2024-12-05T16:58:16","modified_gmt":"2024-12-05T14:58:16","slug":"estuche-vacio-para-cepillo-turbo-kirby-nl3071","status":"publish","type":"product","link":"https:\/\/www.veltec.eu\/es\/product\/estuche-vacio-para-cepillo-turbo-kirby-nl3071\/","title":{"rendered":"Estuche Vac\u00edo para Cepillo Turbo Kirby"},"content":{"rendered":"<div class=\"flex-1 overflow-hidden\">\n<div class=\"h-full\">\n<div class=\"react-scroll-to-bottom--css-jsrur-79elbk h-full\">\n<div class=\"react-scroll-to-bottom--css-jsrur-1n7m0yu\">\n<div class=\"flex flex-col text-sm md:pb-9\">\n<div class=\"w-full text-token-text-primary\" dir=\"auto\" data-testid=\"conversation-turn-3\" data-scroll-anchor=\"true\">\n<div class=\"text-base py-[18px] px-3 md:px-4 m-auto md:px-5 lg:px-1 xl:px-5\">\n<div class=\"mx-auto flex flex-1 gap-4 text-base md:gap-5 lg:gap-6 md:max-w-3xl lg:max-w-[40rem] xl:max-w-[48rem]\">\n<div class=\"group\/conversation-turn relative flex w-full min-w-0 flex-col agent-turn\">\n<div class=\"flex-col gap-1 md:gap-3\">\n<div class=\"flex flex-grow flex-col max-w-full\">\n<div class=\"min-h-[20px] text-message flex w-full flex-col items-end gap-2 whitespace-pre-wrap break-words [.text-message+&amp;]:mt-5 overflow-x-auto\" dir=\"auto\" data-message-author-role=\"assistant\" data-message-id=\"1a4fba8c-e884-4dd0-a736-ba3edbc40dd9\">\n<div class=\"flex w-full flex-col gap-1 empty:hidden first:pt-[3px]\">\n<div class=\"markdown prose w-full break-words dark:prose-invert light\">\n<h2>Descubra el Estuche Vac\u00edo para Cepillo Turbo Kirby: un accesorio imprescindible para su aspiradora<\/h2>\n<p>\u00bfEst\u00e1 buscando el complemento perfecto para su aspiradora Kirby? No busque m\u00e1s. El Estuche Vac\u00edo para Cepillo Turbo Kirby es exactamente lo que necesita para llevar su experiencia de limpieza al siguiente nivel. Dise\u00f1ado espec\u00edficamente para sacar el m\u00e1ximo partido a su aspiradora, este accesorio de alta calidad ofrece numerosas ventajas que har\u00e1n que su rutina de limpieza sea mucho m\u00e1s eficiente y eficaz.<\/p>\n<h2>\u00bfQu\u00e9 es un Estuche Vac\u00edo para Cepillo Turbo Kirby?<\/h2>\n<p>El soporte vac\u00edo es un accesorio vers\u00e1til dise\u00f1ado espec\u00edficamente para el turbocepillo Kirby. Con este cepillo turbo, puede eliminar f\u00e1cil y completamente la suciedad, el polvo y el pelo de varias superficies. El cepillo est\u00e1 equipado con potentes cepillos giratorios que penetran profundamente en la alfombra, sin dar ninguna oportunidad ni siquiera a la suciedad m\u00e1s persistente. Adem\u00e1s, utilizar el cepillo turbo es extremadamente f\u00e1cil, lo que le permitir\u00e1 mantener su hogar limpio y fresco sin esfuerzo.<\/p>\n<h3>Caracter\u00edsticas principales del Estuche Vac\u00edo para Cepillo Turbo Kirby<\/h3>\n<ul>\n<li>Potentes cepillos giratorios: El cepillo turbo cuenta con potentes cepillos giratorios que aflojan y aspiran eficazmente la suciedad y el polvo.<\/li>\n<li>Apto para m\u00faltiples superficies: Tanto si desea limpiar alfombras, moquetas, suelos duros o tapicer\u00edas, este cepillo puede con todo.<\/li>\n<li>F\u00e1cil Instalaci\u00f3n: El Cepillo Turbo Kirby Empty Holder es f\u00e1cil de acoplar a su aspiradora Kirby, lo que le permite empezar a trabajar r\u00e1pidamente.<\/li>\n<li>Duradero y fiable: Fabricado con materiales de alta calidad, este cepillo ofrece un rendimiento y fiabilidad duraderos.<\/li>\n<\/ul>\n<h3>\u00bfPor qu\u00e9 elegir el Cepillo Turbo?<\/h3>\n<p>Hay muchas razones por las que el Soporte Vac\u00edo es una excelente elecci\u00f3n para sus necesidades de limpieza. En primer lugar, el cepillo turbo hace que su aspiradora funcione con mayor eficacia. Esto significa que tendr\u00e1 que dedicar menos tiempo a la limpieza y, aun as\u00ed, conseguir\u00e1 un resultado m\u00e1s exhaustivo. Adem\u00e1s, el cepillo es especialmente eficaz para eliminar el pelo de los animales dom\u00e9sticos, lo que resulta ideal para los hogares con mascotas.<\/p>\n<h3>Ventajas del <a href=\"https:\/\/www.veltec.eu\/es\/cepillo-turbo-kirby\/\">Cepillo Turbo Kirby<\/a><\/h3>\n<ul>\n<li>Limpieza m\u00e1s eficaz: Los potentes cepillos le permiten limpiar m\u00e1s r\u00e1pida y eficazmente.<\/li>\n<li>Menos tiempo y esfuerzo: El cepillo turbo le quita mucho trabajo de encima, dej\u00e1ndole m\u00e1s tiempo para otras ocupaciones.<\/li>\n<li>Adecuado para al\u00e9rgicos: El cepillo ayuda a reducir el polvo y los al\u00e9rgenos en su hogar, mejorando la calidad del aire.<\/li>\n<li>Potencia de succi\u00f3n mejorada: Su aspiradora funciona mejor con este cepillo, eliminando la suciedad m\u00e1s r\u00e1pida y eficazmente.<\/li>\n<\/ul>\n<h3>Modo de empleo<\/h3>\n<p>Utilizar el Cepillo Vaciador Kirby es sencillo e intuitivo. Siga estos pasos para sacar el m\u00e1ximo partido a su cepillo:<\/p>\n<ul>\n<li>Colocar: Coloque el rotor Kirby y el anillo exterior en el soporte vac\u00edo del cepillo Turbo.<\/li>\n<li>Elija el soporte vac\u00edo adecuado: Este soporte s\u00f3lo es adecuado para el nuevo cepillo turbo Kirby.<\/li>\n<li>Mantenimiento y limpieza: Despu\u00e9s del uso, simplemente desmonte y limpie el cepillo para asegurarse de que sigue funcionando de forma \u00f3ptima.<\/li>\n<\/ul>\n<h3>Consejos para un uso \u00f3ptimo<\/h3>\n<ul>\n<li>Mantenimiento regular: Aseg\u00farese de limpiar el cepillo con regularidad para evitar la acumulaci\u00f3n de suciedad y pelos.<\/li>\n<li>Ajustes adecuados: Utilice los ajustes adecuados en su aspiradora para obtener los mejores resultados en diferentes superficies.<\/li>\n<li>Guardar en un lugar seco: Guarde el cepillo en un lugar seco para prolongar su vida \u00fatil y evitar da\u00f1os.<\/li>\n<\/ul>\n<h3>Conclusi\u00f3n: El complemento perfecto para su aspiradora Kirby<\/h3>\n<p>El Cepillo Turbo con Soporte Vac\u00edo Kirby es un accesorio esencial para cualquiera que desee limpiar su hogar a fondo y de forma eficiente. Con sus potentes cepillos giratorios, su versatilidad y su facilidad de uso, este cepillo es un valioso complemento para su arsenal de limpieza. No espere m\u00e1s y experimente por s\u00ed mismo las ventajas del Cepillo Turbo Kirby con Soporte Vac\u00edo: \u00a1su hogar nunca se habr\u00e1 sentido tan limpio y fresco!<\/p>\n<\/div>\n<\/div>\n<\/div>\n<\/div>\n<\/div>\n<\/div>\n<\/div>\n<\/div>\n<\/div>\n<\/div>\n<\/div>\n<\/div>\n<\/div>\n<\/div>\n","protected":false},"excerpt":{"rendered":"<p>Estuche vac\u00edo para el cepillo turbo.<\/p>\n[trustindex data-widget-id=48bbd87242952812953642309d4]\n<h3><span style=\"color: #008000;\"><br \/>\nEn stock<\/span><\/h3>\n[av_font_icon icon='ue812' font='entypo-fontello' style='' caption='' size='25px' position='left' color='#43ad66' link='' linktarget='' title_attr='' sonar_effect_effect='' sonar_effect_color='' sonar_effect_duration='1' sonar_effect_scale='' sonar_effect_opac='0.5' animation='' id='' custom_class='' template_class='' av_uid='' sc_version='1.0' admin_preview_bg=''][\/av_font_icon]\n<p><span style=\"color: #008000;\">Pedido antes de las 23:59, enviado ma\u00f1ana<\/span><\/p>\n<p>&nbsp;<\/p>\n","protected":false},"featured_media":7647,"comment_status":"open","ping_status":"closed","template":"","meta":[],"product_brand":[],"product_cat":[380],"product_tag":[],"class_list":{"0":"post-10888","1":"product","2":"type-product","3":"status-publish","4":"has-post-thumbnail","6":"product_cat-cepillo-turbo-kirby","7":"product_shipping_class-klein-es","9":"first","10":"instock","11":"taxable","12":"shipping-taxable","13":"purchasable","14":"product-type-simple"},"yoast_head":"<!-- This site is optimized with the Yoast SEO Premium plugin v27.1 (Yoast SEO v27.4) - https:\/\/yoast.com\/product\/yoast-seo-premium-wordpress\/ -->\n<title>Estuche Vac\u00edo para Cepillo Turbo Kirby - Veltec Kirby specialist<\/title>\n<meta name=\"description\" content=\"Estuche Vac\u00edo para Cepillo Turbo Kirby Veltec es el proveedor de las aspiradoras Kirby desde hace m\u00e1s de 25 a\u00f1os. Especialista Veltec Kirby.\" \/>\n<meta name=\"robots\" content=\"index, follow, max-snippet:-1, max-image-preview:large, max-video-preview:-1\" \/>\n<link rel=\"canonical\" href=\"https:\/\/www.veltec.eu\/nl\/product\/kirby-lege-houder-turbo-borstel-nl3071\/\" \/>\n<meta property=\"og:locale\" content=\"es_ES\" \/>\n<meta property=\"og:type\" content=\"article\" \/>\n<meta property=\"og:title\" content=\"Estuche Vac\u00edo para Cepillo Turbo Kirby\" \/>\n<meta property=\"og:description\" content=\"Estuche vac\u00edo para el cepillo turbo.    En stock   Pedido antes de las 23:59, enviado ma\u00f1ana  &nbsp;\" \/>\n<meta property=\"og:url\" content=\"https:\/\/www.veltec.eu\/nl\/product\/kirby-lege-houder-turbo-borstel-nl3071\/\" \/>\n<meta property=\"og:site_name\" content=\"Veltec Kirby specialist\" \/>\n<meta property=\"article:publisher\" content=\"https:\/\/www.facebook.com\/Veltec-Kirby-Specialist-236746293374877\/\" \/>\n<meta property=\"article:modified_time\" content=\"2024-12-05T14:58:16+00:00\" \/>\n<meta property=\"og:image\" content=\"https:\/\/www.veltec.eu\/wp-content\/uploads\/2018\/10\/lege_huder_tb_1.jpg\" \/>\n\t<meta property=\"og:image:width\" content=\"300\" \/>\n\t<meta property=\"og:image:height\" content=\"300\" \/>\n\t<meta property=\"og:image:type\" content=\"image\/jpeg\" \/>\n<meta name=\"twitter:card\" content=\"summary_large_image\" \/>\n<meta name=\"twitter:label1\" content=\"Tiempo de lectura\" \/>\n\t<meta name=\"twitter:data1\" content=\"4 minutos\" \/>\n<script type=\"application\/ld+json\" class=\"yoast-schema-graph\">{\"@context\":\"https:\\\/\\\/schema.org\",\"@graph\":[{\"@type\":\"WebPage\",\"@id\":\"https:\\\/\\\/www.veltec.eu\\\/nl\\\/product\\\/kirby-lege-houder-turbo-borstel-nl3071\\\/\",\"url\":\"https:\\\/\\\/www.veltec.eu\\\/nl\\\/product\\\/kirby-lege-houder-turbo-borstel-nl3071\\\/\",\"name\":\"Estuche Vac\u00edo para Cepillo Turbo Kirby - Veltec Kirby specialist\",\"isPartOf\":{\"@id\":\"https:\\\/\\\/www.veltec.eu\\\/en\\\/#website\"},\"primaryImageOfPage\":{\"@id\":\"https:\\\/\\\/www.veltec.eu\\\/nl\\\/product\\\/kirby-lege-houder-turbo-borstel-nl3071\\\/#primaryimage\"},\"image\":{\"@id\":\"https:\\\/\\\/www.veltec.eu\\\/nl\\\/product\\\/kirby-lege-houder-turbo-borstel-nl3071\\\/#primaryimage\"},\"thumbnailUrl\":\"https:\\\/\\\/www.veltec.eu\\\/wp-content\\\/uploads\\\/2018\\\/10\\\/lege_huder_tb_1.jpg\",\"datePublished\":\"2018-10-22T12:14:39+00:00\",\"dateModified\":\"2024-12-05T14:58:16+00:00\",\"description\":\"Estuche Vac\u00edo para Cepillo Turbo Kirby Veltec es el proveedor de las aspiradoras Kirby desde hace m\u00e1s de 25 a\u00f1os. Especialista Veltec Kirby.\",\"breadcrumb\":{\"@id\":\"https:\\\/\\\/www.veltec.eu\\\/nl\\\/product\\\/kirby-lege-houder-turbo-borstel-nl3071\\\/#breadcrumb\"},\"inLanguage\":\"es\",\"potentialAction\":[{\"@type\":\"ReadAction\",\"target\":[\"https:\\\/\\\/www.veltec.eu\\\/nl\\\/product\\\/kirby-lege-houder-turbo-borstel-nl3071\\\/\"]}]},{\"@type\":\"ImageObject\",\"inLanguage\":\"es\",\"@id\":\"https:\\\/\\\/www.veltec.eu\\\/nl\\\/product\\\/kirby-lege-houder-turbo-borstel-nl3071\\\/#primaryimage\",\"url\":\"https:\\\/\\\/www.veltec.eu\\\/wp-content\\\/uploads\\\/2018\\\/10\\\/lege_huder_tb_1.jpg\",\"contentUrl\":\"https:\\\/\\\/www.veltec.eu\\\/wp-content\\\/uploads\\\/2018\\\/10\\\/lege_huder_tb_1.jpg\",\"width\":300,\"height\":300},{\"@type\":\"BreadcrumbList\",\"@id\":\"https:\\\/\\\/www.veltec.eu\\\/nl\\\/product\\\/kirby-lege-houder-turbo-borstel-nl3071\\\/#breadcrumb\",\"itemListElement\":[{\"@type\":\"ListItem\",\"position\":1,\"name\":\"Home\",\"item\":\"https:\\\/\\\/www.veltec.eu\\\/es\\\/\"},{\"@type\":\"ListItem\",\"position\":2,\"name\":\"Produits\",\"item\":\"https:\\\/\\\/www.veltec.eu\\\/fr\\\/shop\\\/\"},{\"@type\":\"ListItem\",\"position\":3,\"name\":\"Estuche Vac\u00edo para Cepillo Turbo Kirby\"}]},{\"@type\":\"WebSite\",\"@id\":\"https:\\\/\\\/www.veltec.eu\\\/en\\\/#website\",\"url\":\"https:\\\/\\\/www.veltec.eu\\\/en\\\/\",\"name\":\"Veltec Kirby specialist\",\"description\":\"Kirby stofzuiger producten\",\"publisher\":{\"@id\":\"https:\\\/\\\/www.veltec.eu\\\/en\\\/#organization\"},\"potentialAction\":[{\"@type\":\"SearchAction\",\"target\":{\"@type\":\"EntryPoint\",\"urlTemplate\":\"https:\\\/\\\/www.veltec.eu\\\/en\\\/?s={search_term_string}\"},\"query-input\":{\"@type\":\"PropertyValueSpecification\",\"valueRequired\":true,\"valueName\":\"search_term_string\"}}],\"inLanguage\":\"es\"},{\"@type\":\"Organization\",\"@id\":\"https:\\\/\\\/www.veltec.eu\\\/en\\\/#organization\",\"name\":\"Veltec Kirby Specialist\",\"url\":\"https:\\\/\\\/www.veltec.eu\\\/en\\\/\",\"logo\":{\"@type\":\"ImageObject\",\"inLanguage\":\"es\",\"@id\":\"https:\\\/\\\/www.veltec.eu\\\/en\\\/#\\\/schema\\\/logo\\\/image\\\/\",\"url\":\"https:\\\/\\\/www.veltec.eu\\\/wp-content\\\/uploads\\\/2021\\\/12\\\/Veltec-log-groot-e1537260889125.png\",\"contentUrl\":\"https:\\\/\\\/www.veltec.eu\\\/wp-content\\\/uploads\\\/2021\\\/12\\\/Veltec-log-groot-e1537260889125.png\",\"width\":200,\"height\":60,\"caption\":\"Veltec Kirby Specialist\"},\"image\":{\"@id\":\"https:\\\/\\\/www.veltec.eu\\\/en\\\/#\\\/schema\\\/logo\\\/image\\\/\"},\"sameAs\":[\"https:\\\/\\\/www.facebook.com\\\/Veltec-Kirby-Specialist-236746293374877\\\/\",\"https:\\\/\\\/www.youtube.com\\\/user\\\/VeltecService\"]}]}<\/script>\n<!-- \/ Yoast SEO Premium plugin. -->","yoast_head_json":{"title":"Estuche Vac\u00edo para Cepillo Turbo Kirby - Veltec Kirby specialist","description":"Estuche Vac\u00edo para Cepillo Turbo Kirby Veltec es el proveedor de las aspiradoras Kirby desde hace m\u00e1s de 25 a\u00f1os. Especialista Veltec Kirby.","robots":{"index":"index","follow":"follow","max-snippet":"max-snippet:-1","max-image-preview":"max-image-preview:large","max-video-preview":"max-video-preview:-1"},"canonical":"https:\/\/www.veltec.eu\/nl\/product\/kirby-lege-houder-turbo-borstel-nl3071\/","og_locale":"es_ES","og_type":"article","og_title":"Estuche Vac\u00edo para Cepillo Turbo Kirby","og_description":"Estuche vac\u00edo para el cepillo turbo.    En stock   Pedido antes de las 23:59, enviado ma\u00f1ana  &nbsp;","og_url":"https:\/\/www.veltec.eu\/nl\/product\/kirby-lege-houder-turbo-borstel-nl3071\/","og_site_name":"Veltec Kirby specialist","article_publisher":"https:\/\/www.facebook.com\/Veltec-Kirby-Specialist-236746293374877\/","article_modified_time":"2024-12-05T14:58:16+00:00","og_image":[{"width":300,"height":300,"url":"https:\/\/www.veltec.eu\/wp-content\/uploads\/2018\/10\/lege_huder_tb_1.jpg","type":"image\/jpeg"}],"twitter_card":"summary_large_image","twitter_misc":{"Tiempo de lectura":"4 minutos"},"schema":{"@context":"https:\/\/schema.org","@graph":[{"@type":"WebPage","@id":"https:\/\/www.veltec.eu\/nl\/product\/kirby-lege-houder-turbo-borstel-nl3071\/","url":"https:\/\/www.veltec.eu\/nl\/product\/kirby-lege-houder-turbo-borstel-nl3071\/","name":"Estuche Vac\u00edo para Cepillo Turbo Kirby - Veltec Kirby specialist","isPartOf":{"@id":"https:\/\/www.veltec.eu\/en\/#website"},"primaryImageOfPage":{"@id":"https:\/\/www.veltec.eu\/nl\/product\/kirby-lege-houder-turbo-borstel-nl3071\/#primaryimage"},"image":{"@id":"https:\/\/www.veltec.eu\/nl\/product\/kirby-lege-houder-turbo-borstel-nl3071\/#primaryimage"},"thumbnailUrl":"https:\/\/www.veltec.eu\/wp-content\/uploads\/2018\/10\/lege_huder_tb_1.jpg","datePublished":"2018-10-22T12:14:39+00:00","dateModified":"2024-12-05T14:58:16+00:00","description":"Estuche Vac\u00edo para Cepillo Turbo Kirby Veltec es el proveedor de las aspiradoras Kirby desde hace m\u00e1s de 25 a\u00f1os. Especialista Veltec Kirby.","breadcrumb":{"@id":"https:\/\/www.veltec.eu\/nl\/product\/kirby-lege-houder-turbo-borstel-nl3071\/#breadcrumb"},"inLanguage":"es","potentialAction":[{"@type":"ReadAction","target":["https:\/\/www.veltec.eu\/nl\/product\/kirby-lege-houder-turbo-borstel-nl3071\/"]}]},{"@type":"ImageObject","inLanguage":"es","@id":"https:\/\/www.veltec.eu\/nl\/product\/kirby-lege-houder-turbo-borstel-nl3071\/#primaryimage","url":"https:\/\/www.veltec.eu\/wp-content\/uploads\/2018\/10\/lege_huder_tb_1.jpg","contentUrl":"https:\/\/www.veltec.eu\/wp-content\/uploads\/2018\/10\/lege_huder_tb_1.jpg","width":300,"height":300},{"@type":"BreadcrumbList","@id":"https:\/\/www.veltec.eu\/nl\/product\/kirby-lege-houder-turbo-borstel-nl3071\/#breadcrumb","itemListElement":[{"@type":"ListItem","position":1,"name":"Home","item":"https:\/\/www.veltec.eu\/es\/"},{"@type":"ListItem","position":2,"name":"Produits","item":"https:\/\/www.veltec.eu\/fr\/shop\/"},{"@type":"ListItem","position":3,"name":"Estuche Vac\u00edo para Cepillo Turbo Kirby"}]},{"@type":"WebSite","@id":"https:\/\/www.veltec.eu\/en\/#website","url":"https:\/\/www.veltec.eu\/en\/","name":"Veltec Kirby specialist","description":"Kirby stofzuiger producten","publisher":{"@id":"https:\/\/www.veltec.eu\/en\/#organization"},"potentialAction":[{"@type":"SearchAction","target":{"@type":"EntryPoint","urlTemplate":"https:\/\/www.veltec.eu\/en\/?s={search_term_string}"},"query-input":{"@type":"PropertyValueSpecification","valueRequired":true,"valueName":"search_term_string"}}],"inLanguage":"es"},{"@type":"Organization","@id":"https:\/\/www.veltec.eu\/en\/#organization","name":"Veltec Kirby Specialist","url":"https:\/\/www.veltec.eu\/en\/","logo":{"@type":"ImageObject","inLanguage":"es","@id":"https:\/\/www.veltec.eu\/en\/#\/schema\/logo\/image\/","url":"https:\/\/www.veltec.eu\/wp-content\/uploads\/2021\/12\/Veltec-log-groot-e1537260889125.png","contentUrl":"https:\/\/www.veltec.eu\/wp-content\/uploads\/2021\/12\/Veltec-log-groot-e1537260889125.png","width":200,"height":60,"caption":"Veltec Kirby Specialist"},"image":{"@id":"https:\/\/www.veltec.eu\/en\/#\/schema\/logo\/image\/"},"sameAs":["https:\/\/www.facebook.com\/Veltec-Kirby-Specialist-236746293374877\/","https:\/\/www.youtube.com\/user\/VeltecService"]}]}},"_links":{"self":[{"href":"https:\/\/www.veltec.eu\/es\/wp-json\/wp\/v2\/product\/10888","targetHints":{"allow":["GET"]}}],"collection":[{"href":"https:\/\/www.veltec.eu\/es\/wp-json\/wp\/v2\/product"}],"about":[{"href":"https:\/\/www.veltec.eu\/es\/wp-json\/wp\/v2\/types\/product"}],"replies":[{"embeddable":true,"href":"https:\/\/www.veltec.eu\/es\/wp-json\/wp\/v2\/comments?post=10888"}],"wp:featuredmedia":[{"embeddable":true,"href":"https:\/\/www.veltec.eu\/es\/wp-json\/wp\/v2\/media\/7647"}],"wp:attachment":[{"href":"https:\/\/www.veltec.eu\/es\/wp-json\/wp\/v2\/media?parent=10888"}],"wp:term":[{"taxonomy":"product_brand","embeddable":true,"href":"https:\/\/www.veltec.eu\/es\/wp-json\/wp\/v2\/product_brand?post=10888"},{"taxonomy":"product_cat","embeddable":true,"href":"https:\/\/www.veltec.eu\/es\/wp-json\/wp\/v2\/product_cat?post=10888"},{"taxonomy":"product_tag","embeddable":true,"href":"https:\/\/www.veltec.eu\/es\/wp-json\/wp\/v2\/product_tag?post=10888"}],"curies":[{"name":"wp","href":"https:\/\/api.w.org\/{rel}","templated":true}]}}